{"id":81834,"date":"2026-04-02T10:49:14","date_gmt":"2026-04-02T08:49:14","guid":{"rendered":"https:\/\/3d-edu.ch\/?post_type=product&#038;p=81834"},"modified":"2026-04-02T11:15:16","modified_gmt":"2026-04-02T09:15:16","slug":"cibles-de-positionnement-creaform-super-adhesif-kopie","status":"publish","type":"product","link":"https:\/\/3d-edu.ch\/fr\/boutique\/cibles-de-positionnement-creaform-super-adhesif-kopie\/","title":{"rendered":"3D-EDU 360 degr\u00e9s Target-Set (magn\u00e9tique) 6mm"},"content":{"rendered":"<h2>3D-EDU 360 degr\u00e9s Target-Set (magn\u00e9tique) 6mm<\/h2>\n<p><strong>Inclus dans la livraison :<\/strong><\/p>\n<ul>\n<li>1 bo\u00eete de 39 cibles de balayage<\/li>\n<\/ul>\n","protected":false},"excerpt":{"rendered":"<h2>3D-EDU 360 degr\u00e9s Target-Set (magn\u00e9tique) 6mm<\/h2>\n<div>39 cibles magn\u00e9tiques r\u00e9utilisables \u00e0 360 degr\u00e9s et hautement r\u00e9fl\u00e9chissantes, y compris une petite mallette. Compatible avec tous les syst\u00e8mes HandySCAN\/Peel3D 3D. <\/p>\n<\/div>\n<div><\/div>\n<div>Fini le positionnement fastidieux et les retouches chronophages lors de la num\u00e9risation 3D : Les Target Spheres que nous avons produites sont magn\u00e9tiques, faciles \u00e0 placer et vous permettent de num\u00e9riser des objets sous tous les angles. Chaque Target Spheres dispose de onze cibles blanches de 6 millim\u00e8tres de diam\u00e8tre chacune. Si vous utilisez les logiciels de nos partenaires Creaform et Peel 3D (Creaform.OS ou Peel CAD.Pro), les cibles sont automatiquement d\u00e9tect\u00e9es et supprim\u00e9es de vos donn\u00e9es de num\u00e9risation. Les espaces vides sont combl\u00e9s par le logiciel afin d&rsquo;obtenir un r\u00e9sultat homog\u00e8ne. Les 39 Target Spheres sont livr\u00e9es dans un bo\u00eetier compact et pratique. Commandez votre exemplaire d\u00e8s aujourd&rsquo;hui, simplifiez vos processus de travail et augmentez votre productivit\u00e9 gr\u00e2ce \u00e0 cette solution innovante.     <\/p>\n<\/div>\n<div><\/div>\n<div>L&rsquo;ensemble a \u00e9t\u00e9 fabriqu\u00e9 en interne par nos soins :<\/div>\n<div>Coffret&amp;Inlay : FDM (PLA)<\/div>\n<div>Sph\u00e8res cibles : SLS<a href=\"https:\/\/3d-edu.ch\/fr\/formlabs\/formlabs-sls-en-poudre\/#Nylon%2012\">(nylon 12<\/a>)<\/div>\n","protected":false},"featured_media":81840,"comment_status":"closed","ping_status":"closed","template":"","meta":[],"product_brand":[],"product_cat":[7907,8279],"product_tag":[10174,10173,8282,8283],"class_list":{"0":"post-81834","1":"product","2":"type-product","3":"status-publish","4":"has-post-thumbnail","6":"product_cat-accessoires-fr-2","7":"product_cat-peel-3d","8":"product_tag-cibles","9":"product_tag-creaform","10":"product_tag-peel-3","11":"product_tag-scanners-3d","13":"first","14":"instock","15":"taxable","16":"shipping-taxable","17":"purchasable","18":"product-type-simple"},"yoast_head":"<!-- This site is optimized with the Yoast SEO Premium plugin v27.4 (Yoast SEO v27.4) - https:\/\/yoast.com\/product\/yoast-seo-premium-wordpress\/ -->\n<title>3D-EDU 360 degr\u00e9s Target-Set (magn\u00e9tique) 6mm - 3D-EDU GmbH<\/title>\n<meta name=\"description\" content=\"39 cibles magn\u00e9tiques r\u00e9utilisables \u00e0 360 degr\u00e9s et hautement r\u00e9fl\u00e9chissantes, y compris une petite mallette. Compatible avec tous les syst\u00e8mes HandySCAN\/Peel3D 3D.\" \/>\n<meta name=\"robots\" content=\"index, follow, max-snippet:-1, max-image-preview:large, max-video-preview:-1\" \/>\n<link rel=\"canonical\" href=\"https:\/\/3d-edu.ch\/fr\/boutique\/cibles-de-positionnement-creaform-super-adhesif-kopie\/\" \/>\n<meta property=\"og:locale\" content=\"fr_FR\" \/>\n<meta property=\"og:type\" content=\"article\" \/>\n<meta property=\"og:title\" content=\"3D-EDU 360 degr\u00e9s Target-Set (magn\u00e9tique) 6mm\" \/>\n<meta property=\"og:description\" content=\"39 cibles magn\u00e9tiques r\u00e9utilisables \u00e0 360 degr\u00e9s et hautement r\u00e9fl\u00e9chissantes, y compris une petite mallette. Compatible avec tous les syst\u00e8mes HandySCAN\/Peel3D 3D.\" \/>\n<meta property=\"og:url\" content=\"https:\/\/3d-edu.ch\/fr\/boutique\/cibles-de-positionnement-creaform-super-adhesif-kopie\/\" \/>\n<meta property=\"og:site_name\" content=\"3D-EDU GmbH\" \/>\n<meta property=\"article:publisher\" content=\"https:\/\/www.facebook.com\/3d-educh-210277586064960\/\" \/>\n<meta property=\"article:modified_time\" content=\"2026-04-02T09:15:16+00:00\" \/>\n<meta property=\"og:image\" content=\"https:\/\/3d-edu.ch\/wp-content\/uploads\/2026\/04\/3D-EDU-Scanning-Targets-Creaform-peel3D.jpg\" \/>\n\t<meta property=\"og:image:width\" content=\"380\" \/>\n\t<meta property=\"og:image:height\" content=\"380\" \/>\n\t<meta property=\"og:image:type\" content=\"image\/jpeg\" \/>\n<meta name=\"twitter:card\" content=\"summary_large_image\" \/>\n<meta name=\"twitter:site\" content=\"@3d_edu_ch\" \/>\n<meta name=\"twitter:label1\" content=\"Prix\" \/>\n\t<meta name=\"twitter:data1\" content=\"577.00&nbsp;&#067;&#072;&#070; hors TVA\" \/>\n\t<meta name=\"twitter:label2\" content=\"Disponibilit\u00e9\" \/>\n\t<meta name=\"twitter:data2\" content=\"En stock\" \/>\n<script type=\"application\/ld+json\" class=\"yoast-schema-graph\">{\"@context\":\"https:\\\/\\\/schema.org\",\"@graph\":[{\"@type\":\"WebPage\",\"@id\":\"https:\\\/\\\/3d-edu.ch\\\/fr\\\/boutique\\\/cibles-de-positionnement-creaform-super-adhesif-kopie\\\/\",\"url\":\"https:\\\/\\\/3d-edu.ch\\\/fr\\\/boutique\\\/cibles-de-positionnement-creaform-super-adhesif-kopie\\\/\",\"name\":\"3D-EDU 360 degr\u00e9s Target-Set (magn\u00e9tique) 6mm - 3D-EDU GmbH\",\"isPartOf\":{\"@id\":\"https:\\\/\\\/3d-edu.ch\\\/fr\\\/#website\"},\"primaryImageOfPage\":{\"@id\":\"https:\\\/\\\/3d-edu.ch\\\/fr\\\/boutique\\\/cibles-de-positionnement-creaform-super-adhesif-kopie\\\/#primaryimage\"},\"image\":{\"@id\":\"https:\\\/\\\/3d-edu.ch\\\/fr\\\/boutique\\\/cibles-de-positionnement-creaform-super-adhesif-kopie\\\/#primaryimage\"},\"thumbnailUrl\":\"https:\\\/\\\/3d-edu.ch\\\/wp-content\\\/uploads\\\/2026\\\/04\\\/3D-EDU-Scanning-Targets-Creaform-peel3D.jpg\",\"datePublished\":\"2026-04-02T08:49:14+00:00\",\"dateModified\":\"2026-04-02T09:15:16+00:00\",\"description\":\"39 cibles magn\u00e9tiques r\u00e9utilisables \u00e0 360 degr\u00e9s et hautement r\u00e9fl\u00e9chissantes, y compris une petite mallette. Compatible avec tous les syst\u00e8mes HandySCAN\\\/Peel3D 3D.\",\"breadcrumb\":{\"@id\":\"https:\\\/\\\/3d-edu.ch\\\/fr\\\/boutique\\\/cibles-de-positionnement-creaform-super-adhesif-kopie\\\/#breadcrumb\"},\"inLanguage\":\"fr-FR\",\"potentialAction\":[{\"@type\":\"ReadAction\",\"target\":[\"https:\\\/\\\/3d-edu.ch\\\/fr\\\/boutique\\\/cibles-de-positionnement-creaform-super-adhesif-kopie\\\/\"]}]},{\"@type\":\"ImageObject\",\"inLanguage\":\"fr-FR\",\"@id\":\"https:\\\/\\\/3d-edu.ch\\\/fr\\\/boutique\\\/cibles-de-positionnement-creaform-super-adhesif-kopie\\\/#primaryimage\",\"url\":\"https:\\\/\\\/3d-edu.ch\\\/wp-content\\\/uploads\\\/2026\\\/04\\\/3D-EDU-Scanning-Targets-Creaform-peel3D.jpg\",\"contentUrl\":\"https:\\\/\\\/3d-edu.ch\\\/wp-content\\\/uploads\\\/2026\\\/04\\\/3D-EDU-Scanning-Targets-Creaform-peel3D.jpg\",\"width\":380,\"height\":380},{\"@type\":\"BreadcrumbList\",\"@id\":\"https:\\\/\\\/3d-edu.ch\\\/fr\\\/boutique\\\/cibles-de-positionnement-creaform-super-adhesif-kopie\\\/#breadcrumb\",\"itemListElement\":[{\"@type\":\"ListItem\",\"position\":1,\"name\":\"Accueil\",\"item\":\"https:\\\/\\\/3d-edu.ch\\\/fr\\\/\"},{\"@type\":\"ListItem\",\"position\":2,\"name\":\"Boutique\",\"item\":\"https:\\\/\\\/3d-edu.ch\\\/fr\\\/boutique\\\/\"},{\"@type\":\"ListItem\",\"position\":3,\"name\":\"3D-EDU 360 degr\u00e9s Target-Set (magn\u00e9tique) 6mm\"}]},{\"@type\":\"WebSite\",\"@id\":\"https:\\\/\\\/3d-edu.ch\\\/fr\\\/#website\",\"url\":\"https:\\\/\\\/3d-edu.ch\\\/fr\\\/\",\"name\":\"3D-EDU GmbH\",\"description\":\"Your Formlabs, UltiMaker and Raise3D Printer Support and Education Site in Switzerland. \\\/\\\/ Ihre Formlabs, UltiMaker and Raise3D Drucker Support und Bildungs Webseite der Schweiz.\",\"publisher\":{\"@id\":\"https:\\\/\\\/3d-edu.ch\\\/fr\\\/#organization\"},\"potentialAction\":[{\"@type\":\"SearchAction\",\"target\":{\"@type\":\"EntryPoint\",\"urlTemplate\":\"https:\\\/\\\/3d-edu.ch\\\/fr\\\/?s={search_term_string}\"},\"query-input\":{\"@type\":\"PropertyValueSpecification\",\"valueRequired\":true,\"valueName\":\"search_term_string\"}}],\"inLanguage\":\"fr-FR\"},{\"@type\":[\"Organization\",\"Place\",\"ElectronicsStore\"],\"@id\":\"https:\\\/\\\/3d-edu.ch\\\/fr\\\/#organization\",\"name\":\"3D-EDU GmbH\",\"url\":\"https:\\\/\\\/3d-edu.ch\\\/fr\\\/\",\"logo\":{\"@id\":\"https:\\\/\\\/3d-edu.ch\\\/fr\\\/boutique\\\/cibles-de-positionnement-creaform-super-adhesif-kopie\\\/#local-main-organization-logo\"},\"image\":{\"@id\":\"https:\\\/\\\/3d-edu.ch\\\/fr\\\/boutique\\\/cibles-de-positionnement-creaform-super-adhesif-kopie\\\/#local-main-organization-logo\"},\"sameAs\":[\"https:\\\/\\\/www.facebook.com\\\/3d-educh-210277586064960\\\/\",\"https:\\\/\\\/x.com\\\/3d_edu_ch\"],\"address\":{\"@id\":\"https:\\\/\\\/3d-edu.ch\\\/fr\\\/boutique\\\/cibles-de-positionnement-creaform-super-adhesif-kopie\\\/#local-main-place-address\"},\"geo\":{\"@type\":\"GeoCoordinates\",\"latitude\":\"47.38413\",\"longitude\":\"8.49812\"},\"telephone\":[\"+41 44 492 11 22\"],\"openingHoursSpecification\":[{\"@type\":\"OpeningHoursSpecification\",\"dayOfWeek\":[\"Monday\",\"Tuesday\",\"Wednesday\",\"Thursday\",\"Friday\"],\"opens\":\"08:30\",\"closes\":\"18:00\"},{\"@type\":\"OpeningHoursSpecification\",\"dayOfWeek\":[\"Saturday\",\"Sunday\"],\"opens\":\"00:00\",\"closes\":\"00:00\"}],\"email\":\"info@3d-edu.ch\",\"faxNumber\":\"+41 44 492 11 23\",\"vatID\":\"CHE-184.499.491 MWST\",\"priceRange\":\"$$$\",\"currenciesAccepted\":\"CHF\"},{\"@type\":\"PostalAddress\",\"@id\":\"https:\\\/\\\/3d-edu.ch\\\/fr\\\/boutique\\\/cibles-de-positionnement-creaform-super-adhesif-kopie\\\/#local-main-place-address\",\"streetAddress\":\"3D-EDU GmbH, Badenerstrasse 556\",\"addressLocality\":\"Z\u00fcrich\",\"postalCode\":\"8048\",\"addressRegion\":\"Z\u00fcrich\",\"addressCountry\":\"CH\"},{\"@type\":\"ImageObject\",\"inLanguage\":\"fr-FR\",\"@id\":\"https:\\\/\\\/3d-edu.ch\\\/fr\\\/boutique\\\/cibles-de-positionnement-creaform-super-adhesif-kopie\\\/#local-main-organization-logo\",\"url\":\"https:\\\/\\\/3d-edu.ch\\\/wp-content\\\/uploads\\\/2018\\\/10\\\/3d-drucker-makerbot-formlabs-professionelle-3d-drucker-e1546527990490.png\",\"contentUrl\":\"https:\\\/\\\/3d-edu.ch\\\/wp-content\\\/uploads\\\/2018\\\/10\\\/3d-drucker-makerbot-formlabs-professionelle-3d-drucker-e1546527990490.png\",\"width\":275,\"height\":80,\"caption\":\"3D-EDU GmbH\"}]}<\/script>\n<meta property=\"product:brand\" content=\"Accessoires\" \/>\n<meta property=\"product:price:amount\" content=\"577.00\" \/>\n<meta property=\"product:price:currency\" content=\"CHF\" \/>\n<meta property=\"og:availability\" content=\"instock\" \/>\n<meta property=\"product:availability\" content=\"instock\" \/>\n<meta property=\"product:retailer_item_id\" content=\"ACC-H3D-MAGTKIT-3DEDU\" \/>\n<meta property=\"product:condition\" content=\"new\" \/>\n<meta name=\"geo.placename\" content=\"Z\u00fcrich\" \/>\n<meta name=\"geo.position\" content=\"47.38413;8.49812\" \/>\n<meta name=\"geo.region\" content=\"Suisse\" \/>\n<!-- \/ Yoast SEO Premium plugin. -->","yoast_head_json":{"title":"3D-EDU 360 degr\u00e9s Target-Set (magn\u00e9tique) 6mm - 3D-EDU GmbH","description":"39 cibles magn\u00e9tiques r\u00e9utilisables \u00e0 360 degr\u00e9s et hautement r\u00e9fl\u00e9chissantes, y compris une petite mallette. Compatible avec tous les syst\u00e8mes HandySCAN\/Peel3D 3D.","robots":{"index":"index","follow":"follow","max-snippet":"max-snippet:-1","max-image-preview":"max-image-preview:large","max-video-preview":"max-video-preview:-1"},"canonical":"https:\/\/3d-edu.ch\/fr\/boutique\/cibles-de-positionnement-creaform-super-adhesif-kopie\/","og_locale":"fr_FR","og_type":"article","og_title":"3D-EDU 360 degr\u00e9s Target-Set (magn\u00e9tique) 6mm","og_description":"39 cibles magn\u00e9tiques r\u00e9utilisables \u00e0 360 degr\u00e9s et hautement r\u00e9fl\u00e9chissantes, y compris une petite mallette. Compatible avec tous les syst\u00e8mes HandySCAN\/Peel3D 3D.","og_url":"https:\/\/3d-edu.ch\/fr\/boutique\/cibles-de-positionnement-creaform-super-adhesif-kopie\/","og_site_name":"3D-EDU GmbH","article_publisher":"https:\/\/www.facebook.com\/3d-educh-210277586064960\/","article_modified_time":"2026-04-02T09:15:16+00:00","og_image":[{"width":380,"height":380,"url":"https:\/\/3d-edu.ch\/wp-content\/uploads\/2026\/04\/3D-EDU-Scanning-Targets-Creaform-peel3D.jpg","type":"image\/jpeg"}],"twitter_card":"summary_large_image","twitter_site":"@3d_edu_ch","twitter_misc":{"Prix":"577.00&nbsp;&#67;&#72;&#70; hors TVA","Disponibilit\u00e9":"En stock"},"schema":{"@context":"https:\/\/schema.org","@graph":[{"@type":"WebPage","@id":"https:\/\/3d-edu.ch\/fr\/boutique\/cibles-de-positionnement-creaform-super-adhesif-kopie\/","url":"https:\/\/3d-edu.ch\/fr\/boutique\/cibles-de-positionnement-creaform-super-adhesif-kopie\/","name":"3D-EDU 360 degr\u00e9s Target-Set (magn\u00e9tique) 6mm - 3D-EDU GmbH","isPartOf":{"@id":"https:\/\/3d-edu.ch\/fr\/#website"},"primaryImageOfPage":{"@id":"https:\/\/3d-edu.ch\/fr\/boutique\/cibles-de-positionnement-creaform-super-adhesif-kopie\/#primaryimage"},"image":{"@id":"https:\/\/3d-edu.ch\/fr\/boutique\/cibles-de-positionnement-creaform-super-adhesif-kopie\/#primaryimage"},"thumbnailUrl":"https:\/\/3d-edu.ch\/wp-content\/uploads\/2026\/04\/3D-EDU-Scanning-Targets-Creaform-peel3D.jpg","datePublished":"2026-04-02T08:49:14+00:00","dateModified":"2026-04-02T09:15:16+00:00","description":"39 cibles magn\u00e9tiques r\u00e9utilisables \u00e0 360 degr\u00e9s et hautement r\u00e9fl\u00e9chissantes, y compris une petite mallette. Compatible avec tous les syst\u00e8mes HandySCAN\/Peel3D 3D.","breadcrumb":{"@id":"https:\/\/3d-edu.ch\/fr\/boutique\/cibles-de-positionnement-creaform-super-adhesif-kopie\/#breadcrumb"},"inLanguage":"fr-FR","potentialAction":[{"@type":"ReadAction","target":["https:\/\/3d-edu.ch\/fr\/boutique\/cibles-de-positionnement-creaform-super-adhesif-kopie\/"]}]},{"@type":"ImageObject","inLanguage":"fr-FR","@id":"https:\/\/3d-edu.ch\/fr\/boutique\/cibles-de-positionnement-creaform-super-adhesif-kopie\/#primaryimage","url":"https:\/\/3d-edu.ch\/wp-content\/uploads\/2026\/04\/3D-EDU-Scanning-Targets-Creaform-peel3D.jpg","contentUrl":"https:\/\/3d-edu.ch\/wp-content\/uploads\/2026\/04\/3D-EDU-Scanning-Targets-Creaform-peel3D.jpg","width":380,"height":380},{"@type":"BreadcrumbList","@id":"https:\/\/3d-edu.ch\/fr\/boutique\/cibles-de-positionnement-creaform-super-adhesif-kopie\/#breadcrumb","itemListElement":[{"@type":"ListItem","position":1,"name":"Accueil","item":"https:\/\/3d-edu.ch\/fr\/"},{"@type":"ListItem","position":2,"name":"Boutique","item":"https:\/\/3d-edu.ch\/fr\/boutique\/"},{"@type":"ListItem","position":3,"name":"3D-EDU 360 degr\u00e9s Target-Set (magn\u00e9tique) 6mm"}]},{"@type":"WebSite","@id":"https:\/\/3d-edu.ch\/fr\/#website","url":"https:\/\/3d-edu.ch\/fr\/","name":"3D-EDU GmbH","description":"Your Formlabs, UltiMaker and Raise3D Printer Support and Education Site in Switzerland. \/\/ Ihre Formlabs, UltiMaker and Raise3D Drucker Support und Bildungs Webseite der Schweiz.","publisher":{"@id":"https:\/\/3d-edu.ch\/fr\/#organization"},"potentialAction":[{"@type":"SearchAction","target":{"@type":"EntryPoint","urlTemplate":"https:\/\/3d-edu.ch\/fr\/?s={search_term_string}"},"query-input":{"@type":"PropertyValueSpecification","valueRequired":true,"valueName":"search_term_string"}}],"inLanguage":"fr-FR"},{"@type":["Organization","Place","ElectronicsStore"],"@id":"https:\/\/3d-edu.ch\/fr\/#organization","name":"3D-EDU GmbH","url":"https:\/\/3d-edu.ch\/fr\/","logo":{"@id":"https:\/\/3d-edu.ch\/fr\/boutique\/cibles-de-positionnement-creaform-super-adhesif-kopie\/#local-main-organization-logo"},"image":{"@id":"https:\/\/3d-edu.ch\/fr\/boutique\/cibles-de-positionnement-creaform-super-adhesif-kopie\/#local-main-organization-logo"},"sameAs":["https:\/\/www.facebook.com\/3d-educh-210277586064960\/","https:\/\/x.com\/3d_edu_ch"],"address":{"@id":"https:\/\/3d-edu.ch\/fr\/boutique\/cibles-de-positionnement-creaform-super-adhesif-kopie\/#local-main-place-address"},"geo":{"@type":"GeoCoordinates","latitude":"47.38413","longitude":"8.49812"},"telephone":["+41 44 492 11 22"],"openingHoursSpecification":[{"@type":"OpeningHoursSpecification","dayOfWeek":["Monday","Tuesday","Wednesday","Thursday","Friday"],"opens":"08:30","closes":"18:00"},{"@type":"OpeningHoursSpecification","dayOfWeek":["Saturday","Sunday"],"opens":"00:00","closes":"00:00"}],"email":"info@3d-edu.ch","faxNumber":"+41 44 492 11 23","vatID":"CHE-184.499.491 MWST","priceRange":"$$$","currenciesAccepted":"CHF"},{"@type":"PostalAddress","@id":"https:\/\/3d-edu.ch\/fr\/boutique\/cibles-de-positionnement-creaform-super-adhesif-kopie\/#local-main-place-address","streetAddress":"3D-EDU GmbH, Badenerstrasse 556","addressLocality":"Z\u00fcrich","postalCode":"8048","addressRegion":"Z\u00fcrich","addressCountry":"CH"},{"@type":"ImageObject","inLanguage":"fr-FR","@id":"https:\/\/3d-edu.ch\/fr\/boutique\/cibles-de-positionnement-creaform-super-adhesif-kopie\/#local-main-organization-logo","url":"https:\/\/3d-edu.ch\/wp-content\/uploads\/2018\/10\/3d-drucker-makerbot-formlabs-professionelle-3d-drucker-e1546527990490.png","contentUrl":"https:\/\/3d-edu.ch\/wp-content\/uploads\/2018\/10\/3d-drucker-makerbot-formlabs-professionelle-3d-drucker-e1546527990490.png","width":275,"height":80,"caption":"3D-EDU GmbH"}]},"product_brand":"Accessoires","product_price_amount":"577.00","product_price_currency":"CHF","og_availability":"instock","product_availability":"instock","product_retailer_item_id":"ACC-H3D-MAGTKIT-3DEDU","product_condition":"new","geo.placename":"Z\u00fcrich","geo.position":{"lat":"47.38413","long":"8.49812"},"geo.region":"Suisse"},"_links":{"self":[{"href":"https:\/\/3d-edu.ch\/fr\/wp-json\/wp\/v2\/product\/81834","targetHints":{"allow":["GET"]}}],"collection":[{"href":"https:\/\/3d-edu.ch\/fr\/wp-json\/wp\/v2\/product"}],"about":[{"href":"https:\/\/3d-edu.ch\/fr\/wp-json\/wp\/v2\/types\/product"}],"replies":[{"embeddable":true,"href":"https:\/\/3d-edu.ch\/fr\/wp-json\/wp\/v2\/comments?post=81834"}],"wp:featuredmedia":[{"embeddable":true,"href":"https:\/\/3d-edu.ch\/fr\/wp-json\/wp\/v2\/media\/81840"}],"wp:attachment":[{"href":"https:\/\/3d-edu.ch\/fr\/wp-json\/wp\/v2\/media?parent=81834"}],"wp:term":[{"taxonomy":"product_brand","embeddable":true,"href":"https:\/\/3d-edu.ch\/fr\/wp-json\/wp\/v2\/product_brand?post=81834"},{"taxonomy":"product_cat","embeddable":true,"href":"https:\/\/3d-edu.ch\/fr\/wp-json\/wp\/v2\/product_cat?post=81834"},{"taxonomy":"product_tag","embeddable":true,"href":"https:\/\/3d-edu.ch\/fr\/wp-json\/wp\/v2\/product_tag?post=81834"}],"curies":[{"name":"wp","href":"https:\/\/api.w.org\/{rel}","templated":true}]}}