{"id":81649,"date":"2026-03-18T16:39:54","date_gmt":"2026-03-18T15:39:54","guid":{"rendered":"https:\/\/3d-edu.ch\/?post_type=product&#038;p=81649"},"modified":"2026-03-18T16:59:17","modified_gmt":"2026-03-18T15:59:17","slug":"carton-dimpression-raise3d-pour-e2-e2cf-pro2-pro3-kopie","status":"publish","type":"product","link":"https:\/\/3d-edu.ch\/fr\/boutique\/carton-dimpression-raise3d-pour-e2-e2cf-pro2-pro3-kopie\/","title":{"rendered":"Raise3D Printer Cart Pro2\/Pro3 Plus (\u00e0 partir d&rsquo;une machine de d\u00e9monstration)"},"content":{"rendered":"<h2>Raise3D Printer Cart Pro2\/Pro3 Plus (\u00e0 partir d&rsquo;une machine de d\u00e9monstration)<\/h2>\n<h3>Inclus dans la livraison<\/h3>\n<ul>\n<li>1x Raise3D Printer Cart Pro2\/Pro3 Plus (de la machine de d\u00e9monstration)<\/li>\n<\/ul>\n<p>&nbsp;<\/p>\n","protected":false},"excerpt":{"rendered":"<h2>Raise3D Printer Cart Pro2\/Pro3 Plus (\u00e0 partir d&rsquo;une machine de d\u00e9monstration)<\/h2>\n<p><strong><span style=\"color: #00a859;\">Carton d&rsquo;impression comme neuf, dont seules les roues ont \u00e9t\u00e9 remplac\u00e9es. Le film de protection est toujours pr\u00e9sent.  L&rsquo;exp\u00e9dition des palettes est prise en charge par 3D-EDU<\/span><\/strong><\/p>\n<p>Le chariot de Raise3D place la<a href=\"https:\/\/3d-edu.ch\/fr\/shop\/raise3d-pro-3\/\"> Raise 3D Pro3 Plus<\/a> et <a href=\"https:\/\/3d-edu.ch\/fr\/raise3d-e2-3\/\">la Raise 3D<\/a> Pro 2 Plus \u00e0 une hauteur de travail optimale. L&rsquo;espace de rangement et le tiroir \u00e0 outils permettent de stocker des filaments, des buildtaks, des outils et des accessoires \u00e0 port\u00e9e de main. Le chariot est \u00e9quip\u00e9 de freins de roues pour \u00e9viter qu&rsquo;il ne roule. <\/p>\n<p>Dimensions : 62,3 L x 96,5 H x 59,7 cm P.<\/p>\n","protected":false},"featured_media":66623,"comment_status":"closed","ping_status":"closed","template":"","meta":[],"product_brand":[],"product_cat":[7908,8079,7909,7875],"product_tag":[9091,8080],"class_list":{"0":"post-81649","1":"product","2":"type-product","3":"status-publish","4":"has-post-thumbnail","6":"product_cat-pieces-de-rechange-accessoires-fr","7":"product_cat-raise3d","8":"product_cat-serie-pro-3-fr","9":"product_cat-soldes-fr","10":"product_tag-carton-dimpression","11":"product_tag-raise3d","12":"product_shipping_class-livraison-gratuite","14":"first","15":"instock","16":"sale","17":"taxable","18":"shipping-taxable","19":"purchasable","20":"product-type-simple"},"yoast_head":"<!-- This site is optimized with the Yoast SEO Premium plugin v27.4 (Yoast SEO v27.4) - https:\/\/yoast.com\/product\/yoast-seo-premium-wordpress\/ -->\n<title>Raise3D Printer Cart Pro2\/Pro3 Plus (\u00e0 partir d&#039;une machine de d\u00e9monstration) %%page% commander en ligne - %%nom du site<\/title>\n<meta name=\"robots\" content=\"index, follow, max-snippet:-1, max-image-preview:large, max-video-preview:-1\" \/>\n<link rel=\"canonical\" href=\"https:\/\/3d-edu.ch\/fr\/boutique\/carton-dimpression-raise3d-pour-e2-e2cf-pro2-pro3-kopie\/\" \/>\n<meta property=\"og:locale\" content=\"fr_FR\" \/>\n<meta property=\"og:type\" content=\"article\" \/>\n<meta property=\"og:title\" content=\"Raise3D Printer Cart Pro2\/Pro3 Plus (\u00e0 partir d&#039;une machine de d\u00e9monstration)\" \/>\n<meta property=\"og:description\" content=\"Raise3D Printer Cart Pro2\/Pro3 Plus (\u00e0 partir d&#039;une machine de d\u00e9monstration) Carton d&#039;impression comme neuf, dont seules les roues ont \u00e9t\u00e9 remplac\u00e9es. Le film de protection est toujours pr\u00e9sent. L&#039;exp\u00e9dition des palettes est prise en charge par 3D-EDU Le chariot de Raise3D place la Raise 3D Pro3 Plus et la Raise 3D Pro 2 Plus \u00e0 une hauteur de travail optimale. L&#039;espace de rangement et le tiroir \u00e0 outils permettent de stocker des filaments, des buildtaks, des outils et des accessoires \u00e0 port\u00e9e de main. Le chariot est \u00e9quip\u00e9 de freins de roues pour \u00e9viter qu&#039;il ne roule.  Dimensions : 62,3 L x 96,5 H x 59,7 cm P.\" \/>\n<meta property=\"og:url\" content=\"https:\/\/3d-edu.ch\/fr\/boutique\/carton-dimpression-raise3d-pour-e2-e2cf-pro2-pro3-kopie\/\" \/>\n<meta property=\"og:site_name\" content=\"3D-EDU GmbH\" \/>\n<meta property=\"article:publisher\" content=\"https:\/\/www.facebook.com\/3d-educh-210277586064960\/\" \/>\n<meta property=\"article:modified_time\" content=\"2026-03-18T15:59:17+00:00\" \/>\n<meta property=\"og:image\" content=\"https:\/\/3d-edu.ch\/wp-content\/uploads\/2022\/10\/printer-cart-for-pro2-plus-pro3-plus-new-1.webp\" \/>\n\t<meta property=\"og:image:width\" content=\"380\" \/>\n\t<meta property=\"og:image:height\" content=\"380\" \/>\n\t<meta property=\"og:image:type\" content=\"image\/webp\" \/>\n<meta name=\"twitter:card\" content=\"summary_large_image\" \/>\n<meta name=\"twitter:site\" content=\"@3d_edu_ch\" \/>\n<meta name=\"twitter:label1\" content=\"Prix\" \/>\n\t<meta name=\"twitter:data1\" content=\"175.00&nbsp;&#067;&#072;&#070; hors TVA\" \/>\n\t<meta name=\"twitter:label2\" content=\"Disponibilit\u00e9\" \/>\n\t<meta name=\"twitter:data2\" content=\"En stock\" \/>\n<script type=\"application\/ld+json\" class=\"yoast-schema-graph\">{\"@context\":\"https:\\\/\\\/schema.org\",\"@graph\":[{\"@type\":\"WebPage\",\"@id\":\"https:\\\/\\\/3d-edu.ch\\\/fr\\\/boutique\\\/carton-dimpression-raise3d-pour-e2-e2cf-pro2-pro3-kopie\\\/\",\"url\":\"https:\\\/\\\/3d-edu.ch\\\/fr\\\/boutique\\\/carton-dimpression-raise3d-pour-e2-e2cf-pro2-pro3-kopie\\\/\",\"name\":\"Raise3D Printer Cart Pro2\\\/Pro3 Plus (\u00e0 partir d'une machine de d\u00e9monstration) %%page% commander en ligne - %%nom du site\",\"isPartOf\":{\"@id\":\"https:\\\/\\\/3d-edu.ch\\\/fr\\\/#website\"},\"primaryImageOfPage\":{\"@id\":\"https:\\\/\\\/3d-edu.ch\\\/fr\\\/boutique\\\/carton-dimpression-raise3d-pour-e2-e2cf-pro2-pro3-kopie\\\/#primaryimage\"},\"image\":{\"@id\":\"https:\\\/\\\/3d-edu.ch\\\/fr\\\/boutique\\\/carton-dimpression-raise3d-pour-e2-e2cf-pro2-pro3-kopie\\\/#primaryimage\"},\"thumbnailUrl\":\"https:\\\/\\\/3d-edu.ch\\\/wp-content\\\/uploads\\\/2022\\\/10\\\/printer-cart-for-pro2-plus-pro3-plus-new-1.webp\",\"datePublished\":\"2026-03-18T15:39:54+00:00\",\"dateModified\":\"2026-03-18T15:59:17+00:00\",\"breadcrumb\":{\"@id\":\"https:\\\/\\\/3d-edu.ch\\\/fr\\\/boutique\\\/carton-dimpression-raise3d-pour-e2-e2cf-pro2-pro3-kopie\\\/#breadcrumb\"},\"inLanguage\":\"fr-FR\",\"potentialAction\":[{\"@type\":\"ReadAction\",\"target\":[\"https:\\\/\\\/3d-edu.ch\\\/fr\\\/boutique\\\/carton-dimpression-raise3d-pour-e2-e2cf-pro2-pro3-kopie\\\/\"]}]},{\"@type\":\"ImageObject\",\"inLanguage\":\"fr-FR\",\"@id\":\"https:\\\/\\\/3d-edu.ch\\\/fr\\\/boutique\\\/carton-dimpression-raise3d-pour-e2-e2cf-pro2-pro3-kopie\\\/#primaryimage\",\"url\":\"https:\\\/\\\/3d-edu.ch\\\/wp-content\\\/uploads\\\/2022\\\/10\\\/printer-cart-for-pro2-plus-pro3-plus-new-1.webp\",\"contentUrl\":\"https:\\\/\\\/3d-edu.ch\\\/wp-content\\\/uploads\\\/2022\\\/10\\\/printer-cart-for-pro2-plus-pro3-plus-new-1.webp\",\"width\":380,\"height\":380,\"caption\":\"Printer Cart For Pro2 Plus Pro3 Plus New 1\"},{\"@type\":\"BreadcrumbList\",\"@id\":\"https:\\\/\\\/3d-edu.ch\\\/fr\\\/boutique\\\/carton-dimpression-raise3d-pour-e2-e2cf-pro2-pro3-kopie\\\/#breadcrumb\",\"itemListElement\":[{\"@type\":\"ListItem\",\"position\":1,\"name\":\"Accueil\",\"item\":\"https:\\\/\\\/3d-edu.ch\\\/fr\\\/\"},{\"@type\":\"ListItem\",\"position\":2,\"name\":\"Boutique\",\"item\":\"https:\\\/\\\/3d-edu.ch\\\/fr\\\/boutique\\\/\"},{\"@type\":\"ListItem\",\"position\":3,\"name\":\"Raise3D Printer Cart Pro2\\\/Pro3 Plus (\u00e0 partir d&rsquo;une machine de d\u00e9monstration)\"}]},{\"@type\":\"WebSite\",\"@id\":\"https:\\\/\\\/3d-edu.ch\\\/fr\\\/#website\",\"url\":\"https:\\\/\\\/3d-edu.ch\\\/fr\\\/\",\"name\":\"3D-EDU GmbH\",\"description\":\"Your Formlabs, UltiMaker and Raise3D Printer Support and Education Site in Switzerland. \\\/\\\/ Ihre Formlabs, UltiMaker and Raise3D Drucker Support und Bildungs Webseite der Schweiz.\",\"publisher\":{\"@id\":\"https:\\\/\\\/3d-edu.ch\\\/fr\\\/#organization\"},\"potentialAction\":[{\"@type\":\"SearchAction\",\"target\":{\"@type\":\"EntryPoint\",\"urlTemplate\":\"https:\\\/\\\/3d-edu.ch\\\/fr\\\/?s={search_term_string}\"},\"query-input\":{\"@type\":\"PropertyValueSpecification\",\"valueRequired\":true,\"valueName\":\"search_term_string\"}}],\"inLanguage\":\"fr-FR\"},{\"@type\":[\"Organization\",\"Place\",\"ElectronicsStore\"],\"@id\":\"https:\\\/\\\/3d-edu.ch\\\/fr\\\/#organization\",\"name\":\"3D-EDU GmbH\",\"url\":\"https:\\\/\\\/3d-edu.ch\\\/fr\\\/\",\"logo\":{\"@id\":\"https:\\\/\\\/3d-edu.ch\\\/fr\\\/boutique\\\/carton-dimpression-raise3d-pour-e2-e2cf-pro2-pro3-kopie\\\/#local-main-organization-logo\"},\"image\":{\"@id\":\"https:\\\/\\\/3d-edu.ch\\\/fr\\\/boutique\\\/carton-dimpression-raise3d-pour-e2-e2cf-pro2-pro3-kopie\\\/#local-main-organization-logo\"},\"sameAs\":[\"https:\\\/\\\/www.facebook.com\\\/3d-educh-210277586064960\\\/\",\"https:\\\/\\\/x.com\\\/3d_edu_ch\"],\"address\":{\"@id\":\"https:\\\/\\\/3d-edu.ch\\\/fr\\\/boutique\\\/carton-dimpression-raise3d-pour-e2-e2cf-pro2-pro3-kopie\\\/#local-main-place-address\"},\"geo\":{\"@type\":\"GeoCoordinates\",\"latitude\":\"47.38413\",\"longitude\":\"8.49812\"},\"telephone\":[\"+41 44 492 11 22\"],\"openingHoursSpecification\":[{\"@type\":\"OpeningHoursSpecification\",\"dayOfWeek\":[\"Monday\",\"Tuesday\",\"Wednesday\",\"Thursday\",\"Friday\"],\"opens\":\"08:30\",\"closes\":\"18:00\"},{\"@type\":\"OpeningHoursSpecification\",\"dayOfWeek\":[\"Saturday\",\"Sunday\"],\"opens\":\"00:00\",\"closes\":\"00:00\"}],\"email\":\"info@3d-edu.ch\",\"faxNumber\":\"+41 44 492 11 23\",\"vatID\":\"CHE-184.499.491 MWST\",\"priceRange\":\"$$$\",\"currenciesAccepted\":\"CHF\"},{\"@type\":\"PostalAddress\",\"@id\":\"https:\\\/\\\/3d-edu.ch\\\/fr\\\/boutique\\\/carton-dimpression-raise3d-pour-e2-e2cf-pro2-pro3-kopie\\\/#local-main-place-address\",\"streetAddress\":\"3D-EDU GmbH, Badenerstrasse 556\",\"addressLocality\":\"Z\u00fcrich\",\"postalCode\":\"8048\",\"addressRegion\":\"Z\u00fcrich\",\"addressCountry\":\"CH\"},{\"@type\":\"ImageObject\",\"inLanguage\":\"fr-FR\",\"@id\":\"https:\\\/\\\/3d-edu.ch\\\/fr\\\/boutique\\\/carton-dimpression-raise3d-pour-e2-e2cf-pro2-pro3-kopie\\\/#local-main-organization-logo\",\"url\":\"https:\\\/\\\/3d-edu.ch\\\/wp-content\\\/uploads\\\/2018\\\/10\\\/3d-drucker-makerbot-formlabs-professionelle-3d-drucker-e1546527990490.png\",\"contentUrl\":\"https:\\\/\\\/3d-edu.ch\\\/wp-content\\\/uploads\\\/2018\\\/10\\\/3d-drucker-makerbot-formlabs-professionelle-3d-drucker-e1546527990490.png\",\"width\":275,\"height\":80,\"caption\":\"3D-EDU GmbH\"}]}<\/script>\n<meta property=\"product:brand\" content=\"Pi\u00e8ces de rechange &amp; accessoires\" \/>\n<meta property=\"product:price:amount\" content=\"175.00\" \/>\n<meta property=\"product:price:currency\" content=\"CHF\" \/>\n<meta property=\"og:availability\" content=\"instock\" \/>\n<meta property=\"product:availability\" content=\"instock\" \/>\n<meta property=\"product:retailer_item_id\" content=\"3RD-US-TN-3-OCC\" \/>\n<meta property=\"product:condition\" content=\"new\" \/>\n<meta name=\"geo.placename\" content=\"Z\u00fcrich\" \/>\n<meta name=\"geo.position\" content=\"47.38413;8.49812\" \/>\n<meta name=\"geo.region\" content=\"Suisse\" \/>\n<!-- \/ Yoast SEO Premium plugin. -->","yoast_head_json":{"title":"Raise3D Printer Cart Pro2\/Pro3 Plus (\u00e0 partir d'une machine de d\u00e9monstration) %%page% commander en ligne - %%nom du site","robots":{"index":"index","follow":"follow","max-snippet":"max-snippet:-1","max-image-preview":"max-image-preview:large","max-video-preview":"max-video-preview:-1"},"canonical":"https:\/\/3d-edu.ch\/fr\/boutique\/carton-dimpression-raise3d-pour-e2-e2cf-pro2-pro3-kopie\/","og_locale":"fr_FR","og_type":"article","og_title":"Raise3D Printer Cart Pro2\/Pro3 Plus (\u00e0 partir d'une machine de d\u00e9monstration)","og_description":"Raise3D Printer Cart Pro2\/Pro3 Plus (\u00e0 partir d'une machine de d\u00e9monstration) Carton d'impression comme neuf, dont seules les roues ont \u00e9t\u00e9 remplac\u00e9es. Le film de protection est toujours pr\u00e9sent. L'exp\u00e9dition des palettes est prise en charge par 3D-EDU Le chariot de Raise3D place la Raise 3D Pro3 Plus et la Raise 3D Pro 2 Plus \u00e0 une hauteur de travail optimale. L'espace de rangement et le tiroir \u00e0 outils permettent de stocker des filaments, des buildtaks, des outils et des accessoires \u00e0 port\u00e9e de main. Le chariot est \u00e9quip\u00e9 de freins de roues pour \u00e9viter qu'il ne roule.  Dimensions : 62,3 L x 96,5 H x 59,7 cm P.","og_url":"https:\/\/3d-edu.ch\/fr\/boutique\/carton-dimpression-raise3d-pour-e2-e2cf-pro2-pro3-kopie\/","og_site_name":"3D-EDU GmbH","article_publisher":"https:\/\/www.facebook.com\/3d-educh-210277586064960\/","article_modified_time":"2026-03-18T15:59:17+00:00","og_image":[{"width":380,"height":380,"url":"https:\/\/3d-edu.ch\/wp-content\/uploads\/2022\/10\/printer-cart-for-pro2-plus-pro3-plus-new-1.webp","type":"image\/webp"}],"twitter_card":"summary_large_image","twitter_site":"@3d_edu_ch","twitter_misc":{"Prix":"175.00&nbsp;&#67;&#72;&#70; hors TVA","Disponibilit\u00e9":"En stock"},"schema":{"@context":"https:\/\/schema.org","@graph":[{"@type":"WebPage","@id":"https:\/\/3d-edu.ch\/fr\/boutique\/carton-dimpression-raise3d-pour-e2-e2cf-pro2-pro3-kopie\/","url":"https:\/\/3d-edu.ch\/fr\/boutique\/carton-dimpression-raise3d-pour-e2-e2cf-pro2-pro3-kopie\/","name":"Raise3D Printer Cart Pro2\/Pro3 Plus (\u00e0 partir d'une machine de d\u00e9monstration) %%page% commander en ligne - %%nom du site","isPartOf":{"@id":"https:\/\/3d-edu.ch\/fr\/#website"},"primaryImageOfPage":{"@id":"https:\/\/3d-edu.ch\/fr\/boutique\/carton-dimpression-raise3d-pour-e2-e2cf-pro2-pro3-kopie\/#primaryimage"},"image":{"@id":"https:\/\/3d-edu.ch\/fr\/boutique\/carton-dimpression-raise3d-pour-e2-e2cf-pro2-pro3-kopie\/#primaryimage"},"thumbnailUrl":"https:\/\/3d-edu.ch\/wp-content\/uploads\/2022\/10\/printer-cart-for-pro2-plus-pro3-plus-new-1.webp","datePublished":"2026-03-18T15:39:54+00:00","dateModified":"2026-03-18T15:59:17+00:00","breadcrumb":{"@id":"https:\/\/3d-edu.ch\/fr\/boutique\/carton-dimpression-raise3d-pour-e2-e2cf-pro2-pro3-kopie\/#breadcrumb"},"inLanguage":"fr-FR","potentialAction":[{"@type":"ReadAction","target":["https:\/\/3d-edu.ch\/fr\/boutique\/carton-dimpression-raise3d-pour-e2-e2cf-pro2-pro3-kopie\/"]}]},{"@type":"ImageObject","inLanguage":"fr-FR","@id":"https:\/\/3d-edu.ch\/fr\/boutique\/carton-dimpression-raise3d-pour-e2-e2cf-pro2-pro3-kopie\/#primaryimage","url":"https:\/\/3d-edu.ch\/wp-content\/uploads\/2022\/10\/printer-cart-for-pro2-plus-pro3-plus-new-1.webp","contentUrl":"https:\/\/3d-edu.ch\/wp-content\/uploads\/2022\/10\/printer-cart-for-pro2-plus-pro3-plus-new-1.webp","width":380,"height":380,"caption":"Printer Cart For Pro2 Plus Pro3 Plus New 1"},{"@type":"BreadcrumbList","@id":"https:\/\/3d-edu.ch\/fr\/boutique\/carton-dimpression-raise3d-pour-e2-e2cf-pro2-pro3-kopie\/#breadcrumb","itemListElement":[{"@type":"ListItem","position":1,"name":"Accueil","item":"https:\/\/3d-edu.ch\/fr\/"},{"@type":"ListItem","position":2,"name":"Boutique","item":"https:\/\/3d-edu.ch\/fr\/boutique\/"},{"@type":"ListItem","position":3,"name":"Raise3D Printer Cart Pro2\/Pro3 Plus (\u00e0 partir d&rsquo;une machine de d\u00e9monstration)"}]},{"@type":"WebSite","@id":"https:\/\/3d-edu.ch\/fr\/#website","url":"https:\/\/3d-edu.ch\/fr\/","name":"3D-EDU GmbH","description":"Your Formlabs, UltiMaker and Raise3D Printer Support and Education Site in Switzerland. \/\/ Ihre Formlabs, UltiMaker and Raise3D Drucker Support und Bildungs Webseite der Schweiz.","publisher":{"@id":"https:\/\/3d-edu.ch\/fr\/#organization"},"potentialAction":[{"@type":"SearchAction","target":{"@type":"EntryPoint","urlTemplate":"https:\/\/3d-edu.ch\/fr\/?s={search_term_string}"},"query-input":{"@type":"PropertyValueSpecification","valueRequired":true,"valueName":"search_term_string"}}],"inLanguage":"fr-FR"},{"@type":["Organization","Place","ElectronicsStore"],"@id":"https:\/\/3d-edu.ch\/fr\/#organization","name":"3D-EDU GmbH","url":"https:\/\/3d-edu.ch\/fr\/","logo":{"@id":"https:\/\/3d-edu.ch\/fr\/boutique\/carton-dimpression-raise3d-pour-e2-e2cf-pro2-pro3-kopie\/#local-main-organization-logo"},"image":{"@id":"https:\/\/3d-edu.ch\/fr\/boutique\/carton-dimpression-raise3d-pour-e2-e2cf-pro2-pro3-kopie\/#local-main-organization-logo"},"sameAs":["https:\/\/www.facebook.com\/3d-educh-210277586064960\/","https:\/\/x.com\/3d_edu_ch"],"address":{"@id":"https:\/\/3d-edu.ch\/fr\/boutique\/carton-dimpression-raise3d-pour-e2-e2cf-pro2-pro3-kopie\/#local-main-place-address"},"geo":{"@type":"GeoCoordinates","latitude":"47.38413","longitude":"8.49812"},"telephone":["+41 44 492 11 22"],"openingHoursSpecification":[{"@type":"OpeningHoursSpecification","dayOfWeek":["Monday","Tuesday","Wednesday","Thursday","Friday"],"opens":"08:30","closes":"18:00"},{"@type":"OpeningHoursSpecification","dayOfWeek":["Saturday","Sunday"],"opens":"00:00","closes":"00:00"}],"email":"info@3d-edu.ch","faxNumber":"+41 44 492 11 23","vatID":"CHE-184.499.491 MWST","priceRange":"$$$","currenciesAccepted":"CHF"},{"@type":"PostalAddress","@id":"https:\/\/3d-edu.ch\/fr\/boutique\/carton-dimpression-raise3d-pour-e2-e2cf-pro2-pro3-kopie\/#local-main-place-address","streetAddress":"3D-EDU GmbH, Badenerstrasse 556","addressLocality":"Z\u00fcrich","postalCode":"8048","addressRegion":"Z\u00fcrich","addressCountry":"CH"},{"@type":"ImageObject","inLanguage":"fr-FR","@id":"https:\/\/3d-edu.ch\/fr\/boutique\/carton-dimpression-raise3d-pour-e2-e2cf-pro2-pro3-kopie\/#local-main-organization-logo","url":"https:\/\/3d-edu.ch\/wp-content\/uploads\/2018\/10\/3d-drucker-makerbot-formlabs-professionelle-3d-drucker-e1546527990490.png","contentUrl":"https:\/\/3d-edu.ch\/wp-content\/uploads\/2018\/10\/3d-drucker-makerbot-formlabs-professionelle-3d-drucker-e1546527990490.png","width":275,"height":80,"caption":"3D-EDU GmbH"}]},"product_brand":"Pi\u00e8ces de rechange &amp; accessoires","product_price_amount":"175.00","product_price_currency":"CHF","og_availability":"instock","product_availability":"instock","product_retailer_item_id":"3RD-US-TN-3-OCC","product_condition":"new","geo.placename":"Z\u00fcrich","geo.position":{"lat":"47.38413","long":"8.49812"},"geo.region":"Suisse"},"_links":{"self":[{"href":"https:\/\/3d-edu.ch\/fr\/wp-json\/wp\/v2\/product\/81649","targetHints":{"allow":["GET"]}}],"collection":[{"href":"https:\/\/3d-edu.ch\/fr\/wp-json\/wp\/v2\/product"}],"about":[{"href":"https:\/\/3d-edu.ch\/fr\/wp-json\/wp\/v2\/types\/product"}],"replies":[{"embeddable":true,"href":"https:\/\/3d-edu.ch\/fr\/wp-json\/wp\/v2\/comments?post=81649"}],"wp:featuredmedia":[{"embeddable":true,"href":"https:\/\/3d-edu.ch\/fr\/wp-json\/wp\/v2\/media\/66623"}],"wp:attachment":[{"href":"https:\/\/3d-edu.ch\/fr\/wp-json\/wp\/v2\/media?parent=81649"}],"wp:term":[{"taxonomy":"product_brand","embeddable":true,"href":"https:\/\/3d-edu.ch\/fr\/wp-json\/wp\/v2\/product_brand?post=81649"},{"taxonomy":"product_cat","embeddable":true,"href":"https:\/\/3d-edu.ch\/fr\/wp-json\/wp\/v2\/product_cat?post=81649"},{"taxonomy":"product_tag","embeddable":true,"href":"https:\/\/3d-edu.ch\/fr\/wp-json\/wp\/v2\/product_tag?post=81649"}],"curies":[{"name":"wp","href":"https:\/\/api.w.org\/{rel}","templated":true}]}}