{"id":78331,"date":"2014-12-08T17:35:13","date_gmt":"2014-12-08T17:35:13","guid":{"rendered":"https:\/\/3d-edu.ch\/shop\/filament-pla-makerbot-large\/"},"modified":"2026-04-20T08:56:32","modified_gmt":"2026-04-20T06:56:32","slug":"filament-pla-makerbot-large","status":"publish","type":"product","link":"https:\/\/3d-edu.ch\/fr\/boutique\/filament-pla-makerbot-large\/","title":{"rendered":"Filament PLA MakerBot Large"},"content":{"rendered":"<div id=\"pl-1571\" class=\"panel-layout\">\n<div id=\"pg-1571-0\" class=\"panel-grid panel-no-style\">\n<div id=\"pgc-1571-0-0\" class=\"panel-grid-cell\" data-weight=\"1\">\n<div id=\"panel-1571-0-0-0\" class=\"so-panel widget widget_sow-editor panel-first-child panel-last-child\" data-index=\"0\" data-style=\"{\"background_image_attachment\":false,\"background_display\":\"tile\"}\">\n<div class=\"so-widget-sow-editor so-widget-sow-editor-base\">\n<div class=\"siteorigin-widget-tinymce textwidget\">\n<h2>Filament PLA MakerBot Large<\/h2>\n<p>Ce filament MakerBot PLA Large est compatible avec les imprimantes suivantes :<\/p>\n<figure id=\"attachment_58202\" aria-describedby=\"caption-attachment-58202\" style=\"width: 150px\" class=\"wp-caption alignleft\"><a href=\"\/makerbot\/3d-drucker\/makerbot-method\/\"><img loading=\"lazy\" decoding=\"async\" class=\"wp-image-17176 size-full\" src=\"https:\/\/dedune53.myhostpoint.ch\/wp-content\/uploads\/2019\/01\/method-icon.jpg\" alt=\"method-icon\" width=\"150\" height=\"150\" srcset=\"https:\/\/3d-edu.ch\/wp-content\/smush-avif\/2019\/01\/method-icon.jpg.avif 150w, https:\/\/3d-edu.ch\/wp-content\/smush-avif\/2019\/01\/method-icon-100x100.jpg.avif 100w\" sizes=\"auto, (max-width: 150px) 100vw, 150px\" \/><\/a><figcaption id=\"caption-attachment-58202\" class=\"wp-caption-text\">M\u00e9thode**<\/figcaption><\/figure>\n<figure id=\"attachment_58226\" aria-describedby=\"caption-attachment-58226\" style=\"width: 150px\" class=\"wp-caption alignleft\"><a href=\"\/makerbot\/3d-drucker\/makerbot-replicator-z18\/\"><img loading=\"lazy\" decoding=\"async\" class=\"wp-image-17185 size-full\" src=\"https:\/\/dedune53.myhostpoint.ch\/wp-content\/uploads\/2019\/01\/replicator-z18-icon.jpg\" alt=\"replicator-z18-icon\" width=\"150\" height=\"150\" srcset=\"https:\/\/3d-edu.ch\/wp-content\/smush-avif\/2019\/01\/replicator-z18-icon.jpg.avif 150w, https:\/\/3d-edu.ch\/wp-content\/smush-avif\/2019\/01\/replicator-z18-icon-100x100.jpg.avif 100w\" sizes=\"auto, (max-width: 150px) 100vw, 150px\" \/><\/a><figcaption id=\"caption-attachment-58226\" class=\"wp-caption-text\">R\u00e9plicateur Z18<\/figcaption><\/figure>\n<figure id=\"attachment_58206\" aria-describedby=\"caption-attachment-58206\" style=\"width: 150px\" class=\"wp-caption alignleft\"><a href=\"\/makerbot\/3d-drucker\/makerbot-replicator\/\"><img loading=\"lazy\" decoding=\"async\" class=\"wp-image-17178 size-full\" src=\"https:\/\/dedune53.myhostpoint.ch\/wp-content\/uploads\/2019\/01\/replicator-icon.jpg\" alt=\"r\u00e9plicateur+-icon\" width=\"150\" height=\"150\" srcset=\"https:\/\/3d-edu.ch\/wp-content\/smush-avif\/2019\/01\/replicator-icon.jpg.avif 150w, https:\/\/3d-edu.ch\/wp-content\/smush-avif\/2019\/01\/replicator-icon-100x100.jpg.avif 100w\" sizes=\"auto, (max-width: 150px) 100vw, 150px\" \/><\/a><figcaption id=\"caption-attachment-58206\" class=\"wp-caption-text\">Replicator+<\/figcaption><\/figure>\n<figure id=\"attachment_58212\" aria-describedby=\"caption-attachment-58212\" style=\"width: 150px\" class=\"wp-caption alignleft\"><img loading=\"lazy\" decoding=\"async\" class=\"wp-image-17181 size-full\" src=\"https:\/\/dedune53.myhostpoint.ch\/wp-content\/uploads\/2019\/01\/replicator-icon-1.jpg\" alt=\"replicator-icon\" width=\"150\" height=\"150\" srcset=\"https:\/\/3d-edu.ch\/wp-content\/smush-avif\/2019\/01\/replicator-icon-1.jpg.avif 150w, https:\/\/3d-edu.ch\/wp-content\/smush-avif\/2019\/01\/replicator-icon-1-100x100.jpg.avif 100w\" sizes=\"auto, (max-width: 150px) 100vw, 150px\" \/><figcaption id=\"caption-attachment-58212\" class=\"wp-caption-text\">R\u00e9plicateur<\/figcaption><\/figure>\n<figure id=\"attachment_58219\" aria-describedby=\"caption-attachment-58219\" style=\"width: 150px\" class=\"wp-caption alignleft\"><a href=\"\/makerbot\/3d-drucker\/makerbot-replicator-mini\/\"><img loading=\"lazy\" decoding=\"async\" class=\"wp-image-17183 size-full\" src=\"https:\/\/dedune53.myhostpoint.ch\/wp-content\/uploads\/2019\/01\/replicator-mini-icon.jpg\" alt=\"replicator-mini+-icon\" width=\"150\" height=\"150\" srcset=\"https:\/\/3d-edu.ch\/wp-content\/smush-avif\/2019\/01\/replicator-mini-icon.jpg.avif 150w, https:\/\/3d-edu.ch\/wp-content\/smush-avif\/2019\/01\/replicator-mini-icon-100x100.jpg.avif 100w\" sizes=\"auto, (max-width: 150px) 100vw, 150px\" \/><\/a><figcaption id=\"caption-attachment-58219\" class=\"wp-caption-text\">R\u00e9plicateur Mini+*<\/figcaption><\/figure>\n<figure id=\"attachment_58222\" aria-describedby=\"caption-attachment-58222\" style=\"width: 150px\" class=\"wp-caption alignleft\"><img loading=\"lazy\" decoding=\"async\" class=\"wp-image-17184 size-full\" src=\"https:\/\/dedune53.myhostpoint.ch\/wp-content\/uploads\/2019\/01\/replicator-mini-icon-1.jpg\" alt=\"\" width=\"150\" height=\"150\" srcset=\"https:\/\/3d-edu.ch\/wp-content\/smush-avif\/2019\/01\/replicator-mini-icon-1.jpg.avif 150w, https:\/\/3d-edu.ch\/wp-content\/smush-avif\/2019\/01\/replicator-mini-icon-1-100x100.jpg.avif 100w\" sizes=\"auto, (max-width: 150px) 100vw, 150px\" \/><figcaption id=\"caption-attachment-58222\" class=\"wp-caption-text\">R\u00e9plicateur Mini*<\/figcaption><\/figure>\n<figure id=\"attachment_58208\" aria-describedby=\"caption-attachment-58208\" style=\"width: 150px\" class=\"wp-caption alignleft\"><img loading=\"lazy\" decoding=\"async\" class=\"wp-image-17179 size-full\" src=\"https:\/\/dedune53.myhostpoint.ch\/wp-content\/uploads\/2019\/01\/replicator-2-icon.jpg\" alt=\"replicator-2-icon\" width=\"150\" height=\"150\" srcset=\"https:\/\/3d-edu.ch\/wp-content\/smush-avif\/2019\/01\/replicator-2-icon.jpg.avif 150w, https:\/\/3d-edu.ch\/wp-content\/smush-avif\/2019\/01\/replicator-2-icon-100x100.jpg.avif 100w\" sizes=\"auto, (max-width: 150px) 100vw, 150px\" \/><figcaption id=\"caption-attachment-58208\" class=\"wp-caption-text\">R\u00e9plicateur 2*<\/figcaption><\/figure>\n<\/div>\n<\/div>\n<\/div>\n<\/div>\n<\/div>\n<div id=\"pg-1571-1\" class=\"panel-grid panel-no-style\">\n<div id=\"pgc-1571-1-0\" class=\"panel-grid-cell\" data-weight=\"1\">\n<div id=\"panel-1571-1-0-0\" class=\"so-panel widget widget_sow-editor panel-first-child panel-last-child\" data-index=\"1\" data-style=\"{\"background_image_attachment\":false,\"background_display\":\"tile\"}\">\n<div class=\"so-widget-sow-editor so-widget-sow-editor-base\">\n<div class=\"siteorigin-widget-tinymce textwidget\"><small>*Un porte-bobine s\u00e9par\u00e9 est n\u00e9cessaire pour utiliser ce type de bobine.<br \/>\n**Un porte-bobine s\u00e9par\u00e9 est n\u00e9cessaire pour utiliser ce type de bobine. La pr\u00e9cision dimensionnelle et la fiabilit\u00e9 ne sont plus garanties avec ce type de bobines. <\/small><\/div>\n<\/div>\n<\/div>\n<\/div>\n<\/div>\n<\/div>\n<p><span style=\"text-decoration: underline;\"><a title=\"Filament PLA MakerBot\" href=\"https:\/\/dedune53.myhostpoint.ch\/makerbot\/makerbot-filament\/makerbot-pla-filament\/\" target=\"_blank\" rel=\"noopener noreferrer\">Plus d&rsquo;informations sur les produits<\/a><\/span><\/p>\n","protected":false},"excerpt":{"rendered":"<h3>MakerBot PLA Filament Large (environ 0,9 kg)<\/h3>\n<p>Filament pour imprimante 3D en \u00ab\u00a0polylactide acide \/ acide polylactique\u00a0\u00bb.<\/p>\n<table>\n<tbody>\n<tr>\n<td width=\"100\">Fabricant<\/td>\n<td>MakerBot<\/td>\n<\/tr>\n<tr>\n<td>Taille de la bobine<\/td>\n<td>0,9 kg<\/td>\n<\/tr>\n<tr>\n<td>Diam\u00e8tre<\/td>\n<td>1,75 mm<\/td>\n<\/tr>\n<\/tbody>\n<\/table>\n<p>Prix incluant la TVA : 58.30 - 156.16 CHF<\/p>\n","protected":false},"featured_media":62037,"comment_status":"closed","ping_status":"closed","template":"","meta":[],"product_brand":[],"product_cat":[7869,7924],"product_tag":[8822,8564,8185],"class_list":{"0":"post-78331","1":"product","2":"type-product","3":"status-publish","4":"has-post-thumbnail","6":"product_cat-filament-pla-fr","7":"product_cat-filaments-pour-replicator-fr","8":"product_tag-filament-makerbot","9":"product_tag-filament-pla","10":"product_tag-makerbot","11":"pa_large-black","12":"pa_large-blanc","13":"pa_large-bleu-fonce","14":"pa_large-bleu-transparent","15":"pa_large-blue","16":"pa_large-glow-in-the-dark","17":"pa_large-grey","18":"pa_large-gris-clair","19":"pa_large-jaune","20":"pa_large-jaune-transparent","21":"pa_large-kaki","22":"pa_large-nature","23":"pa_large-orange","24":"pa_large-orange-transparent","25":"pa_large-rose-fluo","26":"pa_large-rouge","27":"pa_large-rouge-transparent","28":"pa_large-vert","29":"pa_large-vert-armee","30":"pa_large-vert-transparent","31":"pa_large-violet","32":"pa_large-violet-transparent","33":"yith_product_brand-makerbot","35":"first","36":"instock","37":"taxable","38":"shipping-taxable","39":"purchasable","40":"product-type-variable"},"yoast_head":"<!-- This site is optimized with the Yoast SEO Premium plugin v27.4 (Yoast SEO v27.4) - https:\/\/yoast.com\/product\/yoast-seo-premium-wordpress\/ -->\n<title>Filament PLA MakerBot Large - 3D-EDU GmbH<\/title>\n<meta name=\"description\" content=\"MakerBot PLA Filament Large (0,9kg) \/ &quot;Polylactide acide\/Polylactique, taille de la bobine 0,9kg, diam\u00e8tre 1,75mm\/ 3d-edu.ch est un revendeur officiel de MakerBot\" \/>\n<meta name=\"robots\" content=\"index, follow, max-snippet:-1, max-image-preview:large, max-video-preview:-1\" \/>\n<link rel=\"canonical\" href=\"https:\/\/3d-edu.ch\/fr\/boutique\/filament-pla-makerbot-large\/\" \/>\n<meta property=\"og:locale\" content=\"fr_FR\" \/>\n<meta property=\"og:type\" content=\"article\" \/>\n<meta property=\"og:title\" content=\"Filament PLA MakerBot Large\" \/>\n<meta property=\"og:description\" content=\"MakerBot PLA Filament Large (0,9kg) \/ &quot;Polylactide acide\/Polylactique, taille de la bobine 0,9kg, diam\u00e8tre 1,75mm\/ 3d-edu.ch est un revendeur officiel de MakerBot\" \/>\n<meta property=\"og:url\" content=\"https:\/\/3d-edu.ch\/fr\/boutique\/filament-pla-makerbot-large\/\" \/>\n<meta property=\"og:site_name\" content=\"3D-EDU GmbH\" \/>\n<meta property=\"article:publisher\" content=\"https:\/\/www.facebook.com\/3d-educh-210277586064960\/\" \/>\n<meta property=\"article:modified_time\" content=\"2026-04-20T06:56:32+00:00\" \/>\n<meta property=\"og:image\" content=\"https:\/\/3d-edu.ch\/wp-content\/uploads\/2019\/10\/makerbot-pla-large-filament.jpg\" \/>\n\t<meta property=\"og:image:width\" content=\"380\" \/>\n\t<meta property=\"og:image:height\" content=\"380\" \/>\n\t<meta property=\"og:image:type\" content=\"image\/jpeg\" \/>\n<meta name=\"twitter:card\" content=\"summary_large_image\" \/>\n<meta name=\"twitter:site\" content=\"@3d_edu_ch\" \/>\n<meta name=\"twitter:label1\" content=\"Disponibilit\u00e9\" \/>\n\t<meta name=\"twitter:data1\" content=\"En stock\" \/>\n<script type=\"application\/ld+json\" class=\"yoast-schema-graph\">{\"@context\":\"https:\\\/\\\/schema.org\",\"@graph\":[{\"@type\":\"WebPage\",\"@id\":\"https:\\\/\\\/3d-edu.ch\\\/fr\\\/boutique\\\/filament-pla-makerbot-large\\\/\",\"url\":\"https:\\\/\\\/3d-edu.ch\\\/fr\\\/boutique\\\/filament-pla-makerbot-large\\\/\",\"name\":\"Filament PLA MakerBot Large - 3D-EDU GmbH\",\"isPartOf\":{\"@id\":\"https:\\\/\\\/3d-edu.ch\\\/fr\\\/#website\"},\"primaryImageOfPage\":{\"@id\":\"https:\\\/\\\/3d-edu.ch\\\/fr\\\/boutique\\\/filament-pla-makerbot-large\\\/#primaryimage\"},\"image\":{\"@id\":\"https:\\\/\\\/3d-edu.ch\\\/fr\\\/boutique\\\/filament-pla-makerbot-large\\\/#primaryimage\"},\"thumbnailUrl\":\"https:\\\/\\\/3d-edu.ch\\\/wp-content\\\/uploads\\\/2019\\\/10\\\/makerbot-pla-large-filament.jpg\",\"datePublished\":\"2014-12-08T17:35:13+00:00\",\"dateModified\":\"2026-04-20T06:56:32+00:00\",\"description\":\"MakerBot PLA Filament Large (0,9kg) \\\/ \\\"Polylactide acide\\\/Polylactique, taille de la bobine 0,9kg, diam\u00e8tre 1,75mm\\\/ 3d-edu.ch est un revendeur officiel de MakerBot\",\"breadcrumb\":{\"@id\":\"https:\\\/\\\/3d-edu.ch\\\/fr\\\/boutique\\\/filament-pla-makerbot-large\\\/#breadcrumb\"},\"inLanguage\":\"fr-FR\",\"potentialAction\":[{\"@type\":\"ReadAction\",\"target\":[\"https:\\\/\\\/3d-edu.ch\\\/fr\\\/boutique\\\/filament-pla-makerbot-large\\\/\"]}]},{\"@type\":\"ImageObject\",\"inLanguage\":\"fr-FR\",\"@id\":\"https:\\\/\\\/3d-edu.ch\\\/fr\\\/boutique\\\/filament-pla-makerbot-large\\\/#primaryimage\",\"url\":\"https:\\\/\\\/3d-edu.ch\\\/wp-content\\\/uploads\\\/2019\\\/10\\\/makerbot-pla-large-filament.jpg\",\"contentUrl\":\"https:\\\/\\\/3d-edu.ch\\\/wp-content\\\/uploads\\\/2019\\\/10\\\/makerbot-pla-large-filament.jpg\",\"width\":380,\"height\":380,\"caption\":\"Filament PLA MakerBot Large\"},{\"@type\":\"BreadcrumbList\",\"@id\":\"https:\\\/\\\/3d-edu.ch\\\/fr\\\/boutique\\\/filament-pla-makerbot-large\\\/#breadcrumb\",\"itemListElement\":[{\"@type\":\"ListItem\",\"position\":1,\"name\":\"Accueil\",\"item\":\"https:\\\/\\\/3d-edu.ch\\\/fr\\\/\"},{\"@type\":\"ListItem\",\"position\":2,\"name\":\"Boutique\",\"item\":\"https:\\\/\\\/3d-edu.ch\\\/fr\\\/boutique\\\/\"},{\"@type\":\"ListItem\",\"position\":3,\"name\":\"Filament PLA MakerBot Large\"}]},{\"@type\":\"WebSite\",\"@id\":\"https:\\\/\\\/3d-edu.ch\\\/fr\\\/#website\",\"url\":\"https:\\\/\\\/3d-edu.ch\\\/fr\\\/\",\"name\":\"3D-EDU GmbH\",\"description\":\"Your Formlabs, UltiMaker and Raise3D Printer Support and Education Site in Switzerland. \\\/\\\/ Ihre Formlabs, UltiMaker and Raise3D Drucker Support und Bildungs Webseite der Schweiz.\",\"publisher\":{\"@id\":\"https:\\\/\\\/3d-edu.ch\\\/fr\\\/#organization\"},\"potentialAction\":[{\"@type\":\"SearchAction\",\"target\":{\"@type\":\"EntryPoint\",\"urlTemplate\":\"https:\\\/\\\/3d-edu.ch\\\/fr\\\/?s={search_term_string}\"},\"query-input\":{\"@type\":\"PropertyValueSpecification\",\"valueRequired\":true,\"valueName\":\"search_term_string\"}}],\"inLanguage\":\"fr-FR\"},{\"@type\":[\"Organization\",\"Place\",\"ElectronicsStore\"],\"@id\":\"https:\\\/\\\/3d-edu.ch\\\/fr\\\/#organization\",\"name\":\"3D-EDU GmbH\",\"url\":\"https:\\\/\\\/3d-edu.ch\\\/fr\\\/\",\"logo\":{\"@id\":\"https:\\\/\\\/3d-edu.ch\\\/fr\\\/boutique\\\/filament-pla-makerbot-large\\\/#local-main-organization-logo\"},\"image\":{\"@id\":\"https:\\\/\\\/3d-edu.ch\\\/fr\\\/boutique\\\/filament-pla-makerbot-large\\\/#local-main-organization-logo\"},\"sameAs\":[\"https:\\\/\\\/www.facebook.com\\\/3d-educh-210277586064960\\\/\",\"https:\\\/\\\/x.com\\\/3d_edu_ch\"],\"address\":{\"@id\":\"https:\\\/\\\/3d-edu.ch\\\/fr\\\/boutique\\\/filament-pla-makerbot-large\\\/#local-main-place-address\"},\"geo\":{\"@type\":\"GeoCoordinates\",\"latitude\":\"47.38413\",\"longitude\":\"8.49812\"},\"telephone\":[\"+41 44 492 11 22\"],\"openingHoursSpecification\":[{\"@type\":\"OpeningHoursSpecification\",\"dayOfWeek\":[\"Monday\",\"Tuesday\",\"Wednesday\",\"Thursday\",\"Friday\"],\"opens\":\"08:30\",\"closes\":\"18:00\"},{\"@type\":\"OpeningHoursSpecification\",\"dayOfWeek\":[\"Saturday\",\"Sunday\"],\"opens\":\"00:00\",\"closes\":\"00:00\"}],\"email\":\"info@3d-edu.ch\",\"faxNumber\":\"+41 44 492 11 23\",\"vatID\":\"CHE-184.499.491 MWST\",\"priceRange\":\"$$$\",\"currenciesAccepted\":\"CHF\"},{\"@type\":\"PostalAddress\",\"@id\":\"https:\\\/\\\/3d-edu.ch\\\/fr\\\/boutique\\\/filament-pla-makerbot-large\\\/#local-main-place-address\",\"streetAddress\":\"3D-EDU GmbH, Badenerstrasse 556\",\"addressLocality\":\"Z\u00fcrich\",\"postalCode\":\"8048\",\"addressRegion\":\"Z\u00fcrich\",\"addressCountry\":\"CH\"},{\"@type\":\"ImageObject\",\"inLanguage\":\"fr-FR\",\"@id\":\"https:\\\/\\\/3d-edu.ch\\\/fr\\\/boutique\\\/filament-pla-makerbot-large\\\/#local-main-organization-logo\",\"url\":\"https:\\\/\\\/3d-edu.ch\\\/wp-content\\\/uploads\\\/2018\\\/10\\\/3d-drucker-makerbot-formlabs-professionelle-3d-drucker-e1546527990490.png\",\"contentUrl\":\"https:\\\/\\\/3d-edu.ch\\\/wp-content\\\/uploads\\\/2018\\\/10\\\/3d-drucker-makerbot-formlabs-professionelle-3d-drucker-e1546527990490.png\",\"width\":275,\"height\":80,\"caption\":\"3D-EDU GmbH\"}]}<\/script>\n<meta property=\"product:brand\" content=\"Filaments pour Replicator\" \/>\n<meta property=\"og:availability\" content=\"instock\" \/>\n<meta property=\"product:availability\" content=\"instock\" \/>\n<meta property=\"product:condition\" content=\"new\" \/>\n<meta name=\"geo.placename\" content=\"Z\u00fcrich\" \/>\n<meta name=\"geo.position\" content=\"47.38413;8.49812\" \/>\n<meta name=\"geo.region\" content=\"Suisse\" \/>\n<!-- \/ Yoast SEO Premium plugin. -->","yoast_head_json":{"title":"Filament PLA MakerBot Large - 3D-EDU GmbH","description":"MakerBot PLA Filament Large (0,9kg) \/ \"Polylactide acide\/Polylactique, taille de la bobine 0,9kg, diam\u00e8tre 1,75mm\/ 3d-edu.ch est un revendeur officiel de MakerBot","robots":{"index":"index","follow":"follow","max-snippet":"max-snippet:-1","max-image-preview":"max-image-preview:large","max-video-preview":"max-video-preview:-1"},"canonical":"https:\/\/3d-edu.ch\/fr\/boutique\/filament-pla-makerbot-large\/","og_locale":"fr_FR","og_type":"article","og_title":"Filament PLA MakerBot Large","og_description":"MakerBot PLA Filament Large (0,9kg) \/ \"Polylactide acide\/Polylactique, taille de la bobine 0,9kg, diam\u00e8tre 1,75mm\/ 3d-edu.ch est un revendeur officiel de MakerBot","og_url":"https:\/\/3d-edu.ch\/fr\/boutique\/filament-pla-makerbot-large\/","og_site_name":"3D-EDU GmbH","article_publisher":"https:\/\/www.facebook.com\/3d-educh-210277586064960\/","article_modified_time":"2026-04-20T06:56:32+00:00","og_image":[{"width":380,"height":380,"url":"https:\/\/3d-edu.ch\/wp-content\/uploads\/2019\/10\/makerbot-pla-large-filament.jpg","type":"image\/jpeg"}],"twitter_card":"summary_large_image","twitter_site":"@3d_edu_ch","twitter_misc":{"Disponibilit\u00e9":"En stock"},"schema":{"@context":"https:\/\/schema.org","@graph":[{"@type":"WebPage","@id":"https:\/\/3d-edu.ch\/fr\/boutique\/filament-pla-makerbot-large\/","url":"https:\/\/3d-edu.ch\/fr\/boutique\/filament-pla-makerbot-large\/","name":"Filament PLA MakerBot Large - 3D-EDU GmbH","isPartOf":{"@id":"https:\/\/3d-edu.ch\/fr\/#website"},"primaryImageOfPage":{"@id":"https:\/\/3d-edu.ch\/fr\/boutique\/filament-pla-makerbot-large\/#primaryimage"},"image":{"@id":"https:\/\/3d-edu.ch\/fr\/boutique\/filament-pla-makerbot-large\/#primaryimage"},"thumbnailUrl":"https:\/\/3d-edu.ch\/wp-content\/uploads\/2019\/10\/makerbot-pla-large-filament.jpg","datePublished":"2014-12-08T17:35:13+00:00","dateModified":"2026-04-20T06:56:32+00:00","description":"MakerBot PLA Filament Large (0,9kg) \/ \"Polylactide acide\/Polylactique, taille de la bobine 0,9kg, diam\u00e8tre 1,75mm\/ 3d-edu.ch est un revendeur officiel de MakerBot","breadcrumb":{"@id":"https:\/\/3d-edu.ch\/fr\/boutique\/filament-pla-makerbot-large\/#breadcrumb"},"inLanguage":"fr-FR","potentialAction":[{"@type":"ReadAction","target":["https:\/\/3d-edu.ch\/fr\/boutique\/filament-pla-makerbot-large\/"]}]},{"@type":"ImageObject","inLanguage":"fr-FR","@id":"https:\/\/3d-edu.ch\/fr\/boutique\/filament-pla-makerbot-large\/#primaryimage","url":"https:\/\/3d-edu.ch\/wp-content\/uploads\/2019\/10\/makerbot-pla-large-filament.jpg","contentUrl":"https:\/\/3d-edu.ch\/wp-content\/uploads\/2019\/10\/makerbot-pla-large-filament.jpg","width":380,"height":380,"caption":"Filament PLA MakerBot Large"},{"@type":"BreadcrumbList","@id":"https:\/\/3d-edu.ch\/fr\/boutique\/filament-pla-makerbot-large\/#breadcrumb","itemListElement":[{"@type":"ListItem","position":1,"name":"Accueil","item":"https:\/\/3d-edu.ch\/fr\/"},{"@type":"ListItem","position":2,"name":"Boutique","item":"https:\/\/3d-edu.ch\/fr\/boutique\/"},{"@type":"ListItem","position":3,"name":"Filament PLA MakerBot Large"}]},{"@type":"WebSite","@id":"https:\/\/3d-edu.ch\/fr\/#website","url":"https:\/\/3d-edu.ch\/fr\/","name":"3D-EDU GmbH","description":"Your Formlabs, UltiMaker and Raise3D Printer Support and Education Site in Switzerland. \/\/ Ihre Formlabs, UltiMaker and Raise3D Drucker Support und Bildungs Webseite der Schweiz.","publisher":{"@id":"https:\/\/3d-edu.ch\/fr\/#organization"},"potentialAction":[{"@type":"SearchAction","target":{"@type":"EntryPoint","urlTemplate":"https:\/\/3d-edu.ch\/fr\/?s={search_term_string}"},"query-input":{"@type":"PropertyValueSpecification","valueRequired":true,"valueName":"search_term_string"}}],"inLanguage":"fr-FR"},{"@type":["Organization","Place","ElectronicsStore"],"@id":"https:\/\/3d-edu.ch\/fr\/#organization","name":"3D-EDU GmbH","url":"https:\/\/3d-edu.ch\/fr\/","logo":{"@id":"https:\/\/3d-edu.ch\/fr\/boutique\/filament-pla-makerbot-large\/#local-main-organization-logo"},"image":{"@id":"https:\/\/3d-edu.ch\/fr\/boutique\/filament-pla-makerbot-large\/#local-main-organization-logo"},"sameAs":["https:\/\/www.facebook.com\/3d-educh-210277586064960\/","https:\/\/x.com\/3d_edu_ch"],"address":{"@id":"https:\/\/3d-edu.ch\/fr\/boutique\/filament-pla-makerbot-large\/#local-main-place-address"},"geo":{"@type":"GeoCoordinates","latitude":"47.38413","longitude":"8.49812"},"telephone":["+41 44 492 11 22"],"openingHoursSpecification":[{"@type":"OpeningHoursSpecification","dayOfWeek":["Monday","Tuesday","Wednesday","Thursday","Friday"],"opens":"08:30","closes":"18:00"},{"@type":"OpeningHoursSpecification","dayOfWeek":["Saturday","Sunday"],"opens":"00:00","closes":"00:00"}],"email":"info@3d-edu.ch","faxNumber":"+41 44 492 11 23","vatID":"CHE-184.499.491 MWST","priceRange":"$$$","currenciesAccepted":"CHF"},{"@type":"PostalAddress","@id":"https:\/\/3d-edu.ch\/fr\/boutique\/filament-pla-makerbot-large\/#local-main-place-address","streetAddress":"3D-EDU GmbH, Badenerstrasse 556","addressLocality":"Z\u00fcrich","postalCode":"8048","addressRegion":"Z\u00fcrich","addressCountry":"CH"},{"@type":"ImageObject","inLanguage":"fr-FR","@id":"https:\/\/3d-edu.ch\/fr\/boutique\/filament-pla-makerbot-large\/#local-main-organization-logo","url":"https:\/\/3d-edu.ch\/wp-content\/uploads\/2018\/10\/3d-drucker-makerbot-formlabs-professionelle-3d-drucker-e1546527990490.png","contentUrl":"https:\/\/3d-edu.ch\/wp-content\/uploads\/2018\/10\/3d-drucker-makerbot-formlabs-professionelle-3d-drucker-e1546527990490.png","width":275,"height":80,"caption":"3D-EDU GmbH"}]},"product_brand":"Filaments pour Replicator","og_availability":"instock","product_availability":"instock","product_condition":"new","geo.placename":"Z\u00fcrich","geo.position":{"lat":"47.38413","long":"8.49812"},"geo.region":"Suisse"},"_links":{"self":[{"href":"https:\/\/3d-edu.ch\/fr\/wp-json\/wp\/v2\/product\/78331","targetHints":{"allow":["GET"]}}],"collection":[{"href":"https:\/\/3d-edu.ch\/fr\/wp-json\/wp\/v2\/product"}],"about":[{"href":"https:\/\/3d-edu.ch\/fr\/wp-json\/wp\/v2\/types\/product"}],"replies":[{"embeddable":true,"href":"https:\/\/3d-edu.ch\/fr\/wp-json\/wp\/v2\/comments?post=78331"}],"wp:featuredmedia":[{"embeddable":true,"href":"https:\/\/3d-edu.ch\/fr\/wp-json\/wp\/v2\/media\/62037"}],"wp:attachment":[{"href":"https:\/\/3d-edu.ch\/fr\/wp-json\/wp\/v2\/media?parent=78331"}],"wp:term":[{"taxonomy":"product_brand","embeddable":true,"href":"https:\/\/3d-edu.ch\/fr\/wp-json\/wp\/v2\/product_brand?post=78331"},{"taxonomy":"product_cat","embeddable":true,"href":"https:\/\/3d-edu.ch\/fr\/wp-json\/wp\/v2\/product_cat?post=78331"},{"taxonomy":"product_tag","embeddable":true,"href":"https:\/\/3d-edu.ch\/fr\/wp-json\/wp\/v2\/product_tag?post=78331"}],"curies":[{"name":"wp","href":"https:\/\/api.w.org\/{rel}","templated":true}]}}