{"id":78254,"date":"2015-01-29T10:21:30","date_gmt":"2015-01-29T10:21:30","guid":{"rendered":"https:\/\/3d-edu.ch\/shop\/atelier-dimpression-3d-makerbot-a-la-carte\/"},"modified":"2026-04-09T16:02:45","modified_gmt":"2026-04-09T14:02:45","slug":"atelier-dimpression-3d-makerbot-a-la-carte","status":"publish","type":"product","link":"https:\/\/3d-edu.ch\/fr\/boutique\/atelier-dimpression-3d-makerbot-a-la-carte\/","title":{"rendered":"Atelier d&rsquo;impression 3D MakerBot \u00e0 la carte"},"content":{"rendered":"<h5>Selon les d\u00e9penses<\/h5>\n<p>Installation, formation et mise en service d&rsquo;imprimantes 3D MakerBot dans vos locaux, prix par heure : 165.00 CHF hors TVA, dur\u00e9e minimale : 2 heures, dur\u00e9e maximale : 1 heure. Nombre de participants : 5 personnes.<br \/>\n(le trajet aller\/retour depuis le site de Zurich est consid\u00e9r\u00e9 comme du temps de travail, pour les missions de plus de 5,5 heures, le forfait journalier pour 1 jour \u00e0 1300 CHF hors TVA s&rsquo;applique).<\/p>\n","protected":false},"excerpt":{"rendered":"<h5>Techniques d&rsquo;impression &amp; maintenance<\/h5>\n<p>Apprenez les trucs et astuces de notre \u00e9quipe pour travailler efficacement avec les imprimantes 3D MakerBot. Tout ce qui concerne l&rsquo;impression 3D. Vous serez inform\u00e9 sur la cr\u00e9ation de mod\u00e8les CAO imprimables, les imprimantes MakerBot, MakerBot Desktop et la maintenance de votre appareil. Les d\u00e9butants en impression 3D comme les professionnels sont les bienvenus.   <\/p>\n","protected":false},"featured_media":61133,"comment_status":"closed","ping_status":"closed","template":"","meta":[],"product_brand":[],"product_cat":[7874],"product_tag":[],"class_list":{"0":"post-78254","1":"product","2":"type-product","3":"status-publish","4":"has-post-thumbnail","6":"product_cat-formation-imprimante-3d-fr","8":"first","9":"instock","10":"taxable","11":"shipping-taxable","12":"purchasable","13":"product-type-simple"},"yoast_head":"<!-- This site is optimized with the Yoast SEO Premium plugin v27.4 (Yoast SEO v27.4) - https:\/\/yoast.com\/product\/yoast-seo-premium-wordpress\/ -->\n<title>Atelier d&#039;impression 3D MakerBot \u00e0 la carte - 3D-EDU GmbH<\/title>\n<meta name=\"robots\" content=\"index, follow, max-snippet:-1, max-image-preview:large, max-video-preview:-1\" \/>\n<link rel=\"canonical\" href=\"https:\/\/3d-edu.ch\/fr\/boutique\/atelier-dimpression-3d-makerbot-a-la-carte\/\" \/>\n<meta property=\"og:locale\" content=\"fr_FR\" \/>\n<meta property=\"og:type\" content=\"article\" \/>\n<meta property=\"og:title\" content=\"Atelier d&#039;impression 3D MakerBot \u00e0 la carte\" \/>\n<meta property=\"og:description\" content=\"Techniques d&#039;impression &amp; maintenance Apprenez les trucs et astuces de notre \u00e9quipe pour travailler efficacement avec les imprimantes 3D MakerBot. Tout ce qui concerne l&#039;impression 3D. Vous serez inform\u00e9 sur la cr\u00e9ation de mod\u00e8les CAO imprimables, les imprimantes MakerBot, MakerBot Desktop et la maintenance de votre appareil. Les d\u00e9butants en impression 3D comme les professionnels sont les bienvenus.\" \/>\n<meta property=\"og:url\" content=\"https:\/\/3d-edu.ch\/fr\/boutique\/atelier-dimpression-3d-makerbot-a-la-carte\/\" \/>\n<meta property=\"og:site_name\" content=\"3D-EDU GmbH\" \/>\n<meta property=\"article:publisher\" content=\"https:\/\/www.facebook.com\/3d-educh-210277586064960\/\" \/>\n<meta property=\"article:modified_time\" content=\"2026-04-09T14:02:45+00:00\" \/>\n<meta property=\"og:image\" content=\"https:\/\/3d-edu.ch\/wp-content\/uploads\/2015\/01\/3D-Drucker-Schulung-Workshop-Praesentation.jpg\" \/>\n\t<meta property=\"og:image:width\" content=\"340\" \/>\n\t<meta property=\"og:image:height\" content=\"340\" \/>\n\t<meta property=\"og:image:type\" content=\"image\/jpeg\" \/>\n<meta name=\"twitter:card\" content=\"summary_large_image\" \/>\n<meta name=\"twitter:site\" content=\"@3d_edu_ch\" \/>\n<meta name=\"twitter:label1\" content=\"Prix\" \/>\n\t<meta name=\"twitter:data1\" content=\"330.00&nbsp;&#067;&#072;&#070; hors TVA\" \/>\n\t<meta name=\"twitter:label2\" content=\"Disponibilit\u00e9\" \/>\n\t<meta name=\"twitter:data2\" content=\"En stock\" \/>\n<script type=\"application\/ld+json\" class=\"yoast-schema-graph\">{\"@context\":\"https:\\\/\\\/schema.org\",\"@graph\":[{\"@type\":\"WebPage\",\"@id\":\"https:\\\/\\\/3d-edu.ch\\\/fr\\\/boutique\\\/atelier-dimpression-3d-makerbot-a-la-carte\\\/\",\"url\":\"https:\\\/\\\/3d-edu.ch\\\/fr\\\/boutique\\\/atelier-dimpression-3d-makerbot-a-la-carte\\\/\",\"name\":\"Atelier d'impression 3D MakerBot \u00e0 la carte - 3D-EDU GmbH\",\"isPartOf\":{\"@id\":\"https:\\\/\\\/3d-edu.ch\\\/fr\\\/#website\"},\"primaryImageOfPage\":{\"@id\":\"https:\\\/\\\/3d-edu.ch\\\/fr\\\/boutique\\\/atelier-dimpression-3d-makerbot-a-la-carte\\\/#primaryimage\"},\"image\":{\"@id\":\"https:\\\/\\\/3d-edu.ch\\\/fr\\\/boutique\\\/atelier-dimpression-3d-makerbot-a-la-carte\\\/#primaryimage\"},\"thumbnailUrl\":\"https:\\\/\\\/3d-edu.ch\\\/wp-content\\\/uploads\\\/2015\\\/01\\\/3D-Drucker-Schulung-Workshop-Praesentation.jpg\",\"datePublished\":\"2015-01-29T10:21:30+00:00\",\"dateModified\":\"2026-04-09T14:02:45+00:00\",\"breadcrumb\":{\"@id\":\"https:\\\/\\\/3d-edu.ch\\\/fr\\\/boutique\\\/atelier-dimpression-3d-makerbot-a-la-carte\\\/#breadcrumb\"},\"inLanguage\":\"fr-FR\",\"potentialAction\":[{\"@type\":\"ReadAction\",\"target\":[\"https:\\\/\\\/3d-edu.ch\\\/fr\\\/boutique\\\/atelier-dimpression-3d-makerbot-a-la-carte\\\/\"]}]},{\"@type\":\"ImageObject\",\"inLanguage\":\"fr-FR\",\"@id\":\"https:\\\/\\\/3d-edu.ch\\\/fr\\\/boutique\\\/atelier-dimpression-3d-makerbot-a-la-carte\\\/#primaryimage\",\"url\":\"https:\\\/\\\/3d-edu.ch\\\/wp-content\\\/uploads\\\/2015\\\/01\\\/3D-Drucker-Schulung-Workshop-Praesentation.jpg\",\"contentUrl\":\"https:\\\/\\\/3d-edu.ch\\\/wp-content\\\/uploads\\\/2015\\\/01\\\/3D-Drucker-Schulung-Workshop-Praesentation.jpg\",\"width\":340,\"height\":340,\"caption\":\"Imprimante 3D Formation Atelier Pr\u00e9sentation\"},{\"@type\":\"BreadcrumbList\",\"@id\":\"https:\\\/\\\/3d-edu.ch\\\/fr\\\/boutique\\\/atelier-dimpression-3d-makerbot-a-la-carte\\\/#breadcrumb\",\"itemListElement\":[{\"@type\":\"ListItem\",\"position\":1,\"name\":\"Accueil\",\"item\":\"https:\\\/\\\/3d-edu.ch\\\/fr\\\/\"},{\"@type\":\"ListItem\",\"position\":2,\"name\":\"Boutique\",\"item\":\"https:\\\/\\\/3d-edu.ch\\\/fr\\\/boutique\\\/\"},{\"@type\":\"ListItem\",\"position\":3,\"name\":\"Atelier d&rsquo;impression 3D MakerBot \u00e0 la carte\"}]},{\"@type\":\"WebSite\",\"@id\":\"https:\\\/\\\/3d-edu.ch\\\/fr\\\/#website\",\"url\":\"https:\\\/\\\/3d-edu.ch\\\/fr\\\/\",\"name\":\"3D-EDU GmbH\",\"description\":\"Your Formlabs, UltiMaker and Raise3D Printer Support and Education Site in Switzerland. \\\/\\\/ Ihre Formlabs, UltiMaker and Raise3D Drucker Support und Bildungs Webseite der Schweiz.\",\"publisher\":{\"@id\":\"https:\\\/\\\/3d-edu.ch\\\/fr\\\/#organization\"},\"potentialAction\":[{\"@type\":\"SearchAction\",\"target\":{\"@type\":\"EntryPoint\",\"urlTemplate\":\"https:\\\/\\\/3d-edu.ch\\\/fr\\\/?s={search_term_string}\"},\"query-input\":{\"@type\":\"PropertyValueSpecification\",\"valueRequired\":true,\"valueName\":\"search_term_string\"}}],\"inLanguage\":\"fr-FR\"},{\"@type\":[\"Organization\",\"Place\",\"ElectronicsStore\"],\"@id\":\"https:\\\/\\\/3d-edu.ch\\\/fr\\\/#organization\",\"name\":\"3D-EDU GmbH\",\"url\":\"https:\\\/\\\/3d-edu.ch\\\/fr\\\/\",\"logo\":{\"@id\":\"https:\\\/\\\/3d-edu.ch\\\/fr\\\/boutique\\\/atelier-dimpression-3d-makerbot-a-la-carte\\\/#local-main-organization-logo\"},\"image\":{\"@id\":\"https:\\\/\\\/3d-edu.ch\\\/fr\\\/boutique\\\/atelier-dimpression-3d-makerbot-a-la-carte\\\/#local-main-organization-logo\"},\"sameAs\":[\"https:\\\/\\\/www.facebook.com\\\/3d-educh-210277586064960\\\/\",\"https:\\\/\\\/x.com\\\/3d_edu_ch\"],\"address\":{\"@id\":\"https:\\\/\\\/3d-edu.ch\\\/fr\\\/boutique\\\/atelier-dimpression-3d-makerbot-a-la-carte\\\/#local-main-place-address\"},\"geo\":{\"@type\":\"GeoCoordinates\",\"latitude\":\"47.38413\",\"longitude\":\"8.49812\"},\"telephone\":[\"+41 44 492 11 22\"],\"openingHoursSpecification\":[{\"@type\":\"OpeningHoursSpecification\",\"dayOfWeek\":[\"Monday\",\"Tuesday\",\"Wednesday\",\"Thursday\",\"Friday\"],\"opens\":\"08:30\",\"closes\":\"18:00\"},{\"@type\":\"OpeningHoursSpecification\",\"dayOfWeek\":[\"Saturday\",\"Sunday\"],\"opens\":\"00:00\",\"closes\":\"00:00\"}],\"email\":\"info@3d-edu.ch\",\"faxNumber\":\"+41 44 492 11 23\",\"vatID\":\"CHE-184.499.491 MWST\",\"priceRange\":\"$$$\",\"currenciesAccepted\":\"CHF\"},{\"@type\":\"PostalAddress\",\"@id\":\"https:\\\/\\\/3d-edu.ch\\\/fr\\\/boutique\\\/atelier-dimpression-3d-makerbot-a-la-carte\\\/#local-main-place-address\",\"streetAddress\":\"3D-EDU GmbH, Badenerstrasse 556\",\"addressLocality\":\"Z\u00fcrich\",\"postalCode\":\"8048\",\"addressRegion\":\"Z\u00fcrich\",\"addressCountry\":\"CH\"},{\"@type\":\"ImageObject\",\"inLanguage\":\"fr-FR\",\"@id\":\"https:\\\/\\\/3d-edu.ch\\\/fr\\\/boutique\\\/atelier-dimpression-3d-makerbot-a-la-carte\\\/#local-main-organization-logo\",\"url\":\"https:\\\/\\\/3d-edu.ch\\\/wp-content\\\/uploads\\\/2018\\\/10\\\/3d-drucker-makerbot-formlabs-professionelle-3d-drucker-e1546527990490.png\",\"contentUrl\":\"https:\\\/\\\/3d-edu.ch\\\/wp-content\\\/uploads\\\/2018\\\/10\\\/3d-drucker-makerbot-formlabs-professionelle-3d-drucker-e1546527990490.png\",\"width\":275,\"height\":80,\"caption\":\"3D-EDU GmbH\"}]}<\/script>\n<meta property=\"product:brand\" content=\"Formation imprimante 3D\" \/>\n<meta property=\"product:price:amount\" content=\"330.00\" \/>\n<meta property=\"product:price:currency\" content=\"CHF\" \/>\n<meta property=\"og:availability\" content=\"instock\" \/>\n<meta property=\"product:availability\" content=\"instock\" \/>\n<meta property=\"product:retailer_item_id\" content=\"WORK GYGAX INST\" \/>\n<meta property=\"product:condition\" content=\"new\" \/>\n<meta name=\"geo.placename\" content=\"Z\u00fcrich\" \/>\n<meta name=\"geo.position\" content=\"47.38413;8.49812\" \/>\n<meta name=\"geo.region\" content=\"Suisse\" \/>\n<!-- \/ Yoast SEO Premium plugin. -->","yoast_head_json":{"title":"Atelier d'impression 3D MakerBot \u00e0 la carte - 3D-EDU GmbH","robots":{"index":"index","follow":"follow","max-snippet":"max-snippet:-1","max-image-preview":"max-image-preview:large","max-video-preview":"max-video-preview:-1"},"canonical":"https:\/\/3d-edu.ch\/fr\/boutique\/atelier-dimpression-3d-makerbot-a-la-carte\/","og_locale":"fr_FR","og_type":"article","og_title":"Atelier d'impression 3D MakerBot \u00e0 la carte","og_description":"Techniques d'impression &amp; maintenance Apprenez les trucs et astuces de notre \u00e9quipe pour travailler efficacement avec les imprimantes 3D MakerBot. Tout ce qui concerne l'impression 3D. Vous serez inform\u00e9 sur la cr\u00e9ation de mod\u00e8les CAO imprimables, les imprimantes MakerBot, MakerBot Desktop et la maintenance de votre appareil. Les d\u00e9butants en impression 3D comme les professionnels sont les bienvenus.","og_url":"https:\/\/3d-edu.ch\/fr\/boutique\/atelier-dimpression-3d-makerbot-a-la-carte\/","og_site_name":"3D-EDU GmbH","article_publisher":"https:\/\/www.facebook.com\/3d-educh-210277586064960\/","article_modified_time":"2026-04-09T14:02:45+00:00","og_image":[{"width":340,"height":340,"url":"https:\/\/3d-edu.ch\/wp-content\/uploads\/2015\/01\/3D-Drucker-Schulung-Workshop-Praesentation.jpg","type":"image\/jpeg"}],"twitter_card":"summary_large_image","twitter_site":"@3d_edu_ch","twitter_misc":{"Prix":"330.00&nbsp;&#67;&#72;&#70; hors TVA","Disponibilit\u00e9":"En stock"},"schema":{"@context":"https:\/\/schema.org","@graph":[{"@type":"WebPage","@id":"https:\/\/3d-edu.ch\/fr\/boutique\/atelier-dimpression-3d-makerbot-a-la-carte\/","url":"https:\/\/3d-edu.ch\/fr\/boutique\/atelier-dimpression-3d-makerbot-a-la-carte\/","name":"Atelier d'impression 3D MakerBot \u00e0 la carte - 3D-EDU GmbH","isPartOf":{"@id":"https:\/\/3d-edu.ch\/fr\/#website"},"primaryImageOfPage":{"@id":"https:\/\/3d-edu.ch\/fr\/boutique\/atelier-dimpression-3d-makerbot-a-la-carte\/#primaryimage"},"image":{"@id":"https:\/\/3d-edu.ch\/fr\/boutique\/atelier-dimpression-3d-makerbot-a-la-carte\/#primaryimage"},"thumbnailUrl":"https:\/\/3d-edu.ch\/wp-content\/uploads\/2015\/01\/3D-Drucker-Schulung-Workshop-Praesentation.jpg","datePublished":"2015-01-29T10:21:30+00:00","dateModified":"2026-04-09T14:02:45+00:00","breadcrumb":{"@id":"https:\/\/3d-edu.ch\/fr\/boutique\/atelier-dimpression-3d-makerbot-a-la-carte\/#breadcrumb"},"inLanguage":"fr-FR","potentialAction":[{"@type":"ReadAction","target":["https:\/\/3d-edu.ch\/fr\/boutique\/atelier-dimpression-3d-makerbot-a-la-carte\/"]}]},{"@type":"ImageObject","inLanguage":"fr-FR","@id":"https:\/\/3d-edu.ch\/fr\/boutique\/atelier-dimpression-3d-makerbot-a-la-carte\/#primaryimage","url":"https:\/\/3d-edu.ch\/wp-content\/uploads\/2015\/01\/3D-Drucker-Schulung-Workshop-Praesentation.jpg","contentUrl":"https:\/\/3d-edu.ch\/wp-content\/uploads\/2015\/01\/3D-Drucker-Schulung-Workshop-Praesentation.jpg","width":340,"height":340,"caption":"Imprimante 3D Formation Atelier Pr\u00e9sentation"},{"@type":"BreadcrumbList","@id":"https:\/\/3d-edu.ch\/fr\/boutique\/atelier-dimpression-3d-makerbot-a-la-carte\/#breadcrumb","itemListElement":[{"@type":"ListItem","position":1,"name":"Accueil","item":"https:\/\/3d-edu.ch\/fr\/"},{"@type":"ListItem","position":2,"name":"Boutique","item":"https:\/\/3d-edu.ch\/fr\/boutique\/"},{"@type":"ListItem","position":3,"name":"Atelier d&rsquo;impression 3D MakerBot \u00e0 la carte"}]},{"@type":"WebSite","@id":"https:\/\/3d-edu.ch\/fr\/#website","url":"https:\/\/3d-edu.ch\/fr\/","name":"3D-EDU GmbH","description":"Your Formlabs, UltiMaker and Raise3D Printer Support and Education Site in Switzerland. \/\/ Ihre Formlabs, UltiMaker and Raise3D Drucker Support und Bildungs Webseite der Schweiz.","publisher":{"@id":"https:\/\/3d-edu.ch\/fr\/#organization"},"potentialAction":[{"@type":"SearchAction","target":{"@type":"EntryPoint","urlTemplate":"https:\/\/3d-edu.ch\/fr\/?s={search_term_string}"},"query-input":{"@type":"PropertyValueSpecification","valueRequired":true,"valueName":"search_term_string"}}],"inLanguage":"fr-FR"},{"@type":["Organization","Place","ElectronicsStore"],"@id":"https:\/\/3d-edu.ch\/fr\/#organization","name":"3D-EDU GmbH","url":"https:\/\/3d-edu.ch\/fr\/","logo":{"@id":"https:\/\/3d-edu.ch\/fr\/boutique\/atelier-dimpression-3d-makerbot-a-la-carte\/#local-main-organization-logo"},"image":{"@id":"https:\/\/3d-edu.ch\/fr\/boutique\/atelier-dimpression-3d-makerbot-a-la-carte\/#local-main-organization-logo"},"sameAs":["https:\/\/www.facebook.com\/3d-educh-210277586064960\/","https:\/\/x.com\/3d_edu_ch"],"address":{"@id":"https:\/\/3d-edu.ch\/fr\/boutique\/atelier-dimpression-3d-makerbot-a-la-carte\/#local-main-place-address"},"geo":{"@type":"GeoCoordinates","latitude":"47.38413","longitude":"8.49812"},"telephone":["+41 44 492 11 22"],"openingHoursSpecification":[{"@type":"OpeningHoursSpecification","dayOfWeek":["Monday","Tuesday","Wednesday","Thursday","Friday"],"opens":"08:30","closes":"18:00"},{"@type":"OpeningHoursSpecification","dayOfWeek":["Saturday","Sunday"],"opens":"00:00","closes":"00:00"}],"email":"info@3d-edu.ch","faxNumber":"+41 44 492 11 23","vatID":"CHE-184.499.491 MWST","priceRange":"$$$","currenciesAccepted":"CHF"},{"@type":"PostalAddress","@id":"https:\/\/3d-edu.ch\/fr\/boutique\/atelier-dimpression-3d-makerbot-a-la-carte\/#local-main-place-address","streetAddress":"3D-EDU GmbH, Badenerstrasse 556","addressLocality":"Z\u00fcrich","postalCode":"8048","addressRegion":"Z\u00fcrich","addressCountry":"CH"},{"@type":"ImageObject","inLanguage":"fr-FR","@id":"https:\/\/3d-edu.ch\/fr\/boutique\/atelier-dimpression-3d-makerbot-a-la-carte\/#local-main-organization-logo","url":"https:\/\/3d-edu.ch\/wp-content\/uploads\/2018\/10\/3d-drucker-makerbot-formlabs-professionelle-3d-drucker-e1546527990490.png","contentUrl":"https:\/\/3d-edu.ch\/wp-content\/uploads\/2018\/10\/3d-drucker-makerbot-formlabs-professionelle-3d-drucker-e1546527990490.png","width":275,"height":80,"caption":"3D-EDU GmbH"}]},"product_brand":"Formation imprimante 3D","product_price_amount":"330.00","product_price_currency":"CHF","og_availability":"instock","product_availability":"instock","product_retailer_item_id":"WORK GYGAX INST","product_condition":"new","geo.placename":"Z\u00fcrich","geo.position":{"lat":"47.38413","long":"8.49812"},"geo.region":"Suisse"},"_links":{"self":[{"href":"https:\/\/3d-edu.ch\/fr\/wp-json\/wp\/v2\/product\/78254","targetHints":{"allow":["GET"]}}],"collection":[{"href":"https:\/\/3d-edu.ch\/fr\/wp-json\/wp\/v2\/product"}],"about":[{"href":"https:\/\/3d-edu.ch\/fr\/wp-json\/wp\/v2\/types\/product"}],"replies":[{"embeddable":true,"href":"https:\/\/3d-edu.ch\/fr\/wp-json\/wp\/v2\/comments?post=78254"}],"wp:featuredmedia":[{"embeddable":true,"href":"https:\/\/3d-edu.ch\/fr\/wp-json\/wp\/v2\/media\/61133"}],"wp:attachment":[{"href":"https:\/\/3d-edu.ch\/fr\/wp-json\/wp\/v2\/media?parent=78254"}],"wp:term":[{"taxonomy":"product_brand","embeddable":true,"href":"https:\/\/3d-edu.ch\/fr\/wp-json\/wp\/v2\/product_brand?post=78254"},{"taxonomy":"product_cat","embeddable":true,"href":"https:\/\/3d-edu.ch\/fr\/wp-json\/wp\/v2\/product_cat?post=78254"},{"taxonomy":"product_tag","embeddable":true,"href":"https:\/\/3d-edu.ch\/fr\/wp-json\/wp\/v2\/product_tag?post=78254"}],"curies":[{"name":"wp","href":"https:\/\/api.w.org\/{rel}","templated":true}]}}