{"id":77983,"date":"2016-01-25T10:15:03","date_gmt":"2016-01-25T10:15:03","guid":{"rendered":"https:\/\/3d-edu.ch\/shop\/makerbot-smart-extruder-extrudeur-intelligent\/"},"modified":"2026-04-20T20:03:31","modified_gmt":"2026-04-20T18:03:31","slug":"makerbot-smart-extruder-extrudeur-intelligent","status":"publish","type":"product","link":"https:\/\/3d-edu.ch\/fr\/boutique\/makerbot-smart-extruder-extrudeur-intelligent\/","title":{"rendered":"MakerBot Smart Extruder+ (extrudeur intelligent)"},"content":{"rendered":"<h3>La Smart Extruder+ vous offre les avantages suivants<\/h3>\n<ul>\n<li>L&rsquo;extrudeuse intelligente MakerBot+ est facilement rempla\u00e7able<\/li>\n<li>Cette extrudeuse est dot\u00e9e de composants am\u00e9lior\u00e9s et d&rsquo;un syst\u00e8me de capteurs optimis\u00e9.<\/li>\n<li>Le filament manquant est d\u00e9tect\u00e9 par l&rsquo;extrudeuse et interrompt le processus d&rsquo;impression. Celui-ci peut \u00eatre restaur\u00e9 ou repris et termin\u00e9. <\/li>\n<li>Cette extrudeuse permet un d\u00e9marrage plus rapide de l&rsquo;impression et un nivellement plus fin de la plaque de construction.<\/li>\n<li>Am\u00e9lioration des performances d&rsquo;impression et de la fiabilit\u00e9 dans le temps<\/li>\n<li>L&rsquo;extrudeuse intelligente+ envoie des notifications au logiciel <a href=\"\/makerbot\/makerbot-apps\/makerbot-print\/\">MakerBot Print<\/a> ou \u00e0 l&rsquo;application <a href=\"\/makerbot\/makerbot-apps\/makerbot-mobile\/\">MakerBot Mobile<\/a><\/li>\n<\/ul>\n<p>La t\u00eate d&rsquo;impression est consid\u00e9r\u00e9e comme un consommable et b\u00e9n\u00e9ficie d&rsquo;une garantie de 6 mois.<\/p>\n<p>La Smart Extruder+ est compatible avec les <a href=\"https:\/\/3d-edu.ch\/fr\/makerbot\/imprimante-3d-makerbot\/\">r\u00e9plicateurs MakerBot de la s\u00e9rie +<\/a> et les r\u00e9plicateurs de 5\u00e8me g\u00e9n\u00e9ration.<\/p>\n","protected":false},"excerpt":{"rendered":"<h2><strong>Extrudeuse intelligente<\/strong><\/h2>\n<p>La MakerBot Smart Extruder+ est con\u00e7ue pour l&rsquo;impression avec le <a href=\"https:\/\/3d-edu.ch\/fr\/makerbot\/filament-makerbot\/filament-pla-makerbot\/\">filament PLA MakerBot<\/a> sur la MakerBot <a href=\"https:\/\/3d-edu.ch\/fr\/makerbot\/imprimante-3d-makerbot\/makerbot-replicator\/\">Replicator+<\/a>, <a href=\"https:\/\/3d-edu.ch\/fr\/makerbot\/imprimante-3d-makerbot\/makerbot-replicator-mini\/\">la Replicator Mini<\/a><\/p>\n<p>L&rsquo;extrudeuse Smart Extruder+ vous permet d&rsquo;obtenir d&rsquo;excellents r\u00e9sultats avec une facilit\u00e9 d&rsquo;utilisation et une fiabilit\u00e9 maximales.<\/p>\n<p>Prix TTC : 214.33 CHF<\/p>\n","protected":false},"featured_media":58345,"comment_status":"closed","ping_status":"closed","template":"","meta":[],"product_brand":[],"product_cat":[7920,9069,9699,9700,9071],"product_tag":[8187,9166,8185,8186,9308,9600,9786,9246],"class_list":{"0":"post-77983","1":"product","2":"type-product","3":"status-publish","4":"has-post-thumbnail","6":"product_cat-accessoires-et-pieces-de-rechange-pour-imprimantes-3d-fr","7":"product_cat-makerbot-replicator-5e-generation","8":"product_cat-makerbot-replicator-mini","10":"product_cat-makerbot-replicator","11":"product_tag-accessoires-makerbot","12":"product_tag-extrudeuse-makerbot","13":"product_tag-makerbot","14":"product_tag-pieces-de-rechange-makerbot","15":"product_tag-replicateur-mini","16":"product_tag-replicator-5th-gen","17":"product_tag-replicator-mini","18":"product_tag-replicator","20":"first","21":"instock","22":"taxable","23":"shipping-taxable","24":"purchasable","25":"product-type-simple"},"yoast_head":"<!-- This site is optimized with the Yoast SEO Premium plugin v27.4 (Yoast SEO v27.4) - https:\/\/yoast.com\/product\/yoast-seo-premium-wordpress\/ -->\n<title>MakerBot Smart Extruder+ (extrudeur intelligent) %%page% - Pour MakerBot Replicator - 3D-EDU GmbH<\/title>\n<meta name=\"description\" content=\"La nouvelle Smart Extruder+ de MakerBot. Compatible avec les Replicator 5e g\u00e9n\u00e9ration et Mini. Composants am\u00e9lior\u00e9s &amp; syst\u00e8me de capteurs optimis\u00e9. Achetez maintenant !\" \/>\n<meta name=\"robots\" content=\"index, follow, max-snippet:-1, max-image-preview:large, max-video-preview:-1\" \/>\n<link rel=\"canonical\" href=\"https:\/\/3d-edu.ch\/fr\/boutique\/makerbot-smart-extruder-extrudeur-intelligent\/\" \/>\n<meta property=\"og:locale\" content=\"fr_FR\" \/>\n<meta property=\"og:type\" content=\"article\" \/>\n<meta property=\"og:title\" content=\"MakerBot Smart Extruder+ (extrudeur intelligent)\" \/>\n<meta property=\"og:description\" content=\"La nouvelle Smart Extruder+ de MakerBot. Compatible avec les Replicator 5e g\u00e9n\u00e9ration et Mini. Composants am\u00e9lior\u00e9s &amp; syst\u00e8me de capteurs optimis\u00e9. Achetez maintenant !\" \/>\n<meta property=\"og:url\" content=\"https:\/\/3d-edu.ch\/fr\/boutique\/makerbot-smart-extruder-extrudeur-intelligent\/\" \/>\n<meta property=\"og:site_name\" content=\"3D-EDU GmbH\" \/>\n<meta property=\"article:publisher\" content=\"https:\/\/www.facebook.com\/3d-educh-210277586064960\/\" \/>\n<meta property=\"article:modified_time\" content=\"2026-04-20T18:03:31+00:00\" \/>\n<meta property=\"og:image\" content=\"https:\/\/dedune53.myhostpoint.ch\/wp-content\/uploads\/2016\/01\/makerbot-smart-extruder-.png\" \/>\n<meta name=\"twitter:card\" content=\"summary_large_image\" \/>\n<meta name=\"twitter:site\" content=\"@3d_edu_ch\" \/>\n<meta name=\"twitter:label1\" content=\"Prix\" \/>\n\t<meta name=\"twitter:data1\" content=\"252.15&nbsp;&#067;&#072;&#070; hors TVA\" \/>\n\t<meta name=\"twitter:label2\" content=\"Disponibilit\u00e9\" \/>\n\t<meta name=\"twitter:data2\" content=\"En stock\" \/>\n<script type=\"application\/ld+json\" class=\"yoast-schema-graph\">{\"@context\":\"https:\\\/\\\/schema.org\",\"@graph\":[{\"@type\":\"WebPage\",\"@id\":\"https:\\\/\\\/3d-edu.ch\\\/fr\\\/boutique\\\/makerbot-smart-extruder-extrudeur-intelligent\\\/\",\"url\":\"https:\\\/\\\/3d-edu.ch\\\/fr\\\/boutique\\\/makerbot-smart-extruder-extrudeur-intelligent\\\/\",\"name\":\"MakerBot Smart Extruder+ (extrudeur intelligent) %%page% - Pour MakerBot Replicator - 3D-EDU GmbH\",\"isPartOf\":{\"@id\":\"https:\\\/\\\/3d-edu.ch\\\/fr\\\/#website\"},\"primaryImageOfPage\":{\"@id\":\"https:\\\/\\\/3d-edu.ch\\\/fr\\\/boutique\\\/makerbot-smart-extruder-extrudeur-intelligent\\\/#primaryimage\"},\"image\":{\"@id\":\"https:\\\/\\\/3d-edu.ch\\\/fr\\\/boutique\\\/makerbot-smart-extruder-extrudeur-intelligent\\\/#primaryimage\"},\"thumbnailUrl\":\"https:\\\/\\\/3d-edu.ch\\\/wp-content\\\/uploads\\\/2019\\\/01\\\/Smart-Extruder.jpg\",\"datePublished\":\"2016-01-25T10:15:03+00:00\",\"dateModified\":\"2026-04-20T18:03:31+00:00\",\"description\":\"La nouvelle Smart Extruder+ de MakerBot. Compatible avec les Replicator 5e g\u00e9n\u00e9ration et Mini. Composants am\u00e9lior\u00e9s & syst\u00e8me de capteurs optimis\u00e9. Achetez maintenant !\",\"breadcrumb\":{\"@id\":\"https:\\\/\\\/3d-edu.ch\\\/fr\\\/boutique\\\/makerbot-smart-extruder-extrudeur-intelligent\\\/#breadcrumb\"},\"inLanguage\":\"fr-FR\",\"potentialAction\":[{\"@type\":\"ReadAction\",\"target\":[\"https:\\\/\\\/3d-edu.ch\\\/fr\\\/boutique\\\/makerbot-smart-extruder-extrudeur-intelligent\\\/\"]}]},{\"@type\":\"ImageObject\",\"inLanguage\":\"fr-FR\",\"@id\":\"https:\\\/\\\/3d-edu.ch\\\/fr\\\/boutique\\\/makerbot-smart-extruder-extrudeur-intelligent\\\/#primaryimage\",\"url\":\"https:\\\/\\\/3d-edu.ch\\\/wp-content\\\/uploads\\\/2019\\\/01\\\/Smart-Extruder.jpg\",\"contentUrl\":\"https:\\\/\\\/3d-edu.ch\\\/wp-content\\\/uploads\\\/2019\\\/01\\\/Smart-Extruder.jpg\",\"width\":380,\"height\":380,\"caption\":\"Extrudeuse intelligente\"},{\"@type\":\"BreadcrumbList\",\"@id\":\"https:\\\/\\\/3d-edu.ch\\\/fr\\\/boutique\\\/makerbot-smart-extruder-extrudeur-intelligent\\\/#breadcrumb\",\"itemListElement\":[{\"@type\":\"ListItem\",\"position\":1,\"name\":\"Accueil\",\"item\":\"https:\\\/\\\/3d-edu.ch\\\/fr\\\/\"},{\"@type\":\"ListItem\",\"position\":2,\"name\":\"Boutique\",\"item\":\"https:\\\/\\\/3d-edu.ch\\\/fr\\\/boutique\\\/\"},{\"@type\":\"ListItem\",\"position\":3,\"name\":\"MakerBot Smart Extruder+ (extrudeur intelligent)\"}]},{\"@type\":\"WebSite\",\"@id\":\"https:\\\/\\\/3d-edu.ch\\\/fr\\\/#website\",\"url\":\"https:\\\/\\\/3d-edu.ch\\\/fr\\\/\",\"name\":\"3D-EDU GmbH\",\"description\":\"Your Formlabs, UltiMaker and Raise3D Printer Support and Education Site in Switzerland. \\\/\\\/ Ihre Formlabs, UltiMaker and Raise3D Drucker Support und Bildungs Webseite der Schweiz.\",\"publisher\":{\"@id\":\"https:\\\/\\\/3d-edu.ch\\\/fr\\\/#organization\"},\"potentialAction\":[{\"@type\":\"SearchAction\",\"target\":{\"@type\":\"EntryPoint\",\"urlTemplate\":\"https:\\\/\\\/3d-edu.ch\\\/fr\\\/?s={search_term_string}\"},\"query-input\":{\"@type\":\"PropertyValueSpecification\",\"valueRequired\":true,\"valueName\":\"search_term_string\"}}],\"inLanguage\":\"fr-FR\"},{\"@type\":[\"Organization\",\"Place\",\"ElectronicsStore\"],\"@id\":\"https:\\\/\\\/3d-edu.ch\\\/fr\\\/#organization\",\"name\":\"3D-EDU GmbH\",\"url\":\"https:\\\/\\\/3d-edu.ch\\\/fr\\\/\",\"logo\":{\"@id\":\"https:\\\/\\\/3d-edu.ch\\\/fr\\\/boutique\\\/makerbot-smart-extruder-extrudeur-intelligent\\\/#local-main-organization-logo\"},\"image\":{\"@id\":\"https:\\\/\\\/3d-edu.ch\\\/fr\\\/boutique\\\/makerbot-smart-extruder-extrudeur-intelligent\\\/#local-main-organization-logo\"},\"sameAs\":[\"https:\\\/\\\/www.facebook.com\\\/3d-educh-210277586064960\\\/\",\"https:\\\/\\\/x.com\\\/3d_edu_ch\"],\"address\":{\"@id\":\"https:\\\/\\\/3d-edu.ch\\\/fr\\\/boutique\\\/makerbot-smart-extruder-extrudeur-intelligent\\\/#local-main-place-address\"},\"geo\":{\"@type\":\"GeoCoordinates\",\"latitude\":\"47.38413\",\"longitude\":\"8.49812\"},\"telephone\":[\"+41 44 492 11 22\"],\"openingHoursSpecification\":[{\"@type\":\"OpeningHoursSpecification\",\"dayOfWeek\":[\"Monday\",\"Tuesday\",\"Wednesday\",\"Thursday\",\"Friday\"],\"opens\":\"08:30\",\"closes\":\"18:00\"},{\"@type\":\"OpeningHoursSpecification\",\"dayOfWeek\":[\"Saturday\",\"Sunday\"],\"opens\":\"00:00\",\"closes\":\"00:00\"}],\"email\":\"info@3d-edu.ch\",\"faxNumber\":\"+41 44 492 11 23\",\"vatID\":\"CHE-184.499.491 MWST\",\"priceRange\":\"$$$\",\"currenciesAccepted\":\"CHF\"},{\"@type\":\"PostalAddress\",\"@id\":\"https:\\\/\\\/3d-edu.ch\\\/fr\\\/boutique\\\/makerbot-smart-extruder-extrudeur-intelligent\\\/#local-main-place-address\",\"streetAddress\":\"3D-EDU GmbH, Badenerstrasse 556\",\"addressLocality\":\"Z\u00fcrich\",\"postalCode\":\"8048\",\"addressRegion\":\"Z\u00fcrich\",\"addressCountry\":\"CH\"},{\"@type\":\"ImageObject\",\"inLanguage\":\"fr-FR\",\"@id\":\"https:\\\/\\\/3d-edu.ch\\\/fr\\\/boutique\\\/makerbot-smart-extruder-extrudeur-intelligent\\\/#local-main-organization-logo\",\"url\":\"https:\\\/\\\/3d-edu.ch\\\/wp-content\\\/uploads\\\/2018\\\/10\\\/3d-drucker-makerbot-formlabs-professionelle-3d-drucker-e1546527990490.png\",\"contentUrl\":\"https:\\\/\\\/3d-edu.ch\\\/wp-content\\\/uploads\\\/2018\\\/10\\\/3d-drucker-makerbot-formlabs-professionelle-3d-drucker-e1546527990490.png\",\"width\":275,\"height\":80,\"caption\":\"3D-EDU GmbH\"}]}<\/script>\n<meta property=\"product:brand\" content=\"Accessoires et pi\u00e8ces de rechange pour imprimantes 3D\" \/>\n<meta property=\"product:price:amount\" content=\"252.15\" \/>\n<meta property=\"product:price:currency\" content=\"CHF\" \/>\n<meta property=\"og:availability\" content=\"instock\" \/>\n<meta property=\"product:availability\" content=\"instock\" \/>\n<meta property=\"product:retailer_item_id\" content=\"MP07325\" \/>\n<meta property=\"product:condition\" content=\"new\" \/>\n<meta name=\"geo.placename\" content=\"Z\u00fcrich\" \/>\n<meta name=\"geo.position\" content=\"47.38413;8.49812\" \/>\n<meta name=\"geo.region\" content=\"Suisse\" \/>\n<!-- \/ Yoast SEO Premium plugin. -->","yoast_head_json":{"title":"MakerBot Smart Extruder+ (extrudeur intelligent) %%page% - Pour MakerBot Replicator - 3D-EDU GmbH","description":"La nouvelle Smart Extruder+ de MakerBot. Compatible avec les Replicator 5e g\u00e9n\u00e9ration et Mini. Composants am\u00e9lior\u00e9s & syst\u00e8me de capteurs optimis\u00e9. Achetez maintenant !","robots":{"index":"index","follow":"follow","max-snippet":"max-snippet:-1","max-image-preview":"max-image-preview:large","max-video-preview":"max-video-preview:-1"},"canonical":"https:\/\/3d-edu.ch\/fr\/boutique\/makerbot-smart-extruder-extrudeur-intelligent\/","og_locale":"fr_FR","og_type":"article","og_title":"MakerBot Smart Extruder+ (extrudeur intelligent)","og_description":"La nouvelle Smart Extruder+ de MakerBot. Compatible avec les Replicator 5e g\u00e9n\u00e9ration et Mini. Composants am\u00e9lior\u00e9s & syst\u00e8me de capteurs optimis\u00e9. Achetez maintenant !","og_url":"https:\/\/3d-edu.ch\/fr\/boutique\/makerbot-smart-extruder-extrudeur-intelligent\/","og_site_name":"3D-EDU GmbH","article_publisher":"https:\/\/www.facebook.com\/3d-educh-210277586064960\/","article_modified_time":"2026-04-20T18:03:31+00:00","og_image":[{"url":"https:\/\/dedune53.myhostpoint.ch\/wp-content\/uploads\/2016\/01\/makerbot-smart-extruder-.png","type":"","width":"","height":""}],"twitter_card":"summary_large_image","twitter_site":"@3d_edu_ch","twitter_misc":{"Prix":"252.15&nbsp;&#67;&#72;&#70; hors TVA","Disponibilit\u00e9":"En stock"},"schema":{"@context":"https:\/\/schema.org","@graph":[{"@type":"WebPage","@id":"https:\/\/3d-edu.ch\/fr\/boutique\/makerbot-smart-extruder-extrudeur-intelligent\/","url":"https:\/\/3d-edu.ch\/fr\/boutique\/makerbot-smart-extruder-extrudeur-intelligent\/","name":"MakerBot Smart Extruder+ (extrudeur intelligent) %%page% - Pour MakerBot Replicator - 3D-EDU GmbH","isPartOf":{"@id":"https:\/\/3d-edu.ch\/fr\/#website"},"primaryImageOfPage":{"@id":"https:\/\/3d-edu.ch\/fr\/boutique\/makerbot-smart-extruder-extrudeur-intelligent\/#primaryimage"},"image":{"@id":"https:\/\/3d-edu.ch\/fr\/boutique\/makerbot-smart-extruder-extrudeur-intelligent\/#primaryimage"},"thumbnailUrl":"https:\/\/3d-edu.ch\/wp-content\/uploads\/2019\/01\/Smart-Extruder.jpg","datePublished":"2016-01-25T10:15:03+00:00","dateModified":"2026-04-20T18:03:31+00:00","description":"La nouvelle Smart Extruder+ de MakerBot. Compatible avec les Replicator 5e g\u00e9n\u00e9ration et Mini. Composants am\u00e9lior\u00e9s & syst\u00e8me de capteurs optimis\u00e9. Achetez maintenant !","breadcrumb":{"@id":"https:\/\/3d-edu.ch\/fr\/boutique\/makerbot-smart-extruder-extrudeur-intelligent\/#breadcrumb"},"inLanguage":"fr-FR","potentialAction":[{"@type":"ReadAction","target":["https:\/\/3d-edu.ch\/fr\/boutique\/makerbot-smart-extruder-extrudeur-intelligent\/"]}]},{"@type":"ImageObject","inLanguage":"fr-FR","@id":"https:\/\/3d-edu.ch\/fr\/boutique\/makerbot-smart-extruder-extrudeur-intelligent\/#primaryimage","url":"https:\/\/3d-edu.ch\/wp-content\/uploads\/2019\/01\/Smart-Extruder.jpg","contentUrl":"https:\/\/3d-edu.ch\/wp-content\/uploads\/2019\/01\/Smart-Extruder.jpg","width":380,"height":380,"caption":"Extrudeuse intelligente"},{"@type":"BreadcrumbList","@id":"https:\/\/3d-edu.ch\/fr\/boutique\/makerbot-smart-extruder-extrudeur-intelligent\/#breadcrumb","itemListElement":[{"@type":"ListItem","position":1,"name":"Accueil","item":"https:\/\/3d-edu.ch\/fr\/"},{"@type":"ListItem","position":2,"name":"Boutique","item":"https:\/\/3d-edu.ch\/fr\/boutique\/"},{"@type":"ListItem","position":3,"name":"MakerBot Smart Extruder+ (extrudeur intelligent)"}]},{"@type":"WebSite","@id":"https:\/\/3d-edu.ch\/fr\/#website","url":"https:\/\/3d-edu.ch\/fr\/","name":"3D-EDU GmbH","description":"Your Formlabs, UltiMaker and Raise3D Printer Support and Education Site in Switzerland. \/\/ Ihre Formlabs, UltiMaker and Raise3D Drucker Support und Bildungs Webseite der Schweiz.","publisher":{"@id":"https:\/\/3d-edu.ch\/fr\/#organization"},"potentialAction":[{"@type":"SearchAction","target":{"@type":"EntryPoint","urlTemplate":"https:\/\/3d-edu.ch\/fr\/?s={search_term_string}"},"query-input":{"@type":"PropertyValueSpecification","valueRequired":true,"valueName":"search_term_string"}}],"inLanguage":"fr-FR"},{"@type":["Organization","Place","ElectronicsStore"],"@id":"https:\/\/3d-edu.ch\/fr\/#organization","name":"3D-EDU GmbH","url":"https:\/\/3d-edu.ch\/fr\/","logo":{"@id":"https:\/\/3d-edu.ch\/fr\/boutique\/makerbot-smart-extruder-extrudeur-intelligent\/#local-main-organization-logo"},"image":{"@id":"https:\/\/3d-edu.ch\/fr\/boutique\/makerbot-smart-extruder-extrudeur-intelligent\/#local-main-organization-logo"},"sameAs":["https:\/\/www.facebook.com\/3d-educh-210277586064960\/","https:\/\/x.com\/3d_edu_ch"],"address":{"@id":"https:\/\/3d-edu.ch\/fr\/boutique\/makerbot-smart-extruder-extrudeur-intelligent\/#local-main-place-address"},"geo":{"@type":"GeoCoordinates","latitude":"47.38413","longitude":"8.49812"},"telephone":["+41 44 492 11 22"],"openingHoursSpecification":[{"@type":"OpeningHoursSpecification","dayOfWeek":["Monday","Tuesday","Wednesday","Thursday","Friday"],"opens":"08:30","closes":"18:00"},{"@type":"OpeningHoursSpecification","dayOfWeek":["Saturday","Sunday"],"opens":"00:00","closes":"00:00"}],"email":"info@3d-edu.ch","faxNumber":"+41 44 492 11 23","vatID":"CHE-184.499.491 MWST","priceRange":"$$$","currenciesAccepted":"CHF"},{"@type":"PostalAddress","@id":"https:\/\/3d-edu.ch\/fr\/boutique\/makerbot-smart-extruder-extrudeur-intelligent\/#local-main-place-address","streetAddress":"3D-EDU GmbH, Badenerstrasse 556","addressLocality":"Z\u00fcrich","postalCode":"8048","addressRegion":"Z\u00fcrich","addressCountry":"CH"},{"@type":"ImageObject","inLanguage":"fr-FR","@id":"https:\/\/3d-edu.ch\/fr\/boutique\/makerbot-smart-extruder-extrudeur-intelligent\/#local-main-organization-logo","url":"https:\/\/3d-edu.ch\/wp-content\/uploads\/2018\/10\/3d-drucker-makerbot-formlabs-professionelle-3d-drucker-e1546527990490.png","contentUrl":"https:\/\/3d-edu.ch\/wp-content\/uploads\/2018\/10\/3d-drucker-makerbot-formlabs-professionelle-3d-drucker-e1546527990490.png","width":275,"height":80,"caption":"3D-EDU GmbH"}]},"product_brand":"Accessoires et pi\u00e8ces de rechange pour imprimantes 3D","product_price_amount":"252.15","product_price_currency":"CHF","og_availability":"instock","product_availability":"instock","product_retailer_item_id":"MP07325","product_condition":"new","geo.placename":"Z\u00fcrich","geo.position":{"lat":"47.38413","long":"8.49812"},"geo.region":"Suisse"},"_links":{"self":[{"href":"https:\/\/3d-edu.ch\/fr\/wp-json\/wp\/v2\/product\/77983","targetHints":{"allow":["GET"]}}],"collection":[{"href":"https:\/\/3d-edu.ch\/fr\/wp-json\/wp\/v2\/product"}],"about":[{"href":"https:\/\/3d-edu.ch\/fr\/wp-json\/wp\/v2\/types\/product"}],"replies":[{"embeddable":true,"href":"https:\/\/3d-edu.ch\/fr\/wp-json\/wp\/v2\/comments?post=77983"}],"wp:featuredmedia":[{"embeddable":true,"href":"https:\/\/3d-edu.ch\/fr\/wp-json\/wp\/v2\/media\/58345"}],"wp:attachment":[{"href":"https:\/\/3d-edu.ch\/fr\/wp-json\/wp\/v2\/media?parent=77983"}],"wp:term":[{"taxonomy":"product_brand","embeddable":true,"href":"https:\/\/3d-edu.ch\/fr\/wp-json\/wp\/v2\/product_brand?post=77983"},{"taxonomy":"product_cat","embeddable":true,"href":"https:\/\/3d-edu.ch\/fr\/wp-json\/wp\/v2\/product_cat?post=77983"},{"taxonomy":"product_tag","embeddable":true,"href":"https:\/\/3d-edu.ch\/fr\/wp-json\/wp\/v2\/product_tag?post=77983"}],"curies":[{"name":"wp","href":"https:\/\/api.w.org\/{rel}","templated":true}]}}