{"id":77962,"date":"2016-08-29T09:58:26","date_gmt":"2016-08-29T07:58:26","guid":{"rendered":"https:\/\/3d-edu.ch\/shop\/form-2-resin-tank-reservoir-de-resine\/"},"modified":"2026-04-29T17:05:43","modified_gmt":"2026-04-29T15:05:43","slug":"form-2-resin-tank-reservoir-de-resine","status":"publish","type":"product","link":"https:\/\/3d-edu.ch\/fr\/boutique\/form-2-resin-tank-reservoir-de-resine\/","title":{"rendered":"Form 2 Resin Tank \/ R\u00e9servoir de r\u00e9sine"},"content":{"rendered":"<h3>Formlabs Form 2 Resin Tank \/ R\u00e9servoir de r\u00e9sine<\/h3>\n<p>Le nouveau r\u00e9servoir de r\u00e9sine Form 2 pour l&rsquo;<a href=\"\/formlabs\/form-2-3d-drucker\/\">imprimante 3D Form 2 de Formlabs<\/a> est opaque et fabriqu\u00e9 en polycarbonate incassable. Le r\u00e9servoir de r\u00e9sine Form 2 est livr\u00e9 avec une raclette et un couvercle r\u00e9utilisable. Vous pouvez ainsi stocker la r\u00e9sine en dehors de l&rsquo;imprimante 3D ou des cartouches et empiler facilement le r\u00e9servoir Formlabs Form 2.  <\/p>\n<p>Ce Form 2 Standard Tank de Formlabs n&rsquo;est pas compatible avec la <a href=\"https:\/\/3d-edu.ch\/fr\/formlabs\/resine-formlabs\/ingenierie\/\">r\u00e9sine Grey Pro Resin<\/a> ou <a href=\"https:\/\/3d-edu.ch\/fr\/formlabs\/resine-formlabs\/ingenierie\/\">la r\u00e9sine Rigid Res<\/a> in. Ces mat\u00e9riaux n\u00e9cessitent le <a href=\"https:\/\/3d-edu.ch\/fr\/boutique\/form-2-resin-tank-lt-reservoir-de-resine-lt\/\">Resin Tank LT<\/a>. Nous recommandons \u00e9galement le <a href=\"https:\/\/3d-edu.ch\/fr\/boutique\/form-2-resin-tank-lt-reservoir-de-resine-lt\/\">Form 2 Resin Tank LT de Formlabs<\/a> pour les r\u00e9sines dentaires.<\/p>\n<div class=\"accordion\">\n\t<div id=\"accordion-14282928\" class=\"accordion-item\">\n\t\t<a id=\"accordion-14282928-label\" class=\"accordion-title plain\" href=\"#accordion-item-plus-d&#039;informations\" aria-expanded=\"false\" aria-controls=\"accordion-14282928-content\">\n\t\t\t<button class=\"toggle\" aria-label=\"Basculer\"><i class=\"icon-angle-down\" aria-hidden=\"true\"><\/i><\/button>\n\t\t\t<span>Plus d&#039;informations<\/span>\n\t\t<\/a>\n\t\t<div id=\"accordion-14282928-content\" class=\"accordion-inner\" aria-labelledby=\"accordion-14282928-label\">\n\t\t\t\n<h3>Forme 2 R\u00e9servoir de r\u00e9sine - dur\u00e9e de vie<\/h3>\n<p>Les r\u00e9servoirs de r\u00e9sine Formlabs sont des consommables qui doivent \u00eatre remplac\u00e9s. Un r\u00e9servoir de r\u00e9sine standard doit \u00eatre remplac\u00e9 apr\u00e8s environ 1000-3000 couches imprim\u00e9es sur une zone de la couche \u00e9lastique ou lorsque l&rsquo;usure de la couche \u00e9lastique affecte la qualit\u00e9 d&rsquo;impression. Avec une dur\u00e9e d&rsquo;utilisation moyenne, le r\u00e9servoir de r\u00e9sine Form 2 de Formlabs offre des r\u00e9sultats de haute qualit\u00e9 jusqu&rsquo;\u00e0 1-1,5 litres.  <\/p>\n<p><small>La dur\u00e9e de vie individuelle d&rsquo;un r\u00e9servoir est influenc\u00e9e par diff\u00e9rents facteurs tels que la quantit\u00e9 de pression, la g\u00e9om\u00e9trie du mod\u00e8le, l&rsquo;\u00e9paisseur de la couche, le type de r\u00e9sine ainsi que l&rsquo;orientation et la disposition du mod\u00e8le.<\/small><\/p>\n<h3>Prolonger la dur\u00e9e de vie du r\u00e9servoir Form 2<\/h3>\n<ul>\n<li>R\u00e9partissez les objets sur la plateforme de construction de mani\u00e8re \u00e0 ce que les m\u00eames zones de la couche \u00e9lastique du r\u00e9servoir en r\u00e9sine Form 2 ne soient pas expos\u00e9es de mani\u00e8re r\u00e9p\u00e9t\u00e9e \u00e0 la lumi\u00e8re laser.<\/li>\n<li>Utilisez l&rsquo;outil d&rsquo;alignement dans PreForm pour imprimer les pi\u00e8ces \u00e0 un angle optimal et obtenir la plus petite surface possible par couche. Cela r\u00e9duit la zone de la couche \u00e9lastique expos\u00e9e au laser et aux forces de d\u00e9collement. <\/li>\n<li>Imprimez des pi\u00e8ces avec la plus grande hauteur de couche acceptable. Les r\u00e9solutions \u00e9lev\u00e9es font que la couche \u00e9lastique est expos\u00e9e \u00e0 deux (\u00e0 50 microns) ou quatre (\u00e0 25 microns) fois plus d&rsquo;activit\u00e9 laser qu&rsquo;\u00e0 100 microns. Une activit\u00e9 laser concentr\u00e9e augmente le niveau d&rsquo;opacit\u00e9.  <\/li>\n<\/ul>\n<h3>Stocker les r\u00e9servoirs de r\u00e9sine standard<\/h3>\n<p>Stockez le Form 2 Resin Tank de Formlabs dans un endroit frais et sec, \u00e0 l&rsquo;abri de la lumi\u00e8re directe du soleil. Utilisez les couvercles de r\u00e9servoir pour prot\u00e9ger la r\u00e9sine dans le r\u00e9servoir et pour pouvoir empiler plusieurs r\u00e9servoirs les uns sur les autres. Certains mat\u00e9riaux de Formlabs, tels que Castable, High Temp et Dental SG, entra\u00eenent une usure plus rapide des r\u00e9servoirs de r\u00e9sine standard. \u00c9vitez de stocker ces r\u00e9sines dans le r\u00e9servoir pendant plus d&rsquo;un mois afin d&rsquo;\u00e9viter les fuites et les dommages cons\u00e9cutifs.   <\/p>\n<p>Si vous avez d&rsquo;autres questions <a href=\"https:\/\/3d-edu.ch\/fr\/contact\/\">, contactez-nous !<\/a><\/p>\n\t\t<\/div>\n\t<\/div>\n\t\n<\/div>\n","protected":false},"excerpt":{"rendered":"<h3>Formlabs Form 2 R\u00e9servoir en r\u00e9sine<\/h3>\n<p>Les r\u00e9servoirs de r\u00e9sine et les plates-formes de construction sont des \u00e9l\u00e9ments essentiels du processus d&rsquo;impression.<\/p>\n<h2>R\u00e9servoir de r\u00e9sine Formlabs<\/h2>\n<p>Le Formlas Form 2 Resin Tank est une coque amovible et interchangeable qui sert de r\u00e9servoir de r\u00e9sine pour le processus d&rsquo;impression.<\/p>\n","protected":false},"featured_media":58738,"comment_status":"closed","ping_status":"closed","template":"","meta":[],"product_brand":[],"product_cat":[7781,7899,7780,7782],"product_tag":[7785,9811,7784,9615,8157],"class_list":{"0":"post-77962","1":"product","2":"type-product","3":"status-publish","4":"has-post-thumbnail","6":"product_cat-accessoires","7":"product_cat-form-2-3-l-accessoires-fr","8":"product_cat-formlabs-fr","9":"product_cat-sla-lfs-accessoires","10":"product_tag-accessoires-formlabs","11":"product_tag-forme-2","12":"product_tag-formlabs-fr","13":"product_tag-reservoir-en-resine","14":"product_tag-reservoir-formlabs","16":"first","17":"instock","18":"taxable","19":"shipping-taxable","20":"purchasable","21":"product-type-simple"},"yoast_head":"<!-- This site is optimized with the Yoast SEO Premium plugin v27.4 (Yoast SEO v27.4) - https:\/\/yoast.com\/product\/yoast-seo-premium-wordpress\/ -->\n<title>Formlabs Form 2 Resin Tank \/ R\u00e9servoir de r\u00e9sine commander en ligne - 3D-EDU GmbH<\/title>\n<meta name=\"robots\" content=\"index, follow, max-snippet:-1, max-image-preview:large, max-video-preview:-1\" \/>\n<link rel=\"canonical\" href=\"https:\/\/3d-edu.ch\/fr\/boutique\/form-2-resin-tank-reservoir-de-resine\/\" \/>\n<meta property=\"og:locale\" content=\"fr_FR\" \/>\n<meta property=\"og:type\" content=\"article\" \/>\n<meta property=\"og:title\" content=\"Form 2 Resin Tank \/ R\u00e9servoir de r\u00e9sine\" \/>\n<meta property=\"og:description\" content=\"Formlabs Form 2 R\u00e9servoir en r\u00e9sine Les r\u00e9servoirs de r\u00e9sine et les plates-formes de construction sont des \u00e9l\u00e9ments essentiels du processus d&#039;impression. R\u00e9servoir de r\u00e9sine Formlabs Le Formlas Form 2 Resin Tank est une coque amovible et interchangeable qui sert de r\u00e9servoir de r\u00e9sine pour le processus d&#039;impression.\" \/>\n<meta property=\"og:url\" content=\"https:\/\/3d-edu.ch\/fr\/boutique\/form-2-resin-tank-reservoir-de-resine\/\" \/>\n<meta property=\"og:site_name\" content=\"3D-EDU GmbH\" \/>\n<meta property=\"article:publisher\" content=\"https:\/\/www.facebook.com\/3d-educh-210277586064960\/\" \/>\n<meta property=\"article:modified_time\" content=\"2026-04-29T15:05:43+00:00\" \/>\n<meta property=\"og:image\" content=\"https:\/\/3d-edu.ch\/wp-content\/uploads\/2019\/01\/zubehor-formlabs-form-2-resin-tank.jpg\" \/>\n\t<meta property=\"og:image:width\" content=\"380\" \/>\n\t<meta property=\"og:image:height\" content=\"380\" \/>\n\t<meta property=\"og:image:type\" content=\"image\/jpeg\" \/>\n<meta name=\"twitter:card\" content=\"summary_large_image\" \/>\n<meta name=\"twitter:site\" content=\"@3d_edu_ch\" \/>\n<meta name=\"twitter:label1\" content=\"Prix\" \/>\n\t<meta name=\"twitter:data1\" content=\"60.10&nbsp;&#067;&#072;&#070; hors TVA\" \/>\n\t<meta name=\"twitter:label2\" content=\"Disponibilit\u00e9\" \/>\n\t<meta name=\"twitter:data2\" content=\"En stock\" \/>\n<script type=\"application\/ld+json\" class=\"yoast-schema-graph\">{\"@context\":\"https:\\\/\\\/schema.org\",\"@graph\":[{\"@type\":\"WebPage\",\"@id\":\"https:\\\/\\\/3d-edu.ch\\\/fr\\\/boutique\\\/form-2-resin-tank-reservoir-de-resine\\\/\",\"url\":\"https:\\\/\\\/3d-edu.ch\\\/fr\\\/boutique\\\/form-2-resin-tank-reservoir-de-resine\\\/\",\"name\":\"Formlabs Form 2 Resin Tank \\\/ R\u00e9servoir de r\u00e9sine commander en ligne - 3D-EDU GmbH\",\"isPartOf\":{\"@id\":\"https:\\\/\\\/3d-edu.ch\\\/fr\\\/#website\"},\"primaryImageOfPage\":{\"@id\":\"https:\\\/\\\/3d-edu.ch\\\/fr\\\/boutique\\\/form-2-resin-tank-reservoir-de-resine\\\/#primaryimage\"},\"image\":{\"@id\":\"https:\\\/\\\/3d-edu.ch\\\/fr\\\/boutique\\\/form-2-resin-tank-reservoir-de-resine\\\/#primaryimage\"},\"thumbnailUrl\":\"https:\\\/\\\/3d-edu.ch\\\/wp-content\\\/uploads\\\/2019\\\/01\\\/zubehor-formlabs-form-2-resin-tank.jpg\",\"datePublished\":\"2016-08-29T07:58:26+00:00\",\"dateModified\":\"2026-04-29T15:05:43+00:00\",\"breadcrumb\":{\"@id\":\"https:\\\/\\\/3d-edu.ch\\\/fr\\\/boutique\\\/form-2-resin-tank-reservoir-de-resine\\\/#breadcrumb\"},\"inLanguage\":\"fr-FR\",\"potentialAction\":[{\"@type\":\"ReadAction\",\"target\":[\"https:\\\/\\\/3d-edu.ch\\\/fr\\\/boutique\\\/form-2-resin-tank-reservoir-de-resine\\\/\"]}]},{\"@type\":\"ImageObject\",\"inLanguage\":\"fr-FR\",\"@id\":\"https:\\\/\\\/3d-edu.ch\\\/fr\\\/boutique\\\/form-2-resin-tank-reservoir-de-resine\\\/#primaryimage\",\"url\":\"https:\\\/\\\/3d-edu.ch\\\/wp-content\\\/uploads\\\/2019\\\/01\\\/zubehor-formlabs-form-2-resin-tank.jpg\",\"contentUrl\":\"https:\\\/\\\/3d-edu.ch\\\/wp-content\\\/uploads\\\/2019\\\/01\\\/zubehor-formlabs-form-2-resin-tank.jpg\",\"width\":380,\"height\":380,\"caption\":\"formlabs form 2 r\u00e9servoir de r\u00e9sine\"},{\"@type\":\"BreadcrumbList\",\"@id\":\"https:\\\/\\\/3d-edu.ch\\\/fr\\\/boutique\\\/form-2-resin-tank-reservoir-de-resine\\\/#breadcrumb\",\"itemListElement\":[{\"@type\":\"ListItem\",\"position\":1,\"name\":\"Accueil\",\"item\":\"https:\\\/\\\/3d-edu.ch\\\/fr\\\/\"},{\"@type\":\"ListItem\",\"position\":2,\"name\":\"Boutique\",\"item\":\"https:\\\/\\\/3d-edu.ch\\\/fr\\\/boutique\\\/\"},{\"@type\":\"ListItem\",\"position\":3,\"name\":\"Form 2 Resin Tank \\\/ R\u00e9servoir de r\u00e9sine\"}]},{\"@type\":\"WebSite\",\"@id\":\"https:\\\/\\\/3d-edu.ch\\\/fr\\\/#website\",\"url\":\"https:\\\/\\\/3d-edu.ch\\\/fr\\\/\",\"name\":\"3D-EDU GmbH\",\"description\":\"Your Formlabs, UltiMaker and Raise3D Printer Support and Education Site in Switzerland. \\\/\\\/ Ihre Formlabs, UltiMaker and Raise3D Drucker Support und Bildungs Webseite der Schweiz.\",\"publisher\":{\"@id\":\"https:\\\/\\\/3d-edu.ch\\\/fr\\\/#organization\"},\"potentialAction\":[{\"@type\":\"SearchAction\",\"target\":{\"@type\":\"EntryPoint\",\"urlTemplate\":\"https:\\\/\\\/3d-edu.ch\\\/fr\\\/?s={search_term_string}\"},\"query-input\":{\"@type\":\"PropertyValueSpecification\",\"valueRequired\":true,\"valueName\":\"search_term_string\"}}],\"inLanguage\":\"fr-FR\"},{\"@type\":[\"Organization\",\"Place\",\"ElectronicsStore\"],\"@id\":\"https:\\\/\\\/3d-edu.ch\\\/fr\\\/#organization\",\"name\":\"3D-EDU GmbH\",\"url\":\"https:\\\/\\\/3d-edu.ch\\\/fr\\\/\",\"logo\":{\"@id\":\"https:\\\/\\\/3d-edu.ch\\\/fr\\\/boutique\\\/form-2-resin-tank-reservoir-de-resine\\\/#local-main-organization-logo\"},\"image\":{\"@id\":\"https:\\\/\\\/3d-edu.ch\\\/fr\\\/boutique\\\/form-2-resin-tank-reservoir-de-resine\\\/#local-main-organization-logo\"},\"sameAs\":[\"https:\\\/\\\/www.facebook.com\\\/3d-educh-210277586064960\\\/\",\"https:\\\/\\\/x.com\\\/3d_edu_ch\"],\"address\":{\"@id\":\"https:\\\/\\\/3d-edu.ch\\\/fr\\\/boutique\\\/form-2-resin-tank-reservoir-de-resine\\\/#local-main-place-address\"},\"geo\":{\"@type\":\"GeoCoordinates\",\"latitude\":\"47.38413\",\"longitude\":\"8.49812\"},\"telephone\":[\"+41 44 492 11 22\"],\"openingHoursSpecification\":[{\"@type\":\"OpeningHoursSpecification\",\"dayOfWeek\":[\"Monday\",\"Tuesday\",\"Wednesday\",\"Thursday\",\"Friday\"],\"opens\":\"08:30\",\"closes\":\"18:00\"},{\"@type\":\"OpeningHoursSpecification\",\"dayOfWeek\":[\"Saturday\",\"Sunday\"],\"opens\":\"00:00\",\"closes\":\"00:00\"}],\"email\":\"info@3d-edu.ch\",\"faxNumber\":\"+41 44 492 11 23\",\"vatID\":\"CHE-184.499.491 MWST\",\"priceRange\":\"$$$\",\"currenciesAccepted\":\"CHF\"},{\"@type\":\"PostalAddress\",\"@id\":\"https:\\\/\\\/3d-edu.ch\\\/fr\\\/boutique\\\/form-2-resin-tank-reservoir-de-resine\\\/#local-main-place-address\",\"streetAddress\":\"3D-EDU GmbH, Badenerstrasse 556\",\"addressLocality\":\"Z\u00fcrich\",\"postalCode\":\"8048\",\"addressRegion\":\"Z\u00fcrich\",\"addressCountry\":\"CH\"},{\"@type\":\"ImageObject\",\"inLanguage\":\"fr-FR\",\"@id\":\"https:\\\/\\\/3d-edu.ch\\\/fr\\\/boutique\\\/form-2-resin-tank-reservoir-de-resine\\\/#local-main-organization-logo\",\"url\":\"https:\\\/\\\/3d-edu.ch\\\/wp-content\\\/uploads\\\/2018\\\/10\\\/3d-drucker-makerbot-formlabs-professionelle-3d-drucker-e1546527990490.png\",\"contentUrl\":\"https:\\\/\\\/3d-edu.ch\\\/wp-content\\\/uploads\\\/2018\\\/10\\\/3d-drucker-makerbot-formlabs-professionelle-3d-drucker-e1546527990490.png\",\"width\":275,\"height\":80,\"caption\":\"3D-EDU GmbH\"}]}<\/script>\n<meta property=\"product:brand\" content=\"Formlabs\" \/>\n<meta property=\"product:price:amount\" content=\"60.10\" \/>\n<meta property=\"product:price:currency\" content=\"CHF\" \/>\n<meta property=\"og:availability\" content=\"instock\" \/>\n<meta property=\"product:availability\" content=\"instock\" \/>\n<meta property=\"product:retailer_item_id\" content=\"RT-F2-01\" \/>\n<meta property=\"product:condition\" content=\"new\" \/>\n<meta name=\"geo.placename\" content=\"Z\u00fcrich\" \/>\n<meta name=\"geo.position\" content=\"47.38413;8.49812\" \/>\n<meta name=\"geo.region\" content=\"Suisse\" \/>\n<!-- \/ Yoast SEO Premium plugin. -->","yoast_head_json":{"title":"Formlabs Form 2 Resin Tank \/ R\u00e9servoir de r\u00e9sine commander en ligne - 3D-EDU GmbH","robots":{"index":"index","follow":"follow","max-snippet":"max-snippet:-1","max-image-preview":"max-image-preview:large","max-video-preview":"max-video-preview:-1"},"canonical":"https:\/\/3d-edu.ch\/fr\/boutique\/form-2-resin-tank-reservoir-de-resine\/","og_locale":"fr_FR","og_type":"article","og_title":"Form 2 Resin Tank \/ R\u00e9servoir de r\u00e9sine","og_description":"Formlabs Form 2 R\u00e9servoir en r\u00e9sine Les r\u00e9servoirs de r\u00e9sine et les plates-formes de construction sont des \u00e9l\u00e9ments essentiels du processus d'impression. R\u00e9servoir de r\u00e9sine Formlabs Le Formlas Form 2 Resin Tank est une coque amovible et interchangeable qui sert de r\u00e9servoir de r\u00e9sine pour le processus d'impression.","og_url":"https:\/\/3d-edu.ch\/fr\/boutique\/form-2-resin-tank-reservoir-de-resine\/","og_site_name":"3D-EDU GmbH","article_publisher":"https:\/\/www.facebook.com\/3d-educh-210277586064960\/","article_modified_time":"2026-04-29T15:05:43+00:00","og_image":[{"width":380,"height":380,"url":"https:\/\/3d-edu.ch\/wp-content\/uploads\/2019\/01\/zubehor-formlabs-form-2-resin-tank.jpg","type":"image\/jpeg"}],"twitter_card":"summary_large_image","twitter_site":"@3d_edu_ch","twitter_misc":{"Prix":"60.10&nbsp;&#67;&#72;&#70; hors TVA","Disponibilit\u00e9":"En stock"},"schema":{"@context":"https:\/\/schema.org","@graph":[{"@type":"WebPage","@id":"https:\/\/3d-edu.ch\/fr\/boutique\/form-2-resin-tank-reservoir-de-resine\/","url":"https:\/\/3d-edu.ch\/fr\/boutique\/form-2-resin-tank-reservoir-de-resine\/","name":"Formlabs Form 2 Resin Tank \/ R\u00e9servoir de r\u00e9sine commander en ligne - 3D-EDU GmbH","isPartOf":{"@id":"https:\/\/3d-edu.ch\/fr\/#website"},"primaryImageOfPage":{"@id":"https:\/\/3d-edu.ch\/fr\/boutique\/form-2-resin-tank-reservoir-de-resine\/#primaryimage"},"image":{"@id":"https:\/\/3d-edu.ch\/fr\/boutique\/form-2-resin-tank-reservoir-de-resine\/#primaryimage"},"thumbnailUrl":"https:\/\/3d-edu.ch\/wp-content\/uploads\/2019\/01\/zubehor-formlabs-form-2-resin-tank.jpg","datePublished":"2016-08-29T07:58:26+00:00","dateModified":"2026-04-29T15:05:43+00:00","breadcrumb":{"@id":"https:\/\/3d-edu.ch\/fr\/boutique\/form-2-resin-tank-reservoir-de-resine\/#breadcrumb"},"inLanguage":"fr-FR","potentialAction":[{"@type":"ReadAction","target":["https:\/\/3d-edu.ch\/fr\/boutique\/form-2-resin-tank-reservoir-de-resine\/"]}]},{"@type":"ImageObject","inLanguage":"fr-FR","@id":"https:\/\/3d-edu.ch\/fr\/boutique\/form-2-resin-tank-reservoir-de-resine\/#primaryimage","url":"https:\/\/3d-edu.ch\/wp-content\/uploads\/2019\/01\/zubehor-formlabs-form-2-resin-tank.jpg","contentUrl":"https:\/\/3d-edu.ch\/wp-content\/uploads\/2019\/01\/zubehor-formlabs-form-2-resin-tank.jpg","width":380,"height":380,"caption":"formlabs form 2 r\u00e9servoir de r\u00e9sine"},{"@type":"BreadcrumbList","@id":"https:\/\/3d-edu.ch\/fr\/boutique\/form-2-resin-tank-reservoir-de-resine\/#breadcrumb","itemListElement":[{"@type":"ListItem","position":1,"name":"Accueil","item":"https:\/\/3d-edu.ch\/fr\/"},{"@type":"ListItem","position":2,"name":"Boutique","item":"https:\/\/3d-edu.ch\/fr\/boutique\/"},{"@type":"ListItem","position":3,"name":"Form 2 Resin Tank \/ R\u00e9servoir de r\u00e9sine"}]},{"@type":"WebSite","@id":"https:\/\/3d-edu.ch\/fr\/#website","url":"https:\/\/3d-edu.ch\/fr\/","name":"3D-EDU GmbH","description":"Your Formlabs, UltiMaker and Raise3D Printer Support and Education Site in Switzerland. \/\/ Ihre Formlabs, UltiMaker and Raise3D Drucker Support und Bildungs Webseite der Schweiz.","publisher":{"@id":"https:\/\/3d-edu.ch\/fr\/#organization"},"potentialAction":[{"@type":"SearchAction","target":{"@type":"EntryPoint","urlTemplate":"https:\/\/3d-edu.ch\/fr\/?s={search_term_string}"},"query-input":{"@type":"PropertyValueSpecification","valueRequired":true,"valueName":"search_term_string"}}],"inLanguage":"fr-FR"},{"@type":["Organization","Place","ElectronicsStore"],"@id":"https:\/\/3d-edu.ch\/fr\/#organization","name":"3D-EDU GmbH","url":"https:\/\/3d-edu.ch\/fr\/","logo":{"@id":"https:\/\/3d-edu.ch\/fr\/boutique\/form-2-resin-tank-reservoir-de-resine\/#local-main-organization-logo"},"image":{"@id":"https:\/\/3d-edu.ch\/fr\/boutique\/form-2-resin-tank-reservoir-de-resine\/#local-main-organization-logo"},"sameAs":["https:\/\/www.facebook.com\/3d-educh-210277586064960\/","https:\/\/x.com\/3d_edu_ch"],"address":{"@id":"https:\/\/3d-edu.ch\/fr\/boutique\/form-2-resin-tank-reservoir-de-resine\/#local-main-place-address"},"geo":{"@type":"GeoCoordinates","latitude":"47.38413","longitude":"8.49812"},"telephone":["+41 44 492 11 22"],"openingHoursSpecification":[{"@type":"OpeningHoursSpecification","dayOfWeek":["Monday","Tuesday","Wednesday","Thursday","Friday"],"opens":"08:30","closes":"18:00"},{"@type":"OpeningHoursSpecification","dayOfWeek":["Saturday","Sunday"],"opens":"00:00","closes":"00:00"}],"email":"info@3d-edu.ch","faxNumber":"+41 44 492 11 23","vatID":"CHE-184.499.491 MWST","priceRange":"$$$","currenciesAccepted":"CHF"},{"@type":"PostalAddress","@id":"https:\/\/3d-edu.ch\/fr\/boutique\/form-2-resin-tank-reservoir-de-resine\/#local-main-place-address","streetAddress":"3D-EDU GmbH, Badenerstrasse 556","addressLocality":"Z\u00fcrich","postalCode":"8048","addressRegion":"Z\u00fcrich","addressCountry":"CH"},{"@type":"ImageObject","inLanguage":"fr-FR","@id":"https:\/\/3d-edu.ch\/fr\/boutique\/form-2-resin-tank-reservoir-de-resine\/#local-main-organization-logo","url":"https:\/\/3d-edu.ch\/wp-content\/uploads\/2018\/10\/3d-drucker-makerbot-formlabs-professionelle-3d-drucker-e1546527990490.png","contentUrl":"https:\/\/3d-edu.ch\/wp-content\/uploads\/2018\/10\/3d-drucker-makerbot-formlabs-professionelle-3d-drucker-e1546527990490.png","width":275,"height":80,"caption":"3D-EDU GmbH"}]},"product_brand":"Formlabs","product_price_amount":"60.10","product_price_currency":"CHF","og_availability":"instock","product_availability":"instock","product_retailer_item_id":"RT-F2-01","product_condition":"new","geo.placename":"Z\u00fcrich","geo.position":{"lat":"47.38413","long":"8.49812"},"geo.region":"Suisse"},"_links":{"self":[{"href":"https:\/\/3d-edu.ch\/fr\/wp-json\/wp\/v2\/product\/77962","targetHints":{"allow":["GET"]}}],"collection":[{"href":"https:\/\/3d-edu.ch\/fr\/wp-json\/wp\/v2\/product"}],"about":[{"href":"https:\/\/3d-edu.ch\/fr\/wp-json\/wp\/v2\/types\/product"}],"replies":[{"embeddable":true,"href":"https:\/\/3d-edu.ch\/fr\/wp-json\/wp\/v2\/comments?post=77962"}],"wp:featuredmedia":[{"embeddable":true,"href":"https:\/\/3d-edu.ch\/fr\/wp-json\/wp\/v2\/media\/58738"}],"wp:attachment":[{"href":"https:\/\/3d-edu.ch\/fr\/wp-json\/wp\/v2\/media?parent=77962"}],"wp:term":[{"taxonomy":"product_brand","embeddable":true,"href":"https:\/\/3d-edu.ch\/fr\/wp-json\/wp\/v2\/product_brand?post=77962"},{"taxonomy":"product_cat","embeddable":true,"href":"https:\/\/3d-edu.ch\/fr\/wp-json\/wp\/v2\/product_cat?post=77962"},{"taxonomy":"product_tag","embeddable":true,"href":"https:\/\/3d-edu.ch\/fr\/wp-json\/wp\/v2\/product_tag?post=77962"}],"curies":[{"name":"wp","href":"https:\/\/api.w.org\/{rel}","templated":true}]}}