{"id":77933,"date":"2017-02-28T15:14:28","date_gmt":"2017-02-28T15:14:28","guid":{"rendered":"https:\/\/3d-edu.ch\/shop\/makerbot-replicator-ruban-adhesif-pour-plaque-de-construction\/"},"modified":"2026-04-20T13:47:10","modified_gmt":"2026-04-20T11:47:10","slug":"makerbot-replicator-ruban-adhesif-pour-plaque-de-construction","status":"publish","type":"product","link":"https:\/\/3d-edu.ch\/fr\/boutique\/makerbot-replicator-ruban-adhesif-pour-plaque-de-construction\/","title":{"rendered":"MakerBot Replicator+ Ruban adh\u00e9sif pour plaque de construction"},"content":{"rendered":"<h3>MakerBot Replicator+ Buildplate Tape \/ Film pour lit d&rsquo;impression<\/h3>\n<p>Le ruban adh\u00e9sif pour l&rsquo;imprimante 3D <a href=\"https:\/\/3d-edu.ch\/fr\/makerbot\/imprimante-3d-makerbot\/makerbot-replicator\/\">MakerBot Replicator+<\/a> (MakerBot Replicator+ Buildplate Tape) facilite l&rsquo;adh\u00e9rence des composants et le d\u00e9collage propre de vos mod\u00e8les du <a href=\"https:\/\/3d-edu.ch\/fr\/boutique\/makerbot-replicator-plaque-de-construction\/\">plateau de construction<\/a>. Le plateau de construction flexible de la MakerBot Replicator+ facilite le d\u00e9tachement propre de vos mod\u00e8les du plateau de construction. <\/p>\n<p>Le film pour lit d&rsquo;impression pour MakerBot Replicator+ est solide et auto-adh\u00e9sif. Cela permet de l&rsquo;appliquer et de le retirer facilement de la plaque de construction. <\/p>\n<p>ASTUCE : Le ruban MakerBot Build Plate Tape pour l&rsquo;imprimante 3D MakerBot Replicator+ peut \u00e9galement \u00eatre d\u00e9coup\u00e9 et coll\u00e9, par exemple, sur la plateforme de construction de la MakerBot Replicator 5th Generation.<\/p>\n<p>Si vous frottez le panneau de construction avec de l&rsquo;alcool avant de coller la feuille adh\u00e9sive, celle-ci tiendra mieux, car d&rsquo;\u00e9ventuels r\u00e9sidus d&rsquo;huile et de salet\u00e9 peuvent limiter son adh\u00e9rence.<\/p>\n","protected":false},"excerpt":{"rendered":"<h2>Film adh\u00e9sif pour l&rsquo;imprimante 3D MakerBot Replicator+ (MakerBot Replicator+ Buildplate Tape)<\/h2>\n<p>&nbsp;<br \/>\nCaract\u00e9ristiques :<br \/>\n- Le film adh\u00e9sif sert sp\u00e9cialement \u00e0 am\u00e9liorer l&rsquo;adh\u00e9rence des grandes impressions<br \/>\n- 3 films par paquet<br \/>\n- Dimensions : 295 x 195 mm (autocollant)<\/p>\n","protected":false},"featured_media":58778,"comment_status":"closed","ping_status":"closed","template":"","meta":[],"product_brand":[],"product_cat":[7920,9071],"product_tag":[8187,8185,9246],"class_list":{"0":"post-77933","1":"product","2":"type-product","3":"status-publish","4":"has-post-thumbnail","6":"product_cat-accessoires-et-pieces-de-rechange-pour-imprimantes-3d-fr","7":"product_cat-makerbot-replicator","8":"product_tag-accessoires-makerbot","9":"product_tag-makerbot","10":"product_tag-replicator","12":"first","13":"instock","14":"taxable","15":"shipping-taxable","16":"purchasable","17":"product-type-simple"},"yoast_head":"<!-- This site is optimized with the Yoast SEO Premium plugin v27.4 (Yoast SEO v27.4) - https:\/\/yoast.com\/product\/yoast-seo-premium-wordpress\/ -->\n<title>MakerBot Replicator+ Ruban adh\u00e9sif pour plaque de construction - 3D-EDU GmbH<\/title>\n<meta name=\"robots\" content=\"index, follow, max-snippet:-1, max-image-preview:large, max-video-preview:-1\" \/>\n<link rel=\"canonical\" href=\"https:\/\/3d-edu.ch\/fr\/boutique\/makerbot-replicator-ruban-adhesif-pour-plaque-de-construction\/\" \/>\n<meta property=\"og:locale\" content=\"fr_FR\" \/>\n<meta property=\"og:type\" content=\"article\" \/>\n<meta property=\"og:title\" content=\"MakerBot Replicator+ Ruban adh\u00e9sif pour plaque de construction\" \/>\n<meta property=\"og:description\" content=\"Film adh\u00e9sif pour l&#039;imprimante 3D MakerBot Replicator+ (MakerBot Replicator+ Buildplate Tape) &nbsp; Caract\u00e9ristiques : - Le film adh\u00e9sif sert sp\u00e9cialement \u00e0 am\u00e9liorer l&#039;adh\u00e9rence des grandes impressions - 3 films par paquet - Dimensions : 295 x 195 mm (autocollant)\" \/>\n<meta property=\"og:url\" content=\"https:\/\/3d-edu.ch\/fr\/boutique\/makerbot-replicator-ruban-adhesif-pour-plaque-de-construction\/\" \/>\n<meta property=\"og:site_name\" content=\"3D-EDU GmbH\" \/>\n<meta property=\"article:publisher\" content=\"https:\/\/www.facebook.com\/3d-educh-210277586064960\/\" \/>\n<meta property=\"article:modified_time\" content=\"2026-04-20T11:47:10+00:00\" \/>\n<meta property=\"og:image\" content=\"https:\/\/3d-edu.ch\/wp-content\/uploads\/2019\/01\/MakerBot-replicator-build-plate-tape-bauplatten-folie.jpg\" \/>\n\t<meta property=\"og:image:width\" content=\"340\" \/>\n\t<meta property=\"og:image:height\" content=\"340\" \/>\n\t<meta property=\"og:image:type\" content=\"image\/jpeg\" \/>\n<meta name=\"twitter:card\" content=\"summary_large_image\" \/>\n<meta name=\"twitter:site\" content=\"@3d_edu_ch\" \/>\n<meta name=\"twitter:label1\" content=\"Prix\" \/>\n\t<meta name=\"twitter:data1\" content=\"41.88&nbsp;&#067;&#072;&#070; hors TVA\" \/>\n\t<meta name=\"twitter:label2\" content=\"Disponibilit\u00e9\" \/>\n\t<meta name=\"twitter:data2\" content=\"En stock\" \/>\n<script type=\"application\/ld+json\" class=\"yoast-schema-graph\">{\"@context\":\"https:\\\/\\\/schema.org\",\"@graph\":[{\"@type\":\"WebPage\",\"@id\":\"https:\\\/\\\/3d-edu.ch\\\/fr\\\/boutique\\\/makerbot-replicator-ruban-adhesif-pour-plaque-de-construction\\\/\",\"url\":\"https:\\\/\\\/3d-edu.ch\\\/fr\\\/boutique\\\/makerbot-replicator-ruban-adhesif-pour-plaque-de-construction\\\/\",\"name\":\"MakerBot Replicator+ Ruban adh\u00e9sif pour plaque de construction - 3D-EDU GmbH\",\"isPartOf\":{\"@id\":\"https:\\\/\\\/3d-edu.ch\\\/fr\\\/#website\"},\"primaryImageOfPage\":{\"@id\":\"https:\\\/\\\/3d-edu.ch\\\/fr\\\/boutique\\\/makerbot-replicator-ruban-adhesif-pour-plaque-de-construction\\\/#primaryimage\"},\"image\":{\"@id\":\"https:\\\/\\\/3d-edu.ch\\\/fr\\\/boutique\\\/makerbot-replicator-ruban-adhesif-pour-plaque-de-construction\\\/#primaryimage\"},\"thumbnailUrl\":\"https:\\\/\\\/3d-edu.ch\\\/wp-content\\\/uploads\\\/2019\\\/01\\\/MakerBot-replicator-build-plate-tape-bauplatten-folie.jpg\",\"datePublished\":\"2017-02-28T15:14:28+00:00\",\"dateModified\":\"2026-04-20T11:47:10+00:00\",\"breadcrumb\":{\"@id\":\"https:\\\/\\\/3d-edu.ch\\\/fr\\\/boutique\\\/makerbot-replicator-ruban-adhesif-pour-plaque-de-construction\\\/#breadcrumb\"},\"inLanguage\":\"fr-FR\",\"potentialAction\":[{\"@type\":\"ReadAction\",\"target\":[\"https:\\\/\\\/3d-edu.ch\\\/fr\\\/boutique\\\/makerbot-replicator-ruban-adhesif-pour-plaque-de-construction\\\/\"]}]},{\"@type\":\"ImageObject\",\"inLanguage\":\"fr-FR\",\"@id\":\"https:\\\/\\\/3d-edu.ch\\\/fr\\\/boutique\\\/makerbot-replicator-ruban-adhesif-pour-plaque-de-construction\\\/#primaryimage\",\"url\":\"https:\\\/\\\/3d-edu.ch\\\/wp-content\\\/uploads\\\/2019\\\/01\\\/MakerBot-replicator-build-plate-tape-bauplatten-folie.jpg\",\"contentUrl\":\"https:\\\/\\\/3d-edu.ch\\\/wp-content\\\/uploads\\\/2019\\\/01\\\/MakerBot-replicator-build-plate-tape-bauplatten-folie.jpg\",\"width\":340,\"height\":340,\"caption\":\"makerbot replicator+ film de construction build plate tape\"},{\"@type\":\"BreadcrumbList\",\"@id\":\"https:\\\/\\\/3d-edu.ch\\\/fr\\\/boutique\\\/makerbot-replicator-ruban-adhesif-pour-plaque-de-construction\\\/#breadcrumb\",\"itemListElement\":[{\"@type\":\"ListItem\",\"position\":1,\"name\":\"Accueil\",\"item\":\"https:\\\/\\\/3d-edu.ch\\\/fr\\\/\"},{\"@type\":\"ListItem\",\"position\":2,\"name\":\"Boutique\",\"item\":\"https:\\\/\\\/3d-edu.ch\\\/fr\\\/boutique\\\/\"},{\"@type\":\"ListItem\",\"position\":3,\"name\":\"MakerBot Replicator+ Ruban adh\u00e9sif pour plaque de construction\"}]},{\"@type\":\"WebSite\",\"@id\":\"https:\\\/\\\/3d-edu.ch\\\/fr\\\/#website\",\"url\":\"https:\\\/\\\/3d-edu.ch\\\/fr\\\/\",\"name\":\"3D-EDU GmbH\",\"description\":\"Your Formlabs, UltiMaker and Raise3D Printer Support and Education Site in Switzerland. \\\/\\\/ Ihre Formlabs, UltiMaker and Raise3D Drucker Support und Bildungs Webseite der Schweiz.\",\"publisher\":{\"@id\":\"https:\\\/\\\/3d-edu.ch\\\/fr\\\/#organization\"},\"potentialAction\":[{\"@type\":\"SearchAction\",\"target\":{\"@type\":\"EntryPoint\",\"urlTemplate\":\"https:\\\/\\\/3d-edu.ch\\\/fr\\\/?s={search_term_string}\"},\"query-input\":{\"@type\":\"PropertyValueSpecification\",\"valueRequired\":true,\"valueName\":\"search_term_string\"}}],\"inLanguage\":\"fr-FR\"},{\"@type\":[\"Organization\",\"Place\",\"ElectronicsStore\"],\"@id\":\"https:\\\/\\\/3d-edu.ch\\\/fr\\\/#organization\",\"name\":\"3D-EDU GmbH\",\"url\":\"https:\\\/\\\/3d-edu.ch\\\/fr\\\/\",\"logo\":{\"@id\":\"https:\\\/\\\/3d-edu.ch\\\/fr\\\/boutique\\\/makerbot-replicator-ruban-adhesif-pour-plaque-de-construction\\\/#local-main-organization-logo\"},\"image\":{\"@id\":\"https:\\\/\\\/3d-edu.ch\\\/fr\\\/boutique\\\/makerbot-replicator-ruban-adhesif-pour-plaque-de-construction\\\/#local-main-organization-logo\"},\"sameAs\":[\"https:\\\/\\\/www.facebook.com\\\/3d-educh-210277586064960\\\/\",\"https:\\\/\\\/x.com\\\/3d_edu_ch\"],\"address\":{\"@id\":\"https:\\\/\\\/3d-edu.ch\\\/fr\\\/boutique\\\/makerbot-replicator-ruban-adhesif-pour-plaque-de-construction\\\/#local-main-place-address\"},\"geo\":{\"@type\":\"GeoCoordinates\",\"latitude\":\"47.38413\",\"longitude\":\"8.49812\"},\"telephone\":[\"+41 44 492 11 22\"],\"openingHoursSpecification\":[{\"@type\":\"OpeningHoursSpecification\",\"dayOfWeek\":[\"Monday\",\"Tuesday\",\"Wednesday\",\"Thursday\",\"Friday\"],\"opens\":\"08:30\",\"closes\":\"18:00\"},{\"@type\":\"OpeningHoursSpecification\",\"dayOfWeek\":[\"Saturday\",\"Sunday\"],\"opens\":\"00:00\",\"closes\":\"00:00\"}],\"email\":\"info@3d-edu.ch\",\"faxNumber\":\"+41 44 492 11 23\",\"vatID\":\"CHE-184.499.491 MWST\",\"priceRange\":\"$$$\",\"currenciesAccepted\":\"CHF\"},{\"@type\":\"PostalAddress\",\"@id\":\"https:\\\/\\\/3d-edu.ch\\\/fr\\\/boutique\\\/makerbot-replicator-ruban-adhesif-pour-plaque-de-construction\\\/#local-main-place-address\",\"streetAddress\":\"3D-EDU GmbH, Badenerstrasse 556\",\"addressLocality\":\"Z\u00fcrich\",\"postalCode\":\"8048\",\"addressRegion\":\"Z\u00fcrich\",\"addressCountry\":\"CH\"},{\"@type\":\"ImageObject\",\"inLanguage\":\"fr-FR\",\"@id\":\"https:\\\/\\\/3d-edu.ch\\\/fr\\\/boutique\\\/makerbot-replicator-ruban-adhesif-pour-plaque-de-construction\\\/#local-main-organization-logo\",\"url\":\"https:\\\/\\\/3d-edu.ch\\\/wp-content\\\/uploads\\\/2018\\\/10\\\/3d-drucker-makerbot-formlabs-professionelle-3d-drucker-e1546527990490.png\",\"contentUrl\":\"https:\\\/\\\/3d-edu.ch\\\/wp-content\\\/uploads\\\/2018\\\/10\\\/3d-drucker-makerbot-formlabs-professionelle-3d-drucker-e1546527990490.png\",\"width\":275,\"height\":80,\"caption\":\"3D-EDU GmbH\"}]}<\/script>\n<meta property=\"product:brand\" content=\"MakerBot Replicator+\" \/>\n<meta property=\"product:price:amount\" content=\"41.88\" \/>\n<meta property=\"product:price:currency\" content=\"CHF\" \/>\n<meta property=\"og:availability\" content=\"instock\" \/>\n<meta property=\"product:availability\" content=\"instock\" \/>\n<meta property=\"product:retailer_item_id\" content=\"112047-00\" \/>\n<meta property=\"product:condition\" content=\"new\" \/>\n<meta name=\"geo.placename\" content=\"Z\u00fcrich\" \/>\n<meta name=\"geo.position\" content=\"47.38413;8.49812\" \/>\n<meta name=\"geo.region\" content=\"Suisse\" \/>\n<!-- \/ Yoast SEO Premium plugin. -->","yoast_head_json":{"title":"MakerBot Replicator+ Ruban adh\u00e9sif pour plaque de construction - 3D-EDU GmbH","robots":{"index":"index","follow":"follow","max-snippet":"max-snippet:-1","max-image-preview":"max-image-preview:large","max-video-preview":"max-video-preview:-1"},"canonical":"https:\/\/3d-edu.ch\/fr\/boutique\/makerbot-replicator-ruban-adhesif-pour-plaque-de-construction\/","og_locale":"fr_FR","og_type":"article","og_title":"MakerBot Replicator+ Ruban adh\u00e9sif pour plaque de construction","og_description":"Film adh\u00e9sif pour l'imprimante 3D MakerBot Replicator+ (MakerBot Replicator+ Buildplate Tape) &nbsp; Caract\u00e9ristiques : - Le film adh\u00e9sif sert sp\u00e9cialement \u00e0 am\u00e9liorer l'adh\u00e9rence des grandes impressions - 3 films par paquet - Dimensions : 295 x 195 mm (autocollant)","og_url":"https:\/\/3d-edu.ch\/fr\/boutique\/makerbot-replicator-ruban-adhesif-pour-plaque-de-construction\/","og_site_name":"3D-EDU GmbH","article_publisher":"https:\/\/www.facebook.com\/3d-educh-210277586064960\/","article_modified_time":"2026-04-20T11:47:10+00:00","og_image":[{"width":340,"height":340,"url":"https:\/\/3d-edu.ch\/wp-content\/uploads\/2019\/01\/MakerBot-replicator-build-plate-tape-bauplatten-folie.jpg","type":"image\/jpeg"}],"twitter_card":"summary_large_image","twitter_site":"@3d_edu_ch","twitter_misc":{"Prix":"41.88&nbsp;&#67;&#72;&#70; hors TVA","Disponibilit\u00e9":"En stock"},"schema":{"@context":"https:\/\/schema.org","@graph":[{"@type":"WebPage","@id":"https:\/\/3d-edu.ch\/fr\/boutique\/makerbot-replicator-ruban-adhesif-pour-plaque-de-construction\/","url":"https:\/\/3d-edu.ch\/fr\/boutique\/makerbot-replicator-ruban-adhesif-pour-plaque-de-construction\/","name":"MakerBot Replicator+ Ruban adh\u00e9sif pour plaque de construction - 3D-EDU GmbH","isPartOf":{"@id":"https:\/\/3d-edu.ch\/fr\/#website"},"primaryImageOfPage":{"@id":"https:\/\/3d-edu.ch\/fr\/boutique\/makerbot-replicator-ruban-adhesif-pour-plaque-de-construction\/#primaryimage"},"image":{"@id":"https:\/\/3d-edu.ch\/fr\/boutique\/makerbot-replicator-ruban-adhesif-pour-plaque-de-construction\/#primaryimage"},"thumbnailUrl":"https:\/\/3d-edu.ch\/wp-content\/uploads\/2019\/01\/MakerBot-replicator-build-plate-tape-bauplatten-folie.jpg","datePublished":"2017-02-28T15:14:28+00:00","dateModified":"2026-04-20T11:47:10+00:00","breadcrumb":{"@id":"https:\/\/3d-edu.ch\/fr\/boutique\/makerbot-replicator-ruban-adhesif-pour-plaque-de-construction\/#breadcrumb"},"inLanguage":"fr-FR","potentialAction":[{"@type":"ReadAction","target":["https:\/\/3d-edu.ch\/fr\/boutique\/makerbot-replicator-ruban-adhesif-pour-plaque-de-construction\/"]}]},{"@type":"ImageObject","inLanguage":"fr-FR","@id":"https:\/\/3d-edu.ch\/fr\/boutique\/makerbot-replicator-ruban-adhesif-pour-plaque-de-construction\/#primaryimage","url":"https:\/\/3d-edu.ch\/wp-content\/uploads\/2019\/01\/MakerBot-replicator-build-plate-tape-bauplatten-folie.jpg","contentUrl":"https:\/\/3d-edu.ch\/wp-content\/uploads\/2019\/01\/MakerBot-replicator-build-plate-tape-bauplatten-folie.jpg","width":340,"height":340,"caption":"makerbot replicator+ film de construction build plate tape"},{"@type":"BreadcrumbList","@id":"https:\/\/3d-edu.ch\/fr\/boutique\/makerbot-replicator-ruban-adhesif-pour-plaque-de-construction\/#breadcrumb","itemListElement":[{"@type":"ListItem","position":1,"name":"Accueil","item":"https:\/\/3d-edu.ch\/fr\/"},{"@type":"ListItem","position":2,"name":"Boutique","item":"https:\/\/3d-edu.ch\/fr\/boutique\/"},{"@type":"ListItem","position":3,"name":"MakerBot Replicator+ Ruban adh\u00e9sif pour plaque de construction"}]},{"@type":"WebSite","@id":"https:\/\/3d-edu.ch\/fr\/#website","url":"https:\/\/3d-edu.ch\/fr\/","name":"3D-EDU GmbH","description":"Your Formlabs, UltiMaker and Raise3D Printer Support and Education Site in Switzerland. \/\/ Ihre Formlabs, UltiMaker and Raise3D Drucker Support und Bildungs Webseite der Schweiz.","publisher":{"@id":"https:\/\/3d-edu.ch\/fr\/#organization"},"potentialAction":[{"@type":"SearchAction","target":{"@type":"EntryPoint","urlTemplate":"https:\/\/3d-edu.ch\/fr\/?s={search_term_string}"},"query-input":{"@type":"PropertyValueSpecification","valueRequired":true,"valueName":"search_term_string"}}],"inLanguage":"fr-FR"},{"@type":["Organization","Place","ElectronicsStore"],"@id":"https:\/\/3d-edu.ch\/fr\/#organization","name":"3D-EDU GmbH","url":"https:\/\/3d-edu.ch\/fr\/","logo":{"@id":"https:\/\/3d-edu.ch\/fr\/boutique\/makerbot-replicator-ruban-adhesif-pour-plaque-de-construction\/#local-main-organization-logo"},"image":{"@id":"https:\/\/3d-edu.ch\/fr\/boutique\/makerbot-replicator-ruban-adhesif-pour-plaque-de-construction\/#local-main-organization-logo"},"sameAs":["https:\/\/www.facebook.com\/3d-educh-210277586064960\/","https:\/\/x.com\/3d_edu_ch"],"address":{"@id":"https:\/\/3d-edu.ch\/fr\/boutique\/makerbot-replicator-ruban-adhesif-pour-plaque-de-construction\/#local-main-place-address"},"geo":{"@type":"GeoCoordinates","latitude":"47.38413","longitude":"8.49812"},"telephone":["+41 44 492 11 22"],"openingHoursSpecification":[{"@type":"OpeningHoursSpecification","dayOfWeek":["Monday","Tuesday","Wednesday","Thursday","Friday"],"opens":"08:30","closes":"18:00"},{"@type":"OpeningHoursSpecification","dayOfWeek":["Saturday","Sunday"],"opens":"00:00","closes":"00:00"}],"email":"info@3d-edu.ch","faxNumber":"+41 44 492 11 23","vatID":"CHE-184.499.491 MWST","priceRange":"$$$","currenciesAccepted":"CHF"},{"@type":"PostalAddress","@id":"https:\/\/3d-edu.ch\/fr\/boutique\/makerbot-replicator-ruban-adhesif-pour-plaque-de-construction\/#local-main-place-address","streetAddress":"3D-EDU GmbH, Badenerstrasse 556","addressLocality":"Z\u00fcrich","postalCode":"8048","addressRegion":"Z\u00fcrich","addressCountry":"CH"},{"@type":"ImageObject","inLanguage":"fr-FR","@id":"https:\/\/3d-edu.ch\/fr\/boutique\/makerbot-replicator-ruban-adhesif-pour-plaque-de-construction\/#local-main-organization-logo","url":"https:\/\/3d-edu.ch\/wp-content\/uploads\/2018\/10\/3d-drucker-makerbot-formlabs-professionelle-3d-drucker-e1546527990490.png","contentUrl":"https:\/\/3d-edu.ch\/wp-content\/uploads\/2018\/10\/3d-drucker-makerbot-formlabs-professionelle-3d-drucker-e1546527990490.png","width":275,"height":80,"caption":"3D-EDU GmbH"}]},"product_brand":"MakerBot Replicator+","product_price_amount":"41.88","product_price_currency":"CHF","og_availability":"instock","product_availability":"instock","product_retailer_item_id":"112047-00","product_condition":"new","geo.placename":"Z\u00fcrich","geo.position":{"lat":"47.38413","long":"8.49812"},"geo.region":"Suisse"},"_links":{"self":[{"href":"https:\/\/3d-edu.ch\/fr\/wp-json\/wp\/v2\/product\/77933","targetHints":{"allow":["GET"]}}],"collection":[{"href":"https:\/\/3d-edu.ch\/fr\/wp-json\/wp\/v2\/product"}],"about":[{"href":"https:\/\/3d-edu.ch\/fr\/wp-json\/wp\/v2\/types\/product"}],"replies":[{"embeddable":true,"href":"https:\/\/3d-edu.ch\/fr\/wp-json\/wp\/v2\/comments?post=77933"}],"wp:featuredmedia":[{"embeddable":true,"href":"https:\/\/3d-edu.ch\/fr\/wp-json\/wp\/v2\/media\/58778"}],"wp:attachment":[{"href":"https:\/\/3d-edu.ch\/fr\/wp-json\/wp\/v2\/media?parent=77933"}],"wp:term":[{"taxonomy":"product_brand","embeddable":true,"href":"https:\/\/3d-edu.ch\/fr\/wp-json\/wp\/v2\/product_brand?post=77933"},{"taxonomy":"product_cat","embeddable":true,"href":"https:\/\/3d-edu.ch\/fr\/wp-json\/wp\/v2\/product_cat?post=77933"},{"taxonomy":"product_tag","embeddable":true,"href":"https:\/\/3d-edu.ch\/fr\/wp-json\/wp\/v2\/product_tag?post=77933"}],"curies":[{"name":"wp","href":"https:\/\/api.w.org\/{rel}","templated":true}]}}