{"id":77910,"date":"2016-08-29T11:46:06","date_gmt":"2016-08-29T11:46:06","guid":{"rendered":"https:\/\/3d-edu.ch\/shop\/form-2-et-form-3-build-platform-plate-forme-de-construction\/"},"modified":"2026-05-11T21:32:21","modified_gmt":"2026-05-11T19:32:21","slug":"form-2-et-form-3-build-platform-plate-forme-de-construction","status":"publish","type":"product","link":"https:\/\/3d-edu.ch\/fr\/boutique\/form-2-et-form-3-build-platform-plate-forme-de-construction\/","title":{"rendered":"Form 2 et Form 3 Build Platform \/ Plate-forme de construction"},"content":{"rendered":"<h2><strong>Formlabs Form 3 plateforme de construction \/ Build Platform<\/strong><\/h2>\n<p>Une ou plusieurs Build Platforms \/ plateformes de construction suppl\u00e9mentaires pour l&rsquo;imprimante 3D <a href=\"\/shop\/formlabs-form-3-basic-package\/\">Form 3 de Formlabs<\/a> vous aident \u00e0 changer de r\u00e9sine et\/ou \u00e0 lancer une nouvelle impression plus rapidement apr\u00e8s la r\u00e9alisation d&rsquo;une impression 3D.<\/p>\n<p>Ainsi, une plate-forme de construction suppl\u00e9mentaire pour la Form 3 peut acc\u00e9l\u00e9rer votre travail. Vous pouvez remplacer la r\u00e9sine ou commencer une nouvelle impression tout en laissant les pi\u00e8ces imprim\u00e9es sur la plateforme de construction, en les nettoyant dans le <a href=\"https:\/\/3d-edu.ch\/fr\/formlabs\/post-traitement\/form-wash-form-cure\/\">Form Wash<\/a> ou en les retirant tout juste de la Build Platform. <\/p>\n","protected":false},"excerpt":{"rendered":"<h2><strong>Formlabs Form 3 plateforme de construction \/ Build Platform<\/strong><\/h2>\n<p>La plate-forme de construction Form 3 de Formlab et le r\u00e9servoir de r\u00e9sine sont des \u00e9l\u00e9ments essentiels du processus d&rsquo;impression.<\/p>\n<p>Cette Formlabs Build Platform pour la Form 3 de Formlabs est amovible, interchangeable et sert de plateforme de construction pour le processus d&rsquo;impression.<\/p>\n","protected":false},"featured_media":58730,"comment_status":"closed","ping_status":"closed","template":"","meta":[],"product_brand":[],"product_cat":[10502,10365,10352,10364],"product_tag":[7785,9788,8120,7784,8357,8988,8121,7787],"class_list":{"0":"post-77910","1":"product","2":"type-product","3":"status-publish","4":"has-post-thumbnail","6":"product_cat-accessoires-2","7":"product_cat-form-2-3-l-accessoires","8":"product_cat-formlabs","9":"product_cat-sla-lfs-accessoires","10":"product_tag-accessoires-formlabs","11":"product_tag-bp-f3-01","12":"product_tag-forme-3","13":"product_tag-formlabs-fr","14":"product_tag-formlabs-form-2","15":"product_tag-paquet-de-base","16":"product_tag-plaque-de-construction","17":"product_tag-plateforme-de-construction","19":"first","20":"onbackorder","21":"taxable","22":"shipping-taxable","23":"purchasable","24":"product-type-simple"},"yoast_head":"<!-- This site is optimized with the Yoast SEO Premium plugin v27.5 (Yoast SEO v27.5) - https:\/\/yoast.com\/product\/yoast-seo-premium-wordpress\/ -->\n<title>Form 2 et Form 3 Build Platform \/ Plate-forme de construction - Formlabs - 3D-EDU GmbH<\/title>\n<meta name=\"robots\" content=\"index, follow, max-snippet:-1, max-image-preview:large, max-video-preview:-1\" \/>\n<link rel=\"canonical\" href=\"https:\/\/3d-edu.ch\/fr\/boutique\/form-2-et-form-3-build-platform-plate-forme-de-construction\/\" \/>\n<meta property=\"og:locale\" content=\"fr_FR\" \/>\n<meta property=\"og:type\" content=\"article\" \/>\n<meta property=\"og:title\" content=\"Form 2 et Form 3 Build Platform \/ Plate-forme de construction\" \/>\n<meta property=\"og:description\" content=\"Formlabs Form 3 plateforme de construction \/ Build Platform La plate-forme de construction Form 3 de Formlab et le r\u00e9servoir de r\u00e9sine sont des \u00e9l\u00e9ments essentiels du processus d&#039;impression. Cette Formlabs Build Platform pour la Form 3 de Formlabs est amovible, interchangeable et sert de plateforme de construction pour le processus d&#039;impression.\" \/>\n<meta property=\"og:url\" content=\"https:\/\/3d-edu.ch\/fr\/boutique\/form-2-et-form-3-build-platform-plate-forme-de-construction\/\" \/>\n<meta property=\"og:site_name\" content=\"3D-EDU GmbH\" \/>\n<meta property=\"article:publisher\" content=\"https:\/\/www.facebook.com\/3d-educh-210277586064960\/\" \/>\n<meta property=\"article:modified_time\" content=\"2026-05-11T19:32:21+00:00\" \/>\n<meta property=\"og:image\" content=\"https:\/\/3d-edu.ch\/wp-content\/uploads\/2019\/01\/zubehoer-formlabs-form2-buildplatform.jpg\" \/>\n\t<meta property=\"og:image:width\" content=\"380\" \/>\n\t<meta property=\"og:image:height\" content=\"380\" \/>\n\t<meta property=\"og:image:type\" content=\"image\/jpeg\" \/>\n<meta name=\"twitter:card\" content=\"summary_large_image\" \/>\n<meta name=\"twitter:site\" content=\"@3d_edu_ch\" \/>\n<meta name=\"twitter:label1\" content=\"Prix\" \/>\n\t<meta name=\"twitter:data1\" content=\"101.71&nbsp;&#067;&#072;&#070; hors TVA\" \/>\n\t<meta name=\"twitter:label2\" content=\"Disponibilit\u00e9\" \/>\n\t<meta name=\"twitter:data2\" content=\"En r\u00e9assort\" \/>\n<script type=\"application\/ld+json\" class=\"yoast-schema-graph\">{\"@context\":\"https:\\\/\\\/schema.org\",\"@graph\":[{\"@type\":\"WebPage\",\"@id\":\"https:\\\/\\\/3d-edu.ch\\\/fr\\\/boutique\\\/form-2-et-form-3-build-platform-plate-forme-de-construction\\\/\",\"url\":\"https:\\\/\\\/3d-edu.ch\\\/fr\\\/boutique\\\/form-2-et-form-3-build-platform-plate-forme-de-construction\\\/\",\"name\":\"Form 2 et Form 3 Build Platform \\\/ Plate-forme de construction - Formlabs - 3D-EDU GmbH\",\"isPartOf\":{\"@id\":\"https:\\\/\\\/3d-edu.ch\\\/fr\\\/#website\"},\"primaryImageOfPage\":{\"@id\":\"https:\\\/\\\/3d-edu.ch\\\/fr\\\/boutique\\\/form-2-et-form-3-build-platform-plate-forme-de-construction\\\/#primaryimage\"},\"image\":{\"@id\":\"https:\\\/\\\/3d-edu.ch\\\/fr\\\/boutique\\\/form-2-et-form-3-build-platform-plate-forme-de-construction\\\/#primaryimage\"},\"thumbnailUrl\":\"https:\\\/\\\/3d-edu.ch\\\/wp-content\\\/uploads\\\/2019\\\/01\\\/zubehoer-formlabs-form2-buildplatform.jpg\",\"datePublished\":\"2016-08-29T11:46:06+00:00\",\"dateModified\":\"2026-05-11T19:32:21+00:00\",\"breadcrumb\":{\"@id\":\"https:\\\/\\\/3d-edu.ch\\\/fr\\\/boutique\\\/form-2-et-form-3-build-platform-plate-forme-de-construction\\\/#breadcrumb\"},\"inLanguage\":\"fr-FR\",\"potentialAction\":[{\"@type\":\"ReadAction\",\"target\":[\"https:\\\/\\\/3d-edu.ch\\\/fr\\\/boutique\\\/form-2-et-form-3-build-platform-plate-forme-de-construction\\\/\"]}]},{\"@type\":\"ImageObject\",\"inLanguage\":\"fr-FR\",\"@id\":\"https:\\\/\\\/3d-edu.ch\\\/fr\\\/boutique\\\/form-2-et-form-3-build-platform-plate-forme-de-construction\\\/#primaryimage\",\"url\":\"https:\\\/\\\/3d-edu.ch\\\/wp-content\\\/uploads\\\/2019\\\/01\\\/zubehoer-formlabs-form2-buildplatform.jpg\",\"contentUrl\":\"https:\\\/\\\/3d-edu.ch\\\/wp-content\\\/uploads\\\/2019\\\/01\\\/zubehoer-formlabs-form2-buildplatform.jpg\",\"width\":380,\"height\":380,\"caption\":\"formlabs form 2 buildplatform plaque de construction\"},{\"@type\":\"BreadcrumbList\",\"@id\":\"https:\\\/\\\/3d-edu.ch\\\/fr\\\/boutique\\\/form-2-et-form-3-build-platform-plate-forme-de-construction\\\/#breadcrumb\",\"itemListElement\":[{\"@type\":\"ListItem\",\"position\":1,\"name\":\"Accueil\",\"item\":\"https:\\\/\\\/3d-edu.ch\\\/fr\\\/\"},{\"@type\":\"ListItem\",\"position\":2,\"name\":\"Boutique\",\"item\":\"https:\\\/\\\/3d-edu.ch\\\/fr\\\/boutique\\\/\"},{\"@type\":\"ListItem\",\"position\":3,\"name\":\"Form 2 et Form 3 Build Platform \\\/ Plate-forme de construction\"}]},{\"@type\":\"WebSite\",\"@id\":\"https:\\\/\\\/3d-edu.ch\\\/fr\\\/#website\",\"url\":\"https:\\\/\\\/3d-edu.ch\\\/fr\\\/\",\"name\":\"3D-EDU GmbH\",\"description\":\"Your Formlabs, UltiMaker and Raise3D Printer Support and Education Site in Switzerland. \\\/\\\/ Ihre Formlabs, UltiMaker and Raise3D Drucker Support und Bildungs Webseite der Schweiz.\",\"publisher\":{\"@id\":\"https:\\\/\\\/3d-edu.ch\\\/fr\\\/#organization\"},\"potentialAction\":[{\"@type\":\"SearchAction\",\"target\":{\"@type\":\"EntryPoint\",\"urlTemplate\":\"https:\\\/\\\/3d-edu.ch\\\/fr\\\/?s={search_term_string}\"},\"query-input\":{\"@type\":\"PropertyValueSpecification\",\"valueRequired\":true,\"valueName\":\"search_term_string\"}}],\"inLanguage\":\"fr-FR\"},{\"@type\":[\"Organization\",\"Place\",\"ElectronicsStore\"],\"@id\":\"https:\\\/\\\/3d-edu.ch\\\/fr\\\/#organization\",\"name\":\"3D-EDU GmbH\",\"url\":\"https:\\\/\\\/3d-edu.ch\\\/fr\\\/\",\"logo\":{\"@id\":\"https:\\\/\\\/3d-edu.ch\\\/fr\\\/boutique\\\/form-2-et-form-3-build-platform-plate-forme-de-construction\\\/#local-main-organization-logo\"},\"image\":{\"@id\":\"https:\\\/\\\/3d-edu.ch\\\/fr\\\/boutique\\\/form-2-et-form-3-build-platform-plate-forme-de-construction\\\/#local-main-organization-logo\"},\"sameAs\":[\"https:\\\/\\\/www.facebook.com\\\/3d-educh-210277586064960\\\/\",\"https:\\\/\\\/x.com\\\/3d_edu_ch\"],\"address\":{\"@id\":\"https:\\\/\\\/3d-edu.ch\\\/fr\\\/boutique\\\/form-2-et-form-3-build-platform-plate-forme-de-construction\\\/#local-main-place-address\"},\"geo\":{\"@type\":\"GeoCoordinates\",\"latitude\":\"47.38413\",\"longitude\":\"8.49812\"},\"telephone\":[\"+41 44 492 11 22\"],\"openingHoursSpecification\":[{\"@type\":\"OpeningHoursSpecification\",\"dayOfWeek\":[\"Monday\",\"Tuesday\",\"Wednesday\",\"Thursday\",\"Friday\"],\"opens\":\"08:30\",\"closes\":\"18:00\"},{\"@type\":\"OpeningHoursSpecification\",\"dayOfWeek\":[\"Saturday\",\"Sunday\"],\"opens\":\"00:00\",\"closes\":\"00:00\"}],\"email\":\"info@3d-edu.ch\",\"faxNumber\":\"+41 44 492 11 23\",\"vatID\":\"CHE-184.499.491 MWST\",\"priceRange\":\"$$$\",\"currenciesAccepted\":\"CHF\"},{\"@type\":\"PostalAddress\",\"@id\":\"https:\\\/\\\/3d-edu.ch\\\/fr\\\/boutique\\\/form-2-et-form-3-build-platform-plate-forme-de-construction\\\/#local-main-place-address\",\"streetAddress\":\"3D-EDU GmbH, Badenerstrasse 556\",\"addressLocality\":\"Z\u00fcrich\",\"postalCode\":\"8048\",\"addressRegion\":\"Z\u00fcrich\",\"addressCountry\":\"CH\"},{\"@type\":\"ImageObject\",\"inLanguage\":\"fr-FR\",\"@id\":\"https:\\\/\\\/3d-edu.ch\\\/fr\\\/boutique\\\/form-2-et-form-3-build-platform-plate-forme-de-construction\\\/#local-main-organization-logo\",\"url\":\"https:\\\/\\\/3d-edu.ch\\\/wp-content\\\/uploads\\\/2018\\\/10\\\/3d-drucker-makerbot-formlabs-professionelle-3d-drucker-e1546527990490.png\",\"contentUrl\":\"https:\\\/\\\/3d-edu.ch\\\/wp-content\\\/uploads\\\/2018\\\/10\\\/3d-drucker-makerbot-formlabs-professionelle-3d-drucker-e1546527990490.png\",\"width\":275,\"height\":80,\"caption\":\"3D-EDU GmbH\"}]}<\/script>\n<meta property=\"product:brand\" content=\"Accessoires\" \/>\n<meta property=\"product:price:amount\" content=\"101.71\" \/>\n<meta property=\"product:price:currency\" content=\"CHF\" \/>\n<meta property=\"og:availability\" content=\"backorder\" \/>\n<meta property=\"product:availability\" content=\"available for order\" \/>\n<meta property=\"product:retailer_item_id\" content=\"BP-F3-01\" \/>\n<meta property=\"product:condition\" content=\"new\" \/>\n<meta name=\"geo.placename\" content=\"Z\u00fcrich\" \/>\n<meta name=\"geo.position\" content=\"47.38413;8.49812\" \/>\n<meta name=\"geo.region\" content=\"Suisse\" \/>\n<!-- \/ Yoast SEO Premium plugin. -->","yoast_head_json":{"title":"Form 2 et Form 3 Build Platform \/ Plate-forme de construction - Formlabs - 3D-EDU GmbH","robots":{"index":"index","follow":"follow","max-snippet":"max-snippet:-1","max-image-preview":"max-image-preview:large","max-video-preview":"max-video-preview:-1"},"canonical":"https:\/\/3d-edu.ch\/fr\/boutique\/form-2-et-form-3-build-platform-plate-forme-de-construction\/","og_locale":"fr_FR","og_type":"article","og_title":"Form 2 et Form 3 Build Platform \/ Plate-forme de construction","og_description":"Formlabs Form 3 plateforme de construction \/ Build Platform La plate-forme de construction Form 3 de Formlab et le r\u00e9servoir de r\u00e9sine sont des \u00e9l\u00e9ments essentiels du processus d'impression. Cette Formlabs Build Platform pour la Form 3 de Formlabs est amovible, interchangeable et sert de plateforme de construction pour le processus d'impression.","og_url":"https:\/\/3d-edu.ch\/fr\/boutique\/form-2-et-form-3-build-platform-plate-forme-de-construction\/","og_site_name":"3D-EDU GmbH","article_publisher":"https:\/\/www.facebook.com\/3d-educh-210277586064960\/","article_modified_time":"2026-05-11T19:32:21+00:00","og_image":[{"width":380,"height":380,"url":"https:\/\/3d-edu.ch\/wp-content\/uploads\/2019\/01\/zubehoer-formlabs-form2-buildplatform.jpg","type":"image\/jpeg"}],"twitter_card":"summary_large_image","twitter_site":"@3d_edu_ch","twitter_misc":{"Prix":"101.71&nbsp;&#67;&#72;&#70; hors TVA","Disponibilit\u00e9":"En r\u00e9assort"},"schema":{"@context":"https:\/\/schema.org","@graph":[{"@type":"WebPage","@id":"https:\/\/3d-edu.ch\/fr\/boutique\/form-2-et-form-3-build-platform-plate-forme-de-construction\/","url":"https:\/\/3d-edu.ch\/fr\/boutique\/form-2-et-form-3-build-platform-plate-forme-de-construction\/","name":"Form 2 et Form 3 Build Platform \/ Plate-forme de construction - Formlabs - 3D-EDU GmbH","isPartOf":{"@id":"https:\/\/3d-edu.ch\/fr\/#website"},"primaryImageOfPage":{"@id":"https:\/\/3d-edu.ch\/fr\/boutique\/form-2-et-form-3-build-platform-plate-forme-de-construction\/#primaryimage"},"image":{"@id":"https:\/\/3d-edu.ch\/fr\/boutique\/form-2-et-form-3-build-platform-plate-forme-de-construction\/#primaryimage"},"thumbnailUrl":"https:\/\/3d-edu.ch\/wp-content\/uploads\/2019\/01\/zubehoer-formlabs-form2-buildplatform.jpg","datePublished":"2016-08-29T11:46:06+00:00","dateModified":"2026-05-11T19:32:21+00:00","breadcrumb":{"@id":"https:\/\/3d-edu.ch\/fr\/boutique\/form-2-et-form-3-build-platform-plate-forme-de-construction\/#breadcrumb"},"inLanguage":"fr-FR","potentialAction":[{"@type":"ReadAction","target":["https:\/\/3d-edu.ch\/fr\/boutique\/form-2-et-form-3-build-platform-plate-forme-de-construction\/"]}]},{"@type":"ImageObject","inLanguage":"fr-FR","@id":"https:\/\/3d-edu.ch\/fr\/boutique\/form-2-et-form-3-build-platform-plate-forme-de-construction\/#primaryimage","url":"https:\/\/3d-edu.ch\/wp-content\/uploads\/2019\/01\/zubehoer-formlabs-form2-buildplatform.jpg","contentUrl":"https:\/\/3d-edu.ch\/wp-content\/uploads\/2019\/01\/zubehoer-formlabs-form2-buildplatform.jpg","width":380,"height":380,"caption":"formlabs form 2 buildplatform plaque de construction"},{"@type":"BreadcrumbList","@id":"https:\/\/3d-edu.ch\/fr\/boutique\/form-2-et-form-3-build-platform-plate-forme-de-construction\/#breadcrumb","itemListElement":[{"@type":"ListItem","position":1,"name":"Accueil","item":"https:\/\/3d-edu.ch\/fr\/"},{"@type":"ListItem","position":2,"name":"Boutique","item":"https:\/\/3d-edu.ch\/fr\/boutique\/"},{"@type":"ListItem","position":3,"name":"Form 2 et Form 3 Build Platform \/ Plate-forme de construction"}]},{"@type":"WebSite","@id":"https:\/\/3d-edu.ch\/fr\/#website","url":"https:\/\/3d-edu.ch\/fr\/","name":"3D-EDU GmbH","description":"Your Formlabs, UltiMaker and Raise3D Printer Support and Education Site in Switzerland. \/\/ Ihre Formlabs, UltiMaker and Raise3D Drucker Support und Bildungs Webseite der Schweiz.","publisher":{"@id":"https:\/\/3d-edu.ch\/fr\/#organization"},"potentialAction":[{"@type":"SearchAction","target":{"@type":"EntryPoint","urlTemplate":"https:\/\/3d-edu.ch\/fr\/?s={search_term_string}"},"query-input":{"@type":"PropertyValueSpecification","valueRequired":true,"valueName":"search_term_string"}}],"inLanguage":"fr-FR"},{"@type":["Organization","Place","ElectronicsStore"],"@id":"https:\/\/3d-edu.ch\/fr\/#organization","name":"3D-EDU GmbH","url":"https:\/\/3d-edu.ch\/fr\/","logo":{"@id":"https:\/\/3d-edu.ch\/fr\/boutique\/form-2-et-form-3-build-platform-plate-forme-de-construction\/#local-main-organization-logo"},"image":{"@id":"https:\/\/3d-edu.ch\/fr\/boutique\/form-2-et-form-3-build-platform-plate-forme-de-construction\/#local-main-organization-logo"},"sameAs":["https:\/\/www.facebook.com\/3d-educh-210277586064960\/","https:\/\/x.com\/3d_edu_ch"],"address":{"@id":"https:\/\/3d-edu.ch\/fr\/boutique\/form-2-et-form-3-build-platform-plate-forme-de-construction\/#local-main-place-address"},"geo":{"@type":"GeoCoordinates","latitude":"47.38413","longitude":"8.49812"},"telephone":["+41 44 492 11 22"],"openingHoursSpecification":[{"@type":"OpeningHoursSpecification","dayOfWeek":["Monday","Tuesday","Wednesday","Thursday","Friday"],"opens":"08:30","closes":"18:00"},{"@type":"OpeningHoursSpecification","dayOfWeek":["Saturday","Sunday"],"opens":"00:00","closes":"00:00"}],"email":"info@3d-edu.ch","faxNumber":"+41 44 492 11 23","vatID":"CHE-184.499.491 MWST","priceRange":"$$$","currenciesAccepted":"CHF"},{"@type":"PostalAddress","@id":"https:\/\/3d-edu.ch\/fr\/boutique\/form-2-et-form-3-build-platform-plate-forme-de-construction\/#local-main-place-address","streetAddress":"3D-EDU GmbH, Badenerstrasse 556","addressLocality":"Z\u00fcrich","postalCode":"8048","addressRegion":"Z\u00fcrich","addressCountry":"CH"},{"@type":"ImageObject","inLanguage":"fr-FR","@id":"https:\/\/3d-edu.ch\/fr\/boutique\/form-2-et-form-3-build-platform-plate-forme-de-construction\/#local-main-organization-logo","url":"https:\/\/3d-edu.ch\/wp-content\/uploads\/2018\/10\/3d-drucker-makerbot-formlabs-professionelle-3d-drucker-e1546527990490.png","contentUrl":"https:\/\/3d-edu.ch\/wp-content\/uploads\/2018\/10\/3d-drucker-makerbot-formlabs-professionelle-3d-drucker-e1546527990490.png","width":275,"height":80,"caption":"3D-EDU GmbH"}]},"product_brand":"Accessoires","product_price_amount":"101.71","product_price_currency":"CHF","og_availability":"backorder","product_availability":"available for order","product_retailer_item_id":"BP-F3-01","product_condition":"new","geo.placename":"Z\u00fcrich","geo.position":{"lat":"47.38413","long":"8.49812"},"geo.region":"Suisse"},"_links":{"self":[{"href":"https:\/\/3d-edu.ch\/fr\/wp-json\/wp\/v2\/product\/77910","targetHints":{"allow":["GET"]}}],"collection":[{"href":"https:\/\/3d-edu.ch\/fr\/wp-json\/wp\/v2\/product"}],"about":[{"href":"https:\/\/3d-edu.ch\/fr\/wp-json\/wp\/v2\/types\/product"}],"replies":[{"embeddable":true,"href":"https:\/\/3d-edu.ch\/fr\/wp-json\/wp\/v2\/comments?post=77910"}],"wp:featuredmedia":[{"embeddable":true,"href":"https:\/\/3d-edu.ch\/fr\/wp-json\/wp\/v2\/media\/58730"}],"wp:attachment":[{"href":"https:\/\/3d-edu.ch\/fr\/wp-json\/wp\/v2\/media?parent=77910"}],"wp:term":[{"taxonomy":"product_brand","embeddable":true,"href":"https:\/\/3d-edu.ch\/fr\/wp-json\/wp\/v2\/product_brand?post=77910"},{"taxonomy":"product_cat","embeddable":true,"href":"https:\/\/3d-edu.ch\/fr\/wp-json\/wp\/v2\/product_cat?post=77910"},{"taxonomy":"product_tag","embeddable":true,"href":"https:\/\/3d-edu.ch\/fr\/wp-json\/wp\/v2\/product_tag?post=77910"}],"curies":[{"name":"wp","href":"https:\/\/api.w.org\/{rel}","templated":true}]}}