{"id":77900,"date":"2018-04-10T06:41:08","date_gmt":"2018-04-10T06:41:08","guid":{"rendered":"https:\/\/3d-edu.ch\/shop\/makerbot-experimental-extruder-extrudeuse-experimentale\/"},"modified":"2026-04-20T13:48:52","modified_gmt":"2026-04-20T11:48:52","slug":"makerbot-experimental-extruder-extrudeuse-experimentale","status":"publish","type":"product","link":"https:\/\/3d-edu.ch\/fr\/boutique\/makerbot-experimental-extruder-extrudeuse-experimentale\/","title":{"rendered":"MakerBot Experimental Extruder+ (Extrudeuse exp\u00e9rimentale)"},"content":{"rendered":"<h3>L&rsquo;extrudeur exp\u00e9rimental de MakerBot Lab pour la MakerBot Replikator, Replikator +, Replikator Mini, Replikator Mini + et Replikator Z18.<\/h3>\n<h4>Personnalisez votre utilisation de l&rsquo;imprimante 3D<\/h4>\n<p>L&rsquo;Extrudeur Exp\u00e9rimental+ MakerBot est con\u00e7u pour l&rsquo;utilisateur avanc\u00e9 qui souhaite repousser les limites de ce qui est possible sur les imprimantes 3D MakerBot.<\/p>\n<h3><strong>PRINCIPALES CARACT\u00c9RISTIQUES<\/strong><\/h3>\n<h4>Flexibilit\u00e9 cr\u00e9ative avec une gamme de mat\u00e9riaux<\/h4>\n<p>D\u00e9veloppez l&rsquo;impression 3D MakerBot avec des buses interchangeables, des modes d&rsquo;impression de mat\u00e9riaux personnalis\u00e9s et des param\u00e8tres d&rsquo;impression suppl\u00e9mentaires.<\/p>\n<p><strong>Profitez de la libert\u00e9 de passer de la production \u00e0 la sandbox<\/strong><\/p>\n<p>Passez rapidement de la fiabilit\u00e9 de MakerBot Smart Extruder + \u00e0 MakerBot Experimental Extruder+ pour tester les limites de vos id\u00e9es.<\/p>\n<p><strong>Drafting pour la vitesse<\/strong><\/p>\n<p>Imprimez des mat\u00e9riaux PLA existants avec les buses de grand diam\u00e8tre fournies et r\u00e9duisez consid\u00e9rablement le temps d&rsquo;impression total jusqu&rsquo;\u00e0 75%.<\/p>\n<div class=\"accordion\">\n\t<div id=\"accordion-1763011686\" class=\"accordion-item\">\n\t\t<a id=\"accordion-1763011686-label\" class=\"accordion-title plain\" href=\"#accordion-item-plus-d&#039;informations\" aria-expanded=\"false\" aria-controls=\"accordion-1763011686-content\">\n\t\t\t<button class=\"toggle\" aria-label=\"Basculer\"><i class=\"icon-angle-down\" aria-hidden=\"true\"><\/i><\/button>\n\t\t\t<span>Plus d&#039;informations<\/span>\n\t\t<\/a>\n\t\t<div id=\"accordion-1763011686-content\" class=\"accordion-inner\" aria-labelledby=\"accordion-1763011686-label\">\n\t\t\t\n<h4>Con\u00e7u pour \u00eatre personnalis\u00e9<\/h4>\n<p>Avec un noyau thermique modifi\u00e9 et une barri\u00e8re thermique plus s\u00fbre, l&rsquo;Extrudeur Exp\u00e9rimental+ de MakerBot a \u00e9t\u00e9 recon\u00e7u pour faciliter le remplacement des buses. Chargez et imprimez le <a href=\"https:\/\/www.thingiverse.com\/thing:2557034\" target=\"_blank\" rel=\"noopener noreferrer\">dispositif Experimental Extruder<\/a> pour obtenir une plateforme de changement de buses plus stable. <\/p>\n<h4>Communaut\u00e9 MakerBot Labs + ressources<\/h4>\n<p><a href=\"https:\/\/www.makerbot.com\/labs\/\" target=\"_blank\" rel=\"noopener noreferrer\">MakerBot Labs<\/a> est une communaut\u00e9 de makers. Posez une question \u00e0 la communaut\u00e9, trouvez des trucs et astuces et d\u00e9couvrez des modes d&rsquo;impression personnalis\u00e9s tout en repoussant les limites de votre MakerBot Experimental Extruder+. <\/p>\n<h3><strong>DOWNLOADS<\/strong><\/h3>\n<p><a href=\"\/wp-content\/uploads\/2018\/04\/Experimental_Extruder_Quick_Start_Guide.pdf\" target=\"_blank\" rel=\"noopener noreferrer\">Guide de d\u00e9marrage rapide<\/a><br \/><a href=\"\/wp-content\/uploads\/2018\/04\/EE_NozzleGuide_8.5x11_.pdf\" target=\"_blank\" rel=\"noopener noreferrer\">Guide de configuration et de changement de buse<\/a><br \/><a href=\"https:\/\/www.thingiverse.com\/thing:2557034\" target=\"_blank\" rel=\"noopener noreferrer\">Extrudeuse exp\u00e9rimentale Jig<\/a><\/p>\n\t\t<\/div>\n\t<\/div>\n\t\n<\/div>\n","protected":false},"excerpt":{"rendered":"<h2><strong>L&rsquo;extrudeur MakerBot Experimental est facilement interchangeable.<\/strong><\/h2>\n<p>&nbsp;<\/p>\n<ul id=\"beff2f84ef\" class=\"Text_List\">\n<li>1 extrudeuse exp\u00e9rimentale<\/li>\n<li>Nozzles (buses) : un nozzle de 0,4, 0,6 &amp; 0,8 mm en laiton, un nozzle de 0,6 mm en acier inoxydable<\/li>\n<li>2 cl\u00e9s Nozzle<\/li>\n<li>1 bouchon d&rsquo;extrudeuse<\/li>\n<li>1 conduit de refroidissement actif<\/li>\n<li>1 clip pivotant pour filament pour la MakerBot Replicator Z18<\/li>\n<\/ul>\n<p>L&rsquo;extrudeur exp\u00e9rimental n&rsquo;est pas couvert par la garantie ou MakerCare.<\/p>\n","protected":false},"featured_media":58762,"comment_status":"closed","ping_status":"closed","template":"","meta":[],"product_brand":[],"product_cat":[7920,9069,9700,9070,9071],"product_tag":[8187,9166,8185,9308,9606,9600,9786,9246],"class_list":{"0":"post-77900","1":"product","2":"type-product","3":"status-publish","4":"has-post-thumbnail","6":"product_cat-accessoires-et-pieces-de-rechange-pour-imprimantes-3d-fr","7":"product_cat-makerbot-replicator-5e-generation","8":"product_cat-makerbot-replicator-mini","9":"product_cat-makerbot-replicator-z18","10":"product_cat-makerbot-replicator","11":"product_tag-accessoires-makerbot","12":"product_tag-extrudeuse-makerbot","13":"product_tag-makerbot","14":"product_tag-replicateur-mini","15":"product_tag-replicateur-z18","16":"product_tag-replicator-5th-gen","17":"product_tag-replicator-mini","18":"product_tag-replicator","20":"first","21":"instock","22":"taxable","23":"shipping-taxable","24":"purchasable","25":"product-type-simple"},"yoast_head":"<!-- This site is optimized with the Yoast SEO Premium plugin v27.4 (Yoast SEO v27.4) - https:\/\/yoast.com\/product\/yoast-seo-premium-wordpress\/ -->\n<title>MakerBot Experimental Extruder+ (Extrudeuse exp\u00e9rimentale) %%page% - Accessoires MakerBot - 3D-EDU GmbH<\/title>\n<meta name=\"description\" content=\"La nouvelle Smart Extruder+ de MakerBot. Compatible avec les Replicator 5e g\u00e9n\u00e9ration et Mini. Composants am\u00e9lior\u00e9s &amp; syst\u00e8me de capteurs optimis\u00e9. Achetez maintenant !\" \/>\n<meta name=\"robots\" content=\"index, follow, max-snippet:-1, max-image-preview:large, max-video-preview:-1\" \/>\n<link rel=\"canonical\" href=\"https:\/\/3d-edu.ch\/fr\/boutique\/makerbot-experimental-extruder-extrudeuse-experimentale\/\" \/>\n<meta property=\"og:locale\" content=\"fr_FR\" \/>\n<meta property=\"og:type\" content=\"article\" \/>\n<meta property=\"og:title\" content=\"MakerBot Experimental Extruder+ (Extrudeuse exp\u00e9rimentale)\" \/>\n<meta property=\"og:description\" content=\"La nouvelle Smart Extruder+ de MakerBot. Compatible avec les Replicator 5e g\u00e9n\u00e9ration et Mini. Composants am\u00e9lior\u00e9s &amp; syst\u00e8me de capteurs optimis\u00e9. Achetez maintenant !\" \/>\n<meta property=\"og:url\" content=\"https:\/\/3d-edu.ch\/fr\/boutique\/makerbot-experimental-extruder-extrudeuse-experimentale\/\" \/>\n<meta property=\"og:site_name\" content=\"3D-EDU GmbH\" \/>\n<meta property=\"article:publisher\" content=\"https:\/\/www.facebook.com\/3d-educh-210277586064960\/\" \/>\n<meta property=\"article:modified_time\" content=\"2026-04-20T11:48:52+00:00\" \/>\n<meta property=\"og:image\" content=\"https:\/\/3d-edu.ch\/wp-content\/uploads\/2019\/01\/makerbot-experimental-extruder.jpg\" \/>\n\t<meta property=\"og:image:width\" content=\"340\" \/>\n\t<meta property=\"og:image:height\" content=\"340\" \/>\n\t<meta property=\"og:image:type\" content=\"image\/jpeg\" \/>\n<meta name=\"twitter:card\" content=\"summary_large_image\" \/>\n<meta name=\"twitter:site\" content=\"@3d_edu_ch\" \/>\n<meta name=\"twitter:label1\" content=\"Prix\" \/>\n\t<meta name=\"twitter:data1\" content=\"252.15&nbsp;&#067;&#072;&#070; hors TVA\" \/>\n\t<meta name=\"twitter:label2\" content=\"Disponibilit\u00e9\" \/>\n\t<meta name=\"twitter:data2\" content=\"En stock\" \/>\n<script type=\"application\/ld+json\" class=\"yoast-schema-graph\">{\"@context\":\"https:\\\/\\\/schema.org\",\"@graph\":[{\"@type\":\"WebPage\",\"@id\":\"https:\\\/\\\/3d-edu.ch\\\/fr\\\/boutique\\\/makerbot-experimental-extruder-extrudeuse-experimentale\\\/\",\"url\":\"https:\\\/\\\/3d-edu.ch\\\/fr\\\/boutique\\\/makerbot-experimental-extruder-extrudeuse-experimentale\\\/\",\"name\":\"MakerBot Experimental Extruder+ (Extrudeuse exp\u00e9rimentale) %%page% - Accessoires MakerBot - 3D-EDU GmbH\",\"isPartOf\":{\"@id\":\"https:\\\/\\\/3d-edu.ch\\\/fr\\\/#website\"},\"primaryImageOfPage\":{\"@id\":\"https:\\\/\\\/3d-edu.ch\\\/fr\\\/boutique\\\/makerbot-experimental-extruder-extrudeuse-experimentale\\\/#primaryimage\"},\"image\":{\"@id\":\"https:\\\/\\\/3d-edu.ch\\\/fr\\\/boutique\\\/makerbot-experimental-extruder-extrudeuse-experimentale\\\/#primaryimage\"},\"thumbnailUrl\":\"https:\\\/\\\/3d-edu.ch\\\/wp-content\\\/uploads\\\/2019\\\/01\\\/makerbot-experimental-extruder.jpg\",\"datePublished\":\"2018-04-10T06:41:08+00:00\",\"dateModified\":\"2026-04-20T11:48:52+00:00\",\"description\":\"La nouvelle Smart Extruder+ de MakerBot. Compatible avec les Replicator 5e g\u00e9n\u00e9ration et Mini. Composants am\u00e9lior\u00e9s & syst\u00e8me de capteurs optimis\u00e9. Achetez maintenant !\",\"breadcrumb\":{\"@id\":\"https:\\\/\\\/3d-edu.ch\\\/fr\\\/boutique\\\/makerbot-experimental-extruder-extrudeuse-experimentale\\\/#breadcrumb\"},\"inLanguage\":\"fr-FR\",\"potentialAction\":[{\"@type\":\"ReadAction\",\"target\":[\"https:\\\/\\\/3d-edu.ch\\\/fr\\\/boutique\\\/makerbot-experimental-extruder-extrudeuse-experimentale\\\/\"]}]},{\"@type\":\"ImageObject\",\"inLanguage\":\"fr-FR\",\"@id\":\"https:\\\/\\\/3d-edu.ch\\\/fr\\\/boutique\\\/makerbot-experimental-extruder-extrudeuse-experimentale\\\/#primaryimage\",\"url\":\"https:\\\/\\\/3d-edu.ch\\\/wp-content\\\/uploads\\\/2019\\\/01\\\/makerbot-experimental-extruder.jpg\",\"contentUrl\":\"https:\\\/\\\/3d-edu.ch\\\/wp-content\\\/uploads\\\/2019\\\/01\\\/makerbot-experimental-extruder.jpg\",\"width\":340,\"height\":340,\"caption\":\"makerbot experimental extruder\"},{\"@type\":\"BreadcrumbList\",\"@id\":\"https:\\\/\\\/3d-edu.ch\\\/fr\\\/boutique\\\/makerbot-experimental-extruder-extrudeuse-experimentale\\\/#breadcrumb\",\"itemListElement\":[{\"@type\":\"ListItem\",\"position\":1,\"name\":\"Accueil\",\"item\":\"https:\\\/\\\/3d-edu.ch\\\/fr\\\/\"},{\"@type\":\"ListItem\",\"position\":2,\"name\":\"Boutique\",\"item\":\"https:\\\/\\\/3d-edu.ch\\\/fr\\\/boutique\\\/\"},{\"@type\":\"ListItem\",\"position\":3,\"name\":\"MakerBot Experimental Extruder+ (Extrudeuse exp\u00e9rimentale)\"}]},{\"@type\":\"WebSite\",\"@id\":\"https:\\\/\\\/3d-edu.ch\\\/fr\\\/#website\",\"url\":\"https:\\\/\\\/3d-edu.ch\\\/fr\\\/\",\"name\":\"3D-EDU GmbH\",\"description\":\"Your Formlabs, UltiMaker and Raise3D Printer Support and Education Site in Switzerland. \\\/\\\/ Ihre Formlabs, UltiMaker and Raise3D Drucker Support und Bildungs Webseite der Schweiz.\",\"publisher\":{\"@id\":\"https:\\\/\\\/3d-edu.ch\\\/fr\\\/#organization\"},\"potentialAction\":[{\"@type\":\"SearchAction\",\"target\":{\"@type\":\"EntryPoint\",\"urlTemplate\":\"https:\\\/\\\/3d-edu.ch\\\/fr\\\/?s={search_term_string}\"},\"query-input\":{\"@type\":\"PropertyValueSpecification\",\"valueRequired\":true,\"valueName\":\"search_term_string\"}}],\"inLanguage\":\"fr-FR\"},{\"@type\":[\"Organization\",\"Place\",\"ElectronicsStore\"],\"@id\":\"https:\\\/\\\/3d-edu.ch\\\/fr\\\/#organization\",\"name\":\"3D-EDU GmbH\",\"url\":\"https:\\\/\\\/3d-edu.ch\\\/fr\\\/\",\"logo\":{\"@id\":\"https:\\\/\\\/3d-edu.ch\\\/fr\\\/boutique\\\/makerbot-experimental-extruder-extrudeuse-experimentale\\\/#local-main-organization-logo\"},\"image\":{\"@id\":\"https:\\\/\\\/3d-edu.ch\\\/fr\\\/boutique\\\/makerbot-experimental-extruder-extrudeuse-experimentale\\\/#local-main-organization-logo\"},\"sameAs\":[\"https:\\\/\\\/www.facebook.com\\\/3d-educh-210277586064960\\\/\",\"https:\\\/\\\/x.com\\\/3d_edu_ch\"],\"address\":{\"@id\":\"https:\\\/\\\/3d-edu.ch\\\/fr\\\/boutique\\\/makerbot-experimental-extruder-extrudeuse-experimentale\\\/#local-main-place-address\"},\"geo\":{\"@type\":\"GeoCoordinates\",\"latitude\":\"47.38413\",\"longitude\":\"8.49812\"},\"telephone\":[\"+41 44 492 11 22\"],\"openingHoursSpecification\":[{\"@type\":\"OpeningHoursSpecification\",\"dayOfWeek\":[\"Monday\",\"Tuesday\",\"Wednesday\",\"Thursday\",\"Friday\"],\"opens\":\"08:30\",\"closes\":\"18:00\"},{\"@type\":\"OpeningHoursSpecification\",\"dayOfWeek\":[\"Saturday\",\"Sunday\"],\"opens\":\"00:00\",\"closes\":\"00:00\"}],\"email\":\"info@3d-edu.ch\",\"faxNumber\":\"+41 44 492 11 23\",\"vatID\":\"CHE-184.499.491 MWST\",\"priceRange\":\"$$$\",\"currenciesAccepted\":\"CHF\"},{\"@type\":\"PostalAddress\",\"@id\":\"https:\\\/\\\/3d-edu.ch\\\/fr\\\/boutique\\\/makerbot-experimental-extruder-extrudeuse-experimentale\\\/#local-main-place-address\",\"streetAddress\":\"3D-EDU GmbH, Badenerstrasse 556\",\"addressLocality\":\"Z\u00fcrich\",\"postalCode\":\"8048\",\"addressRegion\":\"Z\u00fcrich\",\"addressCountry\":\"CH\"},{\"@type\":\"ImageObject\",\"inLanguage\":\"fr-FR\",\"@id\":\"https:\\\/\\\/3d-edu.ch\\\/fr\\\/boutique\\\/makerbot-experimental-extruder-extrudeuse-experimentale\\\/#local-main-organization-logo\",\"url\":\"https:\\\/\\\/3d-edu.ch\\\/wp-content\\\/uploads\\\/2018\\\/10\\\/3d-drucker-makerbot-formlabs-professionelle-3d-drucker-e1546527990490.png\",\"contentUrl\":\"https:\\\/\\\/3d-edu.ch\\\/wp-content\\\/uploads\\\/2018\\\/10\\\/3d-drucker-makerbot-formlabs-professionelle-3d-drucker-e1546527990490.png\",\"width\":275,\"height\":80,\"caption\":\"3D-EDU GmbH\"}]}<\/script>\n<meta property=\"product:brand\" content=\"Accessoires et pi\u00e8ces de rechange pour imprimantes 3D\" \/>\n<meta property=\"product:price:amount\" content=\"252.15\" \/>\n<meta property=\"product:price:currency\" content=\"CHF\" \/>\n<meta property=\"og:availability\" content=\"instock\" \/>\n<meta property=\"product:availability\" content=\"instock\" \/>\n<meta property=\"product:retailer_item_id\" content=\"900-0004A\" \/>\n<meta property=\"product:condition\" content=\"new\" \/>\n<meta name=\"geo.placename\" content=\"Z\u00fcrich\" \/>\n<meta name=\"geo.position\" content=\"47.38413;8.49812\" \/>\n<meta name=\"geo.region\" content=\"Suisse\" \/>\n<!-- \/ Yoast SEO Premium plugin. -->","yoast_head_json":{"title":"MakerBot Experimental Extruder+ (Extrudeuse exp\u00e9rimentale) %%page% - Accessoires MakerBot - 3D-EDU GmbH","description":"La nouvelle Smart Extruder+ de MakerBot. Compatible avec les Replicator 5e g\u00e9n\u00e9ration et Mini. Composants am\u00e9lior\u00e9s & syst\u00e8me de capteurs optimis\u00e9. Achetez maintenant !","robots":{"index":"index","follow":"follow","max-snippet":"max-snippet:-1","max-image-preview":"max-image-preview:large","max-video-preview":"max-video-preview:-1"},"canonical":"https:\/\/3d-edu.ch\/fr\/boutique\/makerbot-experimental-extruder-extrudeuse-experimentale\/","og_locale":"fr_FR","og_type":"article","og_title":"MakerBot Experimental Extruder+ (Extrudeuse exp\u00e9rimentale)","og_description":"La nouvelle Smart Extruder+ de MakerBot. Compatible avec les Replicator 5e g\u00e9n\u00e9ration et Mini. Composants am\u00e9lior\u00e9s & syst\u00e8me de capteurs optimis\u00e9. Achetez maintenant !","og_url":"https:\/\/3d-edu.ch\/fr\/boutique\/makerbot-experimental-extruder-extrudeuse-experimentale\/","og_site_name":"3D-EDU GmbH","article_publisher":"https:\/\/www.facebook.com\/3d-educh-210277586064960\/","article_modified_time":"2026-04-20T11:48:52+00:00","og_image":[{"width":340,"height":340,"url":"https:\/\/3d-edu.ch\/wp-content\/uploads\/2019\/01\/makerbot-experimental-extruder.jpg","type":"image\/jpeg"}],"twitter_card":"summary_large_image","twitter_site":"@3d_edu_ch","twitter_misc":{"Prix":"252.15&nbsp;&#67;&#72;&#70; hors TVA","Disponibilit\u00e9":"En stock"},"schema":{"@context":"https:\/\/schema.org","@graph":[{"@type":"WebPage","@id":"https:\/\/3d-edu.ch\/fr\/boutique\/makerbot-experimental-extruder-extrudeuse-experimentale\/","url":"https:\/\/3d-edu.ch\/fr\/boutique\/makerbot-experimental-extruder-extrudeuse-experimentale\/","name":"MakerBot Experimental Extruder+ (Extrudeuse exp\u00e9rimentale) %%page% - Accessoires MakerBot - 3D-EDU GmbH","isPartOf":{"@id":"https:\/\/3d-edu.ch\/fr\/#website"},"primaryImageOfPage":{"@id":"https:\/\/3d-edu.ch\/fr\/boutique\/makerbot-experimental-extruder-extrudeuse-experimentale\/#primaryimage"},"image":{"@id":"https:\/\/3d-edu.ch\/fr\/boutique\/makerbot-experimental-extruder-extrudeuse-experimentale\/#primaryimage"},"thumbnailUrl":"https:\/\/3d-edu.ch\/wp-content\/uploads\/2019\/01\/makerbot-experimental-extruder.jpg","datePublished":"2018-04-10T06:41:08+00:00","dateModified":"2026-04-20T11:48:52+00:00","description":"La nouvelle Smart Extruder+ de MakerBot. Compatible avec les Replicator 5e g\u00e9n\u00e9ration et Mini. Composants am\u00e9lior\u00e9s & syst\u00e8me de capteurs optimis\u00e9. Achetez maintenant !","breadcrumb":{"@id":"https:\/\/3d-edu.ch\/fr\/boutique\/makerbot-experimental-extruder-extrudeuse-experimentale\/#breadcrumb"},"inLanguage":"fr-FR","potentialAction":[{"@type":"ReadAction","target":["https:\/\/3d-edu.ch\/fr\/boutique\/makerbot-experimental-extruder-extrudeuse-experimentale\/"]}]},{"@type":"ImageObject","inLanguage":"fr-FR","@id":"https:\/\/3d-edu.ch\/fr\/boutique\/makerbot-experimental-extruder-extrudeuse-experimentale\/#primaryimage","url":"https:\/\/3d-edu.ch\/wp-content\/uploads\/2019\/01\/makerbot-experimental-extruder.jpg","contentUrl":"https:\/\/3d-edu.ch\/wp-content\/uploads\/2019\/01\/makerbot-experimental-extruder.jpg","width":340,"height":340,"caption":"makerbot experimental extruder"},{"@type":"BreadcrumbList","@id":"https:\/\/3d-edu.ch\/fr\/boutique\/makerbot-experimental-extruder-extrudeuse-experimentale\/#breadcrumb","itemListElement":[{"@type":"ListItem","position":1,"name":"Accueil","item":"https:\/\/3d-edu.ch\/fr\/"},{"@type":"ListItem","position":2,"name":"Boutique","item":"https:\/\/3d-edu.ch\/fr\/boutique\/"},{"@type":"ListItem","position":3,"name":"MakerBot Experimental Extruder+ (Extrudeuse exp\u00e9rimentale)"}]},{"@type":"WebSite","@id":"https:\/\/3d-edu.ch\/fr\/#website","url":"https:\/\/3d-edu.ch\/fr\/","name":"3D-EDU GmbH","description":"Your Formlabs, UltiMaker and Raise3D Printer Support and Education Site in Switzerland. \/\/ Ihre Formlabs, UltiMaker and Raise3D Drucker Support und Bildungs Webseite der Schweiz.","publisher":{"@id":"https:\/\/3d-edu.ch\/fr\/#organization"},"potentialAction":[{"@type":"SearchAction","target":{"@type":"EntryPoint","urlTemplate":"https:\/\/3d-edu.ch\/fr\/?s={search_term_string}"},"query-input":{"@type":"PropertyValueSpecification","valueRequired":true,"valueName":"search_term_string"}}],"inLanguage":"fr-FR"},{"@type":["Organization","Place","ElectronicsStore"],"@id":"https:\/\/3d-edu.ch\/fr\/#organization","name":"3D-EDU GmbH","url":"https:\/\/3d-edu.ch\/fr\/","logo":{"@id":"https:\/\/3d-edu.ch\/fr\/boutique\/makerbot-experimental-extruder-extrudeuse-experimentale\/#local-main-organization-logo"},"image":{"@id":"https:\/\/3d-edu.ch\/fr\/boutique\/makerbot-experimental-extruder-extrudeuse-experimentale\/#local-main-organization-logo"},"sameAs":["https:\/\/www.facebook.com\/3d-educh-210277586064960\/","https:\/\/x.com\/3d_edu_ch"],"address":{"@id":"https:\/\/3d-edu.ch\/fr\/boutique\/makerbot-experimental-extruder-extrudeuse-experimentale\/#local-main-place-address"},"geo":{"@type":"GeoCoordinates","latitude":"47.38413","longitude":"8.49812"},"telephone":["+41 44 492 11 22"],"openingHoursSpecification":[{"@type":"OpeningHoursSpecification","dayOfWeek":["Monday","Tuesday","Wednesday","Thursday","Friday"],"opens":"08:30","closes":"18:00"},{"@type":"OpeningHoursSpecification","dayOfWeek":["Saturday","Sunday"],"opens":"00:00","closes":"00:00"}],"email":"info@3d-edu.ch","faxNumber":"+41 44 492 11 23","vatID":"CHE-184.499.491 MWST","priceRange":"$$$","currenciesAccepted":"CHF"},{"@type":"PostalAddress","@id":"https:\/\/3d-edu.ch\/fr\/boutique\/makerbot-experimental-extruder-extrudeuse-experimentale\/#local-main-place-address","streetAddress":"3D-EDU GmbH, Badenerstrasse 556","addressLocality":"Z\u00fcrich","postalCode":"8048","addressRegion":"Z\u00fcrich","addressCountry":"CH"},{"@type":"ImageObject","inLanguage":"fr-FR","@id":"https:\/\/3d-edu.ch\/fr\/boutique\/makerbot-experimental-extruder-extrudeuse-experimentale\/#local-main-organization-logo","url":"https:\/\/3d-edu.ch\/wp-content\/uploads\/2018\/10\/3d-drucker-makerbot-formlabs-professionelle-3d-drucker-e1546527990490.png","contentUrl":"https:\/\/3d-edu.ch\/wp-content\/uploads\/2018\/10\/3d-drucker-makerbot-formlabs-professionelle-3d-drucker-e1546527990490.png","width":275,"height":80,"caption":"3D-EDU GmbH"}]},"product_brand":"Accessoires et pi\u00e8ces de rechange pour imprimantes 3D","product_price_amount":"252.15","product_price_currency":"CHF","og_availability":"instock","product_availability":"instock","product_retailer_item_id":"900-0004A","product_condition":"new","geo.placename":"Z\u00fcrich","geo.position":{"lat":"47.38413","long":"8.49812"},"geo.region":"Suisse"},"_links":{"self":[{"href":"https:\/\/3d-edu.ch\/fr\/wp-json\/wp\/v2\/product\/77900","targetHints":{"allow":["GET"]}}],"collection":[{"href":"https:\/\/3d-edu.ch\/fr\/wp-json\/wp\/v2\/product"}],"about":[{"href":"https:\/\/3d-edu.ch\/fr\/wp-json\/wp\/v2\/types\/product"}],"replies":[{"embeddable":true,"href":"https:\/\/3d-edu.ch\/fr\/wp-json\/wp\/v2\/comments?post=77900"}],"wp:featuredmedia":[{"embeddable":true,"href":"https:\/\/3d-edu.ch\/fr\/wp-json\/wp\/v2\/media\/58762"}],"wp:attachment":[{"href":"https:\/\/3d-edu.ch\/fr\/wp-json\/wp\/v2\/media?parent=77900"}],"wp:term":[{"taxonomy":"product_brand","embeddable":true,"href":"https:\/\/3d-edu.ch\/fr\/wp-json\/wp\/v2\/product_brand?post=77900"},{"taxonomy":"product_cat","embeddable":true,"href":"https:\/\/3d-edu.ch\/fr\/wp-json\/wp\/v2\/product_cat?post=77900"},{"taxonomy":"product_tag","embeddable":true,"href":"https:\/\/3d-edu.ch\/fr\/wp-json\/wp\/v2\/product_tag?post=77900"}],"curies":[{"name":"wp","href":"https:\/\/api.w.org\/{rel}","templated":true}]}}