{"id":77865,"date":"2018-12-17T18:52:49","date_gmt":"2018-12-17T17:52:49","guid":{"rendered":"https:\/\/3d-edu.ch\/shop\/makerbot-pla-materiau-de-precision\/"},"modified":"2026-04-20T17:10:29","modified_gmt":"2026-04-20T15:10:29","slug":"makerbot-pla-materiau-de-precision","status":"publish","type":"product","link":"https:\/\/3d-edu.ch\/fr\/boutique\/makerbot-pla-materiau-de-precision\/","title":{"rendered":"MakerBot PLA Mat\u00e9riau de pr\u00e9cision"},"content":{"rendered":"<h2>MakerBot PLA Filament de pr\u00e9cision 0.75 kg Smart Spool<\/h2>\n<h3>Inclus dans la livraison<\/h3>\n<ul>\n<li>1 Smart Spool&#x2122; MakerBot PLA Filament de pr\u00e9cision 0,75 kg<\/li>\n<\/ul>\n<hr \/>\n<p><strong>MakerBot PLA Mat\u00e9riau de pr\u00e9cision pour mod\u00e8le MakerBot Method<\/strong><\/p>\n<p>Le filament PLA Precision en acide polylactique (PLA) est un thermoplastique biod\u00e9gradable obtenu \u00e0 partir de ressources renouvelables. Ce mat\u00e9riau est \u00e9galement adapt\u00e9 \u00e0 une utilisation au bureau, car il est non toxique et facile \u00e0 imprimer. MakerBot precision a adapt\u00e9 le mat\u00e9riau PLA \u00e0 l&rsquo;algorithme de slicing du logiciel MakerBot Print pour vous offrir les meilleurs r\u00e9sultats d&rsquo;impression et la meilleure qualit\u00e9. Les objets imprim\u00e9s en PLA sont id\u00e9aux pour les premiers stades de la mod\u00e9lisation conceptuelle et pour les \u00e9tudes de forme.<\/p>\n<div class=\"accordion\">\n\t<div id=\"accordion-3331701036\" class=\"accordion-item\">\n\t\t<a id=\"accordion-3331701036-label\" class=\"accordion-title plain\" href=\"#accordion-item-plus-d&#039;informations\" aria-expanded=\"false\" aria-controls=\"accordion-3331701036-content\">\n\t\t\t<button class=\"toggle\" aria-label=\"Basculer\"><i class=\"icon-angle-down\" aria-hidden=\"true\"><\/i><\/button>\n\t\t\t<span>Plus d&#039;informations<\/span>\n\t\t<\/a>\n\t\t<div id=\"accordion-3331701036-content\" class=\"accordion-inner\" aria-labelledby=\"accordion-3331701036-label\">\n\t\t\t\n<p><strong>Compatibilit\u00e9<\/strong><\/p>\n<p>Imprimante :<\/p>\n<p>Le filament MakerBot PLA Precision est compatible avec le<\/p>\n<ul>\n<li><a href=\"\/makerbot\/3d-drucker\/makerbot-method\/\">M\u00e9thode Makerbot<\/a><\/li>\n<\/ul>\n<p>Logiciel :<\/p>\n<p>Pour utiliser le MakerBot PLA Precision Material, le logiciel <a href=\"\/makerbot\/makerbot-apps\/makerbot-print\/\"><em>MakerBot Print<\/em><\/a> est n\u00e9cessaire.<\/p>\n<hr \/>\n<p><strong>Donn\u00e9es techniques<\/strong><\/p>\n<p>Temp\u00e9ratures<\/p>\n<ul>\n<li>Temp\u00e9rature du verre : 60-65\u00b0C<\/li>\n<li>Point de fusion : 150-160\u00b0C<\/li>\n<li>Temp\u00e9rature d&rsquo;impression : 210\u00b0C<\/li>\n<\/ul>\n<p>Sp\u00e9cifications<\/p>\n<ul>\n<li>Diam\u00e8tre du filament : 1,75 mm<\/li>\n<li>Diam\u00e8tre des bobines : 218 mm<\/li>\n<li>Largeur des bobines : 42 mm<\/li>\n<li>Poids d&rsquo;exp\u00e9dition : 1.1 kg<\/li>\n<li>Poids net : 0.75 kg<\/li>\n<\/ul>\n<hr \/>\n<p><strong>Type de bobine<\/strong><br \/>\nLa Smart Spool&#x2122; fournit de pr\u00e9cieuses informations sur le type de mat\u00e9riau, la couleur et la quantit\u00e9 restante directement au logiciel MakerBot Print via une puce RFID. Un dessiccateur dans la bobine permet \u00e9galement de maintenir un faible taux d&rsquo;humidit\u00e9 dans le bac \u00e0 mat\u00e9riaux de l&rsquo;imprimante 3D MakerBot Method. <\/p>\n<p><strong>Environnement de travail<\/strong><br \/>\nConserver le mat\u00e9riau MakerBot Precision PLA dans le sac en polyester fourni pour \u00e9viter l&rsquo;absorption d&rsquo;humidit\u00e9 de l&rsquo;air. L&rsquo;absorption d&rsquo;humidit\u00e9 peut affecter la qualit\u00e9 du mat\u00e9riau et ses performances. Assurez-vous que le d\u00e9shydratant int\u00e9gr\u00e9 se trouve dans la bobine pour absorber l&rsquo;humidit\u00e9 pendant le chargement du mat\u00e9riau.  <\/p>\n<p><a href=\"https:\/\/3d-edu.ch\/fr\/makerbot\/filament-makerbot\/materiaux-makerbot-method\/\">Plus d&rsquo;informations sur les produits<\/a><\/p>\n\t\t<\/div>\n\t<\/div>\n\t\n<\/div>\n","protected":false},"excerpt":{"rendered":"<h3>MakerBot PLA Filament de pr\u00e9cision dans le spool intelligent de 0,75 kg&#x2122;<\/h3>\n<p>Cr\u00e9ez des mod\u00e8les conceptuels ou des \u00e9tudes de formes avec le filament MakerBot PLA Precision pour l&rsquo;imprimante 3D MakerBot Method.<\/p>\n<table>\n<tbody>\n<tr>\n<td width=\"100\">Fabricant<\/td>\n<td>MakerBot<\/td>\n<\/tr>\n<tr>\n<td>Taille de la bobine<\/td>\n<td>0,75 kg<\/td>\n<\/tr>\n<tr>\n<td>Diam\u00e8tre<\/td>\n<td>1,75 mm<\/td>\n<\/tr>\n<\/tbody>\n<\/table>\n","protected":false},"featured_media":62040,"comment_status":"closed","ping_status":"closed","template":"","meta":[],"product_brand":[],"product_cat":[7869,7923,7875],"product_tag":[8822,8564,8185,8188],"class_list":{"0":"post-77865","1":"product","2":"type-product","3":"status-publish","4":"has-post-thumbnail","6":"product_cat-filament-pla-fr","7":"product_cat-materiaux-pour-method-fr","8":"product_cat-soldes-fr","9":"product_tag-filament-makerbot","10":"product_tag-filament-pla","11":"product_tag-makerbot","12":"product_tag-methode","13":"yith_product_brand-ultimaker","15":"first","16":"instock","17":"taxable","18":"shipping-taxable","19":"purchasable","20":"product-type-variable"},"yoast_head":"<!-- This site is optimized with the Yoast SEO Premium plugin v27.4 (Yoast SEO v27.4) - https:\/\/yoast.com\/product\/yoast-seo-premium-wordpress\/ -->\n<title>Acheter un filament MakerBot PLA Precision | 3d-edu.ch<\/title>\n<meta name=\"description\" content=\"Acheter du filament MakerBot PLA Precision. Pour la mod\u00e9lisation de concepts et les \u00e9tudes de formes. Mat\u00e9riau de pr\u00e9cision PLA en spool intelligent pour la MakerBot Method.\" \/>\n<meta name=\"robots\" content=\"index, follow, max-snippet:-1, max-image-preview:large, max-video-preview:-1\" \/>\n<link rel=\"canonical\" href=\"https:\/\/3d-edu.ch\/fr\/boutique\/makerbot-pla-materiau-de-precision\/\" \/>\n<meta property=\"og:locale\" content=\"fr_FR\" \/>\n<meta property=\"og:type\" content=\"article\" \/>\n<meta property=\"og:title\" content=\"MakerBot PLA Mat\u00e9riau de pr\u00e9cision\" \/>\n<meta property=\"og:description\" content=\"Acheter du filament MakerBot PLA Precision. Pour la mod\u00e9lisation de concepts et les \u00e9tudes de formes. Mat\u00e9riau de pr\u00e9cision PLA en spool intelligent pour la MakerBot Method.\" \/>\n<meta property=\"og:url\" content=\"https:\/\/3d-edu.ch\/fr\/boutique\/makerbot-pla-materiau-de-precision\/\" \/>\n<meta property=\"og:site_name\" content=\"3D-EDU GmbH\" \/>\n<meta property=\"article:publisher\" content=\"https:\/\/www.facebook.com\/3d-educh-210277586064960\/\" \/>\n<meta property=\"article:modified_time\" content=\"2026-04-20T15:10:29+00:00\" \/>\n<meta property=\"og:image\" content=\"https:\/\/3d-edu.ch\/wp-content\/uploads\/2019\/10\/makerbot-pla-precision-filament-for-method.jpg\" \/>\n\t<meta property=\"og:image:width\" content=\"380\" \/>\n\t<meta property=\"og:image:height\" content=\"380\" \/>\n\t<meta property=\"og:image:type\" content=\"image\/jpeg\" \/>\n<meta name=\"twitter:card\" content=\"summary_large_image\" \/>\n<meta name=\"twitter:site\" content=\"@3d_edu_ch\" \/>\n<meta name=\"twitter:label1\" content=\"Disponibilit\u00e9\" \/>\n\t<meta name=\"twitter:data1\" content=\"En stock\" \/>\n<script type=\"application\/ld+json\" class=\"yoast-schema-graph\">{\"@context\":\"https:\\\/\\\/schema.org\",\"@graph\":[{\"@type\":\"WebPage\",\"@id\":\"https:\\\/\\\/3d-edu.ch\\\/fr\\\/boutique\\\/makerbot-pla-materiau-de-precision\\\/\",\"url\":\"https:\\\/\\\/3d-edu.ch\\\/fr\\\/boutique\\\/makerbot-pla-materiau-de-precision\\\/\",\"name\":\"Acheter un filament MakerBot PLA Precision | 3d-edu.ch\",\"isPartOf\":{\"@id\":\"https:\\\/\\\/3d-edu.ch\\\/fr\\\/#website\"},\"primaryImageOfPage\":{\"@id\":\"https:\\\/\\\/3d-edu.ch\\\/fr\\\/boutique\\\/makerbot-pla-materiau-de-precision\\\/#primaryimage\"},\"image\":{\"@id\":\"https:\\\/\\\/3d-edu.ch\\\/fr\\\/boutique\\\/makerbot-pla-materiau-de-precision\\\/#primaryimage\"},\"thumbnailUrl\":\"https:\\\/\\\/3d-edu.ch\\\/wp-content\\\/uploads\\\/2019\\\/10\\\/makerbot-pla-precision-filament-for-method.jpg\",\"datePublished\":\"2018-12-17T17:52:49+00:00\",\"dateModified\":\"2026-04-20T15:10:29+00:00\",\"description\":\"Acheter du filament MakerBot PLA Precision. Pour la mod\u00e9lisation de concepts et les \u00e9tudes de formes. Mat\u00e9riau de pr\u00e9cision PLA en spool intelligent pour la MakerBot Method.\",\"breadcrumb\":{\"@id\":\"https:\\\/\\\/3d-edu.ch\\\/fr\\\/boutique\\\/makerbot-pla-materiau-de-precision\\\/#breadcrumb\"},\"inLanguage\":\"fr-FR\",\"potentialAction\":[{\"@type\":\"ReadAction\",\"target\":[\"https:\\\/\\\/3d-edu.ch\\\/fr\\\/boutique\\\/makerbot-pla-materiau-de-precision\\\/\"]}]},{\"@type\":\"ImageObject\",\"inLanguage\":\"fr-FR\",\"@id\":\"https:\\\/\\\/3d-edu.ch\\\/fr\\\/boutique\\\/makerbot-pla-materiau-de-precision\\\/#primaryimage\",\"url\":\"https:\\\/\\\/3d-edu.ch\\\/wp-content\\\/uploads\\\/2019\\\/10\\\/makerbot-pla-precision-filament-for-method.jpg\",\"contentUrl\":\"https:\\\/\\\/3d-edu.ch\\\/wp-content\\\/uploads\\\/2019\\\/10\\\/makerbot-pla-precision-filament-for-method.jpg\",\"width\":380,\"height\":380,\"caption\":\"PLA Filament de pr\u00e9cision MakerBot Method Material\"},{\"@type\":\"BreadcrumbList\",\"@id\":\"https:\\\/\\\/3d-edu.ch\\\/fr\\\/boutique\\\/makerbot-pla-materiau-de-precision\\\/#breadcrumb\",\"itemListElement\":[{\"@type\":\"ListItem\",\"position\":1,\"name\":\"Accueil\",\"item\":\"https:\\\/\\\/3d-edu.ch\\\/fr\\\/\"},{\"@type\":\"ListItem\",\"position\":2,\"name\":\"Boutique\",\"item\":\"https:\\\/\\\/3d-edu.ch\\\/fr\\\/boutique\\\/\"},{\"@type\":\"ListItem\",\"position\":3,\"name\":\"MakerBot PLA Mat\u00e9riau de pr\u00e9cision\"}]},{\"@type\":\"WebSite\",\"@id\":\"https:\\\/\\\/3d-edu.ch\\\/fr\\\/#website\",\"url\":\"https:\\\/\\\/3d-edu.ch\\\/fr\\\/\",\"name\":\"3D-EDU GmbH\",\"description\":\"Your Formlabs, UltiMaker and Raise3D Printer Support and Education Site in Switzerland. \\\/\\\/ Ihre Formlabs, UltiMaker and Raise3D Drucker Support und Bildungs Webseite der Schweiz.\",\"publisher\":{\"@id\":\"https:\\\/\\\/3d-edu.ch\\\/fr\\\/#organization\"},\"potentialAction\":[{\"@type\":\"SearchAction\",\"target\":{\"@type\":\"EntryPoint\",\"urlTemplate\":\"https:\\\/\\\/3d-edu.ch\\\/fr\\\/?s={search_term_string}\"},\"query-input\":{\"@type\":\"PropertyValueSpecification\",\"valueRequired\":true,\"valueName\":\"search_term_string\"}}],\"inLanguage\":\"fr-FR\"},{\"@type\":[\"Organization\",\"Place\",\"ElectronicsStore\"],\"@id\":\"https:\\\/\\\/3d-edu.ch\\\/fr\\\/#organization\",\"name\":\"3D-EDU GmbH\",\"url\":\"https:\\\/\\\/3d-edu.ch\\\/fr\\\/\",\"logo\":{\"@id\":\"https:\\\/\\\/3d-edu.ch\\\/fr\\\/boutique\\\/makerbot-pla-materiau-de-precision\\\/#local-main-organization-logo\"},\"image\":{\"@id\":\"https:\\\/\\\/3d-edu.ch\\\/fr\\\/boutique\\\/makerbot-pla-materiau-de-precision\\\/#local-main-organization-logo\"},\"sameAs\":[\"https:\\\/\\\/www.facebook.com\\\/3d-educh-210277586064960\\\/\",\"https:\\\/\\\/x.com\\\/3d_edu_ch\"],\"address\":{\"@id\":\"https:\\\/\\\/3d-edu.ch\\\/fr\\\/boutique\\\/makerbot-pla-materiau-de-precision\\\/#local-main-place-address\"},\"geo\":{\"@type\":\"GeoCoordinates\",\"latitude\":\"47.38413\",\"longitude\":\"8.49812\"},\"telephone\":[\"+41 44 492 11 22\"],\"openingHoursSpecification\":[{\"@type\":\"OpeningHoursSpecification\",\"dayOfWeek\":[\"Monday\",\"Tuesday\",\"Wednesday\",\"Thursday\",\"Friday\"],\"opens\":\"08:30\",\"closes\":\"18:00\"},{\"@type\":\"OpeningHoursSpecification\",\"dayOfWeek\":[\"Saturday\",\"Sunday\"],\"opens\":\"00:00\",\"closes\":\"00:00\"}],\"email\":\"info@3d-edu.ch\",\"faxNumber\":\"+41 44 492 11 23\",\"vatID\":\"CHE-184.499.491 MWST\",\"priceRange\":\"$$$\",\"currenciesAccepted\":\"CHF\"},{\"@type\":\"PostalAddress\",\"@id\":\"https:\\\/\\\/3d-edu.ch\\\/fr\\\/boutique\\\/makerbot-pla-materiau-de-precision\\\/#local-main-place-address\",\"streetAddress\":\"3D-EDU GmbH, Badenerstrasse 556\",\"addressLocality\":\"Z\u00fcrich\",\"postalCode\":\"8048\",\"addressRegion\":\"Z\u00fcrich\",\"addressCountry\":\"CH\"},{\"@type\":\"ImageObject\",\"inLanguage\":\"fr-FR\",\"@id\":\"https:\\\/\\\/3d-edu.ch\\\/fr\\\/boutique\\\/makerbot-pla-materiau-de-precision\\\/#local-main-organization-logo\",\"url\":\"https:\\\/\\\/3d-edu.ch\\\/wp-content\\\/uploads\\\/2018\\\/10\\\/3d-drucker-makerbot-formlabs-professionelle-3d-drucker-e1546527990490.png\",\"contentUrl\":\"https:\\\/\\\/3d-edu.ch\\\/wp-content\\\/uploads\\\/2018\\\/10\\\/3d-drucker-makerbot-formlabs-professionelle-3d-drucker-e1546527990490.png\",\"width\":275,\"height\":80,\"caption\":\"3D-EDU GmbH\"}]}<\/script>\n<meta property=\"product:brand\" content=\"Mat\u00e9riaux pour Method\" \/>\n<meta property=\"og:availability\" content=\"instock\" \/>\n<meta property=\"product:availability\" content=\"instock\" \/>\n<meta property=\"product:condition\" content=\"new\" \/>\n<meta name=\"geo.placename\" content=\"Z\u00fcrich\" \/>\n<meta name=\"geo.position\" content=\"47.38413;8.49812\" \/>\n<meta name=\"geo.region\" content=\"Suisse\" \/>\n<!-- \/ Yoast SEO Premium plugin. -->","yoast_head_json":{"title":"Acheter un filament MakerBot PLA Precision | 3d-edu.ch","description":"Acheter du filament MakerBot PLA Precision. Pour la mod\u00e9lisation de concepts et les \u00e9tudes de formes. Mat\u00e9riau de pr\u00e9cision PLA en spool intelligent pour la MakerBot Method.","robots":{"index":"index","follow":"follow","max-snippet":"max-snippet:-1","max-image-preview":"max-image-preview:large","max-video-preview":"max-video-preview:-1"},"canonical":"https:\/\/3d-edu.ch\/fr\/boutique\/makerbot-pla-materiau-de-precision\/","og_locale":"fr_FR","og_type":"article","og_title":"MakerBot PLA Mat\u00e9riau de pr\u00e9cision","og_description":"Acheter du filament MakerBot PLA Precision. Pour la mod\u00e9lisation de concepts et les \u00e9tudes de formes. Mat\u00e9riau de pr\u00e9cision PLA en spool intelligent pour la MakerBot Method.","og_url":"https:\/\/3d-edu.ch\/fr\/boutique\/makerbot-pla-materiau-de-precision\/","og_site_name":"3D-EDU GmbH","article_publisher":"https:\/\/www.facebook.com\/3d-educh-210277586064960\/","article_modified_time":"2026-04-20T15:10:29+00:00","og_image":[{"width":380,"height":380,"url":"https:\/\/3d-edu.ch\/wp-content\/uploads\/2019\/10\/makerbot-pla-precision-filament-for-method.jpg","type":"image\/jpeg"}],"twitter_card":"summary_large_image","twitter_site":"@3d_edu_ch","twitter_misc":{"Disponibilit\u00e9":"En stock"},"schema":{"@context":"https:\/\/schema.org","@graph":[{"@type":"WebPage","@id":"https:\/\/3d-edu.ch\/fr\/boutique\/makerbot-pla-materiau-de-precision\/","url":"https:\/\/3d-edu.ch\/fr\/boutique\/makerbot-pla-materiau-de-precision\/","name":"Acheter un filament MakerBot PLA Precision | 3d-edu.ch","isPartOf":{"@id":"https:\/\/3d-edu.ch\/fr\/#website"},"primaryImageOfPage":{"@id":"https:\/\/3d-edu.ch\/fr\/boutique\/makerbot-pla-materiau-de-precision\/#primaryimage"},"image":{"@id":"https:\/\/3d-edu.ch\/fr\/boutique\/makerbot-pla-materiau-de-precision\/#primaryimage"},"thumbnailUrl":"https:\/\/3d-edu.ch\/wp-content\/uploads\/2019\/10\/makerbot-pla-precision-filament-for-method.jpg","datePublished":"2018-12-17T17:52:49+00:00","dateModified":"2026-04-20T15:10:29+00:00","description":"Acheter du filament MakerBot PLA Precision. Pour la mod\u00e9lisation de concepts et les \u00e9tudes de formes. Mat\u00e9riau de pr\u00e9cision PLA en spool intelligent pour la MakerBot Method.","breadcrumb":{"@id":"https:\/\/3d-edu.ch\/fr\/boutique\/makerbot-pla-materiau-de-precision\/#breadcrumb"},"inLanguage":"fr-FR","potentialAction":[{"@type":"ReadAction","target":["https:\/\/3d-edu.ch\/fr\/boutique\/makerbot-pla-materiau-de-precision\/"]}]},{"@type":"ImageObject","inLanguage":"fr-FR","@id":"https:\/\/3d-edu.ch\/fr\/boutique\/makerbot-pla-materiau-de-precision\/#primaryimage","url":"https:\/\/3d-edu.ch\/wp-content\/uploads\/2019\/10\/makerbot-pla-precision-filament-for-method.jpg","contentUrl":"https:\/\/3d-edu.ch\/wp-content\/uploads\/2019\/10\/makerbot-pla-precision-filament-for-method.jpg","width":380,"height":380,"caption":"PLA Filament de pr\u00e9cision MakerBot Method Material"},{"@type":"BreadcrumbList","@id":"https:\/\/3d-edu.ch\/fr\/boutique\/makerbot-pla-materiau-de-precision\/#breadcrumb","itemListElement":[{"@type":"ListItem","position":1,"name":"Accueil","item":"https:\/\/3d-edu.ch\/fr\/"},{"@type":"ListItem","position":2,"name":"Boutique","item":"https:\/\/3d-edu.ch\/fr\/boutique\/"},{"@type":"ListItem","position":3,"name":"MakerBot PLA Mat\u00e9riau de pr\u00e9cision"}]},{"@type":"WebSite","@id":"https:\/\/3d-edu.ch\/fr\/#website","url":"https:\/\/3d-edu.ch\/fr\/","name":"3D-EDU GmbH","description":"Your Formlabs, UltiMaker and Raise3D Printer Support and Education Site in Switzerland. \/\/ Ihre Formlabs, UltiMaker and Raise3D Drucker Support und Bildungs Webseite der Schweiz.","publisher":{"@id":"https:\/\/3d-edu.ch\/fr\/#organization"},"potentialAction":[{"@type":"SearchAction","target":{"@type":"EntryPoint","urlTemplate":"https:\/\/3d-edu.ch\/fr\/?s={search_term_string}"},"query-input":{"@type":"PropertyValueSpecification","valueRequired":true,"valueName":"search_term_string"}}],"inLanguage":"fr-FR"},{"@type":["Organization","Place","ElectronicsStore"],"@id":"https:\/\/3d-edu.ch\/fr\/#organization","name":"3D-EDU GmbH","url":"https:\/\/3d-edu.ch\/fr\/","logo":{"@id":"https:\/\/3d-edu.ch\/fr\/boutique\/makerbot-pla-materiau-de-precision\/#local-main-organization-logo"},"image":{"@id":"https:\/\/3d-edu.ch\/fr\/boutique\/makerbot-pla-materiau-de-precision\/#local-main-organization-logo"},"sameAs":["https:\/\/www.facebook.com\/3d-educh-210277586064960\/","https:\/\/x.com\/3d_edu_ch"],"address":{"@id":"https:\/\/3d-edu.ch\/fr\/boutique\/makerbot-pla-materiau-de-precision\/#local-main-place-address"},"geo":{"@type":"GeoCoordinates","latitude":"47.38413","longitude":"8.49812"},"telephone":["+41 44 492 11 22"],"openingHoursSpecification":[{"@type":"OpeningHoursSpecification","dayOfWeek":["Monday","Tuesday","Wednesday","Thursday","Friday"],"opens":"08:30","closes":"18:00"},{"@type":"OpeningHoursSpecification","dayOfWeek":["Saturday","Sunday"],"opens":"00:00","closes":"00:00"}],"email":"info@3d-edu.ch","faxNumber":"+41 44 492 11 23","vatID":"CHE-184.499.491 MWST","priceRange":"$$$","currenciesAccepted":"CHF"},{"@type":"PostalAddress","@id":"https:\/\/3d-edu.ch\/fr\/boutique\/makerbot-pla-materiau-de-precision\/#local-main-place-address","streetAddress":"3D-EDU GmbH, Badenerstrasse 556","addressLocality":"Z\u00fcrich","postalCode":"8048","addressRegion":"Z\u00fcrich","addressCountry":"CH"},{"@type":"ImageObject","inLanguage":"fr-FR","@id":"https:\/\/3d-edu.ch\/fr\/boutique\/makerbot-pla-materiau-de-precision\/#local-main-organization-logo","url":"https:\/\/3d-edu.ch\/wp-content\/uploads\/2018\/10\/3d-drucker-makerbot-formlabs-professionelle-3d-drucker-e1546527990490.png","contentUrl":"https:\/\/3d-edu.ch\/wp-content\/uploads\/2018\/10\/3d-drucker-makerbot-formlabs-professionelle-3d-drucker-e1546527990490.png","width":275,"height":80,"caption":"3D-EDU GmbH"}]},"product_brand":"Mat\u00e9riaux pour Method","og_availability":"instock","product_availability":"instock","product_condition":"new","geo.placename":"Z\u00fcrich","geo.position":{"lat":"47.38413","long":"8.49812"},"geo.region":"Suisse"},"_links":{"self":[{"href":"https:\/\/3d-edu.ch\/fr\/wp-json\/wp\/v2\/product\/77865","targetHints":{"allow":["GET"]}}],"collection":[{"href":"https:\/\/3d-edu.ch\/fr\/wp-json\/wp\/v2\/product"}],"about":[{"href":"https:\/\/3d-edu.ch\/fr\/wp-json\/wp\/v2\/types\/product"}],"replies":[{"embeddable":true,"href":"https:\/\/3d-edu.ch\/fr\/wp-json\/wp\/v2\/comments?post=77865"}],"wp:featuredmedia":[{"embeddable":true,"href":"https:\/\/3d-edu.ch\/fr\/wp-json\/wp\/v2\/media\/62040"}],"wp:attachment":[{"href":"https:\/\/3d-edu.ch\/fr\/wp-json\/wp\/v2\/media?parent=77865"}],"wp:term":[{"taxonomy":"product_brand","embeddable":true,"href":"https:\/\/3d-edu.ch\/fr\/wp-json\/wp\/v2\/product_brand?post=77865"},{"taxonomy":"product_cat","embeddable":true,"href":"https:\/\/3d-edu.ch\/fr\/wp-json\/wp\/v2\/product_cat?post=77865"},{"taxonomy":"product_tag","embeddable":true,"href":"https:\/\/3d-edu.ch\/fr\/wp-json\/wp\/v2\/product_tag?post=77865"}],"curies":[{"name":"wp","href":"https:\/\/api.w.org\/{rel}","templated":true}]}}