{"id":77832,"date":"2018-12-07T08:02:21","date_gmt":"2018-12-07T07:02:21","guid":{"rendered":"https:\/\/3d-edu.ch\/shop\/formlabs-color-kit-form-3-form-4\/"},"modified":"2026-05-05T16:43:13","modified_gmt":"2026-05-05T14:43:13","slug":"formlabs-color-kit-form-3-form-4","status":"publish","type":"product","link":"https:\/\/3d-edu.ch\/fr\/boutique\/formlabs-color-kit-form-3-form-4\/","title":{"rendered":"Formlabs Color Kit Form 3\/Form 4"},"content":{"rendered":"<h3>Formlabs Color Kit Form 3\/Form 4<\/h3>\n<p>Le Formlabs Color Kit, une solution de m\u00e9lange de couleurs pour les imprimantes 3D <a href=\"https:\/\/dedune53.myhostpoint.ch\/formlabs\/form-2-3d-drucker\/\">Formlabs<\/a>, permet d&rsquo;imprimer en 3D dans diff\u00e9rentes couleurs. Il n&rsquo;est donc plus n\u00e9cessaire d&rsquo;effectuer des retouches manuelles, de peindre ou de colorier. Vous pouvez ainsi cr\u00e9er des mod\u00e8les conceptuels en couleur et tester des concepts de produits plus rapidement et de mani\u00e8re plus r\u00e9aliste.<\/p>\n<div class=\"accordion\">\n\t<div id=\"accordion-1312615925\" class=\"accordion-item\">\n\t\t<a id=\"accordion-1312615925-label\" class=\"accordion-title plain\" href=\"#accordion-item-plus-d&#039;informations\" aria-expanded=\"false\" aria-controls=\"accordion-1312615925-content\">\n\t\t\t<button class=\"toggle\" aria-label=\"Basculer\"><i class=\"icon-angle-down\" aria-hidden=\"true\"><\/i><\/button>\n\t\t\t<span>Plus d&#039;informations<\/span>\n\t\t<\/a>\n\t\t<div id=\"accordion-1312615925-content\" class=\"accordion-inner\" aria-labelledby=\"accordion-1312615925-label\">\n\t\t\t\n<h5>Contenu de la livraison<\/h5>\n<p>Le kit de couleurs Formlabs se compose d&rsquo;une cartouche Color Base (800 ml) pour la Form 3 ou la Form 4 et de cinq pigments de couleur (115 ml chacun) : cyan, mangenta, jaune, noir et blanc. Vous recevrez \u00e9galement 5 seringues de dosage ainsi qu&rsquo;un mode d&rsquo;emploi. Utilisez le Color Kit pour m\u00e9langer et imprimer des pi\u00e8ces opaques et mates dans une gamme de couleurs.  <\/p>\n<p>R\u00e9solutions d&rsquo;impression prises en charge : 100, 50 et 25 microns.<br \/>\nAucun post-traitement requis.<br \/>\nCe support Form X n\u00e9cessite des \u00e9tapes suppl\u00e9mentaires pour r\u00e9ussir l&rsquo;impression.<\/p>\n<h5>Guide rapide du Formlabs Color Kit :<\/h5>\n<ol>\n<li>Choisissez une couleur. Formlabs a test\u00e9 16 couleurs, pour lesquelles vous pouvez trouver les proportions de m\u00e9lange sur dans le guide fourni. <\/li>\n<li>Ajoutez des pigments \u00e0 la base de la couleur en suivant les instructions du Formlabs Color Kit. Suivez scrupuleusement la recette pour obtenir la couleur appropri\u00e9e. Mesurez la quantit\u00e9 de pigment et ajoutez-la \u00e0 votre cartouche de base de couleur.  <\/li>\n<li>Secouez bien la cartouche d&rsquo;encre. Le m\u00e9lange encre-r\u00e9sine doit \u00eatre bien m\u00e9lang\u00e9 en secouant la cartouche. <\/li>\n<li>Ins\u00e9rez la cartouche comme d&rsquo;habitude dans votre imprimante 3D Formlabs et imprimez !<\/li>\n<\/ol>\n\t\t<\/div>\n\t<\/div>\n\t\n<\/div>\n","protected":false},"excerpt":{"rendered":"<h2><strong>Formlabs Color Kit Form 3 \/Form 4 Solution de m\u00e9lange de couleurs de r\u00e9sine synth\u00e9tique de Formlabs<\/strong><\/h2>\n<p>Les r\u00e9sines Formlabs sont des mat\u00e9riaux avanc\u00e9s qui donnent des r\u00e9sultats de forme parfaite.<\/p>\n<h3><strong>Formlabs Color Kit Form 3\/ Form 4<br \/>\n<\/strong><\/h3>\n<p>Le Formlabs Color Kit est une solution de m\u00e9lange de couleurs pour les imprimantes 3D st\u00e9r\u00e9olithographiques Form 2, Form 3\/L et Form 4 de Formlabs. Elle permet d&rsquo;imprimer en 3D en 16 couleurs minimum sans retouche manuelle ni peinture.  <\/p>\n","protected":false},"featured_media":70085,"comment_status":"closed","ping_status":"closed","template":"","meta":[],"product_brand":[],"product_cat":[],"product_tag":[8057,7784,9724,9725,8053,9723,9722,9728,9729,9730,9732,9731,9727,9726],"class_list":{"0":"post-77832","1":"product","2":"type-product","3":"status-publish","4":"has-post-thumbnail","6":"product_tag-forme-4","7":"product_tag-formlabs-fr","8":"product_tag-kit-de-couleurs","9":"product_tag-resine-de-base-couleur","10":"product_tag-resine-formlabs","11":"product_tag-rs-c2-gpcb-01","12":"product_tag-rs-c2-pkg-cr","13":"product_tag-rs-f2-crbk-01","14":"product_tag-rs-f2-crcy-01","15":"product_tag-rs-f2-crma-01","16":"product_tag-rs-f2-crwh-01","17":"product_tag-rs-f2-cryl-01","18":"product_tag-rs-f2-gpcb-01","19":"product_tag-rs-f2-pkg-cr","21":"first","22":"onbackorder","23":"taxable","24":"shipping-taxable","25":"purchasable","26":"product-type-variable"},"yoast_head":"<!-- This site is optimized with the Yoast SEO Premium plugin v27.5 (Yoast SEO v27.5) - https:\/\/yoast.com\/product\/yoast-seo-premium-wordpress\/ -->\n<title>Formlabs Color Kit Form 3\/Form 4 %%page% - Solution de m\u00e9lange de couleurs pour la r\u00e9sine Formlabs - 3D-EDU<\/title>\n<meta name=\"description\" content=\"Le Formlabs Color Kit est une solution de m\u00e9lange de couleurs pour les imprimantes 3D st\u00e9r\u00e9olithographiques Form 2, Form 3\/L et Form 4 de Formlabs. Elle permet d&#039;imprimer en 3D en 16 couleurs minimum sans retouche manuelle ni peinture.\" \/>\n<meta name=\"robots\" content=\"index, follow, max-snippet:-1, max-image-preview:large, max-video-preview:-1\" \/>\n<link rel=\"canonical\" href=\"https:\/\/3d-edu.ch\/fr\/boutique\/formlabs-color-kit-form-3-form-4\/\" \/>\n<meta property=\"og:locale\" content=\"fr_FR\" \/>\n<meta property=\"og:type\" content=\"article\" \/>\n<meta property=\"og:title\" content=\"Formlabs Color Kit Form 3\/Form 4\" \/>\n<meta property=\"og:description\" content=\"Le Formlabs Color Kit est une solution de m\u00e9lange de couleurs pour les imprimantes 3D st\u00e9r\u00e9olithographiques Form 2, Form 3\/L et Form 4 de Formlabs. Elle permet d&#039;imprimer en 3D en 16 couleurs minimum sans retouche manuelle ni peinture.\" \/>\n<meta property=\"og:url\" content=\"https:\/\/3d-edu.ch\/fr\/boutique\/formlabs-color-kit-form-3-form-4\/\" \/>\n<meta property=\"og:site_name\" content=\"3D-EDU GmbH\" \/>\n<meta property=\"article:publisher\" content=\"https:\/\/www.facebook.com\/3d-educh-210277586064960\/\" \/>\n<meta property=\"article:modified_time\" content=\"2026-05-05T14:43:13+00:00\" \/>\n<meta property=\"og:image\" content=\"https:\/\/3d-edu.ch\/wp-content\/uploads\/2024\/05\/formlabs-form-4-color-kit.webp\" \/>\n\t<meta property=\"og:image:width\" content=\"380\" \/>\n\t<meta property=\"og:image:height\" content=\"380\" \/>\n\t<meta property=\"og:image:type\" content=\"image\/webp\" \/>\n<meta name=\"twitter:card\" content=\"summary_large_image\" \/>\n<meta name=\"twitter:site\" content=\"@3d_edu_ch\" \/>\n<meta name=\"twitter:label1\" content=\"Disponibilit\u00e9\" \/>\n\t<meta name=\"twitter:data1\" content=\"En r\u00e9assort\" \/>\n<script type=\"application\/ld+json\" class=\"yoast-schema-graph\">{\"@context\":\"https:\\\/\\\/schema.org\",\"@graph\":[{\"@type\":\"WebPage\",\"@id\":\"https:\\\/\\\/3d-edu.ch\\\/fr\\\/boutique\\\/formlabs-color-kit-form-3-form-4\\\/\",\"url\":\"https:\\\/\\\/3d-edu.ch\\\/fr\\\/boutique\\\/formlabs-color-kit-form-3-form-4\\\/\",\"name\":\"Formlabs Color Kit Form 3\\\/Form 4 %%page% - Solution de m\u00e9lange de couleurs pour la r\u00e9sine Formlabs - 3D-EDU\",\"isPartOf\":{\"@id\":\"https:\\\/\\\/3d-edu.ch\\\/fr\\\/#website\"},\"primaryImageOfPage\":{\"@id\":\"https:\\\/\\\/3d-edu.ch\\\/fr\\\/boutique\\\/formlabs-color-kit-form-3-form-4\\\/#primaryimage\"},\"image\":{\"@id\":\"https:\\\/\\\/3d-edu.ch\\\/fr\\\/boutique\\\/formlabs-color-kit-form-3-form-4\\\/#primaryimage\"},\"thumbnailUrl\":\"https:\\\/\\\/3d-edu.ch\\\/wp-content\\\/uploads\\\/2024\\\/05\\\/formlabs-form-4-color-kit.webp\",\"datePublished\":\"2018-12-07T07:02:21+00:00\",\"dateModified\":\"2026-05-05T14:43:13+00:00\",\"description\":\"Le Formlabs Color Kit est une solution de m\u00e9lange de couleurs pour les imprimantes 3D st\u00e9r\u00e9olithographiques Form 2, Form 3\\\/L et Form 4 de Formlabs. Elle permet d'imprimer en 3D en 16 couleurs minimum sans retouche manuelle ni peinture.\",\"breadcrumb\":{\"@id\":\"https:\\\/\\\/3d-edu.ch\\\/fr\\\/boutique\\\/formlabs-color-kit-form-3-form-4\\\/#breadcrumb\"},\"inLanguage\":\"fr-FR\",\"potentialAction\":[{\"@type\":\"ReadAction\",\"target\":[\"https:\\\/\\\/3d-edu.ch\\\/fr\\\/boutique\\\/formlabs-color-kit-form-3-form-4\\\/\"]}]},{\"@type\":\"ImageObject\",\"inLanguage\":\"fr-FR\",\"@id\":\"https:\\\/\\\/3d-edu.ch\\\/fr\\\/boutique\\\/formlabs-color-kit-form-3-form-4\\\/#primaryimage\",\"url\":\"https:\\\/\\\/3d-edu.ch\\\/wp-content\\\/uploads\\\/2024\\\/05\\\/formlabs-form-4-color-kit.webp\",\"contentUrl\":\"https:\\\/\\\/3d-edu.ch\\\/wp-content\\\/uploads\\\/2024\\\/05\\\/formlabs-form-4-color-kit.webp\",\"width\":380,\"height\":380,\"caption\":\"Formlabs Form 4 Color Kit\"},{\"@type\":\"BreadcrumbList\",\"@id\":\"https:\\\/\\\/3d-edu.ch\\\/fr\\\/boutique\\\/formlabs-color-kit-form-3-form-4\\\/#breadcrumb\",\"itemListElement\":[{\"@type\":\"ListItem\",\"position\":1,\"name\":\"Accueil\",\"item\":\"https:\\\/\\\/3d-edu.ch\\\/fr\\\/\"},{\"@type\":\"ListItem\",\"position\":2,\"name\":\"Boutique\",\"item\":\"https:\\\/\\\/3d-edu.ch\\\/fr\\\/boutique\\\/\"},{\"@type\":\"ListItem\",\"position\":3,\"name\":\"Formlabs Color Kit Form 3\\\/Form 4\"}]},{\"@type\":\"WebSite\",\"@id\":\"https:\\\/\\\/3d-edu.ch\\\/fr\\\/#website\",\"url\":\"https:\\\/\\\/3d-edu.ch\\\/fr\\\/\",\"name\":\"3D-EDU GmbH\",\"description\":\"Your Formlabs, UltiMaker and Raise3D Printer Support and Education Site in Switzerland. \\\/\\\/ Ihre Formlabs, UltiMaker and Raise3D Drucker Support und Bildungs Webseite der Schweiz.\",\"publisher\":{\"@id\":\"https:\\\/\\\/3d-edu.ch\\\/fr\\\/#organization\"},\"potentialAction\":[{\"@type\":\"SearchAction\",\"target\":{\"@type\":\"EntryPoint\",\"urlTemplate\":\"https:\\\/\\\/3d-edu.ch\\\/fr\\\/?s={search_term_string}\"},\"query-input\":{\"@type\":\"PropertyValueSpecification\",\"valueRequired\":true,\"valueName\":\"search_term_string\"}}],\"inLanguage\":\"fr-FR\"},{\"@type\":[\"Organization\",\"Place\",\"ElectronicsStore\"],\"@id\":\"https:\\\/\\\/3d-edu.ch\\\/fr\\\/#organization\",\"name\":\"3D-EDU GmbH\",\"url\":\"https:\\\/\\\/3d-edu.ch\\\/fr\\\/\",\"logo\":{\"@id\":\"https:\\\/\\\/3d-edu.ch\\\/fr\\\/boutique\\\/formlabs-color-kit-form-3-form-4\\\/#local-main-organization-logo\"},\"image\":{\"@id\":\"https:\\\/\\\/3d-edu.ch\\\/fr\\\/boutique\\\/formlabs-color-kit-form-3-form-4\\\/#local-main-organization-logo\"},\"sameAs\":[\"https:\\\/\\\/www.facebook.com\\\/3d-educh-210277586064960\\\/\",\"https:\\\/\\\/x.com\\\/3d_edu_ch\"],\"address\":{\"@id\":\"https:\\\/\\\/3d-edu.ch\\\/fr\\\/boutique\\\/formlabs-color-kit-form-3-form-4\\\/#local-main-place-address\"},\"geo\":{\"@type\":\"GeoCoordinates\",\"latitude\":\"47.38413\",\"longitude\":\"8.49812\"},\"telephone\":[\"+41 44 492 11 22\"],\"openingHoursSpecification\":[{\"@type\":\"OpeningHoursSpecification\",\"dayOfWeek\":[\"Monday\",\"Tuesday\",\"Wednesday\",\"Thursday\",\"Friday\"],\"opens\":\"08:30\",\"closes\":\"18:00\"},{\"@type\":\"OpeningHoursSpecification\",\"dayOfWeek\":[\"Saturday\",\"Sunday\"],\"opens\":\"00:00\",\"closes\":\"00:00\"}],\"email\":\"info@3d-edu.ch\",\"faxNumber\":\"+41 44 492 11 23\",\"vatID\":\"CHE-184.499.491 MWST\",\"priceRange\":\"$$$\",\"currenciesAccepted\":\"CHF\"},{\"@type\":\"PostalAddress\",\"@id\":\"https:\\\/\\\/3d-edu.ch\\\/fr\\\/boutique\\\/formlabs-color-kit-form-3-form-4\\\/#local-main-place-address\",\"streetAddress\":\"3D-EDU GmbH, Badenerstrasse 556\",\"addressLocality\":\"Z\u00fcrich\",\"postalCode\":\"8048\",\"addressRegion\":\"Z\u00fcrich\",\"addressCountry\":\"CH\"},{\"@type\":\"ImageObject\",\"inLanguage\":\"fr-FR\",\"@id\":\"https:\\\/\\\/3d-edu.ch\\\/fr\\\/boutique\\\/formlabs-color-kit-form-3-form-4\\\/#local-main-organization-logo\",\"url\":\"https:\\\/\\\/3d-edu.ch\\\/wp-content\\\/uploads\\\/2018\\\/10\\\/3d-drucker-makerbot-formlabs-professionelle-3d-drucker-e1546527990490.png\",\"contentUrl\":\"https:\\\/\\\/3d-edu.ch\\\/wp-content\\\/uploads\\\/2018\\\/10\\\/3d-drucker-makerbot-formlabs-professionelle-3d-drucker-e1546527990490.png\",\"width\":275,\"height\":80,\"caption\":\"3D-EDU GmbH\"}]}<\/script>\n<meta property=\"og:availability\" content=\"backorder\" \/>\n<meta property=\"product:availability\" content=\"available for order\" \/>\n<meta property=\"product:condition\" content=\"new\" \/>\n<meta name=\"geo.placename\" content=\"Z\u00fcrich\" \/>\n<meta name=\"geo.position\" content=\"47.38413;8.49812\" \/>\n<meta name=\"geo.region\" content=\"Suisse\" \/>\n<!-- \/ Yoast SEO Premium plugin. -->","yoast_head_json":{"title":"Formlabs Color Kit Form 3\/Form 4 %%page% - Solution de m\u00e9lange de couleurs pour la r\u00e9sine Formlabs - 3D-EDU","description":"Le Formlabs Color Kit est une solution de m\u00e9lange de couleurs pour les imprimantes 3D st\u00e9r\u00e9olithographiques Form 2, Form 3\/L et Form 4 de Formlabs. Elle permet d'imprimer en 3D en 16 couleurs minimum sans retouche manuelle ni peinture.","robots":{"index":"index","follow":"follow","max-snippet":"max-snippet:-1","max-image-preview":"max-image-preview:large","max-video-preview":"max-video-preview:-1"},"canonical":"https:\/\/3d-edu.ch\/fr\/boutique\/formlabs-color-kit-form-3-form-4\/","og_locale":"fr_FR","og_type":"article","og_title":"Formlabs Color Kit Form 3\/Form 4","og_description":"Le Formlabs Color Kit est une solution de m\u00e9lange de couleurs pour les imprimantes 3D st\u00e9r\u00e9olithographiques Form 2, Form 3\/L et Form 4 de Formlabs. Elle permet d'imprimer en 3D en 16 couleurs minimum sans retouche manuelle ni peinture.","og_url":"https:\/\/3d-edu.ch\/fr\/boutique\/formlabs-color-kit-form-3-form-4\/","og_site_name":"3D-EDU GmbH","article_publisher":"https:\/\/www.facebook.com\/3d-educh-210277586064960\/","article_modified_time":"2026-05-05T14:43:13+00:00","og_image":[{"width":380,"height":380,"url":"https:\/\/3d-edu.ch\/wp-content\/uploads\/2024\/05\/formlabs-form-4-color-kit.webp","type":"image\/webp"}],"twitter_card":"summary_large_image","twitter_site":"@3d_edu_ch","twitter_misc":{"Disponibilit\u00e9":"En r\u00e9assort"},"schema":{"@context":"https:\/\/schema.org","@graph":[{"@type":"WebPage","@id":"https:\/\/3d-edu.ch\/fr\/boutique\/formlabs-color-kit-form-3-form-4\/","url":"https:\/\/3d-edu.ch\/fr\/boutique\/formlabs-color-kit-form-3-form-4\/","name":"Formlabs Color Kit Form 3\/Form 4 %%page% - Solution de m\u00e9lange de couleurs pour la r\u00e9sine Formlabs - 3D-EDU","isPartOf":{"@id":"https:\/\/3d-edu.ch\/fr\/#website"},"primaryImageOfPage":{"@id":"https:\/\/3d-edu.ch\/fr\/boutique\/formlabs-color-kit-form-3-form-4\/#primaryimage"},"image":{"@id":"https:\/\/3d-edu.ch\/fr\/boutique\/formlabs-color-kit-form-3-form-4\/#primaryimage"},"thumbnailUrl":"https:\/\/3d-edu.ch\/wp-content\/uploads\/2024\/05\/formlabs-form-4-color-kit.webp","datePublished":"2018-12-07T07:02:21+00:00","dateModified":"2026-05-05T14:43:13+00:00","description":"Le Formlabs Color Kit est une solution de m\u00e9lange de couleurs pour les imprimantes 3D st\u00e9r\u00e9olithographiques Form 2, Form 3\/L et Form 4 de Formlabs. Elle permet d'imprimer en 3D en 16 couleurs minimum sans retouche manuelle ni peinture.","breadcrumb":{"@id":"https:\/\/3d-edu.ch\/fr\/boutique\/formlabs-color-kit-form-3-form-4\/#breadcrumb"},"inLanguage":"fr-FR","potentialAction":[{"@type":"ReadAction","target":["https:\/\/3d-edu.ch\/fr\/boutique\/formlabs-color-kit-form-3-form-4\/"]}]},{"@type":"ImageObject","inLanguage":"fr-FR","@id":"https:\/\/3d-edu.ch\/fr\/boutique\/formlabs-color-kit-form-3-form-4\/#primaryimage","url":"https:\/\/3d-edu.ch\/wp-content\/uploads\/2024\/05\/formlabs-form-4-color-kit.webp","contentUrl":"https:\/\/3d-edu.ch\/wp-content\/uploads\/2024\/05\/formlabs-form-4-color-kit.webp","width":380,"height":380,"caption":"Formlabs Form 4 Color Kit"},{"@type":"BreadcrumbList","@id":"https:\/\/3d-edu.ch\/fr\/boutique\/formlabs-color-kit-form-3-form-4\/#breadcrumb","itemListElement":[{"@type":"ListItem","position":1,"name":"Accueil","item":"https:\/\/3d-edu.ch\/fr\/"},{"@type":"ListItem","position":2,"name":"Boutique","item":"https:\/\/3d-edu.ch\/fr\/boutique\/"},{"@type":"ListItem","position":3,"name":"Formlabs Color Kit Form 3\/Form 4"}]},{"@type":"WebSite","@id":"https:\/\/3d-edu.ch\/fr\/#website","url":"https:\/\/3d-edu.ch\/fr\/","name":"3D-EDU GmbH","description":"Your Formlabs, UltiMaker and Raise3D Printer Support and Education Site in Switzerland. \/\/ Ihre Formlabs, UltiMaker and Raise3D Drucker Support und Bildungs Webseite der Schweiz.","publisher":{"@id":"https:\/\/3d-edu.ch\/fr\/#organization"},"potentialAction":[{"@type":"SearchAction","target":{"@type":"EntryPoint","urlTemplate":"https:\/\/3d-edu.ch\/fr\/?s={search_term_string}"},"query-input":{"@type":"PropertyValueSpecification","valueRequired":true,"valueName":"search_term_string"}}],"inLanguage":"fr-FR"},{"@type":["Organization","Place","ElectronicsStore"],"@id":"https:\/\/3d-edu.ch\/fr\/#organization","name":"3D-EDU GmbH","url":"https:\/\/3d-edu.ch\/fr\/","logo":{"@id":"https:\/\/3d-edu.ch\/fr\/boutique\/formlabs-color-kit-form-3-form-4\/#local-main-organization-logo"},"image":{"@id":"https:\/\/3d-edu.ch\/fr\/boutique\/formlabs-color-kit-form-3-form-4\/#local-main-organization-logo"},"sameAs":["https:\/\/www.facebook.com\/3d-educh-210277586064960\/","https:\/\/x.com\/3d_edu_ch"],"address":{"@id":"https:\/\/3d-edu.ch\/fr\/boutique\/formlabs-color-kit-form-3-form-4\/#local-main-place-address"},"geo":{"@type":"GeoCoordinates","latitude":"47.38413","longitude":"8.49812"},"telephone":["+41 44 492 11 22"],"openingHoursSpecification":[{"@type":"OpeningHoursSpecification","dayOfWeek":["Monday","Tuesday","Wednesday","Thursday","Friday"],"opens":"08:30","closes":"18:00"},{"@type":"OpeningHoursSpecification","dayOfWeek":["Saturday","Sunday"],"opens":"00:00","closes":"00:00"}],"email":"info@3d-edu.ch","faxNumber":"+41 44 492 11 23","vatID":"CHE-184.499.491 MWST","priceRange":"$$$","currenciesAccepted":"CHF"},{"@type":"PostalAddress","@id":"https:\/\/3d-edu.ch\/fr\/boutique\/formlabs-color-kit-form-3-form-4\/#local-main-place-address","streetAddress":"3D-EDU GmbH, Badenerstrasse 556","addressLocality":"Z\u00fcrich","postalCode":"8048","addressRegion":"Z\u00fcrich","addressCountry":"CH"},{"@type":"ImageObject","inLanguage":"fr-FR","@id":"https:\/\/3d-edu.ch\/fr\/boutique\/formlabs-color-kit-form-3-form-4\/#local-main-organization-logo","url":"https:\/\/3d-edu.ch\/wp-content\/uploads\/2018\/10\/3d-drucker-makerbot-formlabs-professionelle-3d-drucker-e1546527990490.png","contentUrl":"https:\/\/3d-edu.ch\/wp-content\/uploads\/2018\/10\/3d-drucker-makerbot-formlabs-professionelle-3d-drucker-e1546527990490.png","width":275,"height":80,"caption":"3D-EDU GmbH"}]},"og_availability":"backorder","product_availability":"available for order","product_condition":"new","geo.placename":"Z\u00fcrich","geo.position":{"lat":"47.38413","long":"8.49812"},"geo.region":"Suisse"},"_links":{"self":[{"href":"https:\/\/3d-edu.ch\/fr\/wp-json\/wp\/v2\/product\/77832","targetHints":{"allow":["GET"]}}],"collection":[{"href":"https:\/\/3d-edu.ch\/fr\/wp-json\/wp\/v2\/product"}],"about":[{"href":"https:\/\/3d-edu.ch\/fr\/wp-json\/wp\/v2\/types\/product"}],"replies":[{"embeddable":true,"href":"https:\/\/3d-edu.ch\/fr\/wp-json\/wp\/v2\/comments?post=77832"}],"wp:featuredmedia":[{"embeddable":true,"href":"https:\/\/3d-edu.ch\/fr\/wp-json\/wp\/v2\/media\/70085"}],"wp:attachment":[{"href":"https:\/\/3d-edu.ch\/fr\/wp-json\/wp\/v2\/media?parent=77832"}],"wp:term":[{"taxonomy":"product_brand","embeddable":true,"href":"https:\/\/3d-edu.ch\/fr\/wp-json\/wp\/v2\/product_brand?post=77832"},{"taxonomy":"product_cat","embeddable":true,"href":"https:\/\/3d-edu.ch\/fr\/wp-json\/wp\/v2\/product_cat?post=77832"},{"taxonomy":"product_tag","embeddable":true,"href":"https:\/\/3d-edu.ch\/fr\/wp-json\/wp\/v2\/product_tag?post=77832"}],"curies":[{"name":"wp","href":"https:\/\/api.w.org\/{rel}","templated":true}]}}