{"id":77804,"date":"2018-04-12T07:23:09","date_gmt":"2018-04-12T07:23:09","guid":{"rendered":"https:\/\/3d-edu.ch\/shop\/buse-trempee-mk8-nozzle-04mm\/"},"modified":"2026-04-20T13:48:52","modified_gmt":"2026-04-20T11:48:52","slug":"buse-trempee-mk8-nozzle-04mm","status":"publish","type":"product","link":"https:\/\/3d-edu.ch\/fr\/boutique\/buse-trempee-mk8-nozzle-04mm\/","title":{"rendered":"Buse tremp\u00e9e MK8 \/ Nozzle, 0,4mm"},"content":{"rendered":"<h3>Buse MK8 \/ Nozzle TwinClad XT 0.4mm<\/h3>\n<p>Notre buse MK8 pour MakerBot, Craftbot, Witbox et Hephestos est fabriqu\u00e9e en laiton comme mat\u00e9riau de base et recouverte du rev\u00eatement brevet\u00e9 \u00ab\u00a0TwinClad XT\u00a0\u00bb.<br \/>\nTwinClad XT est un rev\u00eatement composite en nickel con\u00e7u pour une tr\u00e8s faible friction. Il offre l&rsquo;un des coefficients de frottement les plus faibles et r\u00e9duit ainsi le colmatage des buses. De plus, ce rev\u00eatement rend la buse tr\u00e8s dure et r\u00e9sistante \u00e0 l&rsquo;abrasion. C&rsquo;est pourquoi l&rsquo;utilisation de ces buses est particuli\u00e8rement recommand\u00e9e pour le traitement de <a href=\"\/?product_cat=nylon-pa6-filamente\">filaments abrasifs<\/a> tels que le carbone, l&rsquo;aluminium ou le m\u00e9tal.   <\/p>\n<p>Cette buse MK8 est disponible en 4 tailles diff\u00e9rentes : 0.2mm, 0.3mm, 0.4mm, 0.6mm.<br \/>\n<a href=\"https:\/\/3d-edu.ch\/fr\/contact\/\">Contactez-nous<\/a> si vous ne souhaitez pas la taille standard de 0,4 mm.<\/p>\n<p>Le nozzle est fabriqu\u00e9 aux \u00c9tats-Unis par Micro Swiss LLC Precision CNC Machining.<\/p>\n","protected":false},"excerpt":{"rendered":"<h2><strong>Buse MK8 tremp\u00e9e, 0.4mm pour Replicator 2 \/ Replicator 2X<\/strong><\/h2>\n<p>(Replicator, Replicator Mini,  <a href=\"\/shop\/makerbot-replicator-plus\/\">Replicator+<\/a>,  <a href=\"\/shop\/makerbot-replicator-mini-plus\/\">Replicator Mini+<\/a>,  <a href=\"https:\/\/3d-edu.ch\/fr\/boutique\/makerbot-replicator-z18\/\">Replicator Z18<\/a> en utilisant le MakerBot  <a href=\"https:\/\/3d-edu.ch\/fr\/boutique\/makerbot-experimental-extruder-extrudeuse-experimentale\/\">Extrudeuse exp\u00e9rimentale<\/a>)<\/p>\n<p>Contenu : 1 pi\u00e8ce<\/p>\n","protected":false},"featured_media":58666,"comment_status":"closed","ping_status":"closed","template":"","meta":[],"product_brand":[],"product_cat":[7920,9069,9068,9699,9700,9070,9071],"product_tag":[8185,8186,9602,9603],"class_list":{"0":"post-77804","1":"product","2":"type-product","3":"status-publish","4":"has-post-thumbnail","6":"product_cat-accessoires-et-pieces-de-rechange-pour-imprimantes-3d-fr","7":"product_cat-makerbot-replicator-5e-generation","8":"product_cat-makerbot-replicator-2-2x","9":"product_cat-makerbot-replicator-mini","11":"product_cat-makerbot-replicator-z18","12":"product_cat-makerbot-replicator","13":"product_tag-makerbot","14":"product_tag-pieces-de-rechange-makerbot","15":"product_tag-replicateur-2","16":"product_tag-replicateur-2x","18":"first","19":"onbackorder","20":"taxable","21":"shipping-taxable","22":"purchasable","23":"product-type-simple"},"yoast_head":"<!-- This site is optimized with the Yoast SEO Premium plugin v27.4 (Yoast SEO v27.4) - https:\/\/yoast.com\/product\/yoast-seo-premium-wordpress\/ -->\n<title>Buse tremp\u00e9e MK8 \/ Nozzle, 0,4mm %%page% - Accessoires d&#039;impression 3D - 3D-EDU<\/title>\n<meta name=\"robots\" content=\"index, follow, max-snippet:-1, max-image-preview:large, max-video-preview:-1\" \/>\n<link rel=\"canonical\" href=\"https:\/\/3d-edu.ch\/fr\/boutique\/buse-trempee-mk8-nozzle-04mm\/\" \/>\n<meta property=\"og:locale\" content=\"fr_FR\" \/>\n<meta property=\"og:type\" content=\"article\" \/>\n<meta property=\"og:title\" content=\"Buse tremp\u00e9e MK8 \/ Nozzle, 0,4mm\" \/>\n<meta property=\"og:description\" content=\"Buse MK8 tremp\u00e9e, 0.4mm pour Replicator 2 \/ Replicator 2X (Replicator, Replicator Mini, Replicator+, Replicator Mini+, Replicator Z18 en utilisant le MakerBot Extrudeuse exp\u00e9rimentale) Contenu : 1 pi\u00e8ce\" \/>\n<meta property=\"og:url\" content=\"https:\/\/3d-edu.ch\/fr\/boutique\/buse-trempee-mk8-nozzle-04mm\/\" \/>\n<meta property=\"og:site_name\" content=\"3D-EDU GmbH\" \/>\n<meta property=\"article:publisher\" content=\"https:\/\/www.facebook.com\/3d-educh-210277586064960\/\" \/>\n<meta property=\"article:modified_time\" content=\"2026-04-20T11:48:52+00:00\" \/>\n<meta property=\"og:image\" content=\"https:\/\/3d-edu.ch\/wp-content\/uploads\/2019\/01\/MK8-Nozzle-Micro-Swiss-TwinClad-XT.jpg\" \/>\n\t<meta property=\"og:image:width\" content=\"335\" \/>\n\t<meta property=\"og:image:height\" content=\"335\" \/>\n\t<meta property=\"og:image:type\" content=\"image\/jpeg\" \/>\n<meta name=\"twitter:card\" content=\"summary_large_image\" \/>\n<meta name=\"twitter:site\" content=\"@3d_edu_ch\" \/>\n<meta name=\"twitter:label1\" content=\"Prix\" \/>\n\t<meta name=\"twitter:data1\" content=\"14.25&nbsp;&#067;&#072;&#070; hors TVA\" \/>\n\t<meta name=\"twitter:label2\" content=\"Disponibilit\u00e9\" \/>\n\t<meta name=\"twitter:data2\" content=\"En r\u00e9assort\" \/>\n<script type=\"application\/ld+json\" class=\"yoast-schema-graph\">{\"@context\":\"https:\\\/\\\/schema.org\",\"@graph\":[{\"@type\":\"WebPage\",\"@id\":\"https:\\\/\\\/3d-edu.ch\\\/fr\\\/boutique\\\/buse-trempee-mk8-nozzle-04mm\\\/\",\"url\":\"https:\\\/\\\/3d-edu.ch\\\/fr\\\/boutique\\\/buse-trempee-mk8-nozzle-04mm\\\/\",\"name\":\"Buse tremp\u00e9e MK8 \\\/ Nozzle, 0,4mm %%page% - Accessoires d'impression 3D - 3D-EDU\",\"isPartOf\":{\"@id\":\"https:\\\/\\\/3d-edu.ch\\\/fr\\\/#website\"},\"primaryImageOfPage\":{\"@id\":\"https:\\\/\\\/3d-edu.ch\\\/fr\\\/boutique\\\/buse-trempee-mk8-nozzle-04mm\\\/#primaryimage\"},\"image\":{\"@id\":\"https:\\\/\\\/3d-edu.ch\\\/fr\\\/boutique\\\/buse-trempee-mk8-nozzle-04mm\\\/#primaryimage\"},\"thumbnailUrl\":\"https:\\\/\\\/3d-edu.ch\\\/wp-content\\\/uploads\\\/2019\\\/01\\\/MK8-Nozzle-Micro-Swiss-TwinClad-XT.jpg\",\"datePublished\":\"2018-04-12T07:23:09+00:00\",\"dateModified\":\"2026-04-20T11:48:52+00:00\",\"breadcrumb\":{\"@id\":\"https:\\\/\\\/3d-edu.ch\\\/fr\\\/boutique\\\/buse-trempee-mk8-nozzle-04mm\\\/#breadcrumb\"},\"inLanguage\":\"fr-FR\",\"potentialAction\":[{\"@type\":\"ReadAction\",\"target\":[\"https:\\\/\\\/3d-edu.ch\\\/fr\\\/boutique\\\/buse-trempee-mk8-nozzle-04mm\\\/\"]}]},{\"@type\":\"ImageObject\",\"inLanguage\":\"fr-FR\",\"@id\":\"https:\\\/\\\/3d-edu.ch\\\/fr\\\/boutique\\\/buse-trempee-mk8-nozzle-04mm\\\/#primaryimage\",\"url\":\"https:\\\/\\\/3d-edu.ch\\\/wp-content\\\/uploads\\\/2019\\\/01\\\/MK8-Nozzle-Micro-Swiss-TwinClad-XT.jpg\",\"contentUrl\":\"https:\\\/\\\/3d-edu.ch\\\/wp-content\\\/uploads\\\/2019\\\/01\\\/MK8-Nozzle-Micro-Swiss-TwinClad-XT.jpg\",\"width\":335,\"height\":335,\"caption\":\"MK8 Nozzle tremp\u00e9 Micro Swiss TwinClad XT makerbot replicator\"},{\"@type\":\"BreadcrumbList\",\"@id\":\"https:\\\/\\\/3d-edu.ch\\\/fr\\\/boutique\\\/buse-trempee-mk8-nozzle-04mm\\\/#breadcrumb\",\"itemListElement\":[{\"@type\":\"ListItem\",\"position\":1,\"name\":\"Accueil\",\"item\":\"https:\\\/\\\/3d-edu.ch\\\/fr\\\/\"},{\"@type\":\"ListItem\",\"position\":2,\"name\":\"Boutique\",\"item\":\"https:\\\/\\\/3d-edu.ch\\\/fr\\\/boutique\\\/\"},{\"@type\":\"ListItem\",\"position\":3,\"name\":\"Buse tremp\u00e9e MK8 \\\/ Nozzle, 0,4mm\"}]},{\"@type\":\"WebSite\",\"@id\":\"https:\\\/\\\/3d-edu.ch\\\/fr\\\/#website\",\"url\":\"https:\\\/\\\/3d-edu.ch\\\/fr\\\/\",\"name\":\"3D-EDU GmbH\",\"description\":\"Your Formlabs, UltiMaker and Raise3D Printer Support and Education Site in Switzerland. \\\/\\\/ Ihre Formlabs, UltiMaker and Raise3D Drucker Support und Bildungs Webseite der Schweiz.\",\"publisher\":{\"@id\":\"https:\\\/\\\/3d-edu.ch\\\/fr\\\/#organization\"},\"potentialAction\":[{\"@type\":\"SearchAction\",\"target\":{\"@type\":\"EntryPoint\",\"urlTemplate\":\"https:\\\/\\\/3d-edu.ch\\\/fr\\\/?s={search_term_string}\"},\"query-input\":{\"@type\":\"PropertyValueSpecification\",\"valueRequired\":true,\"valueName\":\"search_term_string\"}}],\"inLanguage\":\"fr-FR\"},{\"@type\":[\"Organization\",\"Place\",\"ElectronicsStore\"],\"@id\":\"https:\\\/\\\/3d-edu.ch\\\/fr\\\/#organization\",\"name\":\"3D-EDU GmbH\",\"url\":\"https:\\\/\\\/3d-edu.ch\\\/fr\\\/\",\"logo\":{\"@id\":\"https:\\\/\\\/3d-edu.ch\\\/fr\\\/boutique\\\/buse-trempee-mk8-nozzle-04mm\\\/#local-main-organization-logo\"},\"image\":{\"@id\":\"https:\\\/\\\/3d-edu.ch\\\/fr\\\/boutique\\\/buse-trempee-mk8-nozzle-04mm\\\/#local-main-organization-logo\"},\"sameAs\":[\"https:\\\/\\\/www.facebook.com\\\/3d-educh-210277586064960\\\/\",\"https:\\\/\\\/x.com\\\/3d_edu_ch\"],\"address\":{\"@id\":\"https:\\\/\\\/3d-edu.ch\\\/fr\\\/boutique\\\/buse-trempee-mk8-nozzle-04mm\\\/#local-main-place-address\"},\"geo\":{\"@type\":\"GeoCoordinates\",\"latitude\":\"47.38413\",\"longitude\":\"8.49812\"},\"telephone\":[\"+41 44 492 11 22\"],\"openingHoursSpecification\":[{\"@type\":\"OpeningHoursSpecification\",\"dayOfWeek\":[\"Monday\",\"Tuesday\",\"Wednesday\",\"Thursday\",\"Friday\"],\"opens\":\"08:30\",\"closes\":\"18:00\"},{\"@type\":\"OpeningHoursSpecification\",\"dayOfWeek\":[\"Saturday\",\"Sunday\"],\"opens\":\"00:00\",\"closes\":\"00:00\"}],\"email\":\"info@3d-edu.ch\",\"faxNumber\":\"+41 44 492 11 23\",\"vatID\":\"CHE-184.499.491 MWST\",\"priceRange\":\"$$$\",\"currenciesAccepted\":\"CHF\"},{\"@type\":\"PostalAddress\",\"@id\":\"https:\\\/\\\/3d-edu.ch\\\/fr\\\/boutique\\\/buse-trempee-mk8-nozzle-04mm\\\/#local-main-place-address\",\"streetAddress\":\"3D-EDU GmbH, Badenerstrasse 556\",\"addressLocality\":\"Z\u00fcrich\",\"postalCode\":\"8048\",\"addressRegion\":\"Z\u00fcrich\",\"addressCountry\":\"CH\"},{\"@type\":\"ImageObject\",\"inLanguage\":\"fr-FR\",\"@id\":\"https:\\\/\\\/3d-edu.ch\\\/fr\\\/boutique\\\/buse-trempee-mk8-nozzle-04mm\\\/#local-main-organization-logo\",\"url\":\"https:\\\/\\\/3d-edu.ch\\\/wp-content\\\/uploads\\\/2018\\\/10\\\/3d-drucker-makerbot-formlabs-professionelle-3d-drucker-e1546527990490.png\",\"contentUrl\":\"https:\\\/\\\/3d-edu.ch\\\/wp-content\\\/uploads\\\/2018\\\/10\\\/3d-drucker-makerbot-formlabs-professionelle-3d-drucker-e1546527990490.png\",\"width\":275,\"height\":80,\"caption\":\"3D-EDU GmbH\"}]}<\/script>\n<meta property=\"product:brand\" content=\"MakerBot Replicator (5e g\u00e9n\u00e9ration)\" \/>\n<meta property=\"product:price:amount\" content=\"14.25\" \/>\n<meta property=\"product:price:currency\" content=\"CHF\" \/>\n<meta property=\"og:availability\" content=\"backorder\" \/>\n<meta property=\"product:availability\" content=\"available for order\" \/>\n<meta property=\"product:retailer_item_id\" content=\"MK8.nozzle.0.4mm\" \/>\n<meta property=\"product:condition\" content=\"new\" \/>\n<meta name=\"geo.placename\" content=\"Z\u00fcrich\" \/>\n<meta name=\"geo.position\" content=\"47.38413;8.49812\" \/>\n<meta name=\"geo.region\" content=\"Suisse\" \/>\n<!-- \/ Yoast SEO Premium plugin. -->","yoast_head_json":{"title":"Buse tremp\u00e9e MK8 \/ Nozzle, 0,4mm %%page% - Accessoires d'impression 3D - 3D-EDU","robots":{"index":"index","follow":"follow","max-snippet":"max-snippet:-1","max-image-preview":"max-image-preview:large","max-video-preview":"max-video-preview:-1"},"canonical":"https:\/\/3d-edu.ch\/fr\/boutique\/buse-trempee-mk8-nozzle-04mm\/","og_locale":"fr_FR","og_type":"article","og_title":"Buse tremp\u00e9e MK8 \/ Nozzle, 0,4mm","og_description":"Buse MK8 tremp\u00e9e, 0.4mm pour Replicator 2 \/ Replicator 2X (Replicator, Replicator Mini, Replicator+, Replicator Mini+, Replicator Z18 en utilisant le MakerBot Extrudeuse exp\u00e9rimentale) Contenu : 1 pi\u00e8ce","og_url":"https:\/\/3d-edu.ch\/fr\/boutique\/buse-trempee-mk8-nozzle-04mm\/","og_site_name":"3D-EDU GmbH","article_publisher":"https:\/\/www.facebook.com\/3d-educh-210277586064960\/","article_modified_time":"2026-04-20T11:48:52+00:00","og_image":[{"width":335,"height":335,"url":"https:\/\/3d-edu.ch\/wp-content\/uploads\/2019\/01\/MK8-Nozzle-Micro-Swiss-TwinClad-XT.jpg","type":"image\/jpeg"}],"twitter_card":"summary_large_image","twitter_site":"@3d_edu_ch","twitter_misc":{"Prix":"14.25&nbsp;&#67;&#72;&#70; hors TVA","Disponibilit\u00e9":"En r\u00e9assort"},"schema":{"@context":"https:\/\/schema.org","@graph":[{"@type":"WebPage","@id":"https:\/\/3d-edu.ch\/fr\/boutique\/buse-trempee-mk8-nozzle-04mm\/","url":"https:\/\/3d-edu.ch\/fr\/boutique\/buse-trempee-mk8-nozzle-04mm\/","name":"Buse tremp\u00e9e MK8 \/ Nozzle, 0,4mm %%page% - Accessoires d'impression 3D - 3D-EDU","isPartOf":{"@id":"https:\/\/3d-edu.ch\/fr\/#website"},"primaryImageOfPage":{"@id":"https:\/\/3d-edu.ch\/fr\/boutique\/buse-trempee-mk8-nozzle-04mm\/#primaryimage"},"image":{"@id":"https:\/\/3d-edu.ch\/fr\/boutique\/buse-trempee-mk8-nozzle-04mm\/#primaryimage"},"thumbnailUrl":"https:\/\/3d-edu.ch\/wp-content\/uploads\/2019\/01\/MK8-Nozzle-Micro-Swiss-TwinClad-XT.jpg","datePublished":"2018-04-12T07:23:09+00:00","dateModified":"2026-04-20T11:48:52+00:00","breadcrumb":{"@id":"https:\/\/3d-edu.ch\/fr\/boutique\/buse-trempee-mk8-nozzle-04mm\/#breadcrumb"},"inLanguage":"fr-FR","potentialAction":[{"@type":"ReadAction","target":["https:\/\/3d-edu.ch\/fr\/boutique\/buse-trempee-mk8-nozzle-04mm\/"]}]},{"@type":"ImageObject","inLanguage":"fr-FR","@id":"https:\/\/3d-edu.ch\/fr\/boutique\/buse-trempee-mk8-nozzle-04mm\/#primaryimage","url":"https:\/\/3d-edu.ch\/wp-content\/uploads\/2019\/01\/MK8-Nozzle-Micro-Swiss-TwinClad-XT.jpg","contentUrl":"https:\/\/3d-edu.ch\/wp-content\/uploads\/2019\/01\/MK8-Nozzle-Micro-Swiss-TwinClad-XT.jpg","width":335,"height":335,"caption":"MK8 Nozzle tremp\u00e9 Micro Swiss TwinClad XT makerbot replicator"},{"@type":"BreadcrumbList","@id":"https:\/\/3d-edu.ch\/fr\/boutique\/buse-trempee-mk8-nozzle-04mm\/#breadcrumb","itemListElement":[{"@type":"ListItem","position":1,"name":"Accueil","item":"https:\/\/3d-edu.ch\/fr\/"},{"@type":"ListItem","position":2,"name":"Boutique","item":"https:\/\/3d-edu.ch\/fr\/boutique\/"},{"@type":"ListItem","position":3,"name":"Buse tremp\u00e9e MK8 \/ Nozzle, 0,4mm"}]},{"@type":"WebSite","@id":"https:\/\/3d-edu.ch\/fr\/#website","url":"https:\/\/3d-edu.ch\/fr\/","name":"3D-EDU GmbH","description":"Your Formlabs, UltiMaker and Raise3D Printer Support and Education Site in Switzerland. \/\/ Ihre Formlabs, UltiMaker and Raise3D Drucker Support und Bildungs Webseite der Schweiz.","publisher":{"@id":"https:\/\/3d-edu.ch\/fr\/#organization"},"potentialAction":[{"@type":"SearchAction","target":{"@type":"EntryPoint","urlTemplate":"https:\/\/3d-edu.ch\/fr\/?s={search_term_string}"},"query-input":{"@type":"PropertyValueSpecification","valueRequired":true,"valueName":"search_term_string"}}],"inLanguage":"fr-FR"},{"@type":["Organization","Place","ElectronicsStore"],"@id":"https:\/\/3d-edu.ch\/fr\/#organization","name":"3D-EDU GmbH","url":"https:\/\/3d-edu.ch\/fr\/","logo":{"@id":"https:\/\/3d-edu.ch\/fr\/boutique\/buse-trempee-mk8-nozzle-04mm\/#local-main-organization-logo"},"image":{"@id":"https:\/\/3d-edu.ch\/fr\/boutique\/buse-trempee-mk8-nozzle-04mm\/#local-main-organization-logo"},"sameAs":["https:\/\/www.facebook.com\/3d-educh-210277586064960\/","https:\/\/x.com\/3d_edu_ch"],"address":{"@id":"https:\/\/3d-edu.ch\/fr\/boutique\/buse-trempee-mk8-nozzle-04mm\/#local-main-place-address"},"geo":{"@type":"GeoCoordinates","latitude":"47.38413","longitude":"8.49812"},"telephone":["+41 44 492 11 22"],"openingHoursSpecification":[{"@type":"OpeningHoursSpecification","dayOfWeek":["Monday","Tuesday","Wednesday","Thursday","Friday"],"opens":"08:30","closes":"18:00"},{"@type":"OpeningHoursSpecification","dayOfWeek":["Saturday","Sunday"],"opens":"00:00","closes":"00:00"}],"email":"info@3d-edu.ch","faxNumber":"+41 44 492 11 23","vatID":"CHE-184.499.491 MWST","priceRange":"$$$","currenciesAccepted":"CHF"},{"@type":"PostalAddress","@id":"https:\/\/3d-edu.ch\/fr\/boutique\/buse-trempee-mk8-nozzle-04mm\/#local-main-place-address","streetAddress":"3D-EDU GmbH, Badenerstrasse 556","addressLocality":"Z\u00fcrich","postalCode":"8048","addressRegion":"Z\u00fcrich","addressCountry":"CH"},{"@type":"ImageObject","inLanguage":"fr-FR","@id":"https:\/\/3d-edu.ch\/fr\/boutique\/buse-trempee-mk8-nozzle-04mm\/#local-main-organization-logo","url":"https:\/\/3d-edu.ch\/wp-content\/uploads\/2018\/10\/3d-drucker-makerbot-formlabs-professionelle-3d-drucker-e1546527990490.png","contentUrl":"https:\/\/3d-edu.ch\/wp-content\/uploads\/2018\/10\/3d-drucker-makerbot-formlabs-professionelle-3d-drucker-e1546527990490.png","width":275,"height":80,"caption":"3D-EDU GmbH"}]},"product_brand":"MakerBot Replicator (5e g\u00e9n\u00e9ration)","product_price_amount":"14.25","product_price_currency":"CHF","og_availability":"backorder","product_availability":"available for order","product_retailer_item_id":"MK8.nozzle.0.4mm","product_condition":"new","geo.placename":"Z\u00fcrich","geo.position":{"lat":"47.38413","long":"8.49812"},"geo.region":"Suisse"},"_links":{"self":[{"href":"https:\/\/3d-edu.ch\/fr\/wp-json\/wp\/v2\/product\/77804","targetHints":{"allow":["GET"]}}],"collection":[{"href":"https:\/\/3d-edu.ch\/fr\/wp-json\/wp\/v2\/product"}],"about":[{"href":"https:\/\/3d-edu.ch\/fr\/wp-json\/wp\/v2\/types\/product"}],"replies":[{"embeddable":true,"href":"https:\/\/3d-edu.ch\/fr\/wp-json\/wp\/v2\/comments?post=77804"}],"wp:featuredmedia":[{"embeddable":true,"href":"https:\/\/3d-edu.ch\/fr\/wp-json\/wp\/v2\/media\/58666"}],"wp:attachment":[{"href":"https:\/\/3d-edu.ch\/fr\/wp-json\/wp\/v2\/media?parent=77804"}],"wp:term":[{"taxonomy":"product_brand","embeddable":true,"href":"https:\/\/3d-edu.ch\/fr\/wp-json\/wp\/v2\/product_brand?post=77804"},{"taxonomy":"product_cat","embeddable":true,"href":"https:\/\/3d-edu.ch\/fr\/wp-json\/wp\/v2\/product_cat?post=77804"},{"taxonomy":"product_tag","embeddable":true,"href":"https:\/\/3d-edu.ch\/fr\/wp-json\/wp\/v2\/product_tag?post=77804"}],"curies":[{"name":"wp","href":"https:\/\/api.w.org\/{rel}","templated":true}]}}