{"id":77777,"date":"2017-05-17T08:13:12","date_gmt":"2017-05-17T06:13:12","guid":{"rendered":"https:\/\/3d-edu.ch\/shop\/makerbot-tough-filament\/"},"modified":"2026-04-20T08:56:29","modified_gmt":"2026-04-20T06:56:29","slug":"makerbot-tough-filament","status":"publish","type":"product","link":"https:\/\/3d-edu.ch\/fr\/boutique\/makerbot-tough-filament\/","title":{"rendered":"MakerBot Tough Filament"},"content":{"rendered":"<h3>MakerBot Tough PLA Filament Bobine de 0.9 kg<\/h3>\n<h4>Inclus dans la livraison<\/h4>\n<ul>\n<li>1 bobine de filament MakerBot Tough 0,9 kg (Large)<\/li>\n<\/ul>\n<hr \/>\n<h4>MakerBot Tough Filament<\/h4>\n<p>Le filament MakerBot Tough est con\u00e7u pour des prototypes et des supports imprim\u00e9s en 3D durables.<br \/>\nImprimez en toute confiance. Imprimez Tough. <\/p>\n<p>Le mat\u00e9riau MakerBot Tough Material est compatible avec la <a href=\"https:\/\/3d-edu.ch\/fr\/boutique\/makerbot-tough-smart-extruder-extrudeuse-intelligente-makerbot\/\">MakerBot Tough Smart Extruder +<\/a> et la <a href=\"https:\/\/3d-edu.ch\/fr\/boutique\/makerbot-tough-smart-extruder-z18\/\">MakerBot Tough Smart Extruder+ Z18<\/a><\/p>\n<h4>Caract\u00e9ristiques<\/h4>\n<ul>\n<li>Jusqu&rsquo;\u00e0 2 fois la r\u00e9sistance aux chocs de l&rsquo;ABS pour une grande durabilit\u00e9<\/li>\n<li>Parfait pour travailler avec des prototypes et des outillages<\/li>\n<li>Beaucoup moins de gauchissement et de frisure que l&rsquo;ABS sans avoir besoin d&rsquo;un panneau de construction chauff\u00e9.<\/li>\n<li>Hautement modifiable pour une s\u00e9rie de techniques de post-traitement<\/li>\n<li>Plus convivial au bureau que l&rsquo;ABS<\/li>\n<\/ul>\n<div class=\"accordion\">\n\t<div id=\"accordion-2904295836\" class=\"accordion-item\">\n\t\t<a id=\"accordion-2904295836-label\" class=\"accordion-title plain\" href=\"#accordion-item-plus-d&#039;informations\" aria-expanded=\"false\" aria-controls=\"accordion-2904295836-content\">\n\t\t\t<button class=\"toggle\" aria-label=\"Basculer\"><i class=\"icon-angle-down\" aria-hidden=\"true\"><\/i><\/button>\n\t\t\t<span>Plus d&#039;informations<\/span>\n\t\t<\/a>\n\t\t<div id=\"accordion-2904295836-content\" class=\"accordion-inner\" aria-labelledby=\"accordion-2904295836-label\">\n\t\t\t\n<h4>Compatibilit\u00e9<\/h4>\n<p>Pour imprimer le mat\u00e9riau Tough, vous devez s\u00e9lectionner l&rsquo;extrudeur Tough SmartExtruder+ correspondant.<\/p>\n<p>Celui-ci est compatible avec le<\/p>\n<ul>\n<li><a href=\"https:\/\/3d-edu.ch\/fr\/makerbot\/imprimante-3d-makerbot\/makerbot-replicator\/\">Makerbot Replicator+<\/a><\/li>\n<li>MakerBot Replicator 5\u00e8me g\u00e9n\u00e9ration<\/li>\n<li><a href=\"https:\/\/3d-edu.ch\/fr\/makerbot\/imprimante-3d-makerbot\/makerbot-replicator-z18\/\">MakerBot Replicator Z18<\/a><\/li>\n<\/ul>\n<p>Logiciel :<\/p>\n<p>Pour utiliser MakerBot Tough PLA et Tough PLA SmartExtruder+, le logiciel <a href=\"\/makerbot\/makerbot-apps\/makerbot-print\/\"><em>MakerBot Print<\/em><\/a> est n\u00e9cessaire.<\/p>\n<p>Attention :<\/p>\n<p>L&rsquo;impression de PLA MakerBot normal par la Tough PLA SmartExtruder+ peut annuler la garantie.<\/p>\n<hr \/>\n<p>Environnement de travail<\/p>\n<p>Conservez le filament MakerBot Tough PLA dans un endroit frais et sec. Il peut absorber l&rsquo;humidit\u00e9 de l&rsquo;air et une absorption prolong\u00e9e d&rsquo;humidit\u00e9 peut affecter la qualit\u00e9 du filament et sa performance. <\/p>\n<p><a href=\"https:\/\/dedune53.myhostpoint.ch\/makerbot\/makerbot-filament\/makerbot-tough-pla-filament\/\">Plus d&rsquo;informations sur les produits<\/a><\/p>\n\t\t<\/div>\n\t<\/div>\n\t\n<\/div>\n","protected":false},"excerpt":{"rendered":"<h2><strong>MakerBot Tough Filament Bobine de 0.9 kg<\/strong><\/h2>\n<p>Cr\u00e9ez des prototypes durables et r\u00e9sistants aux chocs avec le filament MakerBot Tough.<\/p>\n<table>\n<tbody>\n<tr>\n<td width=\"100\">Fabricant<\/td>\n<td>MakerBot<\/td>\n<\/tr>\n<tr>\n<td>Taille de la bobine<\/td>\n<td>0,9 kg<\/td>\n<\/tr>\n<tr>\n<td>Diam\u00e8tre<\/td>\n<td>1,75 mm<\/td>\n<\/tr>\n<\/tbody>\n<\/table>\n","protected":false},"featured_media":62005,"comment_status":"closed","ping_status":"closed","template":"","meta":[],"product_brand":[],"product_cat":[7869,7924],"product_tag":[8822,9382,8185,9381,9246],"class_list":{"0":"post-77777","1":"product","2":"type-product","3":"status-publish","4":"has-post-thumbnail","6":"product_cat-filament-pla-fr","7":"product_cat-filaments-pour-replicator-fr","8":"product_tag-filament-makerbot","9":"product_tag-filament-resistant","10":"product_tag-makerbot","11":"product_tag-makerbot-tough","12":"product_tag-replicator","13":"yith_product_brand-makerbot","15":"first","16":"instock","17":"taxable","18":"shipping-taxable","19":"purchasable","20":"product-type-variable","21":"has-default-attributes"},"yoast_head":"<!-- This site is optimized with the Yoast SEO Premium plugin v27.4 (Yoast SEO v27.4) - https:\/\/yoast.com\/product\/yoast-seo-premium-wordpress\/ -->\n<title>Acheter un filament MakerBot Tough PLA 0.9 kg bobines | 3D-EDU GmbH<\/title>\n<meta name=\"description\" content=\"Achetez le filament MakerBot Tough PLA. Cr\u00e9ez des prototypes durables et r\u00e9sistants aux chocs. Bobines de 0,9 kg : Onyx Black, Stone White, Slate Grey, Safety Orange\" \/>\n<meta name=\"robots\" content=\"index, follow, max-snippet:-1, max-image-preview:large, max-video-preview:-1\" \/>\n<link rel=\"canonical\" href=\"https:\/\/3d-edu.ch\/fr\/boutique\/makerbot-tough-filament\/\" \/>\n<meta property=\"og:locale\" content=\"fr_FR\" \/>\n<meta property=\"og:type\" content=\"article\" \/>\n<meta property=\"og:title\" content=\"MakerBot Tough Filament\" \/>\n<meta property=\"og:description\" content=\"Achetez le filament MakerBot Tough PLA. Cr\u00e9ez des prototypes durables et r\u00e9sistants aux chocs. Bobines de 0,9 kg : Onyx Black, Stone White, Slate Grey, Safety Orange\" \/>\n<meta property=\"og:url\" content=\"https:\/\/3d-edu.ch\/fr\/boutique\/makerbot-tough-filament\/\" \/>\n<meta property=\"og:site_name\" content=\"3D-EDU GmbH\" \/>\n<meta property=\"article:publisher\" content=\"https:\/\/www.facebook.com\/3d-educh-210277586064960\/\" \/>\n<meta property=\"article:modified_time\" content=\"2026-04-20T06:56:29+00:00\" \/>\n<meta property=\"og:image\" content=\"https:\/\/3d-edu.ch\/wp-content\/uploads\/2019\/10\/makerbot-tough-filament-for-replicator.jpg\" \/>\n\t<meta property=\"og:image:width\" content=\"380\" \/>\n\t<meta property=\"og:image:height\" content=\"380\" \/>\n\t<meta property=\"og:image:type\" content=\"image\/jpeg\" \/>\n<meta name=\"twitter:card\" content=\"summary_large_image\" \/>\n<meta name=\"twitter:site\" content=\"@3d_edu_ch\" \/>\n<meta name=\"twitter:label1\" content=\"Disponibilit\u00e9\" \/>\n\t<meta name=\"twitter:data1\" content=\"En stock\" \/>\n<script type=\"application\/ld+json\" class=\"yoast-schema-graph\">{\"@context\":\"https:\\\/\\\/schema.org\",\"@graph\":[{\"@type\":\"WebPage\",\"@id\":\"https:\\\/\\\/3d-edu.ch\\\/fr\\\/boutique\\\/makerbot-tough-filament\\\/\",\"url\":\"https:\\\/\\\/3d-edu.ch\\\/fr\\\/boutique\\\/makerbot-tough-filament\\\/\",\"name\":\"Acheter un filament MakerBot Tough PLA 0.9 kg bobines | 3D-EDU GmbH\",\"isPartOf\":{\"@id\":\"https:\\\/\\\/3d-edu.ch\\\/fr\\\/#website\"},\"primaryImageOfPage\":{\"@id\":\"https:\\\/\\\/3d-edu.ch\\\/fr\\\/boutique\\\/makerbot-tough-filament\\\/#primaryimage\"},\"image\":{\"@id\":\"https:\\\/\\\/3d-edu.ch\\\/fr\\\/boutique\\\/makerbot-tough-filament\\\/#primaryimage\"},\"thumbnailUrl\":\"https:\\\/\\\/3d-edu.ch\\\/wp-content\\\/uploads\\\/2019\\\/10\\\/makerbot-tough-filament-for-replicator.jpg\",\"datePublished\":\"2017-05-17T06:13:12+00:00\",\"dateModified\":\"2026-04-20T06:56:29+00:00\",\"description\":\"Achetez le filament MakerBot Tough PLA. Cr\u00e9ez des prototypes durables et r\u00e9sistants aux chocs. Bobines de 0,9 kg : Onyx Black, Stone White, Slate Grey, Safety Orange\",\"breadcrumb\":{\"@id\":\"https:\\\/\\\/3d-edu.ch\\\/fr\\\/boutique\\\/makerbot-tough-filament\\\/#breadcrumb\"},\"inLanguage\":\"fr-FR\",\"potentialAction\":[{\"@type\":\"ReadAction\",\"target\":[\"https:\\\/\\\/3d-edu.ch\\\/fr\\\/boutique\\\/makerbot-tough-filament\\\/\"]}]},{\"@type\":\"ImageObject\",\"inLanguage\":\"fr-FR\",\"@id\":\"https:\\\/\\\/3d-edu.ch\\\/fr\\\/boutique\\\/makerbot-tough-filament\\\/#primaryimage\",\"url\":\"https:\\\/\\\/3d-edu.ch\\\/wp-content\\\/uploads\\\/2019\\\/10\\\/makerbot-tough-filament-for-replicator.jpg\",\"contentUrl\":\"https:\\\/\\\/3d-edu.ch\\\/wp-content\\\/uploads\\\/2019\\\/10\\\/makerbot-tough-filament-for-replicator.jpg\",\"width\":380,\"height\":380,\"caption\":\"Filament MakerBot Tough PLA\"},{\"@type\":\"BreadcrumbList\",\"@id\":\"https:\\\/\\\/3d-edu.ch\\\/fr\\\/boutique\\\/makerbot-tough-filament\\\/#breadcrumb\",\"itemListElement\":[{\"@type\":\"ListItem\",\"position\":1,\"name\":\"Accueil\",\"item\":\"https:\\\/\\\/3d-edu.ch\\\/fr\\\/\"},{\"@type\":\"ListItem\",\"position\":2,\"name\":\"Boutique\",\"item\":\"https:\\\/\\\/3d-edu.ch\\\/fr\\\/boutique\\\/\"},{\"@type\":\"ListItem\",\"position\":3,\"name\":\"MakerBot Tough Filament\"}]},{\"@type\":\"WebSite\",\"@id\":\"https:\\\/\\\/3d-edu.ch\\\/fr\\\/#website\",\"url\":\"https:\\\/\\\/3d-edu.ch\\\/fr\\\/\",\"name\":\"3D-EDU GmbH\",\"description\":\"Your Formlabs, UltiMaker and Raise3D Printer Support and Education Site in Switzerland. \\\/\\\/ Ihre Formlabs, UltiMaker and Raise3D Drucker Support und Bildungs Webseite der Schweiz.\",\"publisher\":{\"@id\":\"https:\\\/\\\/3d-edu.ch\\\/fr\\\/#organization\"},\"potentialAction\":[{\"@type\":\"SearchAction\",\"target\":{\"@type\":\"EntryPoint\",\"urlTemplate\":\"https:\\\/\\\/3d-edu.ch\\\/fr\\\/?s={search_term_string}\"},\"query-input\":{\"@type\":\"PropertyValueSpecification\",\"valueRequired\":true,\"valueName\":\"search_term_string\"}}],\"inLanguage\":\"fr-FR\"},{\"@type\":[\"Organization\",\"Place\",\"ElectronicsStore\"],\"@id\":\"https:\\\/\\\/3d-edu.ch\\\/fr\\\/#organization\",\"name\":\"3D-EDU GmbH\",\"url\":\"https:\\\/\\\/3d-edu.ch\\\/fr\\\/\",\"logo\":{\"@id\":\"https:\\\/\\\/3d-edu.ch\\\/fr\\\/boutique\\\/makerbot-tough-filament\\\/#local-main-organization-logo\"},\"image\":{\"@id\":\"https:\\\/\\\/3d-edu.ch\\\/fr\\\/boutique\\\/makerbot-tough-filament\\\/#local-main-organization-logo\"},\"sameAs\":[\"https:\\\/\\\/www.facebook.com\\\/3d-educh-210277586064960\\\/\",\"https:\\\/\\\/x.com\\\/3d_edu_ch\"],\"address\":{\"@id\":\"https:\\\/\\\/3d-edu.ch\\\/fr\\\/boutique\\\/makerbot-tough-filament\\\/#local-main-place-address\"},\"geo\":{\"@type\":\"GeoCoordinates\",\"latitude\":\"47.38413\",\"longitude\":\"8.49812\"},\"telephone\":[\"+41 44 492 11 22\"],\"openingHoursSpecification\":[{\"@type\":\"OpeningHoursSpecification\",\"dayOfWeek\":[\"Monday\",\"Tuesday\",\"Wednesday\",\"Thursday\",\"Friday\"],\"opens\":\"08:30\",\"closes\":\"18:00\"},{\"@type\":\"OpeningHoursSpecification\",\"dayOfWeek\":[\"Saturday\",\"Sunday\"],\"opens\":\"00:00\",\"closes\":\"00:00\"}],\"email\":\"info@3d-edu.ch\",\"faxNumber\":\"+41 44 492 11 23\",\"vatID\":\"CHE-184.499.491 MWST\",\"priceRange\":\"$$$\",\"currenciesAccepted\":\"CHF\"},{\"@type\":\"PostalAddress\",\"@id\":\"https:\\\/\\\/3d-edu.ch\\\/fr\\\/boutique\\\/makerbot-tough-filament\\\/#local-main-place-address\",\"streetAddress\":\"3D-EDU GmbH, Badenerstrasse 556\",\"addressLocality\":\"Z\u00fcrich\",\"postalCode\":\"8048\",\"addressRegion\":\"Z\u00fcrich\",\"addressCountry\":\"CH\"},{\"@type\":\"ImageObject\",\"inLanguage\":\"fr-FR\",\"@id\":\"https:\\\/\\\/3d-edu.ch\\\/fr\\\/boutique\\\/makerbot-tough-filament\\\/#local-main-organization-logo\",\"url\":\"https:\\\/\\\/3d-edu.ch\\\/wp-content\\\/uploads\\\/2018\\\/10\\\/3d-drucker-makerbot-formlabs-professionelle-3d-drucker-e1546527990490.png\",\"contentUrl\":\"https:\\\/\\\/3d-edu.ch\\\/wp-content\\\/uploads\\\/2018\\\/10\\\/3d-drucker-makerbot-formlabs-professionelle-3d-drucker-e1546527990490.png\",\"width\":275,\"height\":80,\"caption\":\"3D-EDU GmbH\"}]}<\/script>\n<meta property=\"product:brand\" content=\"Filaments pour Replicator\" \/>\n<meta property=\"og:availability\" content=\"instock\" \/>\n<meta property=\"product:availability\" content=\"instock\" \/>\n<meta property=\"product:condition\" content=\"new\" \/>\n<meta name=\"geo.placename\" content=\"Z\u00fcrich\" \/>\n<meta name=\"geo.position\" content=\"47.38413;8.49812\" \/>\n<meta name=\"geo.region\" content=\"Suisse\" \/>\n<!-- \/ Yoast SEO Premium plugin. -->","yoast_head_json":{"title":"Acheter un filament MakerBot Tough PLA 0.9 kg bobines | 3D-EDU GmbH","description":"Achetez le filament MakerBot Tough PLA. Cr\u00e9ez des prototypes durables et r\u00e9sistants aux chocs. Bobines de 0,9 kg : Onyx Black, Stone White, Slate Grey, Safety Orange","robots":{"index":"index","follow":"follow","max-snippet":"max-snippet:-1","max-image-preview":"max-image-preview:large","max-video-preview":"max-video-preview:-1"},"canonical":"https:\/\/3d-edu.ch\/fr\/boutique\/makerbot-tough-filament\/","og_locale":"fr_FR","og_type":"article","og_title":"MakerBot Tough Filament","og_description":"Achetez le filament MakerBot Tough PLA. Cr\u00e9ez des prototypes durables et r\u00e9sistants aux chocs. Bobines de 0,9 kg : Onyx Black, Stone White, Slate Grey, Safety Orange","og_url":"https:\/\/3d-edu.ch\/fr\/boutique\/makerbot-tough-filament\/","og_site_name":"3D-EDU GmbH","article_publisher":"https:\/\/www.facebook.com\/3d-educh-210277586064960\/","article_modified_time":"2026-04-20T06:56:29+00:00","og_image":[{"width":380,"height":380,"url":"https:\/\/3d-edu.ch\/wp-content\/uploads\/2019\/10\/makerbot-tough-filament-for-replicator.jpg","type":"image\/jpeg"}],"twitter_card":"summary_large_image","twitter_site":"@3d_edu_ch","twitter_misc":{"Disponibilit\u00e9":"En stock"},"schema":{"@context":"https:\/\/schema.org","@graph":[{"@type":"WebPage","@id":"https:\/\/3d-edu.ch\/fr\/boutique\/makerbot-tough-filament\/","url":"https:\/\/3d-edu.ch\/fr\/boutique\/makerbot-tough-filament\/","name":"Acheter un filament MakerBot Tough PLA 0.9 kg bobines | 3D-EDU GmbH","isPartOf":{"@id":"https:\/\/3d-edu.ch\/fr\/#website"},"primaryImageOfPage":{"@id":"https:\/\/3d-edu.ch\/fr\/boutique\/makerbot-tough-filament\/#primaryimage"},"image":{"@id":"https:\/\/3d-edu.ch\/fr\/boutique\/makerbot-tough-filament\/#primaryimage"},"thumbnailUrl":"https:\/\/3d-edu.ch\/wp-content\/uploads\/2019\/10\/makerbot-tough-filament-for-replicator.jpg","datePublished":"2017-05-17T06:13:12+00:00","dateModified":"2026-04-20T06:56:29+00:00","description":"Achetez le filament MakerBot Tough PLA. Cr\u00e9ez des prototypes durables et r\u00e9sistants aux chocs. Bobines de 0,9 kg : Onyx Black, Stone White, Slate Grey, Safety Orange","breadcrumb":{"@id":"https:\/\/3d-edu.ch\/fr\/boutique\/makerbot-tough-filament\/#breadcrumb"},"inLanguage":"fr-FR","potentialAction":[{"@type":"ReadAction","target":["https:\/\/3d-edu.ch\/fr\/boutique\/makerbot-tough-filament\/"]}]},{"@type":"ImageObject","inLanguage":"fr-FR","@id":"https:\/\/3d-edu.ch\/fr\/boutique\/makerbot-tough-filament\/#primaryimage","url":"https:\/\/3d-edu.ch\/wp-content\/uploads\/2019\/10\/makerbot-tough-filament-for-replicator.jpg","contentUrl":"https:\/\/3d-edu.ch\/wp-content\/uploads\/2019\/10\/makerbot-tough-filament-for-replicator.jpg","width":380,"height":380,"caption":"Filament MakerBot Tough PLA"},{"@type":"BreadcrumbList","@id":"https:\/\/3d-edu.ch\/fr\/boutique\/makerbot-tough-filament\/#breadcrumb","itemListElement":[{"@type":"ListItem","position":1,"name":"Accueil","item":"https:\/\/3d-edu.ch\/fr\/"},{"@type":"ListItem","position":2,"name":"Boutique","item":"https:\/\/3d-edu.ch\/fr\/boutique\/"},{"@type":"ListItem","position":3,"name":"MakerBot Tough Filament"}]},{"@type":"WebSite","@id":"https:\/\/3d-edu.ch\/fr\/#website","url":"https:\/\/3d-edu.ch\/fr\/","name":"3D-EDU GmbH","description":"Your Formlabs, UltiMaker and Raise3D Printer Support and Education Site in Switzerland. \/\/ Ihre Formlabs, UltiMaker and Raise3D Drucker Support und Bildungs Webseite der Schweiz.","publisher":{"@id":"https:\/\/3d-edu.ch\/fr\/#organization"},"potentialAction":[{"@type":"SearchAction","target":{"@type":"EntryPoint","urlTemplate":"https:\/\/3d-edu.ch\/fr\/?s={search_term_string}"},"query-input":{"@type":"PropertyValueSpecification","valueRequired":true,"valueName":"search_term_string"}}],"inLanguage":"fr-FR"},{"@type":["Organization","Place","ElectronicsStore"],"@id":"https:\/\/3d-edu.ch\/fr\/#organization","name":"3D-EDU GmbH","url":"https:\/\/3d-edu.ch\/fr\/","logo":{"@id":"https:\/\/3d-edu.ch\/fr\/boutique\/makerbot-tough-filament\/#local-main-organization-logo"},"image":{"@id":"https:\/\/3d-edu.ch\/fr\/boutique\/makerbot-tough-filament\/#local-main-organization-logo"},"sameAs":["https:\/\/www.facebook.com\/3d-educh-210277586064960\/","https:\/\/x.com\/3d_edu_ch"],"address":{"@id":"https:\/\/3d-edu.ch\/fr\/boutique\/makerbot-tough-filament\/#local-main-place-address"},"geo":{"@type":"GeoCoordinates","latitude":"47.38413","longitude":"8.49812"},"telephone":["+41 44 492 11 22"],"openingHoursSpecification":[{"@type":"OpeningHoursSpecification","dayOfWeek":["Monday","Tuesday","Wednesday","Thursday","Friday"],"opens":"08:30","closes":"18:00"},{"@type":"OpeningHoursSpecification","dayOfWeek":["Saturday","Sunday"],"opens":"00:00","closes":"00:00"}],"email":"info@3d-edu.ch","faxNumber":"+41 44 492 11 23","vatID":"CHE-184.499.491 MWST","priceRange":"$$$","currenciesAccepted":"CHF"},{"@type":"PostalAddress","@id":"https:\/\/3d-edu.ch\/fr\/boutique\/makerbot-tough-filament\/#local-main-place-address","streetAddress":"3D-EDU GmbH, Badenerstrasse 556","addressLocality":"Z\u00fcrich","postalCode":"8048","addressRegion":"Z\u00fcrich","addressCountry":"CH"},{"@type":"ImageObject","inLanguage":"fr-FR","@id":"https:\/\/3d-edu.ch\/fr\/boutique\/makerbot-tough-filament\/#local-main-organization-logo","url":"https:\/\/3d-edu.ch\/wp-content\/uploads\/2018\/10\/3d-drucker-makerbot-formlabs-professionelle-3d-drucker-e1546527990490.png","contentUrl":"https:\/\/3d-edu.ch\/wp-content\/uploads\/2018\/10\/3d-drucker-makerbot-formlabs-professionelle-3d-drucker-e1546527990490.png","width":275,"height":80,"caption":"3D-EDU GmbH"}]},"product_brand":"Filaments pour Replicator","og_availability":"instock","product_availability":"instock","product_condition":"new","geo.placename":"Z\u00fcrich","geo.position":{"lat":"47.38413","long":"8.49812"},"geo.region":"Suisse"},"_links":{"self":[{"href":"https:\/\/3d-edu.ch\/fr\/wp-json\/wp\/v2\/product\/77777","targetHints":{"allow":["GET"]}}],"collection":[{"href":"https:\/\/3d-edu.ch\/fr\/wp-json\/wp\/v2\/product"}],"about":[{"href":"https:\/\/3d-edu.ch\/fr\/wp-json\/wp\/v2\/types\/product"}],"replies":[{"embeddable":true,"href":"https:\/\/3d-edu.ch\/fr\/wp-json\/wp\/v2\/comments?post=77777"}],"wp:featuredmedia":[{"embeddable":true,"href":"https:\/\/3d-edu.ch\/fr\/wp-json\/wp\/v2\/media\/62005"}],"wp:attachment":[{"href":"https:\/\/3d-edu.ch\/fr\/wp-json\/wp\/v2\/media?parent=77777"}],"wp:term":[{"taxonomy":"product_brand","embeddable":true,"href":"https:\/\/3d-edu.ch\/fr\/wp-json\/wp\/v2\/product_brand?post=77777"},{"taxonomy":"product_cat","embeddable":true,"href":"https:\/\/3d-edu.ch\/fr\/wp-json\/wp\/v2\/product_cat?post=77777"},{"taxonomy":"product_tag","embeddable":true,"href":"https:\/\/3d-edu.ch\/fr\/wp-json\/wp\/v2\/product_tag?post=77777"}],"curies":[{"name":"wp","href":"https:\/\/api.w.org\/{rel}","templated":true}]}}