{"id":77705,"date":"2019-11-19T14:03:34","date_gmt":"2019-11-19T13:03:34","guid":{"rendered":"https:\/\/3d-edu.ch\/shop\/ecoworks-tablets-stratasys-cleaning-agent\/"},"modified":"2026-05-07T07:44:25","modified_gmt":"2026-05-07T05:44:25","slug":"ecoworks-tablets-stratasys-cleaning-agent","status":"publish","type":"product","link":"https:\/\/3d-edu.ch\/fr\/boutique\/ecoworks-tablets-stratasys-cleaning-agent\/","title":{"rendered":"Ecoworks Tablets Stratasys Cleaning Agent"},"content":{"rendered":"<h1>Tablettes Ecoworks pour Stratasys SR-30<\/h1>\n<h3>Inclus dans la livraison<\/h3>\n<p>soit<\/p>\n<ul>\n<li>24 comprim\u00e9s ou 1 comprim\u00e9<\/li>\n<\/ul>\n<div class=\"accordion\">\n\t<div id=\"accordion-918343620\" class=\"accordion-item\">\n\t\t<a id=\"accordion-918343620-label\" class=\"accordion-title plain\" href=\"#accordion-item-plus-d&#039;informations\" aria-expanded=\"false\" aria-controls=\"accordion-918343620-content\">\n\t\t\t<button class=\"toggle\" aria-label=\"Basculer\"><i class=\"icon-angle-down\" aria-hidden=\"true\"><\/i><\/button>\n\t\t\t<span>Plus d&#039;informations<\/span>\n\t\t<\/a>\n\t\t<div id=\"accordion-918343620-content\" class=\"accordion-inner\" aria-labelledby=\"accordion-918343620-label\">\n\t\t\t\n<p>Le d\u00e9tergent est \u00e0 la fois facile \u00e0 utiliser et respectueux de l&rsquo;environnement. Aucun \u00e9quipement de protection individuelle n&rsquo;est n\u00e9cessaire pour manipuler le d\u00e9tergent et l&rsquo;\u00e9limination de la solution utilis\u00e9e ne n\u00e9cessite qu&rsquo;une dilution avec de l&rsquo;eau propre pour \u00eatre conforme aux normes mondiales g\u00e9n\u00e9ralement reconnues en mati\u00e8re d&rsquo;\u00e9limination*. <\/p>\n<p>Les temp\u00e9ratures de l&rsquo;eau entre 70\u00b0C et 75\u00b0C sont les plus efficaces pour dissoudre les mat\u00e9riaux de support. Des temp\u00e9ratures sup\u00e9rieures \u00e0 75\u00b0C peuvent entra\u00eener une d\u00e9formation des mod\u00e8les. Les temps de dissolution \u00e0 des temp\u00e9ratures inf\u00e9rieures \u00e0 70\u00b0C sont plus longs.  <\/p>\n<p>Afin d&rsquo;optimiser l&rsquo;\u00e9limination des mat\u00e9riaux de support et d&rsquo;obtenir des niveaux de pH g\u00e9n\u00e9ralement acceptables pour l&rsquo;\u00e9limination des eaux us\u00e9es, la quantit\u00e9 suivante (nombre d&rsquo;emballages) d&rsquo;Ecoworks doit \u00eatre utilis\u00e9e : Un paquet (sachet en plastique) pour 2 gallons (7,5 litres) d&rsquo;eau. Avec cette proportion d&rsquo;Ecoworks et d&rsquo;eau, le pH de la solution propre sera d&rsquo;environ 9,8. <\/p>\n<p>La fr\u00e9quence de changement de la solution d\u00e9pend de la taille de votre r\u00e9servoir, de la mani\u00e8re dont vous l&rsquo;entretenez et de la complexit\u00e9 de vos pi\u00e8ces. Comme les supports sont dissous au fil du temps, le pH diminue et le temps de dissolution augmente. Pour une efficacit\u00e9 optimale, la solution doit \u00eatre chang\u00e9e apr\u00e8s environ 0,68 kg de supports dissous.  <\/p>\n<p>\u00c9limination de la solution : des profils d&rsquo;effluents sont disponibles pour chacun des trois supports solubles - SR-10 (P400-SR), SR-20 et SR-30. Ces profils sont bas\u00e9s sur la dilution de la solution usag\u00e9e avec une quantit\u00e9 \u00e9gale d&rsquo;eau fra\u00eeche. Par exemple, si vous jetez 15 litres de solution usag\u00e9e, diluez-les avec 15 litres d&rsquo;eau douce.  <\/p>\n<p><small>*V\u00e9rifiez votre l\u00e9gislation locale, nationale et\/ou internationale pour savoir quel pH est autoris\u00e9 pour l&rsquo;\u00e9limination. Stratasys recommande que les proc\u00e9dures d&rsquo;\u00e9limination soient v\u00e9rifi\u00e9es par les autorit\u00e9s comp\u00e9tentes de votre r\u00e9gion. Stratasys ne peut pas anticiper les lois r\u00e9glementaires locales, \u00e9tatiques ou internationales. Stratasys ne peut \u00eatre tenu pour responsable si la Solution n&rsquo;est pas trait\u00e9e et \u00e9limin\u00e9e correctement. Il se peut que vous deviez documenter la mani\u00e8re dont vous vous \u00eates d\u00e9barrass\u00e9 de la Solution utilis\u00e9e.    <\/small><\/p>\n\t\t<\/div>\n\t<\/div>\n\t\n<\/div>\n","protected":false},"excerpt":{"rendered":"<h3>Station de nettoyage pour mat\u00e9riau de support soluble<\/h3>\n<p>Le nettoyant Ecoworks est con\u00e7u pour enlever le mat\u00e9riau de support des mod\u00e8les fabriqu\u00e9s par le proc\u00e9d\u00e9 FDM\u00ae \u00e0 partir de mat\u00e9riaux de support SR-10 (P400-SR), SR-20 ou SR-30.<\/p>\n","protected":false},"featured_media":60896,"comment_status":"closed","ping_status":"closed","template":"","meta":[],"product_brand":[],"product_cat":[],"product_tag":[8208,8185,8189],"class_list":{"0":"post-77705","1":"product","2":"type-product","3":"status-publish","4":"has-post-thumbnail","6":"product_tag-imprimante-3d-fdm","7":"product_tag-makerbot","8":"product_tag-methode-x","10":"first","11":"instock","12":"taxable","13":"shipping-taxable","14":"purchasable","15":"product-type-variable","16":"has-default-attributes"},"yoast_head":"<!-- This site is optimized with the Yoast SEO Premium plugin v27.5 (Yoast SEO v27.5) - https:\/\/yoast.com\/product\/yoast-seo-premium-wordpress\/ -->\n<title>Ecoworks Tablets Stratasys Cleaning Agent acheter - chez le revendeur suisse - 3D-EDU GmbH<\/title>\n<meta name=\"description\" content=\"La MakerBot Method est une imprimante 3D FDM industrielle de bureau : vitesse, fiabilit\u00e9 et pr\u00e9cision d&#039;une imprimante 3D industrielle.\" \/>\n<meta name=\"robots\" content=\"index, follow, max-snippet:-1, max-image-preview:large, max-video-preview:-1\" \/>\n<link rel=\"canonical\" href=\"https:\/\/3d-edu.ch\/fr\/boutique\/ecoworks-tablets-stratasys-cleaning-agent\/\" \/>\n<meta property=\"og:locale\" content=\"fr_FR\" \/>\n<meta property=\"og:type\" content=\"article\" \/>\n<meta property=\"og:title\" content=\"Ecoworks Tablets Stratasys Cleaning Agent\" \/>\n<meta property=\"og:description\" content=\"La MakerBot Method est une imprimante 3D FDM industrielle de bureau : vitesse, fiabilit\u00e9 et pr\u00e9cision d&#039;une imprimante 3D industrielle.\" \/>\n<meta property=\"og:url\" content=\"https:\/\/3d-edu.ch\/fr\/boutique\/ecoworks-tablets-stratasys-cleaning-agent\/\" \/>\n<meta property=\"og:site_name\" content=\"3D-EDU GmbH\" \/>\n<meta property=\"article:publisher\" content=\"https:\/\/www.facebook.com\/3d-educh-210277586064960\/\" \/>\n<meta property=\"article:modified_time\" content=\"2026-05-07T05:44:25+00:00\" \/>\n<meta property=\"og:image\" content=\"https:\/\/3d-edu.ch\/wp-content\/uploads\/2019\/11\/ecoworks-cleaning-agent.jpg\" \/>\n\t<meta property=\"og:image:width\" content=\"380\" \/>\n\t<meta property=\"og:image:height\" content=\"380\" \/>\n\t<meta property=\"og:image:type\" content=\"image\/jpeg\" \/>\n<meta name=\"twitter:card\" content=\"summary_large_image\" \/>\n<meta name=\"twitter:site\" content=\"@3d_edu_ch\" \/>\n<meta name=\"twitter:label1\" content=\"Disponibilit\u00e9\" \/>\n\t<meta name=\"twitter:data1\" content=\"En stock\" \/>\n<script type=\"application\/ld+json\" class=\"yoast-schema-graph\">{\"@context\":\"https:\\\/\\\/schema.org\",\"@graph\":[{\"@type\":\"WebPage\",\"@id\":\"https:\\\/\\\/3d-edu.ch\\\/fr\\\/boutique\\\/ecoworks-tablets-stratasys-cleaning-agent\\\/\",\"url\":\"https:\\\/\\\/3d-edu.ch\\\/fr\\\/boutique\\\/ecoworks-tablets-stratasys-cleaning-agent\\\/\",\"name\":\"Ecoworks Tablets Stratasys Cleaning Agent acheter - chez le revendeur suisse - 3D-EDU GmbH\",\"isPartOf\":{\"@id\":\"https:\\\/\\\/3d-edu.ch\\\/fr\\\/#website\"},\"primaryImageOfPage\":{\"@id\":\"https:\\\/\\\/3d-edu.ch\\\/fr\\\/boutique\\\/ecoworks-tablets-stratasys-cleaning-agent\\\/#primaryimage\"},\"image\":{\"@id\":\"https:\\\/\\\/3d-edu.ch\\\/fr\\\/boutique\\\/ecoworks-tablets-stratasys-cleaning-agent\\\/#primaryimage\"},\"thumbnailUrl\":\"https:\\\/\\\/3d-edu.ch\\\/wp-content\\\/uploads\\\/2019\\\/11\\\/ecoworks-cleaning-agent.jpg\",\"datePublished\":\"2019-11-19T13:03:34+00:00\",\"dateModified\":\"2026-05-07T05:44:25+00:00\",\"description\":\"La MakerBot Method est une imprimante 3D FDM industrielle de bureau : vitesse, fiabilit\u00e9 et pr\u00e9cision d'une imprimante 3D industrielle.\",\"breadcrumb\":{\"@id\":\"https:\\\/\\\/3d-edu.ch\\\/fr\\\/boutique\\\/ecoworks-tablets-stratasys-cleaning-agent\\\/#breadcrumb\"},\"inLanguage\":\"fr-FR\",\"potentialAction\":[{\"@type\":\"ReadAction\",\"target\":[\"https:\\\/\\\/3d-edu.ch\\\/fr\\\/boutique\\\/ecoworks-tablets-stratasys-cleaning-agent\\\/\"]}]},{\"@type\":\"ImageObject\",\"inLanguage\":\"fr-FR\",\"@id\":\"https:\\\/\\\/3d-edu.ch\\\/fr\\\/boutique\\\/ecoworks-tablets-stratasys-cleaning-agent\\\/#primaryimage\",\"url\":\"https:\\\/\\\/3d-edu.ch\\\/wp-content\\\/uploads\\\/2019\\\/11\\\/ecoworks-cleaning-agent.jpg\",\"contentUrl\":\"https:\\\/\\\/3d-edu.ch\\\/wp-content\\\/uploads\\\/2019\\\/11\\\/ecoworks-cleaning-agent.jpg\",\"width\":380,\"height\":380,\"caption\":\"Ecoworks Tablets Agent de nettoyage\"},{\"@type\":\"BreadcrumbList\",\"@id\":\"https:\\\/\\\/3d-edu.ch\\\/fr\\\/boutique\\\/ecoworks-tablets-stratasys-cleaning-agent\\\/#breadcrumb\",\"itemListElement\":[{\"@type\":\"ListItem\",\"position\":1,\"name\":\"Accueil\",\"item\":\"https:\\\/\\\/3d-edu.ch\\\/fr\\\/\"},{\"@type\":\"ListItem\",\"position\":2,\"name\":\"Boutique\",\"item\":\"https:\\\/\\\/3d-edu.ch\\\/fr\\\/boutique\\\/\"},{\"@type\":\"ListItem\",\"position\":3,\"name\":\"Ecoworks Tablets Stratasys Cleaning Agent\"}]},{\"@type\":\"WebSite\",\"@id\":\"https:\\\/\\\/3d-edu.ch\\\/fr\\\/#website\",\"url\":\"https:\\\/\\\/3d-edu.ch\\\/fr\\\/\",\"name\":\"3D-EDU GmbH\",\"description\":\"Your Formlabs, UltiMaker and Raise3D Printer Support and Education Site in Switzerland. \\\/\\\/ Ihre Formlabs, UltiMaker and Raise3D Drucker Support und Bildungs Webseite der Schweiz.\",\"publisher\":{\"@id\":\"https:\\\/\\\/3d-edu.ch\\\/fr\\\/#organization\"},\"potentialAction\":[{\"@type\":\"SearchAction\",\"target\":{\"@type\":\"EntryPoint\",\"urlTemplate\":\"https:\\\/\\\/3d-edu.ch\\\/fr\\\/?s={search_term_string}\"},\"query-input\":{\"@type\":\"PropertyValueSpecification\",\"valueRequired\":true,\"valueName\":\"search_term_string\"}}],\"inLanguage\":\"fr-FR\"},{\"@type\":[\"Organization\",\"Place\",\"ElectronicsStore\"],\"@id\":\"https:\\\/\\\/3d-edu.ch\\\/fr\\\/#organization\",\"name\":\"3D-EDU GmbH\",\"url\":\"https:\\\/\\\/3d-edu.ch\\\/fr\\\/\",\"logo\":{\"@id\":\"https:\\\/\\\/3d-edu.ch\\\/fr\\\/boutique\\\/ecoworks-tablets-stratasys-cleaning-agent\\\/#local-main-organization-logo\"},\"image\":{\"@id\":\"https:\\\/\\\/3d-edu.ch\\\/fr\\\/boutique\\\/ecoworks-tablets-stratasys-cleaning-agent\\\/#local-main-organization-logo\"},\"sameAs\":[\"https:\\\/\\\/www.facebook.com\\\/3d-educh-210277586064960\\\/\",\"https:\\\/\\\/x.com\\\/3d_edu_ch\"],\"address\":{\"@id\":\"https:\\\/\\\/3d-edu.ch\\\/fr\\\/boutique\\\/ecoworks-tablets-stratasys-cleaning-agent\\\/#local-main-place-address\"},\"geo\":{\"@type\":\"GeoCoordinates\",\"latitude\":\"47.38413\",\"longitude\":\"8.49812\"},\"telephone\":[\"+41 44 492 11 22\"],\"openingHoursSpecification\":[{\"@type\":\"OpeningHoursSpecification\",\"dayOfWeek\":[\"Monday\",\"Tuesday\",\"Wednesday\",\"Thursday\",\"Friday\"],\"opens\":\"08:30\",\"closes\":\"18:00\"},{\"@type\":\"OpeningHoursSpecification\",\"dayOfWeek\":[\"Saturday\",\"Sunday\"],\"opens\":\"00:00\",\"closes\":\"00:00\"}],\"email\":\"info@3d-edu.ch\",\"faxNumber\":\"+41 44 492 11 23\",\"vatID\":\"CHE-184.499.491 MWST\",\"priceRange\":\"$$$\",\"currenciesAccepted\":\"CHF\"},{\"@type\":\"PostalAddress\",\"@id\":\"https:\\\/\\\/3d-edu.ch\\\/fr\\\/boutique\\\/ecoworks-tablets-stratasys-cleaning-agent\\\/#local-main-place-address\",\"streetAddress\":\"3D-EDU GmbH, Badenerstrasse 556\",\"addressLocality\":\"Z\u00fcrich\",\"postalCode\":\"8048\",\"addressRegion\":\"Z\u00fcrich\",\"addressCountry\":\"CH\"},{\"@type\":\"ImageObject\",\"inLanguage\":\"fr-FR\",\"@id\":\"https:\\\/\\\/3d-edu.ch\\\/fr\\\/boutique\\\/ecoworks-tablets-stratasys-cleaning-agent\\\/#local-main-organization-logo\",\"url\":\"https:\\\/\\\/3d-edu.ch\\\/wp-content\\\/uploads\\\/2018\\\/10\\\/3d-drucker-makerbot-formlabs-professionelle-3d-drucker-e1546527990490.png\",\"contentUrl\":\"https:\\\/\\\/3d-edu.ch\\\/wp-content\\\/uploads\\\/2018\\\/10\\\/3d-drucker-makerbot-formlabs-professionelle-3d-drucker-e1546527990490.png\",\"width\":275,\"height\":80,\"caption\":\"3D-EDU GmbH\"}]}<\/script>\n<meta property=\"og:availability\" content=\"instock\" \/>\n<meta property=\"product:availability\" content=\"instock\" \/>\n<meta property=\"product:condition\" content=\"new\" \/>\n<meta name=\"geo.placename\" content=\"Z\u00fcrich\" \/>\n<meta name=\"geo.position\" content=\"47.38413;8.49812\" \/>\n<meta name=\"geo.region\" content=\"Suisse\" \/>\n<!-- \/ Yoast SEO Premium plugin. -->","yoast_head_json":{"title":"Ecoworks Tablets Stratasys Cleaning Agent acheter - chez le revendeur suisse - 3D-EDU GmbH","description":"La MakerBot Method est une imprimante 3D FDM industrielle de bureau : vitesse, fiabilit\u00e9 et pr\u00e9cision d'une imprimante 3D industrielle.","robots":{"index":"index","follow":"follow","max-snippet":"max-snippet:-1","max-image-preview":"max-image-preview:large","max-video-preview":"max-video-preview:-1"},"canonical":"https:\/\/3d-edu.ch\/fr\/boutique\/ecoworks-tablets-stratasys-cleaning-agent\/","og_locale":"fr_FR","og_type":"article","og_title":"Ecoworks Tablets Stratasys Cleaning Agent","og_description":"La MakerBot Method est une imprimante 3D FDM industrielle de bureau : vitesse, fiabilit\u00e9 et pr\u00e9cision d'une imprimante 3D industrielle.","og_url":"https:\/\/3d-edu.ch\/fr\/boutique\/ecoworks-tablets-stratasys-cleaning-agent\/","og_site_name":"3D-EDU GmbH","article_publisher":"https:\/\/www.facebook.com\/3d-educh-210277586064960\/","article_modified_time":"2026-05-07T05:44:25+00:00","og_image":[{"width":380,"height":380,"url":"https:\/\/3d-edu.ch\/wp-content\/uploads\/2019\/11\/ecoworks-cleaning-agent.jpg","type":"image\/jpeg"}],"twitter_card":"summary_large_image","twitter_site":"@3d_edu_ch","twitter_misc":{"Disponibilit\u00e9":"En stock"},"schema":{"@context":"https:\/\/schema.org","@graph":[{"@type":"WebPage","@id":"https:\/\/3d-edu.ch\/fr\/boutique\/ecoworks-tablets-stratasys-cleaning-agent\/","url":"https:\/\/3d-edu.ch\/fr\/boutique\/ecoworks-tablets-stratasys-cleaning-agent\/","name":"Ecoworks Tablets Stratasys Cleaning Agent acheter - chez le revendeur suisse - 3D-EDU GmbH","isPartOf":{"@id":"https:\/\/3d-edu.ch\/fr\/#website"},"primaryImageOfPage":{"@id":"https:\/\/3d-edu.ch\/fr\/boutique\/ecoworks-tablets-stratasys-cleaning-agent\/#primaryimage"},"image":{"@id":"https:\/\/3d-edu.ch\/fr\/boutique\/ecoworks-tablets-stratasys-cleaning-agent\/#primaryimage"},"thumbnailUrl":"https:\/\/3d-edu.ch\/wp-content\/uploads\/2019\/11\/ecoworks-cleaning-agent.jpg","datePublished":"2019-11-19T13:03:34+00:00","dateModified":"2026-05-07T05:44:25+00:00","description":"La MakerBot Method est une imprimante 3D FDM industrielle de bureau : vitesse, fiabilit\u00e9 et pr\u00e9cision d'une imprimante 3D industrielle.","breadcrumb":{"@id":"https:\/\/3d-edu.ch\/fr\/boutique\/ecoworks-tablets-stratasys-cleaning-agent\/#breadcrumb"},"inLanguage":"fr-FR","potentialAction":[{"@type":"ReadAction","target":["https:\/\/3d-edu.ch\/fr\/boutique\/ecoworks-tablets-stratasys-cleaning-agent\/"]}]},{"@type":"ImageObject","inLanguage":"fr-FR","@id":"https:\/\/3d-edu.ch\/fr\/boutique\/ecoworks-tablets-stratasys-cleaning-agent\/#primaryimage","url":"https:\/\/3d-edu.ch\/wp-content\/uploads\/2019\/11\/ecoworks-cleaning-agent.jpg","contentUrl":"https:\/\/3d-edu.ch\/wp-content\/uploads\/2019\/11\/ecoworks-cleaning-agent.jpg","width":380,"height":380,"caption":"Ecoworks Tablets Agent de nettoyage"},{"@type":"BreadcrumbList","@id":"https:\/\/3d-edu.ch\/fr\/boutique\/ecoworks-tablets-stratasys-cleaning-agent\/#breadcrumb","itemListElement":[{"@type":"ListItem","position":1,"name":"Accueil","item":"https:\/\/3d-edu.ch\/fr\/"},{"@type":"ListItem","position":2,"name":"Boutique","item":"https:\/\/3d-edu.ch\/fr\/boutique\/"},{"@type":"ListItem","position":3,"name":"Ecoworks Tablets Stratasys Cleaning Agent"}]},{"@type":"WebSite","@id":"https:\/\/3d-edu.ch\/fr\/#website","url":"https:\/\/3d-edu.ch\/fr\/","name":"3D-EDU GmbH","description":"Your Formlabs, UltiMaker and Raise3D Printer Support and Education Site in Switzerland. \/\/ Ihre Formlabs, UltiMaker and Raise3D Drucker Support und Bildungs Webseite der Schweiz.","publisher":{"@id":"https:\/\/3d-edu.ch\/fr\/#organization"},"potentialAction":[{"@type":"SearchAction","target":{"@type":"EntryPoint","urlTemplate":"https:\/\/3d-edu.ch\/fr\/?s={search_term_string}"},"query-input":{"@type":"PropertyValueSpecification","valueRequired":true,"valueName":"search_term_string"}}],"inLanguage":"fr-FR"},{"@type":["Organization","Place","ElectronicsStore"],"@id":"https:\/\/3d-edu.ch\/fr\/#organization","name":"3D-EDU GmbH","url":"https:\/\/3d-edu.ch\/fr\/","logo":{"@id":"https:\/\/3d-edu.ch\/fr\/boutique\/ecoworks-tablets-stratasys-cleaning-agent\/#local-main-organization-logo"},"image":{"@id":"https:\/\/3d-edu.ch\/fr\/boutique\/ecoworks-tablets-stratasys-cleaning-agent\/#local-main-organization-logo"},"sameAs":["https:\/\/www.facebook.com\/3d-educh-210277586064960\/","https:\/\/x.com\/3d_edu_ch"],"address":{"@id":"https:\/\/3d-edu.ch\/fr\/boutique\/ecoworks-tablets-stratasys-cleaning-agent\/#local-main-place-address"},"geo":{"@type":"GeoCoordinates","latitude":"47.38413","longitude":"8.49812"},"telephone":["+41 44 492 11 22"],"openingHoursSpecification":[{"@type":"OpeningHoursSpecification","dayOfWeek":["Monday","Tuesday","Wednesday","Thursday","Friday"],"opens":"08:30","closes":"18:00"},{"@type":"OpeningHoursSpecification","dayOfWeek":["Saturday","Sunday"],"opens":"00:00","closes":"00:00"}],"email":"info@3d-edu.ch","faxNumber":"+41 44 492 11 23","vatID":"CHE-184.499.491 MWST","priceRange":"$$$","currenciesAccepted":"CHF"},{"@type":"PostalAddress","@id":"https:\/\/3d-edu.ch\/fr\/boutique\/ecoworks-tablets-stratasys-cleaning-agent\/#local-main-place-address","streetAddress":"3D-EDU GmbH, Badenerstrasse 556","addressLocality":"Z\u00fcrich","postalCode":"8048","addressRegion":"Z\u00fcrich","addressCountry":"CH"},{"@type":"ImageObject","inLanguage":"fr-FR","@id":"https:\/\/3d-edu.ch\/fr\/boutique\/ecoworks-tablets-stratasys-cleaning-agent\/#local-main-organization-logo","url":"https:\/\/3d-edu.ch\/wp-content\/uploads\/2018\/10\/3d-drucker-makerbot-formlabs-professionelle-3d-drucker-e1546527990490.png","contentUrl":"https:\/\/3d-edu.ch\/wp-content\/uploads\/2018\/10\/3d-drucker-makerbot-formlabs-professionelle-3d-drucker-e1546527990490.png","width":275,"height":80,"caption":"3D-EDU GmbH"}]},"og_availability":"instock","product_availability":"instock","product_condition":"new","geo.placename":"Z\u00fcrich","geo.position":{"lat":"47.38413","long":"8.49812"},"geo.region":"Suisse"},"_links":{"self":[{"href":"https:\/\/3d-edu.ch\/fr\/wp-json\/wp\/v2\/product\/77705","targetHints":{"allow":["GET"]}}],"collection":[{"href":"https:\/\/3d-edu.ch\/fr\/wp-json\/wp\/v2\/product"}],"about":[{"href":"https:\/\/3d-edu.ch\/fr\/wp-json\/wp\/v2\/types\/product"}],"replies":[{"embeddable":true,"href":"https:\/\/3d-edu.ch\/fr\/wp-json\/wp\/v2\/comments?post=77705"}],"wp:featuredmedia":[{"embeddable":true,"href":"https:\/\/3d-edu.ch\/fr\/wp-json\/wp\/v2\/media\/60896"}],"wp:attachment":[{"href":"https:\/\/3d-edu.ch\/fr\/wp-json\/wp\/v2\/media?parent=77705"}],"wp:term":[{"taxonomy":"product_brand","embeddable":true,"href":"https:\/\/3d-edu.ch\/fr\/wp-json\/wp\/v2\/product_brand?post=77705"},{"taxonomy":"product_cat","embeddable":true,"href":"https:\/\/3d-edu.ch\/fr\/wp-json\/wp\/v2\/product_cat?post=77705"},{"taxonomy":"product_tag","embeddable":true,"href":"https:\/\/3d-edu.ch\/fr\/wp-json\/wp\/v2\/product_tag?post=77705"}],"curies":[{"name":"wp","href":"https:\/\/api.w.org\/{rel}","templated":true}]}}