{"id":77695,"date":"2019-09-23T15:15:18","date_gmt":"2019-09-23T15:15:18","guid":{"rendered":"https:\/\/3d-edu.ch\/shop\/form-3-resin-tank-reservoir-de-resine\/"},"modified":"2026-05-14T01:00:50","modified_gmt":"2026-05-13T23:00:50","slug":"form-3-resin-tank-reservoir-de-resine","status":"publish","type":"product","link":"https:\/\/3d-edu.ch\/fr\/boutique\/form-3-resin-tank-reservoir-de-resine\/","title":{"rendered":"Form 3 Resin Tank \/ R\u00e9servoir de r\u00e9sine"},"content":{"rendered":"<h3>Formlabs Form 3 Resin Tank \/ R\u00e9servoir de r\u00e9sine<\/h3>\n<p>Le r\u00e9servoir de r\u00e9sine pour l&rsquo;<a href=\"https:\/\/3d-edu.ch\/formlabs\/formlabs-3d-drucker-2\/form-3\/\">imprimante 3D Formlabs Form 3<\/a> r\u00e9duit \u00e9norm\u00e9ment les forces de d\u00e9collement pendant le processus d&rsquo;impression gr\u00e2ce \u00e0 sa plaque de base flexible, ce qui augmente encore massivement la qualit\u00e9 d&rsquo;impression et la fiabilit\u00e9 de l&rsquo;imprimante. Pour une gestion encore plus facile des mat\u00e9riaux, nous vous recommandons d&rsquo;utiliser un r\u00e9servoir de r\u00e9sine s\u00e9par\u00e9 pour chaque <a href=\"https:\/\/3d-edu.ch\/formlabs\/resin\/\">r\u00e9sine<\/a> ou encre de r\u00e9sine de la Form 3. <\/p>\n","protected":false},"excerpt":{"rendered":"<h3><strong>Formlabs Form 3 Accessoires<\/strong><\/h3>\n<p>Le r\u00e9servoir de r\u00e9sine et la plate-forme de construction sont des consommables et doivent \u00eatre remplac\u00e9s r\u00e9guli\u00e8rement.<\/p>\n<h2><strong>Forme 3 R\u00e9servoir de r\u00e9sine<\/strong><\/h2>\n<p>Le r\u00e9servoir de r\u00e9sine de la Form 3 de Formlabs est une coque amovible et interchangeable qui sert de r\u00e9servoir de r\u00e9sine pour le processus d&rsquo;impression. Ce r\u00e9servoir de r\u00e9sine dispose d&rsquo;un film flexible \u00e0 deux couches au fond du r\u00e9servoir de r\u00e9sine et est un composant cl\u00e9 du processus d&rsquo;impression LFS de l&rsquo;imprimante 3D Form 3 de Formlabs. <\/p>\n","protected":false},"featured_media":60817,"comment_status":"closed","ping_status":"closed","template":"","meta":[],"product_brand":[],"product_cat":[10502,10365,10352,10364],"product_tag":[7785,8120,7784,9615,8157,9616],"class_list":{"0":"post-77695","1":"product","2":"type-product","3":"status-publish","4":"has-post-thumbnail","6":"product_cat-accessoires-2","7":"product_cat-form-2-3-l-accessoires","8":"product_cat-formlabs","9":"product_cat-sla-lfs-accessoires","10":"product_tag-accessoires-formlabs","11":"product_tag-forme-3","12":"product_tag-formlabs-fr","13":"product_tag-reservoir-en-resine","14":"product_tag-reservoir-formlabs","15":"product_tag-rt-f3-02-01","17":"first","18":"instock","19":"taxable","20":"shipping-taxable","21":"purchasable","22":"product-type-simple"},"yoast_head":"<!-- This site is optimized with the Yoast SEO Premium plugin v27.5 (Yoast SEO v27.5) - https:\/\/yoast.com\/product\/yoast-seo-premium-wordpress\/ -->\n<title>Formlabs Form 3 Resin Tank \/ R\u00e9servoir de r\u00e9sine acheter - 3D-EDU GmbH<\/title>\n<meta name=\"robots\" content=\"index, follow, max-snippet:-1, max-image-preview:large, max-video-preview:-1\" \/>\n<link rel=\"canonical\" href=\"https:\/\/3d-edu.ch\/fr\/boutique\/form-3-resin-tank-reservoir-de-resine\/\" \/>\n<meta property=\"og:locale\" content=\"fr_FR\" \/>\n<meta property=\"og:type\" content=\"article\" \/>\n<meta property=\"og:title\" content=\"Form 3 Resin Tank \/ R\u00e9servoir de r\u00e9sine\" \/>\n<meta property=\"og:description\" content=\"Formlabs Form 3 Accessoires Le r\u00e9servoir de r\u00e9sine et la plate-forme de construction sont des consommables et doivent \u00eatre remplac\u00e9s r\u00e9guli\u00e8rement. Forme 3 R\u00e9servoir de r\u00e9sine Le r\u00e9servoir de r\u00e9sine de la Form 3 de Formlabs est une coque amovible et interchangeable qui sert de r\u00e9servoir de r\u00e9sine pour le processus d&#039;impression. Ce r\u00e9servoir de r\u00e9sine dispose d&#039;un film flexible \u00e0 deux couches au fond du r\u00e9servoir de r\u00e9sine et est un composant cl\u00e9 du processus d&#039;impression LFS de l&#039;imprimante 3D Form 3 de Formlabs.\" \/>\n<meta property=\"og:url\" content=\"https:\/\/3d-edu.ch\/fr\/boutique\/form-3-resin-tank-reservoir-de-resine\/\" \/>\n<meta property=\"og:site_name\" content=\"3D-EDU GmbH\" \/>\n<meta property=\"article:publisher\" content=\"https:\/\/www.facebook.com\/3d-educh-210277586064960\/\" \/>\n<meta property=\"article:modified_time\" content=\"2026-05-13T23:00:50+00:00\" \/>\n<meta property=\"og:image\" content=\"https:\/\/dedune53.myhostpoint.ch\/wp-content\/uploads\/2019\/09\/formlabs-form-3-resin-tank.jpg\" \/>\n<meta name=\"twitter:card\" content=\"summary_large_image\" \/>\n<meta name=\"twitter:site\" content=\"@3d_edu_ch\" \/>\n<meta name=\"twitter:label1\" content=\"Prix\" \/>\n\t<meta name=\"twitter:data1\" content=\"139.43&nbsp;&#067;&#072;&#070; hors TVA\" \/>\n\t<meta name=\"twitter:label2\" content=\"Disponibilit\u00e9\" \/>\n\t<meta name=\"twitter:data2\" content=\"En stock\" \/>\n<script type=\"application\/ld+json\" class=\"yoast-schema-graph\">{\"@context\":\"https:\\\/\\\/schema.org\",\"@graph\":[{\"@type\":\"WebPage\",\"@id\":\"https:\\\/\\\/3d-edu.ch\\\/fr\\\/boutique\\\/form-3-resin-tank-reservoir-de-resine\\\/\",\"url\":\"https:\\\/\\\/3d-edu.ch\\\/fr\\\/boutique\\\/form-3-resin-tank-reservoir-de-resine\\\/\",\"name\":\"Formlabs Form 3 Resin Tank \\\/ R\u00e9servoir de r\u00e9sine acheter - 3D-EDU GmbH\",\"isPartOf\":{\"@id\":\"https:\\\/\\\/3d-edu.ch\\\/fr\\\/#website\"},\"primaryImageOfPage\":{\"@id\":\"https:\\\/\\\/3d-edu.ch\\\/fr\\\/boutique\\\/form-3-resin-tank-reservoir-de-resine\\\/#primaryimage\"},\"image\":{\"@id\":\"https:\\\/\\\/3d-edu.ch\\\/fr\\\/boutique\\\/form-3-resin-tank-reservoir-de-resine\\\/#primaryimage\"},\"thumbnailUrl\":\"https:\\\/\\\/3d-edu.ch\\\/wp-content\\\/uploads\\\/2019\\\/09\\\/from-3-resin-tank.jpg\",\"datePublished\":\"2019-09-23T15:15:18+00:00\",\"dateModified\":\"2026-05-13T23:00:50+00:00\",\"breadcrumb\":{\"@id\":\"https:\\\/\\\/3d-edu.ch\\\/fr\\\/boutique\\\/form-3-resin-tank-reservoir-de-resine\\\/#breadcrumb\"},\"inLanguage\":\"fr-FR\",\"potentialAction\":[{\"@type\":\"ReadAction\",\"target\":[\"https:\\\/\\\/3d-edu.ch\\\/fr\\\/boutique\\\/form-3-resin-tank-reservoir-de-resine\\\/\"]}]},{\"@type\":\"ImageObject\",\"inLanguage\":\"fr-FR\",\"@id\":\"https:\\\/\\\/3d-edu.ch\\\/fr\\\/boutique\\\/form-3-resin-tank-reservoir-de-resine\\\/#primaryimage\",\"url\":\"https:\\\/\\\/3d-edu.ch\\\/wp-content\\\/uploads\\\/2019\\\/09\\\/from-3-resin-tank.jpg\",\"contentUrl\":\"https:\\\/\\\/3d-edu.ch\\\/wp-content\\\/uploads\\\/2019\\\/09\\\/from-3-resin-tank.jpg\",\"width\":380,\"height\":380,\"caption\":\"Form 3 Resin Tank \\\/ R\u00e9servoir de r\u00e9sine\"},{\"@type\":\"BreadcrumbList\",\"@id\":\"https:\\\/\\\/3d-edu.ch\\\/fr\\\/boutique\\\/form-3-resin-tank-reservoir-de-resine\\\/#breadcrumb\",\"itemListElement\":[{\"@type\":\"ListItem\",\"position\":1,\"name\":\"Accueil\",\"item\":\"https:\\\/\\\/3d-edu.ch\\\/fr\\\/\"},{\"@type\":\"ListItem\",\"position\":2,\"name\":\"Boutique\",\"item\":\"https:\\\/\\\/3d-edu.ch\\\/fr\\\/boutique\\\/\"},{\"@type\":\"ListItem\",\"position\":3,\"name\":\"Form 3 Resin Tank \\\/ R\u00e9servoir de r\u00e9sine\"}]},{\"@type\":\"WebSite\",\"@id\":\"https:\\\/\\\/3d-edu.ch\\\/fr\\\/#website\",\"url\":\"https:\\\/\\\/3d-edu.ch\\\/fr\\\/\",\"name\":\"3D-EDU GmbH\",\"description\":\"Your Formlabs, UltiMaker and Raise3D Printer Support and Education Site in Switzerland. \\\/\\\/ Ihre Formlabs, UltiMaker and Raise3D Drucker Support und Bildungs Webseite der Schweiz.\",\"publisher\":{\"@id\":\"https:\\\/\\\/3d-edu.ch\\\/fr\\\/#organization\"},\"potentialAction\":[{\"@type\":\"SearchAction\",\"target\":{\"@type\":\"EntryPoint\",\"urlTemplate\":\"https:\\\/\\\/3d-edu.ch\\\/fr\\\/?s={search_term_string}\"},\"query-input\":{\"@type\":\"PropertyValueSpecification\",\"valueRequired\":true,\"valueName\":\"search_term_string\"}}],\"inLanguage\":\"fr-FR\"},{\"@type\":[\"Organization\",\"Place\",\"ElectronicsStore\"],\"@id\":\"https:\\\/\\\/3d-edu.ch\\\/fr\\\/#organization\",\"name\":\"3D-EDU GmbH\",\"url\":\"https:\\\/\\\/3d-edu.ch\\\/fr\\\/\",\"logo\":{\"@id\":\"https:\\\/\\\/3d-edu.ch\\\/fr\\\/boutique\\\/form-3-resin-tank-reservoir-de-resine\\\/#local-main-organization-logo\"},\"image\":{\"@id\":\"https:\\\/\\\/3d-edu.ch\\\/fr\\\/boutique\\\/form-3-resin-tank-reservoir-de-resine\\\/#local-main-organization-logo\"},\"sameAs\":[\"https:\\\/\\\/www.facebook.com\\\/3d-educh-210277586064960\\\/\",\"https:\\\/\\\/x.com\\\/3d_edu_ch\"],\"address\":{\"@id\":\"https:\\\/\\\/3d-edu.ch\\\/fr\\\/boutique\\\/form-3-resin-tank-reservoir-de-resine\\\/#local-main-place-address\"},\"geo\":{\"@type\":\"GeoCoordinates\",\"latitude\":\"47.38413\",\"longitude\":\"8.49812\"},\"telephone\":[\"+41 44 492 11 22\"],\"openingHoursSpecification\":[{\"@type\":\"OpeningHoursSpecification\",\"dayOfWeek\":[\"Monday\",\"Tuesday\",\"Wednesday\",\"Thursday\",\"Friday\"],\"opens\":\"08:30\",\"closes\":\"18:00\"},{\"@type\":\"OpeningHoursSpecification\",\"dayOfWeek\":[\"Saturday\",\"Sunday\"],\"opens\":\"00:00\",\"closes\":\"00:00\"}],\"email\":\"info@3d-edu.ch\",\"faxNumber\":\"+41 44 492 11 23\",\"vatID\":\"CHE-184.499.491 MWST\",\"priceRange\":\"$$$\",\"currenciesAccepted\":\"CHF\"},{\"@type\":\"PostalAddress\",\"@id\":\"https:\\\/\\\/3d-edu.ch\\\/fr\\\/boutique\\\/form-3-resin-tank-reservoir-de-resine\\\/#local-main-place-address\",\"streetAddress\":\"3D-EDU GmbH, Badenerstrasse 556\",\"addressLocality\":\"Z\u00fcrich\",\"postalCode\":\"8048\",\"addressRegion\":\"Z\u00fcrich\",\"addressCountry\":\"CH\"},{\"@type\":\"ImageObject\",\"inLanguage\":\"fr-FR\",\"@id\":\"https:\\\/\\\/3d-edu.ch\\\/fr\\\/boutique\\\/form-3-resin-tank-reservoir-de-resine\\\/#local-main-organization-logo\",\"url\":\"https:\\\/\\\/3d-edu.ch\\\/wp-content\\\/uploads\\\/2018\\\/10\\\/3d-drucker-makerbot-formlabs-professionelle-3d-drucker-e1546527990490.png\",\"contentUrl\":\"https:\\\/\\\/3d-edu.ch\\\/wp-content\\\/uploads\\\/2018\\\/10\\\/3d-drucker-makerbot-formlabs-professionelle-3d-drucker-e1546527990490.png\",\"width\":275,\"height\":80,\"caption\":\"3D-EDU GmbH\"}]}<\/script>\n<meta property=\"product:brand\" content=\"Accessoires\" \/>\n<meta property=\"product:price:amount\" content=\"139.43\" \/>\n<meta property=\"product:price:currency\" content=\"CHF\" \/>\n<meta property=\"og:availability\" content=\"instock\" \/>\n<meta property=\"product:availability\" content=\"instock\" \/>\n<meta property=\"product:retailer_item_id\" content=\"RT-F3-02-01\" \/>\n<meta property=\"product:condition\" content=\"new\" \/>\n<meta name=\"geo.placename\" content=\"Z\u00fcrich\" \/>\n<meta name=\"geo.position\" content=\"47.38413;8.49812\" \/>\n<meta name=\"geo.region\" content=\"Suisse\" \/>\n<!-- \/ Yoast SEO Premium plugin. -->","yoast_head_json":{"title":"Formlabs Form 3 Resin Tank \/ R\u00e9servoir de r\u00e9sine acheter - 3D-EDU GmbH","robots":{"index":"index","follow":"follow","max-snippet":"max-snippet:-1","max-image-preview":"max-image-preview:large","max-video-preview":"max-video-preview:-1"},"canonical":"https:\/\/3d-edu.ch\/fr\/boutique\/form-3-resin-tank-reservoir-de-resine\/","og_locale":"fr_FR","og_type":"article","og_title":"Form 3 Resin Tank \/ R\u00e9servoir de r\u00e9sine","og_description":"Formlabs Form 3 Accessoires Le r\u00e9servoir de r\u00e9sine et la plate-forme de construction sont des consommables et doivent \u00eatre remplac\u00e9s r\u00e9guli\u00e8rement. Forme 3 R\u00e9servoir de r\u00e9sine Le r\u00e9servoir de r\u00e9sine de la Form 3 de Formlabs est une coque amovible et interchangeable qui sert de r\u00e9servoir de r\u00e9sine pour le processus d'impression. Ce r\u00e9servoir de r\u00e9sine dispose d'un film flexible \u00e0 deux couches au fond du r\u00e9servoir de r\u00e9sine et est un composant cl\u00e9 du processus d'impression LFS de l'imprimante 3D Form 3 de Formlabs.","og_url":"https:\/\/3d-edu.ch\/fr\/boutique\/form-3-resin-tank-reservoir-de-resine\/","og_site_name":"3D-EDU GmbH","article_publisher":"https:\/\/www.facebook.com\/3d-educh-210277586064960\/","article_modified_time":"2026-05-13T23:00:50+00:00","og_image":[{"url":"https:\/\/dedune53.myhostpoint.ch\/wp-content\/uploads\/2019\/09\/formlabs-form-3-resin-tank.jpg","type":"","width":"","height":""}],"twitter_card":"summary_large_image","twitter_site":"@3d_edu_ch","twitter_misc":{"Prix":"139.43&nbsp;&#67;&#72;&#70; hors TVA","Disponibilit\u00e9":"En stock"},"schema":{"@context":"https:\/\/schema.org","@graph":[{"@type":"WebPage","@id":"https:\/\/3d-edu.ch\/fr\/boutique\/form-3-resin-tank-reservoir-de-resine\/","url":"https:\/\/3d-edu.ch\/fr\/boutique\/form-3-resin-tank-reservoir-de-resine\/","name":"Formlabs Form 3 Resin Tank \/ R\u00e9servoir de r\u00e9sine acheter - 3D-EDU GmbH","isPartOf":{"@id":"https:\/\/3d-edu.ch\/fr\/#website"},"primaryImageOfPage":{"@id":"https:\/\/3d-edu.ch\/fr\/boutique\/form-3-resin-tank-reservoir-de-resine\/#primaryimage"},"image":{"@id":"https:\/\/3d-edu.ch\/fr\/boutique\/form-3-resin-tank-reservoir-de-resine\/#primaryimage"},"thumbnailUrl":"https:\/\/3d-edu.ch\/wp-content\/uploads\/2019\/09\/from-3-resin-tank.jpg","datePublished":"2019-09-23T15:15:18+00:00","dateModified":"2026-05-13T23:00:50+00:00","breadcrumb":{"@id":"https:\/\/3d-edu.ch\/fr\/boutique\/form-3-resin-tank-reservoir-de-resine\/#breadcrumb"},"inLanguage":"fr-FR","potentialAction":[{"@type":"ReadAction","target":["https:\/\/3d-edu.ch\/fr\/boutique\/form-3-resin-tank-reservoir-de-resine\/"]}]},{"@type":"ImageObject","inLanguage":"fr-FR","@id":"https:\/\/3d-edu.ch\/fr\/boutique\/form-3-resin-tank-reservoir-de-resine\/#primaryimage","url":"https:\/\/3d-edu.ch\/wp-content\/uploads\/2019\/09\/from-3-resin-tank.jpg","contentUrl":"https:\/\/3d-edu.ch\/wp-content\/uploads\/2019\/09\/from-3-resin-tank.jpg","width":380,"height":380,"caption":"Form 3 Resin Tank \/ R\u00e9servoir de r\u00e9sine"},{"@type":"BreadcrumbList","@id":"https:\/\/3d-edu.ch\/fr\/boutique\/form-3-resin-tank-reservoir-de-resine\/#breadcrumb","itemListElement":[{"@type":"ListItem","position":1,"name":"Accueil","item":"https:\/\/3d-edu.ch\/fr\/"},{"@type":"ListItem","position":2,"name":"Boutique","item":"https:\/\/3d-edu.ch\/fr\/boutique\/"},{"@type":"ListItem","position":3,"name":"Form 3 Resin Tank \/ R\u00e9servoir de r\u00e9sine"}]},{"@type":"WebSite","@id":"https:\/\/3d-edu.ch\/fr\/#website","url":"https:\/\/3d-edu.ch\/fr\/","name":"3D-EDU GmbH","description":"Your Formlabs, UltiMaker and Raise3D Printer Support and Education Site in Switzerland. \/\/ Ihre Formlabs, UltiMaker and Raise3D Drucker Support und Bildungs Webseite der Schweiz.","publisher":{"@id":"https:\/\/3d-edu.ch\/fr\/#organization"},"potentialAction":[{"@type":"SearchAction","target":{"@type":"EntryPoint","urlTemplate":"https:\/\/3d-edu.ch\/fr\/?s={search_term_string}"},"query-input":{"@type":"PropertyValueSpecification","valueRequired":true,"valueName":"search_term_string"}}],"inLanguage":"fr-FR"},{"@type":["Organization","Place","ElectronicsStore"],"@id":"https:\/\/3d-edu.ch\/fr\/#organization","name":"3D-EDU GmbH","url":"https:\/\/3d-edu.ch\/fr\/","logo":{"@id":"https:\/\/3d-edu.ch\/fr\/boutique\/form-3-resin-tank-reservoir-de-resine\/#local-main-organization-logo"},"image":{"@id":"https:\/\/3d-edu.ch\/fr\/boutique\/form-3-resin-tank-reservoir-de-resine\/#local-main-organization-logo"},"sameAs":["https:\/\/www.facebook.com\/3d-educh-210277586064960\/","https:\/\/x.com\/3d_edu_ch"],"address":{"@id":"https:\/\/3d-edu.ch\/fr\/boutique\/form-3-resin-tank-reservoir-de-resine\/#local-main-place-address"},"geo":{"@type":"GeoCoordinates","latitude":"47.38413","longitude":"8.49812"},"telephone":["+41 44 492 11 22"],"openingHoursSpecification":[{"@type":"OpeningHoursSpecification","dayOfWeek":["Monday","Tuesday","Wednesday","Thursday","Friday"],"opens":"08:30","closes":"18:00"},{"@type":"OpeningHoursSpecification","dayOfWeek":["Saturday","Sunday"],"opens":"00:00","closes":"00:00"}],"email":"info@3d-edu.ch","faxNumber":"+41 44 492 11 23","vatID":"CHE-184.499.491 MWST","priceRange":"$$$","currenciesAccepted":"CHF"},{"@type":"PostalAddress","@id":"https:\/\/3d-edu.ch\/fr\/boutique\/form-3-resin-tank-reservoir-de-resine\/#local-main-place-address","streetAddress":"3D-EDU GmbH, Badenerstrasse 556","addressLocality":"Z\u00fcrich","postalCode":"8048","addressRegion":"Z\u00fcrich","addressCountry":"CH"},{"@type":"ImageObject","inLanguage":"fr-FR","@id":"https:\/\/3d-edu.ch\/fr\/boutique\/form-3-resin-tank-reservoir-de-resine\/#local-main-organization-logo","url":"https:\/\/3d-edu.ch\/wp-content\/uploads\/2018\/10\/3d-drucker-makerbot-formlabs-professionelle-3d-drucker-e1546527990490.png","contentUrl":"https:\/\/3d-edu.ch\/wp-content\/uploads\/2018\/10\/3d-drucker-makerbot-formlabs-professionelle-3d-drucker-e1546527990490.png","width":275,"height":80,"caption":"3D-EDU GmbH"}]},"product_brand":"Accessoires","product_price_amount":"139.43","product_price_currency":"CHF","og_availability":"instock","product_availability":"instock","product_retailer_item_id":"RT-F3-02-01","product_condition":"new","geo.placename":"Z\u00fcrich","geo.position":{"lat":"47.38413","long":"8.49812"},"geo.region":"Suisse"},"_links":{"self":[{"href":"https:\/\/3d-edu.ch\/fr\/wp-json\/wp\/v2\/product\/77695","targetHints":{"allow":["GET"]}}],"collection":[{"href":"https:\/\/3d-edu.ch\/fr\/wp-json\/wp\/v2\/product"}],"about":[{"href":"https:\/\/3d-edu.ch\/fr\/wp-json\/wp\/v2\/types\/product"}],"replies":[{"embeddable":true,"href":"https:\/\/3d-edu.ch\/fr\/wp-json\/wp\/v2\/comments?post=77695"}],"wp:featuredmedia":[{"embeddable":true,"href":"https:\/\/3d-edu.ch\/fr\/wp-json\/wp\/v2\/media\/60817"}],"wp:attachment":[{"href":"https:\/\/3d-edu.ch\/fr\/wp-json\/wp\/v2\/media?parent=77695"}],"wp:term":[{"taxonomy":"product_brand","embeddable":true,"href":"https:\/\/3d-edu.ch\/fr\/wp-json\/wp\/v2\/product_brand?post=77695"},{"taxonomy":"product_cat","embeddable":true,"href":"https:\/\/3d-edu.ch\/fr\/wp-json\/wp\/v2\/product_cat?post=77695"},{"taxonomy":"product_tag","embeddable":true,"href":"https:\/\/3d-edu.ch\/fr\/wp-json\/wp\/v2\/product_tag?post=77695"}],"curies":[{"name":"wp","href":"https:\/\/api.w.org\/{rel}","templated":true}]}}