{"id":77626,"date":"2020-04-16T09:41:48","date_gmt":"2020-04-16T07:41:48","guid":{"rendered":"https:\/\/3d-edu.ch\/shop\/filament-dsm-novamid-id-1030-cf10-noir\/"},"modified":"2026-01-28T13:34:00","modified_gmt":"2026-01-28T12:34:00","slug":"filament-dsm-novamid-id-1030-cf10-noir","status":"publish","type":"product","link":"https:\/\/3d-edu.ch\/fr\/boutique\/filament-dsm-novamid-id-1030-cf10-noir\/","title":{"rendered":"Filament DSM Novamid\u00ae ID 1030-CF10 Noir"},"content":{"rendered":"<h2>DSM Novamid\u00ae ID 1030-CF10 Filament Noir 0,5 kg<\/h2>\n<h3>Inclus dans la livraison<\/h3>\n<ul>\n<li>1 bobine de filament DSM Novamid\u00ae ID 1030-CF10 Black 0,5 kg<\/li>\n<\/ul>\n<hr \/>\n<p><strong>Filament DSM Novamid\u00ae ID 1030-CF10 Noir<\/strong><\/p>\n<p>Le filament DSM Novamid\u00ae ID 1030-CF10 Black est un filament \u00e0 base de PA6\/66 enrichi de fibre de carbone (carbone\/fibre de carbone). Il permet de fabriquer par fabrication additive des pi\u00e8ces d&rsquo;application finale structurelles durables et de haute performance. La fabrication additive devient ainsi une option viable pour les applications structurelles exigeantes qui n\u00e9cessitent des performances \u00e9lev\u00e9es \u00e0 des temp\u00e9ratures \u00e9lev\u00e9es. Ce filament a \u00e9t\u00e9 enrichi de 10 % de fibres de carbone. Cela permet d&rsquo;imprimer des pi\u00e8ces avec des propri\u00e9t\u00e9s comparables \u00e0 celles des pi\u00e8ces moul\u00e9es par injection avec le DSM Novamid\u00ae ID1030 CF10. Ce filament peut \u00eatre trait\u00e9 \u00e0 la m\u00eame vitesse que les plastiques non renforc\u00e9s. Il offre toutefois une r\u00e9sistance et une t\u00e9nacit\u00e9 nettement sup\u00e9rieures.      <\/p>\n<p>DSM Novamid\u00ae ID1030 CF10 est un nouveau polyamide 6\/66 charg\u00e9 de fibres de carbone qui permet la fabrication additive de pi\u00e8ces structurelles durables avec une grande stabilit\u00e9 dimensionnelle, sans d\u00e9formation. Le filament copolym\u00e8re PA6\/66 contient de v\u00e9ritables fibres de carbone au lieu du carbone en poudre souvent utilis\u00e9. Il en r\u00e9sulte des pi\u00e8ces plus solides, plus rigides et plus tenaces, avec une r\u00e9sistance \u00e0 la traction et un module de traction plus \u00e9lev\u00e9s. En plus de leurs excellentes propri\u00e9t\u00e9s m\u00e9caniques, les pi\u00e8ces obtiennent un liss\u00e9 relativement \u00e9lev\u00e9 et un bel aspect qui convient \u00e9galement aux applications finales.   <\/p>\n<p>Le mat\u00e9riau peut \u00eatre imprim\u00e9 sur des machines FFF\/FDM standard avec une buse durcie.<\/p>\n<hr \/>\n<p><strong>Applications possibles<\/strong><\/p>\n<ul>\n<li>Proth\u00e8ses<\/li>\n<li>\u00c9quipement sportif<\/li>\n<li>Dispositifs<\/li>\n<li>Construction l\u00e9g\u00e8re<\/li>\n<li>Composants automobiles<\/li>\n<\/ul>\n<div class=\"accordion\">\n\t<div id=\"accordion-3654705979\" class=\"accordion-item\">\n\t\t<a id=\"accordion-3654705979-label\" class=\"accordion-title plain\" href=\"#accordion-item-plus-d&#039;informations\" aria-expanded=\"false\" aria-controls=\"accordion-3654705979-content\">\n\t\t\t<button class=\"toggle\" aria-label=\"Basculer\"><i class=\"icon-angle-down\" aria-hidden=\"true\"><\/i><\/button>\n\t\t\t<span>Plus d&#039;informations<\/span>\n\t\t<\/a>\n\t\t<div id=\"accordion-3654705979-content\" class=\"accordion-inner\" aria-labelledby=\"accordion-3654705979-label\">\n\t\t\t\n<p>Ce filament est conforme aux directives et aux r\u00e9glementations \u00e9num\u00e9r\u00e9es ci-dessous.<\/p>\n<p>Directive RoHS 2011\/65\/EC*<br \/>\nR\u00e8glement REACH 1907\/2006\/EC*<\/p>\n<p>Par cons\u00e9quent, il n&rsquo;y a pas d&rsquo;odeurs d\u00e9sagr\u00e9ables pendant l&rsquo;impression.<br \/>\nDe plus, ce filament est certifi\u00e9 RoHS, conforme \u00e0 REACH et approuv\u00e9 par la FDA (Food and Drug Administration).<\/p>\n<p><small>*) Cette d\u00e9claration de conformit\u00e9 aux directives et r\u00e9glementations est \u00e9tablie sur la base de nos connaissances actuelles et peut \u00eatre modifi\u00e9e en fonction de nouvelles informations. Elle ne s&rsquo;applique qu&rsquo;aux produits d\u00e9crits ci-dessus.<\/small><\/p>\n<p><strong>Recommandations d&rsquo;impression<\/strong><\/p>\n<table>\n<tbody>\n<tr>\n<td>Taille du bec : \u2265 0.5mm<\/td>\n<td>Hauteur de la couche : \u2265 0.1mm<\/td>\n<td>D\u00e9bit : \u00b1 100<\/td>\n<\/tr>\n<tr>\n<td>Temp\u00e9rature d&rsquo;impression : \u00b1 260 - 285\u00b0 C<\/td>\n<td>Vitesse d&rsquo;impression : Moyenne \/ Haute<\/td>\n<td>R\u00e9traction : D\u00e9pends <\/td>\n<\/tr>\n<tr>\n<td>Condition de chaleur : \u00b1 60 - 120\u00b0C<\/td>\n<td>Vitesse du ventilateur : 0<\/td>\n<td>Niveau d&rsquo;exp\u00e9rience : Interm\u00e9diaire<\/td>\n<\/tr>\n<\/tbody>\n<\/table>\n<p><strong>Environnement de travail<\/strong><br \/>\nConservez le mat\u00e9riau dans le sac en polyester fourni afin d&rsquo;\u00e9viter l&rsquo;absorption d&rsquo;humidit\u00e9 par l&rsquo;air. L&rsquo;absorption d&rsquo;humidit\u00e9 peut affecter la qualit\u00e9 du mat\u00e9riau et ses performances. Si le filament est devenu humide, il doit \u00eatre s\u00e9ch\u00e9 \u00e0 80\u00b0C pendant au moins 4 heures. Essayez \u00e9galement de garder le filament aussi sec que possible pendant l&rsquo;impression - par exemple \u00e0 l&rsquo;aide d&rsquo;une \u00ab\u00a0Filament Dry Box\u00a0\u00bb.<\/p>\n\t\t<\/div>\n\t<\/div>\n\t\n<\/div>\n","protected":false},"excerpt":{"rendered":"<h3>Filament DSM Novamid\u00ae ID 1030-CF10 noir en bobine de 0,5 kg<\/h3>\n<p>DSM Novamid\u00ae ID1030 CF10 est un nouveau polyamide 6\/66 charg\u00e9 de fibres de carbone qui permet la fabrication additive de pi\u00e8ces structurelles durables avec une grande stabilit\u00e9 dimensionnelle, sans d\u00e9formation. Le filament copolym\u00e8re PA6\/66 contient 10% de v\u00e9ritables fibres de carbone au lieu du carbone en poudre souvent utilis\u00e9. <\/p>\n<table>\n<tbody>\n<tr>\n<td width=\"100\">Fabricant<\/td>\n<td>DSM<\/td>\n<\/tr>\n<tr>\n<td>Taille de la bobine<\/td>\n<td>0,5 kg<\/td>\n<\/tr>\n<tr>\n<td>Diam\u00e8tre<\/td>\n<td>1,75 mm<\/td>\n<\/tr>\n<\/tbody>\n<\/table>\n","protected":false},"featured_media":40642,"comment_status":"closed","ping_status":"closed","template":"","meta":[],"product_brand":[],"product_cat":[10391],"product_tag":[8823,9307,9553,9399],"class_list":{"0":"post-77626","1":"product","2":"type-product","3":"status-publish","4":"has-post-thumbnail","6":"product_cat-filament-composite","7":"product_tag-fibre-de-carbone-2","8":"product_tag-filament-composite","9":"product_tag-filament-dsm","10":"product_tag-filament-pa","12":"first","13":"instock","14":"taxable","15":"shipping-taxable","16":"purchasable","17":"product-type-simple"},"yoast_head":"<!-- This site is optimized with the Yoast SEO Premium plugin v27.5 (Yoast SEO v27.5) - https:\/\/yoast.com\/product\/yoast-seo-premium-wordpress\/ -->\n<title>Acheter DSM Novamid\u00ae ID 1030-CF10 Filament Noir | 3D-EDU GmbH<\/title>\n<meta name=\"robots\" content=\"index, follow, max-snippet:-1, max-image-preview:large, max-video-preview:-1\" \/>\n<link rel=\"canonical\" href=\"https:\/\/3d-edu.ch\/fr\/boutique\/filament-dsm-novamid-id-1030-cf10-noir\/\" \/>\n<meta property=\"og:locale\" content=\"fr_FR\" \/>\n<meta property=\"og:type\" content=\"article\" \/>\n<meta property=\"og:title\" content=\"Filament DSM Novamid\u00ae ID 1030-CF10 Noir\" \/>\n<meta property=\"og:description\" content=\"Filament DSM Novamid\u00ae ID 1030-CF10 noir en bobine de 0,5 kg DSM Novamid\u00ae ID1030 CF10 est un nouveau polyamide 6\/66 charg\u00e9 de fibres de carbone qui permet la fabrication additive de pi\u00e8ces structurelles durables avec une grande stabilit\u00e9 dimensionnelle, sans d\u00e9formation. Le filament copolym\u00e8re PA6\/66 contient 10% de v\u00e9ritables fibres de carbone au lieu du carbone en poudre souvent utilis\u00e9.   Fabricant DSM  Taille de la bobine 0,5 kg  Diam\u00e8tre 1,75 mm\" \/>\n<meta property=\"og:url\" content=\"https:\/\/3d-edu.ch\/fr\/boutique\/filament-dsm-novamid-id-1030-cf10-noir\/\" \/>\n<meta property=\"og:site_name\" content=\"3D-EDU GmbH\" \/>\n<meta property=\"article:publisher\" content=\"https:\/\/www.facebook.com\/3d-educh-210277586064960\/\" \/>\n<meta property=\"article:modified_time\" content=\"2026-01-28T12:34:00+00:00\" \/>\n<meta property=\"og:image\" content=\"https:\/\/3d-edu.ch\/wp-content\/uploads\/2020\/04\/dsm-novamid-id-1030-cf10-c-pa-6-66-filament.jpg\" \/>\n\t<meta property=\"og:image:width\" content=\"380\" \/>\n\t<meta property=\"og:image:height\" content=\"380\" \/>\n\t<meta property=\"og:image:type\" content=\"image\/jpeg\" \/>\n<meta name=\"twitter:card\" content=\"summary_large_image\" \/>\n<meta name=\"twitter:site\" content=\"@3d_edu_ch\" \/>\n<meta name=\"twitter:label1\" content=\"Prix\" \/>\n\t<meta name=\"twitter:data1\" content=\"56.75&nbsp;&#067;&#072;&#070; hors TVA\" \/>\n\t<meta name=\"twitter:label2\" content=\"Disponibilit\u00e9\" \/>\n\t<meta name=\"twitter:data2\" content=\"En stock\" \/>\n<script type=\"application\/ld+json\" class=\"yoast-schema-graph\">{\"@context\":\"https:\\\/\\\/schema.org\",\"@graph\":[{\"@type\":\"WebPage\",\"@id\":\"https:\\\/\\\/3d-edu.ch\\\/fr\\\/boutique\\\/filament-dsm-novamid-id-1030-cf10-noir\\\/\",\"url\":\"https:\\\/\\\/3d-edu.ch\\\/fr\\\/boutique\\\/filament-dsm-novamid-id-1030-cf10-noir\\\/\",\"name\":\"Acheter DSM Novamid\u00ae ID 1030-CF10 Filament Noir | 3D-EDU GmbH\",\"isPartOf\":{\"@id\":\"https:\\\/\\\/3d-edu.ch\\\/fr\\\/#website\"},\"primaryImageOfPage\":{\"@id\":\"https:\\\/\\\/3d-edu.ch\\\/fr\\\/boutique\\\/filament-dsm-novamid-id-1030-cf10-noir\\\/#primaryimage\"},\"image\":{\"@id\":\"https:\\\/\\\/3d-edu.ch\\\/fr\\\/boutique\\\/filament-dsm-novamid-id-1030-cf10-noir\\\/#primaryimage\"},\"thumbnailUrl\":\"https:\\\/\\\/3d-edu.ch\\\/wp-content\\\/uploads\\\/2020\\\/04\\\/dsm-novamid-id-1030-cf10-c-pa-6-66-filament.jpg\",\"datePublished\":\"2020-04-16T07:41:48+00:00\",\"dateModified\":\"2026-01-28T12:34:00+00:00\",\"breadcrumb\":{\"@id\":\"https:\\\/\\\/3d-edu.ch\\\/fr\\\/boutique\\\/filament-dsm-novamid-id-1030-cf10-noir\\\/#breadcrumb\"},\"inLanguage\":\"fr-FR\",\"potentialAction\":[{\"@type\":\"ReadAction\",\"target\":[\"https:\\\/\\\/3d-edu.ch\\\/fr\\\/boutique\\\/filament-dsm-novamid-id-1030-cf10-noir\\\/\"]}]},{\"@type\":\"ImageObject\",\"inLanguage\":\"fr-FR\",\"@id\":\"https:\\\/\\\/3d-edu.ch\\\/fr\\\/boutique\\\/filament-dsm-novamid-id-1030-cf10-noir\\\/#primaryimage\",\"url\":\"https:\\\/\\\/3d-edu.ch\\\/wp-content\\\/uploads\\\/2020\\\/04\\\/dsm-novamid-id-1030-cf10-c-pa-6-66-filament.jpg\",\"contentUrl\":\"https:\\\/\\\/3d-edu.ch\\\/wp-content\\\/uploads\\\/2020\\\/04\\\/dsm-novamid-id-1030-cf10-c-pa-6-66-filament.jpg\",\"width\":380,\"height\":380,\"caption\":\"DSM Novamid\u00ae ID 1030-Carbon Fiber 10 Filament Black\"},{\"@type\":\"BreadcrumbList\",\"@id\":\"https:\\\/\\\/3d-edu.ch\\\/fr\\\/boutique\\\/filament-dsm-novamid-id-1030-cf10-noir\\\/#breadcrumb\",\"itemListElement\":[{\"@type\":\"ListItem\",\"position\":1,\"name\":\"Accueil\",\"item\":\"https:\\\/\\\/3d-edu.ch\\\/fr\\\/\"},{\"@type\":\"ListItem\",\"position\":2,\"name\":\"Boutique\",\"item\":\"https:\\\/\\\/3d-edu.ch\\\/fr\\\/boutique\\\/\"},{\"@type\":\"ListItem\",\"position\":3,\"name\":\"Filament DSM Novamid\u00ae ID 1030-CF10 Noir\"}]},{\"@type\":\"WebSite\",\"@id\":\"https:\\\/\\\/3d-edu.ch\\\/fr\\\/#website\",\"url\":\"https:\\\/\\\/3d-edu.ch\\\/fr\\\/\",\"name\":\"3D-EDU GmbH\",\"description\":\"Your Formlabs, UltiMaker and Raise3D Printer Support and Education Site in Switzerland. \\\/\\\/ Ihre Formlabs, UltiMaker and Raise3D Drucker Support und Bildungs Webseite der Schweiz.\",\"publisher\":{\"@id\":\"https:\\\/\\\/3d-edu.ch\\\/fr\\\/#organization\"},\"potentialAction\":[{\"@type\":\"SearchAction\",\"target\":{\"@type\":\"EntryPoint\",\"urlTemplate\":\"https:\\\/\\\/3d-edu.ch\\\/fr\\\/?s={search_term_string}\"},\"query-input\":{\"@type\":\"PropertyValueSpecification\",\"valueRequired\":true,\"valueName\":\"search_term_string\"}}],\"inLanguage\":\"fr-FR\"},{\"@type\":[\"Organization\",\"Place\",\"ElectronicsStore\"],\"@id\":\"https:\\\/\\\/3d-edu.ch\\\/fr\\\/#organization\",\"name\":\"3D-EDU GmbH\",\"url\":\"https:\\\/\\\/3d-edu.ch\\\/fr\\\/\",\"logo\":{\"@id\":\"https:\\\/\\\/3d-edu.ch\\\/fr\\\/boutique\\\/filament-dsm-novamid-id-1030-cf10-noir\\\/#local-main-organization-logo\"},\"image\":{\"@id\":\"https:\\\/\\\/3d-edu.ch\\\/fr\\\/boutique\\\/filament-dsm-novamid-id-1030-cf10-noir\\\/#local-main-organization-logo\"},\"sameAs\":[\"https:\\\/\\\/www.facebook.com\\\/3d-educh-210277586064960\\\/\",\"https:\\\/\\\/x.com\\\/3d_edu_ch\"],\"address\":{\"@id\":\"https:\\\/\\\/3d-edu.ch\\\/fr\\\/boutique\\\/filament-dsm-novamid-id-1030-cf10-noir\\\/#local-main-place-address\"},\"geo\":{\"@type\":\"GeoCoordinates\",\"latitude\":\"47.38413\",\"longitude\":\"8.49812\"},\"telephone\":[\"+41 44 492 11 22\"],\"openingHoursSpecification\":[{\"@type\":\"OpeningHoursSpecification\",\"dayOfWeek\":[\"Monday\",\"Tuesday\",\"Wednesday\",\"Thursday\",\"Friday\"],\"opens\":\"08:30\",\"closes\":\"18:00\"},{\"@type\":\"OpeningHoursSpecification\",\"dayOfWeek\":[\"Saturday\",\"Sunday\"],\"opens\":\"00:00\",\"closes\":\"00:00\"}],\"email\":\"info@3d-edu.ch\",\"faxNumber\":\"+41 44 492 11 23\",\"vatID\":\"CHE-184.499.491 MWST\",\"priceRange\":\"$$$\",\"currenciesAccepted\":\"CHF\"},{\"@type\":\"PostalAddress\",\"@id\":\"https:\\\/\\\/3d-edu.ch\\\/fr\\\/boutique\\\/filament-dsm-novamid-id-1030-cf10-noir\\\/#local-main-place-address\",\"streetAddress\":\"3D-EDU GmbH, Badenerstrasse 556\",\"addressLocality\":\"Z\u00fcrich\",\"postalCode\":\"8048\",\"addressRegion\":\"Z\u00fcrich\",\"addressCountry\":\"CH\"},{\"@type\":\"ImageObject\",\"inLanguage\":\"fr-FR\",\"@id\":\"https:\\\/\\\/3d-edu.ch\\\/fr\\\/boutique\\\/filament-dsm-novamid-id-1030-cf10-noir\\\/#local-main-organization-logo\",\"url\":\"https:\\\/\\\/3d-edu.ch\\\/wp-content\\\/uploads\\\/2018\\\/10\\\/3d-drucker-makerbot-formlabs-professionelle-3d-drucker-e1546527990490.png\",\"contentUrl\":\"https:\\\/\\\/3d-edu.ch\\\/wp-content\\\/uploads\\\/2018\\\/10\\\/3d-drucker-makerbot-formlabs-professionelle-3d-drucker-e1546527990490.png\",\"width\":275,\"height\":80,\"caption\":\"3D-EDU GmbH\"}]}<\/script>\n<meta property=\"product:brand\" content=\"Filament composite\" \/>\n<meta property=\"product:price:amount\" content=\"56.75\" \/>\n<meta property=\"product:price:currency\" content=\"CHF\" \/>\n<meta property=\"og:availability\" content=\"instock\" \/>\n<meta property=\"product:availability\" content=\"instock\" \/>\n<meta property=\"product:retailer_item_id\" content=\"175DSM1030-CFBLACK-0500\" \/>\n<meta property=\"product:condition\" content=\"new\" \/>\n<meta name=\"geo.placename\" content=\"Z\u00fcrich\" \/>\n<meta name=\"geo.position\" content=\"47.38413;8.49812\" \/>\n<meta name=\"geo.region\" content=\"Suisse\" \/>\n<!-- \/ Yoast SEO Premium plugin. -->","yoast_head_json":{"title":"Acheter DSM Novamid\u00ae ID 1030-CF10 Filament Noir | 3D-EDU GmbH","robots":{"index":"index","follow":"follow","max-snippet":"max-snippet:-1","max-image-preview":"max-image-preview:large","max-video-preview":"max-video-preview:-1"},"canonical":"https:\/\/3d-edu.ch\/fr\/boutique\/filament-dsm-novamid-id-1030-cf10-noir\/","og_locale":"fr_FR","og_type":"article","og_title":"Filament DSM Novamid\u00ae ID 1030-CF10 Noir","og_description":"Filament DSM Novamid\u00ae ID 1030-CF10 noir en bobine de 0,5 kg DSM Novamid\u00ae ID1030 CF10 est un nouveau polyamide 6\/66 charg\u00e9 de fibres de carbone qui permet la fabrication additive de pi\u00e8ces structurelles durables avec une grande stabilit\u00e9 dimensionnelle, sans d\u00e9formation. Le filament copolym\u00e8re PA6\/66 contient 10% de v\u00e9ritables fibres de carbone au lieu du carbone en poudre souvent utilis\u00e9.   Fabricant DSM  Taille de la bobine 0,5 kg  Diam\u00e8tre 1,75 mm","og_url":"https:\/\/3d-edu.ch\/fr\/boutique\/filament-dsm-novamid-id-1030-cf10-noir\/","og_site_name":"3D-EDU GmbH","article_publisher":"https:\/\/www.facebook.com\/3d-educh-210277586064960\/","article_modified_time":"2026-01-28T12:34:00+00:00","og_image":[{"width":380,"height":380,"url":"https:\/\/3d-edu.ch\/wp-content\/uploads\/2020\/04\/dsm-novamid-id-1030-cf10-c-pa-6-66-filament.jpg","type":"image\/jpeg"}],"twitter_card":"summary_large_image","twitter_site":"@3d_edu_ch","twitter_misc":{"Prix":"56.75&nbsp;&#67;&#72;&#70; hors TVA","Disponibilit\u00e9":"En stock"},"schema":{"@context":"https:\/\/schema.org","@graph":[{"@type":"WebPage","@id":"https:\/\/3d-edu.ch\/fr\/boutique\/filament-dsm-novamid-id-1030-cf10-noir\/","url":"https:\/\/3d-edu.ch\/fr\/boutique\/filament-dsm-novamid-id-1030-cf10-noir\/","name":"Acheter DSM Novamid\u00ae ID 1030-CF10 Filament Noir | 3D-EDU GmbH","isPartOf":{"@id":"https:\/\/3d-edu.ch\/fr\/#website"},"primaryImageOfPage":{"@id":"https:\/\/3d-edu.ch\/fr\/boutique\/filament-dsm-novamid-id-1030-cf10-noir\/#primaryimage"},"image":{"@id":"https:\/\/3d-edu.ch\/fr\/boutique\/filament-dsm-novamid-id-1030-cf10-noir\/#primaryimage"},"thumbnailUrl":"https:\/\/3d-edu.ch\/wp-content\/uploads\/2020\/04\/dsm-novamid-id-1030-cf10-c-pa-6-66-filament.jpg","datePublished":"2020-04-16T07:41:48+00:00","dateModified":"2026-01-28T12:34:00+00:00","breadcrumb":{"@id":"https:\/\/3d-edu.ch\/fr\/boutique\/filament-dsm-novamid-id-1030-cf10-noir\/#breadcrumb"},"inLanguage":"fr-FR","potentialAction":[{"@type":"ReadAction","target":["https:\/\/3d-edu.ch\/fr\/boutique\/filament-dsm-novamid-id-1030-cf10-noir\/"]}]},{"@type":"ImageObject","inLanguage":"fr-FR","@id":"https:\/\/3d-edu.ch\/fr\/boutique\/filament-dsm-novamid-id-1030-cf10-noir\/#primaryimage","url":"https:\/\/3d-edu.ch\/wp-content\/uploads\/2020\/04\/dsm-novamid-id-1030-cf10-c-pa-6-66-filament.jpg","contentUrl":"https:\/\/3d-edu.ch\/wp-content\/uploads\/2020\/04\/dsm-novamid-id-1030-cf10-c-pa-6-66-filament.jpg","width":380,"height":380,"caption":"DSM Novamid\u00ae ID 1030-Carbon Fiber 10 Filament Black"},{"@type":"BreadcrumbList","@id":"https:\/\/3d-edu.ch\/fr\/boutique\/filament-dsm-novamid-id-1030-cf10-noir\/#breadcrumb","itemListElement":[{"@type":"ListItem","position":1,"name":"Accueil","item":"https:\/\/3d-edu.ch\/fr\/"},{"@type":"ListItem","position":2,"name":"Boutique","item":"https:\/\/3d-edu.ch\/fr\/boutique\/"},{"@type":"ListItem","position":3,"name":"Filament DSM Novamid\u00ae ID 1030-CF10 Noir"}]},{"@type":"WebSite","@id":"https:\/\/3d-edu.ch\/fr\/#website","url":"https:\/\/3d-edu.ch\/fr\/","name":"3D-EDU GmbH","description":"Your Formlabs, UltiMaker and Raise3D Printer Support and Education Site in Switzerland. \/\/ Ihre Formlabs, UltiMaker and Raise3D Drucker Support und Bildungs Webseite der Schweiz.","publisher":{"@id":"https:\/\/3d-edu.ch\/fr\/#organization"},"potentialAction":[{"@type":"SearchAction","target":{"@type":"EntryPoint","urlTemplate":"https:\/\/3d-edu.ch\/fr\/?s={search_term_string}"},"query-input":{"@type":"PropertyValueSpecification","valueRequired":true,"valueName":"search_term_string"}}],"inLanguage":"fr-FR"},{"@type":["Organization","Place","ElectronicsStore"],"@id":"https:\/\/3d-edu.ch\/fr\/#organization","name":"3D-EDU GmbH","url":"https:\/\/3d-edu.ch\/fr\/","logo":{"@id":"https:\/\/3d-edu.ch\/fr\/boutique\/filament-dsm-novamid-id-1030-cf10-noir\/#local-main-organization-logo"},"image":{"@id":"https:\/\/3d-edu.ch\/fr\/boutique\/filament-dsm-novamid-id-1030-cf10-noir\/#local-main-organization-logo"},"sameAs":["https:\/\/www.facebook.com\/3d-educh-210277586064960\/","https:\/\/x.com\/3d_edu_ch"],"address":{"@id":"https:\/\/3d-edu.ch\/fr\/boutique\/filament-dsm-novamid-id-1030-cf10-noir\/#local-main-place-address"},"geo":{"@type":"GeoCoordinates","latitude":"47.38413","longitude":"8.49812"},"telephone":["+41 44 492 11 22"],"openingHoursSpecification":[{"@type":"OpeningHoursSpecification","dayOfWeek":["Monday","Tuesday","Wednesday","Thursday","Friday"],"opens":"08:30","closes":"18:00"},{"@type":"OpeningHoursSpecification","dayOfWeek":["Saturday","Sunday"],"opens":"00:00","closes":"00:00"}],"email":"info@3d-edu.ch","faxNumber":"+41 44 492 11 23","vatID":"CHE-184.499.491 MWST","priceRange":"$$$","currenciesAccepted":"CHF"},{"@type":"PostalAddress","@id":"https:\/\/3d-edu.ch\/fr\/boutique\/filament-dsm-novamid-id-1030-cf10-noir\/#local-main-place-address","streetAddress":"3D-EDU GmbH, Badenerstrasse 556","addressLocality":"Z\u00fcrich","postalCode":"8048","addressRegion":"Z\u00fcrich","addressCountry":"CH"},{"@type":"ImageObject","inLanguage":"fr-FR","@id":"https:\/\/3d-edu.ch\/fr\/boutique\/filament-dsm-novamid-id-1030-cf10-noir\/#local-main-organization-logo","url":"https:\/\/3d-edu.ch\/wp-content\/uploads\/2018\/10\/3d-drucker-makerbot-formlabs-professionelle-3d-drucker-e1546527990490.png","contentUrl":"https:\/\/3d-edu.ch\/wp-content\/uploads\/2018\/10\/3d-drucker-makerbot-formlabs-professionelle-3d-drucker-e1546527990490.png","width":275,"height":80,"caption":"3D-EDU GmbH"}]},"product_brand":"Filament composite","product_price_amount":"56.75","product_price_currency":"CHF","og_availability":"instock","product_availability":"instock","product_retailer_item_id":"175DSM1030-CFBLACK-0500","product_condition":"new","geo.placename":"Z\u00fcrich","geo.position":{"lat":"47.38413","long":"8.49812"},"geo.region":"Suisse"},"_links":{"self":[{"href":"https:\/\/3d-edu.ch\/fr\/wp-json\/wp\/v2\/product\/77626","targetHints":{"allow":["GET"]}}],"collection":[{"href":"https:\/\/3d-edu.ch\/fr\/wp-json\/wp\/v2\/product"}],"about":[{"href":"https:\/\/3d-edu.ch\/fr\/wp-json\/wp\/v2\/types\/product"}],"replies":[{"embeddable":true,"href":"https:\/\/3d-edu.ch\/fr\/wp-json\/wp\/v2\/comments?post=77626"}],"wp:featuredmedia":[{"embeddable":true,"href":"https:\/\/3d-edu.ch\/fr\/wp-json\/wp\/v2\/media\/40642"}],"wp:attachment":[{"href":"https:\/\/3d-edu.ch\/fr\/wp-json\/wp\/v2\/media?parent=77626"}],"wp:term":[{"taxonomy":"product_brand","embeddable":true,"href":"https:\/\/3d-edu.ch\/fr\/wp-json\/wp\/v2\/product_brand?post=77626"},{"taxonomy":"product_cat","embeddable":true,"href":"https:\/\/3d-edu.ch\/fr\/wp-json\/wp\/v2\/product_cat?post=77626"},{"taxonomy":"product_tag","embeddable":true,"href":"https:\/\/3d-edu.ch\/fr\/wp-json\/wp\/v2\/product_tag?post=77626"}],"curies":[{"name":"wp","href":"https:\/\/api.w.org\/{rel}","templated":true}]}}