{"id":77593,"date":"2020-04-15T13:10:45","date_gmt":"2020-04-15T11:10:45","guid":{"rendered":"https:\/\/3d-edu.ch\/shop\/filament-dsm-novamid-id-1030-nylon-pa-6-66\/"},"modified":"2026-01-28T13:33:47","modified_gmt":"2026-01-28T12:33:47","slug":"filament-dsm-novamid-id-1030-nylon-pa-6-66","status":"publish","type":"product","link":"https:\/\/3d-edu.ch\/fr\/boutique\/filament-dsm-novamid-id-1030-nylon-pa-6-66\/","title":{"rendered":"Filament DSM Novamid\u00ae ID 1030 Nylon\/PA 6\/ 66"},"content":{"rendered":"<h2>Filament DSM Novamid\u00ae ID 1030 Nylon\/PA 6\/66 0,5 kg<\/h2>\n<h3>Inclus dans la livraison<\/h3>\n<ul>\n<li>1 bobine de filament DSM Novamid\u00ae ID 1030 Nylon\/PA 6\/66 0,5 kg<\/li>\n<\/ul>\n<hr \/>\n<p><strong>Filament DSM Novamid\u00ae ID 1030 Nylon\/PA 6\/66<\/strong><\/p>\n<p>Avec le filament DSM Novamid\u00ae ID 1030 Nylon\/PA 6\/66 pour l&rsquo;impression 3D FFF\/FDM, vous produisez des pi\u00e8ces qui diff\u00e8rent \u00e0 peine de celles fabriqu\u00e9es par moulage par injection standard.<\/p>\n<p>Ce filament PA est un polyamide 6\/66 pur et a \u00e9t\u00e9 d\u00e9velopp\u00e9 \u00e0 l&rsquo;origine comme plastique technique pour des applications sp\u00e9cialis\u00e9es exigeantes - pour des environnements difficiles et des temp\u00e9ratures \u00e9lev\u00e9es (jusqu&rsquo;\u00e0 125\u00b0C). Les filaments DSM Novamid\u00ae ID1030 sont adapt\u00e9s \u00e0 l&rsquo;impression 3D et offrent une combinaison unique de propri\u00e9t\u00e9s, une rigidit\u00e9 et une ductilit\u00e9 exceptionnelles, pour une grande vari\u00e9t\u00e9 d&rsquo;applications. Leur profil de cristallisation optimis\u00e9 am\u00e9liore la fusion et permet d&rsquo;obtenir des pi\u00e8ces avec une excellente adh\u00e9rence des couches et un haut niveau de finition.  <\/p>\n<p>Novamid\u00ae ID 1030 est bien adapt\u00e9 aux applications durables qui exigent de bonnes propri\u00e9t\u00e9s m\u00e9caniques.<\/p>\n<hr \/>\n<p><strong>Applications<\/strong><\/p>\n<ul>\n<li>\u00c9lectronique - Dispositifs de montage, stockage personnalis\u00e9<\/li>\n<li>Transports<\/li>\n<li>Sport et style de vie<\/li>\n<\/ul>\n<div class=\"accordion\">\n\t<div id=\"accordion-1460558614\" class=\"accordion-item\">\n\t\t<a id=\"accordion-1460558614-label\" class=\"accordion-title plain\" href=\"#accordion-item-plus-d&#039;informations\" aria-expanded=\"false\" aria-controls=\"accordion-1460558614-content\">\n\t\t\t<button class=\"toggle\" aria-label=\"Basculer\"><i class=\"icon-angle-down\" aria-hidden=\"true\"><\/i><\/button>\n\t\t\t<span>Plus d&#039;informations<\/span>\n\t\t<\/a>\n\t\t<div id=\"accordion-1460558614-content\" class=\"accordion-inner\" aria-labelledby=\"accordion-1460558614-label\">\n\t\t\t\n<p>Ce filament est conforme aux directives et aux r\u00e9glementations \u00e9num\u00e9r\u00e9es ci-dessous.<\/p>\n<p>Directive RoHS 2011\/65\/EC*<br \/>\nR\u00e8glement REACH 1907\/2006\/EC*<\/p>\n<p>Par cons\u00e9quent, il n&rsquo;y a pas d&rsquo;odeurs d\u00e9sagr\u00e9ables pendant l&rsquo;impression.<br \/>\nDe plus, ce filament est certifi\u00e9 RoHS, conforme \u00e0 REACH et approuv\u00e9 par la FDA (Food and Drug Administration).<\/p>\n<p><small>*) Cette d\u00e9claration de conformit\u00e9 aux directives et r\u00e9glementations est \u00e9tablie sur la base de nos connaissances actuelles et peut \u00eatre modifi\u00e9e en fonction de nouvelles informations. Elle ne s&rsquo;applique qu&rsquo;aux produits d\u00e9crits ci-dessus.<\/small><\/p>\n<p><strong>Recommandations d&rsquo;impression<\/strong><\/p>\n<table>\n<tbody>\n<tr>\n<td>Taille du bec : \u2265 0.25mm<\/td>\n<td>Hauteur de la couche : \u2265 0.1mm<\/td>\n<td>D\u00e9bit : \u00b1 100<\/td>\n<\/tr>\n<tr>\n<td>Temp\u00e9rature d&rsquo;impression : \u00b1 220 - 245\u00b0 C<\/td>\n<td>Vitesse d&rsquo;impression : Moyenne \/ Haute<\/td>\n<td>R\u00e9traction : D\u00e9pends<\/td>\n<\/tr>\n<tr>\n<td>Condition de chaleur : \u00b1 60 - 120\u00b0C<\/td>\n<td>Vitesse du ventilateur : 0<\/td>\n<td>Niveau d&rsquo;exp\u00e9rience : Interm\u00e9diaire<\/td>\n<\/tr>\n<\/tbody>\n<\/table>\n<p><strong>Environnement de travail<\/strong><\/p>\n<p>Conservez le mat\u00e9riau dans le sac en polyester fourni afin d&rsquo;\u00e9viter l&rsquo;absorption d&rsquo;humidit\u00e9 par l&rsquo;air. L&rsquo;absorption d&rsquo;humidit\u00e9 peut affecter la qualit\u00e9 du mat\u00e9riau et ses performances. Si le filament est devenu humide, il doit \u00eatre s\u00e9ch\u00e9 \u00e0 80\u00b0C pendant au moins 4 heures. Essayez \u00e9galement de garder le filament aussi sec que possible pendant l&rsquo;impression - par exemple \u00e0 l&rsquo;aide d&rsquo;une \u00ab\u00a0Filament Dry Box\u00a0\u00bb.<br \/>\n\t\t<\/div>\n\t<\/div>\n\t\n<\/div>\n","protected":false},"excerpt":{"rendered":"<h3>Filament DSM Novamid\u00ae ID 1030 Nylon\/PA 6\/66 en bobine de 0,5 kg<\/h3>\n<p>Le filament DSM Novamid\u00ae ID 1030 PA 6\/66 vous permet de fabriquer des composants qui diff\u00e8rent \u00e0 peine de ceux produits par moulage par injection. Ce polyamide 6\/66 pur a \u00e9t\u00e9 d\u00e9velopp\u00e9 \u00e0 l&rsquo;origine comme plastique technique pour des applications sp\u00e9ciales exigeantes. <\/p>\n<table>\n<tbody>\n<tr>\n<td width=\"100\">Fabricant<\/td>\n<td>DSM<\/td>\n<\/tr>\n<tr>\n<td>Taille de la bobine<\/td>\n<td>0,5 kg<\/td>\n<\/tr>\n<tr>\n<td>Diam\u00e8tre<\/td>\n<td>1,75 mm<\/td>\n<\/tr>\n<\/tbody>\n<\/table>\n","protected":false},"featured_media":40615,"comment_status":"closed","ping_status":"closed","template":"","meta":[],"product_brand":[],"product_cat":[7866],"product_tag":[8835,9553,9399],"class_list":{"0":"post-77593","1":"product","2":"type-product","3":"status-publish","4":"has-post-thumbnail","6":"product_cat-filament-de-nylon-pa-fr","7":"product_tag-filament-de-nylon","8":"product_tag-filament-dsm","9":"product_tag-filament-pa","11":"first","12":"instock","13":"taxable","14":"shipping-taxable","15":"purchasable","16":"product-type-variable"},"yoast_head":"<!-- This site is optimized with the Yoast SEO Premium plugin v27.4 (Yoast SEO v27.4) - https:\/\/yoast.com\/product\/yoast-seo-premium-wordpress\/ -->\n<title>Acheter un filament DSM Novamid\u00ae ID 1030 Nylon\/PA 6\/66 | 3D-EDU GmbH<\/title>\n<meta name=\"robots\" content=\"index, follow, max-snippet:-1, max-image-preview:large, max-video-preview:-1\" \/>\n<link rel=\"canonical\" href=\"https:\/\/3d-edu.ch\/fr\/boutique\/filament-dsm-novamid-id-1030-nylon-pa-6-66\/\" \/>\n<meta property=\"og:locale\" content=\"fr_FR\" \/>\n<meta property=\"og:type\" content=\"article\" \/>\n<meta property=\"og:title\" content=\"Filament DSM Novamid\u00ae ID 1030 Nylon\/PA 6\/ 66\" \/>\n<meta property=\"og:description\" content=\"Filament DSM Novamid\u00ae ID 1030 Nylon\/PA 6\/66 en bobine de 0,5 kg Le filament DSM Novamid\u00ae ID 1030 PA 6\/66 vous permet de fabriquer des composants qui diff\u00e8rent \u00e0 peine de ceux produits par moulage par injection. Ce polyamide 6\/66 pur a \u00e9t\u00e9 d\u00e9velopp\u00e9 \u00e0 l&#039;origine comme plastique technique pour des applications sp\u00e9ciales exigeantes.   Fabricant DSM  Taille de la bobine 0,5 kg  Diam\u00e8tre 1,75 mm\" \/>\n<meta property=\"og:url\" content=\"https:\/\/3d-edu.ch\/fr\/boutique\/filament-dsm-novamid-id-1030-nylon-pa-6-66\/\" \/>\n<meta property=\"og:site_name\" content=\"3D-EDU GmbH\" \/>\n<meta property=\"article:publisher\" content=\"https:\/\/www.facebook.com\/3d-educh-210277586064960\/\" \/>\n<meta property=\"article:modified_time\" content=\"2026-01-28T12:33:47+00:00\" \/>\n<meta property=\"og:image\" content=\"https:\/\/3d-edu.ch\/wp-content\/uploads\/2020\/04\/dsm-novamid-id-1030-pa-6-66-filament.jpg\" \/>\n\t<meta property=\"og:image:width\" content=\"380\" \/>\n\t<meta property=\"og:image:height\" content=\"380\" \/>\n\t<meta property=\"og:image:type\" content=\"image\/jpeg\" \/>\n<meta name=\"twitter:card\" content=\"summary_large_image\" \/>\n<meta name=\"twitter:site\" content=\"@3d_edu_ch\" \/>\n<meta name=\"twitter:label1\" content=\"Disponibilit\u00e9\" \/>\n\t<meta name=\"twitter:data1\" content=\"En stock\" \/>\n<script type=\"application\/ld+json\" class=\"yoast-schema-graph\">{\"@context\":\"https:\\\/\\\/schema.org\",\"@graph\":[{\"@type\":\"WebPage\",\"@id\":\"https:\\\/\\\/3d-edu.ch\\\/fr\\\/boutique\\\/filament-dsm-novamid-id-1030-nylon-pa-6-66\\\/\",\"url\":\"https:\\\/\\\/3d-edu.ch\\\/fr\\\/boutique\\\/filament-dsm-novamid-id-1030-nylon-pa-6-66\\\/\",\"name\":\"Acheter un filament DSM Novamid\u00ae ID 1030 Nylon\\\/PA 6\\\/66 | 3D-EDU GmbH\",\"isPartOf\":{\"@id\":\"https:\\\/\\\/3d-edu.ch\\\/fr\\\/#website\"},\"primaryImageOfPage\":{\"@id\":\"https:\\\/\\\/3d-edu.ch\\\/fr\\\/boutique\\\/filament-dsm-novamid-id-1030-nylon-pa-6-66\\\/#primaryimage\"},\"image\":{\"@id\":\"https:\\\/\\\/3d-edu.ch\\\/fr\\\/boutique\\\/filament-dsm-novamid-id-1030-nylon-pa-6-66\\\/#primaryimage\"},\"thumbnailUrl\":\"https:\\\/\\\/3d-edu.ch\\\/wp-content\\\/uploads\\\/2020\\\/04\\\/dsm-novamid-id-1030-pa-6-66-filament.jpg\",\"datePublished\":\"2020-04-15T11:10:45+00:00\",\"dateModified\":\"2026-01-28T12:33:47+00:00\",\"breadcrumb\":{\"@id\":\"https:\\\/\\\/3d-edu.ch\\\/fr\\\/boutique\\\/filament-dsm-novamid-id-1030-nylon-pa-6-66\\\/#breadcrumb\"},\"inLanguage\":\"fr-FR\",\"potentialAction\":[{\"@type\":\"ReadAction\",\"target\":[\"https:\\\/\\\/3d-edu.ch\\\/fr\\\/boutique\\\/filament-dsm-novamid-id-1030-nylon-pa-6-66\\\/\"]}]},{\"@type\":\"ImageObject\",\"inLanguage\":\"fr-FR\",\"@id\":\"https:\\\/\\\/3d-edu.ch\\\/fr\\\/boutique\\\/filament-dsm-novamid-id-1030-nylon-pa-6-66\\\/#primaryimage\",\"url\":\"https:\\\/\\\/3d-edu.ch\\\/wp-content\\\/uploads\\\/2020\\\/04\\\/dsm-novamid-id-1030-pa-6-66-filament.jpg\",\"contentUrl\":\"https:\\\/\\\/3d-edu.ch\\\/wp-content\\\/uploads\\\/2020\\\/04\\\/dsm-novamid-id-1030-pa-6-66-filament.jpg\",\"width\":380,\"height\":380,\"caption\":\"DSM Novamid ID 1030 PA6\\\/66 Filament\"},{\"@type\":\"BreadcrumbList\",\"@id\":\"https:\\\/\\\/3d-edu.ch\\\/fr\\\/boutique\\\/filament-dsm-novamid-id-1030-nylon-pa-6-66\\\/#breadcrumb\",\"itemListElement\":[{\"@type\":\"ListItem\",\"position\":1,\"name\":\"Accueil\",\"item\":\"https:\\\/\\\/3d-edu.ch\\\/fr\\\/\"},{\"@type\":\"ListItem\",\"position\":2,\"name\":\"Boutique\",\"item\":\"https:\\\/\\\/3d-edu.ch\\\/fr\\\/boutique\\\/\"},{\"@type\":\"ListItem\",\"position\":3,\"name\":\"Filament DSM Novamid\u00ae ID 1030 Nylon\\\/PA 6\\\/ 66\"}]},{\"@type\":\"WebSite\",\"@id\":\"https:\\\/\\\/3d-edu.ch\\\/fr\\\/#website\",\"url\":\"https:\\\/\\\/3d-edu.ch\\\/fr\\\/\",\"name\":\"3D-EDU GmbH\",\"description\":\"Your Formlabs, UltiMaker and Raise3D Printer Support and Education Site in Switzerland. \\\/\\\/ Ihre Formlabs, UltiMaker and Raise3D Drucker Support und Bildungs Webseite der Schweiz.\",\"publisher\":{\"@id\":\"https:\\\/\\\/3d-edu.ch\\\/fr\\\/#organization\"},\"potentialAction\":[{\"@type\":\"SearchAction\",\"target\":{\"@type\":\"EntryPoint\",\"urlTemplate\":\"https:\\\/\\\/3d-edu.ch\\\/fr\\\/?s={search_term_string}\"},\"query-input\":{\"@type\":\"PropertyValueSpecification\",\"valueRequired\":true,\"valueName\":\"search_term_string\"}}],\"inLanguage\":\"fr-FR\"},{\"@type\":[\"Organization\",\"Place\",\"ElectronicsStore\"],\"@id\":\"https:\\\/\\\/3d-edu.ch\\\/fr\\\/#organization\",\"name\":\"3D-EDU GmbH\",\"url\":\"https:\\\/\\\/3d-edu.ch\\\/fr\\\/\",\"logo\":{\"@id\":\"https:\\\/\\\/3d-edu.ch\\\/fr\\\/boutique\\\/filament-dsm-novamid-id-1030-nylon-pa-6-66\\\/#local-main-organization-logo\"},\"image\":{\"@id\":\"https:\\\/\\\/3d-edu.ch\\\/fr\\\/boutique\\\/filament-dsm-novamid-id-1030-nylon-pa-6-66\\\/#local-main-organization-logo\"},\"sameAs\":[\"https:\\\/\\\/www.facebook.com\\\/3d-educh-210277586064960\\\/\",\"https:\\\/\\\/x.com\\\/3d_edu_ch\"],\"address\":{\"@id\":\"https:\\\/\\\/3d-edu.ch\\\/fr\\\/boutique\\\/filament-dsm-novamid-id-1030-nylon-pa-6-66\\\/#local-main-place-address\"},\"geo\":{\"@type\":\"GeoCoordinates\",\"latitude\":\"47.38413\",\"longitude\":\"8.49812\"},\"telephone\":[\"+41 44 492 11 22\"],\"openingHoursSpecification\":[{\"@type\":\"OpeningHoursSpecification\",\"dayOfWeek\":[\"Monday\",\"Tuesday\",\"Wednesday\",\"Thursday\",\"Friday\"],\"opens\":\"08:30\",\"closes\":\"18:00\"},{\"@type\":\"OpeningHoursSpecification\",\"dayOfWeek\":[\"Saturday\",\"Sunday\"],\"opens\":\"00:00\",\"closes\":\"00:00\"}],\"email\":\"info@3d-edu.ch\",\"faxNumber\":\"+41 44 492 11 23\",\"vatID\":\"CHE-184.499.491 MWST\",\"priceRange\":\"$$$\",\"currenciesAccepted\":\"CHF\"},{\"@type\":\"PostalAddress\",\"@id\":\"https:\\\/\\\/3d-edu.ch\\\/fr\\\/boutique\\\/filament-dsm-novamid-id-1030-nylon-pa-6-66\\\/#local-main-place-address\",\"streetAddress\":\"3D-EDU GmbH, Badenerstrasse 556\",\"addressLocality\":\"Z\u00fcrich\",\"postalCode\":\"8048\",\"addressRegion\":\"Z\u00fcrich\",\"addressCountry\":\"CH\"},{\"@type\":\"ImageObject\",\"inLanguage\":\"fr-FR\",\"@id\":\"https:\\\/\\\/3d-edu.ch\\\/fr\\\/boutique\\\/filament-dsm-novamid-id-1030-nylon-pa-6-66\\\/#local-main-organization-logo\",\"url\":\"https:\\\/\\\/3d-edu.ch\\\/wp-content\\\/uploads\\\/2018\\\/10\\\/3d-drucker-makerbot-formlabs-professionelle-3d-drucker-e1546527990490.png\",\"contentUrl\":\"https:\\\/\\\/3d-edu.ch\\\/wp-content\\\/uploads\\\/2018\\\/10\\\/3d-drucker-makerbot-formlabs-professionelle-3d-drucker-e1546527990490.png\",\"width\":275,\"height\":80,\"caption\":\"3D-EDU GmbH\"}]}<\/script>\n<meta property=\"product:brand\" content=\"Filament de nylon PA\" \/>\n<meta property=\"og:availability\" content=\"instock\" \/>\n<meta property=\"product:availability\" content=\"instock\" \/>\n<meta property=\"product:condition\" content=\"new\" \/>\n<meta name=\"geo.placename\" content=\"Z\u00fcrich\" \/>\n<meta name=\"geo.position\" content=\"47.38413;8.49812\" \/>\n<meta name=\"geo.region\" content=\"Suisse\" \/>\n<!-- \/ Yoast SEO Premium plugin. -->","yoast_head_json":{"title":"Acheter un filament DSM Novamid\u00ae ID 1030 Nylon\/PA 6\/66 | 3D-EDU GmbH","robots":{"index":"index","follow":"follow","max-snippet":"max-snippet:-1","max-image-preview":"max-image-preview:large","max-video-preview":"max-video-preview:-1"},"canonical":"https:\/\/3d-edu.ch\/fr\/boutique\/filament-dsm-novamid-id-1030-nylon-pa-6-66\/","og_locale":"fr_FR","og_type":"article","og_title":"Filament DSM Novamid\u00ae ID 1030 Nylon\/PA 6\/ 66","og_description":"Filament DSM Novamid\u00ae ID 1030 Nylon\/PA 6\/66 en bobine de 0,5 kg Le filament DSM Novamid\u00ae ID 1030 PA 6\/66 vous permet de fabriquer des composants qui diff\u00e8rent \u00e0 peine de ceux produits par moulage par injection. Ce polyamide 6\/66 pur a \u00e9t\u00e9 d\u00e9velopp\u00e9 \u00e0 l'origine comme plastique technique pour des applications sp\u00e9ciales exigeantes.   Fabricant DSM  Taille de la bobine 0,5 kg  Diam\u00e8tre 1,75 mm","og_url":"https:\/\/3d-edu.ch\/fr\/boutique\/filament-dsm-novamid-id-1030-nylon-pa-6-66\/","og_site_name":"3D-EDU GmbH","article_publisher":"https:\/\/www.facebook.com\/3d-educh-210277586064960\/","article_modified_time":"2026-01-28T12:33:47+00:00","og_image":[{"width":380,"height":380,"url":"https:\/\/3d-edu.ch\/wp-content\/uploads\/2020\/04\/dsm-novamid-id-1030-pa-6-66-filament.jpg","type":"image\/jpeg"}],"twitter_card":"summary_large_image","twitter_site":"@3d_edu_ch","twitter_misc":{"Disponibilit\u00e9":"En stock"},"schema":{"@context":"https:\/\/schema.org","@graph":[{"@type":"WebPage","@id":"https:\/\/3d-edu.ch\/fr\/boutique\/filament-dsm-novamid-id-1030-nylon-pa-6-66\/","url":"https:\/\/3d-edu.ch\/fr\/boutique\/filament-dsm-novamid-id-1030-nylon-pa-6-66\/","name":"Acheter un filament DSM Novamid\u00ae ID 1030 Nylon\/PA 6\/66 | 3D-EDU GmbH","isPartOf":{"@id":"https:\/\/3d-edu.ch\/fr\/#website"},"primaryImageOfPage":{"@id":"https:\/\/3d-edu.ch\/fr\/boutique\/filament-dsm-novamid-id-1030-nylon-pa-6-66\/#primaryimage"},"image":{"@id":"https:\/\/3d-edu.ch\/fr\/boutique\/filament-dsm-novamid-id-1030-nylon-pa-6-66\/#primaryimage"},"thumbnailUrl":"https:\/\/3d-edu.ch\/wp-content\/uploads\/2020\/04\/dsm-novamid-id-1030-pa-6-66-filament.jpg","datePublished":"2020-04-15T11:10:45+00:00","dateModified":"2026-01-28T12:33:47+00:00","breadcrumb":{"@id":"https:\/\/3d-edu.ch\/fr\/boutique\/filament-dsm-novamid-id-1030-nylon-pa-6-66\/#breadcrumb"},"inLanguage":"fr-FR","potentialAction":[{"@type":"ReadAction","target":["https:\/\/3d-edu.ch\/fr\/boutique\/filament-dsm-novamid-id-1030-nylon-pa-6-66\/"]}]},{"@type":"ImageObject","inLanguage":"fr-FR","@id":"https:\/\/3d-edu.ch\/fr\/boutique\/filament-dsm-novamid-id-1030-nylon-pa-6-66\/#primaryimage","url":"https:\/\/3d-edu.ch\/wp-content\/uploads\/2020\/04\/dsm-novamid-id-1030-pa-6-66-filament.jpg","contentUrl":"https:\/\/3d-edu.ch\/wp-content\/uploads\/2020\/04\/dsm-novamid-id-1030-pa-6-66-filament.jpg","width":380,"height":380,"caption":"DSM Novamid ID 1030 PA6\/66 Filament"},{"@type":"BreadcrumbList","@id":"https:\/\/3d-edu.ch\/fr\/boutique\/filament-dsm-novamid-id-1030-nylon-pa-6-66\/#breadcrumb","itemListElement":[{"@type":"ListItem","position":1,"name":"Accueil","item":"https:\/\/3d-edu.ch\/fr\/"},{"@type":"ListItem","position":2,"name":"Boutique","item":"https:\/\/3d-edu.ch\/fr\/boutique\/"},{"@type":"ListItem","position":3,"name":"Filament DSM Novamid\u00ae ID 1030 Nylon\/PA 6\/ 66"}]},{"@type":"WebSite","@id":"https:\/\/3d-edu.ch\/fr\/#website","url":"https:\/\/3d-edu.ch\/fr\/","name":"3D-EDU GmbH","description":"Your Formlabs, UltiMaker and Raise3D Printer Support and Education Site in Switzerland. \/\/ Ihre Formlabs, UltiMaker and Raise3D Drucker Support und Bildungs Webseite der Schweiz.","publisher":{"@id":"https:\/\/3d-edu.ch\/fr\/#organization"},"potentialAction":[{"@type":"SearchAction","target":{"@type":"EntryPoint","urlTemplate":"https:\/\/3d-edu.ch\/fr\/?s={search_term_string}"},"query-input":{"@type":"PropertyValueSpecification","valueRequired":true,"valueName":"search_term_string"}}],"inLanguage":"fr-FR"},{"@type":["Organization","Place","ElectronicsStore"],"@id":"https:\/\/3d-edu.ch\/fr\/#organization","name":"3D-EDU GmbH","url":"https:\/\/3d-edu.ch\/fr\/","logo":{"@id":"https:\/\/3d-edu.ch\/fr\/boutique\/filament-dsm-novamid-id-1030-nylon-pa-6-66\/#local-main-organization-logo"},"image":{"@id":"https:\/\/3d-edu.ch\/fr\/boutique\/filament-dsm-novamid-id-1030-nylon-pa-6-66\/#local-main-organization-logo"},"sameAs":["https:\/\/www.facebook.com\/3d-educh-210277586064960\/","https:\/\/x.com\/3d_edu_ch"],"address":{"@id":"https:\/\/3d-edu.ch\/fr\/boutique\/filament-dsm-novamid-id-1030-nylon-pa-6-66\/#local-main-place-address"},"geo":{"@type":"GeoCoordinates","latitude":"47.38413","longitude":"8.49812"},"telephone":["+41 44 492 11 22"],"openingHoursSpecification":[{"@type":"OpeningHoursSpecification","dayOfWeek":["Monday","Tuesday","Wednesday","Thursday","Friday"],"opens":"08:30","closes":"18:00"},{"@type":"OpeningHoursSpecification","dayOfWeek":["Saturday","Sunday"],"opens":"00:00","closes":"00:00"}],"email":"info@3d-edu.ch","faxNumber":"+41 44 492 11 23","vatID":"CHE-184.499.491 MWST","priceRange":"$$$","currenciesAccepted":"CHF"},{"@type":"PostalAddress","@id":"https:\/\/3d-edu.ch\/fr\/boutique\/filament-dsm-novamid-id-1030-nylon-pa-6-66\/#local-main-place-address","streetAddress":"3D-EDU GmbH, Badenerstrasse 556","addressLocality":"Z\u00fcrich","postalCode":"8048","addressRegion":"Z\u00fcrich","addressCountry":"CH"},{"@type":"ImageObject","inLanguage":"fr-FR","@id":"https:\/\/3d-edu.ch\/fr\/boutique\/filament-dsm-novamid-id-1030-nylon-pa-6-66\/#local-main-organization-logo","url":"https:\/\/3d-edu.ch\/wp-content\/uploads\/2018\/10\/3d-drucker-makerbot-formlabs-professionelle-3d-drucker-e1546527990490.png","contentUrl":"https:\/\/3d-edu.ch\/wp-content\/uploads\/2018\/10\/3d-drucker-makerbot-formlabs-professionelle-3d-drucker-e1546527990490.png","width":275,"height":80,"caption":"3D-EDU GmbH"}]},"product_brand":"Filament de nylon PA","og_availability":"instock","product_availability":"instock","product_condition":"new","geo.placename":"Z\u00fcrich","geo.position":{"lat":"47.38413","long":"8.49812"},"geo.region":"Suisse"},"_links":{"self":[{"href":"https:\/\/3d-edu.ch\/fr\/wp-json\/wp\/v2\/product\/77593","targetHints":{"allow":["GET"]}}],"collection":[{"href":"https:\/\/3d-edu.ch\/fr\/wp-json\/wp\/v2\/product"}],"about":[{"href":"https:\/\/3d-edu.ch\/fr\/wp-json\/wp\/v2\/types\/product"}],"replies":[{"embeddable":true,"href":"https:\/\/3d-edu.ch\/fr\/wp-json\/wp\/v2\/comments?post=77593"}],"wp:featuredmedia":[{"embeddable":true,"href":"https:\/\/3d-edu.ch\/fr\/wp-json\/wp\/v2\/media\/40615"}],"wp:attachment":[{"href":"https:\/\/3d-edu.ch\/fr\/wp-json\/wp\/v2\/media?parent=77593"}],"wp:term":[{"taxonomy":"product_brand","embeddable":true,"href":"https:\/\/3d-edu.ch\/fr\/wp-json\/wp\/v2\/product_brand?post=77593"},{"taxonomy":"product_cat","embeddable":true,"href":"https:\/\/3d-edu.ch\/fr\/wp-json\/wp\/v2\/product_cat?post=77593"},{"taxonomy":"product_tag","embeddable":true,"href":"https:\/\/3d-edu.ch\/fr\/wp-json\/wp\/v2\/product_tag?post=77593"}],"curies":[{"name":"wp","href":"https:\/\/api.w.org\/{rel}","templated":true}]}}