{"id":77486,"date":"2020-04-12T13:40:27","date_gmt":"2020-04-12T11:40:27","guid":{"rendered":"https:\/\/3d-edu.ch\/shop\/filament-pla-formfutura-premium\/"},"modified":"2026-01-28T13:33:31","modified_gmt":"2026-01-28T12:33:31","slug":"filament-pla-formfutura-premium","status":"publish","type":"product","link":"https:\/\/3d-edu.ch\/fr\/boutique\/filament-pla-formfutura-premium\/","title":{"rendered":"Filament PLA Formfutura Premium"},"content":{"rendered":"<h2>Formfutura Premium PLA Filament 1 kg<\/h2>\n<h3>Inclus dans la livraison<\/h3>\n<ul>\n<li>1 bobine de filament PLA Formfutura Premium 1 kg<\/li>\n<\/ul>\n<hr \/>\n<p><strong>Filament PLA Formfutura Premium<\/strong><\/p>\n<p>Le filament Formfutura Premium PLA est un filament PLA de haute qualit\u00e9 \u00e0 base de PLA (acide polylactique). Ce PLA Premium est plus pur ou moins modifi\u00e9 que, par exemple, le Formfutura EasyFil PLA. Il est donc un peu plus dur, a une excellente stabilit\u00e9 thermique et un processus de cristallisation l\u00e9g\u00e8rement plus rapide. Il peut donc tr\u00e8s bien \u00eatre utilis\u00e9 pour des prototypes de grande taille sur des imprimantes 3D de taille correspondante.   <\/p>\n<hr \/>\n<p><strong>Caract\u00e9ristiques<\/strong><\/p>\n<ul>\n<li>Impression sans d\u00e9formation et pas de d\u00e9formation apr\u00e8s le refroidissement<\/li>\n<li>Bonne adh\u00e9rence de la premi\u00e8re couche, m\u00eame sur les lits d&rsquo;impression non chauff\u00e9s<\/li>\n<li>Traitement quasiment inodore<\/li>\n<li>(industriellement) biod\u00e9gradable<\/li>\n<\/ul>\n<div class=\"accordion\">\n\t<div id=\"accordion-134243022\" class=\"accordion-item\">\n\t\t<a id=\"accordion-134243022-label\" class=\"accordion-title plain\" href=\"#accordion-item-plus-d&#039;informations\" aria-expanded=\"false\" aria-controls=\"accordion-134243022-content\">\n\t\t\t<button class=\"toggle\" aria-label=\"Basculer\"><i class=\"icon-angle-down\" aria-hidden=\"true\"><\/i><\/button>\n\t\t\t<span>Plus d&#039;informations<\/span>\n\t\t<\/a>\n\t\t<div id=\"accordion-134243022-content\" class=\"accordion-inner\" aria-labelledby=\"accordion-134243022-label\">\n\t\t\t\n<p>Ce filament est conforme aux directives et aux r\u00e9glementations \u00e9num\u00e9r\u00e9es ci-dessous.<\/p>\n<p>Directive RoHS 2011\/65\/EC*<br \/>\nR\u00e8glement REACH 1907\/2006\/EC*<\/p>\n<p>Par cons\u00e9quent, il n&rsquo;y a pas d&rsquo;odeurs d\u00e9sagr\u00e9ables pendant l&rsquo;impression.<br \/>\nDe plus, ce filament est certifi\u00e9 RoHS, conforme \u00e0 REACH et approuv\u00e9 par la FDA (Food and Drug Administration).<\/p>\n<p><small>*) Cette d\u00e9claration de conformit\u00e9 aux directives et r\u00e9glementations est \u00e9tablie sur la base de nos connaissances actuelles et peut \u00eatre modifi\u00e9e en fonction de nouvelles informations. Elle ne s&rsquo;applique qu&rsquo;aux produits d\u00e9crits ci-dessus.<\/small><\/p>\n<p><strong>Recommandations d&rsquo;impression<\/strong><\/p>\n<table>\n<tbody>\n<tr>\n<td>Taille du bec : \u2265 0.15mm<\/td>\n<td>Hauteur de la couche : \u2265 0.1mm<\/td>\n<td>D\u00e9bit : \u00b1 100<\/td>\n<\/tr>\n<tr>\n<td>Temp\u00e9rature d&rsquo;impression : \u00b1 200 - 230\u00b0 C<\/td>\n<td>Vitesse d&rsquo;impression : Moyenne<\/td>\n<td>R\u00e9traction : Oui \u00b1 5mm<\/td>\n<\/tr>\n<tr>\n<td>Condition de chaleur : \u00b1 0 - 60\u00b0 C<\/td>\n<td>Vitesse du ventilateur : 50-100<\/td>\n<td>Niveau d&rsquo;exp\u00e9rience : D\u00e9butant<\/td>\n<\/tr>\n<\/tbody>\n<\/table>\n\t\t<\/div>\n\t<\/div>\n\t\n<\/div>\n","protected":false},"excerpt":{"rendered":"<h3>Filament PLA Formfutura Premium en bobine de 1 kg<\/h3>\n<p>Le filament Formfutura Premium PLA est un filament PLA de haute qualit\u00e9. Ce filament PLA Premium est plus pur ou moins modifi\u00e9 que, par exemple, le filament PLA EasyFil de Formfutura. Il est donc un peu plus dur et convient tr\u00e8s bien aux prototypes de grande taille.  <\/p>\n<table>\n<tbody>\n<tr>\n<td width=\"100\">Fabricant<\/td>\n<td>Formfutura<\/td>\n<\/tr>\n<tr>\n<td>Taille de la bobine<\/td>\n<td>1 kg<\/td>\n<\/tr>\n<tr>\n<td>Diam\u00e8tre<\/td>\n<td>1,75 mm<\/td>\n<\/tr>\n<\/tbody>\n<\/table>\n","protected":false},"featured_media":40425,"comment_status":"closed","ping_status":"closed","template":"","meta":[],"product_brand":[],"product_cat":[10398,10386],"product_tag":[8564,8565,9470],"class_list":{"0":"post-77486","1":"product","2":"type-product","3":"status-publish","4":"has-post-thumbnail","6":"product_cat-bourse","7":"product_cat-filament-pla","8":"product_tag-filament-pla","9":"product_tag-formfutura","10":"product_tag-pla-premium","12":"first","13":"onbackorder","14":"taxable","15":"shipping-taxable","16":"product-type-variable"},"yoast_head":"<!-- This site is optimized with the Yoast SEO Premium plugin v27.5 (Yoast SEO v27.5) - https:\/\/yoast.com\/product\/yoast-seo-premium-wordpress\/ -->\n<title>Acheter du filament PLA Formfutura Premium | 3D-EDU GmbH<\/title>\n<meta name=\"robots\" content=\"index, follow, max-snippet:-1, max-image-preview:large, max-video-preview:-1\" \/>\n<link rel=\"canonical\" href=\"https:\/\/3d-edu.ch\/fr\/boutique\/filament-pla-formfutura-premium\/\" \/>\n<meta property=\"og:locale\" content=\"fr_FR\" \/>\n<meta property=\"og:type\" content=\"article\" \/>\n<meta property=\"og:title\" content=\"Filament PLA Formfutura Premium\" \/>\n<meta property=\"og:description\" content=\"Filament PLA Formfutura Premium en bobine de 1 kg Le filament Formfutura Premium PLA est un filament PLA de haute qualit\u00e9. Ce filament PLA Premium est plus pur ou moins modifi\u00e9 que, par exemple, le filament PLA EasyFil de Formfutura. Il est donc un peu plus dur et convient tr\u00e8s bien aux prototypes de grande taille.   Fabricant Formfutura  Taille de la bobine 1 kg  Diam\u00e8tre 1,75 mm\" \/>\n<meta property=\"og:url\" content=\"https:\/\/3d-edu.ch\/fr\/boutique\/filament-pla-formfutura-premium\/\" \/>\n<meta property=\"og:site_name\" content=\"3D-EDU GmbH\" \/>\n<meta property=\"article:publisher\" content=\"https:\/\/www.facebook.com\/3d-educh-210277586064960\/\" \/>\n<meta property=\"article:modified_time\" content=\"2026-01-28T12:33:31+00:00\" \/>\n<meta property=\"og:image\" content=\"https:\/\/3d-edu.ch\/wp-content\/uploads\/2020\/04\/formfutura-premium-pla.jpg\" \/>\n\t<meta property=\"og:image:width\" content=\"380\" \/>\n\t<meta property=\"og:image:height\" content=\"380\" \/>\n\t<meta property=\"og:image:type\" content=\"image\/jpeg\" \/>\n<meta name=\"twitter:card\" content=\"summary_large_image\" \/>\n<meta name=\"twitter:site\" content=\"@3d_edu_ch\" \/>\n<meta name=\"twitter:label1\" content=\"Disponibilit\u00e9\" \/>\n\t<meta name=\"twitter:data1\" content=\"En r\u00e9assort\" \/>\n<script type=\"application\/ld+json\" class=\"yoast-schema-graph\">{\"@context\":\"https:\\\/\\\/schema.org\",\"@graph\":[{\"@type\":\"WebPage\",\"@id\":\"https:\\\/\\\/3d-edu.ch\\\/fr\\\/boutique\\\/filament-pla-formfutura-premium\\\/\",\"url\":\"https:\\\/\\\/3d-edu.ch\\\/fr\\\/boutique\\\/filament-pla-formfutura-premium\\\/\",\"name\":\"Acheter du filament PLA Formfutura Premium | 3D-EDU GmbH\",\"isPartOf\":{\"@id\":\"https:\\\/\\\/3d-edu.ch\\\/fr\\\/#website\"},\"primaryImageOfPage\":{\"@id\":\"https:\\\/\\\/3d-edu.ch\\\/fr\\\/boutique\\\/filament-pla-formfutura-premium\\\/#primaryimage\"},\"image\":{\"@id\":\"https:\\\/\\\/3d-edu.ch\\\/fr\\\/boutique\\\/filament-pla-formfutura-premium\\\/#primaryimage\"},\"thumbnailUrl\":\"https:\\\/\\\/3d-edu.ch\\\/wp-content\\\/uploads\\\/2020\\\/04\\\/formfutura-premium-pla.jpg\",\"datePublished\":\"2020-04-12T11:40:27+00:00\",\"dateModified\":\"2026-01-28T12:33:31+00:00\",\"breadcrumb\":{\"@id\":\"https:\\\/\\\/3d-edu.ch\\\/fr\\\/boutique\\\/filament-pla-formfutura-premium\\\/#breadcrumb\"},\"inLanguage\":\"fr-FR\",\"potentialAction\":[{\"@type\":\"ReadAction\",\"target\":[\"https:\\\/\\\/3d-edu.ch\\\/fr\\\/boutique\\\/filament-pla-formfutura-premium\\\/\"]}]},{\"@type\":\"ImageObject\",\"inLanguage\":\"fr-FR\",\"@id\":\"https:\\\/\\\/3d-edu.ch\\\/fr\\\/boutique\\\/filament-pla-formfutura-premium\\\/#primaryimage\",\"url\":\"https:\\\/\\\/3d-edu.ch\\\/wp-content\\\/uploads\\\/2020\\\/04\\\/formfutura-premium-pla.jpg\",\"contentUrl\":\"https:\\\/\\\/3d-edu.ch\\\/wp-content\\\/uploads\\\/2020\\\/04\\\/formfutura-premium-pla.jpg\",\"width\":380,\"height\":380,\"caption\":\"Formfutura Premium PLA\"},{\"@type\":\"BreadcrumbList\",\"@id\":\"https:\\\/\\\/3d-edu.ch\\\/fr\\\/boutique\\\/filament-pla-formfutura-premium\\\/#breadcrumb\",\"itemListElement\":[{\"@type\":\"ListItem\",\"position\":1,\"name\":\"Accueil\",\"item\":\"https:\\\/\\\/3d-edu.ch\\\/fr\\\/\"},{\"@type\":\"ListItem\",\"position\":2,\"name\":\"Boutique\",\"item\":\"https:\\\/\\\/3d-edu.ch\\\/fr\\\/boutique\\\/\"},{\"@type\":\"ListItem\",\"position\":3,\"name\":\"Filament PLA Formfutura Premium\"}]},{\"@type\":\"WebSite\",\"@id\":\"https:\\\/\\\/3d-edu.ch\\\/fr\\\/#website\",\"url\":\"https:\\\/\\\/3d-edu.ch\\\/fr\\\/\",\"name\":\"3D-EDU GmbH\",\"description\":\"Your Formlabs, UltiMaker and Raise3D Printer Support and Education Site in Switzerland. \\\/\\\/ Ihre Formlabs, UltiMaker and Raise3D Drucker Support und Bildungs Webseite der Schweiz.\",\"publisher\":{\"@id\":\"https:\\\/\\\/3d-edu.ch\\\/fr\\\/#organization\"},\"potentialAction\":[{\"@type\":\"SearchAction\",\"target\":{\"@type\":\"EntryPoint\",\"urlTemplate\":\"https:\\\/\\\/3d-edu.ch\\\/fr\\\/?s={search_term_string}\"},\"query-input\":{\"@type\":\"PropertyValueSpecification\",\"valueRequired\":true,\"valueName\":\"search_term_string\"}}],\"inLanguage\":\"fr-FR\"},{\"@type\":[\"Organization\",\"Place\",\"ElectronicsStore\"],\"@id\":\"https:\\\/\\\/3d-edu.ch\\\/fr\\\/#organization\",\"name\":\"3D-EDU GmbH\",\"url\":\"https:\\\/\\\/3d-edu.ch\\\/fr\\\/\",\"logo\":{\"@id\":\"https:\\\/\\\/3d-edu.ch\\\/fr\\\/boutique\\\/filament-pla-formfutura-premium\\\/#local-main-organization-logo\"},\"image\":{\"@id\":\"https:\\\/\\\/3d-edu.ch\\\/fr\\\/boutique\\\/filament-pla-formfutura-premium\\\/#local-main-organization-logo\"},\"sameAs\":[\"https:\\\/\\\/www.facebook.com\\\/3d-educh-210277586064960\\\/\",\"https:\\\/\\\/x.com\\\/3d_edu_ch\"],\"address\":{\"@id\":\"https:\\\/\\\/3d-edu.ch\\\/fr\\\/boutique\\\/filament-pla-formfutura-premium\\\/#local-main-place-address\"},\"geo\":{\"@type\":\"GeoCoordinates\",\"latitude\":\"47.38413\",\"longitude\":\"8.49812\"},\"telephone\":[\"+41 44 492 11 22\"],\"openingHoursSpecification\":[{\"@type\":\"OpeningHoursSpecification\",\"dayOfWeek\":[\"Monday\",\"Tuesday\",\"Wednesday\",\"Thursday\",\"Friday\"],\"opens\":\"08:30\",\"closes\":\"18:00\"},{\"@type\":\"OpeningHoursSpecification\",\"dayOfWeek\":[\"Saturday\",\"Sunday\"],\"opens\":\"00:00\",\"closes\":\"00:00\"}],\"email\":\"info@3d-edu.ch\",\"faxNumber\":\"+41 44 492 11 23\",\"vatID\":\"CHE-184.499.491 MWST\",\"priceRange\":\"$$$\",\"currenciesAccepted\":\"CHF\"},{\"@type\":\"PostalAddress\",\"@id\":\"https:\\\/\\\/3d-edu.ch\\\/fr\\\/boutique\\\/filament-pla-formfutura-premium\\\/#local-main-place-address\",\"streetAddress\":\"3D-EDU GmbH, Badenerstrasse 556\",\"addressLocality\":\"Z\u00fcrich\",\"postalCode\":\"8048\",\"addressRegion\":\"Z\u00fcrich\",\"addressCountry\":\"CH\"},{\"@type\":\"ImageObject\",\"inLanguage\":\"fr-FR\",\"@id\":\"https:\\\/\\\/3d-edu.ch\\\/fr\\\/boutique\\\/filament-pla-formfutura-premium\\\/#local-main-organization-logo\",\"url\":\"https:\\\/\\\/3d-edu.ch\\\/wp-content\\\/uploads\\\/2018\\\/10\\\/3d-drucker-makerbot-formlabs-professionelle-3d-drucker-e1546527990490.png\",\"contentUrl\":\"https:\\\/\\\/3d-edu.ch\\\/wp-content\\\/uploads\\\/2018\\\/10\\\/3d-drucker-makerbot-formlabs-professionelle-3d-drucker-e1546527990490.png\",\"width\":275,\"height\":80,\"caption\":\"3D-EDU GmbH\"}]}<\/script>\n<meta property=\"product:brand\" content=\"Bourse\" \/>\n<meta property=\"og:availability\" content=\"backorder\" \/>\n<meta property=\"product:availability\" content=\"available for order\" \/>\n<meta property=\"product:condition\" content=\"new\" \/>\n<meta name=\"geo.placename\" content=\"Z\u00fcrich\" \/>\n<meta name=\"geo.position\" content=\"47.38413;8.49812\" \/>\n<meta name=\"geo.region\" content=\"Suisse\" \/>\n<!-- \/ Yoast SEO Premium plugin. -->","yoast_head_json":{"title":"Acheter du filament PLA Formfutura Premium | 3D-EDU GmbH","robots":{"index":"index","follow":"follow","max-snippet":"max-snippet:-1","max-image-preview":"max-image-preview:large","max-video-preview":"max-video-preview:-1"},"canonical":"https:\/\/3d-edu.ch\/fr\/boutique\/filament-pla-formfutura-premium\/","og_locale":"fr_FR","og_type":"article","og_title":"Filament PLA Formfutura Premium","og_description":"Filament PLA Formfutura Premium en bobine de 1 kg Le filament Formfutura Premium PLA est un filament PLA de haute qualit\u00e9. Ce filament PLA Premium est plus pur ou moins modifi\u00e9 que, par exemple, le filament PLA EasyFil de Formfutura. Il est donc un peu plus dur et convient tr\u00e8s bien aux prototypes de grande taille.   Fabricant Formfutura  Taille de la bobine 1 kg  Diam\u00e8tre 1,75 mm","og_url":"https:\/\/3d-edu.ch\/fr\/boutique\/filament-pla-formfutura-premium\/","og_site_name":"3D-EDU GmbH","article_publisher":"https:\/\/www.facebook.com\/3d-educh-210277586064960\/","article_modified_time":"2026-01-28T12:33:31+00:00","og_image":[{"width":380,"height":380,"url":"https:\/\/3d-edu.ch\/wp-content\/uploads\/2020\/04\/formfutura-premium-pla.jpg","type":"image\/jpeg"}],"twitter_card":"summary_large_image","twitter_site":"@3d_edu_ch","twitter_misc":{"Disponibilit\u00e9":"En r\u00e9assort"},"schema":{"@context":"https:\/\/schema.org","@graph":[{"@type":"WebPage","@id":"https:\/\/3d-edu.ch\/fr\/boutique\/filament-pla-formfutura-premium\/","url":"https:\/\/3d-edu.ch\/fr\/boutique\/filament-pla-formfutura-premium\/","name":"Acheter du filament PLA Formfutura Premium | 3D-EDU GmbH","isPartOf":{"@id":"https:\/\/3d-edu.ch\/fr\/#website"},"primaryImageOfPage":{"@id":"https:\/\/3d-edu.ch\/fr\/boutique\/filament-pla-formfutura-premium\/#primaryimage"},"image":{"@id":"https:\/\/3d-edu.ch\/fr\/boutique\/filament-pla-formfutura-premium\/#primaryimage"},"thumbnailUrl":"https:\/\/3d-edu.ch\/wp-content\/uploads\/2020\/04\/formfutura-premium-pla.jpg","datePublished":"2020-04-12T11:40:27+00:00","dateModified":"2026-01-28T12:33:31+00:00","breadcrumb":{"@id":"https:\/\/3d-edu.ch\/fr\/boutique\/filament-pla-formfutura-premium\/#breadcrumb"},"inLanguage":"fr-FR","potentialAction":[{"@type":"ReadAction","target":["https:\/\/3d-edu.ch\/fr\/boutique\/filament-pla-formfutura-premium\/"]}]},{"@type":"ImageObject","inLanguage":"fr-FR","@id":"https:\/\/3d-edu.ch\/fr\/boutique\/filament-pla-formfutura-premium\/#primaryimage","url":"https:\/\/3d-edu.ch\/wp-content\/uploads\/2020\/04\/formfutura-premium-pla.jpg","contentUrl":"https:\/\/3d-edu.ch\/wp-content\/uploads\/2020\/04\/formfutura-premium-pla.jpg","width":380,"height":380,"caption":"Formfutura Premium PLA"},{"@type":"BreadcrumbList","@id":"https:\/\/3d-edu.ch\/fr\/boutique\/filament-pla-formfutura-premium\/#breadcrumb","itemListElement":[{"@type":"ListItem","position":1,"name":"Accueil","item":"https:\/\/3d-edu.ch\/fr\/"},{"@type":"ListItem","position":2,"name":"Boutique","item":"https:\/\/3d-edu.ch\/fr\/boutique\/"},{"@type":"ListItem","position":3,"name":"Filament PLA Formfutura Premium"}]},{"@type":"WebSite","@id":"https:\/\/3d-edu.ch\/fr\/#website","url":"https:\/\/3d-edu.ch\/fr\/","name":"3D-EDU GmbH","description":"Your Formlabs, UltiMaker and Raise3D Printer Support and Education Site in Switzerland. \/\/ Ihre Formlabs, UltiMaker and Raise3D Drucker Support und Bildungs Webseite der Schweiz.","publisher":{"@id":"https:\/\/3d-edu.ch\/fr\/#organization"},"potentialAction":[{"@type":"SearchAction","target":{"@type":"EntryPoint","urlTemplate":"https:\/\/3d-edu.ch\/fr\/?s={search_term_string}"},"query-input":{"@type":"PropertyValueSpecification","valueRequired":true,"valueName":"search_term_string"}}],"inLanguage":"fr-FR"},{"@type":["Organization","Place","ElectronicsStore"],"@id":"https:\/\/3d-edu.ch\/fr\/#organization","name":"3D-EDU GmbH","url":"https:\/\/3d-edu.ch\/fr\/","logo":{"@id":"https:\/\/3d-edu.ch\/fr\/boutique\/filament-pla-formfutura-premium\/#local-main-organization-logo"},"image":{"@id":"https:\/\/3d-edu.ch\/fr\/boutique\/filament-pla-formfutura-premium\/#local-main-organization-logo"},"sameAs":["https:\/\/www.facebook.com\/3d-educh-210277586064960\/","https:\/\/x.com\/3d_edu_ch"],"address":{"@id":"https:\/\/3d-edu.ch\/fr\/boutique\/filament-pla-formfutura-premium\/#local-main-place-address"},"geo":{"@type":"GeoCoordinates","latitude":"47.38413","longitude":"8.49812"},"telephone":["+41 44 492 11 22"],"openingHoursSpecification":[{"@type":"OpeningHoursSpecification","dayOfWeek":["Monday","Tuesday","Wednesday","Thursday","Friday"],"opens":"08:30","closes":"18:00"},{"@type":"OpeningHoursSpecification","dayOfWeek":["Saturday","Sunday"],"opens":"00:00","closes":"00:00"}],"email":"info@3d-edu.ch","faxNumber":"+41 44 492 11 23","vatID":"CHE-184.499.491 MWST","priceRange":"$$$","currenciesAccepted":"CHF"},{"@type":"PostalAddress","@id":"https:\/\/3d-edu.ch\/fr\/boutique\/filament-pla-formfutura-premium\/#local-main-place-address","streetAddress":"3D-EDU GmbH, Badenerstrasse 556","addressLocality":"Z\u00fcrich","postalCode":"8048","addressRegion":"Z\u00fcrich","addressCountry":"CH"},{"@type":"ImageObject","inLanguage":"fr-FR","@id":"https:\/\/3d-edu.ch\/fr\/boutique\/filament-pla-formfutura-premium\/#local-main-organization-logo","url":"https:\/\/3d-edu.ch\/wp-content\/uploads\/2018\/10\/3d-drucker-makerbot-formlabs-professionelle-3d-drucker-e1546527990490.png","contentUrl":"https:\/\/3d-edu.ch\/wp-content\/uploads\/2018\/10\/3d-drucker-makerbot-formlabs-professionelle-3d-drucker-e1546527990490.png","width":275,"height":80,"caption":"3D-EDU GmbH"}]},"product_brand":"Bourse","og_availability":"backorder","product_availability":"available for order","product_condition":"new","geo.placename":"Z\u00fcrich","geo.position":{"lat":"47.38413","long":"8.49812"},"geo.region":"Suisse"},"_links":{"self":[{"href":"https:\/\/3d-edu.ch\/fr\/wp-json\/wp\/v2\/product\/77486","targetHints":{"allow":["GET"]}}],"collection":[{"href":"https:\/\/3d-edu.ch\/fr\/wp-json\/wp\/v2\/product"}],"about":[{"href":"https:\/\/3d-edu.ch\/fr\/wp-json\/wp\/v2\/types\/product"}],"replies":[{"embeddable":true,"href":"https:\/\/3d-edu.ch\/fr\/wp-json\/wp\/v2\/comments?post=77486"}],"wp:featuredmedia":[{"embeddable":true,"href":"https:\/\/3d-edu.ch\/fr\/wp-json\/wp\/v2\/media\/40425"}],"wp:attachment":[{"href":"https:\/\/3d-edu.ch\/fr\/wp-json\/wp\/v2\/media?parent=77486"}],"wp:term":[{"taxonomy":"product_brand","embeddable":true,"href":"https:\/\/3d-edu.ch\/fr\/wp-json\/wp\/v2\/product_brand?post=77486"},{"taxonomy":"product_cat","embeddable":true,"href":"https:\/\/3d-edu.ch\/fr\/wp-json\/wp\/v2\/product_cat?post=77486"},{"taxonomy":"product_tag","embeddable":true,"href":"https:\/\/3d-edu.ch\/fr\/wp-json\/wp\/v2\/product_tag?post=77486"}],"curies":[{"name":"wp","href":"https:\/\/api.w.org\/{rel}","templated":true}]}}