{"id":77445,"date":"2020-05-10T13:24:57","date_gmt":"2020-05-10T11:24:57","guid":{"rendered":"https:\/\/3d-edu.ch\/shop\/treed-pp-t15-filament-de-polypropylene\/"},"modified":"2026-05-14T08:03:29","modified_gmt":"2026-05-14T06:03:29","slug":"treed-pp-t15-filament-de-polypropylene","status":"publish","type":"product","link":"https:\/\/3d-edu.ch\/fr\/boutique\/treed-pp-t15-filament-de-polypropylene\/","title":{"rendered":"Treed PP-T15 \/ Filament de polypropyl\u00e8ne"},"content":{"rendered":"<h2>Treed PP-T15 \/ Filament polypropyl\u00e8ne 0,75 kg<\/h2>\n<h3>Inclus dans la livraison<\/h3>\n<ul>\n<li>1 bobine de filament Treed PP-T15 \/ polypropyl\u00e8ne 0,75 kg<\/li>\n<\/ul>\n<hr \/>\n<p><strong>Treed PP-T15 \/ Filament de polypropyl\u00e8ne<\/strong><\/p>\n<p>Le filament Treed Treed PP-T15 \/ polypropyl\u00e8ne est un filament PP industriel. Il poss\u00e8de une r\u00e9sistance m\u00e9canique et une t\u00e9nacit\u00e9 tr\u00e8s \u00e9lev\u00e9es. Ce mat\u00e9riau est r\u00e9sistant \u00e0 l&rsquo;usure et aux produits chimiques. Avec ce filament PP, vous conservez jusqu&rsquo;\u00e0 95% des caract\u00e9ristiques d&rsquo;un composant moul\u00e9 par injection. Il est inodore et facile \u00e0 utiliser pour l&rsquo;impression 3D.<\/p>\n<div class=\"accordion\">\n\t<div id=\"accordion-280780079\" class=\"accordion-item\">\n\t\t<a id=\"accordion-280780079-label\" class=\"accordion-title plain\" href=\"#accordion-item-plus-d&#039;informations\" aria-expanded=\"false\" aria-controls=\"accordion-280780079-content\">\n\t\t\t<button class=\"toggle\" aria-label=\"Basculer\"><i class=\"icon-angle-down\" aria-hidden=\"true\"><\/i><\/button>\n\t\t\t<span>Plus d&#039;informations<\/span>\n\t\t<\/a>\n\t\t<div id=\"accordion-280780079-content\" class=\"accordion-inner\" aria-labelledby=\"accordion-280780079-label\">\n\t\t\t\n<p><strong>Recommandations d&rsquo;impression<\/strong><\/p>\n<table>\n<tbody>\n<tr>\n<td>Taille du bec : \u2265 0.4mm<\/td>\n<td>Hauteur de la couche : -<\/td>\n<td>D\u00e9bit : -<\/td>\n<\/tr>\n<tr>\n<td>Temp\u00e9rature d&rsquo;impression : \u00b1 255 - 265\u00b0C<\/td>\n<td>Vitesse d&rsquo;impression : 35 - 50mm\/s<\/td>\n<td>R\u00e9traction : -<\/td>\n<\/tr>\n<tr>\n<td>Condition de chaleur : \u00b1 70\u00b0C<\/td>\n<td>Vitesse du ventilateur : 0 - 50%<\/td>\n<td>Niveau d&rsquo;exp\u00e9rience : Interm\u00e9diaire<\/td>\n<\/tr>\n<\/tbody>\n<\/table>\n<p><strong>Environnement de travail<\/strong><\/p>\n<p>Conservez le support dans une bo\u00eete s\u00e8che afin d&rsquo;\u00e9viter l&rsquo;absorption d&rsquo;humidit\u00e9 par l&rsquo;air. L&rsquo;absorption d&rsquo;humidit\u00e9 peut affecter la qualit\u00e9 et les performances du mat\u00e9riau. Essayez de garder le filament aussi sec que possible, m\u00eame pendant l&rsquo;impression, par exemple \u00e0 l&rsquo;aide d&rsquo;une \u00ab\u00a0Filament Dry Box\u00a0\u00bb.<br \/>\n\t\t<\/div>\n\t<\/div>\n\t\n<\/div>\n","protected":false},"excerpt":{"rendered":"<h3>Treed PP-T15 \/ Filament polypropyl\u00e8ne en bobine de 0,75 kg<\/h3>\n<p>Le filament Treed PP-T15 \/ polypropyl\u00e8ne est un filament PP industriel. Il poss\u00e8de une r\u00e9sistance m\u00e9canique et une t\u00e9nacit\u00e9 tr\u00e8s \u00e9lev\u00e9es. Ce mat\u00e9riau est r\u00e9sistant \u00e0 l&rsquo;usure et aux produits chimiques.  <\/p>\n<table>\n<tbody>\n<tr>\n<td width=\"100\">Fabricant<\/td>\n<td>Treed Filaments<\/td>\n<\/tr>\n<tr>\n<td>Taille de la bobine<\/td>\n<td>0,75 kg<\/td>\n<\/tr>\n<tr>\n<td>Diam\u00e8tre<\/td>\n<td>1,75 mm<\/td>\n<\/tr>\n<tr>\n<td>Couleur<\/td>\n<td>Naturel<\/td>\n<\/tr>\n<\/tbody>\n<\/table>\n","protected":false},"featured_media":40847,"comment_status":"closed","ping_status":"closed","template":"","meta":[],"product_brand":[],"product_cat":[10398,10392],"product_tag":[8571,9403,8343],"class_list":{"0":"post-77445","1":"product","2":"type-product","3":"status-publish","4":"has-post-thumbnail","6":"product_cat-bourse","7":"product_cat-filament-pp","8":"product_tag-filament-de-polypropylene","9":"product_tag-filament-pp","10":"product_tag-treed","12":"first","13":"instock","14":"sale","15":"taxable","16":"shipping-taxable","17":"purchasable","18":"product-type-simple"},"yoast_head":"<!-- This site is optimized with the Yoast SEO Premium plugin v27.5 (Yoast SEO v27.5) - https:\/\/yoast.com\/product\/yoast-seo-premium-wordpress\/ -->\n<title>Acheter du filament Treed PP-T15 \/ polypropyl\u00e8ne | 3D-EDU GmbH<\/title>\n<meta name=\"robots\" content=\"index, follow, max-snippet:-1, max-image-preview:large, max-video-preview:-1\" \/>\n<link rel=\"canonical\" href=\"https:\/\/3d-edu.ch\/fr\/boutique\/treed-pp-t15-filament-de-polypropylene\/\" \/>\n<meta property=\"og:locale\" content=\"fr_FR\" \/>\n<meta property=\"og:type\" content=\"article\" \/>\n<meta property=\"og:title\" content=\"Treed PP-T15 \/ Filament de polypropyl\u00e8ne\" \/>\n<meta property=\"og:description\" content=\"Treed PP-T15 \/ Filament polypropyl\u00e8ne en bobine de 0,75 kg Le filament Treed PP-T15 \/ polypropyl\u00e8ne est un filament PP industriel. Il poss\u00e8de une r\u00e9sistance m\u00e9canique et une t\u00e9nacit\u00e9 tr\u00e8s \u00e9lev\u00e9es. Ce mat\u00e9riau est r\u00e9sistant \u00e0 l&#039;usure et aux produits chimiques.    Fabricant Treed Filaments  Taille de la bobine 0,75 kg  Diam\u00e8tre 1,75 mm  Couleur Naturel\" \/>\n<meta property=\"og:url\" content=\"https:\/\/3d-edu.ch\/fr\/boutique\/treed-pp-t15-filament-de-polypropylene\/\" \/>\n<meta property=\"og:site_name\" content=\"3D-EDU GmbH\" \/>\n<meta property=\"article:publisher\" content=\"https:\/\/www.facebook.com\/3d-educh-210277586064960\/\" \/>\n<meta property=\"article:modified_time\" content=\"2026-05-14T06:03:29+00:00\" \/>\n<meta property=\"og:image\" content=\"https:\/\/3d-edu.ch\/wp-content\/uploads\/2020\/05\/treed-pp-p-lene-t15-filament.jpg\" \/>\n\t<meta property=\"og:image:width\" content=\"380\" \/>\n\t<meta property=\"og:image:height\" content=\"380\" \/>\n\t<meta property=\"og:image:type\" content=\"image\/jpeg\" \/>\n<meta name=\"twitter:card\" content=\"summary_large_image\" \/>\n<meta name=\"twitter:site\" content=\"@3d_edu_ch\" \/>\n<meta name=\"twitter:label1\" content=\"Prix\" \/>\n\t<meta name=\"twitter:data1\" content=\"30.00&nbsp;&#067;&#072;&#070; hors TVA\" \/>\n\t<meta name=\"twitter:label2\" content=\"Disponibilit\u00e9\" \/>\n\t<meta name=\"twitter:data2\" content=\"En stock\" \/>\n<script type=\"application\/ld+json\" class=\"yoast-schema-graph\">{\"@context\":\"https:\\\/\\\/schema.org\",\"@graph\":[{\"@type\":\"WebPage\",\"@id\":\"https:\\\/\\\/3d-edu.ch\\\/fr\\\/boutique\\\/treed-pp-t15-filament-de-polypropylene\\\/\",\"url\":\"https:\\\/\\\/3d-edu.ch\\\/fr\\\/boutique\\\/treed-pp-t15-filament-de-polypropylene\\\/\",\"name\":\"Acheter du filament Treed PP-T15 \\\/ polypropyl\u00e8ne | 3D-EDU GmbH\",\"isPartOf\":{\"@id\":\"https:\\\/\\\/3d-edu.ch\\\/fr\\\/#website\"},\"primaryImageOfPage\":{\"@id\":\"https:\\\/\\\/3d-edu.ch\\\/fr\\\/boutique\\\/treed-pp-t15-filament-de-polypropylene\\\/#primaryimage\"},\"image\":{\"@id\":\"https:\\\/\\\/3d-edu.ch\\\/fr\\\/boutique\\\/treed-pp-t15-filament-de-polypropylene\\\/#primaryimage\"},\"thumbnailUrl\":\"https:\\\/\\\/3d-edu.ch\\\/wp-content\\\/uploads\\\/2020\\\/05\\\/treed-pp-p-lene-t15-filament.jpg\",\"datePublished\":\"2020-05-10T11:24:57+00:00\",\"dateModified\":\"2026-05-14T06:03:29+00:00\",\"breadcrumb\":{\"@id\":\"https:\\\/\\\/3d-edu.ch\\\/fr\\\/boutique\\\/treed-pp-t15-filament-de-polypropylene\\\/#breadcrumb\"},\"inLanguage\":\"fr-FR\",\"potentialAction\":[{\"@type\":\"ReadAction\",\"target\":[\"https:\\\/\\\/3d-edu.ch\\\/fr\\\/boutique\\\/treed-pp-t15-filament-de-polypropylene\\\/\"]}]},{\"@type\":\"ImageObject\",\"inLanguage\":\"fr-FR\",\"@id\":\"https:\\\/\\\/3d-edu.ch\\\/fr\\\/boutique\\\/treed-pp-t15-filament-de-polypropylene\\\/#primaryimage\",\"url\":\"https:\\\/\\\/3d-edu.ch\\\/wp-content\\\/uploads\\\/2020\\\/05\\\/treed-pp-p-lene-t15-filament.jpg\",\"contentUrl\":\"https:\\\/\\\/3d-edu.ch\\\/wp-content\\\/uploads\\\/2020\\\/05\\\/treed-pp-p-lene-t15-filament.jpg\",\"width\":380,\"height\":380,\"caption\":\"Treed PP P-Lene T15 Filament\"},{\"@type\":\"BreadcrumbList\",\"@id\":\"https:\\\/\\\/3d-edu.ch\\\/fr\\\/boutique\\\/treed-pp-t15-filament-de-polypropylene\\\/#breadcrumb\",\"itemListElement\":[{\"@type\":\"ListItem\",\"position\":1,\"name\":\"Accueil\",\"item\":\"https:\\\/\\\/3d-edu.ch\\\/fr\\\/\"},{\"@type\":\"ListItem\",\"position\":2,\"name\":\"Boutique\",\"item\":\"https:\\\/\\\/3d-edu.ch\\\/fr\\\/boutique\\\/\"},{\"@type\":\"ListItem\",\"position\":3,\"name\":\"Treed PP-T15 \\\/ Filament de polypropyl\u00e8ne\"}]},{\"@type\":\"WebSite\",\"@id\":\"https:\\\/\\\/3d-edu.ch\\\/fr\\\/#website\",\"url\":\"https:\\\/\\\/3d-edu.ch\\\/fr\\\/\",\"name\":\"3D-EDU GmbH\",\"description\":\"Your Formlabs, UltiMaker and Raise3D Printer Support and Education Site in Switzerland. \\\/\\\/ Ihre Formlabs, UltiMaker and Raise3D Drucker Support und Bildungs Webseite der Schweiz.\",\"publisher\":{\"@id\":\"https:\\\/\\\/3d-edu.ch\\\/fr\\\/#organization\"},\"potentialAction\":[{\"@type\":\"SearchAction\",\"target\":{\"@type\":\"EntryPoint\",\"urlTemplate\":\"https:\\\/\\\/3d-edu.ch\\\/fr\\\/?s={search_term_string}\"},\"query-input\":{\"@type\":\"PropertyValueSpecification\",\"valueRequired\":true,\"valueName\":\"search_term_string\"}}],\"inLanguage\":\"fr-FR\"},{\"@type\":[\"Organization\",\"Place\",\"ElectronicsStore\"],\"@id\":\"https:\\\/\\\/3d-edu.ch\\\/fr\\\/#organization\",\"name\":\"3D-EDU GmbH\",\"url\":\"https:\\\/\\\/3d-edu.ch\\\/fr\\\/\",\"logo\":{\"@id\":\"https:\\\/\\\/3d-edu.ch\\\/fr\\\/boutique\\\/treed-pp-t15-filament-de-polypropylene\\\/#local-main-organization-logo\"},\"image\":{\"@id\":\"https:\\\/\\\/3d-edu.ch\\\/fr\\\/boutique\\\/treed-pp-t15-filament-de-polypropylene\\\/#local-main-organization-logo\"},\"sameAs\":[\"https:\\\/\\\/www.facebook.com\\\/3d-educh-210277586064960\\\/\",\"https:\\\/\\\/x.com\\\/3d_edu_ch\"],\"address\":{\"@id\":\"https:\\\/\\\/3d-edu.ch\\\/fr\\\/boutique\\\/treed-pp-t15-filament-de-polypropylene\\\/#local-main-place-address\"},\"geo\":{\"@type\":\"GeoCoordinates\",\"latitude\":\"47.38413\",\"longitude\":\"8.49812\"},\"telephone\":[\"+41 44 492 11 22\"],\"openingHoursSpecification\":[{\"@type\":\"OpeningHoursSpecification\",\"dayOfWeek\":[\"Monday\",\"Tuesday\",\"Wednesday\",\"Thursday\",\"Friday\"],\"opens\":\"08:30\",\"closes\":\"18:00\"},{\"@type\":\"OpeningHoursSpecification\",\"dayOfWeek\":[\"Saturday\",\"Sunday\"],\"opens\":\"00:00\",\"closes\":\"00:00\"}],\"email\":\"info@3d-edu.ch\",\"faxNumber\":\"+41 44 492 11 23\",\"vatID\":\"CHE-184.499.491 MWST\",\"priceRange\":\"$$$\",\"currenciesAccepted\":\"CHF\"},{\"@type\":\"PostalAddress\",\"@id\":\"https:\\\/\\\/3d-edu.ch\\\/fr\\\/boutique\\\/treed-pp-t15-filament-de-polypropylene\\\/#local-main-place-address\",\"streetAddress\":\"3D-EDU GmbH, Badenerstrasse 556\",\"addressLocality\":\"Z\u00fcrich\",\"postalCode\":\"8048\",\"addressRegion\":\"Z\u00fcrich\",\"addressCountry\":\"CH\"},{\"@type\":\"ImageObject\",\"inLanguage\":\"fr-FR\",\"@id\":\"https:\\\/\\\/3d-edu.ch\\\/fr\\\/boutique\\\/treed-pp-t15-filament-de-polypropylene\\\/#local-main-organization-logo\",\"url\":\"https:\\\/\\\/3d-edu.ch\\\/wp-content\\\/uploads\\\/2018\\\/10\\\/3d-drucker-makerbot-formlabs-professionelle-3d-drucker-e1546527990490.png\",\"contentUrl\":\"https:\\\/\\\/3d-edu.ch\\\/wp-content\\\/uploads\\\/2018\\\/10\\\/3d-drucker-makerbot-formlabs-professionelle-3d-drucker-e1546527990490.png\",\"width\":275,\"height\":80,\"caption\":\"3D-EDU GmbH\"}]}<\/script>\n<meta property=\"product:brand\" content=\"Bourse\" \/>\n<meta property=\"product:price:amount\" content=\"30.00\" \/>\n<meta property=\"product:price:currency\" content=\"CHF\" \/>\n<meta property=\"og:availability\" content=\"instock\" \/>\n<meta property=\"product:availability\" content=\"instock\" \/>\n<meta property=\"product:retailer_item_id\" content=\"P-LENE-T15\" \/>\n<meta property=\"product:condition\" content=\"new\" \/>\n<meta name=\"geo.placename\" content=\"Z\u00fcrich\" \/>\n<meta name=\"geo.position\" content=\"47.38413;8.49812\" \/>\n<meta name=\"geo.region\" content=\"Suisse\" \/>\n<!-- \/ Yoast SEO Premium plugin. -->","yoast_head_json":{"title":"Acheter du filament Treed PP-T15 \/ polypropyl\u00e8ne | 3D-EDU GmbH","robots":{"index":"index","follow":"follow","max-snippet":"max-snippet:-1","max-image-preview":"max-image-preview:large","max-video-preview":"max-video-preview:-1"},"canonical":"https:\/\/3d-edu.ch\/fr\/boutique\/treed-pp-t15-filament-de-polypropylene\/","og_locale":"fr_FR","og_type":"article","og_title":"Treed PP-T15 \/ Filament de polypropyl\u00e8ne","og_description":"Treed PP-T15 \/ Filament polypropyl\u00e8ne en bobine de 0,75 kg Le filament Treed PP-T15 \/ polypropyl\u00e8ne est un filament PP industriel. Il poss\u00e8de une r\u00e9sistance m\u00e9canique et une t\u00e9nacit\u00e9 tr\u00e8s \u00e9lev\u00e9es. Ce mat\u00e9riau est r\u00e9sistant \u00e0 l'usure et aux produits chimiques.    Fabricant Treed Filaments  Taille de la bobine 0,75 kg  Diam\u00e8tre 1,75 mm  Couleur Naturel","og_url":"https:\/\/3d-edu.ch\/fr\/boutique\/treed-pp-t15-filament-de-polypropylene\/","og_site_name":"3D-EDU GmbH","article_publisher":"https:\/\/www.facebook.com\/3d-educh-210277586064960\/","article_modified_time":"2026-05-14T06:03:29+00:00","og_image":[{"width":380,"height":380,"url":"https:\/\/3d-edu.ch\/wp-content\/uploads\/2020\/05\/treed-pp-p-lene-t15-filament.jpg","type":"image\/jpeg"}],"twitter_card":"summary_large_image","twitter_site":"@3d_edu_ch","twitter_misc":{"Prix":"30.00&nbsp;&#67;&#72;&#70; hors TVA","Disponibilit\u00e9":"En stock"},"schema":{"@context":"https:\/\/schema.org","@graph":[{"@type":"WebPage","@id":"https:\/\/3d-edu.ch\/fr\/boutique\/treed-pp-t15-filament-de-polypropylene\/","url":"https:\/\/3d-edu.ch\/fr\/boutique\/treed-pp-t15-filament-de-polypropylene\/","name":"Acheter du filament Treed PP-T15 \/ polypropyl\u00e8ne | 3D-EDU GmbH","isPartOf":{"@id":"https:\/\/3d-edu.ch\/fr\/#website"},"primaryImageOfPage":{"@id":"https:\/\/3d-edu.ch\/fr\/boutique\/treed-pp-t15-filament-de-polypropylene\/#primaryimage"},"image":{"@id":"https:\/\/3d-edu.ch\/fr\/boutique\/treed-pp-t15-filament-de-polypropylene\/#primaryimage"},"thumbnailUrl":"https:\/\/3d-edu.ch\/wp-content\/uploads\/2020\/05\/treed-pp-p-lene-t15-filament.jpg","datePublished":"2020-05-10T11:24:57+00:00","dateModified":"2026-05-14T06:03:29+00:00","breadcrumb":{"@id":"https:\/\/3d-edu.ch\/fr\/boutique\/treed-pp-t15-filament-de-polypropylene\/#breadcrumb"},"inLanguage":"fr-FR","potentialAction":[{"@type":"ReadAction","target":["https:\/\/3d-edu.ch\/fr\/boutique\/treed-pp-t15-filament-de-polypropylene\/"]}]},{"@type":"ImageObject","inLanguage":"fr-FR","@id":"https:\/\/3d-edu.ch\/fr\/boutique\/treed-pp-t15-filament-de-polypropylene\/#primaryimage","url":"https:\/\/3d-edu.ch\/wp-content\/uploads\/2020\/05\/treed-pp-p-lene-t15-filament.jpg","contentUrl":"https:\/\/3d-edu.ch\/wp-content\/uploads\/2020\/05\/treed-pp-p-lene-t15-filament.jpg","width":380,"height":380,"caption":"Treed PP P-Lene T15 Filament"},{"@type":"BreadcrumbList","@id":"https:\/\/3d-edu.ch\/fr\/boutique\/treed-pp-t15-filament-de-polypropylene\/#breadcrumb","itemListElement":[{"@type":"ListItem","position":1,"name":"Accueil","item":"https:\/\/3d-edu.ch\/fr\/"},{"@type":"ListItem","position":2,"name":"Boutique","item":"https:\/\/3d-edu.ch\/fr\/boutique\/"},{"@type":"ListItem","position":3,"name":"Treed PP-T15 \/ Filament de polypropyl\u00e8ne"}]},{"@type":"WebSite","@id":"https:\/\/3d-edu.ch\/fr\/#website","url":"https:\/\/3d-edu.ch\/fr\/","name":"3D-EDU GmbH","description":"Your Formlabs, UltiMaker and Raise3D Printer Support and Education Site in Switzerland. \/\/ Ihre Formlabs, UltiMaker and Raise3D Drucker Support und Bildungs Webseite der Schweiz.","publisher":{"@id":"https:\/\/3d-edu.ch\/fr\/#organization"},"potentialAction":[{"@type":"SearchAction","target":{"@type":"EntryPoint","urlTemplate":"https:\/\/3d-edu.ch\/fr\/?s={search_term_string}"},"query-input":{"@type":"PropertyValueSpecification","valueRequired":true,"valueName":"search_term_string"}}],"inLanguage":"fr-FR"},{"@type":["Organization","Place","ElectronicsStore"],"@id":"https:\/\/3d-edu.ch\/fr\/#organization","name":"3D-EDU GmbH","url":"https:\/\/3d-edu.ch\/fr\/","logo":{"@id":"https:\/\/3d-edu.ch\/fr\/boutique\/treed-pp-t15-filament-de-polypropylene\/#local-main-organization-logo"},"image":{"@id":"https:\/\/3d-edu.ch\/fr\/boutique\/treed-pp-t15-filament-de-polypropylene\/#local-main-organization-logo"},"sameAs":["https:\/\/www.facebook.com\/3d-educh-210277586064960\/","https:\/\/x.com\/3d_edu_ch"],"address":{"@id":"https:\/\/3d-edu.ch\/fr\/boutique\/treed-pp-t15-filament-de-polypropylene\/#local-main-place-address"},"geo":{"@type":"GeoCoordinates","latitude":"47.38413","longitude":"8.49812"},"telephone":["+41 44 492 11 22"],"openingHoursSpecification":[{"@type":"OpeningHoursSpecification","dayOfWeek":["Monday","Tuesday","Wednesday","Thursday","Friday"],"opens":"08:30","closes":"18:00"},{"@type":"OpeningHoursSpecification","dayOfWeek":["Saturday","Sunday"],"opens":"00:00","closes":"00:00"}],"email":"info@3d-edu.ch","faxNumber":"+41 44 492 11 23","vatID":"CHE-184.499.491 MWST","priceRange":"$$$","currenciesAccepted":"CHF"},{"@type":"PostalAddress","@id":"https:\/\/3d-edu.ch\/fr\/boutique\/treed-pp-t15-filament-de-polypropylene\/#local-main-place-address","streetAddress":"3D-EDU GmbH, Badenerstrasse 556","addressLocality":"Z\u00fcrich","postalCode":"8048","addressRegion":"Z\u00fcrich","addressCountry":"CH"},{"@type":"ImageObject","inLanguage":"fr-FR","@id":"https:\/\/3d-edu.ch\/fr\/boutique\/treed-pp-t15-filament-de-polypropylene\/#local-main-organization-logo","url":"https:\/\/3d-edu.ch\/wp-content\/uploads\/2018\/10\/3d-drucker-makerbot-formlabs-professionelle-3d-drucker-e1546527990490.png","contentUrl":"https:\/\/3d-edu.ch\/wp-content\/uploads\/2018\/10\/3d-drucker-makerbot-formlabs-professionelle-3d-drucker-e1546527990490.png","width":275,"height":80,"caption":"3D-EDU GmbH"}]},"product_brand":"Bourse","product_price_amount":"30.00","product_price_currency":"CHF","og_availability":"instock","product_availability":"instock","product_retailer_item_id":"P-LENE-T15","product_condition":"new","geo.placename":"Z\u00fcrich","geo.position":{"lat":"47.38413","long":"8.49812"},"geo.region":"Suisse"},"_links":{"self":[{"href":"https:\/\/3d-edu.ch\/fr\/wp-json\/wp\/v2\/product\/77445","targetHints":{"allow":["GET"]}}],"collection":[{"href":"https:\/\/3d-edu.ch\/fr\/wp-json\/wp\/v2\/product"}],"about":[{"href":"https:\/\/3d-edu.ch\/fr\/wp-json\/wp\/v2\/types\/product"}],"replies":[{"embeddable":true,"href":"https:\/\/3d-edu.ch\/fr\/wp-json\/wp\/v2\/comments?post=77445"}],"wp:featuredmedia":[{"embeddable":true,"href":"https:\/\/3d-edu.ch\/fr\/wp-json\/wp\/v2\/media\/40847"}],"wp:attachment":[{"href":"https:\/\/3d-edu.ch\/fr\/wp-json\/wp\/v2\/media?parent=77445"}],"wp:term":[{"taxonomy":"product_brand","embeddable":true,"href":"https:\/\/3d-edu.ch\/fr\/wp-json\/wp\/v2\/product_brand?post=77445"},{"taxonomy":"product_cat","embeddable":true,"href":"https:\/\/3d-edu.ch\/fr\/wp-json\/wp\/v2\/product_cat?post=77445"},{"taxonomy":"product_tag","embeddable":true,"href":"https:\/\/3d-edu.ch\/fr\/wp-json\/wp\/v2\/product_tag?post=77445"}],"curies":[{"name":"wp","href":"https:\/\/api.w.org\/{rel}","templated":true}]}}