{"id":77426,"date":"2020-05-27T09:59:06","date_gmt":"2020-05-27T07:59:06","guid":{"rendered":"https:\/\/3d-edu.ch\/shop\/materiau-de-specialite-makerbot-nylon\/"},"modified":"2026-04-22T11:00:24","modified_gmt":"2026-04-22T09:00:24","slug":"materiau-de-specialite-makerbot-nylon","status":"publish","type":"product","link":"https:\/\/3d-edu.ch\/fr\/boutique\/materiau-de-specialite-makerbot-nylon\/","title":{"rendered":"Mat\u00e9riau de sp\u00e9cialit\u00e9 MakerBot Nylon"},"content":{"rendered":"<h2>MakerBot Nylon Specialty Filament 0.75 kg Smart Spool<\/h2>\n<h3>Inclus dans la livraison<\/h3>\n<ul>\n<li>1 filament Smart Spool&#x2122; MakerBot Nylon Specialty 0.75 kg<\/li>\n<\/ul>\n<hr \/>\n<p><strong>Mat\u00e9riau de sp\u00e9cialit\u00e9 MakerBot Nylon pour MakerBot Method-Series<\/strong><\/p>\n<p>Imprimez du nylon pour des prototypes fonctionnels et des pi\u00e8ces finales qui doivent \u00eatre durables et r\u00e9sistantes.<\/p>\n<hr \/>\n<p><strong>Compatibilit\u00e9<\/strong><\/p>\n<p>Imprimante :<\/p>\n<p>Le filament MakerBot Nylon Specialty est compatible avec le<\/p>\n<ul>\n<li><a href=\"\/makerbot\/makerbot-3d-drucker\/makerbot-method\/\">M\u00e9thode Makerbot<\/a><\/li>\n<li><a href=\"\/makerbot\/makerbot-3d-drucker\/makerbot-method-x\/\">Makerbot Method X<\/a><\/li>\n<\/ul>\n<p>Mat\u00e9riel de support :<\/p>\n<p>Le filament MakerBot Nylon Specialty est compatible avec le<\/p>\n<ul>\n<li><a href=\"https:\/\/3d-edu.ch\/fr\/boutique\/makerbot-pva-materiau-de-precision\/\">Makerbot PVA<\/a><\/li>\n<\/ul>\n<p>Logiciel :<\/p>\n<p>Pour utiliser le mat\u00e9riau MakerBot Nylon Specialty, le logiciel <a href=\"\/makerbot\/makerbot-apps\/makerbot-print\/\"><em>MakerBot Print<\/em><\/a> est n\u00e9cessaire.<\/p>\n<div class=\"accordion\">\n\t<div id=\"accordion-2967462868\" class=\"accordion-item\">\n\t\t<a id=\"accordion-2967462868-label\" class=\"accordion-title plain\" href=\"#accordion-item-plus-d&#039;informations\" aria-expanded=\"false\" aria-controls=\"accordion-2967462868-content\">\n\t\t\t<button class=\"toggle\" aria-label=\"Basculer\"><i class=\"icon-angle-down\" aria-hidden=\"true\"><\/i><\/button>\n\t\t\t<span>Plus d&#039;informations<\/span>\n\t\t<\/a>\n\t\t<div id=\"accordion-2967462868-content\" class=\"accordion-inner\" aria-labelledby=\"accordion-2967462868-label\">\n\t\t\t\n<p>Sp\u00e9cifications<\/p>\n<ul>\n<li>Diam\u00e8tre du filament : 1,75 mm<\/li>\n<li>Diam\u00e8tre des bobines : 218 mm<\/li>\n<li>Largeur des bobines : 42 mm<\/li>\n<li>Poids d&rsquo;exp\u00e9dition : 1 kg<\/li>\n<li>Poids net : 0.75 kg<\/li>\n<\/ul>\n<hr \/>\n<p><strong>Type de bobine<\/strong><br \/>\nLa Smart Spool&#x2122; fournit de pr\u00e9cieuses informations sur le type de mat\u00e9riau, la couleur et la quantit\u00e9 restante directement au logiciel MakerBot Print via une puce RFID. Un dessiccateur dans la bobine permet \u00e9galement de maintenir un faible taux d&rsquo;humidit\u00e9 dans le bac \u00e0 mat\u00e9riaux de l&rsquo;imprimante 3D MakerBot Method. <\/p>\n<p><strong>Environnement de travail<\/strong><br \/>\nConservez le support MakerBot Nylon Specialty dans le sac en polyester fourni pour \u00e9viter l&rsquo;absorption d&rsquo;humidit\u00e9 par l&rsquo;air. L&rsquo;absorption d&rsquo;humidit\u00e9 peut affecter la qualit\u00e9 du mat\u00e9riau et ses performances. Assurez-vous que le d\u00e9shydratant int\u00e9gr\u00e9 se trouve dans la bobine pour absorber l&rsquo;humidit\u00e9 pendant le chargement du mat\u00e9riau.  <\/p>\n<p><a href=\"https:\/\/3d-edu.ch\/fr\/makerbot\/filament-makerbot\/materiaux-makerbot-method\/\">Plus d&rsquo;informations sur les produits<\/a><\/p>\n\t\t<\/div>\n\t<\/div>\n\t\n<\/div>\n","protected":false},"excerpt":{"rendered":"<h3>MakerBot Nylon Specialty Filament pour MakerBot Method &amp; Method X en 0.75 kg Smart Spool&#x2122;<\/h3>\n<p>Le mat\u00e9riau MakerBot Nylon Specialty est un filament de nylon\/PA. Sa r\u00e9sistance \u00e0 l&rsquo;abrasion et \u00e0 la temp\u00e9rature le rend id\u00e9al pour les applications techniques telles que les engrenages ou les dispositifs \u00e0 mouvements r\u00e9p\u00e9titifs ou \u00e0 force appliqu\u00e9e. <\/p>\n<table>\n<tbody>\n<tr>\n<td width=\"100\">Fabricant<\/td>\n<td>MakerBot<\/td>\n<\/tr>\n<tr>\n<td>Taille de la bobine<\/td>\n<td>0,75 kg<\/td>\n<\/tr>\n<tr>\n<td>Diam\u00e8tre<\/td>\n<td>1,75 mm<\/td>\n<\/tr>\n<\/tbody>\n<\/table>\n","protected":false},"featured_media":62130,"comment_status":"closed","ping_status":"closed","template":"","meta":[],"product_brand":[],"product_cat":[7866,7923],"product_tag":[8835,8822,9399,8185,8188,8189],"class_list":{"0":"post-77426","1":"product","2":"type-product","3":"status-publish","4":"has-post-thumbnail","6":"product_cat-filament-de-nylon-pa-fr","7":"product_cat-materiaux-pour-method-fr","8":"product_tag-filament-de-nylon","9":"product_tag-filament-makerbot","10":"product_tag-filament-pa","11":"product_tag-makerbot","12":"product_tag-methode","13":"product_tag-methode-x","14":"yith_product_brand-ultimaker","16":"first","17":"instock","18":"taxable","19":"shipping-taxable","20":"purchasable","21":"product-type-simple"},"yoast_head":"<!-- This site is optimized with the Yoast SEO Premium plugin v27.4 (Yoast SEO v27.4) - https:\/\/yoast.com\/product\/yoast-seo-premium-wordpress\/ -->\n<title>Mat\u00e9riau de sp\u00e9cialit\u00e9 MakerBot Nylon %%page% commander en ligne maintenant - 3D-EDU GmbH<\/title>\n<meta name=\"robots\" content=\"index, follow, max-snippet:-1, max-image-preview:large, max-video-preview:-1\" \/>\n<link rel=\"canonical\" href=\"https:\/\/3d-edu.ch\/fr\/boutique\/materiau-de-specialite-makerbot-nylon\/\" \/>\n<meta property=\"og:locale\" content=\"fr_FR\" \/>\n<meta property=\"og:type\" content=\"article\" \/>\n<meta property=\"og:title\" content=\"Mat\u00e9riau de sp\u00e9cialit\u00e9 MakerBot Nylon\" \/>\n<meta property=\"og:description\" content=\"MakerBot Nylon Specialty Filament pour MakerBot Method &amp; Method X en 0.75 kg Smart Spool&#x2122; Le mat\u00e9riau MakerBot Nylon Specialty est un filament de nylon\/PA. Sa r\u00e9sistance \u00e0 l&#039;abrasion et \u00e0 la temp\u00e9rature le rend id\u00e9al pour les applications techniques telles que les engrenages ou les dispositifs \u00e0 mouvements r\u00e9p\u00e9titifs ou \u00e0 force appliqu\u00e9e.   Fabricant MakerBot  Taille de la bobine 0,75 kg  Diam\u00e8tre 1,75 mm\" \/>\n<meta property=\"og:url\" content=\"https:\/\/3d-edu.ch\/fr\/boutique\/materiau-de-specialite-makerbot-nylon\/\" \/>\n<meta property=\"og:site_name\" content=\"3D-EDU GmbH\" \/>\n<meta property=\"article:publisher\" content=\"https:\/\/www.facebook.com\/3d-educh-210277586064960\/\" \/>\n<meta property=\"article:modified_time\" content=\"2026-04-22T09:00:24+00:00\" \/>\n<meta property=\"og:image\" content=\"https:\/\/3d-edu.ch\/wp-content\/uploads\/2020\/05\/makerbot-nylon-specialty-filament-for-method.jpg\" \/>\n\t<meta property=\"og:image:width\" content=\"380\" \/>\n\t<meta property=\"og:image:height\" content=\"380\" \/>\n\t<meta property=\"og:image:type\" content=\"image\/jpeg\" \/>\n<meta name=\"twitter:card\" content=\"summary_large_image\" \/>\n<meta name=\"twitter:site\" content=\"@3d_edu_ch\" \/>\n<meta name=\"twitter:label1\" content=\"Prix\" \/>\n\t<meta name=\"twitter:data1\" content=\"66.39&nbsp;&#067;&#072;&#070; hors TVA\" \/>\n\t<meta name=\"twitter:label2\" content=\"Disponibilit\u00e9\" \/>\n\t<meta name=\"twitter:data2\" content=\"En stock\" \/>\n<script type=\"application\/ld+json\" class=\"yoast-schema-graph\">{\"@context\":\"https:\\\/\\\/schema.org\",\"@graph\":[{\"@type\":\"WebPage\",\"@id\":\"https:\\\/\\\/3d-edu.ch\\\/fr\\\/boutique\\\/materiau-de-specialite-makerbot-nylon\\\/\",\"url\":\"https:\\\/\\\/3d-edu.ch\\\/fr\\\/boutique\\\/materiau-de-specialite-makerbot-nylon\\\/\",\"name\":\"Mat\u00e9riau de sp\u00e9cialit\u00e9 MakerBot Nylon %%page% commander en ligne maintenant - 3D-EDU GmbH\",\"isPartOf\":{\"@id\":\"https:\\\/\\\/3d-edu.ch\\\/fr\\\/#website\"},\"primaryImageOfPage\":{\"@id\":\"https:\\\/\\\/3d-edu.ch\\\/fr\\\/boutique\\\/materiau-de-specialite-makerbot-nylon\\\/#primaryimage\"},\"image\":{\"@id\":\"https:\\\/\\\/3d-edu.ch\\\/fr\\\/boutique\\\/materiau-de-specialite-makerbot-nylon\\\/#primaryimage\"},\"thumbnailUrl\":\"https:\\\/\\\/3d-edu.ch\\\/wp-content\\\/uploads\\\/2020\\\/05\\\/makerbot-nylon-specialty-filament-for-method.jpg\",\"datePublished\":\"2020-05-27T07:59:06+00:00\",\"dateModified\":\"2026-04-22T09:00:24+00:00\",\"breadcrumb\":{\"@id\":\"https:\\\/\\\/3d-edu.ch\\\/fr\\\/boutique\\\/materiau-de-specialite-makerbot-nylon\\\/#breadcrumb\"},\"inLanguage\":\"fr-FR\",\"potentialAction\":[{\"@type\":\"ReadAction\",\"target\":[\"https:\\\/\\\/3d-edu.ch\\\/fr\\\/boutique\\\/materiau-de-specialite-makerbot-nylon\\\/\"]}]},{\"@type\":\"ImageObject\",\"inLanguage\":\"fr-FR\",\"@id\":\"https:\\\/\\\/3d-edu.ch\\\/fr\\\/boutique\\\/materiau-de-specialite-makerbot-nylon\\\/#primaryimage\",\"url\":\"https:\\\/\\\/3d-edu.ch\\\/wp-content\\\/uploads\\\/2020\\\/05\\\/makerbot-nylon-specialty-filament-for-method.jpg\",\"contentUrl\":\"https:\\\/\\\/3d-edu.ch\\\/wp-content\\\/uploads\\\/2020\\\/05\\\/makerbot-nylon-specialty-filament-for-method.jpg\",\"width\":380,\"height\":380,\"caption\":\"Mat\u00e9riau de sp\u00e9cialit\u00e9 MakerBot Nylon\"},{\"@type\":\"BreadcrumbList\",\"@id\":\"https:\\\/\\\/3d-edu.ch\\\/fr\\\/boutique\\\/materiau-de-specialite-makerbot-nylon\\\/#breadcrumb\",\"itemListElement\":[{\"@type\":\"ListItem\",\"position\":1,\"name\":\"Accueil\",\"item\":\"https:\\\/\\\/3d-edu.ch\\\/fr\\\/\"},{\"@type\":\"ListItem\",\"position\":2,\"name\":\"Boutique\",\"item\":\"https:\\\/\\\/3d-edu.ch\\\/fr\\\/boutique\\\/\"},{\"@type\":\"ListItem\",\"position\":3,\"name\":\"Mat\u00e9riau de sp\u00e9cialit\u00e9 MakerBot Nylon\"}]},{\"@type\":\"WebSite\",\"@id\":\"https:\\\/\\\/3d-edu.ch\\\/fr\\\/#website\",\"url\":\"https:\\\/\\\/3d-edu.ch\\\/fr\\\/\",\"name\":\"3D-EDU GmbH\",\"description\":\"Your Formlabs, UltiMaker and Raise3D Printer Support and Education Site in Switzerland. \\\/\\\/ Ihre Formlabs, UltiMaker and Raise3D Drucker Support und Bildungs Webseite der Schweiz.\",\"publisher\":{\"@id\":\"https:\\\/\\\/3d-edu.ch\\\/fr\\\/#organization\"},\"potentialAction\":[{\"@type\":\"SearchAction\",\"target\":{\"@type\":\"EntryPoint\",\"urlTemplate\":\"https:\\\/\\\/3d-edu.ch\\\/fr\\\/?s={search_term_string}\"},\"query-input\":{\"@type\":\"PropertyValueSpecification\",\"valueRequired\":true,\"valueName\":\"search_term_string\"}}],\"inLanguage\":\"fr-FR\"},{\"@type\":[\"Organization\",\"Place\",\"ElectronicsStore\"],\"@id\":\"https:\\\/\\\/3d-edu.ch\\\/fr\\\/#organization\",\"name\":\"3D-EDU GmbH\",\"url\":\"https:\\\/\\\/3d-edu.ch\\\/fr\\\/\",\"logo\":{\"@id\":\"https:\\\/\\\/3d-edu.ch\\\/fr\\\/boutique\\\/materiau-de-specialite-makerbot-nylon\\\/#local-main-organization-logo\"},\"image\":{\"@id\":\"https:\\\/\\\/3d-edu.ch\\\/fr\\\/boutique\\\/materiau-de-specialite-makerbot-nylon\\\/#local-main-organization-logo\"},\"sameAs\":[\"https:\\\/\\\/www.facebook.com\\\/3d-educh-210277586064960\\\/\",\"https:\\\/\\\/x.com\\\/3d_edu_ch\"],\"address\":{\"@id\":\"https:\\\/\\\/3d-edu.ch\\\/fr\\\/boutique\\\/materiau-de-specialite-makerbot-nylon\\\/#local-main-place-address\"},\"geo\":{\"@type\":\"GeoCoordinates\",\"latitude\":\"47.38413\",\"longitude\":\"8.49812\"},\"telephone\":[\"+41 44 492 11 22\"],\"openingHoursSpecification\":[{\"@type\":\"OpeningHoursSpecification\",\"dayOfWeek\":[\"Monday\",\"Tuesday\",\"Wednesday\",\"Thursday\",\"Friday\"],\"opens\":\"08:30\",\"closes\":\"18:00\"},{\"@type\":\"OpeningHoursSpecification\",\"dayOfWeek\":[\"Saturday\",\"Sunday\"],\"opens\":\"00:00\",\"closes\":\"00:00\"}],\"email\":\"info@3d-edu.ch\",\"faxNumber\":\"+41 44 492 11 23\",\"vatID\":\"CHE-184.499.491 MWST\",\"priceRange\":\"$$$\",\"currenciesAccepted\":\"CHF\"},{\"@type\":\"PostalAddress\",\"@id\":\"https:\\\/\\\/3d-edu.ch\\\/fr\\\/boutique\\\/materiau-de-specialite-makerbot-nylon\\\/#local-main-place-address\",\"streetAddress\":\"3D-EDU GmbH, Badenerstrasse 556\",\"addressLocality\":\"Z\u00fcrich\",\"postalCode\":\"8048\",\"addressRegion\":\"Z\u00fcrich\",\"addressCountry\":\"CH\"},{\"@type\":\"ImageObject\",\"inLanguage\":\"fr-FR\",\"@id\":\"https:\\\/\\\/3d-edu.ch\\\/fr\\\/boutique\\\/materiau-de-specialite-makerbot-nylon\\\/#local-main-organization-logo\",\"url\":\"https:\\\/\\\/3d-edu.ch\\\/wp-content\\\/uploads\\\/2018\\\/10\\\/3d-drucker-makerbot-formlabs-professionelle-3d-drucker-e1546527990490.png\",\"contentUrl\":\"https:\\\/\\\/3d-edu.ch\\\/wp-content\\\/uploads\\\/2018\\\/10\\\/3d-drucker-makerbot-formlabs-professionelle-3d-drucker-e1546527990490.png\",\"width\":275,\"height\":80,\"caption\":\"3D-EDU GmbH\"}]}<\/script>\n<meta property=\"product:brand\" content=\"Mat\u00e9riaux pour Method\" \/>\n<meta property=\"product:price:amount\" content=\"66.39\" \/>\n<meta property=\"product:price:currency\" content=\"CHF\" \/>\n<meta property=\"og:availability\" content=\"instock\" \/>\n<meta property=\"product:availability\" content=\"instock\" \/>\n<meta property=\"product:retailer_item_id\" content=\"375-0033A\" \/>\n<meta property=\"product:condition\" content=\"new\" \/>\n<meta name=\"geo.placename\" content=\"Z\u00fcrich\" \/>\n<meta name=\"geo.position\" content=\"47.38413;8.49812\" \/>\n<meta name=\"geo.region\" content=\"Suisse\" \/>\n<!-- \/ Yoast SEO Premium plugin. -->","yoast_head_json":{"title":"Mat\u00e9riau de sp\u00e9cialit\u00e9 MakerBot Nylon %%page% commander en ligne maintenant - 3D-EDU GmbH","robots":{"index":"index","follow":"follow","max-snippet":"max-snippet:-1","max-image-preview":"max-image-preview:large","max-video-preview":"max-video-preview:-1"},"canonical":"https:\/\/3d-edu.ch\/fr\/boutique\/materiau-de-specialite-makerbot-nylon\/","og_locale":"fr_FR","og_type":"article","og_title":"Mat\u00e9riau de sp\u00e9cialit\u00e9 MakerBot Nylon","og_description":"MakerBot Nylon Specialty Filament pour MakerBot Method &amp; Method X en 0.75 kg Smart Spool&#x2122; Le mat\u00e9riau MakerBot Nylon Specialty est un filament de nylon\/PA. Sa r\u00e9sistance \u00e0 l'abrasion et \u00e0 la temp\u00e9rature le rend id\u00e9al pour les applications techniques telles que les engrenages ou les dispositifs \u00e0 mouvements r\u00e9p\u00e9titifs ou \u00e0 force appliqu\u00e9e.   Fabricant MakerBot  Taille de la bobine 0,75 kg  Diam\u00e8tre 1,75 mm","og_url":"https:\/\/3d-edu.ch\/fr\/boutique\/materiau-de-specialite-makerbot-nylon\/","og_site_name":"3D-EDU GmbH","article_publisher":"https:\/\/www.facebook.com\/3d-educh-210277586064960\/","article_modified_time":"2026-04-22T09:00:24+00:00","og_image":[{"width":380,"height":380,"url":"https:\/\/3d-edu.ch\/wp-content\/uploads\/2020\/05\/makerbot-nylon-specialty-filament-for-method.jpg","type":"image\/jpeg"}],"twitter_card":"summary_large_image","twitter_site":"@3d_edu_ch","twitter_misc":{"Prix":"66.39&nbsp;&#67;&#72;&#70; hors TVA","Disponibilit\u00e9":"En stock"},"schema":{"@context":"https:\/\/schema.org","@graph":[{"@type":"WebPage","@id":"https:\/\/3d-edu.ch\/fr\/boutique\/materiau-de-specialite-makerbot-nylon\/","url":"https:\/\/3d-edu.ch\/fr\/boutique\/materiau-de-specialite-makerbot-nylon\/","name":"Mat\u00e9riau de sp\u00e9cialit\u00e9 MakerBot Nylon %%page% commander en ligne maintenant - 3D-EDU GmbH","isPartOf":{"@id":"https:\/\/3d-edu.ch\/fr\/#website"},"primaryImageOfPage":{"@id":"https:\/\/3d-edu.ch\/fr\/boutique\/materiau-de-specialite-makerbot-nylon\/#primaryimage"},"image":{"@id":"https:\/\/3d-edu.ch\/fr\/boutique\/materiau-de-specialite-makerbot-nylon\/#primaryimage"},"thumbnailUrl":"https:\/\/3d-edu.ch\/wp-content\/uploads\/2020\/05\/makerbot-nylon-specialty-filament-for-method.jpg","datePublished":"2020-05-27T07:59:06+00:00","dateModified":"2026-04-22T09:00:24+00:00","breadcrumb":{"@id":"https:\/\/3d-edu.ch\/fr\/boutique\/materiau-de-specialite-makerbot-nylon\/#breadcrumb"},"inLanguage":"fr-FR","potentialAction":[{"@type":"ReadAction","target":["https:\/\/3d-edu.ch\/fr\/boutique\/materiau-de-specialite-makerbot-nylon\/"]}]},{"@type":"ImageObject","inLanguage":"fr-FR","@id":"https:\/\/3d-edu.ch\/fr\/boutique\/materiau-de-specialite-makerbot-nylon\/#primaryimage","url":"https:\/\/3d-edu.ch\/wp-content\/uploads\/2020\/05\/makerbot-nylon-specialty-filament-for-method.jpg","contentUrl":"https:\/\/3d-edu.ch\/wp-content\/uploads\/2020\/05\/makerbot-nylon-specialty-filament-for-method.jpg","width":380,"height":380,"caption":"Mat\u00e9riau de sp\u00e9cialit\u00e9 MakerBot Nylon"},{"@type":"BreadcrumbList","@id":"https:\/\/3d-edu.ch\/fr\/boutique\/materiau-de-specialite-makerbot-nylon\/#breadcrumb","itemListElement":[{"@type":"ListItem","position":1,"name":"Accueil","item":"https:\/\/3d-edu.ch\/fr\/"},{"@type":"ListItem","position":2,"name":"Boutique","item":"https:\/\/3d-edu.ch\/fr\/boutique\/"},{"@type":"ListItem","position":3,"name":"Mat\u00e9riau de sp\u00e9cialit\u00e9 MakerBot Nylon"}]},{"@type":"WebSite","@id":"https:\/\/3d-edu.ch\/fr\/#website","url":"https:\/\/3d-edu.ch\/fr\/","name":"3D-EDU GmbH","description":"Your Formlabs, UltiMaker and Raise3D Printer Support and Education Site in Switzerland. \/\/ Ihre Formlabs, UltiMaker and Raise3D Drucker Support und Bildungs Webseite der Schweiz.","publisher":{"@id":"https:\/\/3d-edu.ch\/fr\/#organization"},"potentialAction":[{"@type":"SearchAction","target":{"@type":"EntryPoint","urlTemplate":"https:\/\/3d-edu.ch\/fr\/?s={search_term_string}"},"query-input":{"@type":"PropertyValueSpecification","valueRequired":true,"valueName":"search_term_string"}}],"inLanguage":"fr-FR"},{"@type":["Organization","Place","ElectronicsStore"],"@id":"https:\/\/3d-edu.ch\/fr\/#organization","name":"3D-EDU GmbH","url":"https:\/\/3d-edu.ch\/fr\/","logo":{"@id":"https:\/\/3d-edu.ch\/fr\/boutique\/materiau-de-specialite-makerbot-nylon\/#local-main-organization-logo"},"image":{"@id":"https:\/\/3d-edu.ch\/fr\/boutique\/materiau-de-specialite-makerbot-nylon\/#local-main-organization-logo"},"sameAs":["https:\/\/www.facebook.com\/3d-educh-210277586064960\/","https:\/\/x.com\/3d_edu_ch"],"address":{"@id":"https:\/\/3d-edu.ch\/fr\/boutique\/materiau-de-specialite-makerbot-nylon\/#local-main-place-address"},"geo":{"@type":"GeoCoordinates","latitude":"47.38413","longitude":"8.49812"},"telephone":["+41 44 492 11 22"],"openingHoursSpecification":[{"@type":"OpeningHoursSpecification","dayOfWeek":["Monday","Tuesday","Wednesday","Thursday","Friday"],"opens":"08:30","closes":"18:00"},{"@type":"OpeningHoursSpecification","dayOfWeek":["Saturday","Sunday"],"opens":"00:00","closes":"00:00"}],"email":"info@3d-edu.ch","faxNumber":"+41 44 492 11 23","vatID":"CHE-184.499.491 MWST","priceRange":"$$$","currenciesAccepted":"CHF"},{"@type":"PostalAddress","@id":"https:\/\/3d-edu.ch\/fr\/boutique\/materiau-de-specialite-makerbot-nylon\/#local-main-place-address","streetAddress":"3D-EDU GmbH, Badenerstrasse 556","addressLocality":"Z\u00fcrich","postalCode":"8048","addressRegion":"Z\u00fcrich","addressCountry":"CH"},{"@type":"ImageObject","inLanguage":"fr-FR","@id":"https:\/\/3d-edu.ch\/fr\/boutique\/materiau-de-specialite-makerbot-nylon\/#local-main-organization-logo","url":"https:\/\/3d-edu.ch\/wp-content\/uploads\/2018\/10\/3d-drucker-makerbot-formlabs-professionelle-3d-drucker-e1546527990490.png","contentUrl":"https:\/\/3d-edu.ch\/wp-content\/uploads\/2018\/10\/3d-drucker-makerbot-formlabs-professionelle-3d-drucker-e1546527990490.png","width":275,"height":80,"caption":"3D-EDU GmbH"}]},"product_brand":"Mat\u00e9riaux pour Method","product_price_amount":"66.39","product_price_currency":"CHF","og_availability":"instock","product_availability":"instock","product_retailer_item_id":"375-0033A","product_condition":"new","geo.placename":"Z\u00fcrich","geo.position":{"lat":"47.38413","long":"8.49812"},"geo.region":"Suisse"},"_links":{"self":[{"href":"https:\/\/3d-edu.ch\/fr\/wp-json\/wp\/v2\/product\/77426","targetHints":{"allow":["GET"]}}],"collection":[{"href":"https:\/\/3d-edu.ch\/fr\/wp-json\/wp\/v2\/product"}],"about":[{"href":"https:\/\/3d-edu.ch\/fr\/wp-json\/wp\/v2\/types\/product"}],"replies":[{"embeddable":true,"href":"https:\/\/3d-edu.ch\/fr\/wp-json\/wp\/v2\/comments?post=77426"}],"wp:featuredmedia":[{"embeddable":true,"href":"https:\/\/3d-edu.ch\/fr\/wp-json\/wp\/v2\/media\/62130"}],"wp:attachment":[{"href":"https:\/\/3d-edu.ch\/fr\/wp-json\/wp\/v2\/media?parent=77426"}],"wp:term":[{"taxonomy":"product_brand","embeddable":true,"href":"https:\/\/3d-edu.ch\/fr\/wp-json\/wp\/v2\/product_brand?post=77426"},{"taxonomy":"product_cat","embeddable":true,"href":"https:\/\/3d-edu.ch\/fr\/wp-json\/wp\/v2\/product_cat?post=77426"},{"taxonomy":"product_tag","embeddable":true,"href":"https:\/\/3d-edu.ch\/fr\/wp-json\/wp\/v2\/product_tag?post=77426"}],"curies":[{"name":"wp","href":"https:\/\/api.w.org\/{rel}","templated":true}]}}