{"id":77322,"date":"2020-08-10T13:17:50","date_gmt":"2020-08-10T11:17:50","guid":{"rendered":"https:\/\/3d-edu.ch\/shop\/filament-pla-makerbot-sketch\/"},"modified":"2026-05-14T08:48:23","modified_gmt":"2026-05-14T06:48:23","slug":"filament-pla-makerbot-sketch","status":"publish","type":"product","link":"https:\/\/3d-edu.ch\/fr\/boutique\/filament-pla-makerbot-sketch\/","title":{"rendered":"Filament PLA MakerBot Sketch"},"content":{"rendered":"<h2>MakerBot Sketch Filament PLA 1 kg<\/h2>\n<h3>Inclus dans la livraison<\/h3>\n<ul>\n<li>1 bobine de filament MakerBot Sketch PLA 1 kg<\/li>\n<\/ul>\n<hr \/>\n<p><strong>MakerBot Sketch Mat\u00e9riau PLA pour imprimante 3D MakerBot Sketch<\/strong><\/p>\n<p>Le filament PLA en acide polylactique (PLA) est un thermoplastique biod\u00e9gradable obtenu \u00e0 partir de ressources renouvelables. Ce mat\u00e9riau est \u00e9galement adapt\u00e9 \u00e0 une utilisation au bureau ou dans les salles de classe, car il est non toxique et facile \u00e0 imprimer.<\/p>\n<div class=\"accordion\">\n\t<div id=\"accordion-3219691494\" class=\"accordion-item\">\n\t\t<a id=\"accordion-3219691494-label\" class=\"accordion-title plain\" href=\"#accordion-item-plus-d&#039;informations\" aria-expanded=\"false\" aria-controls=\"accordion-3219691494-content\">\n\t\t\t<button class=\"toggle\" aria-label=\"Basculer\"><i class=\"icon-angle-down\" aria-hidden=\"true\"><\/i><\/button>\n\t\t\t<span>Plus d&#039;informations<\/span>\n\t\t<\/a>\n\t\t<div id=\"accordion-3219691494-content\" class=\"accordion-inner\" aria-labelledby=\"accordion-3219691494-label\">\n\t\t\t\n<p><strong>Compatibilit\u00e9<\/strong><\/p>\n<p>Imprimante :<\/p>\n<p>Le filament PLA MakerBot Sketch est compatible avec le<\/p>\n<ul>\n<li><a href=\"https:\/\/3d-edu.ch\/makerbot-sketch-3d-drucker-schulpaket\/\">Makerbot Sketch<\/a><\/li>\n<\/ul>\n<p>Logiciel :<\/p>\n<p>Pour utiliser le mat\u00e9riau MakerBot Sketch PLA, le logiciel <a href=\"\/makerbot\/makerbot-apps\/makerbot-print\/\"><em>MakerBot Print<\/em><\/a> est n\u00e9cessaire.<\/p>\n<hr \/>\n<p><strong>Environnement de travail<\/strong><br \/>\nConservez le mat\u00e9riau MakerBot Sketch PLA au sec et essayez d&rsquo;\u00e9viter d&rsquo;absorber l&rsquo;humidit\u00e9 de l&rsquo;air. L&rsquo;absorption d&rsquo;humidit\u00e9 dans l&rsquo;air peut affecter la qualit\u00e9 du mat\u00e9riau et ses performances.<\/p>\n\t\t<\/div>\n\t<\/div>\n\t\n<\/div>\n","protected":false},"excerpt":{"rendered":"<h3>MakerBot Sketch PLA Filament en bobine de 1 kg<\/h3>\n<p>Cr\u00e9ez des mod\u00e8les conceptuels ou des \u00e9tudes de formes avec le filament MakerBot Sketch PLA pour l&rsquo;imprimante 3D MakerBot Sketch.<\/p>\n<table>\n<tbody>\n<tr>\n<td width=\"100\">Fabricant<\/td>\n<td>MakerBot<\/td>\n<\/tr>\n<tr>\n<td>Taille de la bobine<\/td>\n<td>1 kg<\/td>\n<\/tr>\n<tr>\n<td>Diam\u00e8tre<\/td>\n<td>1,75 mm<\/td>\n<\/tr>\n<\/tbody>\n<\/table>\n","protected":false},"featured_media":62446,"comment_status":"closed","ping_status":"closed","template":"","meta":[],"product_brand":[],"product_cat":[10386,10335],"product_tag":[8822,8564,8185,8209],"class_list":{"0":"post-77322","1":"product","2":"type-product","3":"status-publish","4":"has-post-thumbnail","6":"product_cat-filament-pla","7":"product_cat-filaments-sketch","8":"product_tag-filament-makerbot","9":"product_tag-filament-pla","10":"product_tag-makerbot","11":"product_tag-sketch","12":"yith_product_brand-ultimaker","14":"first","15":"instock","16":"taxable","17":"shipping-taxable","18":"purchasable","19":"product-type-variable"},"yoast_head":"<!-- This site is optimized with the Yoast SEO Premium plugin v27.5 (Yoast SEO v27.5) - https:\/\/yoast.com\/product\/yoast-seo-premium-wordpress\/ -->\n<title>Acheter MakerBot Sketch PLA Filament | 3d-edu.ch<\/title>\n<meta name=\"description\" content=\"Acheter du filament MakerBot Sketch PLA. Pour la mod\u00e9lisation de concepts et les \u00e9tudes de formes. Mat\u00e9riau PLA Sketch en bobine de 1 kg pour la MakerBot Sketch.\" \/>\n<meta name=\"robots\" content=\"index, follow, max-snippet:-1, max-image-preview:large, max-video-preview:-1\" \/>\n<link rel=\"canonical\" href=\"https:\/\/3d-edu.ch\/fr\/boutique\/filament-pla-makerbot-sketch\/\" \/>\n<meta property=\"og:locale\" content=\"fr_FR\" \/>\n<meta property=\"og:type\" content=\"article\" \/>\n<meta property=\"og:title\" content=\"Filament PLA MakerBot Sketch\" \/>\n<meta property=\"og:description\" content=\"Acheter du filament MakerBot Sketch PLA. Pour la mod\u00e9lisation de concepts et les \u00e9tudes de formes. Mat\u00e9riau PLA Sketch en bobine de 1 kg pour la MakerBot Sketch.\" \/>\n<meta property=\"og:url\" content=\"https:\/\/3d-edu.ch\/fr\/boutique\/filament-pla-makerbot-sketch\/\" \/>\n<meta property=\"og:site_name\" content=\"3D-EDU GmbH\" \/>\n<meta property=\"article:publisher\" content=\"https:\/\/www.facebook.com\/3d-educh-210277586064960\/\" \/>\n<meta property=\"article:modified_time\" content=\"2026-05-14T06:48:23+00:00\" \/>\n<meta property=\"og:image\" content=\"https:\/\/3d-edu.ch\/wp-content\/uploads\/2020\/08\/makerbot-sketch-material-pla-filament.jpg\" \/>\n<meta name=\"twitter:card\" content=\"summary_large_image\" \/>\n<meta name=\"twitter:site\" content=\"@3d_edu_ch\" \/>\n<meta name=\"twitter:label1\" content=\"Disponibilit\u00e9\" \/>\n\t<meta name=\"twitter:data1\" content=\"En stock\" \/>\n<script type=\"application\/ld+json\" class=\"yoast-schema-graph\">{\"@context\":\"https:\\\/\\\/schema.org\",\"@graph\":[{\"@type\":\"WebPage\",\"@id\":\"https:\\\/\\\/3d-edu.ch\\\/fr\\\/boutique\\\/filament-pla-makerbot-sketch\\\/\",\"url\":\"https:\\\/\\\/3d-edu.ch\\\/fr\\\/boutique\\\/filament-pla-makerbot-sketch\\\/\",\"name\":\"Acheter MakerBot Sketch PLA Filament | 3d-edu.ch\",\"isPartOf\":{\"@id\":\"https:\\\/\\\/3d-edu.ch\\\/fr\\\/#website\"},\"primaryImageOfPage\":{\"@id\":\"https:\\\/\\\/3d-edu.ch\\\/fr\\\/boutique\\\/filament-pla-makerbot-sketch\\\/#primaryimage\"},\"image\":{\"@id\":\"https:\\\/\\\/3d-edu.ch\\\/fr\\\/boutique\\\/filament-pla-makerbot-sketch\\\/#primaryimage\"},\"thumbnailUrl\":\"https:\\\/\\\/3d-edu.ch\\\/wp-content\\\/uploads\\\/2020\\\/08\\\/makerbot-sketch-pla-material-filament.jpg\",\"datePublished\":\"2020-08-10T11:17:50+00:00\",\"dateModified\":\"2026-05-14T06:48:23+00:00\",\"description\":\"Acheter du filament MakerBot Sketch PLA. Pour la mod\u00e9lisation de concepts et les \u00e9tudes de formes. Mat\u00e9riau PLA Sketch en bobine de 1 kg pour la MakerBot Sketch.\",\"breadcrumb\":{\"@id\":\"https:\\\/\\\/3d-edu.ch\\\/fr\\\/boutique\\\/filament-pla-makerbot-sketch\\\/#breadcrumb\"},\"inLanguage\":\"fr-FR\",\"potentialAction\":[{\"@type\":\"ReadAction\",\"target\":[\"https:\\\/\\\/3d-edu.ch\\\/fr\\\/boutique\\\/filament-pla-makerbot-sketch\\\/\"]}]},{\"@type\":\"ImageObject\",\"inLanguage\":\"fr-FR\",\"@id\":\"https:\\\/\\\/3d-edu.ch\\\/fr\\\/boutique\\\/filament-pla-makerbot-sketch\\\/#primaryimage\",\"url\":\"https:\\\/\\\/3d-edu.ch\\\/wp-content\\\/uploads\\\/2020\\\/08\\\/makerbot-sketch-pla-material-filament.jpg\",\"contentUrl\":\"https:\\\/\\\/3d-edu.ch\\\/wp-content\\\/uploads\\\/2020\\\/08\\\/makerbot-sketch-pla-material-filament.jpg\",\"width\":380,\"height\":380,\"caption\":\"Filament PLA MakerBot Sketch\"},{\"@type\":\"BreadcrumbList\",\"@id\":\"https:\\\/\\\/3d-edu.ch\\\/fr\\\/boutique\\\/filament-pla-makerbot-sketch\\\/#breadcrumb\",\"itemListElement\":[{\"@type\":\"ListItem\",\"position\":1,\"name\":\"Accueil\",\"item\":\"https:\\\/\\\/3d-edu.ch\\\/fr\\\/\"},{\"@type\":\"ListItem\",\"position\":2,\"name\":\"Boutique\",\"item\":\"https:\\\/\\\/3d-edu.ch\\\/fr\\\/boutique\\\/\"},{\"@type\":\"ListItem\",\"position\":3,\"name\":\"Filament PLA MakerBot Sketch\"}]},{\"@type\":\"WebSite\",\"@id\":\"https:\\\/\\\/3d-edu.ch\\\/fr\\\/#website\",\"url\":\"https:\\\/\\\/3d-edu.ch\\\/fr\\\/\",\"name\":\"3D-EDU GmbH\",\"description\":\"Your Formlabs, UltiMaker and Raise3D Printer Support and Education Site in Switzerland. \\\/\\\/ Ihre Formlabs, UltiMaker and Raise3D Drucker Support und Bildungs Webseite der Schweiz.\",\"publisher\":{\"@id\":\"https:\\\/\\\/3d-edu.ch\\\/fr\\\/#organization\"},\"potentialAction\":[{\"@type\":\"SearchAction\",\"target\":{\"@type\":\"EntryPoint\",\"urlTemplate\":\"https:\\\/\\\/3d-edu.ch\\\/fr\\\/?s={search_term_string}\"},\"query-input\":{\"@type\":\"PropertyValueSpecification\",\"valueRequired\":true,\"valueName\":\"search_term_string\"}}],\"inLanguage\":\"fr-FR\"},{\"@type\":[\"Organization\",\"Place\",\"ElectronicsStore\"],\"@id\":\"https:\\\/\\\/3d-edu.ch\\\/fr\\\/#organization\",\"name\":\"3D-EDU GmbH\",\"url\":\"https:\\\/\\\/3d-edu.ch\\\/fr\\\/\",\"logo\":{\"@id\":\"https:\\\/\\\/3d-edu.ch\\\/fr\\\/boutique\\\/filament-pla-makerbot-sketch\\\/#local-main-organization-logo\"},\"image\":{\"@id\":\"https:\\\/\\\/3d-edu.ch\\\/fr\\\/boutique\\\/filament-pla-makerbot-sketch\\\/#local-main-organization-logo\"},\"sameAs\":[\"https:\\\/\\\/www.facebook.com\\\/3d-educh-210277586064960\\\/\",\"https:\\\/\\\/x.com\\\/3d_edu_ch\"],\"address\":{\"@id\":\"https:\\\/\\\/3d-edu.ch\\\/fr\\\/boutique\\\/filament-pla-makerbot-sketch\\\/#local-main-place-address\"},\"geo\":{\"@type\":\"GeoCoordinates\",\"latitude\":\"47.38413\",\"longitude\":\"8.49812\"},\"telephone\":[\"+41 44 492 11 22\"],\"openingHoursSpecification\":[{\"@type\":\"OpeningHoursSpecification\",\"dayOfWeek\":[\"Monday\",\"Tuesday\",\"Wednesday\",\"Thursday\",\"Friday\"],\"opens\":\"08:30\",\"closes\":\"18:00\"},{\"@type\":\"OpeningHoursSpecification\",\"dayOfWeek\":[\"Saturday\",\"Sunday\"],\"opens\":\"00:00\",\"closes\":\"00:00\"}],\"email\":\"info@3d-edu.ch\",\"faxNumber\":\"+41 44 492 11 23\",\"vatID\":\"CHE-184.499.491 MWST\",\"priceRange\":\"$$$\",\"currenciesAccepted\":\"CHF\"},{\"@type\":\"PostalAddress\",\"@id\":\"https:\\\/\\\/3d-edu.ch\\\/fr\\\/boutique\\\/filament-pla-makerbot-sketch\\\/#local-main-place-address\",\"streetAddress\":\"3D-EDU GmbH, Badenerstrasse 556\",\"addressLocality\":\"Z\u00fcrich\",\"postalCode\":\"8048\",\"addressRegion\":\"Z\u00fcrich\",\"addressCountry\":\"CH\"},{\"@type\":\"ImageObject\",\"inLanguage\":\"fr-FR\",\"@id\":\"https:\\\/\\\/3d-edu.ch\\\/fr\\\/boutique\\\/filament-pla-makerbot-sketch\\\/#local-main-organization-logo\",\"url\":\"https:\\\/\\\/3d-edu.ch\\\/wp-content\\\/uploads\\\/2018\\\/10\\\/3d-drucker-makerbot-formlabs-professionelle-3d-drucker-e1546527990490.png\",\"contentUrl\":\"https:\\\/\\\/3d-edu.ch\\\/wp-content\\\/uploads\\\/2018\\\/10\\\/3d-drucker-makerbot-formlabs-professionelle-3d-drucker-e1546527990490.png\",\"width\":275,\"height\":80,\"caption\":\"3D-EDU GmbH\"}]}<\/script>\n<meta property=\"product:brand\" content=\"Filament PLA\" \/>\n<meta property=\"og:availability\" content=\"instock\" \/>\n<meta property=\"product:availability\" content=\"instock\" \/>\n<meta property=\"product:condition\" content=\"new\" \/>\n<meta name=\"geo.placename\" content=\"Z\u00fcrich\" \/>\n<meta name=\"geo.position\" content=\"47.38413;8.49812\" \/>\n<meta name=\"geo.region\" content=\"Suisse\" \/>\n<!-- \/ Yoast SEO Premium plugin. -->","yoast_head_json":{"title":"Acheter MakerBot Sketch PLA Filament | 3d-edu.ch","description":"Acheter du filament MakerBot Sketch PLA. Pour la mod\u00e9lisation de concepts et les \u00e9tudes de formes. Mat\u00e9riau PLA Sketch en bobine de 1 kg pour la MakerBot Sketch.","robots":{"index":"index","follow":"follow","max-snippet":"max-snippet:-1","max-image-preview":"max-image-preview:large","max-video-preview":"max-video-preview:-1"},"canonical":"https:\/\/3d-edu.ch\/fr\/boutique\/filament-pla-makerbot-sketch\/","og_locale":"fr_FR","og_type":"article","og_title":"Filament PLA MakerBot Sketch","og_description":"Acheter du filament MakerBot Sketch PLA. Pour la mod\u00e9lisation de concepts et les \u00e9tudes de formes. Mat\u00e9riau PLA Sketch en bobine de 1 kg pour la MakerBot Sketch.","og_url":"https:\/\/3d-edu.ch\/fr\/boutique\/filament-pla-makerbot-sketch\/","og_site_name":"3D-EDU GmbH","article_publisher":"https:\/\/www.facebook.com\/3d-educh-210277586064960\/","article_modified_time":"2026-05-14T06:48:23+00:00","og_image":[{"url":"https:\/\/3d-edu.ch\/wp-content\/uploads\/2020\/08\/makerbot-sketch-material-pla-filament.jpg","type":"","width":"","height":""}],"twitter_card":"summary_large_image","twitter_site":"@3d_edu_ch","twitter_misc":{"Disponibilit\u00e9":"En stock"},"schema":{"@context":"https:\/\/schema.org","@graph":[{"@type":"WebPage","@id":"https:\/\/3d-edu.ch\/fr\/boutique\/filament-pla-makerbot-sketch\/","url":"https:\/\/3d-edu.ch\/fr\/boutique\/filament-pla-makerbot-sketch\/","name":"Acheter MakerBot Sketch PLA Filament | 3d-edu.ch","isPartOf":{"@id":"https:\/\/3d-edu.ch\/fr\/#website"},"primaryImageOfPage":{"@id":"https:\/\/3d-edu.ch\/fr\/boutique\/filament-pla-makerbot-sketch\/#primaryimage"},"image":{"@id":"https:\/\/3d-edu.ch\/fr\/boutique\/filament-pla-makerbot-sketch\/#primaryimage"},"thumbnailUrl":"https:\/\/3d-edu.ch\/wp-content\/uploads\/2020\/08\/makerbot-sketch-pla-material-filament.jpg","datePublished":"2020-08-10T11:17:50+00:00","dateModified":"2026-05-14T06:48:23+00:00","description":"Acheter du filament MakerBot Sketch PLA. Pour la mod\u00e9lisation de concepts et les \u00e9tudes de formes. Mat\u00e9riau PLA Sketch en bobine de 1 kg pour la MakerBot Sketch.","breadcrumb":{"@id":"https:\/\/3d-edu.ch\/fr\/boutique\/filament-pla-makerbot-sketch\/#breadcrumb"},"inLanguage":"fr-FR","potentialAction":[{"@type":"ReadAction","target":["https:\/\/3d-edu.ch\/fr\/boutique\/filament-pla-makerbot-sketch\/"]}]},{"@type":"ImageObject","inLanguage":"fr-FR","@id":"https:\/\/3d-edu.ch\/fr\/boutique\/filament-pla-makerbot-sketch\/#primaryimage","url":"https:\/\/3d-edu.ch\/wp-content\/uploads\/2020\/08\/makerbot-sketch-pla-material-filament.jpg","contentUrl":"https:\/\/3d-edu.ch\/wp-content\/uploads\/2020\/08\/makerbot-sketch-pla-material-filament.jpg","width":380,"height":380,"caption":"Filament PLA MakerBot Sketch"},{"@type":"BreadcrumbList","@id":"https:\/\/3d-edu.ch\/fr\/boutique\/filament-pla-makerbot-sketch\/#breadcrumb","itemListElement":[{"@type":"ListItem","position":1,"name":"Accueil","item":"https:\/\/3d-edu.ch\/fr\/"},{"@type":"ListItem","position":2,"name":"Boutique","item":"https:\/\/3d-edu.ch\/fr\/boutique\/"},{"@type":"ListItem","position":3,"name":"Filament PLA MakerBot Sketch"}]},{"@type":"WebSite","@id":"https:\/\/3d-edu.ch\/fr\/#website","url":"https:\/\/3d-edu.ch\/fr\/","name":"3D-EDU GmbH","description":"Your Formlabs, UltiMaker and Raise3D Printer Support and Education Site in Switzerland. \/\/ Ihre Formlabs, UltiMaker and Raise3D Drucker Support und Bildungs Webseite der Schweiz.","publisher":{"@id":"https:\/\/3d-edu.ch\/fr\/#organization"},"potentialAction":[{"@type":"SearchAction","target":{"@type":"EntryPoint","urlTemplate":"https:\/\/3d-edu.ch\/fr\/?s={search_term_string}"},"query-input":{"@type":"PropertyValueSpecification","valueRequired":true,"valueName":"search_term_string"}}],"inLanguage":"fr-FR"},{"@type":["Organization","Place","ElectronicsStore"],"@id":"https:\/\/3d-edu.ch\/fr\/#organization","name":"3D-EDU GmbH","url":"https:\/\/3d-edu.ch\/fr\/","logo":{"@id":"https:\/\/3d-edu.ch\/fr\/boutique\/filament-pla-makerbot-sketch\/#local-main-organization-logo"},"image":{"@id":"https:\/\/3d-edu.ch\/fr\/boutique\/filament-pla-makerbot-sketch\/#local-main-organization-logo"},"sameAs":["https:\/\/www.facebook.com\/3d-educh-210277586064960\/","https:\/\/x.com\/3d_edu_ch"],"address":{"@id":"https:\/\/3d-edu.ch\/fr\/boutique\/filament-pla-makerbot-sketch\/#local-main-place-address"},"geo":{"@type":"GeoCoordinates","latitude":"47.38413","longitude":"8.49812"},"telephone":["+41 44 492 11 22"],"openingHoursSpecification":[{"@type":"OpeningHoursSpecification","dayOfWeek":["Monday","Tuesday","Wednesday","Thursday","Friday"],"opens":"08:30","closes":"18:00"},{"@type":"OpeningHoursSpecification","dayOfWeek":["Saturday","Sunday"],"opens":"00:00","closes":"00:00"}],"email":"info@3d-edu.ch","faxNumber":"+41 44 492 11 23","vatID":"CHE-184.499.491 MWST","priceRange":"$$$","currenciesAccepted":"CHF"},{"@type":"PostalAddress","@id":"https:\/\/3d-edu.ch\/fr\/boutique\/filament-pla-makerbot-sketch\/#local-main-place-address","streetAddress":"3D-EDU GmbH, Badenerstrasse 556","addressLocality":"Z\u00fcrich","postalCode":"8048","addressRegion":"Z\u00fcrich","addressCountry":"CH"},{"@type":"ImageObject","inLanguage":"fr-FR","@id":"https:\/\/3d-edu.ch\/fr\/boutique\/filament-pla-makerbot-sketch\/#local-main-organization-logo","url":"https:\/\/3d-edu.ch\/wp-content\/uploads\/2018\/10\/3d-drucker-makerbot-formlabs-professionelle-3d-drucker-e1546527990490.png","contentUrl":"https:\/\/3d-edu.ch\/wp-content\/uploads\/2018\/10\/3d-drucker-makerbot-formlabs-professionelle-3d-drucker-e1546527990490.png","width":275,"height":80,"caption":"3D-EDU GmbH"}]},"product_brand":"Filament PLA","og_availability":"instock","product_availability":"instock","product_condition":"new","geo.placename":"Z\u00fcrich","geo.position":{"lat":"47.38413","long":"8.49812"},"geo.region":"Suisse"},"_links":{"self":[{"href":"https:\/\/3d-edu.ch\/fr\/wp-json\/wp\/v2\/product\/77322","targetHints":{"allow":["GET"]}}],"collection":[{"href":"https:\/\/3d-edu.ch\/fr\/wp-json\/wp\/v2\/product"}],"about":[{"href":"https:\/\/3d-edu.ch\/fr\/wp-json\/wp\/v2\/types\/product"}],"replies":[{"embeddable":true,"href":"https:\/\/3d-edu.ch\/fr\/wp-json\/wp\/v2\/comments?post=77322"}],"wp:featuredmedia":[{"embeddable":true,"href":"https:\/\/3d-edu.ch\/fr\/wp-json\/wp\/v2\/media\/62446"}],"wp:attachment":[{"href":"https:\/\/3d-edu.ch\/fr\/wp-json\/wp\/v2\/media?parent=77322"}],"wp:term":[{"taxonomy":"product_brand","embeddable":true,"href":"https:\/\/3d-edu.ch\/fr\/wp-json\/wp\/v2\/product_brand?post=77322"},{"taxonomy":"product_cat","embeddable":true,"href":"https:\/\/3d-edu.ch\/fr\/wp-json\/wp\/v2\/product_cat?post=77322"},{"taxonomy":"product_tag","embeddable":true,"href":"https:\/\/3d-edu.ch\/fr\/wp-json\/wp\/v2\/product_tag?post=77322"}],"curies":[{"name":"wp","href":"https:\/\/api.w.org\/{rel}","templated":true}]}}