{"id":77300,"date":"2020-08-07T15:42:57","date_gmt":"2020-08-07T13:42:57","guid":{"rendered":"https:\/\/3d-edu.ch\/shop\/formlabs-temporary-cb-resin-starter-pack\/"},"modified":"2026-04-09T14:18:27","modified_gmt":"2026-04-09T12:18:27","slug":"formlabs-temporary-cb-resin-starter-pack","status":"publish","type":"product","link":"https:\/\/3d-edu.ch\/fr\/boutique\/formlabs-temporary-cb-resin-starter-pack\/","title":{"rendered":"Formlabs Temporary CB Resin Starter Pack"},"content":{"rendered":"<h3>Kit de d\u00e9marrage temporaire en r\u00e9sine CB<\/h3>\n<p>La biblioth\u00e8que de mat\u00e9riaux de r\u00e9sines dentaires de Formlabs permet aux cabinets et aux laboratoires dentaires de fabriquer rapidement diff\u00e9rents produits dentaires en interne, des guides chirurgicaux et attelles biocompatibles aux mod\u00e8les de proth\u00e8ses fixes et d&rsquo;aligneurs transparents. Le kit de d\u00e9marrage Temporary CB Resin comprend une cartouche de 1 kg (0,7 L) de Temporary CB Resin et un plateau de construction en acier inoxydable n\u00e9cessaire pour l&rsquo;impression avec Temporary CB Resin.<\/p>\n<div class=\"accordion\">\n\t<div id=\"accordion-432215146\" class=\"accordion-item\">\n\t\t<a id=\"accordion-432215146-label\" class=\"accordion-title plain\" href=\"#accordion-item-plus-d&#039;informations\" aria-expanded=\"false\" aria-controls=\"accordion-432215146-content\">\n\t\t\t<button class=\"toggle\" aria-label=\"Basculer\"><i class=\"icon-angle-down\" aria-hidden=\"true\"><\/i><\/button>\n\t\t\t<span>Plus d&#039;informations<\/span>\n\t\t<\/a>\n\t\t<div id=\"accordion-432215146-content\" class=\"accordion-inner\" aria-labelledby=\"accordion-432215146-label\">\n\t\t\t\n<h5>Contenu de la livraison<\/h5>\n<p>1x Temporary CB Resin 1kg (0.7L) de la couleur de votre choix<\/p>\n<p>1x Plateforme de construction en acier inoxydable<\/p>\n<p>R\u00e9solutions d&rsquo;impression prises en charge : 50 microns.<br \/>\nPost-traitement requis.<br \/>\nDisponible pour Form 3B, Form 2. Non compatible avec Form 3.<br \/>\nResin <a href=\"https:\/\/3d-edu.ch\/fr\/boutique\/form-2-resin-tank-lt-reservoir-de-resine-lt\/\">Tank LT<\/a> n\u00e9cessaire pour le Form 2.<\/p>\n<h5>Instructions<\/h5>\n<p>T\u00e9l\u00e9chargez le <a href=\"\/wp-content\/uploads\/2020\/08\/WP-EN-3D-Printing-Temporary-Crowns-and-Bridges-with-Formlabs-SLA-3D-Printers.pdf\">guide d&rsquo;application<\/a> pour d\u00e9couvrir le processus de travail num\u00e9rique complet et les meilleures pratiques pour la fabrication de dispositifs dentaires provisoires imprim\u00e9s en 3D.<\/p>\n\t\t<\/div>\n\t<\/div>\n\t\n<\/div>\n","protected":false},"excerpt":{"rendered":"<h2><strong>Formlabs Temporary CB Resin Starter Pack<\/strong><\/h2>\n<p>Temporary CB Resin est une r\u00e9sine de couleur dentaire pour l&rsquo;impression 3D de couronnes et de bridges provisoires, d&rsquo;inlays, d&rsquo;onlays et de facettes. Cette r\u00e9sine est indiqu\u00e9e pour les bridges jusqu&rsquo;\u00e0 sept \u00e9l\u00e9ments, offre cinq teintes et brille par son excellente adaptation marginale, sa r\u00e9sistance et son esth\u00e9tique.<br \/>\nLes dispositifs dentaires en Temporary CB Resin peuvent \u00eatre scell\u00e9s avec du ciment temporaire traditionnel. Les proth\u00e8ses dentaires fabriqu\u00e9es avec Temporary CB Resin peuvent rester en bouche jusqu&rsquo;\u00e0 12 mois. Les dispositifs dentaires fabriqu\u00e9s num\u00e9riquement permettent un processus rapide, \u00e9conomique et collaboratif entre les dentistes, les proth\u00e9sistes dentaires et les patients.   <\/p>\n","protected":false},"featured_media":67595,"comment_status":"closed","ping_status":"closed","template":"","meta":[],"product_brand":[],"product_cat":[7886,7885,7780,7880],"product_tag":[7784,8053],"class_list":{"0":"post-77300","1":"product","2":"type-product","3":"status-publish","4":"has-post-thumbnail","6":"product_cat-dentaire-fr","7":"product_cat-form-2-3-l-resine-fr","8":"product_cat-formlabs-fr","9":"product_cat-materiaux-formlabs-fr","10":"product_tag-formlabs-fr","11":"product_tag-resine-formlabs","13":"first","14":"onbackorder","15":"taxable","16":"shipping-taxable","17":"purchasable","18":"product-type-variable"},"yoast_head":"<!-- This site is optimized with the Yoast SEO Premium plugin v27.4 (Yoast SEO v27.4) - https:\/\/yoast.com\/product\/yoast-seo-premium-wordpress\/ -->\n<title>Formlabs Temporary CB Resin Starter Pack %%page% - Impression 3D de couronnes et bridges provisoires - 3D-EDU<\/title>\n<meta name=\"robots\" content=\"index, follow, max-snippet:-1, max-image-preview:large, max-video-preview:-1\" \/>\n<link rel=\"canonical\" href=\"https:\/\/3d-edu.ch\/fr\/boutique\/formlabs-temporary-cb-resin-starter-pack\/\" \/>\n<meta property=\"og:locale\" content=\"fr_FR\" \/>\n<meta property=\"og:type\" content=\"article\" \/>\n<meta property=\"og:title\" content=\"Formlabs Temporary CB Resin Starter Pack\" \/>\n<meta property=\"og:description\" content=\"Formlabs Temporary CB Resin Starter Pack Temporary CB Resin est une r\u00e9sine de couleur dentaire pour l&#039;impression 3D de couronnes et de bridges provisoires, d&#039;inlays, d&#039;onlays et de facettes. Cette r\u00e9sine est indiqu\u00e9e pour les bridges jusqu&#039;\u00e0 sept \u00e9l\u00e9ments, offre cinq teintes et brille par son excellente adaptation marginale, sa r\u00e9sistance et son esth\u00e9tique. Les dispositifs dentaires en Temporary CB Resin peuvent \u00eatre scell\u00e9s avec du ciment temporaire traditionnel. Les proth\u00e8ses dentaires fabriqu\u00e9es avec Temporary CB Resin peuvent rester en bouche jusqu&#039;\u00e0 12 mois. Les dispositifs dentaires fabriqu\u00e9s num\u00e9riquement permettent un processus rapide, \u00e9conomique et collaboratif entre les dentistes, les proth\u00e9sistes dentaires et les patients.\" \/>\n<meta property=\"og:url\" content=\"https:\/\/3d-edu.ch\/fr\/boutique\/formlabs-temporary-cb-resin-starter-pack\/\" \/>\n<meta property=\"og:site_name\" content=\"3D-EDU GmbH\" \/>\n<meta property=\"article:publisher\" content=\"https:\/\/www.facebook.com\/3d-educh-210277586064960\/\" \/>\n<meta property=\"article:modified_time\" content=\"2026-04-09T12:18:27+00:00\" \/>\n<meta property=\"og:image\" content=\"https:\/\/3d-edu.ch\/wp-content\/uploads\/2020\/08\/temporary-cb-resin-starter-pack.webp\" \/>\n\t<meta property=\"og:image:width\" content=\"380\" \/>\n\t<meta property=\"og:image:height\" content=\"380\" \/>\n\t<meta property=\"og:image:type\" content=\"image\/webp\" \/>\n<meta name=\"twitter:card\" content=\"summary_large_image\" \/>\n<meta name=\"twitter:site\" content=\"@3d_edu_ch\" \/>\n<meta name=\"twitter:label1\" content=\"Disponibilit\u00e9\" \/>\n\t<meta name=\"twitter:data1\" content=\"En r\u00e9assort\" \/>\n<script type=\"application\/ld+json\" class=\"yoast-schema-graph\">{\"@context\":\"https:\\\/\\\/schema.org\",\"@graph\":[{\"@type\":\"WebPage\",\"@id\":\"https:\\\/\\\/3d-edu.ch\\\/fr\\\/boutique\\\/formlabs-temporary-cb-resin-starter-pack\\\/\",\"url\":\"https:\\\/\\\/3d-edu.ch\\\/fr\\\/boutique\\\/formlabs-temporary-cb-resin-starter-pack\\\/\",\"name\":\"Formlabs Temporary CB Resin Starter Pack %%page% - Impression 3D de couronnes et bridges provisoires - 3D-EDU\",\"isPartOf\":{\"@id\":\"https:\\\/\\\/3d-edu.ch\\\/fr\\\/#website\"},\"primaryImageOfPage\":{\"@id\":\"https:\\\/\\\/3d-edu.ch\\\/fr\\\/boutique\\\/formlabs-temporary-cb-resin-starter-pack\\\/#primaryimage\"},\"image\":{\"@id\":\"https:\\\/\\\/3d-edu.ch\\\/fr\\\/boutique\\\/formlabs-temporary-cb-resin-starter-pack\\\/#primaryimage\"},\"thumbnailUrl\":\"https:\\\/\\\/3d-edu.ch\\\/wp-content\\\/uploads\\\/2020\\\/08\\\/temporary-cb-resin-starter-pack.webp\",\"datePublished\":\"2020-08-07T13:42:57+00:00\",\"dateModified\":\"2026-04-09T12:18:27+00:00\",\"breadcrumb\":{\"@id\":\"https:\\\/\\\/3d-edu.ch\\\/fr\\\/boutique\\\/formlabs-temporary-cb-resin-starter-pack\\\/#breadcrumb\"},\"inLanguage\":\"fr-FR\",\"potentialAction\":[{\"@type\":\"ReadAction\",\"target\":[\"https:\\\/\\\/3d-edu.ch\\\/fr\\\/boutique\\\/formlabs-temporary-cb-resin-starter-pack\\\/\"]}]},{\"@type\":\"ImageObject\",\"inLanguage\":\"fr-FR\",\"@id\":\"https:\\\/\\\/3d-edu.ch\\\/fr\\\/boutique\\\/formlabs-temporary-cb-resin-starter-pack\\\/#primaryimage\",\"url\":\"https:\\\/\\\/3d-edu.ch\\\/wp-content\\\/uploads\\\/2020\\\/08\\\/temporary-cb-resin-starter-pack.webp\",\"contentUrl\":\"https:\\\/\\\/3d-edu.ch\\\/wp-content\\\/uploads\\\/2020\\\/08\\\/temporary-cb-resin-starter-pack.webp\",\"width\":380,\"height\":380,\"caption\":\"Formlabs Temprary CB Resin Starter Pack\"},{\"@type\":\"BreadcrumbList\",\"@id\":\"https:\\\/\\\/3d-edu.ch\\\/fr\\\/boutique\\\/formlabs-temporary-cb-resin-starter-pack\\\/#breadcrumb\",\"itemListElement\":[{\"@type\":\"ListItem\",\"position\":1,\"name\":\"Accueil\",\"item\":\"https:\\\/\\\/3d-edu.ch\\\/fr\\\/\"},{\"@type\":\"ListItem\",\"position\":2,\"name\":\"Boutique\",\"item\":\"https:\\\/\\\/3d-edu.ch\\\/fr\\\/boutique\\\/\"},{\"@type\":\"ListItem\",\"position\":3,\"name\":\"Formlabs Temporary CB Resin Starter Pack\"}]},{\"@type\":\"WebSite\",\"@id\":\"https:\\\/\\\/3d-edu.ch\\\/fr\\\/#website\",\"url\":\"https:\\\/\\\/3d-edu.ch\\\/fr\\\/\",\"name\":\"3D-EDU GmbH\",\"description\":\"Your Formlabs, UltiMaker and Raise3D Printer Support and Education Site in Switzerland. \\\/\\\/ Ihre Formlabs, UltiMaker and Raise3D Drucker Support und Bildungs Webseite der Schweiz.\",\"publisher\":{\"@id\":\"https:\\\/\\\/3d-edu.ch\\\/fr\\\/#organization\"},\"potentialAction\":[{\"@type\":\"SearchAction\",\"target\":{\"@type\":\"EntryPoint\",\"urlTemplate\":\"https:\\\/\\\/3d-edu.ch\\\/fr\\\/?s={search_term_string}\"},\"query-input\":{\"@type\":\"PropertyValueSpecification\",\"valueRequired\":true,\"valueName\":\"search_term_string\"}}],\"inLanguage\":\"fr-FR\"},{\"@type\":[\"Organization\",\"Place\",\"ElectronicsStore\"],\"@id\":\"https:\\\/\\\/3d-edu.ch\\\/fr\\\/#organization\",\"name\":\"3D-EDU GmbH\",\"url\":\"https:\\\/\\\/3d-edu.ch\\\/fr\\\/\",\"logo\":{\"@id\":\"https:\\\/\\\/3d-edu.ch\\\/fr\\\/boutique\\\/formlabs-temporary-cb-resin-starter-pack\\\/#local-main-organization-logo\"},\"image\":{\"@id\":\"https:\\\/\\\/3d-edu.ch\\\/fr\\\/boutique\\\/formlabs-temporary-cb-resin-starter-pack\\\/#local-main-organization-logo\"},\"sameAs\":[\"https:\\\/\\\/www.facebook.com\\\/3d-educh-210277586064960\\\/\",\"https:\\\/\\\/x.com\\\/3d_edu_ch\"],\"address\":{\"@id\":\"https:\\\/\\\/3d-edu.ch\\\/fr\\\/boutique\\\/formlabs-temporary-cb-resin-starter-pack\\\/#local-main-place-address\"},\"geo\":{\"@type\":\"GeoCoordinates\",\"latitude\":\"47.38413\",\"longitude\":\"8.49812\"},\"telephone\":[\"+41 44 492 11 22\"],\"openingHoursSpecification\":[{\"@type\":\"OpeningHoursSpecification\",\"dayOfWeek\":[\"Monday\",\"Tuesday\",\"Wednesday\",\"Thursday\",\"Friday\"],\"opens\":\"08:30\",\"closes\":\"18:00\"},{\"@type\":\"OpeningHoursSpecification\",\"dayOfWeek\":[\"Saturday\",\"Sunday\"],\"opens\":\"00:00\",\"closes\":\"00:00\"}],\"email\":\"info@3d-edu.ch\",\"faxNumber\":\"+41 44 492 11 23\",\"vatID\":\"CHE-184.499.491 MWST\",\"priceRange\":\"$$$\",\"currenciesAccepted\":\"CHF\"},{\"@type\":\"PostalAddress\",\"@id\":\"https:\\\/\\\/3d-edu.ch\\\/fr\\\/boutique\\\/formlabs-temporary-cb-resin-starter-pack\\\/#local-main-place-address\",\"streetAddress\":\"3D-EDU GmbH, Badenerstrasse 556\",\"addressLocality\":\"Z\u00fcrich\",\"postalCode\":\"8048\",\"addressRegion\":\"Z\u00fcrich\",\"addressCountry\":\"CH\"},{\"@type\":\"ImageObject\",\"inLanguage\":\"fr-FR\",\"@id\":\"https:\\\/\\\/3d-edu.ch\\\/fr\\\/boutique\\\/formlabs-temporary-cb-resin-starter-pack\\\/#local-main-organization-logo\",\"url\":\"https:\\\/\\\/3d-edu.ch\\\/wp-content\\\/uploads\\\/2018\\\/10\\\/3d-drucker-makerbot-formlabs-professionelle-3d-drucker-e1546527990490.png\",\"contentUrl\":\"https:\\\/\\\/3d-edu.ch\\\/wp-content\\\/uploads\\\/2018\\\/10\\\/3d-drucker-makerbot-formlabs-professionelle-3d-drucker-e1546527990490.png\",\"width\":275,\"height\":80,\"caption\":\"3D-EDU GmbH\"}]}<\/script>\n<meta property=\"product:brand\" content=\"Formlabs\" \/>\n<meta property=\"og:availability\" content=\"backorder\" \/>\n<meta property=\"product:availability\" content=\"available for order\" \/>\n<meta property=\"product:condition\" content=\"new\" \/>\n<meta name=\"geo.placename\" content=\"Z\u00fcrich\" \/>\n<meta name=\"geo.position\" content=\"47.38413;8.49812\" \/>\n<meta name=\"geo.region\" content=\"Suisse\" \/>\n<!-- \/ Yoast SEO Premium plugin. -->","yoast_head_json":{"title":"Formlabs Temporary CB Resin Starter Pack %%page% - Impression 3D de couronnes et bridges provisoires - 3D-EDU","robots":{"index":"index","follow":"follow","max-snippet":"max-snippet:-1","max-image-preview":"max-image-preview:large","max-video-preview":"max-video-preview:-1"},"canonical":"https:\/\/3d-edu.ch\/fr\/boutique\/formlabs-temporary-cb-resin-starter-pack\/","og_locale":"fr_FR","og_type":"article","og_title":"Formlabs Temporary CB Resin Starter Pack","og_description":"Formlabs Temporary CB Resin Starter Pack Temporary CB Resin est une r\u00e9sine de couleur dentaire pour l'impression 3D de couronnes et de bridges provisoires, d'inlays, d'onlays et de facettes. Cette r\u00e9sine est indiqu\u00e9e pour les bridges jusqu'\u00e0 sept \u00e9l\u00e9ments, offre cinq teintes et brille par son excellente adaptation marginale, sa r\u00e9sistance et son esth\u00e9tique. Les dispositifs dentaires en Temporary CB Resin peuvent \u00eatre scell\u00e9s avec du ciment temporaire traditionnel. Les proth\u00e8ses dentaires fabriqu\u00e9es avec Temporary CB Resin peuvent rester en bouche jusqu'\u00e0 12 mois. Les dispositifs dentaires fabriqu\u00e9s num\u00e9riquement permettent un processus rapide, \u00e9conomique et collaboratif entre les dentistes, les proth\u00e9sistes dentaires et les patients.","og_url":"https:\/\/3d-edu.ch\/fr\/boutique\/formlabs-temporary-cb-resin-starter-pack\/","og_site_name":"3D-EDU GmbH","article_publisher":"https:\/\/www.facebook.com\/3d-educh-210277586064960\/","article_modified_time":"2026-04-09T12:18:27+00:00","og_image":[{"width":380,"height":380,"url":"https:\/\/3d-edu.ch\/wp-content\/uploads\/2020\/08\/temporary-cb-resin-starter-pack.webp","type":"image\/webp"}],"twitter_card":"summary_large_image","twitter_site":"@3d_edu_ch","twitter_misc":{"Disponibilit\u00e9":"En r\u00e9assort"},"schema":{"@context":"https:\/\/schema.org","@graph":[{"@type":"WebPage","@id":"https:\/\/3d-edu.ch\/fr\/boutique\/formlabs-temporary-cb-resin-starter-pack\/","url":"https:\/\/3d-edu.ch\/fr\/boutique\/formlabs-temporary-cb-resin-starter-pack\/","name":"Formlabs Temporary CB Resin Starter Pack %%page% - Impression 3D de couronnes et bridges provisoires - 3D-EDU","isPartOf":{"@id":"https:\/\/3d-edu.ch\/fr\/#website"},"primaryImageOfPage":{"@id":"https:\/\/3d-edu.ch\/fr\/boutique\/formlabs-temporary-cb-resin-starter-pack\/#primaryimage"},"image":{"@id":"https:\/\/3d-edu.ch\/fr\/boutique\/formlabs-temporary-cb-resin-starter-pack\/#primaryimage"},"thumbnailUrl":"https:\/\/3d-edu.ch\/wp-content\/uploads\/2020\/08\/temporary-cb-resin-starter-pack.webp","datePublished":"2020-08-07T13:42:57+00:00","dateModified":"2026-04-09T12:18:27+00:00","breadcrumb":{"@id":"https:\/\/3d-edu.ch\/fr\/boutique\/formlabs-temporary-cb-resin-starter-pack\/#breadcrumb"},"inLanguage":"fr-FR","potentialAction":[{"@type":"ReadAction","target":["https:\/\/3d-edu.ch\/fr\/boutique\/formlabs-temporary-cb-resin-starter-pack\/"]}]},{"@type":"ImageObject","inLanguage":"fr-FR","@id":"https:\/\/3d-edu.ch\/fr\/boutique\/formlabs-temporary-cb-resin-starter-pack\/#primaryimage","url":"https:\/\/3d-edu.ch\/wp-content\/uploads\/2020\/08\/temporary-cb-resin-starter-pack.webp","contentUrl":"https:\/\/3d-edu.ch\/wp-content\/uploads\/2020\/08\/temporary-cb-resin-starter-pack.webp","width":380,"height":380,"caption":"Formlabs Temprary CB Resin Starter Pack"},{"@type":"BreadcrumbList","@id":"https:\/\/3d-edu.ch\/fr\/boutique\/formlabs-temporary-cb-resin-starter-pack\/#breadcrumb","itemListElement":[{"@type":"ListItem","position":1,"name":"Accueil","item":"https:\/\/3d-edu.ch\/fr\/"},{"@type":"ListItem","position":2,"name":"Boutique","item":"https:\/\/3d-edu.ch\/fr\/boutique\/"},{"@type":"ListItem","position":3,"name":"Formlabs Temporary CB Resin Starter Pack"}]},{"@type":"WebSite","@id":"https:\/\/3d-edu.ch\/fr\/#website","url":"https:\/\/3d-edu.ch\/fr\/","name":"3D-EDU GmbH","description":"Your Formlabs, UltiMaker and Raise3D Printer Support and Education Site in Switzerland. \/\/ Ihre Formlabs, UltiMaker and Raise3D Drucker Support und Bildungs Webseite der Schweiz.","publisher":{"@id":"https:\/\/3d-edu.ch\/fr\/#organization"},"potentialAction":[{"@type":"SearchAction","target":{"@type":"EntryPoint","urlTemplate":"https:\/\/3d-edu.ch\/fr\/?s={search_term_string}"},"query-input":{"@type":"PropertyValueSpecification","valueRequired":true,"valueName":"search_term_string"}}],"inLanguage":"fr-FR"},{"@type":["Organization","Place","ElectronicsStore"],"@id":"https:\/\/3d-edu.ch\/fr\/#organization","name":"3D-EDU GmbH","url":"https:\/\/3d-edu.ch\/fr\/","logo":{"@id":"https:\/\/3d-edu.ch\/fr\/boutique\/formlabs-temporary-cb-resin-starter-pack\/#local-main-organization-logo"},"image":{"@id":"https:\/\/3d-edu.ch\/fr\/boutique\/formlabs-temporary-cb-resin-starter-pack\/#local-main-organization-logo"},"sameAs":["https:\/\/www.facebook.com\/3d-educh-210277586064960\/","https:\/\/x.com\/3d_edu_ch"],"address":{"@id":"https:\/\/3d-edu.ch\/fr\/boutique\/formlabs-temporary-cb-resin-starter-pack\/#local-main-place-address"},"geo":{"@type":"GeoCoordinates","latitude":"47.38413","longitude":"8.49812"},"telephone":["+41 44 492 11 22"],"openingHoursSpecification":[{"@type":"OpeningHoursSpecification","dayOfWeek":["Monday","Tuesday","Wednesday","Thursday","Friday"],"opens":"08:30","closes":"18:00"},{"@type":"OpeningHoursSpecification","dayOfWeek":["Saturday","Sunday"],"opens":"00:00","closes":"00:00"}],"email":"info@3d-edu.ch","faxNumber":"+41 44 492 11 23","vatID":"CHE-184.499.491 MWST","priceRange":"$$$","currenciesAccepted":"CHF"},{"@type":"PostalAddress","@id":"https:\/\/3d-edu.ch\/fr\/boutique\/formlabs-temporary-cb-resin-starter-pack\/#local-main-place-address","streetAddress":"3D-EDU GmbH, Badenerstrasse 556","addressLocality":"Z\u00fcrich","postalCode":"8048","addressRegion":"Z\u00fcrich","addressCountry":"CH"},{"@type":"ImageObject","inLanguage":"fr-FR","@id":"https:\/\/3d-edu.ch\/fr\/boutique\/formlabs-temporary-cb-resin-starter-pack\/#local-main-organization-logo","url":"https:\/\/3d-edu.ch\/wp-content\/uploads\/2018\/10\/3d-drucker-makerbot-formlabs-professionelle-3d-drucker-e1546527990490.png","contentUrl":"https:\/\/3d-edu.ch\/wp-content\/uploads\/2018\/10\/3d-drucker-makerbot-formlabs-professionelle-3d-drucker-e1546527990490.png","width":275,"height":80,"caption":"3D-EDU GmbH"}]},"product_brand":"Formlabs","og_availability":"backorder","product_availability":"available for order","product_condition":"new","geo.placename":"Z\u00fcrich","geo.position":{"lat":"47.38413","long":"8.49812"},"geo.region":"Suisse"},"_links":{"self":[{"href":"https:\/\/3d-edu.ch\/fr\/wp-json\/wp\/v2\/product\/77300","targetHints":{"allow":["GET"]}}],"collection":[{"href":"https:\/\/3d-edu.ch\/fr\/wp-json\/wp\/v2\/product"}],"about":[{"href":"https:\/\/3d-edu.ch\/fr\/wp-json\/wp\/v2\/types\/product"}],"replies":[{"embeddable":true,"href":"https:\/\/3d-edu.ch\/fr\/wp-json\/wp\/v2\/comments?post=77300"}],"wp:featuredmedia":[{"embeddable":true,"href":"https:\/\/3d-edu.ch\/fr\/wp-json\/wp\/v2\/media\/67595"}],"wp:attachment":[{"href":"https:\/\/3d-edu.ch\/fr\/wp-json\/wp\/v2\/media?parent=77300"}],"wp:term":[{"taxonomy":"product_brand","embeddable":true,"href":"https:\/\/3d-edu.ch\/fr\/wp-json\/wp\/v2\/product_brand?post=77300"},{"taxonomy":"product_cat","embeddable":true,"href":"https:\/\/3d-edu.ch\/fr\/wp-json\/wp\/v2\/product_cat?post=77300"},{"taxonomy":"product_tag","embeddable":true,"href":"https:\/\/3d-edu.ch\/fr\/wp-json\/wp\/v2\/product_tag?post=77300"}],"curies":[{"name":"wp","href":"https:\/\/api.w.org\/{rel}","templated":true}]}}