{"id":77273,"date":"2020-05-27T12:12:28","date_gmt":"2020-05-27T10:12:28","guid":{"rendered":"https:\/\/3d-edu.ch\/shop\/makerbot-asa-materiau-de-precision\/"},"modified":"2026-05-11T23:32:19","modified_gmt":"2026-05-11T21:32:19","slug":"makerbot-asa-materiau-de-precision","status":"publish","type":"product","link":"https:\/\/3d-edu.ch\/fr\/boutique\/makerbot-asa-materiau-de-precision\/","title":{"rendered":"MakerBot ASA Mat\u00e9riau de pr\u00e9cision"},"content":{"rendered":"<h2>MakerBot ASA Filament de pr\u00e9cision 0.65 kg Smart Spool<\/h2>\n<h3>Inclus dans la livraison<\/h3>\n<ul>\n<li>1 Smart Spool&#x2122; MakerBot ASA Precision Filament 0,65 kg<\/li>\n<\/ul>\n<hr \/>\n<p><strong>MakerBot ASA Precision Model Material pour la MakerBot Method X<\/strong><\/p>\n<p>MakerBot Precision ASA est un mat\u00e9riau d&rsquo;impression 3D r\u00e9sistant aux intemp\u00e9ries, con\u00e7u pour produire des prototypes fonctionnels et des pi\u00e8ces d&rsquo;application finale performants dans des environnements ext\u00e9rieurs exigeants. Contrairement \u00e0 l&rsquo;ABS, l&rsquo;ASA est formul\u00e9 pour r\u00e9sister aux UV, ce qui lui permet de conserver sa brillance, sa couleur et ses propri\u00e9t\u00e9s m\u00e9caniques, m\u00eame lorsqu&rsquo;il est expos\u00e9 en permanence aux \u00e9l\u00e9ments ext\u00e9rieurs. Il convient donc aux applications exigeantes dans les secteurs de l&rsquo;automobile, de l&rsquo;\u00e9nergie et des services publics, de l&rsquo;agriculture, du p\u00e9trole et du gaz et des transports urbains. Le mat\u00e9riau est compatible avec le support soluble SR-30.   <\/p>\n<hr \/>\n<p><strong>Compatibilit\u00e9<\/strong><\/p>\n<p>Imprimante :<\/p>\n<p>Le filament MakerBot ASA Precision est compatible avec le<\/p>\n<ul>\n<li><a href=\"\/makerbot\/makerbot-3d-drucker\/makerbot-method-x\/\">Makerbot Method X<\/a><\/li>\n<\/ul>\n<p>Logiciel :<\/p>\n<p>Pour utiliser le MakerBot ASA Precision Material, le logiciel <a href=\"\/makerbot\/makerbot-apps\/makerbot-print\/\"><em>MakerBot Print<\/em><\/a> est n\u00e9cessaire.<\/p>\n<div class=\"accordion\">\n\t<div id=\"accordion-2233301922\" class=\"accordion-item\">\n\t\t<a id=\"accordion-2233301922-label\" class=\"accordion-title plain\" href=\"#accordion-item-plus-d&#039;informations\" aria-expanded=\"false\" aria-controls=\"accordion-2233301922-content\">\n\t\t\t<button class=\"toggle\" aria-label=\"Basculer\"><i class=\"icon-angle-down\" aria-hidden=\"true\"><\/i><\/button>\n\t\t\t<span>Plus d&#039;informations<\/span>\n\t\t<\/a>\n\t\t<div id=\"accordion-2233301922-content\" class=\"accordion-inner\" aria-labelledby=\"accordion-2233301922-label\">\n\t\t\t\n<p><strong>Type de bobine<\/strong><br \/>\nLa Smart Spool&#x2122; fournit de pr\u00e9cieuses informations sur le type de mat\u00e9riau, la couleur et la quantit\u00e9 restante directement au logiciel MakerBot Print via une puce RFID. Un dessiccateur dans la bobine permet \u00e9galement de maintenir un faible taux d&rsquo;humidit\u00e9 dans le bac \u00e0 mat\u00e9riaux de l&rsquo;imprimante 3D MakerBot Method. <\/p>\n<p><strong>Environnement de travail<\/strong><br \/>\nConserver le support MakerBot Precision ASA dans le sac en polyester fourni pour \u00e9viter l&rsquo;absorption d&rsquo;humidit\u00e9 par l&rsquo;air. L&rsquo;absorption d&rsquo;humidit\u00e9 peut affecter la qualit\u00e9 du mat\u00e9riau et ses performances. Assurez-vous que le d\u00e9shydratant int\u00e9gr\u00e9 se trouve dans la bobine pour absorber l&rsquo;humidit\u00e9 pendant le chargement du mat\u00e9riau.  <\/p>\n<p><a href=\"https:\/\/3d-edu.ch\/fr\/makerbot\/filament-makerbot\/materiaux-makerbot-method\/\">Plus d&rsquo;informations sur les produits<\/a><\/p>\n\t\t<\/div>\n\t<\/div>\n\t\n<\/div>\n","protected":false},"excerpt":{"rendered":"<h3>MakerBot ASA Precision Filament dans le Smart Spool&#x2122; de 0,65 kg<\/h3>\n<p>L&rsquo;ASA combine les propri\u00e9t\u00e9s de l&rsquo;ABS avec l&rsquo;avantage suppl\u00e9mentaire d&rsquo;une r\u00e9sistance aux UV et d&rsquo;une r\u00e9sistance suppl\u00e9mentaire \u00e0 l&rsquo;humidit\u00e9. Il convient donc aux appareils expos\u00e9s au soleil et \u00e0 la pluie pendant de longues p\u00e9riodes - comme les produits destin\u00e9s \u00e0 l&rsquo;agriculture, au transport et \u00e0 l&rsquo;industrie de l&rsquo;\u00e9nergie et des services publics. <\/p>\n<table>\n<tbody>\n<tr>\n<td width=\"100\">Fabricant<\/td>\n<td>MakerBot<\/td>\n<\/tr>\n<tr>\n<td>Taille de la bobine<\/td>\n<td>0,65 kg<\/td>\n<\/tr>\n<tr>\n<td>Diam\u00e8tre<\/td>\n<td>1,75 mm<\/td>\n<\/tr>\n<\/tbody>\n<\/table>\n","protected":false},"featured_media":62126,"comment_status":"closed","ping_status":"closed","template":"","meta":[],"product_brand":[],"product_cat":[10388,10333],"product_tag":[8961,8822,8185,8189],"class_list":{"0":"post-77273","1":"product","2":"type-product","3":"status-publish","4":"has-post-thumbnail","6":"product_cat-filament-asa","7":"product_cat-methodes-materiaux","8":"product_tag-filament-asa","9":"product_tag-filament-makerbot","10":"product_tag-makerbot","11":"product_tag-methode-x","12":"yith_product_brand-ultimaker","14":"first","15":"instock","16":"taxable","17":"shipping-taxable","18":"purchasable","19":"product-type-variable","20":"has-default-attributes"},"yoast_head":"<!-- This site is optimized with the Yoast SEO Premium plugin v27.5 (Yoast SEO v27.5) - https:\/\/yoast.com\/product\/yoast-seo-premium-wordpress\/ -->\n<title>Acheter du filament MakerBot ASA Precision | 3D-EDU GmbH<\/title>\n<meta name=\"description\" content=\"Acheter du filament ASA MakerBot. Le filament ASA est adapt\u00e9 aux applications ext\u00e9rieures ; r\u00e9sistant aux UV et aux intemp\u00e9ries. Mat\u00e9riau ASA Precision pour la MakerBot Method X.\" \/>\n<meta name=\"robots\" content=\"index, follow, max-snippet:-1, max-image-preview:large, max-video-preview:-1\" \/>\n<link rel=\"canonical\" href=\"https:\/\/3d-edu.ch\/fr\/boutique\/makerbot-asa-materiau-de-precision\/\" \/>\n<meta property=\"og:locale\" content=\"fr_FR\" \/>\n<meta property=\"og:type\" content=\"article\" \/>\n<meta property=\"og:title\" content=\"MakerBot ASA Mat\u00e9riau de pr\u00e9cision\" \/>\n<meta property=\"og:description\" content=\"Acheter du filament ASA MakerBot. Le filament ASA est adapt\u00e9 aux applications ext\u00e9rieures ; r\u00e9sistant aux UV et aux intemp\u00e9ries. Mat\u00e9riau ASA Precision pour la MakerBot Method X.\" \/>\n<meta property=\"og:url\" content=\"https:\/\/3d-edu.ch\/fr\/boutique\/makerbot-asa-materiau-de-precision\/\" \/>\n<meta property=\"og:site_name\" content=\"3D-EDU GmbH\" \/>\n<meta property=\"article:publisher\" content=\"https:\/\/www.facebook.com\/3d-educh-210277586064960\/\" \/>\n<meta property=\"article:modified_time\" content=\"2026-05-11T21:32:19+00:00\" \/>\n<meta property=\"og:image\" content=\"https:\/\/3d-edu.ch\/wp-content\/uploads\/2020\/05\/makerbot-asa-precision-filament-for-method.jpg\" \/>\n\t<meta property=\"og:image:width\" content=\"380\" \/>\n\t<meta property=\"og:image:height\" content=\"380\" \/>\n\t<meta property=\"og:image:type\" content=\"image\/jpeg\" \/>\n<meta name=\"twitter:card\" content=\"summary_large_image\" \/>\n<meta name=\"twitter:site\" content=\"@3d_edu_ch\" \/>\n<meta name=\"twitter:label1\" content=\"Disponibilit\u00e9\" \/>\n\t<meta name=\"twitter:data1\" content=\"En stock\" \/>\n<script type=\"application\/ld+json\" class=\"yoast-schema-graph\">{\"@context\":\"https:\\\/\\\/schema.org\",\"@graph\":[{\"@type\":\"WebPage\",\"@id\":\"https:\\\/\\\/3d-edu.ch\\\/fr\\\/boutique\\\/makerbot-asa-materiau-de-precision\\\/\",\"url\":\"https:\\\/\\\/3d-edu.ch\\\/fr\\\/boutique\\\/makerbot-asa-materiau-de-precision\\\/\",\"name\":\"Acheter du filament MakerBot ASA Precision | 3D-EDU GmbH\",\"isPartOf\":{\"@id\":\"https:\\\/\\\/3d-edu.ch\\\/fr\\\/#website\"},\"primaryImageOfPage\":{\"@id\":\"https:\\\/\\\/3d-edu.ch\\\/fr\\\/boutique\\\/makerbot-asa-materiau-de-precision\\\/#primaryimage\"},\"image\":{\"@id\":\"https:\\\/\\\/3d-edu.ch\\\/fr\\\/boutique\\\/makerbot-asa-materiau-de-precision\\\/#primaryimage\"},\"thumbnailUrl\":\"https:\\\/\\\/3d-edu.ch\\\/wp-content\\\/uploads\\\/2020\\\/05\\\/makerbot-asa-precision-filament-for-method.jpg\",\"datePublished\":\"2020-05-27T10:12:28+00:00\",\"dateModified\":\"2026-05-11T21:32:19+00:00\",\"description\":\"Acheter du filament ASA MakerBot. Le filament ASA est adapt\u00e9 aux applications ext\u00e9rieures ; r\u00e9sistant aux UV et aux intemp\u00e9ries. Mat\u00e9riau ASA Precision pour la MakerBot Method X.\",\"breadcrumb\":{\"@id\":\"https:\\\/\\\/3d-edu.ch\\\/fr\\\/boutique\\\/makerbot-asa-materiau-de-precision\\\/#breadcrumb\"},\"inLanguage\":\"fr-FR\",\"potentialAction\":[{\"@type\":\"ReadAction\",\"target\":[\"https:\\\/\\\/3d-edu.ch\\\/fr\\\/boutique\\\/makerbot-asa-materiau-de-precision\\\/\"]}]},{\"@type\":\"ImageObject\",\"inLanguage\":\"fr-FR\",\"@id\":\"https:\\\/\\\/3d-edu.ch\\\/fr\\\/boutique\\\/makerbot-asa-materiau-de-precision\\\/#primaryimage\",\"url\":\"https:\\\/\\\/3d-edu.ch\\\/wp-content\\\/uploads\\\/2020\\\/05\\\/makerbot-asa-precision-filament-for-method.jpg\",\"contentUrl\":\"https:\\\/\\\/3d-edu.ch\\\/wp-content\\\/uploads\\\/2020\\\/05\\\/makerbot-asa-precision-filament-for-method.jpg\",\"width\":380,\"height\":380,\"caption\":\"Filament MakerBot ASA\"},{\"@type\":\"BreadcrumbList\",\"@id\":\"https:\\\/\\\/3d-edu.ch\\\/fr\\\/boutique\\\/makerbot-asa-materiau-de-precision\\\/#breadcrumb\",\"itemListElement\":[{\"@type\":\"ListItem\",\"position\":1,\"name\":\"Accueil\",\"item\":\"https:\\\/\\\/3d-edu.ch\\\/fr\\\/\"},{\"@type\":\"ListItem\",\"position\":2,\"name\":\"Boutique\",\"item\":\"https:\\\/\\\/3d-edu.ch\\\/fr\\\/boutique\\\/\"},{\"@type\":\"ListItem\",\"position\":3,\"name\":\"MakerBot ASA Mat\u00e9riau de pr\u00e9cision\"}]},{\"@type\":\"WebSite\",\"@id\":\"https:\\\/\\\/3d-edu.ch\\\/fr\\\/#website\",\"url\":\"https:\\\/\\\/3d-edu.ch\\\/fr\\\/\",\"name\":\"3D-EDU GmbH\",\"description\":\"Your Formlabs, UltiMaker and Raise3D Printer Support and Education Site in Switzerland. \\\/\\\/ Ihre Formlabs, UltiMaker and Raise3D Drucker Support und Bildungs Webseite der Schweiz.\",\"publisher\":{\"@id\":\"https:\\\/\\\/3d-edu.ch\\\/fr\\\/#organization\"},\"potentialAction\":[{\"@type\":\"SearchAction\",\"target\":{\"@type\":\"EntryPoint\",\"urlTemplate\":\"https:\\\/\\\/3d-edu.ch\\\/fr\\\/?s={search_term_string}\"},\"query-input\":{\"@type\":\"PropertyValueSpecification\",\"valueRequired\":true,\"valueName\":\"search_term_string\"}}],\"inLanguage\":\"fr-FR\"},{\"@type\":[\"Organization\",\"Place\",\"ElectronicsStore\"],\"@id\":\"https:\\\/\\\/3d-edu.ch\\\/fr\\\/#organization\",\"name\":\"3D-EDU GmbH\",\"url\":\"https:\\\/\\\/3d-edu.ch\\\/fr\\\/\",\"logo\":{\"@id\":\"https:\\\/\\\/3d-edu.ch\\\/fr\\\/boutique\\\/makerbot-asa-materiau-de-precision\\\/#local-main-organization-logo\"},\"image\":{\"@id\":\"https:\\\/\\\/3d-edu.ch\\\/fr\\\/boutique\\\/makerbot-asa-materiau-de-precision\\\/#local-main-organization-logo\"},\"sameAs\":[\"https:\\\/\\\/www.facebook.com\\\/3d-educh-210277586064960\\\/\",\"https:\\\/\\\/x.com\\\/3d_edu_ch\"],\"address\":{\"@id\":\"https:\\\/\\\/3d-edu.ch\\\/fr\\\/boutique\\\/makerbot-asa-materiau-de-precision\\\/#local-main-place-address\"},\"geo\":{\"@type\":\"GeoCoordinates\",\"latitude\":\"47.38413\",\"longitude\":\"8.49812\"},\"telephone\":[\"+41 44 492 11 22\"],\"openingHoursSpecification\":[{\"@type\":\"OpeningHoursSpecification\",\"dayOfWeek\":[\"Monday\",\"Tuesday\",\"Wednesday\",\"Thursday\",\"Friday\"],\"opens\":\"08:30\",\"closes\":\"18:00\"},{\"@type\":\"OpeningHoursSpecification\",\"dayOfWeek\":[\"Saturday\",\"Sunday\"],\"opens\":\"00:00\",\"closes\":\"00:00\"}],\"email\":\"info@3d-edu.ch\",\"faxNumber\":\"+41 44 492 11 23\",\"vatID\":\"CHE-184.499.491 MWST\",\"priceRange\":\"$$$\",\"currenciesAccepted\":\"CHF\"},{\"@type\":\"PostalAddress\",\"@id\":\"https:\\\/\\\/3d-edu.ch\\\/fr\\\/boutique\\\/makerbot-asa-materiau-de-precision\\\/#local-main-place-address\",\"streetAddress\":\"3D-EDU GmbH, Badenerstrasse 556\",\"addressLocality\":\"Z\u00fcrich\",\"postalCode\":\"8048\",\"addressRegion\":\"Z\u00fcrich\",\"addressCountry\":\"CH\"},{\"@type\":\"ImageObject\",\"inLanguage\":\"fr-FR\",\"@id\":\"https:\\\/\\\/3d-edu.ch\\\/fr\\\/boutique\\\/makerbot-asa-materiau-de-precision\\\/#local-main-organization-logo\",\"url\":\"https:\\\/\\\/3d-edu.ch\\\/wp-content\\\/uploads\\\/2018\\\/10\\\/3d-drucker-makerbot-formlabs-professionelle-3d-drucker-e1546527990490.png\",\"contentUrl\":\"https:\\\/\\\/3d-edu.ch\\\/wp-content\\\/uploads\\\/2018\\\/10\\\/3d-drucker-makerbot-formlabs-professionelle-3d-drucker-e1546527990490.png\",\"width\":275,\"height\":80,\"caption\":\"3D-EDU GmbH\"}]}<\/script>\n<meta property=\"product:brand\" content=\"Filament ASA\" \/>\n<meta property=\"og:availability\" content=\"instock\" \/>\n<meta property=\"product:availability\" content=\"instock\" \/>\n<meta property=\"product:condition\" content=\"new\" \/>\n<meta name=\"geo.placename\" content=\"Z\u00fcrich\" \/>\n<meta name=\"geo.position\" content=\"47.38413;8.49812\" \/>\n<meta name=\"geo.region\" content=\"Suisse\" \/>\n<!-- \/ Yoast SEO Premium plugin. -->","yoast_head_json":{"title":"Acheter du filament MakerBot ASA Precision | 3D-EDU GmbH","description":"Acheter du filament ASA MakerBot. Le filament ASA est adapt\u00e9 aux applications ext\u00e9rieures ; r\u00e9sistant aux UV et aux intemp\u00e9ries. Mat\u00e9riau ASA Precision pour la MakerBot Method X.","robots":{"index":"index","follow":"follow","max-snippet":"max-snippet:-1","max-image-preview":"max-image-preview:large","max-video-preview":"max-video-preview:-1"},"canonical":"https:\/\/3d-edu.ch\/fr\/boutique\/makerbot-asa-materiau-de-precision\/","og_locale":"fr_FR","og_type":"article","og_title":"MakerBot ASA Mat\u00e9riau de pr\u00e9cision","og_description":"Acheter du filament ASA MakerBot. Le filament ASA est adapt\u00e9 aux applications ext\u00e9rieures ; r\u00e9sistant aux UV et aux intemp\u00e9ries. Mat\u00e9riau ASA Precision pour la MakerBot Method X.","og_url":"https:\/\/3d-edu.ch\/fr\/boutique\/makerbot-asa-materiau-de-precision\/","og_site_name":"3D-EDU GmbH","article_publisher":"https:\/\/www.facebook.com\/3d-educh-210277586064960\/","article_modified_time":"2026-05-11T21:32:19+00:00","og_image":[{"width":380,"height":380,"url":"https:\/\/3d-edu.ch\/wp-content\/uploads\/2020\/05\/makerbot-asa-precision-filament-for-method.jpg","type":"image\/jpeg"}],"twitter_card":"summary_large_image","twitter_site":"@3d_edu_ch","twitter_misc":{"Disponibilit\u00e9":"En stock"},"schema":{"@context":"https:\/\/schema.org","@graph":[{"@type":"WebPage","@id":"https:\/\/3d-edu.ch\/fr\/boutique\/makerbot-asa-materiau-de-precision\/","url":"https:\/\/3d-edu.ch\/fr\/boutique\/makerbot-asa-materiau-de-precision\/","name":"Acheter du filament MakerBot ASA Precision | 3D-EDU GmbH","isPartOf":{"@id":"https:\/\/3d-edu.ch\/fr\/#website"},"primaryImageOfPage":{"@id":"https:\/\/3d-edu.ch\/fr\/boutique\/makerbot-asa-materiau-de-precision\/#primaryimage"},"image":{"@id":"https:\/\/3d-edu.ch\/fr\/boutique\/makerbot-asa-materiau-de-precision\/#primaryimage"},"thumbnailUrl":"https:\/\/3d-edu.ch\/wp-content\/uploads\/2020\/05\/makerbot-asa-precision-filament-for-method.jpg","datePublished":"2020-05-27T10:12:28+00:00","dateModified":"2026-05-11T21:32:19+00:00","description":"Acheter du filament ASA MakerBot. Le filament ASA est adapt\u00e9 aux applications ext\u00e9rieures ; r\u00e9sistant aux UV et aux intemp\u00e9ries. Mat\u00e9riau ASA Precision pour la MakerBot Method X.","breadcrumb":{"@id":"https:\/\/3d-edu.ch\/fr\/boutique\/makerbot-asa-materiau-de-precision\/#breadcrumb"},"inLanguage":"fr-FR","potentialAction":[{"@type":"ReadAction","target":["https:\/\/3d-edu.ch\/fr\/boutique\/makerbot-asa-materiau-de-precision\/"]}]},{"@type":"ImageObject","inLanguage":"fr-FR","@id":"https:\/\/3d-edu.ch\/fr\/boutique\/makerbot-asa-materiau-de-precision\/#primaryimage","url":"https:\/\/3d-edu.ch\/wp-content\/uploads\/2020\/05\/makerbot-asa-precision-filament-for-method.jpg","contentUrl":"https:\/\/3d-edu.ch\/wp-content\/uploads\/2020\/05\/makerbot-asa-precision-filament-for-method.jpg","width":380,"height":380,"caption":"Filament MakerBot ASA"},{"@type":"BreadcrumbList","@id":"https:\/\/3d-edu.ch\/fr\/boutique\/makerbot-asa-materiau-de-precision\/#breadcrumb","itemListElement":[{"@type":"ListItem","position":1,"name":"Accueil","item":"https:\/\/3d-edu.ch\/fr\/"},{"@type":"ListItem","position":2,"name":"Boutique","item":"https:\/\/3d-edu.ch\/fr\/boutique\/"},{"@type":"ListItem","position":3,"name":"MakerBot ASA Mat\u00e9riau de pr\u00e9cision"}]},{"@type":"WebSite","@id":"https:\/\/3d-edu.ch\/fr\/#website","url":"https:\/\/3d-edu.ch\/fr\/","name":"3D-EDU GmbH","description":"Your Formlabs, UltiMaker and Raise3D Printer Support and Education Site in Switzerland. \/\/ Ihre Formlabs, UltiMaker and Raise3D Drucker Support und Bildungs Webseite der Schweiz.","publisher":{"@id":"https:\/\/3d-edu.ch\/fr\/#organization"},"potentialAction":[{"@type":"SearchAction","target":{"@type":"EntryPoint","urlTemplate":"https:\/\/3d-edu.ch\/fr\/?s={search_term_string}"},"query-input":{"@type":"PropertyValueSpecification","valueRequired":true,"valueName":"search_term_string"}}],"inLanguage":"fr-FR"},{"@type":["Organization","Place","ElectronicsStore"],"@id":"https:\/\/3d-edu.ch\/fr\/#organization","name":"3D-EDU GmbH","url":"https:\/\/3d-edu.ch\/fr\/","logo":{"@id":"https:\/\/3d-edu.ch\/fr\/boutique\/makerbot-asa-materiau-de-precision\/#local-main-organization-logo"},"image":{"@id":"https:\/\/3d-edu.ch\/fr\/boutique\/makerbot-asa-materiau-de-precision\/#local-main-organization-logo"},"sameAs":["https:\/\/www.facebook.com\/3d-educh-210277586064960\/","https:\/\/x.com\/3d_edu_ch"],"address":{"@id":"https:\/\/3d-edu.ch\/fr\/boutique\/makerbot-asa-materiau-de-precision\/#local-main-place-address"},"geo":{"@type":"GeoCoordinates","latitude":"47.38413","longitude":"8.49812"},"telephone":["+41 44 492 11 22"],"openingHoursSpecification":[{"@type":"OpeningHoursSpecification","dayOfWeek":["Monday","Tuesday","Wednesday","Thursday","Friday"],"opens":"08:30","closes":"18:00"},{"@type":"OpeningHoursSpecification","dayOfWeek":["Saturday","Sunday"],"opens":"00:00","closes":"00:00"}],"email":"info@3d-edu.ch","faxNumber":"+41 44 492 11 23","vatID":"CHE-184.499.491 MWST","priceRange":"$$$","currenciesAccepted":"CHF"},{"@type":"PostalAddress","@id":"https:\/\/3d-edu.ch\/fr\/boutique\/makerbot-asa-materiau-de-precision\/#local-main-place-address","streetAddress":"3D-EDU GmbH, Badenerstrasse 556","addressLocality":"Z\u00fcrich","postalCode":"8048","addressRegion":"Z\u00fcrich","addressCountry":"CH"},{"@type":"ImageObject","inLanguage":"fr-FR","@id":"https:\/\/3d-edu.ch\/fr\/boutique\/makerbot-asa-materiau-de-precision\/#local-main-organization-logo","url":"https:\/\/3d-edu.ch\/wp-content\/uploads\/2018\/10\/3d-drucker-makerbot-formlabs-professionelle-3d-drucker-e1546527990490.png","contentUrl":"https:\/\/3d-edu.ch\/wp-content\/uploads\/2018\/10\/3d-drucker-makerbot-formlabs-professionelle-3d-drucker-e1546527990490.png","width":275,"height":80,"caption":"3D-EDU GmbH"}]},"product_brand":"Filament ASA","og_availability":"instock","product_availability":"instock","product_condition":"new","geo.placename":"Z\u00fcrich","geo.position":{"lat":"47.38413","long":"8.49812"},"geo.region":"Suisse"},"_links":{"self":[{"href":"https:\/\/3d-edu.ch\/fr\/wp-json\/wp\/v2\/product\/77273","targetHints":{"allow":["GET"]}}],"collection":[{"href":"https:\/\/3d-edu.ch\/fr\/wp-json\/wp\/v2\/product"}],"about":[{"href":"https:\/\/3d-edu.ch\/fr\/wp-json\/wp\/v2\/types\/product"}],"replies":[{"embeddable":true,"href":"https:\/\/3d-edu.ch\/fr\/wp-json\/wp\/v2\/comments?post=77273"}],"wp:featuredmedia":[{"embeddable":true,"href":"https:\/\/3d-edu.ch\/fr\/wp-json\/wp\/v2\/media\/62126"}],"wp:attachment":[{"href":"https:\/\/3d-edu.ch\/fr\/wp-json\/wp\/v2\/media?parent=77273"}],"wp:term":[{"taxonomy":"product_brand","embeddable":true,"href":"https:\/\/3d-edu.ch\/fr\/wp-json\/wp\/v2\/product_brand?post=77273"},{"taxonomy":"product_cat","embeddable":true,"href":"https:\/\/3d-edu.ch\/fr\/wp-json\/wp\/v2\/product_cat?post=77273"},{"taxonomy":"product_tag","embeddable":true,"href":"https:\/\/3d-edu.ch\/fr\/wp-json\/wp\/v2\/product_tag?post=77273"}],"curies":[{"name":"wp","href":"https:\/\/api.w.org\/{rel}","templated":true}]}}