{"id":77262,"date":"2021-01-07T16:23:22","date_gmt":"2021-01-07T16:23:22","guid":{"rendered":"https:\/\/3d-edu.ch\/shop\/formlabs-permanent-crown-resin-1kg-0-7l\/"},"modified":"2026-04-09T14:13:23","modified_gmt":"2026-04-09T12:13:23","slug":"formlabs-permanent-crown-resin-1kg-0-7l","status":"publish","type":"product","link":"https:\/\/3d-edu.ch\/fr\/boutique\/formlabs-permanent-crown-resin-1kg-0-7l\/","title":{"rendered":"Formlabs Permanent Crown Resin 1kg (0.7L)"},"content":{"rendered":"<h3>R\u00e9sine de couronne permanente<\/h3>\n<p>La biblioth\u00e8que de mat\u00e9riaux de r\u00e9sines dentaires de Formlabs permet aux cabinets et aux laboratoires dentaires de fabriquer rapidement diff\u00e9rents produits dentaires en interne, des guides chirurgicaux et attelles biocompatibles aux mod\u00e8les de proth\u00e8ses fixes et d&rsquo;aligneurs transparents. Pour imprimer avec la Permanent Crown Resin, il faut une plateforme de construction en acier inoxydable.<\/p>\n<div class=\"accordion\">\n\t<div id=\"accordion-3178501429\" class=\"accordion-item\">\n\t\t<a id=\"accordion-3178501429-label\" class=\"accordion-title plain\" href=\"#accordion-item-plus-d&#039;informations\" aria-expanded=\"false\" aria-controls=\"accordion-3178501429-content\">\n\t\t\t<button class=\"toggle\" aria-label=\"Basculer\"><i class=\"icon-angle-down\" aria-hidden=\"true\"><\/i><\/button>\n\t\t\t<span>Plus d&#039;informations<\/span>\n\t\t<\/a>\n\t\t<div id=\"accordion-3178501429-content\" class=\"accordion-inner\" aria-labelledby=\"accordion-3178501429-label\">\n\t\t\t\n<h5>Contenu de la livraison<\/h5>\n<p>1x Permanent Crown Resin 1kg (0.7L) de la couleur de votre choix<\/p>\n<p>R\u00e9solutions d&rsquo;impression prises en charge : 50 microns.<br \/>\nPost-traitement requis.<br \/>\nDisponible pour Form 3B, Form 2. Non compatible avec Form 3.<br \/>\nResin <a href=\"https:\/\/3d-edu.ch\/fr\/boutique\/form-2-resin-tank-lt-reservoir-de-resine-lt\/\">Tank LT<\/a> n\u00e9cessaire pour le Form 2.<br \/>\n<a href=\"https:\/\/3d-edu.ch\/fr\/boutique\/formlabs-permanent-crown-resin-starter-pack\/\">Plate-forme de construction en acier inoxydable<\/a><\/p>\n<h5>Instructions<\/h5>\n<p>T\u00e9l\u00e9chargez le <a href=\"\/wp-content\/uploads\/2021\/01\/2002494-GD-DE-0P.pdf.pdf\">guide d&rsquo;application<\/a> pour d\u00e9couvrir l&rsquo;ensemble du processus de travail num\u00e9rique et les meilleures pratiques pour la fabrication de dispositifs dentaires permanents imprim\u00e9s en 3D.<\/p>\n\t\t<\/div>\n\t<\/div>\n\t\n<\/div>\n","protected":false},"excerpt":{"rendered":"<h2><strong>Formlabs Permanent Crown Resin<\/strong><\/h2>\n<p>Permanent Crown Resin est une r\u00e9sine de couleur dentaire, charg\u00e9e de c\u00e9ramique, pour l&rsquo;impression 3D de couronnes unitaires permanentes, d&rsquo;inlays, d&rsquo;onlays et de facettes. Permanent Crown Resin offre des restaurations solides et durables avec un ajustement pr\u00e9cis. La faible absorption d&rsquo;eau et la surface lisse garantissent que les restaurations en Permanent Crown Resin ne vieillissent ou ne se d\u00e9colorent pas et que la plaque dentaire ne s&rsquo;accumule pas.  <\/p>\n<p>Cette r\u00e9sine est disponible en quatre teintes VITA* (A2, A3, B1, C2).<\/p>\n<p>Id\u00e9ales pour les restaurations implanto-port\u00e9es, les couronnes antagonistes peuvent \u00eatre fix\u00e9es par connexion ou par scellement.<\/p>\n<p><small>* VITA est une marque d\u00e9pos\u00e9e qui n&rsquo;est pas associ\u00e9e \u00e0 Formlabs, Inc. <\/small><\/p>\n","protected":false},"featured_media":63315,"comment_status":"closed","ping_status":"closed","template":"","meta":[],"product_brand":[],"product_cat":[7886,7885,7780,7880],"product_tag":[7784,8357,8358,8053],"class_list":{"0":"post-77262","1":"product","2":"type-product","3":"status-publish","4":"has-post-thumbnail","6":"product_cat-dentaire-fr","7":"product_cat-form-2-3-l-resine-fr","8":"product_cat-formlabs-fr","9":"product_cat-materiaux-formlabs-fr","10":"product_tag-formlabs-fr","11":"product_tag-formlabs-form-2","12":"product_tag-formlabs-form-3b","13":"product_tag-resine-formlabs","15":"first","16":"onbackorder","17":"taxable","18":"shipping-taxable","19":"purchasable","20":"product-type-variable"},"yoast_head":"<!-- This site is optimized with the Yoast SEO Premium plugin v27.4 (Yoast SEO v27.4) - https:\/\/yoast.com\/product\/yoast-seo-premium-wordpress\/ -->\n<title>Formlabs Permanent Crown Resin 1kg (0.7L) %%page% - Impression 3D de couronnes permanentes<\/title>\n<meta name=\"robots\" content=\"index, follow, max-snippet:-1, max-image-preview:large, max-video-preview:-1\" \/>\n<link rel=\"canonical\" href=\"https:\/\/3d-edu.ch\/fr\/boutique\/formlabs-permanent-crown-resin-1kg-0-7l\/\" \/>\n<meta property=\"og:locale\" content=\"fr_FR\" \/>\n<meta property=\"og:type\" content=\"article\" \/>\n<meta property=\"og:title\" content=\"Formlabs Permanent Crown Resin 1kg (0.7L)\" \/>\n<meta property=\"og:description\" content=\"Formlabs Permanent Crown Resin Permanent Crown Resin est une r\u00e9sine de couleur dentaire, charg\u00e9e de c\u00e9ramique, pour l&#039;impression 3D de couronnes unitaires permanentes, d&#039;inlays, d&#039;onlays et de facettes. Permanent Crown Resin offre des restaurations solides et durables avec un ajustement pr\u00e9cis. La faible absorption d&#039;eau et la surface lisse garantissent que les restaurations en Permanent Crown Resin ne vieillissent ou ne se d\u00e9colorent pas et que la plaque dentaire ne s&#039;accumule pas.  Cette r\u00e9sine est disponible en quatre teintes VITA* (A2, A3, B1, C2). Id\u00e9ales pour les restaurations implanto-port\u00e9es, les couronnes antagonistes peuvent \u00eatre fix\u00e9es par connexion ou par scellement. * VITA est une marque d\u00e9pos\u00e9e qui n&#039;est pas associ\u00e9e \u00e0 Formlabs, Inc.\" \/>\n<meta property=\"og:url\" content=\"https:\/\/3d-edu.ch\/fr\/boutique\/formlabs-permanent-crown-resin-1kg-0-7l\/\" \/>\n<meta property=\"og:site_name\" content=\"3D-EDU GmbH\" \/>\n<meta property=\"article:publisher\" content=\"https:\/\/www.facebook.com\/3d-educh-210277586064960\/\" \/>\n<meta property=\"article:modified_time\" content=\"2026-04-09T12:13:23+00:00\" \/>\n<meta property=\"og:image\" content=\"https:\/\/3d-edu.ch\/wp-content\/uploads\/2021\/01\/formlabs-resin-permanent-crown.jpg\" \/>\n\t<meta property=\"og:image:width\" content=\"380\" \/>\n\t<meta property=\"og:image:height\" content=\"380\" \/>\n\t<meta property=\"og:image:type\" content=\"image\/jpeg\" \/>\n<meta name=\"twitter:card\" content=\"summary_large_image\" \/>\n<meta name=\"twitter:site\" content=\"@3d_edu_ch\" \/>\n<meta name=\"twitter:label1\" content=\"Disponibilit\u00e9\" \/>\n\t<meta name=\"twitter:data1\" content=\"En r\u00e9assort\" \/>\n<script type=\"application\/ld+json\" class=\"yoast-schema-graph\">{\"@context\":\"https:\\\/\\\/schema.org\",\"@graph\":[{\"@type\":\"WebPage\",\"@id\":\"https:\\\/\\\/3d-edu.ch\\\/fr\\\/boutique\\\/formlabs-permanent-crown-resin-1kg-0-7l\\\/\",\"url\":\"https:\\\/\\\/3d-edu.ch\\\/fr\\\/boutique\\\/formlabs-permanent-crown-resin-1kg-0-7l\\\/\",\"name\":\"Formlabs Permanent Crown Resin 1kg (0.7L) %%page% - Impression 3D de couronnes permanentes\",\"isPartOf\":{\"@id\":\"https:\\\/\\\/3d-edu.ch\\\/fr\\\/#website\"},\"primaryImageOfPage\":{\"@id\":\"https:\\\/\\\/3d-edu.ch\\\/fr\\\/boutique\\\/formlabs-permanent-crown-resin-1kg-0-7l\\\/#primaryimage\"},\"image\":{\"@id\":\"https:\\\/\\\/3d-edu.ch\\\/fr\\\/boutique\\\/formlabs-permanent-crown-resin-1kg-0-7l\\\/#primaryimage\"},\"thumbnailUrl\":\"https:\\\/\\\/3d-edu.ch\\\/wp-content\\\/uploads\\\/2021\\\/01\\\/formlabs-resin-permanent-crown.jpg\",\"datePublished\":\"2021-01-07T16:23:22+00:00\",\"dateModified\":\"2026-04-09T12:13:23+00:00\",\"breadcrumb\":{\"@id\":\"https:\\\/\\\/3d-edu.ch\\\/fr\\\/boutique\\\/formlabs-permanent-crown-resin-1kg-0-7l\\\/#breadcrumb\"},\"inLanguage\":\"fr-FR\",\"potentialAction\":[{\"@type\":\"ReadAction\",\"target\":[\"https:\\\/\\\/3d-edu.ch\\\/fr\\\/boutique\\\/formlabs-permanent-crown-resin-1kg-0-7l\\\/\"]}]},{\"@type\":\"ImageObject\",\"inLanguage\":\"fr-FR\",\"@id\":\"https:\\\/\\\/3d-edu.ch\\\/fr\\\/boutique\\\/formlabs-permanent-crown-resin-1kg-0-7l\\\/#primaryimage\",\"url\":\"https:\\\/\\\/3d-edu.ch\\\/wp-content\\\/uploads\\\/2021\\\/01\\\/formlabs-resin-permanent-crown.jpg\",\"contentUrl\":\"https:\\\/\\\/3d-edu.ch\\\/wp-content\\\/uploads\\\/2021\\\/01\\\/formlabs-resin-permanent-crown.jpg\",\"width\":380,\"height\":380,\"caption\":\"Formlabs Permanent Crown Resin\"},{\"@type\":\"BreadcrumbList\",\"@id\":\"https:\\\/\\\/3d-edu.ch\\\/fr\\\/boutique\\\/formlabs-permanent-crown-resin-1kg-0-7l\\\/#breadcrumb\",\"itemListElement\":[{\"@type\":\"ListItem\",\"position\":1,\"name\":\"Accueil\",\"item\":\"https:\\\/\\\/3d-edu.ch\\\/fr\\\/\"},{\"@type\":\"ListItem\",\"position\":2,\"name\":\"Boutique\",\"item\":\"https:\\\/\\\/3d-edu.ch\\\/fr\\\/boutique\\\/\"},{\"@type\":\"ListItem\",\"position\":3,\"name\":\"Formlabs Permanent Crown Resin 1kg (0.7L)\"}]},{\"@type\":\"WebSite\",\"@id\":\"https:\\\/\\\/3d-edu.ch\\\/fr\\\/#website\",\"url\":\"https:\\\/\\\/3d-edu.ch\\\/fr\\\/\",\"name\":\"3D-EDU GmbH\",\"description\":\"Your Formlabs, UltiMaker and Raise3D Printer Support and Education Site in Switzerland. \\\/\\\/ Ihre Formlabs, UltiMaker and Raise3D Drucker Support und Bildungs Webseite der Schweiz.\",\"publisher\":{\"@id\":\"https:\\\/\\\/3d-edu.ch\\\/fr\\\/#organization\"},\"potentialAction\":[{\"@type\":\"SearchAction\",\"target\":{\"@type\":\"EntryPoint\",\"urlTemplate\":\"https:\\\/\\\/3d-edu.ch\\\/fr\\\/?s={search_term_string}\"},\"query-input\":{\"@type\":\"PropertyValueSpecification\",\"valueRequired\":true,\"valueName\":\"search_term_string\"}}],\"inLanguage\":\"fr-FR\"},{\"@type\":[\"Organization\",\"Place\",\"ElectronicsStore\"],\"@id\":\"https:\\\/\\\/3d-edu.ch\\\/fr\\\/#organization\",\"name\":\"3D-EDU GmbH\",\"url\":\"https:\\\/\\\/3d-edu.ch\\\/fr\\\/\",\"logo\":{\"@id\":\"https:\\\/\\\/3d-edu.ch\\\/fr\\\/boutique\\\/formlabs-permanent-crown-resin-1kg-0-7l\\\/#local-main-organization-logo\"},\"image\":{\"@id\":\"https:\\\/\\\/3d-edu.ch\\\/fr\\\/boutique\\\/formlabs-permanent-crown-resin-1kg-0-7l\\\/#local-main-organization-logo\"},\"sameAs\":[\"https:\\\/\\\/www.facebook.com\\\/3d-educh-210277586064960\\\/\",\"https:\\\/\\\/x.com\\\/3d_edu_ch\"],\"address\":{\"@id\":\"https:\\\/\\\/3d-edu.ch\\\/fr\\\/boutique\\\/formlabs-permanent-crown-resin-1kg-0-7l\\\/#local-main-place-address\"},\"geo\":{\"@type\":\"GeoCoordinates\",\"latitude\":\"47.38413\",\"longitude\":\"8.49812\"},\"telephone\":[\"+41 44 492 11 22\"],\"openingHoursSpecification\":[{\"@type\":\"OpeningHoursSpecification\",\"dayOfWeek\":[\"Monday\",\"Tuesday\",\"Wednesday\",\"Thursday\",\"Friday\"],\"opens\":\"08:30\",\"closes\":\"18:00\"},{\"@type\":\"OpeningHoursSpecification\",\"dayOfWeek\":[\"Saturday\",\"Sunday\"],\"opens\":\"00:00\",\"closes\":\"00:00\"}],\"email\":\"info@3d-edu.ch\",\"faxNumber\":\"+41 44 492 11 23\",\"vatID\":\"CHE-184.499.491 MWST\",\"priceRange\":\"$$$\",\"currenciesAccepted\":\"CHF\"},{\"@type\":\"PostalAddress\",\"@id\":\"https:\\\/\\\/3d-edu.ch\\\/fr\\\/boutique\\\/formlabs-permanent-crown-resin-1kg-0-7l\\\/#local-main-place-address\",\"streetAddress\":\"3D-EDU GmbH, Badenerstrasse 556\",\"addressLocality\":\"Z\u00fcrich\",\"postalCode\":\"8048\",\"addressRegion\":\"Z\u00fcrich\",\"addressCountry\":\"CH\"},{\"@type\":\"ImageObject\",\"inLanguage\":\"fr-FR\",\"@id\":\"https:\\\/\\\/3d-edu.ch\\\/fr\\\/boutique\\\/formlabs-permanent-crown-resin-1kg-0-7l\\\/#local-main-organization-logo\",\"url\":\"https:\\\/\\\/3d-edu.ch\\\/wp-content\\\/uploads\\\/2018\\\/10\\\/3d-drucker-makerbot-formlabs-professionelle-3d-drucker-e1546527990490.png\",\"contentUrl\":\"https:\\\/\\\/3d-edu.ch\\\/wp-content\\\/uploads\\\/2018\\\/10\\\/3d-drucker-makerbot-formlabs-professionelle-3d-drucker-e1546527990490.png\",\"width\":275,\"height\":80,\"caption\":\"3D-EDU GmbH\"}]}<\/script>\n<meta property=\"product:brand\" content=\"Formlabs\" \/>\n<meta property=\"og:availability\" content=\"backorder\" \/>\n<meta property=\"product:availability\" content=\"available for order\" \/>\n<meta property=\"product:retailer_item_id\" content=\"RS-F2-PC-PKG\" \/>\n<meta property=\"product:condition\" content=\"new\" \/>\n<meta name=\"geo.placename\" content=\"Z\u00fcrich\" \/>\n<meta name=\"geo.position\" content=\"47.38413;8.49812\" \/>\n<meta name=\"geo.region\" content=\"Suisse\" \/>\n<!-- \/ Yoast SEO Premium plugin. -->","yoast_head_json":{"title":"Formlabs Permanent Crown Resin 1kg (0.7L) %%page% - Impression 3D de couronnes permanentes","robots":{"index":"index","follow":"follow","max-snippet":"max-snippet:-1","max-image-preview":"max-image-preview:large","max-video-preview":"max-video-preview:-1"},"canonical":"https:\/\/3d-edu.ch\/fr\/boutique\/formlabs-permanent-crown-resin-1kg-0-7l\/","og_locale":"fr_FR","og_type":"article","og_title":"Formlabs Permanent Crown Resin 1kg (0.7L)","og_description":"Formlabs Permanent Crown Resin Permanent Crown Resin est une r\u00e9sine de couleur dentaire, charg\u00e9e de c\u00e9ramique, pour l'impression 3D de couronnes unitaires permanentes, d'inlays, d'onlays et de facettes. Permanent Crown Resin offre des restaurations solides et durables avec un ajustement pr\u00e9cis. La faible absorption d'eau et la surface lisse garantissent que les restaurations en Permanent Crown Resin ne vieillissent ou ne se d\u00e9colorent pas et que la plaque dentaire ne s'accumule pas.  Cette r\u00e9sine est disponible en quatre teintes VITA* (A2, A3, B1, C2). Id\u00e9ales pour les restaurations implanto-port\u00e9es, les couronnes antagonistes peuvent \u00eatre fix\u00e9es par connexion ou par scellement. * VITA est une marque d\u00e9pos\u00e9e qui n'est pas associ\u00e9e \u00e0 Formlabs, Inc.","og_url":"https:\/\/3d-edu.ch\/fr\/boutique\/formlabs-permanent-crown-resin-1kg-0-7l\/","og_site_name":"3D-EDU GmbH","article_publisher":"https:\/\/www.facebook.com\/3d-educh-210277586064960\/","article_modified_time":"2026-04-09T12:13:23+00:00","og_image":[{"width":380,"height":380,"url":"https:\/\/3d-edu.ch\/wp-content\/uploads\/2021\/01\/formlabs-resin-permanent-crown.jpg","type":"image\/jpeg"}],"twitter_card":"summary_large_image","twitter_site":"@3d_edu_ch","twitter_misc":{"Disponibilit\u00e9":"En r\u00e9assort"},"schema":{"@context":"https:\/\/schema.org","@graph":[{"@type":"WebPage","@id":"https:\/\/3d-edu.ch\/fr\/boutique\/formlabs-permanent-crown-resin-1kg-0-7l\/","url":"https:\/\/3d-edu.ch\/fr\/boutique\/formlabs-permanent-crown-resin-1kg-0-7l\/","name":"Formlabs Permanent Crown Resin 1kg (0.7L) %%page% - Impression 3D de couronnes permanentes","isPartOf":{"@id":"https:\/\/3d-edu.ch\/fr\/#website"},"primaryImageOfPage":{"@id":"https:\/\/3d-edu.ch\/fr\/boutique\/formlabs-permanent-crown-resin-1kg-0-7l\/#primaryimage"},"image":{"@id":"https:\/\/3d-edu.ch\/fr\/boutique\/formlabs-permanent-crown-resin-1kg-0-7l\/#primaryimage"},"thumbnailUrl":"https:\/\/3d-edu.ch\/wp-content\/uploads\/2021\/01\/formlabs-resin-permanent-crown.jpg","datePublished":"2021-01-07T16:23:22+00:00","dateModified":"2026-04-09T12:13:23+00:00","breadcrumb":{"@id":"https:\/\/3d-edu.ch\/fr\/boutique\/formlabs-permanent-crown-resin-1kg-0-7l\/#breadcrumb"},"inLanguage":"fr-FR","potentialAction":[{"@type":"ReadAction","target":["https:\/\/3d-edu.ch\/fr\/boutique\/formlabs-permanent-crown-resin-1kg-0-7l\/"]}]},{"@type":"ImageObject","inLanguage":"fr-FR","@id":"https:\/\/3d-edu.ch\/fr\/boutique\/formlabs-permanent-crown-resin-1kg-0-7l\/#primaryimage","url":"https:\/\/3d-edu.ch\/wp-content\/uploads\/2021\/01\/formlabs-resin-permanent-crown.jpg","contentUrl":"https:\/\/3d-edu.ch\/wp-content\/uploads\/2021\/01\/formlabs-resin-permanent-crown.jpg","width":380,"height":380,"caption":"Formlabs Permanent Crown Resin"},{"@type":"BreadcrumbList","@id":"https:\/\/3d-edu.ch\/fr\/boutique\/formlabs-permanent-crown-resin-1kg-0-7l\/#breadcrumb","itemListElement":[{"@type":"ListItem","position":1,"name":"Accueil","item":"https:\/\/3d-edu.ch\/fr\/"},{"@type":"ListItem","position":2,"name":"Boutique","item":"https:\/\/3d-edu.ch\/fr\/boutique\/"},{"@type":"ListItem","position":3,"name":"Formlabs Permanent Crown Resin 1kg (0.7L)"}]},{"@type":"WebSite","@id":"https:\/\/3d-edu.ch\/fr\/#website","url":"https:\/\/3d-edu.ch\/fr\/","name":"3D-EDU GmbH","description":"Your Formlabs, UltiMaker and Raise3D Printer Support and Education Site in Switzerland. \/\/ Ihre Formlabs, UltiMaker and Raise3D Drucker Support und Bildungs Webseite der Schweiz.","publisher":{"@id":"https:\/\/3d-edu.ch\/fr\/#organization"},"potentialAction":[{"@type":"SearchAction","target":{"@type":"EntryPoint","urlTemplate":"https:\/\/3d-edu.ch\/fr\/?s={search_term_string}"},"query-input":{"@type":"PropertyValueSpecification","valueRequired":true,"valueName":"search_term_string"}}],"inLanguage":"fr-FR"},{"@type":["Organization","Place","ElectronicsStore"],"@id":"https:\/\/3d-edu.ch\/fr\/#organization","name":"3D-EDU GmbH","url":"https:\/\/3d-edu.ch\/fr\/","logo":{"@id":"https:\/\/3d-edu.ch\/fr\/boutique\/formlabs-permanent-crown-resin-1kg-0-7l\/#local-main-organization-logo"},"image":{"@id":"https:\/\/3d-edu.ch\/fr\/boutique\/formlabs-permanent-crown-resin-1kg-0-7l\/#local-main-organization-logo"},"sameAs":["https:\/\/www.facebook.com\/3d-educh-210277586064960\/","https:\/\/x.com\/3d_edu_ch"],"address":{"@id":"https:\/\/3d-edu.ch\/fr\/boutique\/formlabs-permanent-crown-resin-1kg-0-7l\/#local-main-place-address"},"geo":{"@type":"GeoCoordinates","latitude":"47.38413","longitude":"8.49812"},"telephone":["+41 44 492 11 22"],"openingHoursSpecification":[{"@type":"OpeningHoursSpecification","dayOfWeek":["Monday","Tuesday","Wednesday","Thursday","Friday"],"opens":"08:30","closes":"18:00"},{"@type":"OpeningHoursSpecification","dayOfWeek":["Saturday","Sunday"],"opens":"00:00","closes":"00:00"}],"email":"info@3d-edu.ch","faxNumber":"+41 44 492 11 23","vatID":"CHE-184.499.491 MWST","priceRange":"$$$","currenciesAccepted":"CHF"},{"@type":"PostalAddress","@id":"https:\/\/3d-edu.ch\/fr\/boutique\/formlabs-permanent-crown-resin-1kg-0-7l\/#local-main-place-address","streetAddress":"3D-EDU GmbH, Badenerstrasse 556","addressLocality":"Z\u00fcrich","postalCode":"8048","addressRegion":"Z\u00fcrich","addressCountry":"CH"},{"@type":"ImageObject","inLanguage":"fr-FR","@id":"https:\/\/3d-edu.ch\/fr\/boutique\/formlabs-permanent-crown-resin-1kg-0-7l\/#local-main-organization-logo","url":"https:\/\/3d-edu.ch\/wp-content\/uploads\/2018\/10\/3d-drucker-makerbot-formlabs-professionelle-3d-drucker-e1546527990490.png","contentUrl":"https:\/\/3d-edu.ch\/wp-content\/uploads\/2018\/10\/3d-drucker-makerbot-formlabs-professionelle-3d-drucker-e1546527990490.png","width":275,"height":80,"caption":"3D-EDU GmbH"}]},"product_brand":"Formlabs","og_availability":"backorder","product_availability":"available for order","product_retailer_item_id":"RS-F2-PC-PKG","product_condition":"new","geo.placename":"Z\u00fcrich","geo.position":{"lat":"47.38413","long":"8.49812"},"geo.region":"Suisse"},"_links":{"self":[{"href":"https:\/\/3d-edu.ch\/fr\/wp-json\/wp\/v2\/product\/77262","targetHints":{"allow":["GET"]}}],"collection":[{"href":"https:\/\/3d-edu.ch\/fr\/wp-json\/wp\/v2\/product"}],"about":[{"href":"https:\/\/3d-edu.ch\/fr\/wp-json\/wp\/v2\/types\/product"}],"replies":[{"embeddable":true,"href":"https:\/\/3d-edu.ch\/fr\/wp-json\/wp\/v2\/comments?post=77262"}],"wp:featuredmedia":[{"embeddable":true,"href":"https:\/\/3d-edu.ch\/fr\/wp-json\/wp\/v2\/media\/63315"}],"wp:attachment":[{"href":"https:\/\/3d-edu.ch\/fr\/wp-json\/wp\/v2\/media?parent=77262"}],"wp:term":[{"taxonomy":"product_brand","embeddable":true,"href":"https:\/\/3d-edu.ch\/fr\/wp-json\/wp\/v2\/product_brand?post=77262"},{"taxonomy":"product_cat","embeddable":true,"href":"https:\/\/3d-edu.ch\/fr\/wp-json\/wp\/v2\/product_cat?post=77262"},{"taxonomy":"product_tag","embeddable":true,"href":"https:\/\/3d-edu.ch\/fr\/wp-json\/wp\/v2\/product_tag?post=77262"}],"curies":[{"name":"wp","href":"https:\/\/api.w.org\/{rel}","templated":true}]}}