{"id":77212,"date":"2021-01-26T16:52:48","date_gmt":"2021-01-26T16:52:48","guid":{"rendered":"https:\/\/3d-edu.ch\/shop\/formlabs-white-resin-resine-synthetique-1l\/"},"modified":"2026-05-05T17:01:11","modified_gmt":"2026-05-05T15:01:11","slug":"formlabs-white-resin-resine-synthetique-1l","status":"publish","type":"product","link":"https:\/\/3d-edu.ch\/fr\/boutique\/formlabs-white-resin-resine-synthetique-1l\/","title":{"rendered":"Formlabs White Resin \/ R\u00e9sine 1L V4.1"},"content":{"rendered":"<h3>Formlabs White Resin \/ R\u00e9sine 1L Cartouche V4.1<\/h3>\n<p>La r\u00e9sine blanche de Formlab est adapt\u00e9e \u00e0 l&rsquo;impression 3D SLA de mod\u00e8les conceptuels et de prototypes solides et pr\u00e9cis. Elle fait partie des r\u00e9sines standard dans la biblioth\u00e8que de mat\u00e9riaux Formlabs. Cette r\u00e9sine blanche de Formlabs pr\u00e9sente une finition de surface mate. Le mat\u00e9riau est opaque et reproduit les d\u00e9tails les plus fins. Le blanc neutre est \u00e9galement une bonne base pour les pi\u00e8ces qui doivent ensuite \u00eatre peintes ou soumises \u00e0 d&rsquo;autres processus de finition.    <\/p>\n<p>La r\u00e9sine blanche est id\u00e9ale pour les pi\u00e8ces de d\u00e9monstration, les mod\u00e8les architecturaux ou m\u00e9dicaux.<\/p>\n<div class=\"accordion\">\n\t<div id=\"accordion-392115771\" class=\"accordion-item\">\n\t\t<a id=\"accordion-392115771-label\" class=\"accordion-title plain\" href=\"#accordion-item-plus-d&#039;informations\" aria-expanded=\"false\" aria-controls=\"accordion-392115771-content\">\n\t\t\t<button class=\"toggle\" aria-label=\"Basculer\"><i class=\"icon-angle-down\" aria-hidden=\"true\"><\/i><\/button>\n\t\t\t<span>Plus d&#039;informations<\/span>\n\t\t<\/a>\n\t\t<div id=\"accordion-392115771-content\" class=\"accordion-inner\" aria-labelledby=\"accordion-392115771-label\">\n\t\t\t\n<h5>Contenu de la livraison<\/h5>\n<p>1x Formlabs White Resin \/ R\u00e9sine 1L V4.1<\/p>\n<p>R\u00e9solutions d&rsquo;impression prises en charge : 100 et 50 microns.<br \/>\nPost-traitement requis.<br \/>\nDisponible pour Form 3, Form 3L, Form 3B, Form 3BL, Form 2.<\/p>\n<h5>Plus d&rsquo;informations<\/h5>\n<p>Pour plus d&rsquo;informations sur le mat\u00e9riau Formlabs White, voir <a href=\"https:\/\/3d-edu.ch\/fr\/formlabs\/resine-formlabs\/standard\/\">Formlabs Standard Resin<\/a>.<\/p>\n<h2>Formlabs Resin \/ R\u00e9sine<\/h2>\n<p>La r\u00e9sine Formlabs offre des r\u00e9sultats parfaits avec les <a href=\"https:\/\/3d-edu.ch\/fr\/formlabs\/imprimante-3d-formlabs\/\">imprimantes 3D SLA\/LFS de Formlabs<\/a>. La biblioth\u00e8que de mat\u00e9riaux comprend environ 20 r\u00e9sines et est constamment am\u00e9lior\u00e9e et \u00e9tendue.  Outre les <a href=\"https:\/\/3d-edu.ch\/fr\/formlabs\/resine-formlabs\/standard\/\">r\u00e9sines standard<\/a>, Fromlabs propose des r\u00e9sines sp\u00e9ciales pour l <a href=\"https:\/\/3d-edu.ch\/fr\/formlabs\/resine-formlabs\/ingenierie\/\">&lsquo;ing\u00e9nierie<\/a>, <a href=\"https:\/\/3d-edu.ch\/fr\/formlabs\/resine-formlabs\/castable\/\">la conception de bijoux<\/a>, la <a href=\"https:\/\/3d-edu.ch\/fr\/formlabs\/resine-formlabs\/dentaire\/\">dentisterie<\/a> et <a href=\"https:\/\/3d-edu.ch\/fr\/formlabs\/resine-formlabs\/medical\/\">la m\u00e9decine<\/a>.<\/p>\n<h3>Formlabs Standard Resin \/ R\u00e9sines standard<\/h3>\n<h4>Formlabs Clear, Formlabs White, Formlabs Grey, Formalbs Black Resin, Formlabs Color Kit<\/h4>\n<p>Ces r\u00e9sines permettent d&rsquo;obtenir les meilleures performances et la meilleure qualit\u00e9 de surface. Les r\u00e9sines standard de Formlabs sont con\u00e7ues pour une fabrication de haute qualit\u00e9 et reproduisent une quantit\u00e9 \u00e9tonnante de d\u00e9tails sans compromettre la r\u00e9sistance.<\/p>\n\t\t<\/div>\n\t<\/div>\n\t\n<\/div>\n","protected":false},"excerpt":{"rendered":"<h2><strong>Formlabs White Resin \/ R\u00e9sine 1L V4.1<\/strong><\/h2>\n<p><span style=\"color: #ed1c24;\">Veuillez passer \u00e0 la White Resin V4.1 \u00e0 la fin de 2025, car la production de la White Resin V4.0 sera arr\u00eat\u00e9e.<\/span><\/p>\n<p>La r\u00e9sine blanche permet d&rsquo;obtenir des surfaces lisses et des d\u00e9tails fins. Elle est particuli\u00e8rement adapt\u00e9e aux mod\u00e8les de pr\u00e9sentation ou comme base pour d&rsquo;autres finitions. <\/p>\n<p><strong>La White Resin est parfaite pour le prototypage et le design en g\u00e9n\u00e9ral, ainsi que pour les mod\u00e8les avec des d\u00e9tails d\u00e9licats. La White Resin V4.1 est compatible avec les imprimantes de la s\u00e9rie Form 3 et donne des pi\u00e8ces d&rsquo;un blanc plus pur que la White Resin V4.   <\/strong><strong>White Resin V4.0 et White Resin V4.1 ont des formules et des param\u00e8tres d&rsquo;impression diff\u00e9rents - pour des performances optimales, ne m\u00e9langez pas les deux mat\u00e9riaux.<\/strong><br \/>\n<div class=\"accordion\">\n\t<div id=\"accordion-2811449380\" class=\"accordion-item\">\n\t\t<a id=\"accordion-2811449380-label\" class=\"accordion-title plain\" href=\"#accordion-item-((!!strong!!))comment-passer-de-white-resin-v4.0-\u00e0-white-resin-v4.1-?((!!\/strong!!))\" aria-expanded=\"false\" aria-controls=\"accordion-2811449380-content\">\n\t\t\t<button class=\"toggle\" aria-label=\"Basculer\"><i class=\"icon-angle-down\" aria-hidden=\"true\"><\/i><\/button>\n\t\t\t<span>((!!<strong>!!))Comment passer de White Resin V4.0 \u00e0 White Resin V4.1 ?((!!<\/strong>!!))<\/span>\n\t\t<\/a>\n\t\t<div id=\"accordion-2811449380-content\" class=\"accordion-inner\" aria-labelledby=\"accordion-2811449380-label\">\n\t\t\t\n<ul>\n<li>Imprimez tout votre mat\u00e9riel White Resin V4.0 existant.<\/li>\n<li>Nettoyez votre r\u00e9servoir de r\u00e9sine (il n&rsquo;est pas n\u00e9cessaire de le nettoyer \u00e0 l&rsquo;IPA. Il suffit de gratter la r\u00e9sine existante avec un grattoir en plastique).<\/li>\n<li>Lancez une impression avec une cartouche White Resin V4.1 et s\u00e9lectionnez les <a href=\"https:\/\/support.formlabs.com\/s\/article\/Selecting-a-material-in-PreForm?language=de&amp;mkt_tok=MDYwLVVJRy01MDQAAAGUgsYTlcIFUgHIxQ6fpQ-iSdKOjkHj0mWz_ucx1VyXTsh6nXOPFlNtvKoQejZNrKqONIeUgqIwtAyfulOQpF9w0EYgIQShw_BjFu0_D2k2zW1ik5U\">param\u00e8tres White Resin V4.1 dans PreForm<\/a>.<\/li>\n<li>L&rsquo;imprimante d\u00e9tecte que le r\u00e9servoir n&rsquo;est pas adapt\u00e9 et vous demande si vous souhaitez le reprogrammer.<\/li>\n<\/ul>\n<p>Confirmez dans l&rsquo;interface utilisateur de l&rsquo;imprimante et le r\u00e9servoir White Resin V4.0 sera reprogramm\u00e9 en White Resin v4.1.<\/p>\n\t\t<\/div>\n\t<\/div>\n\t\n<\/div>\n","protected":false},"featured_media":78968,"comment_status":"closed","ping_status":"closed","template":"","meta":[],"product_brand":[],"product_cat":[],"product_tag":[7784,10018,8053,10017],"class_list":{"0":"post-77212","1":"product","2":"type-product","3":"status-publish","4":"has-post-thumbnail","6":"product_tag-formlabs-fr","7":"product_tag-resine-blanche-4-1","8":"product_tag-resine-formlabs","9":"product_tag-rs-f2-gpwh-41","11":"first","12":"instock","13":"taxable","14":"shipping-taxable","15":"purchasable","16":"product-type-simple"},"yoast_head":"<!-- This site is optimized with the Yoast SEO Premium plugin v27.5 (Yoast SEO v27.5) - https:\/\/yoast.com\/product\/yoast-seo-premium-wordpress\/ -->\n<title>Formlabs White Resin \/ R\u00e9sine 1L V4.1 %sepsepsitename%%%%.<\/title>\n<meta name=\"robots\" content=\"index, follow, max-snippet:-1, max-image-preview:large, max-video-preview:-1\" \/>\n<link rel=\"canonical\" href=\"https:\/\/3d-edu.ch\/fr\/boutique\/formlabs-white-resin-resine-synthetique-1l\/\" \/>\n<meta property=\"og:locale\" content=\"fr_FR\" \/>\n<meta property=\"og:type\" content=\"article\" \/>\n<meta property=\"og:title\" content=\"Formlabs White Resin \/ R\u00e9sine 1L V4.1\" \/>\n<meta property=\"og:description\" content=\"Formlabs White Resin \/ R\u00e9sine 1L V4.1 Veuillez passer \u00e0 la White Resin V4.1 \u00e0 la fin de 2025, car la production de la White Resin V4.0 sera arr\u00eat\u00e9e. La r\u00e9sine blanche permet d&#039;obtenir des surfaces lisses et des d\u00e9tails fins. Elle est particuli\u00e8rement adapt\u00e9e aux mod\u00e8les de pr\u00e9sentation ou comme base pour d&#039;autres finitions.  La White Resin est parfaite pour le prototypage et le design en g\u00e9n\u00e9ral, ainsi que pour les mod\u00e8les avec des d\u00e9tails d\u00e9licats. La White Resin V4.1 est compatible avec les imprimantes de la s\u00e9rie Form 3 et donne des pi\u00e8ces d&#039;un blanc plus pur que la White Resin V4.  White Resin V4.0 et White Resin V4.1 ont des formules et des param\u00e8tres d&#039;impression diff\u00e9rents - pour des performances optimales, ne m\u00e9langez pas les deux mat\u00e9riaux.\" \/>\n<meta property=\"og:url\" content=\"https:\/\/3d-edu.ch\/fr\/boutique\/formlabs-white-resin-resine-synthetique-1l\/\" \/>\n<meta property=\"og:site_name\" content=\"3D-EDU GmbH\" \/>\n<meta property=\"article:publisher\" content=\"https:\/\/www.facebook.com\/3d-educh-210277586064960\/\" \/>\n<meta property=\"article:modified_time\" content=\"2026-05-05T15:01:11+00:00\" \/>\n<meta property=\"og:image\" content=\"https:\/\/3d-edu.ch\/wp-content\/uploads\/2025\/02\/formlabs-white-resin-41.jpg\" \/>\n\t<meta property=\"og:image:width\" content=\"380\" \/>\n\t<meta property=\"og:image:height\" content=\"380\" \/>\n\t<meta property=\"og:image:type\" content=\"image\/jpeg\" \/>\n<meta name=\"twitter:card\" content=\"summary_large_image\" \/>\n<meta name=\"twitter:site\" content=\"@3d_edu_ch\" \/>\n<meta name=\"twitter:label1\" content=\"Prix\" \/>\n\t<meta name=\"twitter:data1\" content=\"143.31&nbsp;&#067;&#072;&#070; hors TVA\" \/>\n\t<meta name=\"twitter:label2\" content=\"Disponibilit\u00e9\" \/>\n\t<meta name=\"twitter:data2\" content=\"En stock\" \/>\n<script type=\"application\/ld+json\" class=\"yoast-schema-graph\">{\"@context\":\"https:\\\/\\\/schema.org\",\"@graph\":[{\"@type\":\"WebPage\",\"@id\":\"https:\\\/\\\/3d-edu.ch\\\/fr\\\/boutique\\\/formlabs-white-resin-resine-synthetique-1l\\\/\",\"url\":\"https:\\\/\\\/3d-edu.ch\\\/fr\\\/boutique\\\/formlabs-white-resin-resine-synthetique-1l\\\/\",\"name\":\"Formlabs White Resin \\\/ R\u00e9sine 1L V4.1 %sepsepsitename%%%%.\",\"isPartOf\":{\"@id\":\"https:\\\/\\\/3d-edu.ch\\\/fr\\\/#website\"},\"primaryImageOfPage\":{\"@id\":\"https:\\\/\\\/3d-edu.ch\\\/fr\\\/boutique\\\/formlabs-white-resin-resine-synthetique-1l\\\/#primaryimage\"},\"image\":{\"@id\":\"https:\\\/\\\/3d-edu.ch\\\/fr\\\/boutique\\\/formlabs-white-resin-resine-synthetique-1l\\\/#primaryimage\"},\"thumbnailUrl\":\"https:\\\/\\\/3d-edu.ch\\\/wp-content\\\/uploads\\\/2025\\\/02\\\/formlabs-white-resin-41.jpg\",\"datePublished\":\"2021-01-26T16:52:48+00:00\",\"dateModified\":\"2026-05-05T15:01:11+00:00\",\"breadcrumb\":{\"@id\":\"https:\\\/\\\/3d-edu.ch\\\/fr\\\/boutique\\\/formlabs-white-resin-resine-synthetique-1l\\\/#breadcrumb\"},\"inLanguage\":\"fr-FR\",\"potentialAction\":[{\"@type\":\"ReadAction\",\"target\":[\"https:\\\/\\\/3d-edu.ch\\\/fr\\\/boutique\\\/formlabs-white-resin-resine-synthetique-1l\\\/\"]}]},{\"@type\":\"ImageObject\",\"inLanguage\":\"fr-FR\",\"@id\":\"https:\\\/\\\/3d-edu.ch\\\/fr\\\/boutique\\\/formlabs-white-resin-resine-synthetique-1l\\\/#primaryimage\",\"url\":\"https:\\\/\\\/3d-edu.ch\\\/wp-content\\\/uploads\\\/2025\\\/02\\\/formlabs-white-resin-41.jpg\",\"contentUrl\":\"https:\\\/\\\/3d-edu.ch\\\/wp-content\\\/uploads\\\/2025\\\/02\\\/formlabs-white-resin-41.jpg\",\"width\":380,\"height\":380},{\"@type\":\"BreadcrumbList\",\"@id\":\"https:\\\/\\\/3d-edu.ch\\\/fr\\\/boutique\\\/formlabs-white-resin-resine-synthetique-1l\\\/#breadcrumb\",\"itemListElement\":[{\"@type\":\"ListItem\",\"position\":1,\"name\":\"Accueil\",\"item\":\"https:\\\/\\\/3d-edu.ch\\\/fr\\\/\"},{\"@type\":\"ListItem\",\"position\":2,\"name\":\"Boutique\",\"item\":\"https:\\\/\\\/3d-edu.ch\\\/fr\\\/boutique\\\/\"},{\"@type\":\"ListItem\",\"position\":3,\"name\":\"Formlabs White Resin \\\/ R\u00e9sine 1L V4.1\"}]},{\"@type\":\"WebSite\",\"@id\":\"https:\\\/\\\/3d-edu.ch\\\/fr\\\/#website\",\"url\":\"https:\\\/\\\/3d-edu.ch\\\/fr\\\/\",\"name\":\"3D-EDU GmbH\",\"description\":\"Your Formlabs, UltiMaker and Raise3D Printer Support and Education Site in Switzerland. \\\/\\\/ Ihre Formlabs, UltiMaker and Raise3D Drucker Support und Bildungs Webseite der Schweiz.\",\"publisher\":{\"@id\":\"https:\\\/\\\/3d-edu.ch\\\/fr\\\/#organization\"},\"potentialAction\":[{\"@type\":\"SearchAction\",\"target\":{\"@type\":\"EntryPoint\",\"urlTemplate\":\"https:\\\/\\\/3d-edu.ch\\\/fr\\\/?s={search_term_string}\"},\"query-input\":{\"@type\":\"PropertyValueSpecification\",\"valueRequired\":true,\"valueName\":\"search_term_string\"}}],\"inLanguage\":\"fr-FR\"},{\"@type\":[\"Organization\",\"Place\",\"ElectronicsStore\"],\"@id\":\"https:\\\/\\\/3d-edu.ch\\\/fr\\\/#organization\",\"name\":\"3D-EDU GmbH\",\"url\":\"https:\\\/\\\/3d-edu.ch\\\/fr\\\/\",\"logo\":{\"@id\":\"https:\\\/\\\/3d-edu.ch\\\/fr\\\/boutique\\\/formlabs-white-resin-resine-synthetique-1l\\\/#local-main-organization-logo\"},\"image\":{\"@id\":\"https:\\\/\\\/3d-edu.ch\\\/fr\\\/boutique\\\/formlabs-white-resin-resine-synthetique-1l\\\/#local-main-organization-logo\"},\"sameAs\":[\"https:\\\/\\\/www.facebook.com\\\/3d-educh-210277586064960\\\/\",\"https:\\\/\\\/x.com\\\/3d_edu_ch\"],\"address\":{\"@id\":\"https:\\\/\\\/3d-edu.ch\\\/fr\\\/boutique\\\/formlabs-white-resin-resine-synthetique-1l\\\/#local-main-place-address\"},\"geo\":{\"@type\":\"GeoCoordinates\",\"latitude\":\"47.38413\",\"longitude\":\"8.49812\"},\"telephone\":[\"+41 44 492 11 22\"],\"openingHoursSpecification\":[{\"@type\":\"OpeningHoursSpecification\",\"dayOfWeek\":[\"Monday\",\"Tuesday\",\"Wednesday\",\"Thursday\",\"Friday\"],\"opens\":\"08:30\",\"closes\":\"18:00\"},{\"@type\":\"OpeningHoursSpecification\",\"dayOfWeek\":[\"Saturday\",\"Sunday\"],\"opens\":\"00:00\",\"closes\":\"00:00\"}],\"email\":\"info@3d-edu.ch\",\"faxNumber\":\"+41 44 492 11 23\",\"vatID\":\"CHE-184.499.491 MWST\",\"priceRange\":\"$$$\",\"currenciesAccepted\":\"CHF\"},{\"@type\":\"PostalAddress\",\"@id\":\"https:\\\/\\\/3d-edu.ch\\\/fr\\\/boutique\\\/formlabs-white-resin-resine-synthetique-1l\\\/#local-main-place-address\",\"streetAddress\":\"3D-EDU GmbH, Badenerstrasse 556\",\"addressLocality\":\"Z\u00fcrich\",\"postalCode\":\"8048\",\"addressRegion\":\"Z\u00fcrich\",\"addressCountry\":\"CH\"},{\"@type\":\"ImageObject\",\"inLanguage\":\"fr-FR\",\"@id\":\"https:\\\/\\\/3d-edu.ch\\\/fr\\\/boutique\\\/formlabs-white-resin-resine-synthetique-1l\\\/#local-main-organization-logo\",\"url\":\"https:\\\/\\\/3d-edu.ch\\\/wp-content\\\/uploads\\\/2018\\\/10\\\/3d-drucker-makerbot-formlabs-professionelle-3d-drucker-e1546527990490.png\",\"contentUrl\":\"https:\\\/\\\/3d-edu.ch\\\/wp-content\\\/uploads\\\/2018\\\/10\\\/3d-drucker-makerbot-formlabs-professionelle-3d-drucker-e1546527990490.png\",\"width\":275,\"height\":80,\"caption\":\"3D-EDU GmbH\"}]}<\/script>\n<meta property=\"product:price:amount\" content=\"143.31\" \/>\n<meta property=\"product:price:currency\" content=\"CHF\" \/>\n<meta property=\"og:availability\" content=\"instock\" \/>\n<meta property=\"product:availability\" content=\"instock\" \/>\n<meta property=\"product:retailer_item_id\" content=\"RS-F2-GPWH-41\" \/>\n<meta property=\"product:condition\" content=\"new\" \/>\n<meta name=\"geo.placename\" content=\"Z\u00fcrich\" \/>\n<meta name=\"geo.position\" content=\"47.38413;8.49812\" \/>\n<meta name=\"geo.region\" content=\"Suisse\" \/>\n<!-- \/ Yoast SEO Premium plugin. -->","yoast_head_json":{"title":"Formlabs White Resin \/ R\u00e9sine 1L V4.1 %sepsepsitename%%%%.","robots":{"index":"index","follow":"follow","max-snippet":"max-snippet:-1","max-image-preview":"max-image-preview:large","max-video-preview":"max-video-preview:-1"},"canonical":"https:\/\/3d-edu.ch\/fr\/boutique\/formlabs-white-resin-resine-synthetique-1l\/","og_locale":"fr_FR","og_type":"article","og_title":"Formlabs White Resin \/ R\u00e9sine 1L V4.1","og_description":"Formlabs White Resin \/ R\u00e9sine 1L V4.1 Veuillez passer \u00e0 la White Resin V4.1 \u00e0 la fin de 2025, car la production de la White Resin V4.0 sera arr\u00eat\u00e9e. La r\u00e9sine blanche permet d'obtenir des surfaces lisses et des d\u00e9tails fins. Elle est particuli\u00e8rement adapt\u00e9e aux mod\u00e8les de pr\u00e9sentation ou comme base pour d'autres finitions.  La White Resin est parfaite pour le prototypage et le design en g\u00e9n\u00e9ral, ainsi que pour les mod\u00e8les avec des d\u00e9tails d\u00e9licats. La White Resin V4.1 est compatible avec les imprimantes de la s\u00e9rie Form 3 et donne des pi\u00e8ces d'un blanc plus pur que la White Resin V4.  White Resin V4.0 et White Resin V4.1 ont des formules et des param\u00e8tres d'impression diff\u00e9rents - pour des performances optimales, ne m\u00e9langez pas les deux mat\u00e9riaux.","og_url":"https:\/\/3d-edu.ch\/fr\/boutique\/formlabs-white-resin-resine-synthetique-1l\/","og_site_name":"3D-EDU GmbH","article_publisher":"https:\/\/www.facebook.com\/3d-educh-210277586064960\/","article_modified_time":"2026-05-05T15:01:11+00:00","og_image":[{"width":380,"height":380,"url":"https:\/\/3d-edu.ch\/wp-content\/uploads\/2025\/02\/formlabs-white-resin-41.jpg","type":"image\/jpeg"}],"twitter_card":"summary_large_image","twitter_site":"@3d_edu_ch","twitter_misc":{"Prix":"143.31&nbsp;&#67;&#72;&#70; hors TVA","Disponibilit\u00e9":"En stock"},"schema":{"@context":"https:\/\/schema.org","@graph":[{"@type":"WebPage","@id":"https:\/\/3d-edu.ch\/fr\/boutique\/formlabs-white-resin-resine-synthetique-1l\/","url":"https:\/\/3d-edu.ch\/fr\/boutique\/formlabs-white-resin-resine-synthetique-1l\/","name":"Formlabs White Resin \/ R\u00e9sine 1L V4.1 %sepsepsitename%%%%.","isPartOf":{"@id":"https:\/\/3d-edu.ch\/fr\/#website"},"primaryImageOfPage":{"@id":"https:\/\/3d-edu.ch\/fr\/boutique\/formlabs-white-resin-resine-synthetique-1l\/#primaryimage"},"image":{"@id":"https:\/\/3d-edu.ch\/fr\/boutique\/formlabs-white-resin-resine-synthetique-1l\/#primaryimage"},"thumbnailUrl":"https:\/\/3d-edu.ch\/wp-content\/uploads\/2025\/02\/formlabs-white-resin-41.jpg","datePublished":"2021-01-26T16:52:48+00:00","dateModified":"2026-05-05T15:01:11+00:00","breadcrumb":{"@id":"https:\/\/3d-edu.ch\/fr\/boutique\/formlabs-white-resin-resine-synthetique-1l\/#breadcrumb"},"inLanguage":"fr-FR","potentialAction":[{"@type":"ReadAction","target":["https:\/\/3d-edu.ch\/fr\/boutique\/formlabs-white-resin-resine-synthetique-1l\/"]}]},{"@type":"ImageObject","inLanguage":"fr-FR","@id":"https:\/\/3d-edu.ch\/fr\/boutique\/formlabs-white-resin-resine-synthetique-1l\/#primaryimage","url":"https:\/\/3d-edu.ch\/wp-content\/uploads\/2025\/02\/formlabs-white-resin-41.jpg","contentUrl":"https:\/\/3d-edu.ch\/wp-content\/uploads\/2025\/02\/formlabs-white-resin-41.jpg","width":380,"height":380},{"@type":"BreadcrumbList","@id":"https:\/\/3d-edu.ch\/fr\/boutique\/formlabs-white-resin-resine-synthetique-1l\/#breadcrumb","itemListElement":[{"@type":"ListItem","position":1,"name":"Accueil","item":"https:\/\/3d-edu.ch\/fr\/"},{"@type":"ListItem","position":2,"name":"Boutique","item":"https:\/\/3d-edu.ch\/fr\/boutique\/"},{"@type":"ListItem","position":3,"name":"Formlabs White Resin \/ R\u00e9sine 1L V4.1"}]},{"@type":"WebSite","@id":"https:\/\/3d-edu.ch\/fr\/#website","url":"https:\/\/3d-edu.ch\/fr\/","name":"3D-EDU GmbH","description":"Your Formlabs, UltiMaker and Raise3D Printer Support and Education Site in Switzerland. \/\/ Ihre Formlabs, UltiMaker and Raise3D Drucker Support und Bildungs Webseite der Schweiz.","publisher":{"@id":"https:\/\/3d-edu.ch\/fr\/#organization"},"potentialAction":[{"@type":"SearchAction","target":{"@type":"EntryPoint","urlTemplate":"https:\/\/3d-edu.ch\/fr\/?s={search_term_string}"},"query-input":{"@type":"PropertyValueSpecification","valueRequired":true,"valueName":"search_term_string"}}],"inLanguage":"fr-FR"},{"@type":["Organization","Place","ElectronicsStore"],"@id":"https:\/\/3d-edu.ch\/fr\/#organization","name":"3D-EDU GmbH","url":"https:\/\/3d-edu.ch\/fr\/","logo":{"@id":"https:\/\/3d-edu.ch\/fr\/boutique\/formlabs-white-resin-resine-synthetique-1l\/#local-main-organization-logo"},"image":{"@id":"https:\/\/3d-edu.ch\/fr\/boutique\/formlabs-white-resin-resine-synthetique-1l\/#local-main-organization-logo"},"sameAs":["https:\/\/www.facebook.com\/3d-educh-210277586064960\/","https:\/\/x.com\/3d_edu_ch"],"address":{"@id":"https:\/\/3d-edu.ch\/fr\/boutique\/formlabs-white-resin-resine-synthetique-1l\/#local-main-place-address"},"geo":{"@type":"GeoCoordinates","latitude":"47.38413","longitude":"8.49812"},"telephone":["+41 44 492 11 22"],"openingHoursSpecification":[{"@type":"OpeningHoursSpecification","dayOfWeek":["Monday","Tuesday","Wednesday","Thursday","Friday"],"opens":"08:30","closes":"18:00"},{"@type":"OpeningHoursSpecification","dayOfWeek":["Saturday","Sunday"],"opens":"00:00","closes":"00:00"}],"email":"info@3d-edu.ch","faxNumber":"+41 44 492 11 23","vatID":"CHE-184.499.491 MWST","priceRange":"$$$","currenciesAccepted":"CHF"},{"@type":"PostalAddress","@id":"https:\/\/3d-edu.ch\/fr\/boutique\/formlabs-white-resin-resine-synthetique-1l\/#local-main-place-address","streetAddress":"3D-EDU GmbH, Badenerstrasse 556","addressLocality":"Z\u00fcrich","postalCode":"8048","addressRegion":"Z\u00fcrich","addressCountry":"CH"},{"@type":"ImageObject","inLanguage":"fr-FR","@id":"https:\/\/3d-edu.ch\/fr\/boutique\/formlabs-white-resin-resine-synthetique-1l\/#local-main-organization-logo","url":"https:\/\/3d-edu.ch\/wp-content\/uploads\/2018\/10\/3d-drucker-makerbot-formlabs-professionelle-3d-drucker-e1546527990490.png","contentUrl":"https:\/\/3d-edu.ch\/wp-content\/uploads\/2018\/10\/3d-drucker-makerbot-formlabs-professionelle-3d-drucker-e1546527990490.png","width":275,"height":80,"caption":"3D-EDU GmbH"}]},"product_price_amount":"143.31","product_price_currency":"CHF","og_availability":"instock","product_availability":"instock","product_retailer_item_id":"RS-F2-GPWH-41","product_condition":"new","geo.placename":"Z\u00fcrich","geo.position":{"lat":"47.38413","long":"8.49812"},"geo.region":"Suisse"},"_links":{"self":[{"href":"https:\/\/3d-edu.ch\/fr\/wp-json\/wp\/v2\/product\/77212","targetHints":{"allow":["GET"]}}],"collection":[{"href":"https:\/\/3d-edu.ch\/fr\/wp-json\/wp\/v2\/product"}],"about":[{"href":"https:\/\/3d-edu.ch\/fr\/wp-json\/wp\/v2\/types\/product"}],"replies":[{"embeddable":true,"href":"https:\/\/3d-edu.ch\/fr\/wp-json\/wp\/v2\/comments?post=77212"}],"wp:featuredmedia":[{"embeddable":true,"href":"https:\/\/3d-edu.ch\/fr\/wp-json\/wp\/v2\/media\/78968"}],"wp:attachment":[{"href":"https:\/\/3d-edu.ch\/fr\/wp-json\/wp\/v2\/media?parent=77212"}],"wp:term":[{"taxonomy":"product_brand","embeddable":true,"href":"https:\/\/3d-edu.ch\/fr\/wp-json\/wp\/v2\/product_brand?post=77212"},{"taxonomy":"product_cat","embeddable":true,"href":"https:\/\/3d-edu.ch\/fr\/wp-json\/wp\/v2\/product_cat?post=77212"},{"taxonomy":"product_tag","embeddable":true,"href":"https:\/\/3d-edu.ch\/fr\/wp-json\/wp\/v2\/product_tag?post=77212"}],"curies":[{"name":"wp","href":"https:\/\/api.w.org\/{rel}","templated":true}]}}