{"id":77175,"date":"2021-01-28T12:16:41","date_gmt":"2021-01-28T12:16:41","guid":{"rendered":"https:\/\/3d-edu.ch\/shop\/formlabs-flexible-80a-resine-resine-synthetique-1l\/"},"modified":"2026-05-04T16:43:15","modified_gmt":"2026-05-04T14:43:15","slug":"formlabs-flexible-80a-resine-resine-synthetique-1l","status":"publish","type":"product","link":"https:\/\/3d-edu.ch\/fr\/boutique\/formlabs-flexible-80a-resine-resine-synthetique-1l\/","title":{"rendered":"Formlabs Flexible 80A R\u00e9sine \/ R\u00e9sine synth\u00e9tique 1L"},"content":{"rendered":"<h3>Flexible 80A R\u00e9sine \/ R\u00e9sine synth\u00e9tique Cartouche 1L<\/h3>\n<p>Flexible 80A Resin est le mat\u00e9riau soft touch le plus dur de la biblioth\u00e8que de mat\u00e9riaux de Formlabs. Ce mat\u00e9riau flexible et \u00e9lastique, d&rsquo;une duret\u00e9 shore de 80A, simule la flexibilit\u00e9 du caoutchouc ou du TPU. La r\u00e9sine flexible 80A est \u00e0 la fois souple et r\u00e9sistante. Il peut donc r\u00e9sister \u00e0 des flexions, des \u00e9tirements et des compressions r\u00e9p\u00e9t\u00e9s.   <\/p>\n<p>Le \u00ab\u00a080A\u00a0\u00bb dans le nom indique la duret\u00e9 shore du mat\u00e9riau. Si vous avez besoin d&rsquo;un mat\u00e9riau plus souple et plus flexible, essayez Elastic 50A Resin.   <\/p>\n<p>Flexible 80A Resin est une reformulation de Flexible Resin (V1\/V2). La R\u00e9sine Flexible 80A pr\u00e9sente des propri\u00e9t\u00e9s m\u00e9caniques am\u00e9lior\u00e9es et un nouvel aspect.   <\/p>\n<div class=\"accordion\">\n\t<div id=\"accordion-2268288137\" class=\"accordion-item\">\n\t\t<a id=\"accordion-2268288137-label\" class=\"accordion-title plain\" href=\"#accordion-item-plus-d&#039;informations\" aria-expanded=\"false\" aria-controls=\"accordion-2268288137-content\">\n\t\t\t<button class=\"toggle\" aria-label=\"Basculer\"><i class=\"icon-angle-down\" aria-hidden=\"true\"><\/i><\/button>\n\t\t\t<span>Plus d&#039;informations<\/span>\n\t\t<\/a>\n\t\t<div id=\"accordion-2268288137-content\" class=\"accordion-inner\" aria-labelledby=\"accordion-2268288137-label\">\n\t\t\t\n<h5>Contenu de la livraison<\/h5>\n<p>1x Formlabs Flexible 80A R\u00e9sine \/ R\u00e9sine synth\u00e9tique 1L<\/p>\n<p>R\u00e9solutions d&rsquo;impression prises en charge : 100 et 50 microns.<br \/>Post-traitement requis.<br \/><a href=\"https:\/\/3d-edu.ch\/fr\/boutique\/form-2-resin-tank-lt-reservoir-de-resine-lt\/\">Resin Tank LT<\/a> requis pour le Form 2.<br \/>Disponible pour Form 3, Form 3L, Form 3B, Form 3BL, Form 2.<br \/>\n\n<\/p>\n<h5>Plus d&rsquo;informations<\/h5>\n<p>Pour plus d&rsquo;informations sur le mat\u00e9riau Formlabs Flexible 80A, voir <a href=\"https:\/\/3d-edu.ch\/fr\/formlabs\/resine-formlabs\/ingenierie\/\">Formlabs Engineering Resin<\/a>.<\/p>\n<h2>Formlabs Resin \/ R\u00e9sine<\/h2>\n<p>La r\u00e9sine Formlabs offre des r\u00e9sultats parfaits avec les <a href=\"https:\/\/3d-edu.ch\/fr\/formlabs\/imprimante-3d-formlabs\/\">imprimantes 3D SLA\/LFS de Formlabs<\/a>. La biblioth\u00e8que de mat\u00e9riaux comprend environ 20 r\u00e9sines et est constamment am\u00e9lior\u00e9e et \u00e9tendue. Outre les <a href=\"https:\/\/3d-edu.ch\/fr\/formlabs\/resine-formlabs\/standard\/\">r\u00e9sines standard<\/a>, Fromlabs propose des r\u00e9sines sp\u00e9ciales pour l <a href=\"https:\/\/3d-edu.ch\/fr\/formlabs\/resine-formlabs\/ingenierie\/\">&lsquo;ing\u00e9nierie<\/a>, <a href=\"https:\/\/3d-edu.ch\/fr\/formlabs\/resine-formlabs\/castable\/\">la conception de bijoux<\/a>, la <a href=\"https:\/\/3d-edu.ch\/fr\/formlabs\/resine-formlabs\/dentaire\/\">dentisterie<\/a> et <a href=\"https:\/\/3d-edu.ch\/fr\/formlabs\/resine-formlabs\/medical\/\">la m\u00e9decine<\/a>.  <\/p>\n<h3>Formlabs Engineering Resin \/ R\u00e9sines techniques<\/h3>\n<h4>Formlabs Grey Pro, Formlabs Rigid 4000, Formlabs Rigid 10K, Formlabs Flexible 80A, Formlabs Elastic 50A, Formlabs Tough 1500, Formlabs Tough 2000, Formlabs Durable, Formlabs High Temp, Formlabs Draft V2 Resin<\/h4>\n<p>Les R\u00e9sines de Formulation Fonctionnelle sont des mat\u00e9riaux d&rsquo;impression 3D avanc\u00e9s, con\u00e7us pour le prototypage et l&rsquo;ing\u00e9nierie fonctionnels. Les r\u00e9sines fonctionnelles de Formlabs se distinguent par leurs propri\u00e9t\u00e9s et sont con\u00e7ues pour des applications sp\u00e9cifiques. Cela \u00e9tend et am\u00e9liore les performances des imprimantes 3D de Formlabs. Une nouvelle r\u00e9sine \u00e9lastique \u00ab\u00a0Elastic Resin\u00a0\u00bb d&rsquo;une duret\u00e9 Shore de 50A est \u00e9galement disponible depuis peu.   <\/p>\n\t\t<\/div>\n\t<\/div>\n\t\n<\/div>\n","protected":false},"excerpt":{"rendered":"<h2><strong>Formlabs Flexible 80A R\u00e9sine \/ R\u00e9sine synth\u00e9tique 1L<\/strong><\/h2>\n<p>La r\u00e9sine Flexible 80A est le plus rigide des mat\u00e9riaux au toucher souple de notre famille de r\u00e9sines Flexible et Elastic. Avec sa duret\u00e9 Shore de 80A, elle simule la flexibilit\u00e9 du caoutchouc ou du TPU. Flexible 80A Resin est une reformulation de Flexible Resin.  <\/p>\n","protected":false},"featured_media":62387,"comment_status":"closed","ping_status":"closed","template":"","meta":[],"product_brand":[],"product_cat":[],"product_tag":[7784,8053],"class_list":{"0":"post-77175","1":"product","2":"type-product","3":"status-publish","4":"has-post-thumbnail","6":"product_tag-formlabs-fr","7":"product_tag-resine-formlabs","9":"first","10":"instock","11":"taxable","12":"shipping-taxable","13":"purchasable","14":"product-type-simple"},"yoast_head":"<!-- This site is optimized with the Yoast SEO Premium plugin v27.5 (Yoast SEO v27.5) - https:\/\/yoast.com\/product\/yoast-seo-premium-wordpress\/ -->\n<title>Formlabs Flexible 80A R\u00e9sine \/ R\u00e9sine synth\u00e9tique 1L %%page% - 3D-EDU GmbH%<\/title>\n<meta name=\"robots\" content=\"index, follow, max-snippet:-1, max-image-preview:large, max-video-preview:-1\" \/>\n<link rel=\"canonical\" href=\"https:\/\/3d-edu.ch\/fr\/boutique\/formlabs-flexible-80a-resine-resine-synthetique-1l\/\" \/>\n<meta property=\"og:locale\" content=\"fr_FR\" \/>\n<meta property=\"og:type\" content=\"article\" \/>\n<meta property=\"og:title\" content=\"Formlabs Flexible 80A R\u00e9sine \/ R\u00e9sine synth\u00e9tique 1L\" \/>\n<meta property=\"og:description\" content=\"Formlabs Flexible 80A R\u00e9sine \/ R\u00e9sine synth\u00e9tique 1L La r\u00e9sine Flexible 80A est le plus rigide des mat\u00e9riaux au toucher souple de notre famille de r\u00e9sines Flexible et Elastic. Avec sa duret\u00e9 Shore de 80A, elle simule la flexibilit\u00e9 du caoutchouc ou du TPU. Flexible 80A Resin est une reformulation de Flexible Resin.\" \/>\n<meta property=\"og:url\" content=\"https:\/\/3d-edu.ch\/fr\/boutique\/formlabs-flexible-80a-resine-resine-synthetique-1l\/\" \/>\n<meta property=\"og:site_name\" content=\"3D-EDU GmbH\" \/>\n<meta property=\"article:publisher\" content=\"https:\/\/www.facebook.com\/3d-educh-210277586064960\/\" \/>\n<meta property=\"article:modified_time\" content=\"2026-05-04T14:43:15+00:00\" \/>\n<meta property=\"og:image\" content=\"https:\/\/3d-edu.ch\/wp-content\/uploads\/2020\/08\/formlabs-resin-flexible-80A.jpg\" \/>\n\t<meta property=\"og:image:width\" content=\"380\" \/>\n\t<meta property=\"og:image:height\" content=\"380\" \/>\n\t<meta property=\"og:image:type\" content=\"image\/jpeg\" \/>\n<meta name=\"twitter:card\" content=\"summary_large_image\" \/>\n<meta name=\"twitter:site\" content=\"@3d_edu_ch\" \/>\n<meta name=\"twitter:label1\" content=\"Prix\" \/>\n\t<meta name=\"twitter:data1\" content=\"212.66&nbsp;&#067;&#072;&#070; hors TVA\" \/>\n\t<meta name=\"twitter:label2\" content=\"Disponibilit\u00e9\" \/>\n\t<meta name=\"twitter:data2\" content=\"En stock\" \/>\n<script type=\"application\/ld+json\" class=\"yoast-schema-graph\">{\"@context\":\"https:\\\/\\\/schema.org\",\"@graph\":[{\"@type\":\"WebPage\",\"@id\":\"https:\\\/\\\/3d-edu.ch\\\/fr\\\/boutique\\\/formlabs-flexible-80a-resine-resine-synthetique-1l\\\/\",\"url\":\"https:\\\/\\\/3d-edu.ch\\\/fr\\\/boutique\\\/formlabs-flexible-80a-resine-resine-synthetique-1l\\\/\",\"name\":\"Formlabs Flexible 80A R\u00e9sine \\\/ R\u00e9sine synth\u00e9tique 1L %%page% - 3D-EDU GmbH%\",\"isPartOf\":{\"@id\":\"https:\\\/\\\/3d-edu.ch\\\/fr\\\/#website\"},\"primaryImageOfPage\":{\"@id\":\"https:\\\/\\\/3d-edu.ch\\\/fr\\\/boutique\\\/formlabs-flexible-80a-resine-resine-synthetique-1l\\\/#primaryimage\"},\"image\":{\"@id\":\"https:\\\/\\\/3d-edu.ch\\\/fr\\\/boutique\\\/formlabs-flexible-80a-resine-resine-synthetique-1l\\\/#primaryimage\"},\"thumbnailUrl\":\"https:\\\/\\\/3d-edu.ch\\\/wp-content\\\/uploads\\\/2020\\\/08\\\/formlabs-resin-flexible-80A.jpg\",\"datePublished\":\"2021-01-28T12:16:41+00:00\",\"dateModified\":\"2026-05-04T14:43:15+00:00\",\"breadcrumb\":{\"@id\":\"https:\\\/\\\/3d-edu.ch\\\/fr\\\/boutique\\\/formlabs-flexible-80a-resine-resine-synthetique-1l\\\/#breadcrumb\"},\"inLanguage\":\"fr-FR\",\"potentialAction\":[{\"@type\":\"ReadAction\",\"target\":[\"https:\\\/\\\/3d-edu.ch\\\/fr\\\/boutique\\\/formlabs-flexible-80a-resine-resine-synthetique-1l\\\/\"]}]},{\"@type\":\"ImageObject\",\"inLanguage\":\"fr-FR\",\"@id\":\"https:\\\/\\\/3d-edu.ch\\\/fr\\\/boutique\\\/formlabs-flexible-80a-resine-resine-synthetique-1l\\\/#primaryimage\",\"url\":\"https:\\\/\\\/3d-edu.ch\\\/wp-content\\\/uploads\\\/2020\\\/08\\\/formlabs-resin-flexible-80A.jpg\",\"contentUrl\":\"https:\\\/\\\/3d-edu.ch\\\/wp-content\\\/uploads\\\/2020\\\/08\\\/formlabs-resin-flexible-80A.jpg\",\"width\":380,\"height\":380,\"caption\":\"Formlabs Flexible 80A R\u00e9sine\"},{\"@type\":\"BreadcrumbList\",\"@id\":\"https:\\\/\\\/3d-edu.ch\\\/fr\\\/boutique\\\/formlabs-flexible-80a-resine-resine-synthetique-1l\\\/#breadcrumb\",\"itemListElement\":[{\"@type\":\"ListItem\",\"position\":1,\"name\":\"Accueil\",\"item\":\"https:\\\/\\\/3d-edu.ch\\\/fr\\\/\"},{\"@type\":\"ListItem\",\"position\":2,\"name\":\"Boutique\",\"item\":\"https:\\\/\\\/3d-edu.ch\\\/fr\\\/boutique\\\/\"},{\"@type\":\"ListItem\",\"position\":3,\"name\":\"Formlabs Flexible 80A R\u00e9sine \\\/ R\u00e9sine synth\u00e9tique 1L\"}]},{\"@type\":\"WebSite\",\"@id\":\"https:\\\/\\\/3d-edu.ch\\\/fr\\\/#website\",\"url\":\"https:\\\/\\\/3d-edu.ch\\\/fr\\\/\",\"name\":\"3D-EDU GmbH\",\"description\":\"Your Formlabs, UltiMaker and Raise3D Printer Support and Education Site in Switzerland. \\\/\\\/ Ihre Formlabs, UltiMaker and Raise3D Drucker Support und Bildungs Webseite der Schweiz.\",\"publisher\":{\"@id\":\"https:\\\/\\\/3d-edu.ch\\\/fr\\\/#organization\"},\"potentialAction\":[{\"@type\":\"SearchAction\",\"target\":{\"@type\":\"EntryPoint\",\"urlTemplate\":\"https:\\\/\\\/3d-edu.ch\\\/fr\\\/?s={search_term_string}\"},\"query-input\":{\"@type\":\"PropertyValueSpecification\",\"valueRequired\":true,\"valueName\":\"search_term_string\"}}],\"inLanguage\":\"fr-FR\"},{\"@type\":[\"Organization\",\"Place\",\"ElectronicsStore\"],\"@id\":\"https:\\\/\\\/3d-edu.ch\\\/fr\\\/#organization\",\"name\":\"3D-EDU GmbH\",\"url\":\"https:\\\/\\\/3d-edu.ch\\\/fr\\\/\",\"logo\":{\"@id\":\"https:\\\/\\\/3d-edu.ch\\\/fr\\\/boutique\\\/formlabs-flexible-80a-resine-resine-synthetique-1l\\\/#local-main-organization-logo\"},\"image\":{\"@id\":\"https:\\\/\\\/3d-edu.ch\\\/fr\\\/boutique\\\/formlabs-flexible-80a-resine-resine-synthetique-1l\\\/#local-main-organization-logo\"},\"sameAs\":[\"https:\\\/\\\/www.facebook.com\\\/3d-educh-210277586064960\\\/\",\"https:\\\/\\\/x.com\\\/3d_edu_ch\"],\"address\":{\"@id\":\"https:\\\/\\\/3d-edu.ch\\\/fr\\\/boutique\\\/formlabs-flexible-80a-resine-resine-synthetique-1l\\\/#local-main-place-address\"},\"geo\":{\"@type\":\"GeoCoordinates\",\"latitude\":\"47.38413\",\"longitude\":\"8.49812\"},\"telephone\":[\"+41 44 492 11 22\"],\"openingHoursSpecification\":[{\"@type\":\"OpeningHoursSpecification\",\"dayOfWeek\":[\"Monday\",\"Tuesday\",\"Wednesday\",\"Thursday\",\"Friday\"],\"opens\":\"08:30\",\"closes\":\"18:00\"},{\"@type\":\"OpeningHoursSpecification\",\"dayOfWeek\":[\"Saturday\",\"Sunday\"],\"opens\":\"00:00\",\"closes\":\"00:00\"}],\"email\":\"info@3d-edu.ch\",\"faxNumber\":\"+41 44 492 11 23\",\"vatID\":\"CHE-184.499.491 MWST\",\"priceRange\":\"$$$\",\"currenciesAccepted\":\"CHF\"},{\"@type\":\"PostalAddress\",\"@id\":\"https:\\\/\\\/3d-edu.ch\\\/fr\\\/boutique\\\/formlabs-flexible-80a-resine-resine-synthetique-1l\\\/#local-main-place-address\",\"streetAddress\":\"3D-EDU GmbH, Badenerstrasse 556\",\"addressLocality\":\"Z\u00fcrich\",\"postalCode\":\"8048\",\"addressRegion\":\"Z\u00fcrich\",\"addressCountry\":\"CH\"},{\"@type\":\"ImageObject\",\"inLanguage\":\"fr-FR\",\"@id\":\"https:\\\/\\\/3d-edu.ch\\\/fr\\\/boutique\\\/formlabs-flexible-80a-resine-resine-synthetique-1l\\\/#local-main-organization-logo\",\"url\":\"https:\\\/\\\/3d-edu.ch\\\/wp-content\\\/uploads\\\/2018\\\/10\\\/3d-drucker-makerbot-formlabs-professionelle-3d-drucker-e1546527990490.png\",\"contentUrl\":\"https:\\\/\\\/3d-edu.ch\\\/wp-content\\\/uploads\\\/2018\\\/10\\\/3d-drucker-makerbot-formlabs-professionelle-3d-drucker-e1546527990490.png\",\"width\":275,\"height\":80,\"caption\":\"3D-EDU GmbH\"}]}<\/script>\n<meta property=\"product:price:amount\" content=\"212.66\" \/>\n<meta property=\"product:price:currency\" content=\"CHF\" \/>\n<meta property=\"og:availability\" content=\"instock\" \/>\n<meta property=\"product:availability\" content=\"instock\" \/>\n<meta property=\"product:retailer_item_id\" content=\"RS-F2-FL80-01\" \/>\n<meta property=\"product:condition\" content=\"new\" \/>\n<meta name=\"geo.placename\" content=\"Z\u00fcrich\" \/>\n<meta name=\"geo.position\" content=\"47.38413;8.49812\" \/>\n<meta name=\"geo.region\" content=\"Suisse\" \/>\n<!-- \/ Yoast SEO Premium plugin. -->","yoast_head_json":{"title":"Formlabs Flexible 80A R\u00e9sine \/ R\u00e9sine synth\u00e9tique 1L %%page% - 3D-EDU GmbH%","robots":{"index":"index","follow":"follow","max-snippet":"max-snippet:-1","max-image-preview":"max-image-preview:large","max-video-preview":"max-video-preview:-1"},"canonical":"https:\/\/3d-edu.ch\/fr\/boutique\/formlabs-flexible-80a-resine-resine-synthetique-1l\/","og_locale":"fr_FR","og_type":"article","og_title":"Formlabs Flexible 80A R\u00e9sine \/ R\u00e9sine synth\u00e9tique 1L","og_description":"Formlabs Flexible 80A R\u00e9sine \/ R\u00e9sine synth\u00e9tique 1L La r\u00e9sine Flexible 80A est le plus rigide des mat\u00e9riaux au toucher souple de notre famille de r\u00e9sines Flexible et Elastic. Avec sa duret\u00e9 Shore de 80A, elle simule la flexibilit\u00e9 du caoutchouc ou du TPU. Flexible 80A Resin est une reformulation de Flexible Resin.","og_url":"https:\/\/3d-edu.ch\/fr\/boutique\/formlabs-flexible-80a-resine-resine-synthetique-1l\/","og_site_name":"3D-EDU GmbH","article_publisher":"https:\/\/www.facebook.com\/3d-educh-210277586064960\/","article_modified_time":"2026-05-04T14:43:15+00:00","og_image":[{"width":380,"height":380,"url":"https:\/\/3d-edu.ch\/wp-content\/uploads\/2020\/08\/formlabs-resin-flexible-80A.jpg","type":"image\/jpeg"}],"twitter_card":"summary_large_image","twitter_site":"@3d_edu_ch","twitter_misc":{"Prix":"212.66&nbsp;&#67;&#72;&#70; hors TVA","Disponibilit\u00e9":"En stock"},"schema":{"@context":"https:\/\/schema.org","@graph":[{"@type":"WebPage","@id":"https:\/\/3d-edu.ch\/fr\/boutique\/formlabs-flexible-80a-resine-resine-synthetique-1l\/","url":"https:\/\/3d-edu.ch\/fr\/boutique\/formlabs-flexible-80a-resine-resine-synthetique-1l\/","name":"Formlabs Flexible 80A R\u00e9sine \/ R\u00e9sine synth\u00e9tique 1L %%page% - 3D-EDU GmbH%","isPartOf":{"@id":"https:\/\/3d-edu.ch\/fr\/#website"},"primaryImageOfPage":{"@id":"https:\/\/3d-edu.ch\/fr\/boutique\/formlabs-flexible-80a-resine-resine-synthetique-1l\/#primaryimage"},"image":{"@id":"https:\/\/3d-edu.ch\/fr\/boutique\/formlabs-flexible-80a-resine-resine-synthetique-1l\/#primaryimage"},"thumbnailUrl":"https:\/\/3d-edu.ch\/wp-content\/uploads\/2020\/08\/formlabs-resin-flexible-80A.jpg","datePublished":"2021-01-28T12:16:41+00:00","dateModified":"2026-05-04T14:43:15+00:00","breadcrumb":{"@id":"https:\/\/3d-edu.ch\/fr\/boutique\/formlabs-flexible-80a-resine-resine-synthetique-1l\/#breadcrumb"},"inLanguage":"fr-FR","potentialAction":[{"@type":"ReadAction","target":["https:\/\/3d-edu.ch\/fr\/boutique\/formlabs-flexible-80a-resine-resine-synthetique-1l\/"]}]},{"@type":"ImageObject","inLanguage":"fr-FR","@id":"https:\/\/3d-edu.ch\/fr\/boutique\/formlabs-flexible-80a-resine-resine-synthetique-1l\/#primaryimage","url":"https:\/\/3d-edu.ch\/wp-content\/uploads\/2020\/08\/formlabs-resin-flexible-80A.jpg","contentUrl":"https:\/\/3d-edu.ch\/wp-content\/uploads\/2020\/08\/formlabs-resin-flexible-80A.jpg","width":380,"height":380,"caption":"Formlabs Flexible 80A R\u00e9sine"},{"@type":"BreadcrumbList","@id":"https:\/\/3d-edu.ch\/fr\/boutique\/formlabs-flexible-80a-resine-resine-synthetique-1l\/#breadcrumb","itemListElement":[{"@type":"ListItem","position":1,"name":"Accueil","item":"https:\/\/3d-edu.ch\/fr\/"},{"@type":"ListItem","position":2,"name":"Boutique","item":"https:\/\/3d-edu.ch\/fr\/boutique\/"},{"@type":"ListItem","position":3,"name":"Formlabs Flexible 80A R\u00e9sine \/ R\u00e9sine synth\u00e9tique 1L"}]},{"@type":"WebSite","@id":"https:\/\/3d-edu.ch\/fr\/#website","url":"https:\/\/3d-edu.ch\/fr\/","name":"3D-EDU GmbH","description":"Your Formlabs, UltiMaker and Raise3D Printer Support and Education Site in Switzerland. \/\/ Ihre Formlabs, UltiMaker and Raise3D Drucker Support und Bildungs Webseite der Schweiz.","publisher":{"@id":"https:\/\/3d-edu.ch\/fr\/#organization"},"potentialAction":[{"@type":"SearchAction","target":{"@type":"EntryPoint","urlTemplate":"https:\/\/3d-edu.ch\/fr\/?s={search_term_string}"},"query-input":{"@type":"PropertyValueSpecification","valueRequired":true,"valueName":"search_term_string"}}],"inLanguage":"fr-FR"},{"@type":["Organization","Place","ElectronicsStore"],"@id":"https:\/\/3d-edu.ch\/fr\/#organization","name":"3D-EDU GmbH","url":"https:\/\/3d-edu.ch\/fr\/","logo":{"@id":"https:\/\/3d-edu.ch\/fr\/boutique\/formlabs-flexible-80a-resine-resine-synthetique-1l\/#local-main-organization-logo"},"image":{"@id":"https:\/\/3d-edu.ch\/fr\/boutique\/formlabs-flexible-80a-resine-resine-synthetique-1l\/#local-main-organization-logo"},"sameAs":["https:\/\/www.facebook.com\/3d-educh-210277586064960\/","https:\/\/x.com\/3d_edu_ch"],"address":{"@id":"https:\/\/3d-edu.ch\/fr\/boutique\/formlabs-flexible-80a-resine-resine-synthetique-1l\/#local-main-place-address"},"geo":{"@type":"GeoCoordinates","latitude":"47.38413","longitude":"8.49812"},"telephone":["+41 44 492 11 22"],"openingHoursSpecification":[{"@type":"OpeningHoursSpecification","dayOfWeek":["Monday","Tuesday","Wednesday","Thursday","Friday"],"opens":"08:30","closes":"18:00"},{"@type":"OpeningHoursSpecification","dayOfWeek":["Saturday","Sunday"],"opens":"00:00","closes":"00:00"}],"email":"info@3d-edu.ch","faxNumber":"+41 44 492 11 23","vatID":"CHE-184.499.491 MWST","priceRange":"$$$","currenciesAccepted":"CHF"},{"@type":"PostalAddress","@id":"https:\/\/3d-edu.ch\/fr\/boutique\/formlabs-flexible-80a-resine-resine-synthetique-1l\/#local-main-place-address","streetAddress":"3D-EDU GmbH, Badenerstrasse 556","addressLocality":"Z\u00fcrich","postalCode":"8048","addressRegion":"Z\u00fcrich","addressCountry":"CH"},{"@type":"ImageObject","inLanguage":"fr-FR","@id":"https:\/\/3d-edu.ch\/fr\/boutique\/formlabs-flexible-80a-resine-resine-synthetique-1l\/#local-main-organization-logo","url":"https:\/\/3d-edu.ch\/wp-content\/uploads\/2018\/10\/3d-drucker-makerbot-formlabs-professionelle-3d-drucker-e1546527990490.png","contentUrl":"https:\/\/3d-edu.ch\/wp-content\/uploads\/2018\/10\/3d-drucker-makerbot-formlabs-professionelle-3d-drucker-e1546527990490.png","width":275,"height":80,"caption":"3D-EDU GmbH"}]},"product_price_amount":"212.66","product_price_currency":"CHF","og_availability":"instock","product_availability":"instock","product_retailer_item_id":"RS-F2-FL80-01","product_condition":"new","geo.placename":"Z\u00fcrich","geo.position":{"lat":"47.38413","long":"8.49812"},"geo.region":"Suisse"},"_links":{"self":[{"href":"https:\/\/3d-edu.ch\/fr\/wp-json\/wp\/v2\/product\/77175","targetHints":{"allow":["GET"]}}],"collection":[{"href":"https:\/\/3d-edu.ch\/fr\/wp-json\/wp\/v2\/product"}],"about":[{"href":"https:\/\/3d-edu.ch\/fr\/wp-json\/wp\/v2\/types\/product"}],"replies":[{"embeddable":true,"href":"https:\/\/3d-edu.ch\/fr\/wp-json\/wp\/v2\/comments?post=77175"}],"wp:featuredmedia":[{"embeddable":true,"href":"https:\/\/3d-edu.ch\/fr\/wp-json\/wp\/v2\/media\/62387"}],"wp:attachment":[{"href":"https:\/\/3d-edu.ch\/fr\/wp-json\/wp\/v2\/media?parent=77175"}],"wp:term":[{"taxonomy":"product_brand","embeddable":true,"href":"https:\/\/3d-edu.ch\/fr\/wp-json\/wp\/v2\/product_brand?post=77175"},{"taxonomy":"product_cat","embeddable":true,"href":"https:\/\/3d-edu.ch\/fr\/wp-json\/wp\/v2\/product_cat?post=77175"},{"taxonomy":"product_tag","embeddable":true,"href":"https:\/\/3d-edu.ch\/fr\/wp-json\/wp\/v2\/product_tag?post=77175"}],"curies":[{"name":"wp","href":"https:\/\/api.w.org\/{rel}","templated":true}]}}