{"id":77160,"date":"2021-03-22T13:10:09","date_gmt":"2021-03-22T12:10:09","guid":{"rendered":"https:\/\/3d-edu.ch\/shop\/makerbot-method-nozzle-ptfe-pack\/"},"modified":"2026-04-20T15:04:43","modified_gmt":"2026-04-20T13:04:43","slug":"makerbot-method-nozzle-ptfe-pack","status":"publish","type":"product","link":"https:\/\/3d-edu.ch\/fr\/boutique\/makerbot-method-nozzle-ptfe-pack\/","title":{"rendered":"MakerBot Method Nozzle + PTFE Pack"},"content":{"rendered":"<h2>MakerBot Method Nozzle + PTFE Pack<\/h2>\n<h3>Inclus dans la livraison<\/h3>\n<ul>\n<li>1 MakerBot Method Nozzle + PTFE Pack (en acier tremp\u00e9)<\/li>\n<\/ul>\n<hr \/>\n<p><strong>MakerBot Method Nozzle + PTFE Pack pour l&rsquo;imprimante 3D MakerBot Method et Method X avec Labs Experimental ou Composite 1C Extruder<\/strong><\/p>\n<p>D\u00e9bloquez votre imprimante 3D MakerBot Method ou Method X pour des mat\u00e9riaux illimit\u00e9s ou imprimez des mat\u00e9riaux composites avec l&rsquo;extrudeur Model 1C. Imprimez <a href=\"https:\/\/3d-edu.ch\/fr\/cat\u00e9gorie%20de%20produits\/filaments-pour-imprimantes-3d-fr\/\">des mat\u00e9riaux tiers<\/a> ou <a href=\"https:\/\/3d-edu.ch\/fr\/cat\u00e9gorie%20de%20produits\/filaments-pour-imprimantes-3d-fr\/filament-composite-fr\/\">des mat\u00e9riaux composites<\/a> sur une plateforme d&rsquo;impression 3D industrielle MakerBot Method avec un mat\u00e9riel modulaire et des param\u00e8tres d&rsquo;impression avanc\u00e9s. <\/p>\n<div class=\"accordion\">\n\t<div id=\"accordion-414899001\" class=\"accordion-item\">\n\t\t<a id=\"accordion-414899001-label\" class=\"accordion-title plain\" href=\"#accordion-item-plus-d&#039;informations\" aria-expanded=\"false\" aria-controls=\"accordion-414899001-content\">\n\t\t\t<button class=\"toggle\" aria-label=\"Basculer\"><i class=\"icon-angle-down\" aria-hidden=\"true\"><\/i><\/button>\n\t\t\t<span>Plus d&#039;informations<\/span>\n\t\t<\/a>\n\t\t<div id=\"accordion-414899001-content\" class=\"accordion-inner\" aria-labelledby=\"accordion-414899001-label\">\n\t\t\t\n<p><strong>Mat\u00e9riel du partenaire<\/strong><\/p>\n<p>D\u00e9couvrez les mat\u00e9riaux pr\u00e9qualifi\u00e9s des principales soci\u00e9t\u00e9s de filaments pour explorer de nouvelles applications d&rsquo;impression 3D.<\/p>\n<p>Utilisez votre esprit d&rsquo;innovation et explorez de nouvelles applications d&rsquo;impression 3D. Exp\u00e9rimentez avec un large \u00e9ventail de <a href=\"https:\/\/3d-edu.ch\/fr\/cat\u00e9gorie%20de%20produits\/filaments-pour-imprimantes-3d-fr\/\">mat\u00e9riaux et de propri\u00e9t\u00e9s<\/a> pour donner vie \u00e0 vos id\u00e9es. <\/p>\n\t\t<\/div>\n\t<\/div>\n\t\n<\/div>\n","protected":false},"excerpt":{"rendered":"<h3>MakerBot Method Nozzle + PTFE Pack compatible avec l&rsquo;extrudeuse MakerBot Method &amp; Method X Labs Experimental ou Model 1C<\/h3>\n<p>Le MakerBot Method Nozzle + PTFE Pack pour l&rsquo;<a href=\"https:\/\/3d-edu.ch\/fr\/boutique\/extrudeuse-experimentale-makerbot-method-labs\/\">extrudeur Labs Experimental<\/a> et l <a href=\"https:\/\/3d-edu.ch\/fr\/boutique\/extrudeuse-makerbot-method-composite\/\">&lsquo;extrudeur Composite Model 1C<\/a> pour remplacer le Nozzle original.<\/p>\n<table>\n<tbody>\n<tr>\n<td width=\"100\">Fabricant<\/td>\n<td>MakerBot<\/td>\n<\/tr>\n<\/tbody>\n<\/table>\n","protected":false},"featured_media":64084,"comment_status":"closed","ping_status":"closed","template":"","meta":[],"product_brand":[],"product_cat":[7920,8179,8183],"product_tag":[8187,9166,8185,8188,8189,8186],"class_list":{"0":"post-77160","1":"product","2":"type-product","3":"status-publish","4":"has-post-thumbnail","6":"product_cat-accessoires-et-pieces-de-rechange-pour-imprimantes-3d-fr","7":"product_cat-methode","8":"product_cat-methode-x-xl","9":"product_tag-accessoires-makerbot","10":"product_tag-extrudeuse-makerbot","11":"product_tag-makerbot","12":"product_tag-methode","13":"product_tag-methode-x","14":"product_tag-pieces-de-rechange-makerbot","16":"first","17":"instock","18":"taxable","19":"shipping-taxable","20":"purchasable","21":"product-type-simple"},"yoast_head":"<!-- This site is optimized with the Yoast SEO Premium plugin v27.4 (Yoast SEO v27.4) - https:\/\/yoast.com\/product\/yoast-seo-premium-wordpress\/ -->\n<title>MakerBot Method Nozzle + PTFE Pack %%page% commander en ligne maintenant - 3D-EDU GmbH<\/title>\n<meta name=\"robots\" content=\"index, follow, max-snippet:-1, max-image-preview:large, max-video-preview:-1\" \/>\n<link rel=\"canonical\" href=\"https:\/\/3d-edu.ch\/fr\/boutique\/makerbot-method-nozzle-ptfe-pack\/\" \/>\n<meta property=\"og:locale\" content=\"fr_FR\" \/>\n<meta property=\"og:type\" content=\"article\" \/>\n<meta property=\"og:title\" content=\"MakerBot Method Nozzle + PTFE Pack\" \/>\n<meta property=\"og:description\" content=\"MakerBot Method Nozzle + PTFE Pack compatible avec l&#039;extrudeuse MakerBot Method &amp; Method X Labs Experimental ou Model 1C Le MakerBot Method Nozzle + PTFE Pack pour l&#039;extrudeur Labs Experimental et l &#039;extrudeur Composite Model 1C pour remplacer le Nozzle original.  Fabricant MakerBot\" \/>\n<meta property=\"og:url\" content=\"https:\/\/3d-edu.ch\/fr\/boutique\/makerbot-method-nozzle-ptfe-pack\/\" \/>\n<meta property=\"og:site_name\" content=\"3D-EDU GmbH\" \/>\n<meta property=\"article:publisher\" content=\"https:\/\/www.facebook.com\/3d-educh-210277586064960\/\" \/>\n<meta property=\"article:modified_time\" content=\"2026-04-20T13:04:43+00:00\" \/>\n<meta property=\"og:image\" content=\"https:\/\/3d-edu.ch\/wp-content\/uploads\/2021\/03\/makerbot-method-x-nozzle.jpg\" \/>\n\t<meta property=\"og:image:width\" content=\"380\" \/>\n\t<meta property=\"og:image:height\" content=\"380\" \/>\n\t<meta property=\"og:image:type\" content=\"image\/jpeg\" \/>\n<meta name=\"twitter:card\" content=\"summary_large_image\" \/>\n<meta name=\"twitter:site\" content=\"@3d_edu_ch\" \/>\n<meta name=\"twitter:label1\" content=\"Prix\" \/>\n\t<meta name=\"twitter:data1\" content=\"73.36&nbsp;&#067;&#072;&#070; hors TVA\" \/>\n\t<meta name=\"twitter:label2\" content=\"Disponibilit\u00e9\" \/>\n\t<meta name=\"twitter:data2\" content=\"En stock\" \/>\n<script type=\"application\/ld+json\" class=\"yoast-schema-graph\">{\"@context\":\"https:\\\/\\\/schema.org\",\"@graph\":[{\"@type\":\"WebPage\",\"@id\":\"https:\\\/\\\/3d-edu.ch\\\/fr\\\/boutique\\\/makerbot-method-nozzle-ptfe-pack\\\/\",\"url\":\"https:\\\/\\\/3d-edu.ch\\\/fr\\\/boutique\\\/makerbot-method-nozzle-ptfe-pack\\\/\",\"name\":\"MakerBot Method Nozzle + PTFE Pack %%page% commander en ligne maintenant - 3D-EDU GmbH\",\"isPartOf\":{\"@id\":\"https:\\\/\\\/3d-edu.ch\\\/fr\\\/#website\"},\"primaryImageOfPage\":{\"@id\":\"https:\\\/\\\/3d-edu.ch\\\/fr\\\/boutique\\\/makerbot-method-nozzle-ptfe-pack\\\/#primaryimage\"},\"image\":{\"@id\":\"https:\\\/\\\/3d-edu.ch\\\/fr\\\/boutique\\\/makerbot-method-nozzle-ptfe-pack\\\/#primaryimage\"},\"thumbnailUrl\":\"https:\\\/\\\/3d-edu.ch\\\/wp-content\\\/uploads\\\/2021\\\/03\\\/makerbot-method-x-nozzle.jpg\",\"datePublished\":\"2021-03-22T12:10:09+00:00\",\"dateModified\":\"2026-04-20T13:04:43+00:00\",\"breadcrumb\":{\"@id\":\"https:\\\/\\\/3d-edu.ch\\\/fr\\\/boutique\\\/makerbot-method-nozzle-ptfe-pack\\\/#breadcrumb\"},\"inLanguage\":\"fr-FR\",\"potentialAction\":[{\"@type\":\"ReadAction\",\"target\":[\"https:\\\/\\\/3d-edu.ch\\\/fr\\\/boutique\\\/makerbot-method-nozzle-ptfe-pack\\\/\"]}]},{\"@type\":\"ImageObject\",\"inLanguage\":\"fr-FR\",\"@id\":\"https:\\\/\\\/3d-edu.ch\\\/fr\\\/boutique\\\/makerbot-method-nozzle-ptfe-pack\\\/#primaryimage\",\"url\":\"https:\\\/\\\/3d-edu.ch\\\/wp-content\\\/uploads\\\/2021\\\/03\\\/makerbot-method-x-nozzle.jpg\",\"contentUrl\":\"https:\\\/\\\/3d-edu.ch\\\/wp-content\\\/uploads\\\/2021\\\/03\\\/makerbot-method-x-nozzle.jpg\",\"width\":380,\"height\":380,\"caption\":\"MakerBot Method X Nozzle\"},{\"@type\":\"BreadcrumbList\",\"@id\":\"https:\\\/\\\/3d-edu.ch\\\/fr\\\/boutique\\\/makerbot-method-nozzle-ptfe-pack\\\/#breadcrumb\",\"itemListElement\":[{\"@type\":\"ListItem\",\"position\":1,\"name\":\"Accueil\",\"item\":\"https:\\\/\\\/3d-edu.ch\\\/fr\\\/\"},{\"@type\":\"ListItem\",\"position\":2,\"name\":\"Boutique\",\"item\":\"https:\\\/\\\/3d-edu.ch\\\/fr\\\/boutique\\\/\"},{\"@type\":\"ListItem\",\"position\":3,\"name\":\"MakerBot Method Nozzle + PTFE Pack\"}]},{\"@type\":\"WebSite\",\"@id\":\"https:\\\/\\\/3d-edu.ch\\\/fr\\\/#website\",\"url\":\"https:\\\/\\\/3d-edu.ch\\\/fr\\\/\",\"name\":\"3D-EDU GmbH\",\"description\":\"Your Formlabs, UltiMaker and Raise3D Printer Support and Education Site in Switzerland. \\\/\\\/ Ihre Formlabs, UltiMaker and Raise3D Drucker Support und Bildungs Webseite der Schweiz.\",\"publisher\":{\"@id\":\"https:\\\/\\\/3d-edu.ch\\\/fr\\\/#organization\"},\"potentialAction\":[{\"@type\":\"SearchAction\",\"target\":{\"@type\":\"EntryPoint\",\"urlTemplate\":\"https:\\\/\\\/3d-edu.ch\\\/fr\\\/?s={search_term_string}\"},\"query-input\":{\"@type\":\"PropertyValueSpecification\",\"valueRequired\":true,\"valueName\":\"search_term_string\"}}],\"inLanguage\":\"fr-FR\"},{\"@type\":[\"Organization\",\"Place\",\"ElectronicsStore\"],\"@id\":\"https:\\\/\\\/3d-edu.ch\\\/fr\\\/#organization\",\"name\":\"3D-EDU GmbH\",\"url\":\"https:\\\/\\\/3d-edu.ch\\\/fr\\\/\",\"logo\":{\"@id\":\"https:\\\/\\\/3d-edu.ch\\\/fr\\\/boutique\\\/makerbot-method-nozzle-ptfe-pack\\\/#local-main-organization-logo\"},\"image\":{\"@id\":\"https:\\\/\\\/3d-edu.ch\\\/fr\\\/boutique\\\/makerbot-method-nozzle-ptfe-pack\\\/#local-main-organization-logo\"},\"sameAs\":[\"https:\\\/\\\/www.facebook.com\\\/3d-educh-210277586064960\\\/\",\"https:\\\/\\\/x.com\\\/3d_edu_ch\"],\"address\":{\"@id\":\"https:\\\/\\\/3d-edu.ch\\\/fr\\\/boutique\\\/makerbot-method-nozzle-ptfe-pack\\\/#local-main-place-address\"},\"geo\":{\"@type\":\"GeoCoordinates\",\"latitude\":\"47.38413\",\"longitude\":\"8.49812\"},\"telephone\":[\"+41 44 492 11 22\"],\"openingHoursSpecification\":[{\"@type\":\"OpeningHoursSpecification\",\"dayOfWeek\":[\"Monday\",\"Tuesday\",\"Wednesday\",\"Thursday\",\"Friday\"],\"opens\":\"08:30\",\"closes\":\"18:00\"},{\"@type\":\"OpeningHoursSpecification\",\"dayOfWeek\":[\"Saturday\",\"Sunday\"],\"opens\":\"00:00\",\"closes\":\"00:00\"}],\"email\":\"info@3d-edu.ch\",\"faxNumber\":\"+41 44 492 11 23\",\"vatID\":\"CHE-184.499.491 MWST\",\"priceRange\":\"$$$\",\"currenciesAccepted\":\"CHF\"},{\"@type\":\"PostalAddress\",\"@id\":\"https:\\\/\\\/3d-edu.ch\\\/fr\\\/boutique\\\/makerbot-method-nozzle-ptfe-pack\\\/#local-main-place-address\",\"streetAddress\":\"3D-EDU GmbH, Badenerstrasse 556\",\"addressLocality\":\"Z\u00fcrich\",\"postalCode\":\"8048\",\"addressRegion\":\"Z\u00fcrich\",\"addressCountry\":\"CH\"},{\"@type\":\"ImageObject\",\"inLanguage\":\"fr-FR\",\"@id\":\"https:\\\/\\\/3d-edu.ch\\\/fr\\\/boutique\\\/makerbot-method-nozzle-ptfe-pack\\\/#local-main-organization-logo\",\"url\":\"https:\\\/\\\/3d-edu.ch\\\/wp-content\\\/uploads\\\/2018\\\/10\\\/3d-drucker-makerbot-formlabs-professionelle-3d-drucker-e1546527990490.png\",\"contentUrl\":\"https:\\\/\\\/3d-edu.ch\\\/wp-content\\\/uploads\\\/2018\\\/10\\\/3d-drucker-makerbot-formlabs-professionelle-3d-drucker-e1546527990490.png\",\"width\":275,\"height\":80,\"caption\":\"3D-EDU GmbH\"}]}<\/script>\n<meta property=\"product:brand\" content=\"Accessoires et pi\u00e8ces de rechange pour imprimantes 3D\" \/>\n<meta property=\"product:price:amount\" content=\"73.36\" \/>\n<meta property=\"product:price:currency\" content=\"CHF\" \/>\n<meta property=\"og:availability\" content=\"instock\" \/>\n<meta property=\"product:availability\" content=\"instock\" \/>\n<meta property=\"product:retailer_item_id\" content=\"900-0068A\" \/>\n<meta property=\"product:condition\" content=\"new\" \/>\n<meta name=\"geo.placename\" content=\"Z\u00fcrich\" \/>\n<meta name=\"geo.position\" content=\"47.38413;8.49812\" \/>\n<meta name=\"geo.region\" content=\"Suisse\" \/>\n<!-- \/ Yoast SEO Premium plugin. -->","yoast_head_json":{"title":"MakerBot Method Nozzle + PTFE Pack %%page% commander en ligne maintenant - 3D-EDU GmbH","robots":{"index":"index","follow":"follow","max-snippet":"max-snippet:-1","max-image-preview":"max-image-preview:large","max-video-preview":"max-video-preview:-1"},"canonical":"https:\/\/3d-edu.ch\/fr\/boutique\/makerbot-method-nozzle-ptfe-pack\/","og_locale":"fr_FR","og_type":"article","og_title":"MakerBot Method Nozzle + PTFE Pack","og_description":"MakerBot Method Nozzle + PTFE Pack compatible avec l'extrudeuse MakerBot Method &amp; Method X Labs Experimental ou Model 1C Le MakerBot Method Nozzle + PTFE Pack pour l'extrudeur Labs Experimental et l 'extrudeur Composite Model 1C pour remplacer le Nozzle original.  Fabricant MakerBot","og_url":"https:\/\/3d-edu.ch\/fr\/boutique\/makerbot-method-nozzle-ptfe-pack\/","og_site_name":"3D-EDU GmbH","article_publisher":"https:\/\/www.facebook.com\/3d-educh-210277586064960\/","article_modified_time":"2026-04-20T13:04:43+00:00","og_image":[{"width":380,"height":380,"url":"https:\/\/3d-edu.ch\/wp-content\/uploads\/2021\/03\/makerbot-method-x-nozzle.jpg","type":"image\/jpeg"}],"twitter_card":"summary_large_image","twitter_site":"@3d_edu_ch","twitter_misc":{"Prix":"73.36&nbsp;&#67;&#72;&#70; hors TVA","Disponibilit\u00e9":"En stock"},"schema":{"@context":"https:\/\/schema.org","@graph":[{"@type":"WebPage","@id":"https:\/\/3d-edu.ch\/fr\/boutique\/makerbot-method-nozzle-ptfe-pack\/","url":"https:\/\/3d-edu.ch\/fr\/boutique\/makerbot-method-nozzle-ptfe-pack\/","name":"MakerBot Method Nozzle + PTFE Pack %%page% commander en ligne maintenant - 3D-EDU GmbH","isPartOf":{"@id":"https:\/\/3d-edu.ch\/fr\/#website"},"primaryImageOfPage":{"@id":"https:\/\/3d-edu.ch\/fr\/boutique\/makerbot-method-nozzle-ptfe-pack\/#primaryimage"},"image":{"@id":"https:\/\/3d-edu.ch\/fr\/boutique\/makerbot-method-nozzle-ptfe-pack\/#primaryimage"},"thumbnailUrl":"https:\/\/3d-edu.ch\/wp-content\/uploads\/2021\/03\/makerbot-method-x-nozzle.jpg","datePublished":"2021-03-22T12:10:09+00:00","dateModified":"2026-04-20T13:04:43+00:00","breadcrumb":{"@id":"https:\/\/3d-edu.ch\/fr\/boutique\/makerbot-method-nozzle-ptfe-pack\/#breadcrumb"},"inLanguage":"fr-FR","potentialAction":[{"@type":"ReadAction","target":["https:\/\/3d-edu.ch\/fr\/boutique\/makerbot-method-nozzle-ptfe-pack\/"]}]},{"@type":"ImageObject","inLanguage":"fr-FR","@id":"https:\/\/3d-edu.ch\/fr\/boutique\/makerbot-method-nozzle-ptfe-pack\/#primaryimage","url":"https:\/\/3d-edu.ch\/wp-content\/uploads\/2021\/03\/makerbot-method-x-nozzle.jpg","contentUrl":"https:\/\/3d-edu.ch\/wp-content\/uploads\/2021\/03\/makerbot-method-x-nozzle.jpg","width":380,"height":380,"caption":"MakerBot Method X Nozzle"},{"@type":"BreadcrumbList","@id":"https:\/\/3d-edu.ch\/fr\/boutique\/makerbot-method-nozzle-ptfe-pack\/#breadcrumb","itemListElement":[{"@type":"ListItem","position":1,"name":"Accueil","item":"https:\/\/3d-edu.ch\/fr\/"},{"@type":"ListItem","position":2,"name":"Boutique","item":"https:\/\/3d-edu.ch\/fr\/boutique\/"},{"@type":"ListItem","position":3,"name":"MakerBot Method Nozzle + PTFE Pack"}]},{"@type":"WebSite","@id":"https:\/\/3d-edu.ch\/fr\/#website","url":"https:\/\/3d-edu.ch\/fr\/","name":"3D-EDU GmbH","description":"Your Formlabs, UltiMaker and Raise3D Printer Support and Education Site in Switzerland. \/\/ Ihre Formlabs, UltiMaker and Raise3D Drucker Support und Bildungs Webseite der Schweiz.","publisher":{"@id":"https:\/\/3d-edu.ch\/fr\/#organization"},"potentialAction":[{"@type":"SearchAction","target":{"@type":"EntryPoint","urlTemplate":"https:\/\/3d-edu.ch\/fr\/?s={search_term_string}"},"query-input":{"@type":"PropertyValueSpecification","valueRequired":true,"valueName":"search_term_string"}}],"inLanguage":"fr-FR"},{"@type":["Organization","Place","ElectronicsStore"],"@id":"https:\/\/3d-edu.ch\/fr\/#organization","name":"3D-EDU GmbH","url":"https:\/\/3d-edu.ch\/fr\/","logo":{"@id":"https:\/\/3d-edu.ch\/fr\/boutique\/makerbot-method-nozzle-ptfe-pack\/#local-main-organization-logo"},"image":{"@id":"https:\/\/3d-edu.ch\/fr\/boutique\/makerbot-method-nozzle-ptfe-pack\/#local-main-organization-logo"},"sameAs":["https:\/\/www.facebook.com\/3d-educh-210277586064960\/","https:\/\/x.com\/3d_edu_ch"],"address":{"@id":"https:\/\/3d-edu.ch\/fr\/boutique\/makerbot-method-nozzle-ptfe-pack\/#local-main-place-address"},"geo":{"@type":"GeoCoordinates","latitude":"47.38413","longitude":"8.49812"},"telephone":["+41 44 492 11 22"],"openingHoursSpecification":[{"@type":"OpeningHoursSpecification","dayOfWeek":["Monday","Tuesday","Wednesday","Thursday","Friday"],"opens":"08:30","closes":"18:00"},{"@type":"OpeningHoursSpecification","dayOfWeek":["Saturday","Sunday"],"opens":"00:00","closes":"00:00"}],"email":"info@3d-edu.ch","faxNumber":"+41 44 492 11 23","vatID":"CHE-184.499.491 MWST","priceRange":"$$$","currenciesAccepted":"CHF"},{"@type":"PostalAddress","@id":"https:\/\/3d-edu.ch\/fr\/boutique\/makerbot-method-nozzle-ptfe-pack\/#local-main-place-address","streetAddress":"3D-EDU GmbH, Badenerstrasse 556","addressLocality":"Z\u00fcrich","postalCode":"8048","addressRegion":"Z\u00fcrich","addressCountry":"CH"},{"@type":"ImageObject","inLanguage":"fr-FR","@id":"https:\/\/3d-edu.ch\/fr\/boutique\/makerbot-method-nozzle-ptfe-pack\/#local-main-organization-logo","url":"https:\/\/3d-edu.ch\/wp-content\/uploads\/2018\/10\/3d-drucker-makerbot-formlabs-professionelle-3d-drucker-e1546527990490.png","contentUrl":"https:\/\/3d-edu.ch\/wp-content\/uploads\/2018\/10\/3d-drucker-makerbot-formlabs-professionelle-3d-drucker-e1546527990490.png","width":275,"height":80,"caption":"3D-EDU GmbH"}]},"product_brand":"Accessoires et pi\u00e8ces de rechange pour imprimantes 3D","product_price_amount":"73.36","product_price_currency":"CHF","og_availability":"instock","product_availability":"instock","product_retailer_item_id":"900-0068A","product_condition":"new","geo.placename":"Z\u00fcrich","geo.position":{"lat":"47.38413","long":"8.49812"},"geo.region":"Suisse"},"_links":{"self":[{"href":"https:\/\/3d-edu.ch\/fr\/wp-json\/wp\/v2\/product\/77160","targetHints":{"allow":["GET"]}}],"collection":[{"href":"https:\/\/3d-edu.ch\/fr\/wp-json\/wp\/v2\/product"}],"about":[{"href":"https:\/\/3d-edu.ch\/fr\/wp-json\/wp\/v2\/types\/product"}],"replies":[{"embeddable":true,"href":"https:\/\/3d-edu.ch\/fr\/wp-json\/wp\/v2\/comments?post=77160"}],"wp:featuredmedia":[{"embeddable":true,"href":"https:\/\/3d-edu.ch\/fr\/wp-json\/wp\/v2\/media\/64084"}],"wp:attachment":[{"href":"https:\/\/3d-edu.ch\/fr\/wp-json\/wp\/v2\/media?parent=77160"}],"wp:term":[{"taxonomy":"product_brand","embeddable":true,"href":"https:\/\/3d-edu.ch\/fr\/wp-json\/wp\/v2\/product_brand?post=77160"},{"taxonomy":"product_cat","embeddable":true,"href":"https:\/\/3d-edu.ch\/fr\/wp-json\/wp\/v2\/product_cat?post=77160"},{"taxonomy":"product_tag","embeddable":true,"href":"https:\/\/3d-edu.ch\/fr\/wp-json\/wp\/v2\/product_tag?post=77160"}],"curies":[{"name":"wp","href":"https:\/\/api.w.org\/{rel}","templated":true}]}}