{"id":77141,"date":"2021-06-14T13:48:45","date_gmt":"2021-06-14T13:48:45","guid":{"rendered":"https:\/\/3d-edu.ch\/shop\/formlabs-fuse-sift-nettoyeur-industriel-sous-vide-230v\/"},"modified":"2026-04-20T18:59:19","modified_gmt":"2026-04-20T16:59:19","slug":"formlabs-fuse-sift-nettoyeur-industriel-sous-vide-230v","status":"publish","type":"product","link":"https:\/\/3d-edu.ch\/fr\/boutique\/formlabs-fuse-sift-nettoyeur-industriel-sous-vide-230v\/","title":{"rendered":"Formlabs Industrial Vacuum Cleaner pour Fuse Sift"},"content":{"rendered":"<h1><strong>Formlabs Industrial Vacuum Cleaner pour Fuse Sift<\/strong><\/h1>\n<p>Cet aspirateur industriel est destin\u00e9 \u00e0 la station de r\u00e9cup\u00e9ration de poudre Fuse Sift. En effet, la station Fuse Sift de Formlabs n\u00e9cessite un aspirateur externe pour fonctionner. Cet aspirateur industriel est disponible s\u00e9par\u00e9ment ici. Il vous aide \u00e0 maintenir la zone de travail propre de mani\u00e8re efficace et s\u00fbre. Le tuyau int\u00e9gr\u00e9 et les commandes vous permettent de nettoyer la zone de travail, de nettoyer la chambre de construction et de retirer les impuret\u00e9s du tamis.    <\/p>\n<p>En raison des risques potentiels li\u00e9s aux poudres SLS, un aspirateur dissipant l&rsquo;\u00e9lectricit\u00e9 statique conforme \u00e0 la norme NFPA 652 est n\u00e9cessaire.<\/p>\n<ul>\n<li>Applications : sec<\/li>\n<li>Caract\u00e9ristiques : compact et mobile<\/li>\n<li>Construction : enti\u00e8rement en acier, y compris le r\u00e9servoir en acier inoxydable <\/li>\n<li>Filtre : filtre polyester de classe de poussi\u00e8re M, y compris filtre HEPA <\/li>\n<li>Particularit\u00e9 : unit\u00e9 moteur certifi\u00e9e Ex tb \u00e9tanche \u00e0 la poussi\u00e8re IP64, accessoires et<br \/>\npi\u00e8ces non m\u00e9talliques certifi\u00e9s ATEX<\/li>\n<\/ul>\n<h5>Contenu de la livraison<\/h5>\n<p>1x Formlabs Industrial Vacuum Cleaner pour Fuse Sift<\/p>\n<p>1x <a href=\"https:\/\/3d-edu.ch\/fr\/boutique\/sac-filtrant-10-litres\/\">sac jetable<\/a><\/p>\n<p>1x kit d&rsquo;accessoires<\/p>\n<p>Disponible pour <a href=\"https:\/\/3d-edu.ch\/fr\/boutique\/formlabs-fuse-sift-230v\/\">Fuse Sift.<\/a><\/p>\n","protected":false},"excerpt":{"rendered":"<h1><strong>Formlabs Industrial Vacuum Cleaner pour Fuse Sift<\/strong><\/h1>\n<p>L&rsquo;aspirateur industriel pour le post-traitement avec le Fuse Sift a \u00e9t\u00e9 sp\u00e9cialement con\u00e7u pour les applications de poussi\u00e8re dans les <strong>zones ATEX<\/strong>. Cet aspirateur apporte la puissance n\u00e9cessaire et r\u00e9pond \u00e0 toutes les exigences de s\u00e9curit\u00e9 pour un fonctionnement s\u00fbr du Fuse Sift de Formlab. Sa compacit\u00e9 et sa facilit\u00e9 d&rsquo;utilisation le rendent tr\u00e8s polyvalent. <\/p>\n<p>La version standard comprend un r\u00e9servoir en acier inoxydable <strong>(AISI304)<\/strong>, une mise \u00e0 la terre compl\u00e8te, un filtre polyester antistatique, offrant ainsi une s\u00e9curit\u00e9 maximale lors de l&rsquo;aspiration de diff\u00e9rents mat\u00e9riaux. L&rsquo;utilisation d&rsquo;un sac filtrant de classe M (antistatique) facilite l&rsquo;\u00e9limination des poussi\u00e8res collect\u00e9es. <\/p>\n","protected":false},"featured_media":81093,"comment_status":"closed","ping_status":"closed","template":"","meta":[],"product_brand":[],"product_cat":[7780,7896,7898],"product_tag":[10064,10053,7784,8056,8058,8054,10054,10063,10055],"class_list":{"0":"post-77141","1":"product","2":"type-product","3":"status-publish","4":"has-post-thumbnail","6":"product_cat-formlabs-fr","7":"product_cat-post-traitement-fr","8":"product_cat-sls-post-traitement-fr","9":"product_tag-aspirateur","10":"product_tag-aspirateur-industriel","11":"product_tag-formlabs-fr","12":"product_tag-formlabs-fuse-1","13":"product_tag-formlabs-fuse-1-30w","14":"product_tag-imprimante-3d-sls","15":"product_tag-mtl301z22-001","16":"product_tag-vacuum","17":"product_tag-vacuum-cleaner","19":"first","20":"onbackorder","21":"taxable","22":"shipping-taxable","23":"purchasable","24":"product-type-simple"},"yoast_head":"<!-- This site is optimized with the Yoast SEO Premium plugin v27.4 (Yoast SEO v27.4) - https:\/\/yoast.com\/product\/yoast-seo-premium-wordpress\/ -->\n<title>Formlabs Industrial Vacuum Cleaner pour Fuse Sift %%page% - 3D-EDU GmbH%<\/title>\n<meta name=\"description\" content=\"L&#039;aspirateur industriel pour le post-traitement avec le Fuse Sift a \u00e9t\u00e9 sp\u00e9cialement con\u00e7u pour les applications de poussi\u00e8re dans les zones ATEX . Cet aspirateur apporte la puissance n\u00e9cessaire et r\u00e9pond \u00e0 toutes les exigences de s\u00e9curit\u00e9 pour un fonctionnement s\u00fbr du Fuse Sift de Formlab.\" \/>\n<meta name=\"robots\" content=\"index, follow, max-snippet:-1, max-image-preview:large, max-video-preview:-1\" \/>\n<link rel=\"canonical\" href=\"https:\/\/3d-edu.ch\/fr\/boutique\/formlabs-fuse-sift-nettoyeur-industriel-sous-vide-230v\/\" \/>\n<meta property=\"og:locale\" content=\"fr_FR\" \/>\n<meta property=\"og:type\" content=\"article\" \/>\n<meta property=\"og:title\" content=\"Formlabs Industrial Vacuum Cleaner pour Fuse Sift\" \/>\n<meta property=\"og:description\" content=\"L&#039;aspirateur industriel pour le post-traitement avec le Fuse Sift a \u00e9t\u00e9 sp\u00e9cialement con\u00e7u pour les applications de poussi\u00e8re dans les zones ATEX . Cet aspirateur apporte la puissance n\u00e9cessaire et r\u00e9pond \u00e0 toutes les exigences de s\u00e9curit\u00e9 pour un fonctionnement s\u00fbr du Fuse Sift de Formlab.\" \/>\n<meta property=\"og:url\" content=\"https:\/\/3d-edu.ch\/fr\/boutique\/formlabs-fuse-sift-nettoyeur-industriel-sous-vide-230v\/\" \/>\n<meta property=\"og:site_name\" content=\"3D-EDU GmbH\" \/>\n<meta property=\"article:publisher\" content=\"https:\/\/www.facebook.com\/3d-educh-210277586064960\/\" \/>\n<meta property=\"article:modified_time\" content=\"2026-04-20T16:59:19+00:00\" \/>\n<meta property=\"og:image\" content=\"https:\/\/3d-edu.ch\/wp-content\/uploads\/2021\/06\/Delfin_MTL301-1_3D.jpg\" \/>\n\t<meta property=\"og:image:width\" content=\"380\" \/>\n\t<meta property=\"og:image:height\" content=\"380\" \/>\n\t<meta property=\"og:image:type\" content=\"image\/jpeg\" \/>\n<meta name=\"twitter:card\" content=\"summary_large_image\" \/>\n<meta name=\"twitter:site\" content=\"@3d_edu_ch\" \/>\n<meta name=\"twitter:label1\" content=\"Prix\" \/>\n\t<meta name=\"twitter:data1\" content=\"2&#039;944.06&nbsp;&#067;&#072;&#070; hors TVA\" \/>\n\t<meta name=\"twitter:label2\" content=\"Disponibilit\u00e9\" \/>\n\t<meta name=\"twitter:data2\" content=\"En r\u00e9assort\" \/>\n<script type=\"application\/ld+json\" class=\"yoast-schema-graph\">{\"@context\":\"https:\\\/\\\/schema.org\",\"@graph\":[{\"@type\":\"WebPage\",\"@id\":\"https:\\\/\\\/3d-edu.ch\\\/fr\\\/boutique\\\/formlabs-fuse-sift-nettoyeur-industriel-sous-vide-230v\\\/\",\"url\":\"https:\\\/\\\/3d-edu.ch\\\/fr\\\/boutique\\\/formlabs-fuse-sift-nettoyeur-industriel-sous-vide-230v\\\/\",\"name\":\"Formlabs Industrial Vacuum Cleaner pour Fuse Sift %%page% - 3D-EDU GmbH%\",\"isPartOf\":{\"@id\":\"https:\\\/\\\/3d-edu.ch\\\/fr\\\/#website\"},\"primaryImageOfPage\":{\"@id\":\"https:\\\/\\\/3d-edu.ch\\\/fr\\\/boutique\\\/formlabs-fuse-sift-nettoyeur-industriel-sous-vide-230v\\\/#primaryimage\"},\"image\":{\"@id\":\"https:\\\/\\\/3d-edu.ch\\\/fr\\\/boutique\\\/formlabs-fuse-sift-nettoyeur-industriel-sous-vide-230v\\\/#primaryimage\"},\"thumbnailUrl\":\"https:\\\/\\\/3d-edu.ch\\\/wp-content\\\/uploads\\\/2021\\\/06\\\/Delfin_MTL301-1_3D.jpg\",\"datePublished\":\"2021-06-14T13:48:45+00:00\",\"dateModified\":\"2026-04-20T16:59:19+00:00\",\"description\":\"L'aspirateur industriel pour le post-traitement avec le Fuse Sift a \u00e9t\u00e9 sp\u00e9cialement con\u00e7u pour les applications de poussi\u00e8re dans les zones ATEX . Cet aspirateur apporte la puissance n\u00e9cessaire et r\u00e9pond \u00e0 toutes les exigences de s\u00e9curit\u00e9 pour un fonctionnement s\u00fbr du Fuse Sift de Formlab.\",\"breadcrumb\":{\"@id\":\"https:\\\/\\\/3d-edu.ch\\\/fr\\\/boutique\\\/formlabs-fuse-sift-nettoyeur-industriel-sous-vide-230v\\\/#breadcrumb\"},\"inLanguage\":\"fr-FR\",\"potentialAction\":[{\"@type\":\"ReadAction\",\"target\":[\"https:\\\/\\\/3d-edu.ch\\\/fr\\\/boutique\\\/formlabs-fuse-sift-nettoyeur-industriel-sous-vide-230v\\\/\"]}]},{\"@type\":\"ImageObject\",\"inLanguage\":\"fr-FR\",\"@id\":\"https:\\\/\\\/3d-edu.ch\\\/fr\\\/boutique\\\/formlabs-fuse-sift-nettoyeur-industriel-sous-vide-230v\\\/#primaryimage\",\"url\":\"https:\\\/\\\/3d-edu.ch\\\/wp-content\\\/uploads\\\/2021\\\/06\\\/Delfin_MTL301-1_3D.jpg\",\"contentUrl\":\"https:\\\/\\\/3d-edu.ch\\\/wp-content\\\/uploads\\\/2021\\\/06\\\/Delfin_MTL301-1_3D.jpg\",\"width\":380,\"height\":380},{\"@type\":\"BreadcrumbList\",\"@id\":\"https:\\\/\\\/3d-edu.ch\\\/fr\\\/boutique\\\/formlabs-fuse-sift-nettoyeur-industriel-sous-vide-230v\\\/#breadcrumb\",\"itemListElement\":[{\"@type\":\"ListItem\",\"position\":1,\"name\":\"Accueil\",\"item\":\"https:\\\/\\\/3d-edu.ch\\\/fr\\\/\"},{\"@type\":\"ListItem\",\"position\":2,\"name\":\"Boutique\",\"item\":\"https:\\\/\\\/3d-edu.ch\\\/fr\\\/boutique\\\/\"},{\"@type\":\"ListItem\",\"position\":3,\"name\":\"Formlabs Industrial Vacuum Cleaner pour Fuse Sift\"}]},{\"@type\":\"WebSite\",\"@id\":\"https:\\\/\\\/3d-edu.ch\\\/fr\\\/#website\",\"url\":\"https:\\\/\\\/3d-edu.ch\\\/fr\\\/\",\"name\":\"3D-EDU GmbH\",\"description\":\"Your Formlabs, UltiMaker and Raise3D Printer Support and Education Site in Switzerland. \\\/\\\/ Ihre Formlabs, UltiMaker and Raise3D Drucker Support und Bildungs Webseite der Schweiz.\",\"publisher\":{\"@id\":\"https:\\\/\\\/3d-edu.ch\\\/fr\\\/#organization\"},\"potentialAction\":[{\"@type\":\"SearchAction\",\"target\":{\"@type\":\"EntryPoint\",\"urlTemplate\":\"https:\\\/\\\/3d-edu.ch\\\/fr\\\/?s={search_term_string}\"},\"query-input\":{\"@type\":\"PropertyValueSpecification\",\"valueRequired\":true,\"valueName\":\"search_term_string\"}}],\"inLanguage\":\"fr-FR\"},{\"@type\":[\"Organization\",\"Place\",\"ElectronicsStore\"],\"@id\":\"https:\\\/\\\/3d-edu.ch\\\/fr\\\/#organization\",\"name\":\"3D-EDU GmbH\",\"url\":\"https:\\\/\\\/3d-edu.ch\\\/fr\\\/\",\"logo\":{\"@id\":\"https:\\\/\\\/3d-edu.ch\\\/fr\\\/boutique\\\/formlabs-fuse-sift-nettoyeur-industriel-sous-vide-230v\\\/#local-main-organization-logo\"},\"image\":{\"@id\":\"https:\\\/\\\/3d-edu.ch\\\/fr\\\/boutique\\\/formlabs-fuse-sift-nettoyeur-industriel-sous-vide-230v\\\/#local-main-organization-logo\"},\"sameAs\":[\"https:\\\/\\\/www.facebook.com\\\/3d-educh-210277586064960\\\/\",\"https:\\\/\\\/x.com\\\/3d_edu_ch\"],\"address\":{\"@id\":\"https:\\\/\\\/3d-edu.ch\\\/fr\\\/boutique\\\/formlabs-fuse-sift-nettoyeur-industriel-sous-vide-230v\\\/#local-main-place-address\"},\"geo\":{\"@type\":\"GeoCoordinates\",\"latitude\":\"47.38413\",\"longitude\":\"8.49812\"},\"telephone\":[\"+41 44 492 11 22\"],\"openingHoursSpecification\":[{\"@type\":\"OpeningHoursSpecification\",\"dayOfWeek\":[\"Monday\",\"Tuesday\",\"Wednesday\",\"Thursday\",\"Friday\"],\"opens\":\"08:30\",\"closes\":\"18:00\"},{\"@type\":\"OpeningHoursSpecification\",\"dayOfWeek\":[\"Saturday\",\"Sunday\"],\"opens\":\"00:00\",\"closes\":\"00:00\"}],\"email\":\"info@3d-edu.ch\",\"faxNumber\":\"+41 44 492 11 23\",\"vatID\":\"CHE-184.499.491 MWST\",\"priceRange\":\"$$$\",\"currenciesAccepted\":\"CHF\"},{\"@type\":\"PostalAddress\",\"@id\":\"https:\\\/\\\/3d-edu.ch\\\/fr\\\/boutique\\\/formlabs-fuse-sift-nettoyeur-industriel-sous-vide-230v\\\/#local-main-place-address\",\"streetAddress\":\"3D-EDU GmbH, Badenerstrasse 556\",\"addressLocality\":\"Z\u00fcrich\",\"postalCode\":\"8048\",\"addressRegion\":\"Z\u00fcrich\",\"addressCountry\":\"CH\"},{\"@type\":\"ImageObject\",\"inLanguage\":\"fr-FR\",\"@id\":\"https:\\\/\\\/3d-edu.ch\\\/fr\\\/boutique\\\/formlabs-fuse-sift-nettoyeur-industriel-sous-vide-230v\\\/#local-main-organization-logo\",\"url\":\"https:\\\/\\\/3d-edu.ch\\\/wp-content\\\/uploads\\\/2018\\\/10\\\/3d-drucker-makerbot-formlabs-professionelle-3d-drucker-e1546527990490.png\",\"contentUrl\":\"https:\\\/\\\/3d-edu.ch\\\/wp-content\\\/uploads\\\/2018\\\/10\\\/3d-drucker-makerbot-formlabs-professionelle-3d-drucker-e1546527990490.png\",\"width\":275,\"height\":80,\"caption\":\"3D-EDU GmbH\"}]}<\/script>\n<meta property=\"product:brand\" content=\"Formlabs\" \/>\n<meta property=\"product:price:amount\" content=\"2944.06\" \/>\n<meta property=\"product:price:currency\" content=\"CHF\" \/>\n<meta property=\"og:availability\" content=\"backorder\" \/>\n<meta property=\"product:availability\" content=\"available for order\" \/>\n<meta property=\"product:retailer_item_id\" content=\"MTL301Z22-001\" \/>\n<meta property=\"product:condition\" content=\"new\" \/>\n<meta name=\"geo.placename\" content=\"Z\u00fcrich\" \/>\n<meta name=\"geo.position\" content=\"47.38413;8.49812\" \/>\n<meta name=\"geo.region\" content=\"Suisse\" \/>\n<!-- \/ Yoast SEO Premium plugin. -->","yoast_head_json":{"title":"Formlabs Industrial Vacuum Cleaner pour Fuse Sift %%page% - 3D-EDU GmbH%","description":"L'aspirateur industriel pour le post-traitement avec le Fuse Sift a \u00e9t\u00e9 sp\u00e9cialement con\u00e7u pour les applications de poussi\u00e8re dans les zones ATEX . Cet aspirateur apporte la puissance n\u00e9cessaire et r\u00e9pond \u00e0 toutes les exigences de s\u00e9curit\u00e9 pour un fonctionnement s\u00fbr du Fuse Sift de Formlab.","robots":{"index":"index","follow":"follow","max-snippet":"max-snippet:-1","max-image-preview":"max-image-preview:large","max-video-preview":"max-video-preview:-1"},"canonical":"https:\/\/3d-edu.ch\/fr\/boutique\/formlabs-fuse-sift-nettoyeur-industriel-sous-vide-230v\/","og_locale":"fr_FR","og_type":"article","og_title":"Formlabs Industrial Vacuum Cleaner pour Fuse Sift","og_description":"L'aspirateur industriel pour le post-traitement avec le Fuse Sift a \u00e9t\u00e9 sp\u00e9cialement con\u00e7u pour les applications de poussi\u00e8re dans les zones ATEX . Cet aspirateur apporte la puissance n\u00e9cessaire et r\u00e9pond \u00e0 toutes les exigences de s\u00e9curit\u00e9 pour un fonctionnement s\u00fbr du Fuse Sift de Formlab.","og_url":"https:\/\/3d-edu.ch\/fr\/boutique\/formlabs-fuse-sift-nettoyeur-industriel-sous-vide-230v\/","og_site_name":"3D-EDU GmbH","article_publisher":"https:\/\/www.facebook.com\/3d-educh-210277586064960\/","article_modified_time":"2026-04-20T16:59:19+00:00","og_image":[{"width":380,"height":380,"url":"https:\/\/3d-edu.ch\/wp-content\/uploads\/2021\/06\/Delfin_MTL301-1_3D.jpg","type":"image\/jpeg"}],"twitter_card":"summary_large_image","twitter_site":"@3d_edu_ch","twitter_misc":{"Prix":"2'944.06&nbsp;&#67;&#72;&#70; hors TVA","Disponibilit\u00e9":"En r\u00e9assort"},"schema":{"@context":"https:\/\/schema.org","@graph":[{"@type":"WebPage","@id":"https:\/\/3d-edu.ch\/fr\/boutique\/formlabs-fuse-sift-nettoyeur-industriel-sous-vide-230v\/","url":"https:\/\/3d-edu.ch\/fr\/boutique\/formlabs-fuse-sift-nettoyeur-industriel-sous-vide-230v\/","name":"Formlabs Industrial Vacuum Cleaner pour Fuse Sift %%page% - 3D-EDU GmbH%","isPartOf":{"@id":"https:\/\/3d-edu.ch\/fr\/#website"},"primaryImageOfPage":{"@id":"https:\/\/3d-edu.ch\/fr\/boutique\/formlabs-fuse-sift-nettoyeur-industriel-sous-vide-230v\/#primaryimage"},"image":{"@id":"https:\/\/3d-edu.ch\/fr\/boutique\/formlabs-fuse-sift-nettoyeur-industriel-sous-vide-230v\/#primaryimage"},"thumbnailUrl":"https:\/\/3d-edu.ch\/wp-content\/uploads\/2021\/06\/Delfin_MTL301-1_3D.jpg","datePublished":"2021-06-14T13:48:45+00:00","dateModified":"2026-04-20T16:59:19+00:00","description":"L'aspirateur industriel pour le post-traitement avec le Fuse Sift a \u00e9t\u00e9 sp\u00e9cialement con\u00e7u pour les applications de poussi\u00e8re dans les zones ATEX . Cet aspirateur apporte la puissance n\u00e9cessaire et r\u00e9pond \u00e0 toutes les exigences de s\u00e9curit\u00e9 pour un fonctionnement s\u00fbr du Fuse Sift de Formlab.","breadcrumb":{"@id":"https:\/\/3d-edu.ch\/fr\/boutique\/formlabs-fuse-sift-nettoyeur-industriel-sous-vide-230v\/#breadcrumb"},"inLanguage":"fr-FR","potentialAction":[{"@type":"ReadAction","target":["https:\/\/3d-edu.ch\/fr\/boutique\/formlabs-fuse-sift-nettoyeur-industriel-sous-vide-230v\/"]}]},{"@type":"ImageObject","inLanguage":"fr-FR","@id":"https:\/\/3d-edu.ch\/fr\/boutique\/formlabs-fuse-sift-nettoyeur-industriel-sous-vide-230v\/#primaryimage","url":"https:\/\/3d-edu.ch\/wp-content\/uploads\/2021\/06\/Delfin_MTL301-1_3D.jpg","contentUrl":"https:\/\/3d-edu.ch\/wp-content\/uploads\/2021\/06\/Delfin_MTL301-1_3D.jpg","width":380,"height":380},{"@type":"BreadcrumbList","@id":"https:\/\/3d-edu.ch\/fr\/boutique\/formlabs-fuse-sift-nettoyeur-industriel-sous-vide-230v\/#breadcrumb","itemListElement":[{"@type":"ListItem","position":1,"name":"Accueil","item":"https:\/\/3d-edu.ch\/fr\/"},{"@type":"ListItem","position":2,"name":"Boutique","item":"https:\/\/3d-edu.ch\/fr\/boutique\/"},{"@type":"ListItem","position":3,"name":"Formlabs Industrial Vacuum Cleaner pour Fuse Sift"}]},{"@type":"WebSite","@id":"https:\/\/3d-edu.ch\/fr\/#website","url":"https:\/\/3d-edu.ch\/fr\/","name":"3D-EDU GmbH","description":"Your Formlabs, UltiMaker and Raise3D Printer Support and Education Site in Switzerland. \/\/ Ihre Formlabs, UltiMaker and Raise3D Drucker Support und Bildungs Webseite der Schweiz.","publisher":{"@id":"https:\/\/3d-edu.ch\/fr\/#organization"},"potentialAction":[{"@type":"SearchAction","target":{"@type":"EntryPoint","urlTemplate":"https:\/\/3d-edu.ch\/fr\/?s={search_term_string}"},"query-input":{"@type":"PropertyValueSpecification","valueRequired":true,"valueName":"search_term_string"}}],"inLanguage":"fr-FR"},{"@type":["Organization","Place","ElectronicsStore"],"@id":"https:\/\/3d-edu.ch\/fr\/#organization","name":"3D-EDU GmbH","url":"https:\/\/3d-edu.ch\/fr\/","logo":{"@id":"https:\/\/3d-edu.ch\/fr\/boutique\/formlabs-fuse-sift-nettoyeur-industriel-sous-vide-230v\/#local-main-organization-logo"},"image":{"@id":"https:\/\/3d-edu.ch\/fr\/boutique\/formlabs-fuse-sift-nettoyeur-industriel-sous-vide-230v\/#local-main-organization-logo"},"sameAs":["https:\/\/www.facebook.com\/3d-educh-210277586064960\/","https:\/\/x.com\/3d_edu_ch"],"address":{"@id":"https:\/\/3d-edu.ch\/fr\/boutique\/formlabs-fuse-sift-nettoyeur-industriel-sous-vide-230v\/#local-main-place-address"},"geo":{"@type":"GeoCoordinates","latitude":"47.38413","longitude":"8.49812"},"telephone":["+41 44 492 11 22"],"openingHoursSpecification":[{"@type":"OpeningHoursSpecification","dayOfWeek":["Monday","Tuesday","Wednesday","Thursday","Friday"],"opens":"08:30","closes":"18:00"},{"@type":"OpeningHoursSpecification","dayOfWeek":["Saturday","Sunday"],"opens":"00:00","closes":"00:00"}],"email":"info@3d-edu.ch","faxNumber":"+41 44 492 11 23","vatID":"CHE-184.499.491 MWST","priceRange":"$$$","currenciesAccepted":"CHF"},{"@type":"PostalAddress","@id":"https:\/\/3d-edu.ch\/fr\/boutique\/formlabs-fuse-sift-nettoyeur-industriel-sous-vide-230v\/#local-main-place-address","streetAddress":"3D-EDU GmbH, Badenerstrasse 556","addressLocality":"Z\u00fcrich","postalCode":"8048","addressRegion":"Z\u00fcrich","addressCountry":"CH"},{"@type":"ImageObject","inLanguage":"fr-FR","@id":"https:\/\/3d-edu.ch\/fr\/boutique\/formlabs-fuse-sift-nettoyeur-industriel-sous-vide-230v\/#local-main-organization-logo","url":"https:\/\/3d-edu.ch\/wp-content\/uploads\/2018\/10\/3d-drucker-makerbot-formlabs-professionelle-3d-drucker-e1546527990490.png","contentUrl":"https:\/\/3d-edu.ch\/wp-content\/uploads\/2018\/10\/3d-drucker-makerbot-formlabs-professionelle-3d-drucker-e1546527990490.png","width":275,"height":80,"caption":"3D-EDU GmbH"}]},"product_brand":"Formlabs","product_price_amount":"2944.06","product_price_currency":"CHF","og_availability":"backorder","product_availability":"available for order","product_retailer_item_id":"MTL301Z22-001","product_condition":"new","geo.placename":"Z\u00fcrich","geo.position":{"lat":"47.38413","long":"8.49812"},"geo.region":"Suisse"},"_links":{"self":[{"href":"https:\/\/3d-edu.ch\/fr\/wp-json\/wp\/v2\/product\/77141","targetHints":{"allow":["GET"]}}],"collection":[{"href":"https:\/\/3d-edu.ch\/fr\/wp-json\/wp\/v2\/product"}],"about":[{"href":"https:\/\/3d-edu.ch\/fr\/wp-json\/wp\/v2\/types\/product"}],"replies":[{"embeddable":true,"href":"https:\/\/3d-edu.ch\/fr\/wp-json\/wp\/v2\/comments?post=77141"}],"wp:featuredmedia":[{"embeddable":true,"href":"https:\/\/3d-edu.ch\/fr\/wp-json\/wp\/v2\/media\/81093"}],"wp:attachment":[{"href":"https:\/\/3d-edu.ch\/fr\/wp-json\/wp\/v2\/media?parent=77141"}],"wp:term":[{"taxonomy":"product_brand","embeddable":true,"href":"https:\/\/3d-edu.ch\/fr\/wp-json\/wp\/v2\/product_brand?post=77141"},{"taxonomy":"product_cat","embeddable":true,"href":"https:\/\/3d-edu.ch\/fr\/wp-json\/wp\/v2\/product_cat?post=77141"},{"taxonomy":"product_tag","embeddable":true,"href":"https:\/\/3d-edu.ch\/fr\/wp-json\/wp\/v2\/product_tag?post=77141"}],"curies":[{"name":"wp","href":"https:\/\/api.w.org\/{rel}","templated":true}]}}