{"id":77137,"date":"2021-06-16T14:45:08","date_gmt":"2021-06-16T12:45:08","guid":{"rendered":"https:\/\/3d-edu.ch\/shop\/formlabs-fuse-1-factory-reconditioned-package\/"},"modified":"2026-04-09T13:55:36","modified_gmt":"2026-04-09T11:55:36","slug":"formlabs-fuse-1-factory-reconditioned-package","status":"publish","type":"product","link":"https:\/\/3d-edu.ch\/fr\/boutique\/formlabs-fuse-1-factory-reconditioned-package\/","title":{"rendered":"Formlabs Fuse 1 Factory Reconditioned Package"},"content":{"rendered":"<h2>La Formlabs Fuse 1 est une imprimante 3D SLS de bureau industrielle.<\/h2>\n<p>La Formlabs Fuse 1 utilise la technologie SLS (Selective Laser Sintering). Cela permet une impression 3D SLS rapide sans structure de support pour des prototypes et des pi\u00e8ces finies de haute qualit\u00e9.  Nous sommes un <a href=\"https:\/\/formlabs.com\/company\/partners\/\" target=\"_blank\" rel=\"noopener noreferrer\">revendeur certifi\u00e9 de Formabs<\/a>, ce qui nous permet de vous offrir un excellent service pour les produits Formlabs.<\/p>\n<p>Le Formlabs Fuse 1 Factory Reconditioned Package comprend :<\/p>\n<ul>\n<li>1x Formlabs Fuse 1 SLS Imprimante 3D 230V Reconditionn\u00e9e<\/li>\n<li>1x Kit de nettoyage Fuse<\/li>\n<li>1x Fuse 1 Build Chamber 230V<\/li>\n<li>Garantie fabricant d&rsquo;un an<\/li>\n<\/ul>\n<div class=\"accordion\">\n\t<div id=\"accordion-2634375534\" class=\"accordion-item\">\n\t\t<a id=\"accordion-2634375534-label\" class=\"accordion-title plain\" href=\"#accordion-item-plus-d&#039;informations\" aria-expanded=\"false\" aria-controls=\"accordion-2634375534-content\">\n\t\t\t<button class=\"toggle\" aria-label=\"Basculer\"><i class=\"icon-angle-down\" aria-hidden=\"true\"><\/i><\/button>\n\t\t\t<span>Plus d&#039;informations<\/span>\n\t\t<\/a>\n\t\t<div id=\"accordion-2634375534-content\" class=\"accordion-inner\" aria-labelledby=\"accordion-2634375534-label\">\n\t\t\t\n<h5><strong>Formlabs Fuse 1 - Imprimante 3D SLS puissante, abordable et efficace pour les PME<\/strong><\/h5>\n<p>R\u00e9alisez facilement et en temps voulu des prototypes pr\u00eats \u00e0 l&rsquo;emploi et des pi\u00e8ces d&rsquo;utilisateur final dans votre entreprise avec l&rsquo;imprimante 3D Fuse 1 SLS de Formlabs. Gr\u00e2ce \u00e0 son syst\u00e8me de pr\u00e9-r\u00e9cup\u00e9ration et de r\u00e9cup\u00e9ration bien pens\u00e9 et \u00e0 sa grande capacit\u00e9, elle garantit une utilisation rapide et efficace. <\/p>\n<h5><strong>L&rsquo;impression 3D par frittage s\u00e9lectif au laser (SLS) de bureau est r\u00e9volutionn\u00e9e par la technologie Formlabs Surface Armor<\/strong><\/h5>\n<p>La Fuse 1 de Formlabs int\u00e8gre une nouvelle technologie appel\u00e9e Surface Armor. Elle consiste \u00e0 pr\u00e9-fritter une coque qui est imprim\u00e9e autour de la surface de la pi\u00e8ce. De cette mani\u00e8re, la Fuse 1 offre des pi\u00e8ces aux propri\u00e9t\u00e9s m\u00e9caniques et \u00e0 l&rsquo;\u00e9tat de surface comp\u00e9titifs - sans avoir \u00e0 supporter les co\u00fbts \u00e9lev\u00e9s des syst\u00e8mes concurrents.<br \/>\nAfin de pouvoir produire rapidement des objets de grande taille ou de grandes quantit\u00e9s, la Formlabs Fuse 1 est \u00e9quip\u00e9e d&rsquo;une diode de 1065 nm avec une puissance de sortie de 10 W et de deux galvanom\u00e8tres pour positionner le point laser. Cela permet d&rsquo;atteindre une vitesse d&rsquo;impression de 10 mm\/heure.   <\/p>\n<h5><strong>Impression SLS 3D s\u00fbre et propre sans interruption<\/strong><\/h5>\n<p>La combinaison de Formlabs Fuse 1 et <a href=\"https:\/\/3d-edu.ch\/formlabs\/formlabs-3d-drucker-2\/fuse-1\/fuse-sift\/\">Fuse Sift<\/a>, la station de r\u00e9cup\u00e9ration de poudre, permet d&rsquo;extraire les pi\u00e8ces, de r\u00e9cup\u00e9rer la poudre, de la stocker et de la m\u00e9langer dans un seul appareil. Avec ce set-up, vous produisez des pi\u00e8ces enti\u00e8rement fonctionnelles avec un taux de refresh de 30% - avec des cycles illimit\u00e9s. Cela signifie que vous pouvez imprimer avec jusqu&rsquo;\u00e0 70% de poudre recycl\u00e9e. Le Fuse Sift dose et m\u00e9lange automatiquement la poudre usag\u00e9e et la poudre neuve, ce qui vous permet de r\u00e9duire les d\u00e9chets, d&rsquo;avoir moins de contact avec la poudre et de contr\u00f4ler votre approvisionnement en poudre.   <\/p>\n<h5><strong>Am\u00e9lioration de la facilit\u00e9 d&rsquo;utilisation et de la qualit\u00e9 des mat\u00e9riaux<\/strong><\/h5>\n<p>Les <a href=\"https:\/\/3d-edu.ch\/fr\/cat\u00e9gorie%20de%20produits\/formlabs-fr\/materiaux-formlabs-fr\/poudre-sls-fr\/\">poudres SLS de Formlabs<\/a> sont con\u00e7ues pour la Formlabs Fuse 1. Elles fournissent des performances \u00e9lev\u00e9es tout en optimisant le co\u00fbt par pi\u00e8ce. De plus, vous b\u00e9n\u00e9ficiez d&rsquo;une gestion intelligente des mat\u00e9riaux de la Formlabs SLS Platform. D&rsquo;autres mat\u00e9riaux seront bient\u00f4t disponibles.<br \/>\nComme les imprimantes 3D Form 3 SLA de Formlabs, la Formlabs Fuse 1 est modulaire. Les composants individuels peuvent ainsi \u00eatre facilement remplac\u00e9s, ce qui r\u00e9duit consid\u00e9rablement les temps d&rsquo;arr\u00eat dus aux r\u00e9parations.    <\/p>\n<h5><strong>Chambre de construction modulaire<\/strong><\/h5>\n<p>La chambre de construction de la Fuse 1 est compatible avec la Fuse Sift. Ainsi, la chambre de construction peut \u00eatre retir\u00e9e de l&rsquo;imprimante apr\u00e8s une premi\u00e8re phase de refroidissement. En ajoutant une deuxi\u00e8me chambre de construction, vous pouvez, gr\u00e2ce \u00e0 des temps de refroidissement rapides, lancer un nouveau travail d&rsquo;impression 1 \u00e0 2 heures apr\u00e8s la fin de l&rsquo;impression pr\u00e9c\u00e9dente. Vous pouvez ainsi r\u00e9duire les temps d&rsquo;arr\u00eat et augmenter l&rsquo;utilisation de l&rsquo;installation.   <\/p>\n<h5><strong><span class=\"AlignmentWrapper_content__Aq_1_\">Syst\u00e8me enti\u00e8rement automatis\u00e9 pour le nettoyage et le polissage<\/span><\/strong><\/h5>\n<p>Le <a href=\"https:\/\/3d-edu.ch\/fr\/boutique\/formlabs-fuse-blast\/\">Fuse Blast<\/a> est un syst\u00e8me de nettoyage et de polissage enti\u00e8rement automatis\u00e9 et facile \u00e0 utiliser pour le post-traitement des pi\u00e8ces imprim\u00e9es en SLS-3D. Avec Fuse Blast, cr\u00e9ez plus rapidement et plus facilement que jamais des pi\u00e8ces professionnelles et uniformes avec une surface d&rsquo;une puret\u00e9 palpable. Choisissez entre le nettoyage automatique et le nettoyage manuel pour fournir des pi\u00e8ces professionnelles dont la surface est sensiblement propre.<\/p>\n\t\t<\/div>\n\t<\/div>\n\t\n<\/div>\n","protected":false},"excerpt":{"rendered":"<h2><strong>Imprimante 3D de bureau Formlabs Fuse 1 SLS<\/strong><\/h2>\n<table>\n<tbody>\n<tr>\n<td width=\"100\">Fabricant<\/td>\n<td>Formlabs<\/td>\n<\/tr>\n<tr>\n<td>Proc\u00e9dure<\/td>\n<td>SLS - Frittage s\u00e9lectif au laser<\/td>\n<\/tr>\n<tr>\n<td>Mat\u00e9riau<\/td>\n<td>Poudre SLS de Formlabs<\/td>\n<\/tr>\n<tr>\n<td>\u00c9paisseur de la couche<\/td>\n<td>110 \u00b5m<\/td>\n<\/tr>\n<tr>\n<td>Espace de montage<\/td>\n<td>165 x 165 x 300 mm<\/td>\n<\/tr>\n<tr>\n<td>Max. Taille des composants Nylon 12 <\/td>\n<td>159 x 159 x 295 mm<\/td>\n<\/tr>\n<\/tbody>\n<\/table>\n","protected":false},"featured_media":64323,"comment_status":"closed","ping_status":"closed","template":"","meta":[],"product_brand":[],"product_cat":[7780,7878,7876],"product_tag":[7784,8056,8217,8169,8054],"class_list":{"0":"post-77137","1":"product","2":"type-product","3":"status-publish","4":"has-post-thumbnail","6":"product_cat-formlabs-fr","7":"product_cat-imprimante-3d-sls-fr","8":"product_cat-imprimantes-3d-fr","9":"product_tag-formlabs-fr","10":"product_tag-formlabs-fuse-1","11":"product_tag-formlabs-fuse-blast","12":"product_tag-fuse-sift","13":"product_tag-imprimante-3d-sls","14":"yith_product_brand-formlabs-fr","16":"first","17":"onbackorder","18":"taxable","19":"shipping-taxable","20":"purchasable","21":"product-type-simple"},"yoast_head":"<!-- This site is optimized with the Yoast SEO Premium plugin v27.4 (Yoast SEO v27.4) - https:\/\/yoast.com\/product\/yoast-seo-premium-wordpress\/ -->\n<title>Acheter Formlabs Fuse 1 - Imprimante 3D SLS - 3D-EDU GmbH<\/title>\n<meta name=\"description\" content=\"R\u00e9alisez facilement et en temps voulu des prototypes pr\u00eats \u00e0 l&#039;emploi et des pi\u00e8ces d&#039;utilisateur final dans votre entreprise avec l&#039;imprimante 3D Fuse 1 SLS de Formlabs. Gr\u00e2ce \u00e0 son syst\u00e8me de pr\u00e9-r\u00e9cup\u00e9ration et de r\u00e9cup\u00e9ration bien pens\u00e9 et \u00e0 sa grande capacit\u00e9, elle garantit une utilisation rapide et efficace.\" \/>\n<meta name=\"robots\" content=\"index, follow, max-snippet:-1, max-image-preview:large, max-video-preview:-1\" \/>\n<link rel=\"canonical\" href=\"https:\/\/3d-edu.ch\/fr\/boutique\/formlabs-fuse-1-factory-reconditioned-package\/\" \/>\n<meta property=\"og:locale\" content=\"fr_FR\" \/>\n<meta property=\"og:type\" content=\"article\" \/>\n<meta property=\"og:title\" content=\"Acheter une Form 3 de Formlabs - La nouvelle imprimante 3D LFS de Formlabs - 3D-EDU GmbH\" \/>\n<meta property=\"og:description\" content=\"R\u00e9alisez facilement et en temps voulu des prototypes pr\u00eats \u00e0 l&#039;emploi et des pi\u00e8ces d&#039;utilisateur final dans votre entreprise avec l&#039;imprimante 3D Fuse 1 SLS de Formlabs. Gr\u00e2ce \u00e0 son syst\u00e8me de pr\u00e9-r\u00e9cup\u00e9ration et de r\u00e9cup\u00e9ration bien pens\u00e9 et \u00e0 sa grande capacit\u00e9, elle garantit une utilisation rapide et efficace.\" \/>\n<meta property=\"og:url\" content=\"https:\/\/3d-edu.ch\/fr\/boutique\/formlabs-fuse-1-factory-reconditioned-package\/\" \/>\n<meta property=\"og:site_name\" content=\"3D-EDU GmbH\" \/>\n<meta property=\"article:publisher\" content=\"https:\/\/www.facebook.com\/3d-educh-210277586064960\/\" \/>\n<meta property=\"article:modified_time\" content=\"2026-04-09T11:55:36+00:00\" \/>\n<meta property=\"og:image\" content=\"https:\/\/3d-edu.ch\/wp-content\/uploads\/2021\/06\/formlabs-fuse-1-sls-3d-printer.jpg\" \/>\n\t<meta property=\"og:image:width\" content=\"380\" \/>\n\t<meta property=\"og:image:height\" content=\"380\" \/>\n\t<meta property=\"og:image:type\" content=\"image\/jpeg\" \/>\n<meta name=\"twitter:card\" content=\"summary_large_image\" \/>\n<meta name=\"twitter:title\" content=\"Acheter une Form 3 de Formlabs - La nouvelle imprimante 3D LFS de Formlabs\" \/>\n<meta name=\"twitter:site\" content=\"@3d_edu_ch\" \/>\n<meta name=\"twitter:label1\" content=\"Prix\" \/>\n\t<meta name=\"twitter:data1\" content=\"16&#039;781.49&nbsp;&#067;&#072;&#070; hors TVA\" \/>\n\t<meta name=\"twitter:label2\" content=\"Disponibilit\u00e9\" \/>\n\t<meta name=\"twitter:data2\" content=\"En r\u00e9assort\" \/>\n<script type=\"application\/ld+json\" class=\"yoast-schema-graph\">{\"@context\":\"https:\\\/\\\/schema.org\",\"@graph\":[{\"@type\":\"WebPage\",\"@id\":\"https:\\\/\\\/3d-edu.ch\\\/fr\\\/boutique\\\/formlabs-fuse-1-factory-reconditioned-package\\\/\",\"url\":\"https:\\\/\\\/3d-edu.ch\\\/fr\\\/boutique\\\/formlabs-fuse-1-factory-reconditioned-package\\\/\",\"name\":\"Acheter Formlabs Fuse 1 - Imprimante 3D SLS - 3D-EDU GmbH\",\"isPartOf\":{\"@id\":\"https:\\\/\\\/3d-edu.ch\\\/fr\\\/#website\"},\"primaryImageOfPage\":{\"@id\":\"https:\\\/\\\/3d-edu.ch\\\/fr\\\/boutique\\\/formlabs-fuse-1-factory-reconditioned-package\\\/#primaryimage\"},\"image\":{\"@id\":\"https:\\\/\\\/3d-edu.ch\\\/fr\\\/boutique\\\/formlabs-fuse-1-factory-reconditioned-package\\\/#primaryimage\"},\"thumbnailUrl\":\"https:\\\/\\\/3d-edu.ch\\\/wp-content\\\/uploads\\\/2021\\\/06\\\/formlabs-fuse-1-sls-3d-printer.jpg\",\"datePublished\":\"2021-06-16T12:45:08+00:00\",\"dateModified\":\"2026-04-09T11:55:36+00:00\",\"description\":\"R\u00e9alisez facilement et en temps voulu des prototypes pr\u00eats \u00e0 l'emploi et des pi\u00e8ces d'utilisateur final dans votre entreprise avec l'imprimante 3D Fuse 1 SLS de Formlabs. Gr\u00e2ce \u00e0 son syst\u00e8me de pr\u00e9-r\u00e9cup\u00e9ration et de r\u00e9cup\u00e9ration bien pens\u00e9 et \u00e0 sa grande capacit\u00e9, elle garantit une utilisation rapide et efficace.\",\"breadcrumb\":{\"@id\":\"https:\\\/\\\/3d-edu.ch\\\/fr\\\/boutique\\\/formlabs-fuse-1-factory-reconditioned-package\\\/#breadcrumb\"},\"inLanguage\":\"fr-FR\",\"potentialAction\":[{\"@type\":\"ReadAction\",\"target\":[\"https:\\\/\\\/3d-edu.ch\\\/fr\\\/boutique\\\/formlabs-fuse-1-factory-reconditioned-package\\\/\"]}]},{\"@type\":\"ImageObject\",\"inLanguage\":\"fr-FR\",\"@id\":\"https:\\\/\\\/3d-edu.ch\\\/fr\\\/boutique\\\/formlabs-fuse-1-factory-reconditioned-package\\\/#primaryimage\",\"url\":\"https:\\\/\\\/3d-edu.ch\\\/wp-content\\\/uploads\\\/2021\\\/06\\\/formlabs-fuse-1-sls-3d-printer.jpg\",\"contentUrl\":\"https:\\\/\\\/3d-edu.ch\\\/wp-content\\\/uploads\\\/2021\\\/06\\\/formlabs-fuse-1-sls-3d-printer.jpg\",\"width\":380,\"height\":380,\"caption\":\"Imprimante 3D Formlabs Fuse 1 SLS\"},{\"@type\":\"BreadcrumbList\",\"@id\":\"https:\\\/\\\/3d-edu.ch\\\/fr\\\/boutique\\\/formlabs-fuse-1-factory-reconditioned-package\\\/#breadcrumb\",\"itemListElement\":[{\"@type\":\"ListItem\",\"position\":1,\"name\":\"Accueil\",\"item\":\"https:\\\/\\\/3d-edu.ch\\\/fr\\\/\"},{\"@type\":\"ListItem\",\"position\":2,\"name\":\"Boutique\",\"item\":\"https:\\\/\\\/3d-edu.ch\\\/fr\\\/boutique\\\/\"},{\"@type\":\"ListItem\",\"position\":3,\"name\":\"Formlabs Fuse 1 Factory Reconditioned Package\"}]},{\"@type\":\"WebSite\",\"@id\":\"https:\\\/\\\/3d-edu.ch\\\/fr\\\/#website\",\"url\":\"https:\\\/\\\/3d-edu.ch\\\/fr\\\/\",\"name\":\"3D-EDU GmbH\",\"description\":\"Your Formlabs, UltiMaker and Raise3D Printer Support and Education Site in Switzerland. \\\/\\\/ Ihre Formlabs, UltiMaker and Raise3D Drucker Support und Bildungs Webseite der Schweiz.\",\"publisher\":{\"@id\":\"https:\\\/\\\/3d-edu.ch\\\/fr\\\/#organization\"},\"potentialAction\":[{\"@type\":\"SearchAction\",\"target\":{\"@type\":\"EntryPoint\",\"urlTemplate\":\"https:\\\/\\\/3d-edu.ch\\\/fr\\\/?s={search_term_string}\"},\"query-input\":{\"@type\":\"PropertyValueSpecification\",\"valueRequired\":true,\"valueName\":\"search_term_string\"}}],\"inLanguage\":\"fr-FR\"},{\"@type\":[\"Organization\",\"Place\",\"ElectronicsStore\"],\"@id\":\"https:\\\/\\\/3d-edu.ch\\\/fr\\\/#organization\",\"name\":\"3D-EDU GmbH\",\"url\":\"https:\\\/\\\/3d-edu.ch\\\/fr\\\/\",\"logo\":{\"@id\":\"https:\\\/\\\/3d-edu.ch\\\/fr\\\/boutique\\\/formlabs-fuse-1-factory-reconditioned-package\\\/#local-main-organization-logo\"},\"image\":{\"@id\":\"https:\\\/\\\/3d-edu.ch\\\/fr\\\/boutique\\\/formlabs-fuse-1-factory-reconditioned-package\\\/#local-main-organization-logo\"},\"sameAs\":[\"https:\\\/\\\/www.facebook.com\\\/3d-educh-210277586064960\\\/\",\"https:\\\/\\\/x.com\\\/3d_edu_ch\"],\"address\":{\"@id\":\"https:\\\/\\\/3d-edu.ch\\\/fr\\\/boutique\\\/formlabs-fuse-1-factory-reconditioned-package\\\/#local-main-place-address\"},\"geo\":{\"@type\":\"GeoCoordinates\",\"latitude\":\"47.38413\",\"longitude\":\"8.49812\"},\"telephone\":[\"+41 44 492 11 22\"],\"openingHoursSpecification\":[{\"@type\":\"OpeningHoursSpecification\",\"dayOfWeek\":[\"Monday\",\"Tuesday\",\"Wednesday\",\"Thursday\",\"Friday\"],\"opens\":\"08:30\",\"closes\":\"18:00\"},{\"@type\":\"OpeningHoursSpecification\",\"dayOfWeek\":[\"Saturday\",\"Sunday\"],\"opens\":\"00:00\",\"closes\":\"00:00\"}],\"email\":\"info@3d-edu.ch\",\"faxNumber\":\"+41 44 492 11 23\",\"vatID\":\"CHE-184.499.491 MWST\",\"priceRange\":\"$$$\",\"currenciesAccepted\":\"CHF\"},{\"@type\":\"PostalAddress\",\"@id\":\"https:\\\/\\\/3d-edu.ch\\\/fr\\\/boutique\\\/formlabs-fuse-1-factory-reconditioned-package\\\/#local-main-place-address\",\"streetAddress\":\"3D-EDU GmbH, Badenerstrasse 556\",\"addressLocality\":\"Z\u00fcrich\",\"postalCode\":\"8048\",\"addressRegion\":\"Z\u00fcrich\",\"addressCountry\":\"CH\"},{\"@type\":\"ImageObject\",\"inLanguage\":\"fr-FR\",\"@id\":\"https:\\\/\\\/3d-edu.ch\\\/fr\\\/boutique\\\/formlabs-fuse-1-factory-reconditioned-package\\\/#local-main-organization-logo\",\"url\":\"https:\\\/\\\/3d-edu.ch\\\/wp-content\\\/uploads\\\/2018\\\/10\\\/3d-drucker-makerbot-formlabs-professionelle-3d-drucker-e1546527990490.png\",\"contentUrl\":\"https:\\\/\\\/3d-edu.ch\\\/wp-content\\\/uploads\\\/2018\\\/10\\\/3d-drucker-makerbot-formlabs-professionelle-3d-drucker-e1546527990490.png\",\"width\":275,\"height\":80,\"caption\":\"3D-EDU GmbH\"}]}<\/script>\n<meta property=\"product:brand\" content=\"Formlabs\" \/>\n<meta property=\"product:price:amount\" content=\"16781.49\" \/>\n<meta property=\"product:price:currency\" content=\"CHF\" \/>\n<meta property=\"og:availability\" content=\"backorder\" \/>\n<meta property=\"product:availability\" content=\"available for order\" \/>\n<meta property=\"product:retailer_item_id\" content=\"PKG-FS1-REFURB-230V\" \/>\n<meta property=\"product:condition\" content=\"new\" \/>\n<meta name=\"geo.placename\" content=\"Z\u00fcrich\" \/>\n<meta name=\"geo.position\" content=\"47.38413;8.49812\" \/>\n<meta name=\"geo.region\" content=\"Suisse\" \/>\n<!-- \/ Yoast SEO Premium plugin. -->","yoast_head_json":{"title":"Acheter Formlabs Fuse 1 - Imprimante 3D SLS - 3D-EDU GmbH","description":"R\u00e9alisez facilement et en temps voulu des prototypes pr\u00eats \u00e0 l'emploi et des pi\u00e8ces d'utilisateur final dans votre entreprise avec l'imprimante 3D Fuse 1 SLS de Formlabs. Gr\u00e2ce \u00e0 son syst\u00e8me de pr\u00e9-r\u00e9cup\u00e9ration et de r\u00e9cup\u00e9ration bien pens\u00e9 et \u00e0 sa grande capacit\u00e9, elle garantit une utilisation rapide et efficace.","robots":{"index":"index","follow":"follow","max-snippet":"max-snippet:-1","max-image-preview":"max-image-preview:large","max-video-preview":"max-video-preview:-1"},"canonical":"https:\/\/3d-edu.ch\/fr\/boutique\/formlabs-fuse-1-factory-reconditioned-package\/","og_locale":"fr_FR","og_type":"article","og_title":"Acheter une Form 3 de Formlabs - La nouvelle imprimante 3D LFS de Formlabs - 3D-EDU GmbH","og_description":"R\u00e9alisez facilement et en temps voulu des prototypes pr\u00eats \u00e0 l'emploi et des pi\u00e8ces d'utilisateur final dans votre entreprise avec l'imprimante 3D Fuse 1 SLS de Formlabs. Gr\u00e2ce \u00e0 son syst\u00e8me de pr\u00e9-r\u00e9cup\u00e9ration et de r\u00e9cup\u00e9ration bien pens\u00e9 et \u00e0 sa grande capacit\u00e9, elle garantit une utilisation rapide et efficace.","og_url":"https:\/\/3d-edu.ch\/fr\/boutique\/formlabs-fuse-1-factory-reconditioned-package\/","og_site_name":"3D-EDU GmbH","article_publisher":"https:\/\/www.facebook.com\/3d-educh-210277586064960\/","article_modified_time":"2026-04-09T11:55:36+00:00","og_image":[{"width":380,"height":380,"url":"https:\/\/3d-edu.ch\/wp-content\/uploads\/2021\/06\/formlabs-fuse-1-sls-3d-printer.jpg","type":"image\/jpeg"}],"twitter_card":"summary_large_image","twitter_title":"Acheter une Form 3 de Formlabs - La nouvelle imprimante 3D LFS de Formlabs","twitter_site":"@3d_edu_ch","twitter_misc":{"Prix":"16'781.49&nbsp;&#67;&#72;&#70; hors TVA","Disponibilit\u00e9":"En r\u00e9assort"},"schema":{"@context":"https:\/\/schema.org","@graph":[{"@type":"WebPage","@id":"https:\/\/3d-edu.ch\/fr\/boutique\/formlabs-fuse-1-factory-reconditioned-package\/","url":"https:\/\/3d-edu.ch\/fr\/boutique\/formlabs-fuse-1-factory-reconditioned-package\/","name":"Acheter Formlabs Fuse 1 - Imprimante 3D SLS - 3D-EDU GmbH","isPartOf":{"@id":"https:\/\/3d-edu.ch\/fr\/#website"},"primaryImageOfPage":{"@id":"https:\/\/3d-edu.ch\/fr\/boutique\/formlabs-fuse-1-factory-reconditioned-package\/#primaryimage"},"image":{"@id":"https:\/\/3d-edu.ch\/fr\/boutique\/formlabs-fuse-1-factory-reconditioned-package\/#primaryimage"},"thumbnailUrl":"https:\/\/3d-edu.ch\/wp-content\/uploads\/2021\/06\/formlabs-fuse-1-sls-3d-printer.jpg","datePublished":"2021-06-16T12:45:08+00:00","dateModified":"2026-04-09T11:55:36+00:00","description":"R\u00e9alisez facilement et en temps voulu des prototypes pr\u00eats \u00e0 l'emploi et des pi\u00e8ces d'utilisateur final dans votre entreprise avec l'imprimante 3D Fuse 1 SLS de Formlabs. Gr\u00e2ce \u00e0 son syst\u00e8me de pr\u00e9-r\u00e9cup\u00e9ration et de r\u00e9cup\u00e9ration bien pens\u00e9 et \u00e0 sa grande capacit\u00e9, elle garantit une utilisation rapide et efficace.","breadcrumb":{"@id":"https:\/\/3d-edu.ch\/fr\/boutique\/formlabs-fuse-1-factory-reconditioned-package\/#breadcrumb"},"inLanguage":"fr-FR","potentialAction":[{"@type":"ReadAction","target":["https:\/\/3d-edu.ch\/fr\/boutique\/formlabs-fuse-1-factory-reconditioned-package\/"]}]},{"@type":"ImageObject","inLanguage":"fr-FR","@id":"https:\/\/3d-edu.ch\/fr\/boutique\/formlabs-fuse-1-factory-reconditioned-package\/#primaryimage","url":"https:\/\/3d-edu.ch\/wp-content\/uploads\/2021\/06\/formlabs-fuse-1-sls-3d-printer.jpg","contentUrl":"https:\/\/3d-edu.ch\/wp-content\/uploads\/2021\/06\/formlabs-fuse-1-sls-3d-printer.jpg","width":380,"height":380,"caption":"Imprimante 3D Formlabs Fuse 1 SLS"},{"@type":"BreadcrumbList","@id":"https:\/\/3d-edu.ch\/fr\/boutique\/formlabs-fuse-1-factory-reconditioned-package\/#breadcrumb","itemListElement":[{"@type":"ListItem","position":1,"name":"Accueil","item":"https:\/\/3d-edu.ch\/fr\/"},{"@type":"ListItem","position":2,"name":"Boutique","item":"https:\/\/3d-edu.ch\/fr\/boutique\/"},{"@type":"ListItem","position":3,"name":"Formlabs Fuse 1 Factory Reconditioned Package"}]},{"@type":"WebSite","@id":"https:\/\/3d-edu.ch\/fr\/#website","url":"https:\/\/3d-edu.ch\/fr\/","name":"3D-EDU GmbH","description":"Your Formlabs, UltiMaker and Raise3D Printer Support and Education Site in Switzerland. \/\/ Ihre Formlabs, UltiMaker and Raise3D Drucker Support und Bildungs Webseite der Schweiz.","publisher":{"@id":"https:\/\/3d-edu.ch\/fr\/#organization"},"potentialAction":[{"@type":"SearchAction","target":{"@type":"EntryPoint","urlTemplate":"https:\/\/3d-edu.ch\/fr\/?s={search_term_string}"},"query-input":{"@type":"PropertyValueSpecification","valueRequired":true,"valueName":"search_term_string"}}],"inLanguage":"fr-FR"},{"@type":["Organization","Place","ElectronicsStore"],"@id":"https:\/\/3d-edu.ch\/fr\/#organization","name":"3D-EDU GmbH","url":"https:\/\/3d-edu.ch\/fr\/","logo":{"@id":"https:\/\/3d-edu.ch\/fr\/boutique\/formlabs-fuse-1-factory-reconditioned-package\/#local-main-organization-logo"},"image":{"@id":"https:\/\/3d-edu.ch\/fr\/boutique\/formlabs-fuse-1-factory-reconditioned-package\/#local-main-organization-logo"},"sameAs":["https:\/\/www.facebook.com\/3d-educh-210277586064960\/","https:\/\/x.com\/3d_edu_ch"],"address":{"@id":"https:\/\/3d-edu.ch\/fr\/boutique\/formlabs-fuse-1-factory-reconditioned-package\/#local-main-place-address"},"geo":{"@type":"GeoCoordinates","latitude":"47.38413","longitude":"8.49812"},"telephone":["+41 44 492 11 22"],"openingHoursSpecification":[{"@type":"OpeningHoursSpecification","dayOfWeek":["Monday","Tuesday","Wednesday","Thursday","Friday"],"opens":"08:30","closes":"18:00"},{"@type":"OpeningHoursSpecification","dayOfWeek":["Saturday","Sunday"],"opens":"00:00","closes":"00:00"}],"email":"info@3d-edu.ch","faxNumber":"+41 44 492 11 23","vatID":"CHE-184.499.491 MWST","priceRange":"$$$","currenciesAccepted":"CHF"},{"@type":"PostalAddress","@id":"https:\/\/3d-edu.ch\/fr\/boutique\/formlabs-fuse-1-factory-reconditioned-package\/#local-main-place-address","streetAddress":"3D-EDU GmbH, Badenerstrasse 556","addressLocality":"Z\u00fcrich","postalCode":"8048","addressRegion":"Z\u00fcrich","addressCountry":"CH"},{"@type":"ImageObject","inLanguage":"fr-FR","@id":"https:\/\/3d-edu.ch\/fr\/boutique\/formlabs-fuse-1-factory-reconditioned-package\/#local-main-organization-logo","url":"https:\/\/3d-edu.ch\/wp-content\/uploads\/2018\/10\/3d-drucker-makerbot-formlabs-professionelle-3d-drucker-e1546527990490.png","contentUrl":"https:\/\/3d-edu.ch\/wp-content\/uploads\/2018\/10\/3d-drucker-makerbot-formlabs-professionelle-3d-drucker-e1546527990490.png","width":275,"height":80,"caption":"3D-EDU GmbH"}]},"product_brand":"Formlabs","product_price_amount":"16781.49","product_price_currency":"CHF","og_availability":"backorder","product_availability":"available for order","product_retailer_item_id":"PKG-FS1-REFURB-230V","product_condition":"new","geo.placename":"Z\u00fcrich","geo.position":{"lat":"47.38413","long":"8.49812"},"geo.region":"Suisse"},"_links":{"self":[{"href":"https:\/\/3d-edu.ch\/fr\/wp-json\/wp\/v2\/product\/77137","targetHints":{"allow":["GET"]}}],"collection":[{"href":"https:\/\/3d-edu.ch\/fr\/wp-json\/wp\/v2\/product"}],"about":[{"href":"https:\/\/3d-edu.ch\/fr\/wp-json\/wp\/v2\/types\/product"}],"replies":[{"embeddable":true,"href":"https:\/\/3d-edu.ch\/fr\/wp-json\/wp\/v2\/comments?post=77137"}],"wp:featuredmedia":[{"embeddable":true,"href":"https:\/\/3d-edu.ch\/fr\/wp-json\/wp\/v2\/media\/64323"}],"wp:attachment":[{"href":"https:\/\/3d-edu.ch\/fr\/wp-json\/wp\/v2\/media?parent=77137"}],"wp:term":[{"taxonomy":"product_brand","embeddable":true,"href":"https:\/\/3d-edu.ch\/fr\/wp-json\/wp\/v2\/product_brand?post=77137"},{"taxonomy":"product_cat","embeddable":true,"href":"https:\/\/3d-edu.ch\/fr\/wp-json\/wp\/v2\/product_cat?post=77137"},{"taxonomy":"product_tag","embeddable":true,"href":"https:\/\/3d-edu.ch\/fr\/wp-json\/wp\/v2\/product_tag?post=77137"}],"curies":[{"name":"wp","href":"https:\/\/api.w.org\/{rel}","templated":true}]}}