{"id":77111,"date":"2021-06-09T11:50:14","date_gmt":"2021-06-09T09:50:14","guid":{"rendered":"https:\/\/3d-edu.ch\/shop\/formlabs-nylon-12-powder\/"},"modified":"2026-04-20T12:34:48","modified_gmt":"2026-04-20T10:34:48","slug":"formlabs-nylon-12-powder","status":"publish","type":"product","link":"https:\/\/3d-edu.ch\/fr\/boutique\/formlabs-nylon-12-powder\/","title":{"rendered":"Formlabs Nylon 12 Powder"},"content":{"rendered":"<h3>Formlabs Nylon 12 Powder<\/h3>\n<p>Le Nylon 12 Powder \/ PA12 Powder combine r\u00e9sistance et pr\u00e9cision des d\u00e9tails. Cela rend ce mat\u00e9riau id\u00e9al pour le prototypage fonctionnel et la fabrication d&rsquo;assemblages complexes. Les composants fabriqu\u00e9s \u00e0 partir du PA 12 de Formlabs sont stables et robustes et conviennent \u00e0 l&rsquo;utilisation finale. La poudre Formlabs Nylon 12 a \u00e9t\u00e9 sp\u00e9cialement con\u00e7ue pour \u00eatre utilis\u00e9e avec le Fuse 1 et le Fuse 1+ 30W.<\/p>\n<div class=\"accordion\">\n\t<div id=\"accordion-3603408068\" class=\"accordion-item\">\n\t\t<a id=\"accordion-3603408068-label\" class=\"accordion-title plain\" href=\"#accordion-item-plus-d&#039;informations\" aria-expanded=\"false\" aria-controls=\"accordion-3603408068-content\">\n\t\t\t<button class=\"toggle\" aria-label=\"Basculer\"><i class=\"icon-angle-down\" aria-hidden=\"true\"><\/i><\/button>\n\t\t\t<span>Plus d&#039;informations<\/span>\n\t\t<\/a>\n\t\t<div id=\"accordion-3603408068-content\" class=\"accordion-inner\" aria-labelledby=\"accordion-3603408068-label\">\n\t\t\t\n<p>Disponible pour Fuse 1 et <a href=\"https:\/\/3d-edu.ch\/fr\/formlabs\/imprimante-3d-formlabs\/fuse-1-30w\/\">Fuse 1+ 30W.<\/a><\/p>\n<p><!--\n\n\n<h5>Weitere Informationen<\/h5>\n\n\nWeitere Informationen zum Formlabs Surgical Guide Material finden Sie unter <a href=\"https:\/\/3d-edu.ch\/fr\/formlabs\/resine-formlabs\/dentaire\/\">Formlabs Dental Resin<\/a>.\n\n\n<h2>Formlabs Resin \/ Kunstharz<\/h2>\n\n\nFormlabs Resin \/ Kunstharz liefert formvollendete Ergebnisse mit den <a href=\"https:\/\/3d-edu.ch\/fr\/formlabs\/imprimante-3d-formlabs\/\">Formlabs SLA\/LFS 3D-Druckern<\/a>. Die Material-Bibliothek umfasst rund 20 Resins und wird stets verbessert und erweitert. Neben den <a href=\"https:\/\/3d-edu.ch\/fr\/formlabs\/resine-formlabs\/standard\/\">Standard-Resins<\/a> bietet Fromlabs Spezialkunstharze f\u00fcr <a href=\"https:\/\/3d-edu.ch\/fr\/formlabs\/resine-formlabs\/ingenierie\/\">Engineering<\/a>, <a href=\"https:\/\/3d-edu.ch\/fr\/formlabs\/resine-formlabs\/castable\/\">Schmuckdesign<\/a>, <a href=\"https:\/\/3d-edu.ch\/fr\/formlabs\/resine-formlabs\/dentaire\/\">Zahnmedizin<\/a> und <a href=\"https:\/\/3d-edu.ch\/fr\/formlabs\/resine-formlabs\/medical\/\">Medizin<\/a>.\n\n\n<h3>Formlabs Dental Resin \/ Dental Kunstharze<\/h3>\n\n\n\n\n<h4>Formlabs Model, Formlabs Draft V2, Formlabs Grey, Formlabs Custom Tray, Formlabs Temporary CB, Formlabs Permanent Crown, Formlabs Dental LT Clear, Formlabs Dental SG, Formlabs Surgical Guide, Soft Tissue, Castable Wax Resin<\/h4>\n\n\nSind innovative 3D-Druck Materialien, die f\u00fcr Dental-Applikationen ausgelgt sind. Die Formlabs Dental Resins \/ Zahnmedizinischen-Kunstharze zeichnen sich durch Ihre Eigenschaften aus und sind f\u00fcr spezielle Anwendung der Kieferorthop\u00e4die, Zahnchirurgie, Zahnimplanologie und die Verwendung in Zahnlaboren und Praxen entwickelt. Die Digital Dentures Materialien sind bereits angek\u00fcndigt jedoch f\u00fcr die Schweiz noch nicht zugelassen.\n\n--><br \/>\n\t\t<\/div>\n\t<\/div>\n\t\n<\/div>\n","protected":false},"excerpt":{"rendered":"<h2><strong>Formlabs Nylon 12 Powder<\/strong><\/h2>\n<p>Les pi\u00e8ces imprim\u00e9es avec de la poudre de nylon 12 sont robustes et r\u00e9sistantes \u00e0 l&rsquo;environnement. Ce mat\u00e9riau est adapt\u00e9 au prototypage fonctionnel et \u00e0 la production d&rsquo;assemblages complexes, ainsi qu&rsquo;\u00e0 la fabrication de pi\u00e8ces destin\u00e9es \u00e0 l&rsquo;utilisateur final. Le PA 12 de Formlab se caract\u00e9rise par une absorption d&rsquo;humidit\u00e9 extr\u00eamement faible et une r\u00e9sistance \u00e9lev\u00e9e \u00e0 la lumi\u00e8re, \u00e0 la chaleur et aux produits chimiques.  <\/p>\n","protected":false},"featured_media":71038,"comment_status":"closed","ping_status":"closed","template":"","meta":[],"product_brand":[],"product_cat":[7780,7880,7895],"product_tag":[7784,8421,8054,8422,9219,9220,8419],"class_list":{"0":"post-77111","1":"product","2":"type-product","3":"status-publish","4":"has-post-thumbnail","6":"product_cat-formlabs-fr","7":"product_cat-materiaux-formlabs-fr","8":"product_cat-poudre-sls-fr","9":"product_tag-formlabs-fr","10":"product_tag-fuse-1-30w","11":"product_tag-imprimante-3d-sls","12":"product_tag-nylon-12","13":"product_tag-pd-fs-p12g-01","14":"product_tag-pd-fs-p12g-10-01","15":"product_tag-poudre-sls","17":"first","18":"instock","19":"taxable","20":"shipping-taxable","21":"purchasable","22":"product-type-simple"},"yoast_head":"<!-- This site is optimized with the Yoast SEO Premium plugin v27.4 (Yoast SEO v27.4) - https:\/\/yoast.com\/product\/yoast-seo-premium-wordpress\/ -->\n<title>Formlabs Nylon 12 Powder %%page% - 3D-EDU GmbH%<\/title>\n<meta name=\"description\" content=\"Les pi\u00e8ces imprim\u00e9es avec de la poudre de nylon 12 sont robustes et r\u00e9sistantes \u00e0 l&#039;environnement. Ce mat\u00e9riau est adapt\u00e9 au prototypage fonctionnel et \u00e0 la production d&#039;assemblages complexes, ainsi qu&#039;\u00e0 la fabrication de pi\u00e8ces destin\u00e9es \u00e0 l&#039;utilisateur final. Le PA 12 de Formlab se caract\u00e9rise par une absorption d&#039;humidit\u00e9 extr\u00eamement faible et une r\u00e9sistance \u00e9lev\u00e9e \u00e0 la lumi\u00e8re, \u00e0 la chaleur et aux produits chimiques.\" \/>\n<meta name=\"robots\" content=\"index, follow, max-snippet:-1, max-image-preview:large, max-video-preview:-1\" \/>\n<link rel=\"canonical\" href=\"https:\/\/3d-edu.ch\/fr\/boutique\/formlabs-nylon-12-powder\/\" \/>\n<meta property=\"og:locale\" content=\"fr_FR\" \/>\n<meta property=\"og:type\" content=\"article\" \/>\n<meta property=\"og:title\" content=\"Formlabs Nylon 12 Powder\" \/>\n<meta property=\"og:description\" content=\"Les pi\u00e8ces imprim\u00e9es avec de la poudre de nylon 12 sont robustes et r\u00e9sistantes \u00e0 l&#039;environnement. Ce mat\u00e9riau est adapt\u00e9 au prototypage fonctionnel et \u00e0 la production d&#039;assemblages complexes, ainsi qu&#039;\u00e0 la fabrication de pi\u00e8ces destin\u00e9es \u00e0 l&#039;utilisateur final. Le PA 12 de Formlab se caract\u00e9rise par une absorption d&#039;humidit\u00e9 extr\u00eamement faible et une r\u00e9sistance \u00e9lev\u00e9e \u00e0 la lumi\u00e8re, \u00e0 la chaleur et aux produits chimiques.\" \/>\n<meta property=\"og:url\" content=\"https:\/\/3d-edu.ch\/fr\/boutique\/formlabs-nylon-12-powder\/\" \/>\n<meta property=\"og:site_name\" content=\"3D-EDU GmbH\" \/>\n<meta property=\"article:publisher\" content=\"https:\/\/www.facebook.com\/3d-educh-210277586064960\/\" \/>\n<meta property=\"article:modified_time\" content=\"2026-04-20T10:34:48+00:00\" \/>\n<meta property=\"og:image\" content=\"https:\/\/3d-edu.ch\/wp-content\/uploads\/2024\/09\/formlabs-nylon-12-sls-powder-10-kg-bag.jpg\" \/>\n\t<meta property=\"og:image:width\" content=\"380\" \/>\n\t<meta property=\"og:image:height\" content=\"380\" \/>\n\t<meta property=\"og:image:type\" content=\"image\/jpeg\" \/>\n<meta name=\"twitter:card\" content=\"summary_large_image\" \/>\n<meta name=\"twitter:site\" content=\"@3d_edu_ch\" \/>\n<meta name=\"twitter:label1\" content=\"Prix\" \/>\n\t<meta name=\"twitter:data1\" content=\"1&#039;017.06&nbsp;&#067;&#072;&#070; hors TVA\" \/>\n\t<meta name=\"twitter:label2\" content=\"Disponibilit\u00e9\" \/>\n\t<meta name=\"twitter:data2\" content=\"En stock\" \/>\n<script type=\"application\/ld+json\" class=\"yoast-schema-graph\">{\"@context\":\"https:\\\/\\\/schema.org\",\"@graph\":[{\"@type\":\"WebPage\",\"@id\":\"https:\\\/\\\/3d-edu.ch\\\/fr\\\/boutique\\\/formlabs-nylon-12-powder\\\/\",\"url\":\"https:\\\/\\\/3d-edu.ch\\\/fr\\\/boutique\\\/formlabs-nylon-12-powder\\\/\",\"name\":\"Formlabs Nylon 12 Powder %%page% - 3D-EDU GmbH%\",\"isPartOf\":{\"@id\":\"https:\\\/\\\/3d-edu.ch\\\/fr\\\/#website\"},\"primaryImageOfPage\":{\"@id\":\"https:\\\/\\\/3d-edu.ch\\\/fr\\\/boutique\\\/formlabs-nylon-12-powder\\\/#primaryimage\"},\"image\":{\"@id\":\"https:\\\/\\\/3d-edu.ch\\\/fr\\\/boutique\\\/formlabs-nylon-12-powder\\\/#primaryimage\"},\"thumbnailUrl\":\"https:\\\/\\\/3d-edu.ch\\\/wp-content\\\/uploads\\\/2024\\\/09\\\/formlabs-nylon-12-sls-powder-10-kg-bag.jpg\",\"datePublished\":\"2021-06-09T09:50:14+00:00\",\"dateModified\":\"2026-04-20T10:34:48+00:00\",\"description\":\"Les pi\u00e8ces imprim\u00e9es avec de la poudre de nylon 12 sont robustes et r\u00e9sistantes \u00e0 l'environnement. Ce mat\u00e9riau est adapt\u00e9 au prototypage fonctionnel et \u00e0 la production d'assemblages complexes, ainsi qu'\u00e0 la fabrication de pi\u00e8ces destin\u00e9es \u00e0 l'utilisateur final. Le PA 12 de Formlab se caract\u00e9rise par une absorption d'humidit\u00e9 extr\u00eamement faible et une r\u00e9sistance \u00e9lev\u00e9e \u00e0 la lumi\u00e8re, \u00e0 la chaleur et aux produits chimiques.\",\"breadcrumb\":{\"@id\":\"https:\\\/\\\/3d-edu.ch\\\/fr\\\/boutique\\\/formlabs-nylon-12-powder\\\/#breadcrumb\"},\"inLanguage\":\"fr-FR\",\"potentialAction\":[{\"@type\":\"ReadAction\",\"target\":[\"https:\\\/\\\/3d-edu.ch\\\/fr\\\/boutique\\\/formlabs-nylon-12-powder\\\/\"]}]},{\"@type\":\"ImageObject\",\"inLanguage\":\"fr-FR\",\"@id\":\"https:\\\/\\\/3d-edu.ch\\\/fr\\\/boutique\\\/formlabs-nylon-12-powder\\\/#primaryimage\",\"url\":\"https:\\\/\\\/3d-edu.ch\\\/wp-content\\\/uploads\\\/2024\\\/09\\\/formlabs-nylon-12-sls-powder-10-kg-bag.jpg\",\"contentUrl\":\"https:\\\/\\\/3d-edu.ch\\\/wp-content\\\/uploads\\\/2024\\\/09\\\/formlabs-nylon-12-sls-powder-10-kg-bag.jpg\",\"width\":380,\"height\":380,\"caption\":\"Formlabs Nylon 12 SLS Powder 10kg Bag\"},{\"@type\":\"BreadcrumbList\",\"@id\":\"https:\\\/\\\/3d-edu.ch\\\/fr\\\/boutique\\\/formlabs-nylon-12-powder\\\/#breadcrumb\",\"itemListElement\":[{\"@type\":\"ListItem\",\"position\":1,\"name\":\"Accueil\",\"item\":\"https:\\\/\\\/3d-edu.ch\\\/fr\\\/\"},{\"@type\":\"ListItem\",\"position\":2,\"name\":\"Boutique\",\"item\":\"https:\\\/\\\/3d-edu.ch\\\/fr\\\/boutique\\\/\"},{\"@type\":\"ListItem\",\"position\":3,\"name\":\"Formlabs Nylon 12 Powder\"}]},{\"@type\":\"WebSite\",\"@id\":\"https:\\\/\\\/3d-edu.ch\\\/fr\\\/#website\",\"url\":\"https:\\\/\\\/3d-edu.ch\\\/fr\\\/\",\"name\":\"3D-EDU GmbH\",\"description\":\"Your Formlabs, UltiMaker and Raise3D Printer Support and Education Site in Switzerland. \\\/\\\/ Ihre Formlabs, UltiMaker and Raise3D Drucker Support und Bildungs Webseite der Schweiz.\",\"publisher\":{\"@id\":\"https:\\\/\\\/3d-edu.ch\\\/fr\\\/#organization\"},\"potentialAction\":[{\"@type\":\"SearchAction\",\"target\":{\"@type\":\"EntryPoint\",\"urlTemplate\":\"https:\\\/\\\/3d-edu.ch\\\/fr\\\/?s={search_term_string}\"},\"query-input\":{\"@type\":\"PropertyValueSpecification\",\"valueRequired\":true,\"valueName\":\"search_term_string\"}}],\"inLanguage\":\"fr-FR\"},{\"@type\":[\"Organization\",\"Place\",\"ElectronicsStore\"],\"@id\":\"https:\\\/\\\/3d-edu.ch\\\/fr\\\/#organization\",\"name\":\"3D-EDU GmbH\",\"url\":\"https:\\\/\\\/3d-edu.ch\\\/fr\\\/\",\"logo\":{\"@id\":\"https:\\\/\\\/3d-edu.ch\\\/fr\\\/boutique\\\/formlabs-nylon-12-powder\\\/#local-main-organization-logo\"},\"image\":{\"@id\":\"https:\\\/\\\/3d-edu.ch\\\/fr\\\/boutique\\\/formlabs-nylon-12-powder\\\/#local-main-organization-logo\"},\"sameAs\":[\"https:\\\/\\\/www.facebook.com\\\/3d-educh-210277586064960\\\/\",\"https:\\\/\\\/x.com\\\/3d_edu_ch\"],\"address\":{\"@id\":\"https:\\\/\\\/3d-edu.ch\\\/fr\\\/boutique\\\/formlabs-nylon-12-powder\\\/#local-main-place-address\"},\"geo\":{\"@type\":\"GeoCoordinates\",\"latitude\":\"47.38413\",\"longitude\":\"8.49812\"},\"telephone\":[\"+41 44 492 11 22\"],\"openingHoursSpecification\":[{\"@type\":\"OpeningHoursSpecification\",\"dayOfWeek\":[\"Monday\",\"Tuesday\",\"Wednesday\",\"Thursday\",\"Friday\"],\"opens\":\"08:30\",\"closes\":\"18:00\"},{\"@type\":\"OpeningHoursSpecification\",\"dayOfWeek\":[\"Saturday\",\"Sunday\"],\"opens\":\"00:00\",\"closes\":\"00:00\"}],\"email\":\"info@3d-edu.ch\",\"faxNumber\":\"+41 44 492 11 23\",\"vatID\":\"CHE-184.499.491 MWST\",\"priceRange\":\"$$$\",\"currenciesAccepted\":\"CHF\"},{\"@type\":\"PostalAddress\",\"@id\":\"https:\\\/\\\/3d-edu.ch\\\/fr\\\/boutique\\\/formlabs-nylon-12-powder\\\/#local-main-place-address\",\"streetAddress\":\"3D-EDU GmbH, Badenerstrasse 556\",\"addressLocality\":\"Z\u00fcrich\",\"postalCode\":\"8048\",\"addressRegion\":\"Z\u00fcrich\",\"addressCountry\":\"CH\"},{\"@type\":\"ImageObject\",\"inLanguage\":\"fr-FR\",\"@id\":\"https:\\\/\\\/3d-edu.ch\\\/fr\\\/boutique\\\/formlabs-nylon-12-powder\\\/#local-main-organization-logo\",\"url\":\"https:\\\/\\\/3d-edu.ch\\\/wp-content\\\/uploads\\\/2018\\\/10\\\/3d-drucker-makerbot-formlabs-professionelle-3d-drucker-e1546527990490.png\",\"contentUrl\":\"https:\\\/\\\/3d-edu.ch\\\/wp-content\\\/uploads\\\/2018\\\/10\\\/3d-drucker-makerbot-formlabs-professionelle-3d-drucker-e1546527990490.png\",\"width\":275,\"height\":80,\"caption\":\"3D-EDU GmbH\"}]}<\/script>\n<meta property=\"product:brand\" content=\"Formlabs\" \/>\n<meta property=\"product:price:amount\" content=\"1017.06\" \/>\n<meta property=\"product:price:currency\" content=\"CHF\" \/>\n<meta property=\"og:availability\" content=\"instock\" \/>\n<meta property=\"product:availability\" content=\"instock\" \/>\n<meta property=\"product:retailer_item_id\" content=\"PD-FS-P12G-10-01\" \/>\n<meta property=\"product:condition\" content=\"new\" \/>\n<meta name=\"geo.placename\" content=\"Z\u00fcrich\" \/>\n<meta name=\"geo.position\" content=\"47.38413;8.49812\" \/>\n<meta name=\"geo.region\" content=\"Suisse\" \/>\n<!-- \/ Yoast SEO Premium plugin. -->","yoast_head_json":{"title":"Formlabs Nylon 12 Powder %%page% - 3D-EDU GmbH%","description":"Les pi\u00e8ces imprim\u00e9es avec de la poudre de nylon 12 sont robustes et r\u00e9sistantes \u00e0 l'environnement. Ce mat\u00e9riau est adapt\u00e9 au prototypage fonctionnel et \u00e0 la production d'assemblages complexes, ainsi qu'\u00e0 la fabrication de pi\u00e8ces destin\u00e9es \u00e0 l'utilisateur final. Le PA 12 de Formlab se caract\u00e9rise par une absorption d'humidit\u00e9 extr\u00eamement faible et une r\u00e9sistance \u00e9lev\u00e9e \u00e0 la lumi\u00e8re, \u00e0 la chaleur et aux produits chimiques.","robots":{"index":"index","follow":"follow","max-snippet":"max-snippet:-1","max-image-preview":"max-image-preview:large","max-video-preview":"max-video-preview:-1"},"canonical":"https:\/\/3d-edu.ch\/fr\/boutique\/formlabs-nylon-12-powder\/","og_locale":"fr_FR","og_type":"article","og_title":"Formlabs Nylon 12 Powder","og_description":"Les pi\u00e8ces imprim\u00e9es avec de la poudre de nylon 12 sont robustes et r\u00e9sistantes \u00e0 l'environnement. Ce mat\u00e9riau est adapt\u00e9 au prototypage fonctionnel et \u00e0 la production d'assemblages complexes, ainsi qu'\u00e0 la fabrication de pi\u00e8ces destin\u00e9es \u00e0 l'utilisateur final. Le PA 12 de Formlab se caract\u00e9rise par une absorption d'humidit\u00e9 extr\u00eamement faible et une r\u00e9sistance \u00e9lev\u00e9e \u00e0 la lumi\u00e8re, \u00e0 la chaleur et aux produits chimiques.","og_url":"https:\/\/3d-edu.ch\/fr\/boutique\/formlabs-nylon-12-powder\/","og_site_name":"3D-EDU GmbH","article_publisher":"https:\/\/www.facebook.com\/3d-educh-210277586064960\/","article_modified_time":"2026-04-20T10:34:48+00:00","og_image":[{"width":380,"height":380,"url":"https:\/\/3d-edu.ch\/wp-content\/uploads\/2024\/09\/formlabs-nylon-12-sls-powder-10-kg-bag.jpg","type":"image\/jpeg"}],"twitter_card":"summary_large_image","twitter_site":"@3d_edu_ch","twitter_misc":{"Prix":"1'017.06&nbsp;&#67;&#72;&#70; hors TVA","Disponibilit\u00e9":"En stock"},"schema":{"@context":"https:\/\/schema.org","@graph":[{"@type":"WebPage","@id":"https:\/\/3d-edu.ch\/fr\/boutique\/formlabs-nylon-12-powder\/","url":"https:\/\/3d-edu.ch\/fr\/boutique\/formlabs-nylon-12-powder\/","name":"Formlabs Nylon 12 Powder %%page% - 3D-EDU GmbH%","isPartOf":{"@id":"https:\/\/3d-edu.ch\/fr\/#website"},"primaryImageOfPage":{"@id":"https:\/\/3d-edu.ch\/fr\/boutique\/formlabs-nylon-12-powder\/#primaryimage"},"image":{"@id":"https:\/\/3d-edu.ch\/fr\/boutique\/formlabs-nylon-12-powder\/#primaryimage"},"thumbnailUrl":"https:\/\/3d-edu.ch\/wp-content\/uploads\/2024\/09\/formlabs-nylon-12-sls-powder-10-kg-bag.jpg","datePublished":"2021-06-09T09:50:14+00:00","dateModified":"2026-04-20T10:34:48+00:00","description":"Les pi\u00e8ces imprim\u00e9es avec de la poudre de nylon 12 sont robustes et r\u00e9sistantes \u00e0 l'environnement. Ce mat\u00e9riau est adapt\u00e9 au prototypage fonctionnel et \u00e0 la production d'assemblages complexes, ainsi qu'\u00e0 la fabrication de pi\u00e8ces destin\u00e9es \u00e0 l'utilisateur final. Le PA 12 de Formlab se caract\u00e9rise par une absorption d'humidit\u00e9 extr\u00eamement faible et une r\u00e9sistance \u00e9lev\u00e9e \u00e0 la lumi\u00e8re, \u00e0 la chaleur et aux produits chimiques.","breadcrumb":{"@id":"https:\/\/3d-edu.ch\/fr\/boutique\/formlabs-nylon-12-powder\/#breadcrumb"},"inLanguage":"fr-FR","potentialAction":[{"@type":"ReadAction","target":["https:\/\/3d-edu.ch\/fr\/boutique\/formlabs-nylon-12-powder\/"]}]},{"@type":"ImageObject","inLanguage":"fr-FR","@id":"https:\/\/3d-edu.ch\/fr\/boutique\/formlabs-nylon-12-powder\/#primaryimage","url":"https:\/\/3d-edu.ch\/wp-content\/uploads\/2024\/09\/formlabs-nylon-12-sls-powder-10-kg-bag.jpg","contentUrl":"https:\/\/3d-edu.ch\/wp-content\/uploads\/2024\/09\/formlabs-nylon-12-sls-powder-10-kg-bag.jpg","width":380,"height":380,"caption":"Formlabs Nylon 12 SLS Powder 10kg Bag"},{"@type":"BreadcrumbList","@id":"https:\/\/3d-edu.ch\/fr\/boutique\/formlabs-nylon-12-powder\/#breadcrumb","itemListElement":[{"@type":"ListItem","position":1,"name":"Accueil","item":"https:\/\/3d-edu.ch\/fr\/"},{"@type":"ListItem","position":2,"name":"Boutique","item":"https:\/\/3d-edu.ch\/fr\/boutique\/"},{"@type":"ListItem","position":3,"name":"Formlabs Nylon 12 Powder"}]},{"@type":"WebSite","@id":"https:\/\/3d-edu.ch\/fr\/#website","url":"https:\/\/3d-edu.ch\/fr\/","name":"3D-EDU GmbH","description":"Your Formlabs, UltiMaker and Raise3D Printer Support and Education Site in Switzerland. \/\/ Ihre Formlabs, UltiMaker and Raise3D Drucker Support und Bildungs Webseite der Schweiz.","publisher":{"@id":"https:\/\/3d-edu.ch\/fr\/#organization"},"potentialAction":[{"@type":"SearchAction","target":{"@type":"EntryPoint","urlTemplate":"https:\/\/3d-edu.ch\/fr\/?s={search_term_string}"},"query-input":{"@type":"PropertyValueSpecification","valueRequired":true,"valueName":"search_term_string"}}],"inLanguage":"fr-FR"},{"@type":["Organization","Place","ElectronicsStore"],"@id":"https:\/\/3d-edu.ch\/fr\/#organization","name":"3D-EDU GmbH","url":"https:\/\/3d-edu.ch\/fr\/","logo":{"@id":"https:\/\/3d-edu.ch\/fr\/boutique\/formlabs-nylon-12-powder\/#local-main-organization-logo"},"image":{"@id":"https:\/\/3d-edu.ch\/fr\/boutique\/formlabs-nylon-12-powder\/#local-main-organization-logo"},"sameAs":["https:\/\/www.facebook.com\/3d-educh-210277586064960\/","https:\/\/x.com\/3d_edu_ch"],"address":{"@id":"https:\/\/3d-edu.ch\/fr\/boutique\/formlabs-nylon-12-powder\/#local-main-place-address"},"geo":{"@type":"GeoCoordinates","latitude":"47.38413","longitude":"8.49812"},"telephone":["+41 44 492 11 22"],"openingHoursSpecification":[{"@type":"OpeningHoursSpecification","dayOfWeek":["Monday","Tuesday","Wednesday","Thursday","Friday"],"opens":"08:30","closes":"18:00"},{"@type":"OpeningHoursSpecification","dayOfWeek":["Saturday","Sunday"],"opens":"00:00","closes":"00:00"}],"email":"info@3d-edu.ch","faxNumber":"+41 44 492 11 23","vatID":"CHE-184.499.491 MWST","priceRange":"$$$","currenciesAccepted":"CHF"},{"@type":"PostalAddress","@id":"https:\/\/3d-edu.ch\/fr\/boutique\/formlabs-nylon-12-powder\/#local-main-place-address","streetAddress":"3D-EDU GmbH, Badenerstrasse 556","addressLocality":"Z\u00fcrich","postalCode":"8048","addressRegion":"Z\u00fcrich","addressCountry":"CH"},{"@type":"ImageObject","inLanguage":"fr-FR","@id":"https:\/\/3d-edu.ch\/fr\/boutique\/formlabs-nylon-12-powder\/#local-main-organization-logo","url":"https:\/\/3d-edu.ch\/wp-content\/uploads\/2018\/10\/3d-drucker-makerbot-formlabs-professionelle-3d-drucker-e1546527990490.png","contentUrl":"https:\/\/3d-edu.ch\/wp-content\/uploads\/2018\/10\/3d-drucker-makerbot-formlabs-professionelle-3d-drucker-e1546527990490.png","width":275,"height":80,"caption":"3D-EDU GmbH"}]},"product_brand":"Formlabs","product_price_amount":"1017.06","product_price_currency":"CHF","og_availability":"instock","product_availability":"instock","product_retailer_item_id":"PD-FS-P12G-10-01","product_condition":"new","geo.placename":"Z\u00fcrich","geo.position":{"lat":"47.38413","long":"8.49812"},"geo.region":"Suisse"},"_links":{"self":[{"href":"https:\/\/3d-edu.ch\/fr\/wp-json\/wp\/v2\/product\/77111","targetHints":{"allow":["GET"]}}],"collection":[{"href":"https:\/\/3d-edu.ch\/fr\/wp-json\/wp\/v2\/product"}],"about":[{"href":"https:\/\/3d-edu.ch\/fr\/wp-json\/wp\/v2\/types\/product"}],"replies":[{"embeddable":true,"href":"https:\/\/3d-edu.ch\/fr\/wp-json\/wp\/v2\/comments?post=77111"}],"wp:featuredmedia":[{"embeddable":true,"href":"https:\/\/3d-edu.ch\/fr\/wp-json\/wp\/v2\/media\/71038"}],"wp:attachment":[{"href":"https:\/\/3d-edu.ch\/fr\/wp-json\/wp\/v2\/media?parent=77111"}],"wp:term":[{"taxonomy":"product_brand","embeddable":true,"href":"https:\/\/3d-edu.ch\/fr\/wp-json\/wp\/v2\/product_brand?post=77111"},{"taxonomy":"product_cat","embeddable":true,"href":"https:\/\/3d-edu.ch\/fr\/wp-json\/wp\/v2\/product_cat?post=77111"},{"taxonomy":"product_tag","embeddable":true,"href":"https:\/\/3d-edu.ch\/fr\/wp-json\/wp\/v2\/product_tag?post=77111"}],"curies":[{"name":"wp","href":"https:\/\/api.w.org\/{rel}","templated":true}]}}