{"id":77089,"date":"2022-03-22T12:50:11","date_gmt":"2022-03-22T11:50:11","guid":{"rendered":"https:\/\/3d-edu.ch\/shop\/formlabs-renewal-renouvellement-plan-de-service-extension-de-garantie\/"},"modified":"2026-04-09T13:37:24","modified_gmt":"2026-04-09T11:37:24","slug":"formlabs-renewal-renouvellement-plan-de-service-extension-de-garantie","status":"publish","type":"product","link":"https:\/\/3d-edu.ch\/fr\/boutique\/formlabs-renewal-renouvellement-plan-de-service-extension-de-garantie\/","title":{"rendered":"Formlabs Renewal \/ Renouvellement Plan de Service + Extension de Garantie"},"content":{"rendered":"<h3>Formlabs Renewal \/ Renouvellement des plans de service + Extensions de garantie<\/h3>\n<p>Les plans de service Premier Support de Formlabs comprennent le remplacement de l&rsquo;imprimante et un certain nombre d&rsquo;offres de service client proactives et r\u00e9actives. Vous trouverez ci-dessous une description d\u00e9taill\u00e9e de ces avantages.<\/p>\n<div class=\"accordion\">\n\t<div id=\"accordion-610343139\" class=\"accordion-item\">\n\t\t<a id=\"accordion-610343139-label\" class=\"accordion-title plain\" href=\"#accordion-item-plus-d&#039;informations\" aria-expanded=\"false\" aria-controls=\"accordion-610343139-content\">\n\t\t\t<button class=\"toggle\" aria-label=\"Basculer\"><i class=\"icon-angle-down\" aria-hidden=\"true\"><\/i><\/button>\n\t\t\t<span>Plus d&#039;informations<\/span>\n\t\t<\/a>\n\t\t<div id=\"accordion-610343139-content\" class=\"accordion-inner\" aria-labelledby=\"accordion-610343139-label\">\n\t\t\t\n<div class=\"\">\n<table class=\"Table-module__data-table___1JMb0\">\n<thead>\n<tr>\n<th><\/th>\n<th><center>Service client<\/center><\/th>\n<th><center>Extension de garantie<\/center><\/th>\n<th><center>Plan de service pro (PSP)<\/center><\/th>\n<th><center>Plan de service dentaire (DSP)<\/center><\/th>\n<\/tr>\n<\/thead>\n<tbody>\n<tr>\n<td><b>Service d&rsquo;\u00e9change d&rsquo;imprimantes<\/b><\/td>\n<td><\/td>\n<td><\/td>\n<td><\/td>\n<td><\/td>\n<\/tr>\n<tr>\n<td>Remplacement d&rsquo;imprimantes\/de composants d&rsquo;imprimantes<\/td>\n<td><\/td>\n<td><center>X<\/center><\/td>\n<td><center>X<\/center><\/td>\n<td><center>X<\/center><\/td>\n<\/tr>\n<tr>\n<td>\u00c9change<\/td>\n<td><\/td>\n<td><\/td>\n<td><center>X<\/center><\/td>\n<td><center>X<\/center><\/td>\n<\/tr>\n<tr>\n<td>Kit de pi\u00e8ces de rechange<\/td>\n<td><\/td>\n<td><\/td>\n<td><\/td>\n<td><\/td>\n<\/tr>\n<tr>\n<td>R\u00e9server une imprimante<\/td>\n<td><\/td>\n<td><\/td>\n<td><\/td>\n<td><\/td>\n<\/tr>\n<tr>\n<td>Extension de garantie<\/td>\n<td><\/td>\n<td><center>Inclus, jusqu&rsquo;\u00e0 3 ans<\/center><\/td>\n<td><center>Inclus, jusqu&rsquo;\u00e0 3 ans<\/center><\/td>\n<td><center>Inclus, jusqu&rsquo;\u00e0 3 ans<\/center><\/td>\n<\/tr>\n<tr>\n<td><b>Un service client r\u00e9actif<\/b><\/td>\n<td><\/td>\n<td><\/td>\n<td><\/td>\n<td><\/td>\n<\/tr>\n<tr>\n<td>Service client par chat<\/td>\n<td><center>X<\/center><\/td>\n<td><center>X<\/center><\/td>\n<td><center>X<\/center><\/td>\n<td><center>X<\/center><\/td>\n<\/tr>\n<tr>\n<td>Service client par e-mail<\/td>\n<td><center>X<\/center><\/td>\n<td><center>X<\/center><\/td>\n<td><center>X<\/center><\/td>\n<td><center>X<\/center><\/td>\n<\/tr>\n<tr>\n<td>Service client par t\u00e9l\u00e9phone<\/td>\n<td><\/td>\n<td><\/td>\n<td><center>X<\/center><\/td>\n<td><center>X<\/center><\/td>\n<\/tr>\n<tr>\n<td>Service client prioritaire par e-mail<\/td>\n<td><\/td>\n<td><\/td>\n<td><center>X<\/center><\/td>\n<td><center>X<\/center><\/td>\n<\/tr>\n<tr>\n<td>Personnel du service client form\u00e9 au flux de travail<\/td>\n<td><\/td>\n<td><\/td>\n<td><\/td>\n<td><center>X<\/center><\/td>\n<\/tr>\n<tr>\n<td>Diagnostic de r\u00e9paration express<\/td>\n<td><\/td>\n<td><\/td>\n<td><\/td>\n<td><center>X<\/center><\/td>\n<\/tr>\n<tr>\n<td><b>Un service client proactif<\/b><\/td>\n<td><\/td>\n<td><\/td>\n<td><\/td>\n<td><\/td>\n<\/tr>\n<tr>\n<td>Formation individuelle en direct<\/td>\n<td><\/td>\n<td><\/td>\n<td><center>60 min.<\/center><\/td>\n<td><center>90 min.<\/center><\/td>\n<\/tr>\n<\/tbody>\n<tfoot><\/tfoot>\n<\/table>\n<\/div>\n\t\t<\/div>\n\t<\/div>\n\t\n<\/div>\n","protected":false},"excerpt":{"rendered":"<h2><strong>Formlabs Pro Service Plan + Extension de garantie<\/strong><\/h2>\n<p>Ces plans de services d&rsquo;assistance pour les professionnels sont con\u00e7us pour r\u00e9pondre aux besoins de votre entreprise et fournir des solutions rapides aux probl\u00e8mes critiques.<br \/>\nLes plans de service de support premium incluent une extension de garantie (EG) incluant le remplacement des imprimantes\/composants d&rsquo;imprimante. Achetez ici le renouvellement \/ l&rsquo;extension de votre plan de service pour vos imprimantes 3D SLA\/LFS de Formlabs et continuez \u00e0 b\u00e9n\u00e9ficier du meilleur support et de l&rsquo;extension de garantie.<br \/>\nLes plans de service de renouvellement sont disponibles comme suit : <\/p>\n<div class=\"\">\n<p>Formlabs Form 3BLRenewal Dental\/Medical Service Plan + Extension de garantie pour 1 an1 an F3BL Renewal DSP\/MSP + CE<\/p>\n<table class=\"Table-module__data-table___1JMb0\">\n<thead>\n<tr>\n<th>Imprimante 3D<\/th>\n<th><a>Plan de service<\/a><\/th>\n<th><a>Abr\u00e9viation<\/a><\/th>\n<\/tr>\n<\/thead>\n<tbody>\n<tr>\n<td>Formlabs Form 3\/4<\/td>\n<td>Renewal Pro Service Plan + Extension de garantie pour 1 an<\/td>\n<td>Form 4 Pro Service Plan 1 Year Renewal (PSP + EW)<\/td>\n<\/tr>\n<tr>\n<td>Formlabs Form 3B\/4B<\/td>\n<td>Renewal Dental\/Medical Service Plan + Extension de garantie 1 an<\/td>\n<td>Form 4B Dental Service Plan 1 Year Renewal (DSP\/MSP + EW)<\/td>\n<\/tr>\n<tr>\n<td>Formlabs Form 3L\/4L<\/td>\n<td>Renewal Pro Service Plan + Extension de garantie 1 an<\/td>\n<td>Form 3L\/Form 4L Pro Service Plan 1 year Renewal<\/td>\n<\/tr>\n<tr>\n<td>Formlabs Form 3BL\/4BL<\/td>\n<td>Renewal Dental\/Medical Service Plan + Extension de garantie 1 an<\/td>\n<td>Form 3BL\/Form 4BL Plan de service dentaire\/m\u00e9dical 1 an de renouvellement<\/td>\n<\/tr>\n<tr>\n<td>Formlabs Form 3BL\/4BL<\/td>\n<td>Renewal Dental\/Medical Service Plan + Extension de garantie de 2 ans2<\/td>\n<td>Form 3BL\/Form 4BL Medical Professional Service Plan 2 ans<br \/>\nRenewal<\/td>\n<\/tr>\n<\/tbody>\n<tfoot><\/tfoot>\n<\/table>\n<\/div>\n","protected":false},"featured_media":64985,"comment_status":"closed","ping_status":"closed","template":"","meta":[],"product_brand":[],"product_cat":[10371],"product_tag":[8120,8057,7788,7784,9200,9203,9201,9202,9204],"class_list":{"0":"post-77089","1":"product","2":"type-product","3":"status-publish","4":"has-post-thumbnail","6":"product_cat-services-formlabs","7":"product_tag-forme-3","8":"product_tag-forme-4","9":"product_tag-forme-4l","10":"product_tag-formlabs-fr","11":"product_tag-garantie-etendue-de-formlabs","12":"product_tag-msp","13":"product_tag-plan-de-service-formlabs-pro","14":"product_tag-psp","15":"product_tag-renouvellement","17":"first","18":"instock","19":"taxable","20":"shipping-taxable","21":"purchasable","22":"product-type-variable"},"yoast_head":"<!-- This site is optimized with the Yoast SEO Premium plugin v27.5 (Yoast SEO v27.5) - https:\/\/yoast.com\/product\/yoast-seo-premium-wordpress\/ -->\n<title>Formlabs Renewal \/ Renouvellement Plan de Service + Extension de Garantie %%page% - Suisse - 3D-EDU<\/title>\n<meta name=\"robots\" content=\"index, follow, max-snippet:-1, max-image-preview:large, max-video-preview:-1\" \/>\n<link rel=\"canonical\" href=\"https:\/\/3d-edu.ch\/fr\/boutique\/formlabs-renewal-renouvellement-plan-de-service-extension-de-garantie\/\" \/>\n<meta property=\"og:locale\" content=\"fr_FR\" \/>\n<meta property=\"og:type\" content=\"article\" \/>\n<meta property=\"og:title\" content=\"Formlabs Renewal \/ Renouvellement Plan de Service + Extension de Garantie\" \/>\n<meta property=\"og:description\" content=\"Formlabs Pro Service Plan + Extension de garantie Ces plans de services d&#039;assistance pour les professionnels sont con\u00e7us pour r\u00e9pondre aux besoins de votre entreprise et fournir des solutions rapides aux probl\u00e8mes critiques. Les plans de service de support premium incluent une extension de garantie (EG) incluant le remplacement des imprimantes\/composants d&#039;imprimante. Achetez ici le renouvellement \/ l&#039;extension de votre plan de service pour vos imprimantes 3D SLA\/LFS de Formlabs et continuez \u00e0 b\u00e9n\u00e9ficier du meilleur support et de l&#039;extension de garantie. Les plans de service de renouvellement sont disponibles comme suit :  Formlabs Form 3BLRenewal Dental\/Medical Service Plan + Extension de garantie pour 1 an1 an F3BL Renewal DSP\/MSP + CE  Imprimante 3D Plan de service Abr\u00e9viation   Formlabs Form 3\/4 Renewal Pro Service Plan + Extension de garantie pour 1 an Form 4 Pro Service Plan 1 Year Renewal (PSP + EW)  Formlabs Form 3B\/4B Renewal Dental\/Medical Service Plan + Extension de garantie 1 an Form 4B Dental Service Plan 1 Year Renewal (DSP\/MSP + EW)  Formlabs Form 3L\/4L Renewal Pro Service Plan + Extension de garantie 1 an Form 3L\/Form 4L Pro Service Plan 1 year Renewal  Formlabs Form 3BL\/4BL Renewal Dental\/Medical Service Plan + Extension de garantie 1 an Form 3BL\/Form 4BL Plan de service dentaire\/m\u00e9dical 1 an de renouvellement  Formlabs Form 3BL\/4BL Renewal Dental\/Medical Service Plan + Extension de garantie de 2 ans2 Form 3BL\/Form 4BL Medical Professional Service Plan 2 ans Renewal\" \/>\n<meta property=\"og:url\" content=\"https:\/\/3d-edu.ch\/fr\/boutique\/formlabs-renewal-renouvellement-plan-de-service-extension-de-garantie\/\" \/>\n<meta property=\"og:site_name\" content=\"3D-EDU GmbH\" \/>\n<meta property=\"article:publisher\" content=\"https:\/\/www.facebook.com\/3d-educh-210277586064960\/\" \/>\n<meta property=\"article:modified_time\" content=\"2026-04-09T11:37:24+00:00\" \/>\n<meta property=\"og:image\" content=\"https:\/\/3d-edu.ch\/wp-content\/uploads\/2022\/03\/renewal-verlaengerung-formlabs-pro-service-plan-erweiterte-garantie-schweiz.jpg\" \/>\n\t<meta property=\"og:image:width\" content=\"380\" \/>\n\t<meta property=\"og:image:height\" content=\"380\" \/>\n\t<meta property=\"og:image:type\" content=\"image\/jpeg\" \/>\n<meta name=\"twitter:card\" content=\"summary_large_image\" \/>\n<meta name=\"twitter:site\" content=\"@3d_edu_ch\" \/>\n<meta name=\"twitter:label1\" content=\"Disponibilit\u00e9\" \/>\n\t<meta name=\"twitter:data1\" content=\"En stock\" \/>\n<script type=\"application\/ld+json\" class=\"yoast-schema-graph\">{\"@context\":\"https:\\\/\\\/schema.org\",\"@graph\":[{\"@type\":\"WebPage\",\"@id\":\"https:\\\/\\\/3d-edu.ch\\\/fr\\\/boutique\\\/formlabs-renewal-renouvellement-plan-de-service-extension-de-garantie\\\/\",\"url\":\"https:\\\/\\\/3d-edu.ch\\\/fr\\\/boutique\\\/formlabs-renewal-renouvellement-plan-de-service-extension-de-garantie\\\/\",\"name\":\"Formlabs Renewal \\\/ Renouvellement Plan de Service + Extension de Garantie %%page% - Suisse - 3D-EDU\",\"isPartOf\":{\"@id\":\"https:\\\/\\\/3d-edu.ch\\\/fr\\\/#website\"},\"primaryImageOfPage\":{\"@id\":\"https:\\\/\\\/3d-edu.ch\\\/fr\\\/boutique\\\/formlabs-renewal-renouvellement-plan-de-service-extension-de-garantie\\\/#primaryimage\"},\"image\":{\"@id\":\"https:\\\/\\\/3d-edu.ch\\\/fr\\\/boutique\\\/formlabs-renewal-renouvellement-plan-de-service-extension-de-garantie\\\/#primaryimage\"},\"thumbnailUrl\":\"https:\\\/\\\/3d-edu.ch\\\/wp-content\\\/uploads\\\/2022\\\/03\\\/renewal-verlaengerung-formlabs-pro-service-plan-erweiterte-garantie-schweiz.jpg\",\"datePublished\":\"2022-03-22T11:50:11+00:00\",\"dateModified\":\"2026-04-09T11:37:24+00:00\",\"breadcrumb\":{\"@id\":\"https:\\\/\\\/3d-edu.ch\\\/fr\\\/boutique\\\/formlabs-renewal-renouvellement-plan-de-service-extension-de-garantie\\\/#breadcrumb\"},\"inLanguage\":\"fr-FR\",\"potentialAction\":[{\"@type\":\"ReadAction\",\"target\":[\"https:\\\/\\\/3d-edu.ch\\\/fr\\\/boutique\\\/formlabs-renewal-renouvellement-plan-de-service-extension-de-garantie\\\/\"]}]},{\"@type\":\"ImageObject\",\"inLanguage\":\"fr-FR\",\"@id\":\"https:\\\/\\\/3d-edu.ch\\\/fr\\\/boutique\\\/formlabs-renewal-renouvellement-plan-de-service-extension-de-garantie\\\/#primaryimage\",\"url\":\"https:\\\/\\\/3d-edu.ch\\\/wp-content\\\/uploads\\\/2022\\\/03\\\/renewal-verlaengerung-formlabs-pro-service-plan-erweiterte-garantie-schweiz.jpg\",\"contentUrl\":\"https:\\\/\\\/3d-edu.ch\\\/wp-content\\\/uploads\\\/2022\\\/03\\\/renewal-verlaengerung-formlabs-pro-service-plan-erweiterte-garantie-schweiz.jpg\",\"width\":380,\"height\":380,\"caption\":\"Plan de services de renouvellement de Formlabs\"},{\"@type\":\"BreadcrumbList\",\"@id\":\"https:\\\/\\\/3d-edu.ch\\\/fr\\\/boutique\\\/formlabs-renewal-renouvellement-plan-de-service-extension-de-garantie\\\/#breadcrumb\",\"itemListElement\":[{\"@type\":\"ListItem\",\"position\":1,\"name\":\"Accueil\",\"item\":\"https:\\\/\\\/3d-edu.ch\\\/fr\\\/\"},{\"@type\":\"ListItem\",\"position\":2,\"name\":\"Boutique\",\"item\":\"https:\\\/\\\/3d-edu.ch\\\/fr\\\/boutique\\\/\"},{\"@type\":\"ListItem\",\"position\":3,\"name\":\"Formlabs Renewal \\\/ Renouvellement Plan de Service + Extension de Garantie\"}]},{\"@type\":\"WebSite\",\"@id\":\"https:\\\/\\\/3d-edu.ch\\\/fr\\\/#website\",\"url\":\"https:\\\/\\\/3d-edu.ch\\\/fr\\\/\",\"name\":\"3D-EDU GmbH\",\"description\":\"Your Formlabs, UltiMaker and Raise3D Printer Support and Education Site in Switzerland. \\\/\\\/ Ihre Formlabs, UltiMaker and Raise3D Drucker Support und Bildungs Webseite der Schweiz.\",\"publisher\":{\"@id\":\"https:\\\/\\\/3d-edu.ch\\\/fr\\\/#organization\"},\"potentialAction\":[{\"@type\":\"SearchAction\",\"target\":{\"@type\":\"EntryPoint\",\"urlTemplate\":\"https:\\\/\\\/3d-edu.ch\\\/fr\\\/?s={search_term_string}\"},\"query-input\":{\"@type\":\"PropertyValueSpecification\",\"valueRequired\":true,\"valueName\":\"search_term_string\"}}],\"inLanguage\":\"fr-FR\"},{\"@type\":[\"Organization\",\"Place\",\"ElectronicsStore\"],\"@id\":\"https:\\\/\\\/3d-edu.ch\\\/fr\\\/#organization\",\"name\":\"3D-EDU GmbH\",\"url\":\"https:\\\/\\\/3d-edu.ch\\\/fr\\\/\",\"logo\":{\"@id\":\"https:\\\/\\\/3d-edu.ch\\\/fr\\\/boutique\\\/formlabs-renewal-renouvellement-plan-de-service-extension-de-garantie\\\/#local-main-organization-logo\"},\"image\":{\"@id\":\"https:\\\/\\\/3d-edu.ch\\\/fr\\\/boutique\\\/formlabs-renewal-renouvellement-plan-de-service-extension-de-garantie\\\/#local-main-organization-logo\"},\"sameAs\":[\"https:\\\/\\\/www.facebook.com\\\/3d-educh-210277586064960\\\/\",\"https:\\\/\\\/x.com\\\/3d_edu_ch\"],\"address\":{\"@id\":\"https:\\\/\\\/3d-edu.ch\\\/fr\\\/boutique\\\/formlabs-renewal-renouvellement-plan-de-service-extension-de-garantie\\\/#local-main-place-address\"},\"geo\":{\"@type\":\"GeoCoordinates\",\"latitude\":\"47.38413\",\"longitude\":\"8.49812\"},\"telephone\":[\"+41 44 492 11 22\"],\"openingHoursSpecification\":[{\"@type\":\"OpeningHoursSpecification\",\"dayOfWeek\":[\"Monday\",\"Tuesday\",\"Wednesday\",\"Thursday\",\"Friday\"],\"opens\":\"08:30\",\"closes\":\"18:00\"},{\"@type\":\"OpeningHoursSpecification\",\"dayOfWeek\":[\"Saturday\",\"Sunday\"],\"opens\":\"00:00\",\"closes\":\"00:00\"}],\"email\":\"info@3d-edu.ch\",\"faxNumber\":\"+41 44 492 11 23\",\"vatID\":\"CHE-184.499.491 MWST\",\"priceRange\":\"$$$\",\"currenciesAccepted\":\"CHF\"},{\"@type\":\"PostalAddress\",\"@id\":\"https:\\\/\\\/3d-edu.ch\\\/fr\\\/boutique\\\/formlabs-renewal-renouvellement-plan-de-service-extension-de-garantie\\\/#local-main-place-address\",\"streetAddress\":\"3D-EDU GmbH, Badenerstrasse 556\",\"addressLocality\":\"Z\u00fcrich\",\"postalCode\":\"8048\",\"addressRegion\":\"Z\u00fcrich\",\"addressCountry\":\"CH\"},{\"@type\":\"ImageObject\",\"inLanguage\":\"fr-FR\",\"@id\":\"https:\\\/\\\/3d-edu.ch\\\/fr\\\/boutique\\\/formlabs-renewal-renouvellement-plan-de-service-extension-de-garantie\\\/#local-main-organization-logo\",\"url\":\"https:\\\/\\\/3d-edu.ch\\\/wp-content\\\/uploads\\\/2018\\\/10\\\/3d-drucker-makerbot-formlabs-professionelle-3d-drucker-e1546527990490.png\",\"contentUrl\":\"https:\\\/\\\/3d-edu.ch\\\/wp-content\\\/uploads\\\/2018\\\/10\\\/3d-drucker-makerbot-formlabs-professionelle-3d-drucker-e1546527990490.png\",\"width\":275,\"height\":80,\"caption\":\"3D-EDU GmbH\"}]}<\/script>\n<meta property=\"product:brand\" content=\"Services Formlabs\" \/>\n<meta property=\"og:availability\" content=\"instock\" \/>\n<meta property=\"product:availability\" content=\"instock\" \/>\n<meta property=\"product:retailer_item_id\" content=\"Renewal-PSP-DSP-MSP-EG\" \/>\n<meta property=\"product:condition\" content=\"new\" \/>\n<meta name=\"geo.placename\" content=\"Z\u00fcrich\" \/>\n<meta name=\"geo.position\" content=\"47.38413;8.49812\" \/>\n<meta name=\"geo.region\" content=\"Suisse\" \/>\n<!-- \/ Yoast SEO Premium plugin. -->","yoast_head_json":{"title":"Formlabs Renewal \/ Renouvellement Plan de Service + Extension de Garantie %%page% - Suisse - 3D-EDU","robots":{"index":"index","follow":"follow","max-snippet":"max-snippet:-1","max-image-preview":"max-image-preview:large","max-video-preview":"max-video-preview:-1"},"canonical":"https:\/\/3d-edu.ch\/fr\/boutique\/formlabs-renewal-renouvellement-plan-de-service-extension-de-garantie\/","og_locale":"fr_FR","og_type":"article","og_title":"Formlabs Renewal \/ Renouvellement Plan de Service + Extension de Garantie","og_description":"Formlabs Pro Service Plan + Extension de garantie Ces plans de services d'assistance pour les professionnels sont con\u00e7us pour r\u00e9pondre aux besoins de votre entreprise et fournir des solutions rapides aux probl\u00e8mes critiques. Les plans de service de support premium incluent une extension de garantie (EG) incluant le remplacement des imprimantes\/composants d'imprimante. Achetez ici le renouvellement \/ l'extension de votre plan de service pour vos imprimantes 3D SLA\/LFS de Formlabs et continuez \u00e0 b\u00e9n\u00e9ficier du meilleur support et de l'extension de garantie. Les plans de service de renouvellement sont disponibles comme suit :  Formlabs Form 3BLRenewal Dental\/Medical Service Plan + Extension de garantie pour 1 an1 an F3BL Renewal DSP\/MSP + CE  Imprimante 3D Plan de service Abr\u00e9viation   Formlabs Form 3\/4 Renewal Pro Service Plan + Extension de garantie pour 1 an Form 4 Pro Service Plan 1 Year Renewal (PSP + EW)  Formlabs Form 3B\/4B Renewal Dental\/Medical Service Plan + Extension de garantie 1 an Form 4B Dental Service Plan 1 Year Renewal (DSP\/MSP + EW)  Formlabs Form 3L\/4L Renewal Pro Service Plan + Extension de garantie 1 an Form 3L\/Form 4L Pro Service Plan 1 year Renewal  Formlabs Form 3BL\/4BL Renewal Dental\/Medical Service Plan + Extension de garantie 1 an Form 3BL\/Form 4BL Plan de service dentaire\/m\u00e9dical 1 an de renouvellement  Formlabs Form 3BL\/4BL Renewal Dental\/Medical Service Plan + Extension de garantie de 2 ans2 Form 3BL\/Form 4BL Medical Professional Service Plan 2 ans Renewal","og_url":"https:\/\/3d-edu.ch\/fr\/boutique\/formlabs-renewal-renouvellement-plan-de-service-extension-de-garantie\/","og_site_name":"3D-EDU GmbH","article_publisher":"https:\/\/www.facebook.com\/3d-educh-210277586064960\/","article_modified_time":"2026-04-09T11:37:24+00:00","og_image":[{"width":380,"height":380,"url":"https:\/\/3d-edu.ch\/wp-content\/uploads\/2022\/03\/renewal-verlaengerung-formlabs-pro-service-plan-erweiterte-garantie-schweiz.jpg","type":"image\/jpeg"}],"twitter_card":"summary_large_image","twitter_site":"@3d_edu_ch","twitter_misc":{"Disponibilit\u00e9":"En stock"},"schema":{"@context":"https:\/\/schema.org","@graph":[{"@type":"WebPage","@id":"https:\/\/3d-edu.ch\/fr\/boutique\/formlabs-renewal-renouvellement-plan-de-service-extension-de-garantie\/","url":"https:\/\/3d-edu.ch\/fr\/boutique\/formlabs-renewal-renouvellement-plan-de-service-extension-de-garantie\/","name":"Formlabs Renewal \/ Renouvellement Plan de Service + Extension de Garantie %%page% - Suisse - 3D-EDU","isPartOf":{"@id":"https:\/\/3d-edu.ch\/fr\/#website"},"primaryImageOfPage":{"@id":"https:\/\/3d-edu.ch\/fr\/boutique\/formlabs-renewal-renouvellement-plan-de-service-extension-de-garantie\/#primaryimage"},"image":{"@id":"https:\/\/3d-edu.ch\/fr\/boutique\/formlabs-renewal-renouvellement-plan-de-service-extension-de-garantie\/#primaryimage"},"thumbnailUrl":"https:\/\/3d-edu.ch\/wp-content\/uploads\/2022\/03\/renewal-verlaengerung-formlabs-pro-service-plan-erweiterte-garantie-schweiz.jpg","datePublished":"2022-03-22T11:50:11+00:00","dateModified":"2026-04-09T11:37:24+00:00","breadcrumb":{"@id":"https:\/\/3d-edu.ch\/fr\/boutique\/formlabs-renewal-renouvellement-plan-de-service-extension-de-garantie\/#breadcrumb"},"inLanguage":"fr-FR","potentialAction":[{"@type":"ReadAction","target":["https:\/\/3d-edu.ch\/fr\/boutique\/formlabs-renewal-renouvellement-plan-de-service-extension-de-garantie\/"]}]},{"@type":"ImageObject","inLanguage":"fr-FR","@id":"https:\/\/3d-edu.ch\/fr\/boutique\/formlabs-renewal-renouvellement-plan-de-service-extension-de-garantie\/#primaryimage","url":"https:\/\/3d-edu.ch\/wp-content\/uploads\/2022\/03\/renewal-verlaengerung-formlabs-pro-service-plan-erweiterte-garantie-schweiz.jpg","contentUrl":"https:\/\/3d-edu.ch\/wp-content\/uploads\/2022\/03\/renewal-verlaengerung-formlabs-pro-service-plan-erweiterte-garantie-schweiz.jpg","width":380,"height":380,"caption":"Plan de services de renouvellement de Formlabs"},{"@type":"BreadcrumbList","@id":"https:\/\/3d-edu.ch\/fr\/boutique\/formlabs-renewal-renouvellement-plan-de-service-extension-de-garantie\/#breadcrumb","itemListElement":[{"@type":"ListItem","position":1,"name":"Accueil","item":"https:\/\/3d-edu.ch\/fr\/"},{"@type":"ListItem","position":2,"name":"Boutique","item":"https:\/\/3d-edu.ch\/fr\/boutique\/"},{"@type":"ListItem","position":3,"name":"Formlabs Renewal \/ Renouvellement Plan de Service + Extension de Garantie"}]},{"@type":"WebSite","@id":"https:\/\/3d-edu.ch\/fr\/#website","url":"https:\/\/3d-edu.ch\/fr\/","name":"3D-EDU GmbH","description":"Your Formlabs, UltiMaker and Raise3D Printer Support and Education Site in Switzerland. \/\/ Ihre Formlabs, UltiMaker and Raise3D Drucker Support und Bildungs Webseite der Schweiz.","publisher":{"@id":"https:\/\/3d-edu.ch\/fr\/#organization"},"potentialAction":[{"@type":"SearchAction","target":{"@type":"EntryPoint","urlTemplate":"https:\/\/3d-edu.ch\/fr\/?s={search_term_string}"},"query-input":{"@type":"PropertyValueSpecification","valueRequired":true,"valueName":"search_term_string"}}],"inLanguage":"fr-FR"},{"@type":["Organization","Place","ElectronicsStore"],"@id":"https:\/\/3d-edu.ch\/fr\/#organization","name":"3D-EDU GmbH","url":"https:\/\/3d-edu.ch\/fr\/","logo":{"@id":"https:\/\/3d-edu.ch\/fr\/boutique\/formlabs-renewal-renouvellement-plan-de-service-extension-de-garantie\/#local-main-organization-logo"},"image":{"@id":"https:\/\/3d-edu.ch\/fr\/boutique\/formlabs-renewal-renouvellement-plan-de-service-extension-de-garantie\/#local-main-organization-logo"},"sameAs":["https:\/\/www.facebook.com\/3d-educh-210277586064960\/","https:\/\/x.com\/3d_edu_ch"],"address":{"@id":"https:\/\/3d-edu.ch\/fr\/boutique\/formlabs-renewal-renouvellement-plan-de-service-extension-de-garantie\/#local-main-place-address"},"geo":{"@type":"GeoCoordinates","latitude":"47.38413","longitude":"8.49812"},"telephone":["+41 44 492 11 22"],"openingHoursSpecification":[{"@type":"OpeningHoursSpecification","dayOfWeek":["Monday","Tuesday","Wednesday","Thursday","Friday"],"opens":"08:30","closes":"18:00"},{"@type":"OpeningHoursSpecification","dayOfWeek":["Saturday","Sunday"],"opens":"00:00","closes":"00:00"}],"email":"info@3d-edu.ch","faxNumber":"+41 44 492 11 23","vatID":"CHE-184.499.491 MWST","priceRange":"$$$","currenciesAccepted":"CHF"},{"@type":"PostalAddress","@id":"https:\/\/3d-edu.ch\/fr\/boutique\/formlabs-renewal-renouvellement-plan-de-service-extension-de-garantie\/#local-main-place-address","streetAddress":"3D-EDU GmbH, Badenerstrasse 556","addressLocality":"Z\u00fcrich","postalCode":"8048","addressRegion":"Z\u00fcrich","addressCountry":"CH"},{"@type":"ImageObject","inLanguage":"fr-FR","@id":"https:\/\/3d-edu.ch\/fr\/boutique\/formlabs-renewal-renouvellement-plan-de-service-extension-de-garantie\/#local-main-organization-logo","url":"https:\/\/3d-edu.ch\/wp-content\/uploads\/2018\/10\/3d-drucker-makerbot-formlabs-professionelle-3d-drucker-e1546527990490.png","contentUrl":"https:\/\/3d-edu.ch\/wp-content\/uploads\/2018\/10\/3d-drucker-makerbot-formlabs-professionelle-3d-drucker-e1546527990490.png","width":275,"height":80,"caption":"3D-EDU GmbH"}]},"product_brand":"Services Formlabs","og_availability":"instock","product_availability":"instock","product_retailer_item_id":"Renewal-PSP-DSP-MSP-EG","product_condition":"new","geo.placename":"Z\u00fcrich","geo.position":{"lat":"47.38413","long":"8.49812"},"geo.region":"Suisse"},"_links":{"self":[{"href":"https:\/\/3d-edu.ch\/fr\/wp-json\/wp\/v2\/product\/77089","targetHints":{"allow":["GET"]}}],"collection":[{"href":"https:\/\/3d-edu.ch\/fr\/wp-json\/wp\/v2\/product"}],"about":[{"href":"https:\/\/3d-edu.ch\/fr\/wp-json\/wp\/v2\/types\/product"}],"replies":[{"embeddable":true,"href":"https:\/\/3d-edu.ch\/fr\/wp-json\/wp\/v2\/comments?post=77089"}],"wp:featuredmedia":[{"embeddable":true,"href":"https:\/\/3d-edu.ch\/fr\/wp-json\/wp\/v2\/media\/64985"}],"wp:attachment":[{"href":"https:\/\/3d-edu.ch\/fr\/wp-json\/wp\/v2\/media?parent=77089"}],"wp:term":[{"taxonomy":"product_brand","embeddable":true,"href":"https:\/\/3d-edu.ch\/fr\/wp-json\/wp\/v2\/product_brand?post=77089"},{"taxonomy":"product_cat","embeddable":true,"href":"https:\/\/3d-edu.ch\/fr\/wp-json\/wp\/v2\/product_cat?post=77089"},{"taxonomy":"product_tag","embeddable":true,"href":"https:\/\/3d-edu.ch\/fr\/wp-json\/wp\/v2\/product_tag?post=77089"}],"curies":[{"name":"wp","href":"https:\/\/api.w.org\/{rel}","templated":true}]}}