{"id":77079,"date":"2022-07-13T13:58:43","date_gmt":"2022-07-13T11:58:43","guid":{"rendered":"https:\/\/3d-edu.ch\/shop\/formlabs-nylon-11-cf-powder-6kg\/"},"modified":"2026-05-13T18:27:06","modified_gmt":"2026-05-13T16:27:06","slug":"formlabs-nylon-11-cf-powder-6kg","status":"publish","type":"product","link":"https:\/\/3d-edu.ch\/fr\/boutique\/formlabs-nylon-11-cf-powder-6kg\/","title":{"rendered":"Formlabs Nylon 11 CF Powder 6kg"},"content":{"rendered":"<h3>Nylon 11 CF Powder 6kg Beh\u00e4lter<\/h3>\n<p>Nylon 11 CF Powder \/ PA11 CF Pulver ist ein kohlefaserverst\u00e4rktes Material. Es kombiniert die Vorteile von Nylon und Kohlenstofffaser. Dadurch eignet sich dieses leistungsstarke Material f\u00fcr die Herstellung steifer, fester und leichter Teile f\u00fcr den Endgebrauch. Bauteile aus Formlabs PA 11 CF sind stark, leicht und dauerhaft stabil, selbst bei hohen Temperaturen. Das Formlabs Nylon 11 CF Powder wurde speziell f\u00fcr die Verwendung mit dem <a href=\"https:\/\/3d-edu.ch\/formlabs\/formlabs-3d-drucker-2\/fuse-1-30w\/\">Formlabs Fuse 1+ 30W<\/a> entwickelt.<\/p>\n<div class=\"accordion\">\n\t<div id=\"accordion-4090011933\" class=\"accordion-item\">\n\t\t<a id=\"accordion-4090011933-label\" class=\"accordion-title plain\" href=\"#accordion-item-plus-d&#039;informations\" aria-expanded=\"false\" aria-controls=\"accordion-4090011933-content\">\n\t\t\t<button class=\"toggle\" aria-label=\"Basculer\"><i class=\"icon-angle-down\" aria-hidden=\"true\"><\/i><\/button>\n\t\t\t<span>Plus d&#039;informations<\/span>\n\t\t<\/a>\n\t\t<div id=\"accordion-4090011933-content\" class=\"accordion-inner\" aria-labelledby=\"accordion-4090011933-label\">\n\t\t\t\n<h5>Lieferumfang<\/h5>\n<p>1x Formlabs Nylon 11 CF Powder 6kg<\/p>\n<p>Verf\u00fcgbar f\u00fcr Fuse 1+.<\/p>\n<p>Das Material erfordert ein <a href=\"https:\/\/3d-edu.ch\/boutique\/formlabs-fuse-sift-300-sieve\/\">Sift 300 Sieve<\/a> f\u00fcr die Verwendung im Fuse Sift.<\/p>\n<h5>Zus\u00e4tzliche Informationen<\/h5>\n<p>W\u00e4hlen Sie Nylon 11 CF Powder f\u00fcr die Herstellung leichter, steifer Teile, die formstabil und w\u00e4rmebest\u00e4ndig sind und selbst St\u00f6ssen dauerhaft standhalten. Es eignet sich f\u00fcr die Herstellung von Hochleistungs-Verbundstoffteilen f\u00fcr anspruchsvolle Endanwendungen. Mit der Steifigkeit von Carbonfasern und der Dehnbarkeit von Nylon 11 erhalten Sie das Beste aus beiden Welten. Dar\u00fcber hinaus weist das Material einen ausgezeichnetes Verh\u00e4ltnis von Festigkeit zu Gewicht auf. Mit Formlabs Nylon 11 CF produzieren Sie umweltstabile Teile f\u00fcr den langfristigen Einsatz, die ihre Masshaltigkeit \u00fcber die Zeit beibehalten und wiederholten St\u00f6ssen standhalten.<\/p>\n<p>Weitere Informationen zum Formlabs Nylon 11 CF Pulver finden Sie unter <a href=\"https:\/\/3d-edu.ch\/formlabs\/formlabs-sls-pulver\/#Nylon%2012%20GF\">Formlabs SLS Pulver<\/a>.<\/p>\n<h2>Formlabs SLS Powder \/ SLS Pulver<\/h2>\n<p>Formlabs SLS Powder \/ SLS Pulver liefert hochwertige Ergebnisse mit dem <a href=\"https:\/\/3d-edu.ch\/formlabs\/formlabs-sls-3d-drucker\/\">Formlabs Fuse 1\/1+ SLS 3D-Druckern<\/a>. Die Material-Bibliothek umfasst aktuell 4 Pulver und wird stets erweitert. Neben den PA 12 SLS Pulvern <a href=\"\/shop\/formlabs-nylon-12-powder-6kg\/\">\u00ab\u00a0Nylon 12\u00a0\u00bb<\/a> und \u00ab\u00a0Nylon 11 CF\u00a0\u00bb bietet Fromlabs auch ein PA 11 SLS Pulver <a href=\"https:\/\/3d-edu.ch\/boutique\/formlabs-nylon-11-powder-6kg\/\">\u00ab\u00a0Nylon 11\u00a0\u00bb<\/a> und ein PA 12 GF SLS Pulvern <a href=\"https:\/\/3d-edu.ch\/boutique\/formlabs-nylon-12-gf-powder-6kg\/\">\u00ab\u00a0Nylon 12 GF\u00a0\u00bb<\/a> f\u00fcr den Formlabs Fuse 1\/1+ SLS 3D-Drucker an.<\/p>\n\t\t<\/div>\n\t<\/div>\n\t\n<\/div>\n","protected":false},"excerpt":{"rendered":"<h2><strong>Formlabs Nylon 11 CF Powder 6kg<\/strong><\/h2>\n<p>Les pi\u00e8ces imprim\u00e9es avec de la poudre de nylon 11 CF sont renforc\u00e9es par des fibres de carbone, ce qui les rend l\u00e9g\u00e8res, solides, rigides et r\u00e9sistantes \u00e0 la chaleur. Il s&rsquo;agit d&rsquo;un nylon 11 charg\u00e9 de fibres de carbone (Carbon Fiber-Filled) et convient aux applications finales fonctionnelles telles que les remplacements et les alternatives aux pi\u00e8ces m\u00e9talliques, les pi\u00e8ces \u00e0 forte capacit\u00e9 de charge ou les outils, les gabarits et les dispositifs. Le PA 11 CF de Formlab r\u00e9siste \u00e0 des conditions difficiles et est recommand\u00e9 pour les applications o\u00f9 la r\u00e9sistance, la l\u00e9g\u00e8ret\u00e9 et la durabilit\u00e9, m\u00eame \u00e0 haute temp\u00e9rature, sont essentielles.  <\/p>\n","protected":false},"featured_media":65274,"comment_status":"closed","ping_status":"closed","template":"","meta":[],"product_brand":[],"product_cat":[10352,10355,10363],"product_tag":[7784,8053],"class_list":{"0":"post-77079","1":"product","2":"type-product","3":"status-publish","4":"has-post-thumbnail","6":"product_cat-formlabs","7":"product_cat-materiaux","8":"product_cat-poudre-sls","9":"product_tag-formlabs-fr","10":"product_tag-resine-formlabs","12":"first","13":"onbackorder","14":"taxable","15":"shipping-taxable","16":"purchasable","17":"product-type-simple"},"yoast_head":"<!-- This site is optimized with the Yoast SEO Premium plugin v27.5 (Yoast SEO v27.5) - https:\/\/yoast.com\/product\/yoast-seo-premium-wordpress\/ -->\n<title>Formlabs Nylon 11 CF Powder 6kg %%page% - 3D-EDU GmbH%<\/title>\n<meta name=\"robots\" content=\"index, follow, max-snippet:-1, max-image-preview:large, max-video-preview:-1\" \/>\n<link rel=\"canonical\" href=\"https:\/\/3d-edu.ch\/fr\/boutique\/formlabs-nylon-11-cf-powder-6kg\/\" \/>\n<meta property=\"og:locale\" content=\"fr_FR\" \/>\n<meta property=\"og:type\" content=\"article\" \/>\n<meta property=\"og:title\" content=\"Formlabs Nylon 11 CF Powder 6kg\" \/>\n<meta property=\"og:description\" content=\"Formlabs Nylon 11 CF Powder 6kg Les pi\u00e8ces imprim\u00e9es avec de la poudre de nylon 11 CF sont renforc\u00e9es par des fibres de carbone, ce qui les rend l\u00e9g\u00e8res, solides, rigides et r\u00e9sistantes \u00e0 la chaleur. Il s&#039;agit d&#039;un nylon 11 charg\u00e9 de fibres de carbone (Carbon Fiber-Filled) et convient aux applications finales fonctionnelles telles que les remplacements et les alternatives aux pi\u00e8ces m\u00e9talliques, les pi\u00e8ces \u00e0 forte capacit\u00e9 de charge ou les outils, les gabarits et les dispositifs. Le PA 11 CF de Formlab r\u00e9siste \u00e0 des conditions difficiles et est recommand\u00e9 pour les applications o\u00f9 la r\u00e9sistance, la l\u00e9g\u00e8ret\u00e9 et la durabilit\u00e9, m\u00eame \u00e0 haute temp\u00e9rature, sont essentielles.\" \/>\n<meta property=\"og:url\" content=\"https:\/\/3d-edu.ch\/fr\/boutique\/formlabs-nylon-11-cf-powder-6kg\/\" \/>\n<meta property=\"og:site_name\" content=\"3D-EDU GmbH\" \/>\n<meta property=\"article:publisher\" content=\"https:\/\/www.facebook.com\/3d-educh-210277586064960\/\" \/>\n<meta property=\"article:modified_time\" content=\"2026-05-13T16:27:06+00:00\" \/>\n<meta property=\"og:image\" content=\"https:\/\/3d-edu.ch\/wp-content\/uploads\/2022\/07\/formlabs-nylon-11-cf.webp\" \/>\n\t<meta property=\"og:image:width\" content=\"600\" \/>\n\t<meta property=\"og:image:height\" content=\"600\" \/>\n\t<meta property=\"og:image:type\" content=\"image\/webp\" \/>\n<meta name=\"twitter:card\" content=\"summary_large_image\" \/>\n<meta name=\"twitter:site\" content=\"@3d_edu_ch\" \/>\n<meta name=\"twitter:label1\" content=\"Prix\" \/>\n\t<meta name=\"twitter:data1\" content=\"1&#039;022.45&nbsp;&#067;&#072;&#070; hors TVA\" \/>\n\t<meta name=\"twitter:label2\" content=\"Disponibilit\u00e9\" \/>\n\t<meta name=\"twitter:data2\" content=\"En r\u00e9assort\" \/>\n<script type=\"application\/ld+json\" class=\"yoast-schema-graph\">{\"@context\":\"https:\\\/\\\/schema.org\",\"@graph\":[{\"@type\":\"WebPage\",\"@id\":\"https:\\\/\\\/3d-edu.ch\\\/fr\\\/boutique\\\/formlabs-nylon-11-cf-powder-6kg\\\/\",\"url\":\"https:\\\/\\\/3d-edu.ch\\\/fr\\\/boutique\\\/formlabs-nylon-11-cf-powder-6kg\\\/\",\"name\":\"Formlabs Nylon 11 CF Powder 6kg %%page% - 3D-EDU GmbH%\",\"isPartOf\":{\"@id\":\"https:\\\/\\\/3d-edu.ch\\\/fr\\\/#website\"},\"primaryImageOfPage\":{\"@id\":\"https:\\\/\\\/3d-edu.ch\\\/fr\\\/boutique\\\/formlabs-nylon-11-cf-powder-6kg\\\/#primaryimage\"},\"image\":{\"@id\":\"https:\\\/\\\/3d-edu.ch\\\/fr\\\/boutique\\\/formlabs-nylon-11-cf-powder-6kg\\\/#primaryimage\"},\"thumbnailUrl\":\"https:\\\/\\\/3d-edu.ch\\\/wp-content\\\/uploads\\\/2022\\\/07\\\/formlabs-nylon-11-cf.webp\",\"datePublished\":\"2022-07-13T11:58:43+00:00\",\"dateModified\":\"2026-05-13T16:27:06+00:00\",\"breadcrumb\":{\"@id\":\"https:\\\/\\\/3d-edu.ch\\\/fr\\\/boutique\\\/formlabs-nylon-11-cf-powder-6kg\\\/#breadcrumb\"},\"inLanguage\":\"fr-FR\",\"potentialAction\":[{\"@type\":\"ReadAction\",\"target\":[\"https:\\\/\\\/3d-edu.ch\\\/fr\\\/boutique\\\/formlabs-nylon-11-cf-powder-6kg\\\/\"]}]},{\"@type\":\"ImageObject\",\"inLanguage\":\"fr-FR\",\"@id\":\"https:\\\/\\\/3d-edu.ch\\\/fr\\\/boutique\\\/formlabs-nylon-11-cf-powder-6kg\\\/#primaryimage\",\"url\":\"https:\\\/\\\/3d-edu.ch\\\/wp-content\\\/uploads\\\/2022\\\/07\\\/formlabs-nylon-11-cf.webp\",\"contentUrl\":\"https:\\\/\\\/3d-edu.ch\\\/wp-content\\\/uploads\\\/2022\\\/07\\\/formlabs-nylon-11-cf.webp\",\"width\":600,\"height\":600,\"caption\":\"Formlabs Nylon 11 CF\"},{\"@type\":\"BreadcrumbList\",\"@id\":\"https:\\\/\\\/3d-edu.ch\\\/fr\\\/boutique\\\/formlabs-nylon-11-cf-powder-6kg\\\/#breadcrumb\",\"itemListElement\":[{\"@type\":\"ListItem\",\"position\":1,\"name\":\"Accueil\",\"item\":\"https:\\\/\\\/3d-edu.ch\\\/fr\\\/\"},{\"@type\":\"ListItem\",\"position\":2,\"name\":\"Boutique\",\"item\":\"https:\\\/\\\/3d-edu.ch\\\/fr\\\/boutique\\\/\"},{\"@type\":\"ListItem\",\"position\":3,\"name\":\"Formlabs Nylon 11 CF Powder 6kg\"}]},{\"@type\":\"WebSite\",\"@id\":\"https:\\\/\\\/3d-edu.ch\\\/fr\\\/#website\",\"url\":\"https:\\\/\\\/3d-edu.ch\\\/fr\\\/\",\"name\":\"3D-EDU GmbH\",\"description\":\"Your Formlabs, UltiMaker and Raise3D Printer Support and Education Site in Switzerland. \\\/\\\/ Ihre Formlabs, UltiMaker and Raise3D Drucker Support und Bildungs Webseite der Schweiz.\",\"publisher\":{\"@id\":\"https:\\\/\\\/3d-edu.ch\\\/fr\\\/#organization\"},\"potentialAction\":[{\"@type\":\"SearchAction\",\"target\":{\"@type\":\"EntryPoint\",\"urlTemplate\":\"https:\\\/\\\/3d-edu.ch\\\/fr\\\/?s={search_term_string}\"},\"query-input\":{\"@type\":\"PropertyValueSpecification\",\"valueRequired\":true,\"valueName\":\"search_term_string\"}}],\"inLanguage\":\"fr-FR\"},{\"@type\":[\"Organization\",\"Place\",\"ElectronicsStore\"],\"@id\":\"https:\\\/\\\/3d-edu.ch\\\/fr\\\/#organization\",\"name\":\"3D-EDU GmbH\",\"url\":\"https:\\\/\\\/3d-edu.ch\\\/fr\\\/\",\"logo\":{\"@id\":\"https:\\\/\\\/3d-edu.ch\\\/fr\\\/boutique\\\/formlabs-nylon-11-cf-powder-6kg\\\/#local-main-organization-logo\"},\"image\":{\"@id\":\"https:\\\/\\\/3d-edu.ch\\\/fr\\\/boutique\\\/formlabs-nylon-11-cf-powder-6kg\\\/#local-main-organization-logo\"},\"sameAs\":[\"https:\\\/\\\/www.facebook.com\\\/3d-educh-210277586064960\\\/\",\"https:\\\/\\\/x.com\\\/3d_edu_ch\"],\"address\":{\"@id\":\"https:\\\/\\\/3d-edu.ch\\\/fr\\\/boutique\\\/formlabs-nylon-11-cf-powder-6kg\\\/#local-main-place-address\"},\"geo\":{\"@type\":\"GeoCoordinates\",\"latitude\":\"47.38413\",\"longitude\":\"8.49812\"},\"telephone\":[\"+41 44 492 11 22\"],\"openingHoursSpecification\":[{\"@type\":\"OpeningHoursSpecification\",\"dayOfWeek\":[\"Monday\",\"Tuesday\",\"Wednesday\",\"Thursday\",\"Friday\"],\"opens\":\"08:30\",\"closes\":\"18:00\"},{\"@type\":\"OpeningHoursSpecification\",\"dayOfWeek\":[\"Saturday\",\"Sunday\"],\"opens\":\"00:00\",\"closes\":\"00:00\"}],\"email\":\"info@3d-edu.ch\",\"faxNumber\":\"+41 44 492 11 23\",\"vatID\":\"CHE-184.499.491 MWST\",\"priceRange\":\"$$$\",\"currenciesAccepted\":\"CHF\"},{\"@type\":\"PostalAddress\",\"@id\":\"https:\\\/\\\/3d-edu.ch\\\/fr\\\/boutique\\\/formlabs-nylon-11-cf-powder-6kg\\\/#local-main-place-address\",\"streetAddress\":\"3D-EDU GmbH, Badenerstrasse 556\",\"addressLocality\":\"Z\u00fcrich\",\"postalCode\":\"8048\",\"addressRegion\":\"Z\u00fcrich\",\"addressCountry\":\"CH\"},{\"@type\":\"ImageObject\",\"inLanguage\":\"fr-FR\",\"@id\":\"https:\\\/\\\/3d-edu.ch\\\/fr\\\/boutique\\\/formlabs-nylon-11-cf-powder-6kg\\\/#local-main-organization-logo\",\"url\":\"https:\\\/\\\/3d-edu.ch\\\/wp-content\\\/uploads\\\/2018\\\/10\\\/3d-drucker-makerbot-formlabs-professionelle-3d-drucker-e1546527990490.png\",\"contentUrl\":\"https:\\\/\\\/3d-edu.ch\\\/wp-content\\\/uploads\\\/2018\\\/10\\\/3d-drucker-makerbot-formlabs-professionelle-3d-drucker-e1546527990490.png\",\"width\":275,\"height\":80,\"caption\":\"3D-EDU GmbH\"}]}<\/script>\n<meta property=\"product:brand\" content=\"Formlabs\" \/>\n<meta property=\"product:price:amount\" content=\"1022.45\" \/>\n<meta property=\"product:price:currency\" content=\"CHF\" \/>\n<meta property=\"og:availability\" content=\"backorder\" \/>\n<meta property=\"product:availability\" content=\"available for order\" \/>\n<meta property=\"product:retailer_item_id\" content=\"PD-FS-P11C-01\" \/>\n<meta property=\"product:condition\" content=\"new\" \/>\n<meta name=\"geo.placename\" content=\"Z\u00fcrich\" \/>\n<meta name=\"geo.position\" content=\"47.38413;8.49812\" \/>\n<meta name=\"geo.region\" content=\"Suisse\" \/>\n<!-- \/ Yoast SEO Premium plugin. -->","yoast_head_json":{"title":"Formlabs Nylon 11 CF Powder 6kg %%page% - 3D-EDU GmbH%","robots":{"index":"index","follow":"follow","max-snippet":"max-snippet:-1","max-image-preview":"max-image-preview:large","max-video-preview":"max-video-preview:-1"},"canonical":"https:\/\/3d-edu.ch\/fr\/boutique\/formlabs-nylon-11-cf-powder-6kg\/","og_locale":"fr_FR","og_type":"article","og_title":"Formlabs Nylon 11 CF Powder 6kg","og_description":"Formlabs Nylon 11 CF Powder 6kg Les pi\u00e8ces imprim\u00e9es avec de la poudre de nylon 11 CF sont renforc\u00e9es par des fibres de carbone, ce qui les rend l\u00e9g\u00e8res, solides, rigides et r\u00e9sistantes \u00e0 la chaleur. Il s'agit d'un nylon 11 charg\u00e9 de fibres de carbone (Carbon Fiber-Filled) et convient aux applications finales fonctionnelles telles que les remplacements et les alternatives aux pi\u00e8ces m\u00e9talliques, les pi\u00e8ces \u00e0 forte capacit\u00e9 de charge ou les outils, les gabarits et les dispositifs. Le PA 11 CF de Formlab r\u00e9siste \u00e0 des conditions difficiles et est recommand\u00e9 pour les applications o\u00f9 la r\u00e9sistance, la l\u00e9g\u00e8ret\u00e9 et la durabilit\u00e9, m\u00eame \u00e0 haute temp\u00e9rature, sont essentielles.","og_url":"https:\/\/3d-edu.ch\/fr\/boutique\/formlabs-nylon-11-cf-powder-6kg\/","og_site_name":"3D-EDU GmbH","article_publisher":"https:\/\/www.facebook.com\/3d-educh-210277586064960\/","article_modified_time":"2026-05-13T16:27:06+00:00","og_image":[{"width":600,"height":600,"url":"https:\/\/3d-edu.ch\/wp-content\/uploads\/2022\/07\/formlabs-nylon-11-cf.webp","type":"image\/webp"}],"twitter_card":"summary_large_image","twitter_site":"@3d_edu_ch","twitter_misc":{"Prix":"1'022.45&nbsp;&#67;&#72;&#70; hors TVA","Disponibilit\u00e9":"En r\u00e9assort"},"schema":{"@context":"https:\/\/schema.org","@graph":[{"@type":"WebPage","@id":"https:\/\/3d-edu.ch\/fr\/boutique\/formlabs-nylon-11-cf-powder-6kg\/","url":"https:\/\/3d-edu.ch\/fr\/boutique\/formlabs-nylon-11-cf-powder-6kg\/","name":"Formlabs Nylon 11 CF Powder 6kg %%page% - 3D-EDU GmbH%","isPartOf":{"@id":"https:\/\/3d-edu.ch\/fr\/#website"},"primaryImageOfPage":{"@id":"https:\/\/3d-edu.ch\/fr\/boutique\/formlabs-nylon-11-cf-powder-6kg\/#primaryimage"},"image":{"@id":"https:\/\/3d-edu.ch\/fr\/boutique\/formlabs-nylon-11-cf-powder-6kg\/#primaryimage"},"thumbnailUrl":"https:\/\/3d-edu.ch\/wp-content\/uploads\/2022\/07\/formlabs-nylon-11-cf.webp","datePublished":"2022-07-13T11:58:43+00:00","dateModified":"2026-05-13T16:27:06+00:00","breadcrumb":{"@id":"https:\/\/3d-edu.ch\/fr\/boutique\/formlabs-nylon-11-cf-powder-6kg\/#breadcrumb"},"inLanguage":"fr-FR","potentialAction":[{"@type":"ReadAction","target":["https:\/\/3d-edu.ch\/fr\/boutique\/formlabs-nylon-11-cf-powder-6kg\/"]}]},{"@type":"ImageObject","inLanguage":"fr-FR","@id":"https:\/\/3d-edu.ch\/fr\/boutique\/formlabs-nylon-11-cf-powder-6kg\/#primaryimage","url":"https:\/\/3d-edu.ch\/wp-content\/uploads\/2022\/07\/formlabs-nylon-11-cf.webp","contentUrl":"https:\/\/3d-edu.ch\/wp-content\/uploads\/2022\/07\/formlabs-nylon-11-cf.webp","width":600,"height":600,"caption":"Formlabs Nylon 11 CF"},{"@type":"BreadcrumbList","@id":"https:\/\/3d-edu.ch\/fr\/boutique\/formlabs-nylon-11-cf-powder-6kg\/#breadcrumb","itemListElement":[{"@type":"ListItem","position":1,"name":"Accueil","item":"https:\/\/3d-edu.ch\/fr\/"},{"@type":"ListItem","position":2,"name":"Boutique","item":"https:\/\/3d-edu.ch\/fr\/boutique\/"},{"@type":"ListItem","position":3,"name":"Formlabs Nylon 11 CF Powder 6kg"}]},{"@type":"WebSite","@id":"https:\/\/3d-edu.ch\/fr\/#website","url":"https:\/\/3d-edu.ch\/fr\/","name":"3D-EDU GmbH","description":"Your Formlabs, UltiMaker and Raise3D Printer Support and Education Site in Switzerland. \/\/ Ihre Formlabs, UltiMaker and Raise3D Drucker Support und Bildungs Webseite der Schweiz.","publisher":{"@id":"https:\/\/3d-edu.ch\/fr\/#organization"},"potentialAction":[{"@type":"SearchAction","target":{"@type":"EntryPoint","urlTemplate":"https:\/\/3d-edu.ch\/fr\/?s={search_term_string}"},"query-input":{"@type":"PropertyValueSpecification","valueRequired":true,"valueName":"search_term_string"}}],"inLanguage":"fr-FR"},{"@type":["Organization","Place","ElectronicsStore"],"@id":"https:\/\/3d-edu.ch\/fr\/#organization","name":"3D-EDU GmbH","url":"https:\/\/3d-edu.ch\/fr\/","logo":{"@id":"https:\/\/3d-edu.ch\/fr\/boutique\/formlabs-nylon-11-cf-powder-6kg\/#local-main-organization-logo"},"image":{"@id":"https:\/\/3d-edu.ch\/fr\/boutique\/formlabs-nylon-11-cf-powder-6kg\/#local-main-organization-logo"},"sameAs":["https:\/\/www.facebook.com\/3d-educh-210277586064960\/","https:\/\/x.com\/3d_edu_ch"],"address":{"@id":"https:\/\/3d-edu.ch\/fr\/boutique\/formlabs-nylon-11-cf-powder-6kg\/#local-main-place-address"},"geo":{"@type":"GeoCoordinates","latitude":"47.38413","longitude":"8.49812"},"telephone":["+41 44 492 11 22"],"openingHoursSpecification":[{"@type":"OpeningHoursSpecification","dayOfWeek":["Monday","Tuesday","Wednesday","Thursday","Friday"],"opens":"08:30","closes":"18:00"},{"@type":"OpeningHoursSpecification","dayOfWeek":["Saturday","Sunday"],"opens":"00:00","closes":"00:00"}],"email":"info@3d-edu.ch","faxNumber":"+41 44 492 11 23","vatID":"CHE-184.499.491 MWST","priceRange":"$$$","currenciesAccepted":"CHF"},{"@type":"PostalAddress","@id":"https:\/\/3d-edu.ch\/fr\/boutique\/formlabs-nylon-11-cf-powder-6kg\/#local-main-place-address","streetAddress":"3D-EDU GmbH, Badenerstrasse 556","addressLocality":"Z\u00fcrich","postalCode":"8048","addressRegion":"Z\u00fcrich","addressCountry":"CH"},{"@type":"ImageObject","inLanguage":"fr-FR","@id":"https:\/\/3d-edu.ch\/fr\/boutique\/formlabs-nylon-11-cf-powder-6kg\/#local-main-organization-logo","url":"https:\/\/3d-edu.ch\/wp-content\/uploads\/2018\/10\/3d-drucker-makerbot-formlabs-professionelle-3d-drucker-e1546527990490.png","contentUrl":"https:\/\/3d-edu.ch\/wp-content\/uploads\/2018\/10\/3d-drucker-makerbot-formlabs-professionelle-3d-drucker-e1546527990490.png","width":275,"height":80,"caption":"3D-EDU GmbH"}]},"product_brand":"Formlabs","product_price_amount":"1022.45","product_price_currency":"CHF","og_availability":"backorder","product_availability":"available for order","product_retailer_item_id":"PD-FS-P11C-01","product_condition":"new","geo.placename":"Z\u00fcrich","geo.position":{"lat":"47.38413","long":"8.49812"},"geo.region":"Suisse"},"_links":{"self":[{"href":"https:\/\/3d-edu.ch\/fr\/wp-json\/wp\/v2\/product\/77079","targetHints":{"allow":["GET"]}}],"collection":[{"href":"https:\/\/3d-edu.ch\/fr\/wp-json\/wp\/v2\/product"}],"about":[{"href":"https:\/\/3d-edu.ch\/fr\/wp-json\/wp\/v2\/types\/product"}],"replies":[{"embeddable":true,"href":"https:\/\/3d-edu.ch\/fr\/wp-json\/wp\/v2\/comments?post=77079"}],"wp:featuredmedia":[{"embeddable":true,"href":"https:\/\/3d-edu.ch\/fr\/wp-json\/wp\/v2\/media\/65274"}],"wp:attachment":[{"href":"https:\/\/3d-edu.ch\/fr\/wp-json\/wp\/v2\/media?parent=77079"}],"wp:term":[{"taxonomy":"product_brand","embeddable":true,"href":"https:\/\/3d-edu.ch\/fr\/wp-json\/wp\/v2\/product_brand?post=77079"},{"taxonomy":"product_cat","embeddable":true,"href":"https:\/\/3d-edu.ch\/fr\/wp-json\/wp\/v2\/product_cat?post=77079"},{"taxonomy":"product_tag","embeddable":true,"href":"https:\/\/3d-edu.ch\/fr\/wp-json\/wp\/v2\/product_tag?post=77079"}],"curies":[{"name":"wp","href":"https:\/\/api.w.org\/{rel}","templated":true}]}}