{"id":77070,"date":"2022-01-11T09:24:55","date_gmt":"2022-01-11T08:24:55","guid":{"rendered":"https:\/\/3d-edu.ch\/shop\/makerbot-rapidrinse-support-material-soluble-dans-leau\/"},"modified":"2026-04-20T16:30:19","modified_gmt":"2026-04-20T14:30:19","slug":"makerbot-rapidrinse-support-material-soluble-dans-leau","status":"publish","type":"product","link":"https:\/\/3d-edu.ch\/fr\/boutique\/makerbot-rapidrinse-support-material-soluble-dans-leau\/","title":{"rendered":"MakerBot RapidRinse Support Material (soluble dans l&rsquo;eau)"},"content":{"rendered":"<h2>MakerBot RapidRinse Filament 0.45 kg Smart Spool<\/h2>\n<h3>Inclus dans la livraison<\/h3>\n<ul>\n<li>1 filament de support Smart Spool&#x2122; MakerBot RapidRinse 0,45 kg<\/li>\n<\/ul>\n<hr \/>\n<p><strong>MakerBot RapidRinse Mat\u00e9riel de support pour MakerBot Method X<\/strong><\/p>\n<p>Le filament MakerBot RapidRinse est un mat\u00e9riau de support soluble dans l&rsquo;eau pour l&rsquo;imprimante 3D MakerBot Method X. Ce mat\u00e9riau sert de support \u00e0 l&rsquo;ABS-R et permet d&rsquo;imprimer de l&rsquo;ABS aux dimensions exactes et aussi facilement que du PLA. Le RapidRinse&#x2122; se dissout tr\u00e8s rapidement dans l&rsquo;eau du robinet.  <\/p>\n<p><strong>ABS, aussi facile \u00e0 imprimer que le PLA<\/strong><\/p>\n<p>L&rsquo;ABS est l&rsquo;un des mat\u00e9riaux les plus demand\u00e9s mais les plus difficiles \u00e0 imprimer en 3D. La technologie brevet\u00e9e VECT&#x2122; 110 de METHOD X, associ\u00e9e au support RapidRinse&#x2122;, permet d&rsquo;obtenir des pi\u00e8ces ABS de haute qualit\u00e9 avec une facilit\u00e9 in\u00e9gal\u00e9e. <\/p>\n<p><strong>Soluble dans l&rsquo;eau<\/strong><\/p>\n<p>RapidRinse&#x2122; se dissout dans l&rsquo;eau pure du robinet et est donc facile \u00e0 utiliser dans presque tous les environnements.<\/p>\n<p><strong>R\u00e9solution rapide<\/strong><\/p>\n<p>Jusqu&rsquo;\u00e0 pr\u00e9sent, la dissolution des structures de support prenait du temps. C&rsquo;est pourquoi MakerBot a con\u00e7u RapidRinse&#x2122; pour qu&rsquo;il se dissolve plus rapidement que le PVA et les autres mat\u00e9riaux de support solubles. Il n&rsquo;existe vraiment aucun autre mat\u00e9riau qui se dissout aussi rapidement.  <\/p>\n<hr \/>\n<p><strong>Compatibilit\u00e9<\/strong><\/p>\n<p>Imprimante :<\/p>\n<p>La MakerBot RapidRinse est compatible avec le<\/p>\n<ul>\n<li><a href=\"\/makerbot\/makerbot-3d-drucker\/makerbot-method-x\/\">Makerbot Method X<\/a><\/li>\n<li><a href=\"https:\/\/3d-edu.ch\/fr\/boutique\/makerbot-abs-r-materiau-de-precision\/\">ABS-R<\/a><\/li>\n<li><a href=\"https:\/\/3d-edu.ch\/fr\/boutique\/makerbot-method-x-extrudeuse-de-support-2xa\/\">Extrudeuse de support 2XA<\/a><\/li>\n<\/ul>\n<p>Logiciel :<\/p>\n<p>Pour utiliser le mat\u00e9riel MakerBot RapidRinse, le logiciel <a href=\"\/makerbot\/makerbot-apps\/makerbot-print\/\"><em>MakerBot Print<\/em><\/a> est n\u00e9cessaire.<\/p>\n<div class=\"accordion\">\n\t<div id=\"accordion-723173764\" class=\"accordion-item\">\n\t\t<a id=\"accordion-723173764-label\" class=\"accordion-title plain\" href=\"#accordion-item-plus-d&#039;informations\" aria-expanded=\"false\" aria-controls=\"accordion-723173764-content\">\n\t\t\t<button class=\"toggle\" aria-label=\"Basculer\"><i class=\"icon-angle-down\" aria-hidden=\"true\"><\/i><\/button>\n\t\t\t<span>Plus d&#039;informations<\/span>\n\t\t<\/a>\n\t\t<div id=\"accordion-723173764-content\" class=\"accordion-inner\" aria-labelledby=\"accordion-723173764-label\">\n\t\t\t\n<hr \/>\n<p><strong>Type de bobine<\/strong><br \/>La Smart Spool&#x2122; fournit de pr\u00e9cieuses informations sur le type de mat\u00e9riau, la couleur et la quantit\u00e9 restante directement au logiciel MakerBot Print via une puce RFID. Un dessiccateur dans la bobine permet \u00e9galement de maintenir un faible taux d&rsquo;humidit\u00e9 dans le bac \u00e0 mat\u00e9riaux de l&rsquo;imprimante 3D MakerBot Method X. <\/p>\n<p><strong>Environnement de travail<\/strong><br \/>Conservez le support MakerBot RapidRinse dans le sac en polyester fourni pour \u00e9viter l&rsquo;absorption d&rsquo;humidit\u00e9 par l&rsquo;air. L&rsquo;absorption d&rsquo;humidit\u00e9 peut affecter la qualit\u00e9 du mat\u00e9riau et ses performances. Assurez-vous que le d\u00e9shydratant int\u00e9gr\u00e9 se trouve dans la bobine pour absorber l&rsquo;humidit\u00e9 pendant le chargement du mat\u00e9riau.  <\/p>\n<p><a href=\"https:\/\/3d-edu.ch\/fr\/makerbot\/filament-makerbot\/materiaux-makerbot-method\/\">Plus d&rsquo;informations sur les produits<\/a><\/p>\n\t\t<\/div>\n\t<\/div>\n\t\n<\/div>\n","protected":false},"excerpt":{"rendered":"<h3>MakerBot RapidRinse Filament de support pour MakerBot en 0.45 kg Smart Spool&#x2122;<\/h3>\n<p>Le filament de support MakerBot RapidRinse est un mat\u00e9riau de support soluble dans l&rsquo;eau pour l&rsquo;imprimante 3D MakerBot Method X. Ce mat\u00e9riau sert de support pour l&rsquo;ABS-R. <\/p>\n<table>\n<tbody>\n<tr>\n<td width=\"100\">Fabricant<\/td>\n<td>MakerBot<\/td>\n<\/tr>\n<tr>\n<td>Taille de la bobine<\/td>\n<td>0,45 kg<\/td>\n<\/tr>\n<tr>\n<td>Diam\u00e8tre<\/td>\n<td>1,75 mm<\/td>\n<\/tr>\n<\/tbody>\n<\/table>\n","protected":false},"featured_media":64893,"comment_status":"closed","ping_status":"closed","template":"","meta":[],"product_brand":[],"product_cat":[7873,7923],"product_tag":[8822,8185,8188],"class_list":{"0":"post-77070","1":"product","2":"type-product","3":"status-publish","4":"has-post-thumbnail","6":"product_cat-filament-de-soutien-fr","7":"product_cat-materiaux-pour-method-fr","8":"product_tag-filament-makerbot","9":"product_tag-makerbot","10":"product_tag-methode","11":"yith_product_brand-makerbot","13":"first","14":"onbackorder","15":"taxable","16":"shipping-taxable","17":"purchasable","18":"product-type-simple"},"yoast_head":"<!-- This site is optimized with the Yoast SEO Premium plugin v27.4 (Yoast SEO v27.4) - https:\/\/yoast.com\/product\/yoast-seo-premium-wordpress\/ -->\n<title>MakerBot RapidRinse Support Material (soluble dans l&#039;eau) %%page% commander en ligne maintenant - 3D-EDU GmbH<\/title>\n<meta name=\"robots\" content=\"index, follow, max-snippet:-1, max-image-preview:large, max-video-preview:-1\" \/>\n<link rel=\"canonical\" href=\"https:\/\/3d-edu.ch\/fr\/boutique\/makerbot-rapidrinse-support-material-soluble-dans-leau\/\" \/>\n<meta property=\"og:locale\" content=\"fr_FR\" \/>\n<meta property=\"og:type\" content=\"article\" \/>\n<meta property=\"og:title\" content=\"MakerBot RapidRinse Support Material (soluble dans l&#039;eau)\" \/>\n<meta property=\"og:description\" content=\"MakerBot RapidRinse Filament de support pour MakerBot en 0.45 kg Smart Spool&#x2122; Le filament de support MakerBot RapidRinse est un mat\u00e9riau de support soluble dans l&#039;eau pour l&#039;imprimante 3D MakerBot Method X. Ce mat\u00e9riau sert de support pour l&#039;ABS-R.   Fabricant MakerBot  Taille de la bobine 0,45 kg  Diam\u00e8tre 1,75 mm\" \/>\n<meta property=\"og:url\" content=\"https:\/\/3d-edu.ch\/fr\/boutique\/makerbot-rapidrinse-support-material-soluble-dans-leau\/\" \/>\n<meta property=\"og:site_name\" content=\"3D-EDU GmbH\" \/>\n<meta property=\"article:publisher\" content=\"https:\/\/www.facebook.com\/3d-educh-210277586064960\/\" \/>\n<meta property=\"article:modified_time\" content=\"2026-04-20T14:30:19+00:00\" \/>\n<meta property=\"og:image\" content=\"https:\/\/3d-edu.ch\/wp-content\/uploads\/2022\/01\/makerbot-rapidrinse-support-material-for-method.jpg\" \/>\n\t<meta property=\"og:image:width\" content=\"380\" \/>\n\t<meta property=\"og:image:height\" content=\"380\" \/>\n\t<meta property=\"og:image:type\" content=\"image\/jpeg\" \/>\n<meta name=\"twitter:card\" content=\"summary_large_image\" \/>\n<meta name=\"twitter:site\" content=\"@3d_edu_ch\" \/>\n<meta name=\"twitter:label1\" content=\"Prix\" \/>\n\t<meta name=\"twitter:data1\" content=\"150.46&nbsp;&#067;&#072;&#070; hors TVA\" \/>\n\t<meta name=\"twitter:label2\" content=\"Disponibilit\u00e9\" \/>\n\t<meta name=\"twitter:data2\" content=\"En r\u00e9assort\" \/>\n<script type=\"application\/ld+json\" class=\"yoast-schema-graph\">{\"@context\":\"https:\\\/\\\/schema.org\",\"@graph\":[{\"@type\":\"WebPage\",\"@id\":\"https:\\\/\\\/3d-edu.ch\\\/fr\\\/boutique\\\/makerbot-rapidrinse-support-material-soluble-dans-leau\\\/\",\"url\":\"https:\\\/\\\/3d-edu.ch\\\/fr\\\/boutique\\\/makerbot-rapidrinse-support-material-soluble-dans-leau\\\/\",\"name\":\"MakerBot RapidRinse Support Material (soluble dans l'eau) %%page% commander en ligne maintenant - 3D-EDU GmbH\",\"isPartOf\":{\"@id\":\"https:\\\/\\\/3d-edu.ch\\\/fr\\\/#website\"},\"primaryImageOfPage\":{\"@id\":\"https:\\\/\\\/3d-edu.ch\\\/fr\\\/boutique\\\/makerbot-rapidrinse-support-material-soluble-dans-leau\\\/#primaryimage\"},\"image\":{\"@id\":\"https:\\\/\\\/3d-edu.ch\\\/fr\\\/boutique\\\/makerbot-rapidrinse-support-material-soluble-dans-leau\\\/#primaryimage\"},\"thumbnailUrl\":\"https:\\\/\\\/3d-edu.ch\\\/wp-content\\\/uploads\\\/2022\\\/01\\\/makerbot-rapidrinse-support-material-for-method.jpg\",\"datePublished\":\"2022-01-11T08:24:55+00:00\",\"dateModified\":\"2026-04-20T14:30:19+00:00\",\"breadcrumb\":{\"@id\":\"https:\\\/\\\/3d-edu.ch\\\/fr\\\/boutique\\\/makerbot-rapidrinse-support-material-soluble-dans-leau\\\/#breadcrumb\"},\"inLanguage\":\"fr-FR\",\"potentialAction\":[{\"@type\":\"ReadAction\",\"target\":[\"https:\\\/\\\/3d-edu.ch\\\/fr\\\/boutique\\\/makerbot-rapidrinse-support-material-soluble-dans-leau\\\/\"]}]},{\"@type\":\"ImageObject\",\"inLanguage\":\"fr-FR\",\"@id\":\"https:\\\/\\\/3d-edu.ch\\\/fr\\\/boutique\\\/makerbot-rapidrinse-support-material-soluble-dans-leau\\\/#primaryimage\",\"url\":\"https:\\\/\\\/3d-edu.ch\\\/wp-content\\\/uploads\\\/2022\\\/01\\\/makerbot-rapidrinse-support-material-for-method.jpg\",\"contentUrl\":\"https:\\\/\\\/3d-edu.ch\\\/wp-content\\\/uploads\\\/2022\\\/01\\\/makerbot-rapidrinse-support-material-for-method.jpg\",\"width\":380,\"height\":380,\"caption\":\"Mat\u00e9riel de support MakerBot RapidRinse\"},{\"@type\":\"BreadcrumbList\",\"@id\":\"https:\\\/\\\/3d-edu.ch\\\/fr\\\/boutique\\\/makerbot-rapidrinse-support-material-soluble-dans-leau\\\/#breadcrumb\",\"itemListElement\":[{\"@type\":\"ListItem\",\"position\":1,\"name\":\"Accueil\",\"item\":\"https:\\\/\\\/3d-edu.ch\\\/fr\\\/\"},{\"@type\":\"ListItem\",\"position\":2,\"name\":\"Boutique\",\"item\":\"https:\\\/\\\/3d-edu.ch\\\/fr\\\/boutique\\\/\"},{\"@type\":\"ListItem\",\"position\":3,\"name\":\"MakerBot RapidRinse Support Material (soluble dans l&rsquo;eau)\"}]},{\"@type\":\"WebSite\",\"@id\":\"https:\\\/\\\/3d-edu.ch\\\/fr\\\/#website\",\"url\":\"https:\\\/\\\/3d-edu.ch\\\/fr\\\/\",\"name\":\"3D-EDU GmbH\",\"description\":\"Your Formlabs, UltiMaker and Raise3D Printer Support and Education Site in Switzerland. \\\/\\\/ Ihre Formlabs, UltiMaker and Raise3D Drucker Support und Bildungs Webseite der Schweiz.\",\"publisher\":{\"@id\":\"https:\\\/\\\/3d-edu.ch\\\/fr\\\/#organization\"},\"potentialAction\":[{\"@type\":\"SearchAction\",\"target\":{\"@type\":\"EntryPoint\",\"urlTemplate\":\"https:\\\/\\\/3d-edu.ch\\\/fr\\\/?s={search_term_string}\"},\"query-input\":{\"@type\":\"PropertyValueSpecification\",\"valueRequired\":true,\"valueName\":\"search_term_string\"}}],\"inLanguage\":\"fr-FR\"},{\"@type\":[\"Organization\",\"Place\",\"ElectronicsStore\"],\"@id\":\"https:\\\/\\\/3d-edu.ch\\\/fr\\\/#organization\",\"name\":\"3D-EDU GmbH\",\"url\":\"https:\\\/\\\/3d-edu.ch\\\/fr\\\/\",\"logo\":{\"@id\":\"https:\\\/\\\/3d-edu.ch\\\/fr\\\/boutique\\\/makerbot-rapidrinse-support-material-soluble-dans-leau\\\/#local-main-organization-logo\"},\"image\":{\"@id\":\"https:\\\/\\\/3d-edu.ch\\\/fr\\\/boutique\\\/makerbot-rapidrinse-support-material-soluble-dans-leau\\\/#local-main-organization-logo\"},\"sameAs\":[\"https:\\\/\\\/www.facebook.com\\\/3d-educh-210277586064960\\\/\",\"https:\\\/\\\/x.com\\\/3d_edu_ch\"],\"address\":{\"@id\":\"https:\\\/\\\/3d-edu.ch\\\/fr\\\/boutique\\\/makerbot-rapidrinse-support-material-soluble-dans-leau\\\/#local-main-place-address\"},\"geo\":{\"@type\":\"GeoCoordinates\",\"latitude\":\"47.38413\",\"longitude\":\"8.49812\"},\"telephone\":[\"+41 44 492 11 22\"],\"openingHoursSpecification\":[{\"@type\":\"OpeningHoursSpecification\",\"dayOfWeek\":[\"Monday\",\"Tuesday\",\"Wednesday\",\"Thursday\",\"Friday\"],\"opens\":\"08:30\",\"closes\":\"18:00\"},{\"@type\":\"OpeningHoursSpecification\",\"dayOfWeek\":[\"Saturday\",\"Sunday\"],\"opens\":\"00:00\",\"closes\":\"00:00\"}],\"email\":\"info@3d-edu.ch\",\"faxNumber\":\"+41 44 492 11 23\",\"vatID\":\"CHE-184.499.491 MWST\",\"priceRange\":\"$$$\",\"currenciesAccepted\":\"CHF\"},{\"@type\":\"PostalAddress\",\"@id\":\"https:\\\/\\\/3d-edu.ch\\\/fr\\\/boutique\\\/makerbot-rapidrinse-support-material-soluble-dans-leau\\\/#local-main-place-address\",\"streetAddress\":\"3D-EDU GmbH, Badenerstrasse 556\",\"addressLocality\":\"Z\u00fcrich\",\"postalCode\":\"8048\",\"addressRegion\":\"Z\u00fcrich\",\"addressCountry\":\"CH\"},{\"@type\":\"ImageObject\",\"inLanguage\":\"fr-FR\",\"@id\":\"https:\\\/\\\/3d-edu.ch\\\/fr\\\/boutique\\\/makerbot-rapidrinse-support-material-soluble-dans-leau\\\/#local-main-organization-logo\",\"url\":\"https:\\\/\\\/3d-edu.ch\\\/wp-content\\\/uploads\\\/2018\\\/10\\\/3d-drucker-makerbot-formlabs-professionelle-3d-drucker-e1546527990490.png\",\"contentUrl\":\"https:\\\/\\\/3d-edu.ch\\\/wp-content\\\/uploads\\\/2018\\\/10\\\/3d-drucker-makerbot-formlabs-professionelle-3d-drucker-e1546527990490.png\",\"width\":275,\"height\":80,\"caption\":\"3D-EDU GmbH\"}]}<\/script>\n<meta property=\"product:brand\" content=\"Mat\u00e9riaux pour Method\" \/>\n<meta property=\"product:price:amount\" content=\"150.46\" \/>\n<meta property=\"product:price:currency\" content=\"CHF\" \/>\n<meta property=\"og:availability\" content=\"backorder\" \/>\n<meta property=\"product:availability\" content=\"available for order\" \/>\n<meta property=\"product:retailer_item_id\" content=\"375-0063A\" \/>\n<meta property=\"product:condition\" content=\"new\" \/>\n<meta name=\"geo.placename\" content=\"Z\u00fcrich\" \/>\n<meta name=\"geo.position\" content=\"47.38413;8.49812\" \/>\n<meta name=\"geo.region\" content=\"Suisse\" \/>\n<!-- \/ Yoast SEO Premium plugin. -->","yoast_head_json":{"title":"MakerBot RapidRinse Support Material (soluble dans l'eau) %%page% commander en ligne maintenant - 3D-EDU GmbH","robots":{"index":"index","follow":"follow","max-snippet":"max-snippet:-1","max-image-preview":"max-image-preview:large","max-video-preview":"max-video-preview:-1"},"canonical":"https:\/\/3d-edu.ch\/fr\/boutique\/makerbot-rapidrinse-support-material-soluble-dans-leau\/","og_locale":"fr_FR","og_type":"article","og_title":"MakerBot RapidRinse Support Material (soluble dans l'eau)","og_description":"MakerBot RapidRinse Filament de support pour MakerBot en 0.45 kg Smart Spool&#x2122; Le filament de support MakerBot RapidRinse est un mat\u00e9riau de support soluble dans l'eau pour l'imprimante 3D MakerBot Method X. Ce mat\u00e9riau sert de support pour l'ABS-R.   Fabricant MakerBot  Taille de la bobine 0,45 kg  Diam\u00e8tre 1,75 mm","og_url":"https:\/\/3d-edu.ch\/fr\/boutique\/makerbot-rapidrinse-support-material-soluble-dans-leau\/","og_site_name":"3D-EDU GmbH","article_publisher":"https:\/\/www.facebook.com\/3d-educh-210277586064960\/","article_modified_time":"2026-04-20T14:30:19+00:00","og_image":[{"width":380,"height":380,"url":"https:\/\/3d-edu.ch\/wp-content\/uploads\/2022\/01\/makerbot-rapidrinse-support-material-for-method.jpg","type":"image\/jpeg"}],"twitter_card":"summary_large_image","twitter_site":"@3d_edu_ch","twitter_misc":{"Prix":"150.46&nbsp;&#67;&#72;&#70; hors TVA","Disponibilit\u00e9":"En r\u00e9assort"},"schema":{"@context":"https:\/\/schema.org","@graph":[{"@type":"WebPage","@id":"https:\/\/3d-edu.ch\/fr\/boutique\/makerbot-rapidrinse-support-material-soluble-dans-leau\/","url":"https:\/\/3d-edu.ch\/fr\/boutique\/makerbot-rapidrinse-support-material-soluble-dans-leau\/","name":"MakerBot RapidRinse Support Material (soluble dans l'eau) %%page% commander en ligne maintenant - 3D-EDU GmbH","isPartOf":{"@id":"https:\/\/3d-edu.ch\/fr\/#website"},"primaryImageOfPage":{"@id":"https:\/\/3d-edu.ch\/fr\/boutique\/makerbot-rapidrinse-support-material-soluble-dans-leau\/#primaryimage"},"image":{"@id":"https:\/\/3d-edu.ch\/fr\/boutique\/makerbot-rapidrinse-support-material-soluble-dans-leau\/#primaryimage"},"thumbnailUrl":"https:\/\/3d-edu.ch\/wp-content\/uploads\/2022\/01\/makerbot-rapidrinse-support-material-for-method.jpg","datePublished":"2022-01-11T08:24:55+00:00","dateModified":"2026-04-20T14:30:19+00:00","breadcrumb":{"@id":"https:\/\/3d-edu.ch\/fr\/boutique\/makerbot-rapidrinse-support-material-soluble-dans-leau\/#breadcrumb"},"inLanguage":"fr-FR","potentialAction":[{"@type":"ReadAction","target":["https:\/\/3d-edu.ch\/fr\/boutique\/makerbot-rapidrinse-support-material-soluble-dans-leau\/"]}]},{"@type":"ImageObject","inLanguage":"fr-FR","@id":"https:\/\/3d-edu.ch\/fr\/boutique\/makerbot-rapidrinse-support-material-soluble-dans-leau\/#primaryimage","url":"https:\/\/3d-edu.ch\/wp-content\/uploads\/2022\/01\/makerbot-rapidrinse-support-material-for-method.jpg","contentUrl":"https:\/\/3d-edu.ch\/wp-content\/uploads\/2022\/01\/makerbot-rapidrinse-support-material-for-method.jpg","width":380,"height":380,"caption":"Mat\u00e9riel de support MakerBot RapidRinse"},{"@type":"BreadcrumbList","@id":"https:\/\/3d-edu.ch\/fr\/boutique\/makerbot-rapidrinse-support-material-soluble-dans-leau\/#breadcrumb","itemListElement":[{"@type":"ListItem","position":1,"name":"Accueil","item":"https:\/\/3d-edu.ch\/fr\/"},{"@type":"ListItem","position":2,"name":"Boutique","item":"https:\/\/3d-edu.ch\/fr\/boutique\/"},{"@type":"ListItem","position":3,"name":"MakerBot RapidRinse Support Material (soluble dans l&rsquo;eau)"}]},{"@type":"WebSite","@id":"https:\/\/3d-edu.ch\/fr\/#website","url":"https:\/\/3d-edu.ch\/fr\/","name":"3D-EDU GmbH","description":"Your Formlabs, UltiMaker and Raise3D Printer Support and Education Site in Switzerland. \/\/ Ihre Formlabs, UltiMaker and Raise3D Drucker Support und Bildungs Webseite der Schweiz.","publisher":{"@id":"https:\/\/3d-edu.ch\/fr\/#organization"},"potentialAction":[{"@type":"SearchAction","target":{"@type":"EntryPoint","urlTemplate":"https:\/\/3d-edu.ch\/fr\/?s={search_term_string}"},"query-input":{"@type":"PropertyValueSpecification","valueRequired":true,"valueName":"search_term_string"}}],"inLanguage":"fr-FR"},{"@type":["Organization","Place","ElectronicsStore"],"@id":"https:\/\/3d-edu.ch\/fr\/#organization","name":"3D-EDU GmbH","url":"https:\/\/3d-edu.ch\/fr\/","logo":{"@id":"https:\/\/3d-edu.ch\/fr\/boutique\/makerbot-rapidrinse-support-material-soluble-dans-leau\/#local-main-organization-logo"},"image":{"@id":"https:\/\/3d-edu.ch\/fr\/boutique\/makerbot-rapidrinse-support-material-soluble-dans-leau\/#local-main-organization-logo"},"sameAs":["https:\/\/www.facebook.com\/3d-educh-210277586064960\/","https:\/\/x.com\/3d_edu_ch"],"address":{"@id":"https:\/\/3d-edu.ch\/fr\/boutique\/makerbot-rapidrinse-support-material-soluble-dans-leau\/#local-main-place-address"},"geo":{"@type":"GeoCoordinates","latitude":"47.38413","longitude":"8.49812"},"telephone":["+41 44 492 11 22"],"openingHoursSpecification":[{"@type":"OpeningHoursSpecification","dayOfWeek":["Monday","Tuesday","Wednesday","Thursday","Friday"],"opens":"08:30","closes":"18:00"},{"@type":"OpeningHoursSpecification","dayOfWeek":["Saturday","Sunday"],"opens":"00:00","closes":"00:00"}],"email":"info@3d-edu.ch","faxNumber":"+41 44 492 11 23","vatID":"CHE-184.499.491 MWST","priceRange":"$$$","currenciesAccepted":"CHF"},{"@type":"PostalAddress","@id":"https:\/\/3d-edu.ch\/fr\/boutique\/makerbot-rapidrinse-support-material-soluble-dans-leau\/#local-main-place-address","streetAddress":"3D-EDU GmbH, Badenerstrasse 556","addressLocality":"Z\u00fcrich","postalCode":"8048","addressRegion":"Z\u00fcrich","addressCountry":"CH"},{"@type":"ImageObject","inLanguage":"fr-FR","@id":"https:\/\/3d-edu.ch\/fr\/boutique\/makerbot-rapidrinse-support-material-soluble-dans-leau\/#local-main-organization-logo","url":"https:\/\/3d-edu.ch\/wp-content\/uploads\/2018\/10\/3d-drucker-makerbot-formlabs-professionelle-3d-drucker-e1546527990490.png","contentUrl":"https:\/\/3d-edu.ch\/wp-content\/uploads\/2018\/10\/3d-drucker-makerbot-formlabs-professionelle-3d-drucker-e1546527990490.png","width":275,"height":80,"caption":"3D-EDU GmbH"}]},"product_brand":"Mat\u00e9riaux pour Method","product_price_amount":"150.46","product_price_currency":"CHF","og_availability":"backorder","product_availability":"available for order","product_retailer_item_id":"375-0063A","product_condition":"new","geo.placename":"Z\u00fcrich","geo.position":{"lat":"47.38413","long":"8.49812"},"geo.region":"Suisse"},"_links":{"self":[{"href":"https:\/\/3d-edu.ch\/fr\/wp-json\/wp\/v2\/product\/77070","targetHints":{"allow":["GET"]}}],"collection":[{"href":"https:\/\/3d-edu.ch\/fr\/wp-json\/wp\/v2\/product"}],"about":[{"href":"https:\/\/3d-edu.ch\/fr\/wp-json\/wp\/v2\/types\/product"}],"replies":[{"embeddable":true,"href":"https:\/\/3d-edu.ch\/fr\/wp-json\/wp\/v2\/comments?post=77070"}],"wp:featuredmedia":[{"embeddable":true,"href":"https:\/\/3d-edu.ch\/fr\/wp-json\/wp\/v2\/media\/64893"}],"wp:attachment":[{"href":"https:\/\/3d-edu.ch\/fr\/wp-json\/wp\/v2\/media?parent=77070"}],"wp:term":[{"taxonomy":"product_brand","embeddable":true,"href":"https:\/\/3d-edu.ch\/fr\/wp-json\/wp\/v2\/product_brand?post=77070"},{"taxonomy":"product_cat","embeddable":true,"href":"https:\/\/3d-edu.ch\/fr\/wp-json\/wp\/v2\/product_cat?post=77070"},{"taxonomy":"product_tag","embeddable":true,"href":"https:\/\/3d-edu.ch\/fr\/wp-json\/wp\/v2\/product_tag?post=77070"}],"curies":[{"name":"wp","href":"https:\/\/api.w.org\/{rel}","templated":true}]}}