{"id":77066,"date":"2022-01-04T15:58:38","date_gmt":"2022-01-04T15:58:38","guid":{"rendered":"https:\/\/3d-edu.ch\/shop\/build-platform-2-plate-forme-de-construction-2\/"},"modified":"2026-05-14T01:00:45","modified_gmt":"2026-05-13T23:00:45","slug":"build-platform-2-plate-forme-de-construction-2","status":"publish","type":"product","link":"https:\/\/3d-edu.ch\/fr\/boutique\/build-platform-2-plate-forme-de-construction-2\/","title":{"rendered":"Build Platform 2 \/ Plate-forme de construction 2"},"content":{"rendered":"<h3>Formlabs Build Platform 2 \/ Plate-forme de construction 2<\/h3>\n<p>Une ou plusieurs Build Platforms \/ plateformes de construction suppl\u00e9mentaires pour les imprimantes 3D <a href=\"\/formlabs\/form-2-3d-drucker\/\">Form 2<\/a> et <a href=\"\/shop\/formlabs-form-3-basic-package\/\">Form 3 de Formlabs<\/a> vous aident \u00e0 changer de r\u00e9sine et\/ou \u00e0 lancer une nouvelle impression plus rapidement apr\u00e8s la r\u00e9alisation d&rsquo;une impression 3D.<\/p>\n<p>Ainsi, une plateforme de construction suppl\u00e9mentaire pour les Form 2 et Form 3 de Formlabs peut acc\u00e9l\u00e9rer votre travail. Vous pouvez remplacer la r\u00e9sine ou commencer une nouvelle impression tout en laissant les pi\u00e8ces imprim\u00e9es sur la plateforme de construction - les nettoyer dans le <a href=\"https:\/\/3d-edu.ch\/fr\/formlabs\/post-traitement\/form-wash-form-cure\/\">Form Wash<\/a> ou les retirer tout droit de la Build Platform. <\/p>\n<p>Disponible pour la forme 2, la forme 3 et la forme 3B.<\/p>\n<p><strong>D\u00e9tachement rapide des pi\u00e8ces sans les endommager<\/strong><br \/>\nLa Build Platform 2 poss\u00e8de une surface d&rsquo;impression flexible qui lib\u00e8re imm\u00e9diatement les pi\u00e8ces. Il n&rsquo;y a donc pas de risque d&rsquo;endommager les pi\u00e8ces avec des outils de d\u00e9collement traditionnels. <\/p>\n<p><strong>Compatible avec tous les mat\u00e9riaux Formlabs<\/strong><br \/>\nBuild Platform 2 est compatible avec tous les mat\u00e9riaux Formlabs sans exception, y compris les r\u00e9sines biocompatibles*.<\/p>\n<p><strong>Surface d&rsquo;impression en acier inoxydable<\/strong><br \/>\nLa Build Platform 2 est constitu\u00e9e d&rsquo;une surface d&rsquo;impression plane en acier inoxydable, qui garantit une robustesse et une durabilit\u00e9 \u00e0 long terme.<\/p>\n<p><small>*La<a href=\"https:\/\/3d-edu.ch\/fr\/boutique\/formlabs-temporary-cb-resin-1kg-0-7l\/\">r\u00e9sine CB<\/a> temporaire et <a href=\"https:\/\/3d-edu.ch\/fr\/boutique\/formlabs-permanent-crown-resin-1kg-0-7l\/\">la r\u00e9sine Permanent Crown<\/a> ne sont pas encore valid\u00e9es avec la Build Platform 2. Pour le moment, ces mat\u00e9riaux n\u00e9cessitent encore la Stainless Steel Build Platform des Starter Packs. <\/small><\/p>\n","protected":false},"excerpt":{"rendered":"<h2>Formlabs Build Platform 2 \/ Plate-forme de construction 2<\/h2>\n<p>La technologie brevet\u00e9e de d\u00e9gagement rapide (Quick Release Technology) de la plateforme de construction \u00ab\u00a0Build Platform 2\u00a0\u00bb de Formlabs permet de d\u00e9tacher rapidement et facilement les composants de la plateforme de construction. Cela ne prend que quelques secondes et ne n\u00e9cessite aucun outil. La Build Platform 2 r\u00e9duit ainsi le risque d&rsquo;endommager les composants tout en optimisant votre processus de travail.  <\/p>\n","protected":false},"featured_media":64820,"comment_status":"closed","ping_status":"closed","template":"","meta":[],"product_brand":[],"product_cat":[10502,10365,10352,10364],"product_tag":[7785,9181,9179,8120,7784,7786,9180,9009,7787],"class_list":{"0":"post-77066","1":"product","2":"type-product","3":"status-publish","4":"has-post-thumbnail","6":"product_cat-accessoires-2","7":"product_cat-form-2-3-l-accessoires","8":"product_cat-formlabs","9":"product_cat-sla-lfs-accessoires","10":"product_tag-accessoires-formlabs","11":"product_tag-accessoires-sla","12":"product_tag-bp-f3-02-01","13":"product_tag-forme-3","14":"product_tag-formlabs-fr","15":"product_tag-plate-forme-de-construction","16":"product_tag-plate-forme-de-construction-2-2","17":"product_tag-plate-forme-de-construction-2","18":"product_tag-plateforme-de-construction","20":"first","21":"instock","22":"taxable","23":"shipping-taxable","24":"purchasable","25":"product-type-simple"},"yoast_head":"<!-- This site is optimized with the Yoast SEO Premium plugin v27.5 (Yoast SEO v27.5) - https:\/\/yoast.com\/product\/yoast-seo-premium-wordpress\/ -->\n<title>Build Platform 2 \/ Plate-forme de construction 2 - Formlabs - 3D-EDU GmbH<\/title>\n<meta name=\"robots\" content=\"index, follow, max-snippet:-1, max-image-preview:large, max-video-preview:-1\" \/>\n<link rel=\"canonical\" href=\"https:\/\/3d-edu.ch\/fr\/boutique\/build-platform-2-plate-forme-de-construction-2\/\" \/>\n<meta property=\"og:locale\" content=\"fr_FR\" \/>\n<meta property=\"og:type\" content=\"article\" \/>\n<meta property=\"og:title\" content=\"Build Platform 2 \/ Plate-forme de construction 2\" \/>\n<meta property=\"og:description\" content=\"Formlabs Build Platform 2 \/ Plate-forme de construction 2 La technologie brevet\u00e9e de d\u00e9gagement rapide (Quick Release Technology) de la plateforme de construction &quot;Build Platform 2&quot; de Formlabs permet de d\u00e9tacher rapidement et facilement les composants de la plateforme de construction. Cela ne prend que quelques secondes et ne n\u00e9cessite aucun outil. La Build Platform 2 r\u00e9duit ainsi le risque d&#039;endommager les composants tout en optimisant votre processus de travail.\" \/>\n<meta property=\"og:url\" content=\"https:\/\/3d-edu.ch\/fr\/boutique\/build-platform-2-plate-forme-de-construction-2\/\" \/>\n<meta property=\"og:site_name\" content=\"3D-EDU GmbH\" \/>\n<meta property=\"article:publisher\" content=\"https:\/\/www.facebook.com\/3d-educh-210277586064960\/\" \/>\n<meta property=\"article:modified_time\" content=\"2026-05-13T23:00:45+00:00\" \/>\n<meta property=\"og:image\" content=\"https:\/\/3d-edu.ch\/wp-content\/uploads\/2022\/01\/Optimized_For_Web_JPEG-Formlabs-2021_BP2_004.jpg\" \/>\n\t<meta property=\"og:image:width\" content=\"380\" \/>\n\t<meta property=\"og:image:height\" content=\"380\" \/>\n\t<meta property=\"og:image:type\" content=\"image\/jpeg\" \/>\n<meta name=\"twitter:card\" content=\"summary_large_image\" \/>\n<meta name=\"twitter:site\" content=\"@3d_edu_ch\" \/>\n<meta name=\"twitter:label1\" content=\"Prix\" \/>\n\t<meta name=\"twitter:data1\" content=\"231.15&nbsp;&#067;&#072;&#070; hors TVA\" \/>\n\t<meta name=\"twitter:label2\" content=\"Disponibilit\u00e9\" \/>\n\t<meta name=\"twitter:data2\" content=\"En stock\" \/>\n<script type=\"application\/ld+json\" class=\"yoast-schema-graph\">{\"@context\":\"https:\\\/\\\/schema.org\",\"@graph\":[{\"@type\":\"WebPage\",\"@id\":\"https:\\\/\\\/3d-edu.ch\\\/fr\\\/boutique\\\/build-platform-2-plate-forme-de-construction-2\\\/\",\"url\":\"https:\\\/\\\/3d-edu.ch\\\/fr\\\/boutique\\\/build-platform-2-plate-forme-de-construction-2\\\/\",\"name\":\"Build Platform 2 \\\/ Plate-forme de construction 2 - Formlabs - 3D-EDU GmbH\",\"isPartOf\":{\"@id\":\"https:\\\/\\\/3d-edu.ch\\\/fr\\\/#website\"},\"primaryImageOfPage\":{\"@id\":\"https:\\\/\\\/3d-edu.ch\\\/fr\\\/boutique\\\/build-platform-2-plate-forme-de-construction-2\\\/#primaryimage\"},\"image\":{\"@id\":\"https:\\\/\\\/3d-edu.ch\\\/fr\\\/boutique\\\/build-platform-2-plate-forme-de-construction-2\\\/#primaryimage\"},\"thumbnailUrl\":\"https:\\\/\\\/3d-edu.ch\\\/wp-content\\\/uploads\\\/2022\\\/01\\\/Optimized_For_Web_JPEG-Formlabs-2021_BP2_004.jpg\",\"datePublished\":\"2022-01-04T15:58:38+00:00\",\"dateModified\":\"2026-05-13T23:00:45+00:00\",\"breadcrumb\":{\"@id\":\"https:\\\/\\\/3d-edu.ch\\\/fr\\\/boutique\\\/build-platform-2-plate-forme-de-construction-2\\\/#breadcrumb\"},\"inLanguage\":\"fr-FR\",\"potentialAction\":[{\"@type\":\"ReadAction\",\"target\":[\"https:\\\/\\\/3d-edu.ch\\\/fr\\\/boutique\\\/build-platform-2-plate-forme-de-construction-2\\\/\"]}]},{\"@type\":\"ImageObject\",\"inLanguage\":\"fr-FR\",\"@id\":\"https:\\\/\\\/3d-edu.ch\\\/fr\\\/boutique\\\/build-platform-2-plate-forme-de-construction-2\\\/#primaryimage\",\"url\":\"https:\\\/\\\/3d-edu.ch\\\/wp-content\\\/uploads\\\/2022\\\/01\\\/Optimized_For_Web_JPEG-Formlabs-2021_BP2_004.jpg\",\"contentUrl\":\"https:\\\/\\\/3d-edu.ch\\\/wp-content\\\/uploads\\\/2022\\\/01\\\/Optimized_For_Web_JPEG-Formlabs-2021_BP2_004.jpg\",\"width\":380,\"height\":380,\"caption\":\"Formlabs Build Platform 2\"},{\"@type\":\"BreadcrumbList\",\"@id\":\"https:\\\/\\\/3d-edu.ch\\\/fr\\\/boutique\\\/build-platform-2-plate-forme-de-construction-2\\\/#breadcrumb\",\"itemListElement\":[{\"@type\":\"ListItem\",\"position\":1,\"name\":\"Accueil\",\"item\":\"https:\\\/\\\/3d-edu.ch\\\/fr\\\/\"},{\"@type\":\"ListItem\",\"position\":2,\"name\":\"Boutique\",\"item\":\"https:\\\/\\\/3d-edu.ch\\\/fr\\\/boutique\\\/\"},{\"@type\":\"ListItem\",\"position\":3,\"name\":\"Build Platform 2 \\\/ Plate-forme de construction 2\"}]},{\"@type\":\"WebSite\",\"@id\":\"https:\\\/\\\/3d-edu.ch\\\/fr\\\/#website\",\"url\":\"https:\\\/\\\/3d-edu.ch\\\/fr\\\/\",\"name\":\"3D-EDU GmbH\",\"description\":\"Your Formlabs, UltiMaker and Raise3D Printer Support and Education Site in Switzerland. \\\/\\\/ Ihre Formlabs, UltiMaker and Raise3D Drucker Support und Bildungs Webseite der Schweiz.\",\"publisher\":{\"@id\":\"https:\\\/\\\/3d-edu.ch\\\/fr\\\/#organization\"},\"potentialAction\":[{\"@type\":\"SearchAction\",\"target\":{\"@type\":\"EntryPoint\",\"urlTemplate\":\"https:\\\/\\\/3d-edu.ch\\\/fr\\\/?s={search_term_string}\"},\"query-input\":{\"@type\":\"PropertyValueSpecification\",\"valueRequired\":true,\"valueName\":\"search_term_string\"}}],\"inLanguage\":\"fr-FR\"},{\"@type\":[\"Organization\",\"Place\",\"ElectronicsStore\"],\"@id\":\"https:\\\/\\\/3d-edu.ch\\\/fr\\\/#organization\",\"name\":\"3D-EDU GmbH\",\"url\":\"https:\\\/\\\/3d-edu.ch\\\/fr\\\/\",\"logo\":{\"@id\":\"https:\\\/\\\/3d-edu.ch\\\/fr\\\/boutique\\\/build-platform-2-plate-forme-de-construction-2\\\/#local-main-organization-logo\"},\"image\":{\"@id\":\"https:\\\/\\\/3d-edu.ch\\\/fr\\\/boutique\\\/build-platform-2-plate-forme-de-construction-2\\\/#local-main-organization-logo\"},\"sameAs\":[\"https:\\\/\\\/www.facebook.com\\\/3d-educh-210277586064960\\\/\",\"https:\\\/\\\/x.com\\\/3d_edu_ch\"],\"address\":{\"@id\":\"https:\\\/\\\/3d-edu.ch\\\/fr\\\/boutique\\\/build-platform-2-plate-forme-de-construction-2\\\/#local-main-place-address\"},\"geo\":{\"@type\":\"GeoCoordinates\",\"latitude\":\"47.38413\",\"longitude\":\"8.49812\"},\"telephone\":[\"+41 44 492 11 22\"],\"openingHoursSpecification\":[{\"@type\":\"OpeningHoursSpecification\",\"dayOfWeek\":[\"Monday\",\"Tuesday\",\"Wednesday\",\"Thursday\",\"Friday\"],\"opens\":\"08:30\",\"closes\":\"18:00\"},{\"@type\":\"OpeningHoursSpecification\",\"dayOfWeek\":[\"Saturday\",\"Sunday\"],\"opens\":\"00:00\",\"closes\":\"00:00\"}],\"email\":\"info@3d-edu.ch\",\"faxNumber\":\"+41 44 492 11 23\",\"vatID\":\"CHE-184.499.491 MWST\",\"priceRange\":\"$$$\",\"currenciesAccepted\":\"CHF\"},{\"@type\":\"PostalAddress\",\"@id\":\"https:\\\/\\\/3d-edu.ch\\\/fr\\\/boutique\\\/build-platform-2-plate-forme-de-construction-2\\\/#local-main-place-address\",\"streetAddress\":\"3D-EDU GmbH, Badenerstrasse 556\",\"addressLocality\":\"Z\u00fcrich\",\"postalCode\":\"8048\",\"addressRegion\":\"Z\u00fcrich\",\"addressCountry\":\"CH\"},{\"@type\":\"ImageObject\",\"inLanguage\":\"fr-FR\",\"@id\":\"https:\\\/\\\/3d-edu.ch\\\/fr\\\/boutique\\\/build-platform-2-plate-forme-de-construction-2\\\/#local-main-organization-logo\",\"url\":\"https:\\\/\\\/3d-edu.ch\\\/wp-content\\\/uploads\\\/2018\\\/10\\\/3d-drucker-makerbot-formlabs-professionelle-3d-drucker-e1546527990490.png\",\"contentUrl\":\"https:\\\/\\\/3d-edu.ch\\\/wp-content\\\/uploads\\\/2018\\\/10\\\/3d-drucker-makerbot-formlabs-professionelle-3d-drucker-e1546527990490.png\",\"width\":275,\"height\":80,\"caption\":\"3D-EDU GmbH\"}]}<\/script>\n<meta property=\"product:brand\" content=\"Accessoires\" \/>\n<meta property=\"product:price:amount\" content=\"231.15\" \/>\n<meta property=\"product:price:currency\" content=\"CHF\" \/>\n<meta property=\"og:availability\" content=\"instock\" \/>\n<meta property=\"product:availability\" content=\"instock\" \/>\n<meta property=\"product:retailer_item_id\" content=\"BP-F3-02-01\" \/>\n<meta property=\"product:condition\" content=\"new\" \/>\n<meta name=\"geo.placename\" content=\"Z\u00fcrich\" \/>\n<meta name=\"geo.position\" content=\"47.38413;8.49812\" \/>\n<meta name=\"geo.region\" content=\"Suisse\" \/>\n<!-- \/ Yoast SEO Premium plugin. -->","yoast_head_json":{"title":"Build Platform 2 \/ Plate-forme de construction 2 - Formlabs - 3D-EDU GmbH","robots":{"index":"index","follow":"follow","max-snippet":"max-snippet:-1","max-image-preview":"max-image-preview:large","max-video-preview":"max-video-preview:-1"},"canonical":"https:\/\/3d-edu.ch\/fr\/boutique\/build-platform-2-plate-forme-de-construction-2\/","og_locale":"fr_FR","og_type":"article","og_title":"Build Platform 2 \/ Plate-forme de construction 2","og_description":"Formlabs Build Platform 2 \/ Plate-forme de construction 2 La technologie brevet\u00e9e de d\u00e9gagement rapide (Quick Release Technology) de la plateforme de construction \"Build Platform 2\" de Formlabs permet de d\u00e9tacher rapidement et facilement les composants de la plateforme de construction. Cela ne prend que quelques secondes et ne n\u00e9cessite aucun outil. La Build Platform 2 r\u00e9duit ainsi le risque d'endommager les composants tout en optimisant votre processus de travail.","og_url":"https:\/\/3d-edu.ch\/fr\/boutique\/build-platform-2-plate-forme-de-construction-2\/","og_site_name":"3D-EDU GmbH","article_publisher":"https:\/\/www.facebook.com\/3d-educh-210277586064960\/","article_modified_time":"2026-05-13T23:00:45+00:00","og_image":[{"width":380,"height":380,"url":"https:\/\/3d-edu.ch\/wp-content\/uploads\/2022\/01\/Optimized_For_Web_JPEG-Formlabs-2021_BP2_004.jpg","type":"image\/jpeg"}],"twitter_card":"summary_large_image","twitter_site":"@3d_edu_ch","twitter_misc":{"Prix":"231.15&nbsp;&#67;&#72;&#70; hors TVA","Disponibilit\u00e9":"En stock"},"schema":{"@context":"https:\/\/schema.org","@graph":[{"@type":"WebPage","@id":"https:\/\/3d-edu.ch\/fr\/boutique\/build-platform-2-plate-forme-de-construction-2\/","url":"https:\/\/3d-edu.ch\/fr\/boutique\/build-platform-2-plate-forme-de-construction-2\/","name":"Build Platform 2 \/ Plate-forme de construction 2 - Formlabs - 3D-EDU GmbH","isPartOf":{"@id":"https:\/\/3d-edu.ch\/fr\/#website"},"primaryImageOfPage":{"@id":"https:\/\/3d-edu.ch\/fr\/boutique\/build-platform-2-plate-forme-de-construction-2\/#primaryimage"},"image":{"@id":"https:\/\/3d-edu.ch\/fr\/boutique\/build-platform-2-plate-forme-de-construction-2\/#primaryimage"},"thumbnailUrl":"https:\/\/3d-edu.ch\/wp-content\/uploads\/2022\/01\/Optimized_For_Web_JPEG-Formlabs-2021_BP2_004.jpg","datePublished":"2022-01-04T15:58:38+00:00","dateModified":"2026-05-13T23:00:45+00:00","breadcrumb":{"@id":"https:\/\/3d-edu.ch\/fr\/boutique\/build-platform-2-plate-forme-de-construction-2\/#breadcrumb"},"inLanguage":"fr-FR","potentialAction":[{"@type":"ReadAction","target":["https:\/\/3d-edu.ch\/fr\/boutique\/build-platform-2-plate-forme-de-construction-2\/"]}]},{"@type":"ImageObject","inLanguage":"fr-FR","@id":"https:\/\/3d-edu.ch\/fr\/boutique\/build-platform-2-plate-forme-de-construction-2\/#primaryimage","url":"https:\/\/3d-edu.ch\/wp-content\/uploads\/2022\/01\/Optimized_For_Web_JPEG-Formlabs-2021_BP2_004.jpg","contentUrl":"https:\/\/3d-edu.ch\/wp-content\/uploads\/2022\/01\/Optimized_For_Web_JPEG-Formlabs-2021_BP2_004.jpg","width":380,"height":380,"caption":"Formlabs Build Platform 2"},{"@type":"BreadcrumbList","@id":"https:\/\/3d-edu.ch\/fr\/boutique\/build-platform-2-plate-forme-de-construction-2\/#breadcrumb","itemListElement":[{"@type":"ListItem","position":1,"name":"Accueil","item":"https:\/\/3d-edu.ch\/fr\/"},{"@type":"ListItem","position":2,"name":"Boutique","item":"https:\/\/3d-edu.ch\/fr\/boutique\/"},{"@type":"ListItem","position":3,"name":"Build Platform 2 \/ Plate-forme de construction 2"}]},{"@type":"WebSite","@id":"https:\/\/3d-edu.ch\/fr\/#website","url":"https:\/\/3d-edu.ch\/fr\/","name":"3D-EDU GmbH","description":"Your Formlabs, UltiMaker and Raise3D Printer Support and Education Site in Switzerland. \/\/ Ihre Formlabs, UltiMaker and Raise3D Drucker Support und Bildungs Webseite der Schweiz.","publisher":{"@id":"https:\/\/3d-edu.ch\/fr\/#organization"},"potentialAction":[{"@type":"SearchAction","target":{"@type":"EntryPoint","urlTemplate":"https:\/\/3d-edu.ch\/fr\/?s={search_term_string}"},"query-input":{"@type":"PropertyValueSpecification","valueRequired":true,"valueName":"search_term_string"}}],"inLanguage":"fr-FR"},{"@type":["Organization","Place","ElectronicsStore"],"@id":"https:\/\/3d-edu.ch\/fr\/#organization","name":"3D-EDU GmbH","url":"https:\/\/3d-edu.ch\/fr\/","logo":{"@id":"https:\/\/3d-edu.ch\/fr\/boutique\/build-platform-2-plate-forme-de-construction-2\/#local-main-organization-logo"},"image":{"@id":"https:\/\/3d-edu.ch\/fr\/boutique\/build-platform-2-plate-forme-de-construction-2\/#local-main-organization-logo"},"sameAs":["https:\/\/www.facebook.com\/3d-educh-210277586064960\/","https:\/\/x.com\/3d_edu_ch"],"address":{"@id":"https:\/\/3d-edu.ch\/fr\/boutique\/build-platform-2-plate-forme-de-construction-2\/#local-main-place-address"},"geo":{"@type":"GeoCoordinates","latitude":"47.38413","longitude":"8.49812"},"telephone":["+41 44 492 11 22"],"openingHoursSpecification":[{"@type":"OpeningHoursSpecification","dayOfWeek":["Monday","Tuesday","Wednesday","Thursday","Friday"],"opens":"08:30","closes":"18:00"},{"@type":"OpeningHoursSpecification","dayOfWeek":["Saturday","Sunday"],"opens":"00:00","closes":"00:00"}],"email":"info@3d-edu.ch","faxNumber":"+41 44 492 11 23","vatID":"CHE-184.499.491 MWST","priceRange":"$$$","currenciesAccepted":"CHF"},{"@type":"PostalAddress","@id":"https:\/\/3d-edu.ch\/fr\/boutique\/build-platform-2-plate-forme-de-construction-2\/#local-main-place-address","streetAddress":"3D-EDU GmbH, Badenerstrasse 556","addressLocality":"Z\u00fcrich","postalCode":"8048","addressRegion":"Z\u00fcrich","addressCountry":"CH"},{"@type":"ImageObject","inLanguage":"fr-FR","@id":"https:\/\/3d-edu.ch\/fr\/boutique\/build-platform-2-plate-forme-de-construction-2\/#local-main-organization-logo","url":"https:\/\/3d-edu.ch\/wp-content\/uploads\/2018\/10\/3d-drucker-makerbot-formlabs-professionelle-3d-drucker-e1546527990490.png","contentUrl":"https:\/\/3d-edu.ch\/wp-content\/uploads\/2018\/10\/3d-drucker-makerbot-formlabs-professionelle-3d-drucker-e1546527990490.png","width":275,"height":80,"caption":"3D-EDU GmbH"}]},"product_brand":"Accessoires","product_price_amount":"231.15","product_price_currency":"CHF","og_availability":"instock","product_availability":"instock","product_retailer_item_id":"BP-F3-02-01","product_condition":"new","geo.placename":"Z\u00fcrich","geo.position":{"lat":"47.38413","long":"8.49812"},"geo.region":"Suisse"},"_links":{"self":[{"href":"https:\/\/3d-edu.ch\/fr\/wp-json\/wp\/v2\/product\/77066","targetHints":{"allow":["GET"]}}],"collection":[{"href":"https:\/\/3d-edu.ch\/fr\/wp-json\/wp\/v2\/product"}],"about":[{"href":"https:\/\/3d-edu.ch\/fr\/wp-json\/wp\/v2\/types\/product"}],"replies":[{"embeddable":true,"href":"https:\/\/3d-edu.ch\/fr\/wp-json\/wp\/v2\/comments?post=77066"}],"wp:featuredmedia":[{"embeddable":true,"href":"https:\/\/3d-edu.ch\/fr\/wp-json\/wp\/v2\/media\/64820"}],"wp:attachment":[{"href":"https:\/\/3d-edu.ch\/fr\/wp-json\/wp\/v2\/media?parent=77066"}],"wp:term":[{"taxonomy":"product_brand","embeddable":true,"href":"https:\/\/3d-edu.ch\/fr\/wp-json\/wp\/v2\/product_brand?post=77066"},{"taxonomy":"product_cat","embeddable":true,"href":"https:\/\/3d-edu.ch\/fr\/wp-json\/wp\/v2\/product_cat?post=77066"},{"taxonomy":"product_tag","embeddable":true,"href":"https:\/\/3d-edu.ch\/fr\/wp-json\/wp\/v2\/product_tag?post=77066"}],"curies":[{"name":"wp","href":"https:\/\/api.w.org\/{rel}","templated":true}]}}