{"id":76995,"date":"2022-03-03T16:44:21","date_gmt":"2022-03-03T15:44:21","guid":{"rendered":"https:\/\/3d-edu.ch\/shop\/formlabs-nylon-12-gf-powder-6kg\/"},"modified":"2026-04-20T18:16:32","modified_gmt":"2026-04-20T16:16:32","slug":"formlabs-nylon-12-gf-powder-6kg","status":"publish","type":"product","link":"https:\/\/3d-edu.ch\/fr\/boutique\/formlabs-nylon-12-gf-powder-6kg\/","title":{"rendered":"Formlabs Nylon 12 GF Powder 6kg"},"content":{"rendered":"<h3>Nylon 12 GF Powder R\u00e9cipient de 6 kg<\/h3>\n<p>Le Nylon 12 GF Powder \/ PA12 GF Powder combine rigidit\u00e9 et r\u00e9sistance \u00e0 la chaleur. Ce mat\u00e9riau convient donc aux prototypes performants et fonctionnels et \u00e0 la fabrication d&rsquo;assemblages robustes. Les composants en PA 12 GF de Formlabs sont rigides, r\u00e9sistants \u00e0 la chaleur et offrent une grande stabilit\u00e9 dimensionnelle. La poudre Formlabs Nylon 12 GF a \u00e9t\u00e9 sp\u00e9cialement con\u00e7ue pour \u00eatre utilis\u00e9e avec le <a href=\"https:\/\/3d-edu.ch\/fr\/formlabs\/imprimante-3d-formlabs\/fuse-1\/\">Formlabs Fuse 1<\/a>.<\/p>\n<div class=\"accordion\">\n\t<div id=\"accordion-1068549829\" class=\"accordion-item\">\n\t\t<a id=\"accordion-1068549829-label\" class=\"accordion-title plain\" href=\"#accordion-item-plus-d&#039;informations\" aria-expanded=\"false\" aria-controls=\"accordion-1068549829-content\">\n\t\t\t<button class=\"toggle\" aria-label=\"Basculer\"><i class=\"icon-angle-down\" aria-hidden=\"true\"><\/i><\/button>\n\t\t\t<span>Plus d&#039;informations<\/span>\n\t\t<\/a>\n\t\t<div id=\"accordion-1068549829-content\" class=\"accordion-inner\" aria-labelledby=\"accordion-1068549829-label\">\n\t\t\t\n<h5>Contenu de la livraison<\/h5>\n<p>1x Formlabs Nylon 12 GF Powder 6kg<\/p>\n<p>Disponible pour Fuse 1.<\/p>\n<h5>Informations compl\u00e9mentaires<\/h5>\n<p>Le module d&rsquo;\u00e9lasticit\u00e9 \u00e9lev\u00e9 et la temp\u00e9rature HDT (r\u00e9sistance \u00e0 la chaleur) \u00e9lev\u00e9e du Nylon 12 GF Powder en font un mat\u00e9riau int\u00e9ressant pour la fabrication de prototypes destin\u00e9s \u00e0 la validation fonctionnelle des mat\u00e9riaux composites, ainsi que de pi\u00e8ces finales stables capables de r\u00e9sister \u00e0 des conditions difficiles. Les pi\u00e8ces en Nylon 12 GF de Formlab ont une tr\u00e8s bonne stabilit\u00e9 dimensionnelle (quasiment pas de d\u00e9formation) et r\u00e9sistent \u00e0 des charges permanentes, m\u00eame \u00e0 des temp\u00e9ratures \u00e9lev\u00e9es. En outre, les pi\u00e8ces ont une tr\u00e8s faible absorption d&rsquo;humidit\u00e9 et r\u00e9sistent \u00e0 la lumi\u00e8re, \u00e0 la chaleur et aux produits chimiques.  <\/p>\n<p>Pour plus d&rsquo;informations sur la poudre Formlabs Nylon 12 GF, voir <a href=\"https:\/\/3d-edu.ch\/fr\/formlabs\/formlabs-sls-en-poudre\/#Nylon%2012%20GF\">Formlabs SLS poudre<\/a>.<\/p>\n<h2>Formlabs SLS Powder \/ Poudre SLS<\/h2>\n<p>Formlabs SLS Powder \/ Poudre SLS fournit des r\u00e9sultats de haute qualit\u00e9 avec les <a href=\"https:\/\/3d-edu.ch\/fr\/formlabs\/imprimante-3d-formlabs\/fuse-1\/\">imprimantes 3D Formlabs Fuse 1 SLS<\/a>. La biblioth\u00e8que de mat\u00e9riaux comprend actuellement 3 poudres et continue de s&rsquo;enrichir. En plus des poudres PA 12 SLS <a href=\"\/shop\/formlabs-nylon-12-powder-6kg\/\">\u00ab\u00a0Nylon 12\u00a0\u00bb<\/a> et \u00ab\u00a0Nylon 12 GF\u00a0\u00bb, Fromlabs propose \u00e9galement une poudre PA 11 SLS <a href=\"https:\/\/3d-edu.ch\/fr\/boutique\/formlabs-nylon-11-powder-6kg\/\">\u00ab\u00a0Nylon 11\u00a0\u00bb<\/a> pour l&rsquo;imprimante 3D Formlabs Fuse 1 SLS.<\/p>\n\t\t<\/div>\n\t<\/div>\n\t\n<\/div>\n","protected":false},"excerpt":{"rendered":"<h2><strong>Formlabs Nylon 12 GF Powder 6kg<\/strong><\/h2>\n<p>Les pi\u00e8ces imprim\u00e9es avec de la poudre de nylon 12 sont rigides et r\u00e9sistantes \u00e0 la chaleur. Il s&rsquo;agit d&rsquo;un nylon 12 charg\u00e9 de verre (glas filled) qui convient au prototypage fonctionnel et \u00e0 la production d&rsquo;assemblages complexes, ainsi qu&rsquo;\u00e0 la fabrication de pi\u00e8ces destin\u00e9es \u00e0 l&rsquo;utilisateur final. Le PA 12 GF de Formlab r\u00e9siste \u00e0 des conditions difficiles et est recommand\u00e9 pour les applications o\u00f9 la rigidit\u00e9 structurelle et la stabilit\u00e9 thermique sont essentielles.  <\/p>\n","protected":false},"featured_media":64952,"comment_status":"closed","ping_status":"closed","template":"","meta":[],"product_brand":[],"product_cat":[7780,7880,7895],"product_tag":[7784,8053],"class_list":{"0":"post-76995","1":"product","2":"type-product","3":"status-publish","4":"has-post-thumbnail","6":"product_cat-formlabs-fr","7":"product_cat-materiaux-formlabs-fr","8":"product_cat-poudre-sls-fr","9":"product_tag-formlabs-fr","10":"product_tag-resine-formlabs","12":"first","13":"onbackorder","14":"taxable","15":"shipping-taxable","16":"purchasable","17":"product-type-simple"},"yoast_head":"<!-- This site is optimized with the Yoast SEO Premium plugin v27.4 (Yoast SEO v27.4) - https:\/\/yoast.com\/product\/yoast-seo-premium-wordpress\/ -->\n<title>Formlabs Nylon 12 GF Powder 6kg %%page% - 3D-EDU GmbH%<\/title>\n<meta name=\"robots\" content=\"index, follow, max-snippet:-1, max-image-preview:large, max-video-preview:-1\" \/>\n<link rel=\"canonical\" href=\"https:\/\/3d-edu.ch\/fr\/boutique\/formlabs-nylon-12-gf-powder-6kg\/\" \/>\n<meta property=\"og:locale\" content=\"fr_FR\" \/>\n<meta property=\"og:type\" content=\"article\" \/>\n<meta property=\"og:title\" content=\"Formlabs Nylon 12 GF Powder 6kg\" \/>\n<meta property=\"og:description\" content=\"Formlabs Nylon 12 GF Powder 6kg Les pi\u00e8ces imprim\u00e9es avec de la poudre de nylon 12 sont rigides et r\u00e9sistantes \u00e0 la chaleur. Il s&#039;agit d&#039;un nylon 12 charg\u00e9 de verre (glas filled) qui convient au prototypage fonctionnel et \u00e0 la production d&#039;assemblages complexes, ainsi qu&#039;\u00e0 la fabrication de pi\u00e8ces destin\u00e9es \u00e0 l&#039;utilisateur final. Le PA 12 GF de Formlab r\u00e9siste \u00e0 des conditions difficiles et est recommand\u00e9 pour les applications o\u00f9 la rigidit\u00e9 structurelle et la stabilit\u00e9 thermique sont essentielles.\" \/>\n<meta property=\"og:url\" content=\"https:\/\/3d-edu.ch\/fr\/boutique\/formlabs-nylon-12-gf-powder-6kg\/\" \/>\n<meta property=\"og:site_name\" content=\"3D-EDU GmbH\" \/>\n<meta property=\"article:publisher\" content=\"https:\/\/www.facebook.com\/3d-educh-210277586064960\/\" \/>\n<meta property=\"article:modified_time\" content=\"2026-04-20T16:16:32+00:00\" \/>\n<meta property=\"og:image\" content=\"https:\/\/3d-edu.ch\/wp-content\/uploads\/2022\/03\/formlabs-nylon-12-gf.jpg\" \/>\n\t<meta property=\"og:image:width\" content=\"380\" \/>\n\t<meta property=\"og:image:height\" content=\"380\" \/>\n\t<meta property=\"og:image:type\" content=\"image\/jpeg\" \/>\n<meta name=\"twitter:card\" content=\"summary_large_image\" \/>\n<meta name=\"twitter:site\" content=\"@3d_edu_ch\" \/>\n<meta name=\"twitter:label1\" content=\"Prix\" \/>\n\t<meta name=\"twitter:data1\" content=\"661.09&nbsp;&#067;&#072;&#070; hors TVA\" \/>\n\t<meta name=\"twitter:label2\" content=\"Disponibilit\u00e9\" \/>\n\t<meta name=\"twitter:data2\" content=\"En r\u00e9assort\" \/>\n<script type=\"application\/ld+json\" class=\"yoast-schema-graph\">{\"@context\":\"https:\\\/\\\/schema.org\",\"@graph\":[{\"@type\":\"WebPage\",\"@id\":\"https:\\\/\\\/3d-edu.ch\\\/fr\\\/boutique\\\/formlabs-nylon-12-gf-powder-6kg\\\/\",\"url\":\"https:\\\/\\\/3d-edu.ch\\\/fr\\\/boutique\\\/formlabs-nylon-12-gf-powder-6kg\\\/\",\"name\":\"Formlabs Nylon 12 GF Powder 6kg %%page% - 3D-EDU GmbH%\",\"isPartOf\":{\"@id\":\"https:\\\/\\\/3d-edu.ch\\\/fr\\\/#website\"},\"primaryImageOfPage\":{\"@id\":\"https:\\\/\\\/3d-edu.ch\\\/fr\\\/boutique\\\/formlabs-nylon-12-gf-powder-6kg\\\/#primaryimage\"},\"image\":{\"@id\":\"https:\\\/\\\/3d-edu.ch\\\/fr\\\/boutique\\\/formlabs-nylon-12-gf-powder-6kg\\\/#primaryimage\"},\"thumbnailUrl\":\"https:\\\/\\\/3d-edu.ch\\\/wp-content\\\/uploads\\\/2022\\\/03\\\/formlabs-nylon-12-gf.jpg\",\"datePublished\":\"2022-03-03T15:44:21+00:00\",\"dateModified\":\"2026-04-20T16:16:32+00:00\",\"breadcrumb\":{\"@id\":\"https:\\\/\\\/3d-edu.ch\\\/fr\\\/boutique\\\/formlabs-nylon-12-gf-powder-6kg\\\/#breadcrumb\"},\"inLanguage\":\"fr-FR\",\"potentialAction\":[{\"@type\":\"ReadAction\",\"target\":[\"https:\\\/\\\/3d-edu.ch\\\/fr\\\/boutique\\\/formlabs-nylon-12-gf-powder-6kg\\\/\"]}]},{\"@type\":\"ImageObject\",\"inLanguage\":\"fr-FR\",\"@id\":\"https:\\\/\\\/3d-edu.ch\\\/fr\\\/boutique\\\/formlabs-nylon-12-gf-powder-6kg\\\/#primaryimage\",\"url\":\"https:\\\/\\\/3d-edu.ch\\\/wp-content\\\/uploads\\\/2022\\\/03\\\/formlabs-nylon-12-gf.jpg\",\"contentUrl\":\"https:\\\/\\\/3d-edu.ch\\\/wp-content\\\/uploads\\\/2022\\\/03\\\/formlabs-nylon-12-gf.jpg\",\"width\":380,\"height\":380,\"caption\":\"Formlabs Nylon 12 GF\"},{\"@type\":\"BreadcrumbList\",\"@id\":\"https:\\\/\\\/3d-edu.ch\\\/fr\\\/boutique\\\/formlabs-nylon-12-gf-powder-6kg\\\/#breadcrumb\",\"itemListElement\":[{\"@type\":\"ListItem\",\"position\":1,\"name\":\"Accueil\",\"item\":\"https:\\\/\\\/3d-edu.ch\\\/fr\\\/\"},{\"@type\":\"ListItem\",\"position\":2,\"name\":\"Boutique\",\"item\":\"https:\\\/\\\/3d-edu.ch\\\/fr\\\/boutique\\\/\"},{\"@type\":\"ListItem\",\"position\":3,\"name\":\"Formlabs Nylon 12 GF Powder 6kg\"}]},{\"@type\":\"WebSite\",\"@id\":\"https:\\\/\\\/3d-edu.ch\\\/fr\\\/#website\",\"url\":\"https:\\\/\\\/3d-edu.ch\\\/fr\\\/\",\"name\":\"3D-EDU GmbH\",\"description\":\"Your Formlabs, UltiMaker and Raise3D Printer Support and Education Site in Switzerland. \\\/\\\/ Ihre Formlabs, UltiMaker and Raise3D Drucker Support und Bildungs Webseite der Schweiz.\",\"publisher\":{\"@id\":\"https:\\\/\\\/3d-edu.ch\\\/fr\\\/#organization\"},\"potentialAction\":[{\"@type\":\"SearchAction\",\"target\":{\"@type\":\"EntryPoint\",\"urlTemplate\":\"https:\\\/\\\/3d-edu.ch\\\/fr\\\/?s={search_term_string}\"},\"query-input\":{\"@type\":\"PropertyValueSpecification\",\"valueRequired\":true,\"valueName\":\"search_term_string\"}}],\"inLanguage\":\"fr-FR\"},{\"@type\":[\"Organization\",\"Place\",\"ElectronicsStore\"],\"@id\":\"https:\\\/\\\/3d-edu.ch\\\/fr\\\/#organization\",\"name\":\"3D-EDU GmbH\",\"url\":\"https:\\\/\\\/3d-edu.ch\\\/fr\\\/\",\"logo\":{\"@id\":\"https:\\\/\\\/3d-edu.ch\\\/fr\\\/boutique\\\/formlabs-nylon-12-gf-powder-6kg\\\/#local-main-organization-logo\"},\"image\":{\"@id\":\"https:\\\/\\\/3d-edu.ch\\\/fr\\\/boutique\\\/formlabs-nylon-12-gf-powder-6kg\\\/#local-main-organization-logo\"},\"sameAs\":[\"https:\\\/\\\/www.facebook.com\\\/3d-educh-210277586064960\\\/\",\"https:\\\/\\\/x.com\\\/3d_edu_ch\"],\"address\":{\"@id\":\"https:\\\/\\\/3d-edu.ch\\\/fr\\\/boutique\\\/formlabs-nylon-12-gf-powder-6kg\\\/#local-main-place-address\"},\"geo\":{\"@type\":\"GeoCoordinates\",\"latitude\":\"47.38413\",\"longitude\":\"8.49812\"},\"telephone\":[\"+41 44 492 11 22\"],\"openingHoursSpecification\":[{\"@type\":\"OpeningHoursSpecification\",\"dayOfWeek\":[\"Monday\",\"Tuesday\",\"Wednesday\",\"Thursday\",\"Friday\"],\"opens\":\"08:30\",\"closes\":\"18:00\"},{\"@type\":\"OpeningHoursSpecification\",\"dayOfWeek\":[\"Saturday\",\"Sunday\"],\"opens\":\"00:00\",\"closes\":\"00:00\"}],\"email\":\"info@3d-edu.ch\",\"faxNumber\":\"+41 44 492 11 23\",\"vatID\":\"CHE-184.499.491 MWST\",\"priceRange\":\"$$$\",\"currenciesAccepted\":\"CHF\"},{\"@type\":\"PostalAddress\",\"@id\":\"https:\\\/\\\/3d-edu.ch\\\/fr\\\/boutique\\\/formlabs-nylon-12-gf-powder-6kg\\\/#local-main-place-address\",\"streetAddress\":\"3D-EDU GmbH, Badenerstrasse 556\",\"addressLocality\":\"Z\u00fcrich\",\"postalCode\":\"8048\",\"addressRegion\":\"Z\u00fcrich\",\"addressCountry\":\"CH\"},{\"@type\":\"ImageObject\",\"inLanguage\":\"fr-FR\",\"@id\":\"https:\\\/\\\/3d-edu.ch\\\/fr\\\/boutique\\\/formlabs-nylon-12-gf-powder-6kg\\\/#local-main-organization-logo\",\"url\":\"https:\\\/\\\/3d-edu.ch\\\/wp-content\\\/uploads\\\/2018\\\/10\\\/3d-drucker-makerbot-formlabs-professionelle-3d-drucker-e1546527990490.png\",\"contentUrl\":\"https:\\\/\\\/3d-edu.ch\\\/wp-content\\\/uploads\\\/2018\\\/10\\\/3d-drucker-makerbot-formlabs-professionelle-3d-drucker-e1546527990490.png\",\"width\":275,\"height\":80,\"caption\":\"3D-EDU GmbH\"}]}<\/script>\n<meta property=\"product:brand\" content=\"Formlabs\" \/>\n<meta property=\"product:price:amount\" content=\"661.09\" \/>\n<meta property=\"product:price:currency\" content=\"CHF\" \/>\n<meta property=\"og:availability\" content=\"backorder\" \/>\n<meta property=\"product:availability\" content=\"available for order\" \/>\n<meta property=\"product:retailer_item_id\" content=\"PD-FS-P12B-01\" \/>\n<meta property=\"product:condition\" content=\"new\" \/>\n<meta name=\"geo.placename\" content=\"Z\u00fcrich\" \/>\n<meta name=\"geo.position\" content=\"47.38413;8.49812\" \/>\n<meta name=\"geo.region\" content=\"Suisse\" \/>\n<!-- \/ Yoast SEO Premium plugin. -->","yoast_head_json":{"title":"Formlabs Nylon 12 GF Powder 6kg %%page% - 3D-EDU GmbH%","robots":{"index":"index","follow":"follow","max-snippet":"max-snippet:-1","max-image-preview":"max-image-preview:large","max-video-preview":"max-video-preview:-1"},"canonical":"https:\/\/3d-edu.ch\/fr\/boutique\/formlabs-nylon-12-gf-powder-6kg\/","og_locale":"fr_FR","og_type":"article","og_title":"Formlabs Nylon 12 GF Powder 6kg","og_description":"Formlabs Nylon 12 GF Powder 6kg Les pi\u00e8ces imprim\u00e9es avec de la poudre de nylon 12 sont rigides et r\u00e9sistantes \u00e0 la chaleur. Il s'agit d'un nylon 12 charg\u00e9 de verre (glas filled) qui convient au prototypage fonctionnel et \u00e0 la production d'assemblages complexes, ainsi qu'\u00e0 la fabrication de pi\u00e8ces destin\u00e9es \u00e0 l'utilisateur final. Le PA 12 GF de Formlab r\u00e9siste \u00e0 des conditions difficiles et est recommand\u00e9 pour les applications o\u00f9 la rigidit\u00e9 structurelle et la stabilit\u00e9 thermique sont essentielles.","og_url":"https:\/\/3d-edu.ch\/fr\/boutique\/formlabs-nylon-12-gf-powder-6kg\/","og_site_name":"3D-EDU GmbH","article_publisher":"https:\/\/www.facebook.com\/3d-educh-210277586064960\/","article_modified_time":"2026-04-20T16:16:32+00:00","og_image":[{"width":380,"height":380,"url":"https:\/\/3d-edu.ch\/wp-content\/uploads\/2022\/03\/formlabs-nylon-12-gf.jpg","type":"image\/jpeg"}],"twitter_card":"summary_large_image","twitter_site":"@3d_edu_ch","twitter_misc":{"Prix":"661.09&nbsp;&#67;&#72;&#70; hors TVA","Disponibilit\u00e9":"En r\u00e9assort"},"schema":{"@context":"https:\/\/schema.org","@graph":[{"@type":"WebPage","@id":"https:\/\/3d-edu.ch\/fr\/boutique\/formlabs-nylon-12-gf-powder-6kg\/","url":"https:\/\/3d-edu.ch\/fr\/boutique\/formlabs-nylon-12-gf-powder-6kg\/","name":"Formlabs Nylon 12 GF Powder 6kg %%page% - 3D-EDU GmbH%","isPartOf":{"@id":"https:\/\/3d-edu.ch\/fr\/#website"},"primaryImageOfPage":{"@id":"https:\/\/3d-edu.ch\/fr\/boutique\/formlabs-nylon-12-gf-powder-6kg\/#primaryimage"},"image":{"@id":"https:\/\/3d-edu.ch\/fr\/boutique\/formlabs-nylon-12-gf-powder-6kg\/#primaryimage"},"thumbnailUrl":"https:\/\/3d-edu.ch\/wp-content\/uploads\/2022\/03\/formlabs-nylon-12-gf.jpg","datePublished":"2022-03-03T15:44:21+00:00","dateModified":"2026-04-20T16:16:32+00:00","breadcrumb":{"@id":"https:\/\/3d-edu.ch\/fr\/boutique\/formlabs-nylon-12-gf-powder-6kg\/#breadcrumb"},"inLanguage":"fr-FR","potentialAction":[{"@type":"ReadAction","target":["https:\/\/3d-edu.ch\/fr\/boutique\/formlabs-nylon-12-gf-powder-6kg\/"]}]},{"@type":"ImageObject","inLanguage":"fr-FR","@id":"https:\/\/3d-edu.ch\/fr\/boutique\/formlabs-nylon-12-gf-powder-6kg\/#primaryimage","url":"https:\/\/3d-edu.ch\/wp-content\/uploads\/2022\/03\/formlabs-nylon-12-gf.jpg","contentUrl":"https:\/\/3d-edu.ch\/wp-content\/uploads\/2022\/03\/formlabs-nylon-12-gf.jpg","width":380,"height":380,"caption":"Formlabs Nylon 12 GF"},{"@type":"BreadcrumbList","@id":"https:\/\/3d-edu.ch\/fr\/boutique\/formlabs-nylon-12-gf-powder-6kg\/#breadcrumb","itemListElement":[{"@type":"ListItem","position":1,"name":"Accueil","item":"https:\/\/3d-edu.ch\/fr\/"},{"@type":"ListItem","position":2,"name":"Boutique","item":"https:\/\/3d-edu.ch\/fr\/boutique\/"},{"@type":"ListItem","position":3,"name":"Formlabs Nylon 12 GF Powder 6kg"}]},{"@type":"WebSite","@id":"https:\/\/3d-edu.ch\/fr\/#website","url":"https:\/\/3d-edu.ch\/fr\/","name":"3D-EDU GmbH","description":"Your Formlabs, UltiMaker and Raise3D Printer Support and Education Site in Switzerland. \/\/ Ihre Formlabs, UltiMaker and Raise3D Drucker Support und Bildungs Webseite der Schweiz.","publisher":{"@id":"https:\/\/3d-edu.ch\/fr\/#organization"},"potentialAction":[{"@type":"SearchAction","target":{"@type":"EntryPoint","urlTemplate":"https:\/\/3d-edu.ch\/fr\/?s={search_term_string}"},"query-input":{"@type":"PropertyValueSpecification","valueRequired":true,"valueName":"search_term_string"}}],"inLanguage":"fr-FR"},{"@type":["Organization","Place","ElectronicsStore"],"@id":"https:\/\/3d-edu.ch\/fr\/#organization","name":"3D-EDU GmbH","url":"https:\/\/3d-edu.ch\/fr\/","logo":{"@id":"https:\/\/3d-edu.ch\/fr\/boutique\/formlabs-nylon-12-gf-powder-6kg\/#local-main-organization-logo"},"image":{"@id":"https:\/\/3d-edu.ch\/fr\/boutique\/formlabs-nylon-12-gf-powder-6kg\/#local-main-organization-logo"},"sameAs":["https:\/\/www.facebook.com\/3d-educh-210277586064960\/","https:\/\/x.com\/3d_edu_ch"],"address":{"@id":"https:\/\/3d-edu.ch\/fr\/boutique\/formlabs-nylon-12-gf-powder-6kg\/#local-main-place-address"},"geo":{"@type":"GeoCoordinates","latitude":"47.38413","longitude":"8.49812"},"telephone":["+41 44 492 11 22"],"openingHoursSpecification":[{"@type":"OpeningHoursSpecification","dayOfWeek":["Monday","Tuesday","Wednesday","Thursday","Friday"],"opens":"08:30","closes":"18:00"},{"@type":"OpeningHoursSpecification","dayOfWeek":["Saturday","Sunday"],"opens":"00:00","closes":"00:00"}],"email":"info@3d-edu.ch","faxNumber":"+41 44 492 11 23","vatID":"CHE-184.499.491 MWST","priceRange":"$$$","currenciesAccepted":"CHF"},{"@type":"PostalAddress","@id":"https:\/\/3d-edu.ch\/fr\/boutique\/formlabs-nylon-12-gf-powder-6kg\/#local-main-place-address","streetAddress":"3D-EDU GmbH, Badenerstrasse 556","addressLocality":"Z\u00fcrich","postalCode":"8048","addressRegion":"Z\u00fcrich","addressCountry":"CH"},{"@type":"ImageObject","inLanguage":"fr-FR","@id":"https:\/\/3d-edu.ch\/fr\/boutique\/formlabs-nylon-12-gf-powder-6kg\/#local-main-organization-logo","url":"https:\/\/3d-edu.ch\/wp-content\/uploads\/2018\/10\/3d-drucker-makerbot-formlabs-professionelle-3d-drucker-e1546527990490.png","contentUrl":"https:\/\/3d-edu.ch\/wp-content\/uploads\/2018\/10\/3d-drucker-makerbot-formlabs-professionelle-3d-drucker-e1546527990490.png","width":275,"height":80,"caption":"3D-EDU GmbH"}]},"product_brand":"Formlabs","product_price_amount":"661.09","product_price_currency":"CHF","og_availability":"backorder","product_availability":"available for order","product_retailer_item_id":"PD-FS-P12B-01","product_condition":"new","geo.placename":"Z\u00fcrich","geo.position":{"lat":"47.38413","long":"8.49812"},"geo.region":"Suisse"},"_links":{"self":[{"href":"https:\/\/3d-edu.ch\/fr\/wp-json\/wp\/v2\/product\/76995","targetHints":{"allow":["GET"]}}],"collection":[{"href":"https:\/\/3d-edu.ch\/fr\/wp-json\/wp\/v2\/product"}],"about":[{"href":"https:\/\/3d-edu.ch\/fr\/wp-json\/wp\/v2\/types\/product"}],"replies":[{"embeddable":true,"href":"https:\/\/3d-edu.ch\/fr\/wp-json\/wp\/v2\/comments?post=76995"}],"wp:featuredmedia":[{"embeddable":true,"href":"https:\/\/3d-edu.ch\/fr\/wp-json\/wp\/v2\/media\/64952"}],"wp:attachment":[{"href":"https:\/\/3d-edu.ch\/fr\/wp-json\/wp\/v2\/media?parent=76995"}],"wp:term":[{"taxonomy":"product_brand","embeddable":true,"href":"https:\/\/3d-edu.ch\/fr\/wp-json\/wp\/v2\/product_brand?post=76995"},{"taxonomy":"product_cat","embeddable":true,"href":"https:\/\/3d-edu.ch\/fr\/wp-json\/wp\/v2\/product_cat?post=76995"},{"taxonomy":"product_tag","embeddable":true,"href":"https:\/\/3d-edu.ch\/fr\/wp-json\/wp\/v2\/product_tag?post=76995"}],"curies":[{"name":"wp","href":"https:\/\/api.w.org\/{rel}","templated":true}]}}