{"id":76951,"date":"2022-09-07T09:26:59","date_gmt":"2022-09-07T09:26:59","guid":{"rendered":"https:\/\/3d-edu.ch\/shop\/gants-jetables-en-nitrile-100-pcs-taille-l\/"},"modified":"2026-04-20T19:37:07","modified_gmt":"2026-04-20T17:37:07","slug":"gants-jetables-en-nitrile-100-pcs-taille-l","status":"publish","type":"product","link":"https:\/\/3d-edu.ch\/fr\/boutique\/gants-jetables-en-nitrile-100-pcs-taille-l\/","title":{"rendered":"Gants jetables en nitrile 100 pcs taille L"},"content":{"rendered":"<h2><strong>Gants jetables en nitrile 100 pcs taille L  <\/strong><\/h2>\n<p><strong>Contenu de la livraison :<\/strong><\/p>\n<p>1 carton \u00e0 100 STK<\/p>\n","protected":false},"excerpt":{"rendered":"<h2><strong> <\/strong>Gants jetables en nitrile 100 pcs taille L<\/h2>\n<div class=\"product-detail-description-text\">\n<p>Les gants jetables en nitrile ne contiennent pas de prot\u00e9ines allerg\u00e8nes et constituent donc une alternative aux gants en latex qui respecte la peau. Les gants en nitrile r\u00e9sistent \u00e0 de nombreux produits chimiques et huiles, sont r\u00e9sistants \u00e0 la d\u00e9chirure, convainquent par leur grande \u00e9lasticit\u00e9 et procurent une bonne sensibilit\u00e9 tactile. Ils sont id\u00e9aux pour une utilisation en m\u00e9decine, dans le domaine des soins et de l&rsquo;entretien des locaux.  <\/p>\n<\/div>\n","protected":false},"featured_media":65590,"comment_status":"closed","ping_status":"closed","template":"","meta":[],"product_brand":[],"product_cat":[7781,7899,7783,7780,7896,7782,7897,7900,7898],"product_tag":[7785,7784,10083],"class_list":{"0":"post-76951","1":"product","2":"type-product","3":"status-publish","4":"has-post-thumbnail","6":"product_cat-accessoires","7":"product_cat-form-2-3-l-accessoires-fr","8":"product_cat-form-4-accessoires","9":"product_cat-formlabs-fr","10":"product_cat-post-traitement-fr","11":"product_cat-sla-lfs-accessoires","12":"product_cat-sla-lfs-post-traitement-fr","13":"product_cat-sls-accessoires-fr","14":"product_cat-sls-post-traitement-fr","15":"product_tag-accessoires-formlabs","16":"product_tag-formlabs-fr","17":"product_tag-gants","19":"first","20":"instock","21":"taxable","22":"shipping-taxable","23":"purchasable","24":"product-type-simple"},"yoast_head":"<!-- This site is optimized with the Yoast SEO Premium plugin v27.4 (Yoast SEO v27.4) - https:\/\/yoast.com\/product\/yoast-seo-premium-wordpress\/ -->\n<title>Formlabs Gants jetables en nitrile 100 pcs taille L acheter - 3D-EDU GmbH<\/title>\n<meta name=\"robots\" content=\"index, follow, max-snippet:-1, max-image-preview:large, max-video-preview:-1\" \/>\n<link rel=\"canonical\" href=\"https:\/\/3d-edu.ch\/fr\/boutique\/gants-jetables-en-nitrile-100-pcs-taille-l\/\" \/>\n<meta property=\"og:locale\" content=\"fr_FR\" \/>\n<meta property=\"og:type\" content=\"article\" \/>\n<meta property=\"og:title\" content=\"Gants jetables en nitrile 100 pcs taille L\" \/>\n<meta property=\"og:description\" content=\"Gants jetables en nitrile 100 pcs taille L  Les gants jetables en nitrile ne contiennent pas de prot\u00e9ines allerg\u00e8nes et constituent donc une alternative aux gants en latex qui respecte la peau. Les gants en nitrile r\u00e9sistent \u00e0 de nombreux produits chimiques et huiles, sont r\u00e9sistants \u00e0 la d\u00e9chirure, convainquent par leur grande \u00e9lasticit\u00e9 et procurent une bonne sensibilit\u00e9 tactile. Ils sont id\u00e9aux pour une utilisation en m\u00e9decine, dans le domaine des soins et de l&#039;entretien des locaux.\" \/>\n<meta property=\"og:url\" content=\"https:\/\/3d-edu.ch\/fr\/boutique\/gants-jetables-en-nitrile-100-pcs-taille-l\/\" \/>\n<meta property=\"og:site_name\" content=\"3D-EDU GmbH\" \/>\n<meta property=\"article:publisher\" content=\"https:\/\/www.facebook.com\/3d-educh-210277586064960\/\" \/>\n<meta property=\"article:modified_time\" content=\"2026-04-20T17:37:07+00:00\" \/>\n<meta property=\"og:image\" content=\"https:\/\/dedune53.myhostpoint.ch\/wp-content\/uploads\/2019\/09\/formlabs-form-3-resin-tank.jpg\" \/>\n<meta name=\"twitter:card\" content=\"summary_large_image\" \/>\n<meta name=\"twitter:site\" content=\"@3d_edu_ch\" \/>\n<meta name=\"twitter:label1\" content=\"Prix\" \/>\n\t<meta name=\"twitter:data1\" content=\"15.60&nbsp;&#067;&#072;&#070; hors TVA\" \/>\n\t<meta name=\"twitter:label2\" content=\"Disponibilit\u00e9\" \/>\n\t<meta name=\"twitter:data2\" content=\"En stock\" \/>\n<script type=\"application\/ld+json\" class=\"yoast-schema-graph\">{\"@context\":\"https:\\\/\\\/schema.org\",\"@graph\":[{\"@type\":\"WebPage\",\"@id\":\"https:\\\/\\\/3d-edu.ch\\\/fr\\\/boutique\\\/gants-jetables-en-nitrile-100-pcs-taille-l\\\/\",\"url\":\"https:\\\/\\\/3d-edu.ch\\\/fr\\\/boutique\\\/gants-jetables-en-nitrile-100-pcs-taille-l\\\/\",\"name\":\"Formlabs Gants jetables en nitrile 100 pcs taille L acheter - 3D-EDU GmbH\",\"isPartOf\":{\"@id\":\"https:\\\/\\\/3d-edu.ch\\\/fr\\\/#website\"},\"primaryImageOfPage\":{\"@id\":\"https:\\\/\\\/3d-edu.ch\\\/fr\\\/boutique\\\/gants-jetables-en-nitrile-100-pcs-taille-l\\\/#primaryimage\"},\"image\":{\"@id\":\"https:\\\/\\\/3d-edu.ch\\\/fr\\\/boutique\\\/gants-jetables-en-nitrile-100-pcs-taille-l\\\/#primaryimage\"},\"thumbnailUrl\":\"https:\\\/\\\/3d-edu.ch\\\/wp-content\\\/uploads\\\/2022\\\/09\\\/nitrile-gloves-box_4ac1_1920x1920.-1-e1664788262230.webp\",\"datePublished\":\"2022-09-07T09:26:59+00:00\",\"dateModified\":\"2026-04-20T17:37:07+00:00\",\"breadcrumb\":{\"@id\":\"https:\\\/\\\/3d-edu.ch\\\/fr\\\/boutique\\\/gants-jetables-en-nitrile-100-pcs-taille-l\\\/#breadcrumb\"},\"inLanguage\":\"fr-FR\",\"potentialAction\":[{\"@type\":\"ReadAction\",\"target\":[\"https:\\\/\\\/3d-edu.ch\\\/fr\\\/boutique\\\/gants-jetables-en-nitrile-100-pcs-taille-l\\\/\"]}]},{\"@type\":\"ImageObject\",\"inLanguage\":\"fr-FR\",\"@id\":\"https:\\\/\\\/3d-edu.ch\\\/fr\\\/boutique\\\/gants-jetables-en-nitrile-100-pcs-taille-l\\\/#primaryimage\",\"url\":\"https:\\\/\\\/3d-edu.ch\\\/wp-content\\\/uploads\\\/2022\\\/09\\\/nitrile-gloves-box_4ac1_1920x1920.-1-e1664788262230.webp\",\"contentUrl\":\"https:\\\/\\\/3d-edu.ch\\\/wp-content\\\/uploads\\\/2022\\\/09\\\/nitrile-gloves-box_4ac1_1920x1920.-1-e1664788262230.webp\",\"width\":380,\"height\":380,\"caption\":\"Gants jetables en nitrile 100 pcs Taille : L\"},{\"@type\":\"BreadcrumbList\",\"@id\":\"https:\\\/\\\/3d-edu.ch\\\/fr\\\/boutique\\\/gants-jetables-en-nitrile-100-pcs-taille-l\\\/#breadcrumb\",\"itemListElement\":[{\"@type\":\"ListItem\",\"position\":1,\"name\":\"Accueil\",\"item\":\"https:\\\/\\\/3d-edu.ch\\\/fr\\\/\"},{\"@type\":\"ListItem\",\"position\":2,\"name\":\"Boutique\",\"item\":\"https:\\\/\\\/3d-edu.ch\\\/fr\\\/boutique\\\/\"},{\"@type\":\"ListItem\",\"position\":3,\"name\":\"Gants jetables en nitrile 100 pcs taille L\"}]},{\"@type\":\"WebSite\",\"@id\":\"https:\\\/\\\/3d-edu.ch\\\/fr\\\/#website\",\"url\":\"https:\\\/\\\/3d-edu.ch\\\/fr\\\/\",\"name\":\"3D-EDU GmbH\",\"description\":\"Your Formlabs, UltiMaker and Raise3D Printer Support and Education Site in Switzerland. \\\/\\\/ Ihre Formlabs, UltiMaker and Raise3D Drucker Support und Bildungs Webseite der Schweiz.\",\"publisher\":{\"@id\":\"https:\\\/\\\/3d-edu.ch\\\/fr\\\/#organization\"},\"potentialAction\":[{\"@type\":\"SearchAction\",\"target\":{\"@type\":\"EntryPoint\",\"urlTemplate\":\"https:\\\/\\\/3d-edu.ch\\\/fr\\\/?s={search_term_string}\"},\"query-input\":{\"@type\":\"PropertyValueSpecification\",\"valueRequired\":true,\"valueName\":\"search_term_string\"}}],\"inLanguage\":\"fr-FR\"},{\"@type\":[\"Organization\",\"Place\",\"ElectronicsStore\"],\"@id\":\"https:\\\/\\\/3d-edu.ch\\\/fr\\\/#organization\",\"name\":\"3D-EDU GmbH\",\"url\":\"https:\\\/\\\/3d-edu.ch\\\/fr\\\/\",\"logo\":{\"@id\":\"https:\\\/\\\/3d-edu.ch\\\/fr\\\/boutique\\\/gants-jetables-en-nitrile-100-pcs-taille-l\\\/#local-main-organization-logo\"},\"image\":{\"@id\":\"https:\\\/\\\/3d-edu.ch\\\/fr\\\/boutique\\\/gants-jetables-en-nitrile-100-pcs-taille-l\\\/#local-main-organization-logo\"},\"sameAs\":[\"https:\\\/\\\/www.facebook.com\\\/3d-educh-210277586064960\\\/\",\"https:\\\/\\\/x.com\\\/3d_edu_ch\"],\"address\":{\"@id\":\"https:\\\/\\\/3d-edu.ch\\\/fr\\\/boutique\\\/gants-jetables-en-nitrile-100-pcs-taille-l\\\/#local-main-place-address\"},\"geo\":{\"@type\":\"GeoCoordinates\",\"latitude\":\"47.38413\",\"longitude\":\"8.49812\"},\"telephone\":[\"+41 44 492 11 22\"],\"openingHoursSpecification\":[{\"@type\":\"OpeningHoursSpecification\",\"dayOfWeek\":[\"Monday\",\"Tuesday\",\"Wednesday\",\"Thursday\",\"Friday\"],\"opens\":\"08:30\",\"closes\":\"18:00\"},{\"@type\":\"OpeningHoursSpecification\",\"dayOfWeek\":[\"Saturday\",\"Sunday\"],\"opens\":\"00:00\",\"closes\":\"00:00\"}],\"email\":\"info@3d-edu.ch\",\"faxNumber\":\"+41 44 492 11 23\",\"vatID\":\"CHE-184.499.491 MWST\",\"priceRange\":\"$$$\",\"currenciesAccepted\":\"CHF\"},{\"@type\":\"PostalAddress\",\"@id\":\"https:\\\/\\\/3d-edu.ch\\\/fr\\\/boutique\\\/gants-jetables-en-nitrile-100-pcs-taille-l\\\/#local-main-place-address\",\"streetAddress\":\"3D-EDU GmbH, Badenerstrasse 556\",\"addressLocality\":\"Z\u00fcrich\",\"postalCode\":\"8048\",\"addressRegion\":\"Z\u00fcrich\",\"addressCountry\":\"CH\"},{\"@type\":\"ImageObject\",\"inLanguage\":\"fr-FR\",\"@id\":\"https:\\\/\\\/3d-edu.ch\\\/fr\\\/boutique\\\/gants-jetables-en-nitrile-100-pcs-taille-l\\\/#local-main-organization-logo\",\"url\":\"https:\\\/\\\/3d-edu.ch\\\/wp-content\\\/uploads\\\/2018\\\/10\\\/3d-drucker-makerbot-formlabs-professionelle-3d-drucker-e1546527990490.png\",\"contentUrl\":\"https:\\\/\\\/3d-edu.ch\\\/wp-content\\\/uploads\\\/2018\\\/10\\\/3d-drucker-makerbot-formlabs-professionelle-3d-drucker-e1546527990490.png\",\"width\":275,\"height\":80,\"caption\":\"3D-EDU GmbH\"}]}<\/script>\n<meta property=\"product:brand\" content=\"Formlabs\" \/>\n<meta property=\"product:price:amount\" content=\"15.60\" \/>\n<meta property=\"product:price:currency\" content=\"CHF\" \/>\n<meta property=\"og:availability\" content=\"instock\" \/>\n<meta property=\"product:availability\" content=\"instock\" \/>\n<meta property=\"product:retailer_item_id\" content=\"340401\" \/>\n<meta property=\"product:condition\" content=\"new\" \/>\n<meta name=\"geo.placename\" content=\"Z\u00fcrich\" \/>\n<meta name=\"geo.position\" content=\"47.38413;8.49812\" \/>\n<meta name=\"geo.region\" content=\"Suisse\" \/>\n<!-- \/ Yoast SEO Premium plugin. -->","yoast_head_json":{"title":"Formlabs Gants jetables en nitrile 100 pcs taille L acheter - 3D-EDU GmbH","robots":{"index":"index","follow":"follow","max-snippet":"max-snippet:-1","max-image-preview":"max-image-preview:large","max-video-preview":"max-video-preview:-1"},"canonical":"https:\/\/3d-edu.ch\/fr\/boutique\/gants-jetables-en-nitrile-100-pcs-taille-l\/","og_locale":"fr_FR","og_type":"article","og_title":"Gants jetables en nitrile 100 pcs taille L","og_description":"Gants jetables en nitrile 100 pcs taille L  Les gants jetables en nitrile ne contiennent pas de prot\u00e9ines allerg\u00e8nes et constituent donc une alternative aux gants en latex qui respecte la peau. Les gants en nitrile r\u00e9sistent \u00e0 de nombreux produits chimiques et huiles, sont r\u00e9sistants \u00e0 la d\u00e9chirure, convainquent par leur grande \u00e9lasticit\u00e9 et procurent une bonne sensibilit\u00e9 tactile. Ils sont id\u00e9aux pour une utilisation en m\u00e9decine, dans le domaine des soins et de l'entretien des locaux.","og_url":"https:\/\/3d-edu.ch\/fr\/boutique\/gants-jetables-en-nitrile-100-pcs-taille-l\/","og_site_name":"3D-EDU GmbH","article_publisher":"https:\/\/www.facebook.com\/3d-educh-210277586064960\/","article_modified_time":"2026-04-20T17:37:07+00:00","og_image":[{"url":"https:\/\/dedune53.myhostpoint.ch\/wp-content\/uploads\/2019\/09\/formlabs-form-3-resin-tank.jpg","type":"","width":"","height":""}],"twitter_card":"summary_large_image","twitter_site":"@3d_edu_ch","twitter_misc":{"Prix":"15.60&nbsp;&#67;&#72;&#70; hors TVA","Disponibilit\u00e9":"En stock"},"schema":{"@context":"https:\/\/schema.org","@graph":[{"@type":"WebPage","@id":"https:\/\/3d-edu.ch\/fr\/boutique\/gants-jetables-en-nitrile-100-pcs-taille-l\/","url":"https:\/\/3d-edu.ch\/fr\/boutique\/gants-jetables-en-nitrile-100-pcs-taille-l\/","name":"Formlabs Gants jetables en nitrile 100 pcs taille L acheter - 3D-EDU GmbH","isPartOf":{"@id":"https:\/\/3d-edu.ch\/fr\/#website"},"primaryImageOfPage":{"@id":"https:\/\/3d-edu.ch\/fr\/boutique\/gants-jetables-en-nitrile-100-pcs-taille-l\/#primaryimage"},"image":{"@id":"https:\/\/3d-edu.ch\/fr\/boutique\/gants-jetables-en-nitrile-100-pcs-taille-l\/#primaryimage"},"thumbnailUrl":"https:\/\/3d-edu.ch\/wp-content\/uploads\/2022\/09\/nitrile-gloves-box_4ac1_1920x1920.-1-e1664788262230.webp","datePublished":"2022-09-07T09:26:59+00:00","dateModified":"2026-04-20T17:37:07+00:00","breadcrumb":{"@id":"https:\/\/3d-edu.ch\/fr\/boutique\/gants-jetables-en-nitrile-100-pcs-taille-l\/#breadcrumb"},"inLanguage":"fr-FR","potentialAction":[{"@type":"ReadAction","target":["https:\/\/3d-edu.ch\/fr\/boutique\/gants-jetables-en-nitrile-100-pcs-taille-l\/"]}]},{"@type":"ImageObject","inLanguage":"fr-FR","@id":"https:\/\/3d-edu.ch\/fr\/boutique\/gants-jetables-en-nitrile-100-pcs-taille-l\/#primaryimage","url":"https:\/\/3d-edu.ch\/wp-content\/uploads\/2022\/09\/nitrile-gloves-box_4ac1_1920x1920.-1-e1664788262230.webp","contentUrl":"https:\/\/3d-edu.ch\/wp-content\/uploads\/2022\/09\/nitrile-gloves-box_4ac1_1920x1920.-1-e1664788262230.webp","width":380,"height":380,"caption":"Gants jetables en nitrile 100 pcs Taille : L"},{"@type":"BreadcrumbList","@id":"https:\/\/3d-edu.ch\/fr\/boutique\/gants-jetables-en-nitrile-100-pcs-taille-l\/#breadcrumb","itemListElement":[{"@type":"ListItem","position":1,"name":"Accueil","item":"https:\/\/3d-edu.ch\/fr\/"},{"@type":"ListItem","position":2,"name":"Boutique","item":"https:\/\/3d-edu.ch\/fr\/boutique\/"},{"@type":"ListItem","position":3,"name":"Gants jetables en nitrile 100 pcs taille L"}]},{"@type":"WebSite","@id":"https:\/\/3d-edu.ch\/fr\/#website","url":"https:\/\/3d-edu.ch\/fr\/","name":"3D-EDU GmbH","description":"Your Formlabs, UltiMaker and Raise3D Printer Support and Education Site in Switzerland. \/\/ Ihre Formlabs, UltiMaker and Raise3D Drucker Support und Bildungs Webseite der Schweiz.","publisher":{"@id":"https:\/\/3d-edu.ch\/fr\/#organization"},"potentialAction":[{"@type":"SearchAction","target":{"@type":"EntryPoint","urlTemplate":"https:\/\/3d-edu.ch\/fr\/?s={search_term_string}"},"query-input":{"@type":"PropertyValueSpecification","valueRequired":true,"valueName":"search_term_string"}}],"inLanguage":"fr-FR"},{"@type":["Organization","Place","ElectronicsStore"],"@id":"https:\/\/3d-edu.ch\/fr\/#organization","name":"3D-EDU GmbH","url":"https:\/\/3d-edu.ch\/fr\/","logo":{"@id":"https:\/\/3d-edu.ch\/fr\/boutique\/gants-jetables-en-nitrile-100-pcs-taille-l\/#local-main-organization-logo"},"image":{"@id":"https:\/\/3d-edu.ch\/fr\/boutique\/gants-jetables-en-nitrile-100-pcs-taille-l\/#local-main-organization-logo"},"sameAs":["https:\/\/www.facebook.com\/3d-educh-210277586064960\/","https:\/\/x.com\/3d_edu_ch"],"address":{"@id":"https:\/\/3d-edu.ch\/fr\/boutique\/gants-jetables-en-nitrile-100-pcs-taille-l\/#local-main-place-address"},"geo":{"@type":"GeoCoordinates","latitude":"47.38413","longitude":"8.49812"},"telephone":["+41 44 492 11 22"],"openingHoursSpecification":[{"@type":"OpeningHoursSpecification","dayOfWeek":["Monday","Tuesday","Wednesday","Thursday","Friday"],"opens":"08:30","closes":"18:00"},{"@type":"OpeningHoursSpecification","dayOfWeek":["Saturday","Sunday"],"opens":"00:00","closes":"00:00"}],"email":"info@3d-edu.ch","faxNumber":"+41 44 492 11 23","vatID":"CHE-184.499.491 MWST","priceRange":"$$$","currenciesAccepted":"CHF"},{"@type":"PostalAddress","@id":"https:\/\/3d-edu.ch\/fr\/boutique\/gants-jetables-en-nitrile-100-pcs-taille-l\/#local-main-place-address","streetAddress":"3D-EDU GmbH, Badenerstrasse 556","addressLocality":"Z\u00fcrich","postalCode":"8048","addressRegion":"Z\u00fcrich","addressCountry":"CH"},{"@type":"ImageObject","inLanguage":"fr-FR","@id":"https:\/\/3d-edu.ch\/fr\/boutique\/gants-jetables-en-nitrile-100-pcs-taille-l\/#local-main-organization-logo","url":"https:\/\/3d-edu.ch\/wp-content\/uploads\/2018\/10\/3d-drucker-makerbot-formlabs-professionelle-3d-drucker-e1546527990490.png","contentUrl":"https:\/\/3d-edu.ch\/wp-content\/uploads\/2018\/10\/3d-drucker-makerbot-formlabs-professionelle-3d-drucker-e1546527990490.png","width":275,"height":80,"caption":"3D-EDU GmbH"}]},"product_brand":"Formlabs","product_price_amount":"15.60","product_price_currency":"CHF","og_availability":"instock","product_availability":"instock","product_retailer_item_id":"340401","product_condition":"new","geo.placename":"Z\u00fcrich","geo.position":{"lat":"47.38413","long":"8.49812"},"geo.region":"Suisse"},"_links":{"self":[{"href":"https:\/\/3d-edu.ch\/fr\/wp-json\/wp\/v2\/product\/76951","targetHints":{"allow":["GET"]}}],"collection":[{"href":"https:\/\/3d-edu.ch\/fr\/wp-json\/wp\/v2\/product"}],"about":[{"href":"https:\/\/3d-edu.ch\/fr\/wp-json\/wp\/v2\/types\/product"}],"replies":[{"embeddable":true,"href":"https:\/\/3d-edu.ch\/fr\/wp-json\/wp\/v2\/comments?post=76951"}],"wp:featuredmedia":[{"embeddable":true,"href":"https:\/\/3d-edu.ch\/fr\/wp-json\/wp\/v2\/media\/65590"}],"wp:attachment":[{"href":"https:\/\/3d-edu.ch\/fr\/wp-json\/wp\/v2\/media?parent=76951"}],"wp:term":[{"taxonomy":"product_brand","embeddable":true,"href":"https:\/\/3d-edu.ch\/fr\/wp-json\/wp\/v2\/product_brand?post=76951"},{"taxonomy":"product_cat","embeddable":true,"href":"https:\/\/3d-edu.ch\/fr\/wp-json\/wp\/v2\/product_cat?post=76951"},{"taxonomy":"product_tag","embeddable":true,"href":"https:\/\/3d-edu.ch\/fr\/wp-json\/wp\/v2\/product_tag?post=76951"}],"curies":[{"name":"wp","href":"https:\/\/api.w.org\/{rel}","templated":true}]}}