{"id":76947,"date":"2022-09-07T09:11:54","date_gmt":"2022-09-07T09:11:54","guid":{"rendered":"https:\/\/3d-edu.ch\/shop\/ethanol-999-250ml\/"},"modified":"2026-04-20T13:45:43","modified_gmt":"2026-04-20T11:45:43","slug":"ethanol-999-250ml","status":"publish","type":"product","link":"https:\/\/3d-edu.ch\/fr\/boutique\/ethanol-999-250ml\/","title":{"rendered":"\u00c9thanol 99,9% 250ml"},"content":{"rendered":"<h3>\u00c9thanol 99,9% 250ml<\/h3>\n<p><strong>Livraison : <\/strong>250ml d&rsquo;\u00e9thanol 99,9% dans un flacon pompe<\/p>\n<h4>Mentions de danger<\/h4>\n<ul>\n<li>Liquide et vapeur facilement inflammables<\/li>\n<li>Provoque une grave irritation des yeux<\/li>\n<\/ul>\n<h4>Consignes de s\u00e9curit\u00e9<\/h4>\n<ul>\n<li>Si un avis m\u00e9dical est requis, garder l&rsquo;emballage ou l&rsquo;\u00e9tiquette \u00e0 port\u00e9e de main.<\/li>\n<li>Ne doit pas \u00eatre laiss\u00e9 \u00e0 la port\u00e9e des enfants<\/li>\n<li>Tenir \u00e0 l&rsquo;\u00e9cart de la chaleur, des surfaces chaudes, des \u00e9tincelles, des flammes nues et de toute autre source d&rsquo;inflammation. Ne pas fumer <\/li>\n<li>porter des gants de protection\/des v\u00eatements de protection\/un \u00e9quipement de protection des yeux\/du visage<\/li>\n<li>EN CAS DE CONTACT AVEC LA PEAU (ou les cheveux) : Retirer imm\u00e9diatement tous les v\u00eatements contamin\u00e9s. Laver la peau \u00e0 l&rsquo;eau ou prendre une douche <\/li>\n<li>EN CAS DE CONTACT AVEC LES YEUX : Rincer doucement \u00e0 l&rsquo;eau pendant plusieurs minutes. Si possible, retirer les lentilles de contact. Continuer \u00e0 rincer  <\/li>\n<li>\u00c9liminer le contenu\/r\u00e9cipient conform\u00e9ment \u00e0 la r\u00e9glementation locale\/r\u00e9gionale\/nationale\/internationale.<\/li>\n<\/ul>\n<p>&nbsp;<\/p>\n","protected":false},"excerpt":{"rendered":"<h2><strong>\u00c9thanol 99,9% 250ml<\/strong><\/h2>\n<p>L&rsquo;\u00e9thanol 99,9% est un \u00e9thanol de haute puret\u00e9 utilis\u00e9 pour nettoyer diff\u00e9rents composants de <a href=\"https:\/\/3d-edu.ch\/fr\/boutique\/formlabs-fuse-1-factory-reconditioned-package\/\">Formlabs Fuse 1<\/a> et Formlabs <a href=\"https:\/\/3d-edu.ch\/shop\/formlabs-fuse-1-30w-sls-3d-drucker\/\">Fuse 1+ 30W<\/a>. Il s&rsquo;agit notamment de la fen\u00eatre sup\u00e9rieure du laser, de la cassette optique, du capteur infrarouge et de la lentille de la cam\u00e9ra. <\/p>\n","protected":false},"featured_media":65598,"comment_status":"closed","ping_status":"closed","template":"","meta":[],"product_brand":[],"product_cat":[7780,7896,7898],"product_tag":[7785,9133,9132,7784,8873],"class_list":{"0":"post-76947","1":"product","2":"type-product","3":"status-publish","4":"has-post-thumbnail","6":"product_cat-formlabs-fr","7":"product_cat-post-traitement-fr","8":"product_cat-sls-post-traitement-fr","9":"product_tag-accessoires-formlabs","10":"product_tag-cassette-optique","11":"product_tag-ethanol","12":"product_tag-formlabs-fr","13":"product_tag-fuse-1","15":"first","16":"instock","17":"taxable","18":"shipping-taxable","19":"purchasable","20":"product-type-simple"},"yoast_head":"<!-- This site is optimized with the Yoast SEO Premium plugin v27.4 (Yoast SEO v27.4) - https:\/\/yoast.com\/product\/yoast-seo-premium-wordpress\/ -->\n<title>Formlabs \u00c9thanol 99,9% 250ml acheter - 3D-EDU GmbH<\/title>\n<meta name=\"description\" content=\"L&#039;\u00e9thanol 99,9% est un \u00e9thanol de haute puret\u00e9 utilis\u00e9 pour nettoyer diff\u00e9rents composants de Formlabs Fuse 1 et Formlabs Fuse 1+ 30W. Il s&#039;agit notamment de la fen\u00eatre sup\u00e9rieure du laser, de la cassette optique, du capteur infrarouge et de la lentille de la cam\u00e9ra.\" \/>\n<meta name=\"robots\" content=\"index, follow, max-snippet:-1, max-image-preview:large, max-video-preview:-1\" \/>\n<link rel=\"canonical\" href=\"https:\/\/3d-edu.ch\/fr\/boutique\/ethanol-999-250ml\/\" \/>\n<meta property=\"og:locale\" content=\"fr_FR\" \/>\n<meta property=\"og:type\" content=\"article\" \/>\n<meta property=\"og:title\" content=\"\u00c9thanol 99,9% 250ml\" \/>\n<meta property=\"og:description\" content=\"L&#039;\u00e9thanol 99,9% est un \u00e9thanol de haute puret\u00e9 utilis\u00e9 pour nettoyer diff\u00e9rents composants de Formlabs Fuse 1 et Formlabs Fuse 1+ 30W. Il s&#039;agit notamment de la fen\u00eatre sup\u00e9rieure du laser, de la cassette optique, du capteur infrarouge et de la lentille de la cam\u00e9ra.\" \/>\n<meta property=\"og:url\" content=\"https:\/\/3d-edu.ch\/fr\/boutique\/ethanol-999-250ml\/\" \/>\n<meta property=\"og:site_name\" content=\"3D-EDU GmbH\" \/>\n<meta property=\"article:publisher\" content=\"https:\/\/www.facebook.com\/3d-educh-210277586064960\/\" \/>\n<meta property=\"article:modified_time\" content=\"2026-04-20T11:45:43+00:00\" \/>\n<meta property=\"og:image\" content=\"https:\/\/dedune53.myhostpoint.ch\/wp-content\/uploads\/2019\/09\/formlabs-form-3-resin-tank.jpg\" \/>\n<meta name=\"twitter:card\" content=\"summary_large_image\" \/>\n<meta name=\"twitter:site\" content=\"@3d_edu_ch\" \/>\n<meta name=\"twitter:label1\" content=\"Prix\" \/>\n\t<meta name=\"twitter:data1\" content=\"9.90&nbsp;&#067;&#072;&#070; hors TVA\" \/>\n\t<meta name=\"twitter:label2\" content=\"Disponibilit\u00e9\" \/>\n\t<meta name=\"twitter:data2\" content=\"En stock\" \/>\n<script type=\"application\/ld+json\" class=\"yoast-schema-graph\">{\"@context\":\"https:\\\/\\\/schema.org\",\"@graph\":[{\"@type\":\"WebPage\",\"@id\":\"https:\\\/\\\/3d-edu.ch\\\/fr\\\/boutique\\\/ethanol-999-250ml\\\/\",\"url\":\"https:\\\/\\\/3d-edu.ch\\\/fr\\\/boutique\\\/ethanol-999-250ml\\\/\",\"name\":\"Formlabs \u00c9thanol 99,9% 250ml acheter - 3D-EDU GmbH\",\"isPartOf\":{\"@id\":\"https:\\\/\\\/3d-edu.ch\\\/fr\\\/#website\"},\"primaryImageOfPage\":{\"@id\":\"https:\\\/\\\/3d-edu.ch\\\/fr\\\/boutique\\\/ethanol-999-250ml\\\/#primaryimage\"},\"image\":{\"@id\":\"https:\\\/\\\/3d-edu.ch\\\/fr\\\/boutique\\\/ethanol-999-250ml\\\/#primaryimage\"},\"thumbnailUrl\":\"https:\\\/\\\/3d-edu.ch\\\/wp-content\\\/uploads\\\/2022\\\/09\\\/3db-eth-250ml-image-front_1920x1920-1-e1664788807802.webp\",\"datePublished\":\"2022-09-07T09:11:54+00:00\",\"dateModified\":\"2026-04-20T11:45:43+00:00\",\"description\":\"L'\u00e9thanol 99,9% est un \u00e9thanol de haute puret\u00e9 utilis\u00e9 pour nettoyer diff\u00e9rents composants de Formlabs Fuse 1 et Formlabs Fuse 1+ 30W. Il s'agit notamment de la fen\u00eatre sup\u00e9rieure du laser, de la cassette optique, du capteur infrarouge et de la lentille de la cam\u00e9ra.\",\"breadcrumb\":{\"@id\":\"https:\\\/\\\/3d-edu.ch\\\/fr\\\/boutique\\\/ethanol-999-250ml\\\/#breadcrumb\"},\"inLanguage\":\"fr-FR\",\"potentialAction\":[{\"@type\":\"ReadAction\",\"target\":[\"https:\\\/\\\/3d-edu.ch\\\/fr\\\/boutique\\\/ethanol-999-250ml\\\/\"]}]},{\"@type\":\"ImageObject\",\"inLanguage\":\"fr-FR\",\"@id\":\"https:\\\/\\\/3d-edu.ch\\\/fr\\\/boutique\\\/ethanol-999-250ml\\\/#primaryimage\",\"url\":\"https:\\\/\\\/3d-edu.ch\\\/wp-content\\\/uploads\\\/2022\\\/09\\\/3db-eth-250ml-image-front_1920x1920-1-e1664788807802.webp\",\"contentUrl\":\"https:\\\/\\\/3d-edu.ch\\\/wp-content\\\/uploads\\\/2022\\\/09\\\/3db-eth-250ml-image-front_1920x1920-1-e1664788807802.webp\",\"width\":380,\"height\":380,\"caption\":\"\u00c9thanol 99% Formlabs\"},{\"@type\":\"BreadcrumbList\",\"@id\":\"https:\\\/\\\/3d-edu.ch\\\/fr\\\/boutique\\\/ethanol-999-250ml\\\/#breadcrumb\",\"itemListElement\":[{\"@type\":\"ListItem\",\"position\":1,\"name\":\"Accueil\",\"item\":\"https:\\\/\\\/3d-edu.ch\\\/fr\\\/\"},{\"@type\":\"ListItem\",\"position\":2,\"name\":\"Boutique\",\"item\":\"https:\\\/\\\/3d-edu.ch\\\/fr\\\/boutique\\\/\"},{\"@type\":\"ListItem\",\"position\":3,\"name\":\"\u00c9thanol 99,9% 250ml\"}]},{\"@type\":\"WebSite\",\"@id\":\"https:\\\/\\\/3d-edu.ch\\\/fr\\\/#website\",\"url\":\"https:\\\/\\\/3d-edu.ch\\\/fr\\\/\",\"name\":\"3D-EDU GmbH\",\"description\":\"Your Formlabs, UltiMaker and Raise3D Printer Support and Education Site in Switzerland. \\\/\\\/ Ihre Formlabs, UltiMaker and Raise3D Drucker Support und Bildungs Webseite der Schweiz.\",\"publisher\":{\"@id\":\"https:\\\/\\\/3d-edu.ch\\\/fr\\\/#organization\"},\"potentialAction\":[{\"@type\":\"SearchAction\",\"target\":{\"@type\":\"EntryPoint\",\"urlTemplate\":\"https:\\\/\\\/3d-edu.ch\\\/fr\\\/?s={search_term_string}\"},\"query-input\":{\"@type\":\"PropertyValueSpecification\",\"valueRequired\":true,\"valueName\":\"search_term_string\"}}],\"inLanguage\":\"fr-FR\"},{\"@type\":[\"Organization\",\"Place\",\"ElectronicsStore\"],\"@id\":\"https:\\\/\\\/3d-edu.ch\\\/fr\\\/#organization\",\"name\":\"3D-EDU GmbH\",\"url\":\"https:\\\/\\\/3d-edu.ch\\\/fr\\\/\",\"logo\":{\"@id\":\"https:\\\/\\\/3d-edu.ch\\\/fr\\\/boutique\\\/ethanol-999-250ml\\\/#local-main-organization-logo\"},\"image\":{\"@id\":\"https:\\\/\\\/3d-edu.ch\\\/fr\\\/boutique\\\/ethanol-999-250ml\\\/#local-main-organization-logo\"},\"sameAs\":[\"https:\\\/\\\/www.facebook.com\\\/3d-educh-210277586064960\\\/\",\"https:\\\/\\\/x.com\\\/3d_edu_ch\"],\"address\":{\"@id\":\"https:\\\/\\\/3d-edu.ch\\\/fr\\\/boutique\\\/ethanol-999-250ml\\\/#local-main-place-address\"},\"geo\":{\"@type\":\"GeoCoordinates\",\"latitude\":\"47.38413\",\"longitude\":\"8.49812\"},\"telephone\":[\"+41 44 492 11 22\"],\"openingHoursSpecification\":[{\"@type\":\"OpeningHoursSpecification\",\"dayOfWeek\":[\"Monday\",\"Tuesday\",\"Wednesday\",\"Thursday\",\"Friday\"],\"opens\":\"08:30\",\"closes\":\"18:00\"},{\"@type\":\"OpeningHoursSpecification\",\"dayOfWeek\":[\"Saturday\",\"Sunday\"],\"opens\":\"00:00\",\"closes\":\"00:00\"}],\"email\":\"info@3d-edu.ch\",\"faxNumber\":\"+41 44 492 11 23\",\"vatID\":\"CHE-184.499.491 MWST\",\"priceRange\":\"$$$\",\"currenciesAccepted\":\"CHF\"},{\"@type\":\"PostalAddress\",\"@id\":\"https:\\\/\\\/3d-edu.ch\\\/fr\\\/boutique\\\/ethanol-999-250ml\\\/#local-main-place-address\",\"streetAddress\":\"3D-EDU GmbH, Badenerstrasse 556\",\"addressLocality\":\"Z\u00fcrich\",\"postalCode\":\"8048\",\"addressRegion\":\"Z\u00fcrich\",\"addressCountry\":\"CH\"},{\"@type\":\"ImageObject\",\"inLanguage\":\"fr-FR\",\"@id\":\"https:\\\/\\\/3d-edu.ch\\\/fr\\\/boutique\\\/ethanol-999-250ml\\\/#local-main-organization-logo\",\"url\":\"https:\\\/\\\/3d-edu.ch\\\/wp-content\\\/uploads\\\/2018\\\/10\\\/3d-drucker-makerbot-formlabs-professionelle-3d-drucker-e1546527990490.png\",\"contentUrl\":\"https:\\\/\\\/3d-edu.ch\\\/wp-content\\\/uploads\\\/2018\\\/10\\\/3d-drucker-makerbot-formlabs-professionelle-3d-drucker-e1546527990490.png\",\"width\":275,\"height\":80,\"caption\":\"3D-EDU GmbH\"}]}<\/script>\n<meta property=\"product:brand\" content=\"Formlabs\" \/>\n<meta property=\"product:price:amount\" content=\"9.90\" \/>\n<meta property=\"product:price:currency\" content=\"CHF\" \/>\n<meta property=\"og:availability\" content=\"instock\" \/>\n<meta property=\"product:availability\" content=\"instock\" \/>\n<meta property=\"product:retailer_item_id\" content=\"320090\" \/>\n<meta property=\"product:condition\" content=\"new\" \/>\n<meta name=\"geo.placename\" content=\"Z\u00fcrich\" \/>\n<meta name=\"geo.position\" content=\"47.38413;8.49812\" \/>\n<meta name=\"geo.region\" content=\"Suisse\" \/>\n<!-- \/ Yoast SEO Premium plugin. -->","yoast_head_json":{"title":"Formlabs \u00c9thanol 99,9% 250ml acheter - 3D-EDU GmbH","description":"L'\u00e9thanol 99,9% est un \u00e9thanol de haute puret\u00e9 utilis\u00e9 pour nettoyer diff\u00e9rents composants de Formlabs Fuse 1 et Formlabs Fuse 1+ 30W. Il s'agit notamment de la fen\u00eatre sup\u00e9rieure du laser, de la cassette optique, du capteur infrarouge et de la lentille de la cam\u00e9ra.","robots":{"index":"index","follow":"follow","max-snippet":"max-snippet:-1","max-image-preview":"max-image-preview:large","max-video-preview":"max-video-preview:-1"},"canonical":"https:\/\/3d-edu.ch\/fr\/boutique\/ethanol-999-250ml\/","og_locale":"fr_FR","og_type":"article","og_title":"\u00c9thanol 99,9% 250ml","og_description":"L'\u00e9thanol 99,9% est un \u00e9thanol de haute puret\u00e9 utilis\u00e9 pour nettoyer diff\u00e9rents composants de Formlabs Fuse 1 et Formlabs Fuse 1+ 30W. Il s'agit notamment de la fen\u00eatre sup\u00e9rieure du laser, de la cassette optique, du capteur infrarouge et de la lentille de la cam\u00e9ra.","og_url":"https:\/\/3d-edu.ch\/fr\/boutique\/ethanol-999-250ml\/","og_site_name":"3D-EDU GmbH","article_publisher":"https:\/\/www.facebook.com\/3d-educh-210277586064960\/","article_modified_time":"2026-04-20T11:45:43+00:00","og_image":[{"url":"https:\/\/dedune53.myhostpoint.ch\/wp-content\/uploads\/2019\/09\/formlabs-form-3-resin-tank.jpg","type":"","width":"","height":""}],"twitter_card":"summary_large_image","twitter_site":"@3d_edu_ch","twitter_misc":{"Prix":"9.90&nbsp;&#67;&#72;&#70; hors TVA","Disponibilit\u00e9":"En stock"},"schema":{"@context":"https:\/\/schema.org","@graph":[{"@type":"WebPage","@id":"https:\/\/3d-edu.ch\/fr\/boutique\/ethanol-999-250ml\/","url":"https:\/\/3d-edu.ch\/fr\/boutique\/ethanol-999-250ml\/","name":"Formlabs \u00c9thanol 99,9% 250ml acheter - 3D-EDU GmbH","isPartOf":{"@id":"https:\/\/3d-edu.ch\/fr\/#website"},"primaryImageOfPage":{"@id":"https:\/\/3d-edu.ch\/fr\/boutique\/ethanol-999-250ml\/#primaryimage"},"image":{"@id":"https:\/\/3d-edu.ch\/fr\/boutique\/ethanol-999-250ml\/#primaryimage"},"thumbnailUrl":"https:\/\/3d-edu.ch\/wp-content\/uploads\/2022\/09\/3db-eth-250ml-image-front_1920x1920-1-e1664788807802.webp","datePublished":"2022-09-07T09:11:54+00:00","dateModified":"2026-04-20T11:45:43+00:00","description":"L'\u00e9thanol 99,9% est un \u00e9thanol de haute puret\u00e9 utilis\u00e9 pour nettoyer diff\u00e9rents composants de Formlabs Fuse 1 et Formlabs Fuse 1+ 30W. Il s'agit notamment de la fen\u00eatre sup\u00e9rieure du laser, de la cassette optique, du capteur infrarouge et de la lentille de la cam\u00e9ra.","breadcrumb":{"@id":"https:\/\/3d-edu.ch\/fr\/boutique\/ethanol-999-250ml\/#breadcrumb"},"inLanguage":"fr-FR","potentialAction":[{"@type":"ReadAction","target":["https:\/\/3d-edu.ch\/fr\/boutique\/ethanol-999-250ml\/"]}]},{"@type":"ImageObject","inLanguage":"fr-FR","@id":"https:\/\/3d-edu.ch\/fr\/boutique\/ethanol-999-250ml\/#primaryimage","url":"https:\/\/3d-edu.ch\/wp-content\/uploads\/2022\/09\/3db-eth-250ml-image-front_1920x1920-1-e1664788807802.webp","contentUrl":"https:\/\/3d-edu.ch\/wp-content\/uploads\/2022\/09\/3db-eth-250ml-image-front_1920x1920-1-e1664788807802.webp","width":380,"height":380,"caption":"\u00c9thanol 99% Formlabs"},{"@type":"BreadcrumbList","@id":"https:\/\/3d-edu.ch\/fr\/boutique\/ethanol-999-250ml\/#breadcrumb","itemListElement":[{"@type":"ListItem","position":1,"name":"Accueil","item":"https:\/\/3d-edu.ch\/fr\/"},{"@type":"ListItem","position":2,"name":"Boutique","item":"https:\/\/3d-edu.ch\/fr\/boutique\/"},{"@type":"ListItem","position":3,"name":"\u00c9thanol 99,9% 250ml"}]},{"@type":"WebSite","@id":"https:\/\/3d-edu.ch\/fr\/#website","url":"https:\/\/3d-edu.ch\/fr\/","name":"3D-EDU GmbH","description":"Your Formlabs, UltiMaker and Raise3D Printer Support and Education Site in Switzerland. \/\/ Ihre Formlabs, UltiMaker and Raise3D Drucker Support und Bildungs Webseite der Schweiz.","publisher":{"@id":"https:\/\/3d-edu.ch\/fr\/#organization"},"potentialAction":[{"@type":"SearchAction","target":{"@type":"EntryPoint","urlTemplate":"https:\/\/3d-edu.ch\/fr\/?s={search_term_string}"},"query-input":{"@type":"PropertyValueSpecification","valueRequired":true,"valueName":"search_term_string"}}],"inLanguage":"fr-FR"},{"@type":["Organization","Place","ElectronicsStore"],"@id":"https:\/\/3d-edu.ch\/fr\/#organization","name":"3D-EDU GmbH","url":"https:\/\/3d-edu.ch\/fr\/","logo":{"@id":"https:\/\/3d-edu.ch\/fr\/boutique\/ethanol-999-250ml\/#local-main-organization-logo"},"image":{"@id":"https:\/\/3d-edu.ch\/fr\/boutique\/ethanol-999-250ml\/#local-main-organization-logo"},"sameAs":["https:\/\/www.facebook.com\/3d-educh-210277586064960\/","https:\/\/x.com\/3d_edu_ch"],"address":{"@id":"https:\/\/3d-edu.ch\/fr\/boutique\/ethanol-999-250ml\/#local-main-place-address"},"geo":{"@type":"GeoCoordinates","latitude":"47.38413","longitude":"8.49812"},"telephone":["+41 44 492 11 22"],"openingHoursSpecification":[{"@type":"OpeningHoursSpecification","dayOfWeek":["Monday","Tuesday","Wednesday","Thursday","Friday"],"opens":"08:30","closes":"18:00"},{"@type":"OpeningHoursSpecification","dayOfWeek":["Saturday","Sunday"],"opens":"00:00","closes":"00:00"}],"email":"info@3d-edu.ch","faxNumber":"+41 44 492 11 23","vatID":"CHE-184.499.491 MWST","priceRange":"$$$","currenciesAccepted":"CHF"},{"@type":"PostalAddress","@id":"https:\/\/3d-edu.ch\/fr\/boutique\/ethanol-999-250ml\/#local-main-place-address","streetAddress":"3D-EDU GmbH, Badenerstrasse 556","addressLocality":"Z\u00fcrich","postalCode":"8048","addressRegion":"Z\u00fcrich","addressCountry":"CH"},{"@type":"ImageObject","inLanguage":"fr-FR","@id":"https:\/\/3d-edu.ch\/fr\/boutique\/ethanol-999-250ml\/#local-main-organization-logo","url":"https:\/\/3d-edu.ch\/wp-content\/uploads\/2018\/10\/3d-drucker-makerbot-formlabs-professionelle-3d-drucker-e1546527990490.png","contentUrl":"https:\/\/3d-edu.ch\/wp-content\/uploads\/2018\/10\/3d-drucker-makerbot-formlabs-professionelle-3d-drucker-e1546527990490.png","width":275,"height":80,"caption":"3D-EDU GmbH"}]},"product_brand":"Formlabs","product_price_amount":"9.90","product_price_currency":"CHF","og_availability":"instock","product_availability":"instock","product_retailer_item_id":"320090","product_condition":"new","geo.placename":"Z\u00fcrich","geo.position":{"lat":"47.38413","long":"8.49812"},"geo.region":"Suisse"},"_links":{"self":[{"href":"https:\/\/3d-edu.ch\/fr\/wp-json\/wp\/v2\/product\/76947","targetHints":{"allow":["GET"]}}],"collection":[{"href":"https:\/\/3d-edu.ch\/fr\/wp-json\/wp\/v2\/product"}],"about":[{"href":"https:\/\/3d-edu.ch\/fr\/wp-json\/wp\/v2\/types\/product"}],"replies":[{"embeddable":true,"href":"https:\/\/3d-edu.ch\/fr\/wp-json\/wp\/v2\/comments?post=76947"}],"wp:featuredmedia":[{"embeddable":true,"href":"https:\/\/3d-edu.ch\/fr\/wp-json\/wp\/v2\/media\/65598"}],"wp:attachment":[{"href":"https:\/\/3d-edu.ch\/fr\/wp-json\/wp\/v2\/media?parent=76947"}],"wp:term":[{"taxonomy":"product_brand","embeddable":true,"href":"https:\/\/3d-edu.ch\/fr\/wp-json\/wp\/v2\/product_brand?post=76947"},{"taxonomy":"product_cat","embeddable":true,"href":"https:\/\/3d-edu.ch\/fr\/wp-json\/wp\/v2\/product_cat?post=76947"},{"taxonomy":"product_tag","embeddable":true,"href":"https:\/\/3d-edu.ch\/fr\/wp-json\/wp\/v2\/product_tag?post=76947"}],"curies":[{"name":"wp","href":"https:\/\/api.w.org\/{rel}","templated":true}]}}