{"id":76932,"date":"2022-10-05T07:58:10","date_gmt":"2022-10-05T07:58:10","guid":{"rendered":"https:\/\/3d-edu.ch\/shop\/carton-dimpression-raise3d-pour-e2-e2cf-pro2-pro3\/"},"modified":"2026-03-18T16:39:51","modified_gmt":"2026-03-18T15:39:51","slug":"carton-dimpression-raise3d-pour-e2-e2cf-pro2-pro3","status":"publish","type":"product","link":"https:\/\/3d-edu.ch\/fr\/boutique\/carton-dimpression-raise3d-pour-e2-e2cf-pro2-pro3\/","title":{"rendered":"Carton d&rsquo;impression Raise3D pour E2\/E2CF\/Pro2\/Pro3"},"content":{"rendered":"<h2>Carton d&rsquo;impression Raise3D pour E2\/E2CF\/Pro2\/Pro3<\/h2>\n<h3>Inclus dans la livraison<\/h3>\n<ul>\n<li>1 Raise 3D Printer Cart avec roulettes pour E2\/E2CF\/Pro2\/Pro3<\/li>\n<\/ul>\n<p>&nbsp;<\/p>\n","protected":false},"excerpt":{"rendered":"<h2>Carton d&rsquo;impression Raise3D pour Pro3\/Pro2\/E2<\/h2>\n<p>Le chariot de Raise3D place la<a href=\"https:\/\/3d-edu.ch\/fr\/shop\/raise3d-pro-3\/\"> Raise 3D Pro3<\/a> et <a href=\"https:\/\/3d-edu.ch\/fr\/raise3d-e2-3\/\">la Raise 3D E2<\/a> \u00e0 une hauteur de travail optimale. L&rsquo;espace de rangement et le tiroir \u00e0 outils permettent de stocker les filaments, les buildtaks, les outils et les accessoires \u00e0 port\u00e9e de main. Le chariot est \u00e9quip\u00e9 de freins de roues pour \u00e9viter qu&rsquo;il ne roule. <\/p>\n<p>Dimensions : 62,3 L x 96,5 H x 59,7 cm P.<\/p>\n","protected":false},"featured_media":66629,"comment_status":"closed","ping_status":"closed","template":"","meta":[],"product_brand":[],"product_cat":[7908,8079,7909],"product_tag":[9091,8080],"class_list":{"0":"post-76932","1":"product","2":"type-product","3":"status-publish","4":"has-post-thumbnail","6":"product_cat-pieces-de-rechange-accessoires-fr","7":"product_cat-raise3d","8":"product_cat-serie-pro-3-fr","9":"product_tag-carton-dimpression","10":"product_tag-raise3d","12":"first","13":"instock","14":"taxable","15":"shipping-taxable","16":"purchasable","17":"product-type-simple"},"yoast_head":"<!-- This site is optimized with the Yoast SEO Premium plugin v27.4 (Yoast SEO v27.4) - https:\/\/yoast.com\/product\/yoast-seo-premium-wordpress\/ -->\n<title>Carton d&#039;impression Raise3D pour E2\/E2CF\/Pro2\/Pro3 %%page% commander en ligne - %%nom du site<\/title>\n<meta name=\"robots\" content=\"index, follow, max-snippet:-1, max-image-preview:large, max-video-preview:-1\" \/>\n<link rel=\"canonical\" href=\"https:\/\/3d-edu.ch\/fr\/boutique\/carton-dimpression-raise3d-pour-e2-e2cf-pro2-pro3\/\" \/>\n<meta property=\"og:locale\" content=\"fr_FR\" \/>\n<meta property=\"og:type\" content=\"article\" \/>\n<meta property=\"og:title\" content=\"Carton d&#039;impression Raise3D pour E2\/E2CF\/Pro2\/Pro3\" \/>\n<meta property=\"og:description\" content=\"Carton d&#039;impression Raise3D pour Pro3\/Pro2\/E2 Le chariot de Raise3D place la Raise 3D Pro3 et la Raise 3D E2 \u00e0 une hauteur de travail optimale. L&#039;espace de rangement et le tiroir \u00e0 outils permettent de stocker les filaments, les buildtaks, les outils et les accessoires \u00e0 port\u00e9e de main. Le chariot est \u00e9quip\u00e9 de freins de roues pour \u00e9viter qu&#039;il ne roule.  Dimensions : 62,3 L x 96,5 H x 59,7 cm P.\" \/>\n<meta property=\"og:url\" content=\"https:\/\/3d-edu.ch\/fr\/boutique\/carton-dimpression-raise3d-pour-e2-e2cf-pro2-pro3\/\" \/>\n<meta property=\"og:site_name\" content=\"3D-EDU GmbH\" \/>\n<meta property=\"article:publisher\" content=\"https:\/\/www.facebook.com\/3d-educh-210277586064960\/\" \/>\n<meta property=\"article:modified_time\" content=\"2026-03-18T15:39:51+00:00\" \/>\n<meta property=\"og:image\" content=\"https:\/\/3d-edu.ch\/wp-content\/uploads\/2022\/10\/printer-cart-for-e2-e2cf-pro2-pro3-new-1.webp\" \/>\n\t<meta property=\"og:image:width\" content=\"380\" \/>\n\t<meta property=\"og:image:height\" content=\"380\" \/>\n\t<meta property=\"og:image:type\" content=\"image\/webp\" \/>\n<meta name=\"twitter:card\" content=\"summary_large_image\" \/>\n<meta name=\"twitter:site\" content=\"@3d_edu_ch\" \/>\n<meta name=\"twitter:label1\" content=\"Prix\" \/>\n\t<meta name=\"twitter:data1\" content=\"730.61&nbsp;&#067;&#072;&#070; hors TVA\" \/>\n\t<meta name=\"twitter:label2\" content=\"Disponibilit\u00e9\" \/>\n\t<meta name=\"twitter:data2\" content=\"En stock\" \/>\n<script type=\"application\/ld+json\" class=\"yoast-schema-graph\">{\"@context\":\"https:\\\/\\\/schema.org\",\"@graph\":[{\"@type\":\"WebPage\",\"@id\":\"https:\\\/\\\/3d-edu.ch\\\/fr\\\/boutique\\\/carton-dimpression-raise3d-pour-e2-e2cf-pro2-pro3\\\/\",\"url\":\"https:\\\/\\\/3d-edu.ch\\\/fr\\\/boutique\\\/carton-dimpression-raise3d-pour-e2-e2cf-pro2-pro3\\\/\",\"name\":\"Carton d'impression Raise3D pour E2\\\/E2CF\\\/Pro2\\\/Pro3 %%page% commander en ligne - %%nom du site\",\"isPartOf\":{\"@id\":\"https:\\\/\\\/3d-edu.ch\\\/fr\\\/#website\"},\"primaryImageOfPage\":{\"@id\":\"https:\\\/\\\/3d-edu.ch\\\/fr\\\/boutique\\\/carton-dimpression-raise3d-pour-e2-e2cf-pro2-pro3\\\/#primaryimage\"},\"image\":{\"@id\":\"https:\\\/\\\/3d-edu.ch\\\/fr\\\/boutique\\\/carton-dimpression-raise3d-pour-e2-e2cf-pro2-pro3\\\/#primaryimage\"},\"thumbnailUrl\":\"https:\\\/\\\/3d-edu.ch\\\/wp-content\\\/uploads\\\/2022\\\/10\\\/printer-cart-for-e2-e2cf-pro2-pro3-new-1.webp\",\"datePublished\":\"2022-10-05T07:58:10+00:00\",\"dateModified\":\"2026-03-18T15:39:51+00:00\",\"breadcrumb\":{\"@id\":\"https:\\\/\\\/3d-edu.ch\\\/fr\\\/boutique\\\/carton-dimpression-raise3d-pour-e2-e2cf-pro2-pro3\\\/#breadcrumb\"},\"inLanguage\":\"fr-FR\",\"potentialAction\":[{\"@type\":\"ReadAction\",\"target\":[\"https:\\\/\\\/3d-edu.ch\\\/fr\\\/boutique\\\/carton-dimpression-raise3d-pour-e2-e2cf-pro2-pro3\\\/\"]}]},{\"@type\":\"ImageObject\",\"inLanguage\":\"fr-FR\",\"@id\":\"https:\\\/\\\/3d-edu.ch\\\/fr\\\/boutique\\\/carton-dimpression-raise3d-pour-e2-e2cf-pro2-pro3\\\/#primaryimage\",\"url\":\"https:\\\/\\\/3d-edu.ch\\\/wp-content\\\/uploads\\\/2022\\\/10\\\/printer-cart-for-e2-e2cf-pro2-pro3-new-1.webp\",\"contentUrl\":\"https:\\\/\\\/3d-edu.ch\\\/wp-content\\\/uploads\\\/2022\\\/10\\\/printer-cart-for-e2-e2cf-pro2-pro3-new-1.webp\",\"width\":380,\"height\":380,\"caption\":\"Printer Cart For E2 E2CF Pro2 Pro3 New 1New 1\"},{\"@type\":\"BreadcrumbList\",\"@id\":\"https:\\\/\\\/3d-edu.ch\\\/fr\\\/boutique\\\/carton-dimpression-raise3d-pour-e2-e2cf-pro2-pro3\\\/#breadcrumb\",\"itemListElement\":[{\"@type\":\"ListItem\",\"position\":1,\"name\":\"Accueil\",\"item\":\"https:\\\/\\\/3d-edu.ch\\\/fr\\\/\"},{\"@type\":\"ListItem\",\"position\":2,\"name\":\"Boutique\",\"item\":\"https:\\\/\\\/3d-edu.ch\\\/fr\\\/boutique\\\/\"},{\"@type\":\"ListItem\",\"position\":3,\"name\":\"Carton d&rsquo;impression Raise3D pour E2\\\/E2CF\\\/Pro2\\\/Pro3\"}]},{\"@type\":\"WebSite\",\"@id\":\"https:\\\/\\\/3d-edu.ch\\\/fr\\\/#website\",\"url\":\"https:\\\/\\\/3d-edu.ch\\\/fr\\\/\",\"name\":\"3D-EDU GmbH\",\"description\":\"Your Formlabs, UltiMaker and Raise3D Printer Support and Education Site in Switzerland. \\\/\\\/ Ihre Formlabs, UltiMaker and Raise3D Drucker Support und Bildungs Webseite der Schweiz.\",\"publisher\":{\"@id\":\"https:\\\/\\\/3d-edu.ch\\\/fr\\\/#organization\"},\"potentialAction\":[{\"@type\":\"SearchAction\",\"target\":{\"@type\":\"EntryPoint\",\"urlTemplate\":\"https:\\\/\\\/3d-edu.ch\\\/fr\\\/?s={search_term_string}\"},\"query-input\":{\"@type\":\"PropertyValueSpecification\",\"valueRequired\":true,\"valueName\":\"search_term_string\"}}],\"inLanguage\":\"fr-FR\"},{\"@type\":[\"Organization\",\"Place\",\"ElectronicsStore\"],\"@id\":\"https:\\\/\\\/3d-edu.ch\\\/fr\\\/#organization\",\"name\":\"3D-EDU GmbH\",\"url\":\"https:\\\/\\\/3d-edu.ch\\\/fr\\\/\",\"logo\":{\"@id\":\"https:\\\/\\\/3d-edu.ch\\\/fr\\\/boutique\\\/carton-dimpression-raise3d-pour-e2-e2cf-pro2-pro3\\\/#local-main-organization-logo\"},\"image\":{\"@id\":\"https:\\\/\\\/3d-edu.ch\\\/fr\\\/boutique\\\/carton-dimpression-raise3d-pour-e2-e2cf-pro2-pro3\\\/#local-main-organization-logo\"},\"sameAs\":[\"https:\\\/\\\/www.facebook.com\\\/3d-educh-210277586064960\\\/\",\"https:\\\/\\\/x.com\\\/3d_edu_ch\"],\"address\":{\"@id\":\"https:\\\/\\\/3d-edu.ch\\\/fr\\\/boutique\\\/carton-dimpression-raise3d-pour-e2-e2cf-pro2-pro3\\\/#local-main-place-address\"},\"geo\":{\"@type\":\"GeoCoordinates\",\"latitude\":\"47.38413\",\"longitude\":\"8.49812\"},\"telephone\":[\"+41 44 492 11 22\"],\"openingHoursSpecification\":[{\"@type\":\"OpeningHoursSpecification\",\"dayOfWeek\":[\"Monday\",\"Tuesday\",\"Wednesday\",\"Thursday\",\"Friday\"],\"opens\":\"08:30\",\"closes\":\"18:00\"},{\"@type\":\"OpeningHoursSpecification\",\"dayOfWeek\":[\"Saturday\",\"Sunday\"],\"opens\":\"00:00\",\"closes\":\"00:00\"}],\"email\":\"info@3d-edu.ch\",\"faxNumber\":\"+41 44 492 11 23\",\"vatID\":\"CHE-184.499.491 MWST\",\"priceRange\":\"$$$\",\"currenciesAccepted\":\"CHF\"},{\"@type\":\"PostalAddress\",\"@id\":\"https:\\\/\\\/3d-edu.ch\\\/fr\\\/boutique\\\/carton-dimpression-raise3d-pour-e2-e2cf-pro2-pro3\\\/#local-main-place-address\",\"streetAddress\":\"3D-EDU GmbH, Badenerstrasse 556\",\"addressLocality\":\"Z\u00fcrich\",\"postalCode\":\"8048\",\"addressRegion\":\"Z\u00fcrich\",\"addressCountry\":\"CH\"},{\"@type\":\"ImageObject\",\"inLanguage\":\"fr-FR\",\"@id\":\"https:\\\/\\\/3d-edu.ch\\\/fr\\\/boutique\\\/carton-dimpression-raise3d-pour-e2-e2cf-pro2-pro3\\\/#local-main-organization-logo\",\"url\":\"https:\\\/\\\/3d-edu.ch\\\/wp-content\\\/uploads\\\/2018\\\/10\\\/3d-drucker-makerbot-formlabs-professionelle-3d-drucker-e1546527990490.png\",\"contentUrl\":\"https:\\\/\\\/3d-edu.ch\\\/wp-content\\\/uploads\\\/2018\\\/10\\\/3d-drucker-makerbot-formlabs-professionelle-3d-drucker-e1546527990490.png\",\"width\":275,\"height\":80,\"caption\":\"3D-EDU GmbH\"}]}<\/script>\n<meta property=\"product:brand\" content=\"Pi\u00e8ces de rechange &amp; accessoires\" \/>\n<meta property=\"product:price:amount\" content=\"730.61\" \/>\n<meta property=\"product:price:currency\" content=\"CHF\" \/>\n<meta property=\"og:availability\" content=\"instock\" \/>\n<meta property=\"product:availability\" content=\"instock\" \/>\n<meta property=\"product:retailer_item_id\" content=\"3RD-US-TN-00000\" \/>\n<meta property=\"product:condition\" content=\"new\" \/>\n<meta name=\"geo.placename\" content=\"Z\u00fcrich\" \/>\n<meta name=\"geo.position\" content=\"47.38413;8.49812\" \/>\n<meta name=\"geo.region\" content=\"Suisse\" \/>\n<!-- \/ Yoast SEO Premium plugin. -->","yoast_head_json":{"title":"Carton d'impression Raise3D pour E2\/E2CF\/Pro2\/Pro3 %%page% commander en ligne - %%nom du site","robots":{"index":"index","follow":"follow","max-snippet":"max-snippet:-1","max-image-preview":"max-image-preview:large","max-video-preview":"max-video-preview:-1"},"canonical":"https:\/\/3d-edu.ch\/fr\/boutique\/carton-dimpression-raise3d-pour-e2-e2cf-pro2-pro3\/","og_locale":"fr_FR","og_type":"article","og_title":"Carton d'impression Raise3D pour E2\/E2CF\/Pro2\/Pro3","og_description":"Carton d'impression Raise3D pour Pro3\/Pro2\/E2 Le chariot de Raise3D place la Raise 3D Pro3 et la Raise 3D E2 \u00e0 une hauteur de travail optimale. L'espace de rangement et le tiroir \u00e0 outils permettent de stocker les filaments, les buildtaks, les outils et les accessoires \u00e0 port\u00e9e de main. Le chariot est \u00e9quip\u00e9 de freins de roues pour \u00e9viter qu'il ne roule.  Dimensions : 62,3 L x 96,5 H x 59,7 cm P.","og_url":"https:\/\/3d-edu.ch\/fr\/boutique\/carton-dimpression-raise3d-pour-e2-e2cf-pro2-pro3\/","og_site_name":"3D-EDU GmbH","article_publisher":"https:\/\/www.facebook.com\/3d-educh-210277586064960\/","article_modified_time":"2026-03-18T15:39:51+00:00","og_image":[{"width":380,"height":380,"url":"https:\/\/3d-edu.ch\/wp-content\/uploads\/2022\/10\/printer-cart-for-e2-e2cf-pro2-pro3-new-1.webp","type":"image\/webp"}],"twitter_card":"summary_large_image","twitter_site":"@3d_edu_ch","twitter_misc":{"Prix":"730.61&nbsp;&#67;&#72;&#70; hors TVA","Disponibilit\u00e9":"En stock"},"schema":{"@context":"https:\/\/schema.org","@graph":[{"@type":"WebPage","@id":"https:\/\/3d-edu.ch\/fr\/boutique\/carton-dimpression-raise3d-pour-e2-e2cf-pro2-pro3\/","url":"https:\/\/3d-edu.ch\/fr\/boutique\/carton-dimpression-raise3d-pour-e2-e2cf-pro2-pro3\/","name":"Carton d'impression Raise3D pour E2\/E2CF\/Pro2\/Pro3 %%page% commander en ligne - %%nom du site","isPartOf":{"@id":"https:\/\/3d-edu.ch\/fr\/#website"},"primaryImageOfPage":{"@id":"https:\/\/3d-edu.ch\/fr\/boutique\/carton-dimpression-raise3d-pour-e2-e2cf-pro2-pro3\/#primaryimage"},"image":{"@id":"https:\/\/3d-edu.ch\/fr\/boutique\/carton-dimpression-raise3d-pour-e2-e2cf-pro2-pro3\/#primaryimage"},"thumbnailUrl":"https:\/\/3d-edu.ch\/wp-content\/uploads\/2022\/10\/printer-cart-for-e2-e2cf-pro2-pro3-new-1.webp","datePublished":"2022-10-05T07:58:10+00:00","dateModified":"2026-03-18T15:39:51+00:00","breadcrumb":{"@id":"https:\/\/3d-edu.ch\/fr\/boutique\/carton-dimpression-raise3d-pour-e2-e2cf-pro2-pro3\/#breadcrumb"},"inLanguage":"fr-FR","potentialAction":[{"@type":"ReadAction","target":["https:\/\/3d-edu.ch\/fr\/boutique\/carton-dimpression-raise3d-pour-e2-e2cf-pro2-pro3\/"]}]},{"@type":"ImageObject","inLanguage":"fr-FR","@id":"https:\/\/3d-edu.ch\/fr\/boutique\/carton-dimpression-raise3d-pour-e2-e2cf-pro2-pro3\/#primaryimage","url":"https:\/\/3d-edu.ch\/wp-content\/uploads\/2022\/10\/printer-cart-for-e2-e2cf-pro2-pro3-new-1.webp","contentUrl":"https:\/\/3d-edu.ch\/wp-content\/uploads\/2022\/10\/printer-cart-for-e2-e2cf-pro2-pro3-new-1.webp","width":380,"height":380,"caption":"Printer Cart For E2 E2CF Pro2 Pro3 New 1New 1"},{"@type":"BreadcrumbList","@id":"https:\/\/3d-edu.ch\/fr\/boutique\/carton-dimpression-raise3d-pour-e2-e2cf-pro2-pro3\/#breadcrumb","itemListElement":[{"@type":"ListItem","position":1,"name":"Accueil","item":"https:\/\/3d-edu.ch\/fr\/"},{"@type":"ListItem","position":2,"name":"Boutique","item":"https:\/\/3d-edu.ch\/fr\/boutique\/"},{"@type":"ListItem","position":3,"name":"Carton d&rsquo;impression Raise3D pour E2\/E2CF\/Pro2\/Pro3"}]},{"@type":"WebSite","@id":"https:\/\/3d-edu.ch\/fr\/#website","url":"https:\/\/3d-edu.ch\/fr\/","name":"3D-EDU GmbH","description":"Your Formlabs, UltiMaker and Raise3D Printer Support and Education Site in Switzerland. \/\/ Ihre Formlabs, UltiMaker and Raise3D Drucker Support und Bildungs Webseite der Schweiz.","publisher":{"@id":"https:\/\/3d-edu.ch\/fr\/#organization"},"potentialAction":[{"@type":"SearchAction","target":{"@type":"EntryPoint","urlTemplate":"https:\/\/3d-edu.ch\/fr\/?s={search_term_string}"},"query-input":{"@type":"PropertyValueSpecification","valueRequired":true,"valueName":"search_term_string"}}],"inLanguage":"fr-FR"},{"@type":["Organization","Place","ElectronicsStore"],"@id":"https:\/\/3d-edu.ch\/fr\/#organization","name":"3D-EDU GmbH","url":"https:\/\/3d-edu.ch\/fr\/","logo":{"@id":"https:\/\/3d-edu.ch\/fr\/boutique\/carton-dimpression-raise3d-pour-e2-e2cf-pro2-pro3\/#local-main-organization-logo"},"image":{"@id":"https:\/\/3d-edu.ch\/fr\/boutique\/carton-dimpression-raise3d-pour-e2-e2cf-pro2-pro3\/#local-main-organization-logo"},"sameAs":["https:\/\/www.facebook.com\/3d-educh-210277586064960\/","https:\/\/x.com\/3d_edu_ch"],"address":{"@id":"https:\/\/3d-edu.ch\/fr\/boutique\/carton-dimpression-raise3d-pour-e2-e2cf-pro2-pro3\/#local-main-place-address"},"geo":{"@type":"GeoCoordinates","latitude":"47.38413","longitude":"8.49812"},"telephone":["+41 44 492 11 22"],"openingHoursSpecification":[{"@type":"OpeningHoursSpecification","dayOfWeek":["Monday","Tuesday","Wednesday","Thursday","Friday"],"opens":"08:30","closes":"18:00"},{"@type":"OpeningHoursSpecification","dayOfWeek":["Saturday","Sunday"],"opens":"00:00","closes":"00:00"}],"email":"info@3d-edu.ch","faxNumber":"+41 44 492 11 23","vatID":"CHE-184.499.491 MWST","priceRange":"$$$","currenciesAccepted":"CHF"},{"@type":"PostalAddress","@id":"https:\/\/3d-edu.ch\/fr\/boutique\/carton-dimpression-raise3d-pour-e2-e2cf-pro2-pro3\/#local-main-place-address","streetAddress":"3D-EDU GmbH, Badenerstrasse 556","addressLocality":"Z\u00fcrich","postalCode":"8048","addressRegion":"Z\u00fcrich","addressCountry":"CH"},{"@type":"ImageObject","inLanguage":"fr-FR","@id":"https:\/\/3d-edu.ch\/fr\/boutique\/carton-dimpression-raise3d-pour-e2-e2cf-pro2-pro3\/#local-main-organization-logo","url":"https:\/\/3d-edu.ch\/wp-content\/uploads\/2018\/10\/3d-drucker-makerbot-formlabs-professionelle-3d-drucker-e1546527990490.png","contentUrl":"https:\/\/3d-edu.ch\/wp-content\/uploads\/2018\/10\/3d-drucker-makerbot-formlabs-professionelle-3d-drucker-e1546527990490.png","width":275,"height":80,"caption":"3D-EDU GmbH"}]},"product_brand":"Pi\u00e8ces de rechange &amp; accessoires","product_price_amount":"730.61","product_price_currency":"CHF","og_availability":"instock","product_availability":"instock","product_retailer_item_id":"3RD-US-TN-00000","product_condition":"new","geo.placename":"Z\u00fcrich","geo.position":{"lat":"47.38413","long":"8.49812"},"geo.region":"Suisse"},"_links":{"self":[{"href":"https:\/\/3d-edu.ch\/fr\/wp-json\/wp\/v2\/product\/76932","targetHints":{"allow":["GET"]}}],"collection":[{"href":"https:\/\/3d-edu.ch\/fr\/wp-json\/wp\/v2\/product"}],"about":[{"href":"https:\/\/3d-edu.ch\/fr\/wp-json\/wp\/v2\/types\/product"}],"replies":[{"embeddable":true,"href":"https:\/\/3d-edu.ch\/fr\/wp-json\/wp\/v2\/comments?post=76932"}],"wp:featuredmedia":[{"embeddable":true,"href":"https:\/\/3d-edu.ch\/fr\/wp-json\/wp\/v2\/media\/66629"}],"wp:attachment":[{"href":"https:\/\/3d-edu.ch\/fr\/wp-json\/wp\/v2\/media?parent=76932"}],"wp:term":[{"taxonomy":"product_brand","embeddable":true,"href":"https:\/\/3d-edu.ch\/fr\/wp-json\/wp\/v2\/product_brand?post=76932"},{"taxonomy":"product_cat","embeddable":true,"href":"https:\/\/3d-edu.ch\/fr\/wp-json\/wp\/v2\/product_cat?post=76932"},{"taxonomy":"product_tag","embeddable":true,"href":"https:\/\/3d-edu.ch\/fr\/wp-json\/wp\/v2\/product_tag?post=76932"}],"curies":[{"name":"wp","href":"https:\/\/api.w.org\/{rel}","templated":true}]}}