{"id":76922,"date":"2022-10-03T11:52:49","date_gmt":"2022-10-03T09:52:49","guid":{"rendered":"https:\/\/3d-edu.ch\/shop\/raise3d-pro-3\/"},"modified":"2026-01-28T12:06:18","modified_gmt":"2026-01-28T11:06:18","slug":"raise3d-pro-3","status":"publish","type":"product","link":"https:\/\/3d-edu.ch\/fr\/boutique\/raise3d-pro-3\/","title":{"rendered":"Raise3D Pro 3"},"content":{"rendered":"<h2>Raise3D Pro 3 est la derni\u00e8re g\u00e9n\u00e9ration d&rsquo;imprimantes 3D Raise3D Desktop FFF.<\/h2>\n<p>Les nouvelles imprimantes 3D professionnelles \u00e0 double extrudeuse de la s\u00e9rie Pro3 de Raise3D r\u00e9pondent aux besoins de la production et du prototypage rapide, m\u00eame pour des pi\u00e8ces relativement grandes, avec une grande pr\u00e9cision et un fonctionnement stable 24 heures sur 24. Nous sommes un <a href=\"https:\/\/www.raise3d.eu\/reseller\/\" target=\"_blank\" rel=\"noopener noreferrer\">revendeur certifi\u00e9 Raise3D<\/a>, ce qui nous permet de vous offrir un excellent service autour des produits Raise3D.<\/p>\n<p>Le package Raise3D Pro 3 comprend :<\/p>\n<ul>\n<li>1x imprimante 3D Raise3D Pro 3<\/li>\n<li>2x bobines de PLA<\/li>\n<li>1x plateforme de construction<\/li>\n<li>Accessoires (spatule, nettoyeur de buses, pincettes, support de bobines, filament-guide-tubes, fusibles, etc.)<\/li>\n<li>Logiciel<\/li>\n<li>12 mois de garantie<\/li>\n<\/ul>\n<div class=\"accordion\">\n\t<div id=\"accordion-2007616289\" class=\"accordion-item\">\n\t\t<a id=\"accordion-2007616289-label\" class=\"accordion-title plain\" href=\"#accordion-item-plus-d&#039;informations\" aria-expanded=\"false\" aria-controls=\"accordion-2007616289-content\">\n\t\t\t<button class=\"toggle\" aria-label=\"Basculer\"><i class=\"icon-angle-down\" aria-hidden=\"true\"><\/i><\/button>\n\t\t\t<span>Plus d&#039;informations<\/span>\n\t\t<\/a>\n\t\t<div id=\"accordion-2007616289-content\" class=\"accordion-inner\" aria-labelledby=\"accordion-2007616289-label\">\n\t\t\t\n<h5><strong>De nombreuses am\u00e9liorations pour une fiabilit\u00e9 accrue<\/strong><\/h5>\n<p>Une conception de machine de haute qualit\u00e9 avec des fonctionnalit\u00e9s avanc\u00e9es et un syst\u00e8me d&rsquo;assistance intelligent appel\u00e9 EVE font des imprimantes 3D \u00e0 double extrudeuse de la s\u00e9rie Pro3 une excellente option pour l&rsquo;impression 3D professionnelle. La Raise3D Pro3 est connect\u00e9e \u00e0 l&rsquo;\u00e9cosyst\u00e8me logiciel d&rsquo;impression 3D de Raise3D. Celui-ci comprend le programme de slicing 3D ideaMaker, le logiciel de gestion d&rsquo;impression 3D bas\u00e9 sur le cloud RaiseCloud, ainsi que la biblioth\u00e8que ouverte ideaMaker.  <\/p>\n<h5><strong>Am\u00e9lioration du mat\u00e9riel<\/strong><\/h5>\n<p>La Raise3D Pro3 dispose de composants mat\u00e9riels am\u00e9lior\u00e9s pour de meilleures performances et de meilleurs r\u00e9sultats d&rsquo;impression. Il s&rsquo;agit notamment de <\/p>\n<ul>\n<li>La mise \u00e0 niveau automatique du lit rend l&rsquo;installation d&rsquo;une imprimante 3D plus rapide et plus facile.<\/li>\n<li>Le plateau de construction flexible permet d&rsquo;extraire sans effort les pi\u00e8ces imprim\u00e9es en 3D.<\/li>\n<li>La rigidit\u00e9 de la barre de l&rsquo;axe Z a \u00e9t\u00e9 augment\u00e9e de 75 % afin d&rsquo;obtenir des performances plus stables.<\/li>\n<\/ul>\n<h5><strong>Manipulation simplifi\u00e9e de l&rsquo;extrudeuse<\/strong><\/h5>\n<p>La Raise3D Pro3 dispose d&rsquo;un double syst\u00e8me d&rsquo;extrusion avec des extrudeuses modulaires. Cela permet \u00e0 la Pro3 d&rsquo;imprimer une grande vari\u00e9t\u00e9 de filaments. Les extr\u00e9mit\u00e9s chaudes de la Raise3D Pro3 sont faciles \u00e0 enlever sans outils, ce qui permet de les changer, de les entretenir ou de les remplacer facilement. Cela permet de r\u00e9duire les obstructions et de faciliter le remplacement des composants.   <\/p>\n<h5><strong>Air Flow Manager pour une meilleure dissipation de la chaleur<\/strong><\/h5>\n<p>L&rsquo;Air Flow Manager se trouve \u00e0 l&rsquo;arri\u00e8re de l&rsquo;imprimante. Il am\u00e9liore la dissipation de la chaleur et la circulation de l&rsquo;air, cr\u00e9ant ainsi un environnement stable dans la chambre d&rsquo;impression. \u00c9quip\u00e9 d&rsquo;un filtre \u00e0 air HEPA, l&rsquo;Air Flow Manager filtre et purifie \u00e9galement l&rsquo;air de la chambre.  <\/p>\n<h5><strong>Assistant EVE Smart - maintenance assist\u00e9e<\/strong><\/h5>\n<p>La s\u00e9rie Raise3D Pro3 dispose d&rsquo;un syst\u00e8me d&rsquo;assistance EVE int\u00e9gr\u00e9, dans lequel les probl\u00e8mes d&rsquo;impression courants et les solutions correspondantes sont pr\u00e9install\u00e9s. L&rsquo;assistant EVE peut aider l&rsquo;utilisateur \u00e0 localiser pr\u00e9cis\u00e9ment et \u00e0 r\u00e9soudre les probl\u00e8mes qui pourraient avoir un impact sur le travail d&rsquo;impression final. L&rsquo;assistant EVE dispose d&rsquo;une fonction qui rappelle \u00e0 l&rsquo;utilisateur les op\u00e9rations de maintenance planifi\u00e9e r\u00e9guli\u00e8res afin de s&rsquo;assurer qu&rsquo;elles sont effectu\u00e9es \u00e0 temps. En outre, il contribue \u00e0 r\u00e9duire le temps de maintenance et les co\u00fbts de communication pour un processus de maintenance efficace.<\/p>\n\t\t<\/div>\n\t<\/div>\n\t\n<\/div>\n","protected":false},"excerpt":{"rendered":"<h2><strong>Imprimante 3D Raise3D Pro 3 FFF avec double extrudeur<\/strong><\/h2>\n<table>\n<tbody>\n<tr>\n<td width=\"100\">Fabricant<\/td>\n<td>Raise3D<\/td>\n<\/tr>\n<tr>\n<td>Proc\u00e9dure<\/td>\n<td>FFF - Fabrication de filament fondu<\/td>\n<\/tr>\n<tr>\n<td>Mat\u00e9riau<\/td>\n<td>Filaments Raise3D ou tiers<\/td>\n<\/tr>\n<tr>\n<td>\u00c9paisseur de la couche<\/td>\n<td>10-250 <span class=\"st\">\u00b5m<\/span><\/td>\n<\/tr>\n<tr>\n<td>XYZ Taille du pas<\/td>\n<td>0.78125, 0.78125, 0.078125 \u00b5m<\/td>\n<\/tr>\n<tr>\n<td>Espace d&rsquo;installation<\/td>\n<td>Single : 300 \u00d7 300 \u00d7 300 mm \/ Dual : 255 \u00d7 300 \u00d7 300 mm<\/td>\n<\/tr>\n<\/tbody>\n<\/table>\n","protected":false},"featured_media":45233,"comment_status":"closed","ping_status":"closed","template":"","meta":[],"product_brand":[],"product_cat":[7910,8079],"product_tag":[8316,9115,8535,8087,8080],"class_list":{"0":"post-76922","1":"product","2":"type-product","3":"status-publish","4":"has-post-thumbnail","6":"product_cat-imprimante-3d-fff-fr","7":"product_cat-raise3d","8":"product_tag-fdm","9":"product_tag-fff","10":"product_tag-hyper-vitesse","11":"product_tag-pro3","12":"product_tag-raise3d","14":"first","15":"instock","16":"taxable","17":"shipping-taxable","18":"purchasable","19":"product-type-simple"},"yoast_head":"<!-- This site is optimized with the Yoast SEO Premium plugin v27.4 (Yoast SEO v27.4) - https:\/\/yoast.com\/product\/yoast-seo-premium-wordpress\/ -->\n<title>Raise3D Pro 3 - La nouvelle imprimante 3D Raise3D FFF - 3D-EDU<\/title>\n<meta name=\"robots\" content=\"index, follow, max-snippet:-1, max-image-preview:large, max-video-preview:-1\" \/>\n<link rel=\"canonical\" href=\"https:\/\/3d-edu.ch\/fr\/boutique\/raise3d-pro-3\/\" \/>\n<meta property=\"og:locale\" content=\"fr_FR\" \/>\n<meta property=\"og:type\" content=\"article\" \/>\n<meta property=\"og:title\" content=\"Acheter une Form 3 de Formlabs - La nouvelle imprimante 3D LFS de Formlabs - 3D-EDU GmbH\" \/>\n<meta property=\"og:description\" content=\"Imprimante 3D Raise3D Pro 3 FFF avec double extrudeur  Fabricant Raise3D  Proc\u00e9dure FFF - Fabrication de filament fondu  Mat\u00e9riau Filaments Raise3D ou tiers  \u00c9paisseur de la couche 10-250 \u00b5m  XYZ Taille du pas 0.78125, 0.78125, 0.078125 \u00b5m  Espace d&#039;installation Single : 300 \u00d7 300 \u00d7 300 mm \/ Dual : 255 \u00d7 300 \u00d7 300 mm\" \/>\n<meta property=\"og:url\" content=\"https:\/\/3d-edu.ch\/fr\/boutique\/raise3d-pro-3\/\" \/>\n<meta property=\"og:site_name\" content=\"3D-EDU GmbH\" \/>\n<meta property=\"article:publisher\" content=\"https:\/\/www.facebook.com\/3d-educh-210277586064960\/\" \/>\n<meta property=\"article:modified_time\" content=\"2026-01-28T11:06:18+00:00\" \/>\n<meta property=\"og:image\" content=\"https:\/\/dedune53.myhostpoint.ch\/wp-content\/uploads\/2019\/04\/formlabs-form-3-integration-neu.jpg\" \/>\n<meta name=\"twitter:card\" content=\"summary_large_image\" \/>\n<meta name=\"twitter:title\" content=\"Acheter une Form 3 de Formlabs - La nouvelle imprimante 3D LFS de Formlabs\" \/>\n<meta name=\"twitter:site\" content=\"@3d_edu_ch\" \/>\n<meta name=\"twitter:label1\" content=\"Prix\" \/>\n\t<meta name=\"twitter:data1\" content=\"3&#039;630.05&nbsp;&#067;&#072;&#070; hors TVA\" \/>\n\t<meta name=\"twitter:label2\" content=\"Disponibilit\u00e9\" \/>\n\t<meta name=\"twitter:data2\" content=\"En stock\" \/>\n<script type=\"application\/ld+json\" class=\"yoast-schema-graph\">{\"@context\":\"https:\\\/\\\/schema.org\",\"@graph\":[{\"@type\":\"WebPage\",\"@id\":\"https:\\\/\\\/3d-edu.ch\\\/fr\\\/boutique\\\/raise3d-pro-3\\\/\",\"url\":\"https:\\\/\\\/3d-edu.ch\\\/fr\\\/boutique\\\/raise3d-pro-3\\\/\",\"name\":\"Raise3D Pro 3 - La nouvelle imprimante 3D Raise3D FFF - 3D-EDU\",\"isPartOf\":{\"@id\":\"https:\\\/\\\/3d-edu.ch\\\/fr\\\/#website\"},\"primaryImageOfPage\":{\"@id\":\"https:\\\/\\\/3d-edu.ch\\\/fr\\\/boutique\\\/raise3d-pro-3\\\/#primaryimage\"},\"image\":{\"@id\":\"https:\\\/\\\/3d-edu.ch\\\/fr\\\/boutique\\\/raise3d-pro-3\\\/#primaryimage\"},\"thumbnailUrl\":\"https:\\\/\\\/3d-edu.ch\\\/wp-content\\\/uploads\\\/2022\\\/10\\\/raise3d-pro3-3d-drucker.webp\",\"datePublished\":\"2022-10-03T09:52:49+00:00\",\"dateModified\":\"2026-01-28T11:06:18+00:00\",\"breadcrumb\":{\"@id\":\"https:\\\/\\\/3d-edu.ch\\\/fr\\\/boutique\\\/raise3d-pro-3\\\/#breadcrumb\"},\"inLanguage\":\"fr-FR\",\"potentialAction\":[{\"@type\":\"ReadAction\",\"target\":[\"https:\\\/\\\/3d-edu.ch\\\/fr\\\/boutique\\\/raise3d-pro-3\\\/\"]}]},{\"@type\":\"ImageObject\",\"inLanguage\":\"fr-FR\",\"@id\":\"https:\\\/\\\/3d-edu.ch\\\/fr\\\/boutique\\\/raise3d-pro-3\\\/#primaryimage\",\"url\":\"https:\\\/\\\/3d-edu.ch\\\/wp-content\\\/uploads\\\/2022\\\/10\\\/raise3d-pro3-3d-drucker.webp\",\"contentUrl\":\"https:\\\/\\\/3d-edu.ch\\\/wp-content\\\/uploads\\\/2022\\\/10\\\/raise3d-pro3-3d-drucker.webp\",\"width\":650,\"height\":650,\"caption\":\"Raise3D Pro 3\"},{\"@type\":\"BreadcrumbList\",\"@id\":\"https:\\\/\\\/3d-edu.ch\\\/fr\\\/boutique\\\/raise3d-pro-3\\\/#breadcrumb\",\"itemListElement\":[{\"@type\":\"ListItem\",\"position\":1,\"name\":\"Accueil\",\"item\":\"https:\\\/\\\/3d-edu.ch\\\/fr\\\/\"},{\"@type\":\"ListItem\",\"position\":2,\"name\":\"Boutique\",\"item\":\"https:\\\/\\\/3d-edu.ch\\\/fr\\\/boutique\\\/\"},{\"@type\":\"ListItem\",\"position\":3,\"name\":\"Raise3D Pro 3\"}]},{\"@type\":\"WebSite\",\"@id\":\"https:\\\/\\\/3d-edu.ch\\\/fr\\\/#website\",\"url\":\"https:\\\/\\\/3d-edu.ch\\\/fr\\\/\",\"name\":\"3D-EDU GmbH\",\"description\":\"Your Formlabs, UltiMaker and Raise3D Printer Support and Education Site in Switzerland. \\\/\\\/ Ihre Formlabs, UltiMaker and Raise3D Drucker Support und Bildungs Webseite der Schweiz.\",\"publisher\":{\"@id\":\"https:\\\/\\\/3d-edu.ch\\\/fr\\\/#organization\"},\"potentialAction\":[{\"@type\":\"SearchAction\",\"target\":{\"@type\":\"EntryPoint\",\"urlTemplate\":\"https:\\\/\\\/3d-edu.ch\\\/fr\\\/?s={search_term_string}\"},\"query-input\":{\"@type\":\"PropertyValueSpecification\",\"valueRequired\":true,\"valueName\":\"search_term_string\"}}],\"inLanguage\":\"fr-FR\"},{\"@type\":[\"Organization\",\"Place\",\"ElectronicsStore\"],\"@id\":\"https:\\\/\\\/3d-edu.ch\\\/fr\\\/#organization\",\"name\":\"3D-EDU GmbH\",\"url\":\"https:\\\/\\\/3d-edu.ch\\\/fr\\\/\",\"logo\":{\"@id\":\"https:\\\/\\\/3d-edu.ch\\\/fr\\\/boutique\\\/raise3d-pro-3\\\/#local-main-organization-logo\"},\"image\":{\"@id\":\"https:\\\/\\\/3d-edu.ch\\\/fr\\\/boutique\\\/raise3d-pro-3\\\/#local-main-organization-logo\"},\"sameAs\":[\"https:\\\/\\\/www.facebook.com\\\/3d-educh-210277586064960\\\/\",\"https:\\\/\\\/x.com\\\/3d_edu_ch\"],\"address\":{\"@id\":\"https:\\\/\\\/3d-edu.ch\\\/fr\\\/boutique\\\/raise3d-pro-3\\\/#local-main-place-address\"},\"geo\":{\"@type\":\"GeoCoordinates\",\"latitude\":\"47.38413\",\"longitude\":\"8.49812\"},\"telephone\":[\"+41 44 492 11 22\"],\"openingHoursSpecification\":[{\"@type\":\"OpeningHoursSpecification\",\"dayOfWeek\":[\"Monday\",\"Tuesday\",\"Wednesday\",\"Thursday\",\"Friday\"],\"opens\":\"08:30\",\"closes\":\"18:00\"},{\"@type\":\"OpeningHoursSpecification\",\"dayOfWeek\":[\"Saturday\",\"Sunday\"],\"opens\":\"00:00\",\"closes\":\"00:00\"}],\"email\":\"info@3d-edu.ch\",\"faxNumber\":\"+41 44 492 11 23\",\"vatID\":\"CHE-184.499.491 MWST\",\"priceRange\":\"$$$\",\"currenciesAccepted\":\"CHF\"},{\"@type\":\"PostalAddress\",\"@id\":\"https:\\\/\\\/3d-edu.ch\\\/fr\\\/boutique\\\/raise3d-pro-3\\\/#local-main-place-address\",\"streetAddress\":\"3D-EDU GmbH, Badenerstrasse 556\",\"addressLocality\":\"Z\u00fcrich\",\"postalCode\":\"8048\",\"addressRegion\":\"Z\u00fcrich\",\"addressCountry\":\"CH\"},{\"@type\":\"ImageObject\",\"inLanguage\":\"fr-FR\",\"@id\":\"https:\\\/\\\/3d-edu.ch\\\/fr\\\/boutique\\\/raise3d-pro-3\\\/#local-main-organization-logo\",\"url\":\"https:\\\/\\\/3d-edu.ch\\\/wp-content\\\/uploads\\\/2018\\\/10\\\/3d-drucker-makerbot-formlabs-professionelle-3d-drucker-e1546527990490.png\",\"contentUrl\":\"https:\\\/\\\/3d-edu.ch\\\/wp-content\\\/uploads\\\/2018\\\/10\\\/3d-drucker-makerbot-formlabs-professionelle-3d-drucker-e1546527990490.png\",\"width\":275,\"height\":80,\"caption\":\"3D-EDU GmbH\"}]}<\/script>\n<meta property=\"product:brand\" content=\"Raise3D\" \/>\n<meta property=\"product:price:amount\" content=\"3630.05\" \/>\n<meta property=\"product:price:currency\" content=\"CHF\" \/>\n<meta property=\"og:availability\" content=\"instock\" \/>\n<meta property=\"product:availability\" content=\"instock\" \/>\n<meta property=\"product:retailer_item_id\" content=\"1.01.024.001A01\" \/>\n<meta property=\"product:condition\" content=\"new\" \/>\n<meta name=\"geo.placename\" content=\"Z\u00fcrich\" \/>\n<meta name=\"geo.position\" content=\"47.38413;8.49812\" \/>\n<meta name=\"geo.region\" content=\"Suisse\" \/>\n<!-- \/ Yoast SEO Premium plugin. -->","yoast_head_json":{"title":"Raise3D Pro 3 - La nouvelle imprimante 3D Raise3D FFF - 3D-EDU","robots":{"index":"index","follow":"follow","max-snippet":"max-snippet:-1","max-image-preview":"max-image-preview:large","max-video-preview":"max-video-preview:-1"},"canonical":"https:\/\/3d-edu.ch\/fr\/boutique\/raise3d-pro-3\/","og_locale":"fr_FR","og_type":"article","og_title":"Acheter une Form 3 de Formlabs - La nouvelle imprimante 3D LFS de Formlabs - 3D-EDU GmbH","og_description":"Imprimante 3D Raise3D Pro 3 FFF avec double extrudeur  Fabricant Raise3D  Proc\u00e9dure FFF - Fabrication de filament fondu  Mat\u00e9riau Filaments Raise3D ou tiers  \u00c9paisseur de la couche 10-250 \u00b5m  XYZ Taille du pas 0.78125, 0.78125, 0.078125 \u00b5m  Espace d'installation Single : 300 \u00d7 300 \u00d7 300 mm \/ Dual : 255 \u00d7 300 \u00d7 300 mm","og_url":"https:\/\/3d-edu.ch\/fr\/boutique\/raise3d-pro-3\/","og_site_name":"3D-EDU GmbH","article_publisher":"https:\/\/www.facebook.com\/3d-educh-210277586064960\/","article_modified_time":"2026-01-28T11:06:18+00:00","og_image":[{"url":"https:\/\/dedune53.myhostpoint.ch\/wp-content\/uploads\/2019\/04\/formlabs-form-3-integration-neu.jpg","type":"","width":"","height":""}],"twitter_card":"summary_large_image","twitter_title":"Acheter une Form 3 de Formlabs - La nouvelle imprimante 3D LFS de Formlabs","twitter_site":"@3d_edu_ch","twitter_misc":{"Prix":"3'630.05&nbsp;&#67;&#72;&#70; hors TVA","Disponibilit\u00e9":"En stock"},"schema":{"@context":"https:\/\/schema.org","@graph":[{"@type":"WebPage","@id":"https:\/\/3d-edu.ch\/fr\/boutique\/raise3d-pro-3\/","url":"https:\/\/3d-edu.ch\/fr\/boutique\/raise3d-pro-3\/","name":"Raise3D Pro 3 - La nouvelle imprimante 3D Raise3D FFF - 3D-EDU","isPartOf":{"@id":"https:\/\/3d-edu.ch\/fr\/#website"},"primaryImageOfPage":{"@id":"https:\/\/3d-edu.ch\/fr\/boutique\/raise3d-pro-3\/#primaryimage"},"image":{"@id":"https:\/\/3d-edu.ch\/fr\/boutique\/raise3d-pro-3\/#primaryimage"},"thumbnailUrl":"https:\/\/3d-edu.ch\/wp-content\/uploads\/2022\/10\/raise3d-pro3-3d-drucker.webp","datePublished":"2022-10-03T09:52:49+00:00","dateModified":"2026-01-28T11:06:18+00:00","breadcrumb":{"@id":"https:\/\/3d-edu.ch\/fr\/boutique\/raise3d-pro-3\/#breadcrumb"},"inLanguage":"fr-FR","potentialAction":[{"@type":"ReadAction","target":["https:\/\/3d-edu.ch\/fr\/boutique\/raise3d-pro-3\/"]}]},{"@type":"ImageObject","inLanguage":"fr-FR","@id":"https:\/\/3d-edu.ch\/fr\/boutique\/raise3d-pro-3\/#primaryimage","url":"https:\/\/3d-edu.ch\/wp-content\/uploads\/2022\/10\/raise3d-pro3-3d-drucker.webp","contentUrl":"https:\/\/3d-edu.ch\/wp-content\/uploads\/2022\/10\/raise3d-pro3-3d-drucker.webp","width":650,"height":650,"caption":"Raise3D Pro 3"},{"@type":"BreadcrumbList","@id":"https:\/\/3d-edu.ch\/fr\/boutique\/raise3d-pro-3\/#breadcrumb","itemListElement":[{"@type":"ListItem","position":1,"name":"Accueil","item":"https:\/\/3d-edu.ch\/fr\/"},{"@type":"ListItem","position":2,"name":"Boutique","item":"https:\/\/3d-edu.ch\/fr\/boutique\/"},{"@type":"ListItem","position":3,"name":"Raise3D Pro 3"}]},{"@type":"WebSite","@id":"https:\/\/3d-edu.ch\/fr\/#website","url":"https:\/\/3d-edu.ch\/fr\/","name":"3D-EDU GmbH","description":"Your Formlabs, UltiMaker and Raise3D Printer Support and Education Site in Switzerland. \/\/ Ihre Formlabs, UltiMaker and Raise3D Drucker Support und Bildungs Webseite der Schweiz.","publisher":{"@id":"https:\/\/3d-edu.ch\/fr\/#organization"},"potentialAction":[{"@type":"SearchAction","target":{"@type":"EntryPoint","urlTemplate":"https:\/\/3d-edu.ch\/fr\/?s={search_term_string}"},"query-input":{"@type":"PropertyValueSpecification","valueRequired":true,"valueName":"search_term_string"}}],"inLanguage":"fr-FR"},{"@type":["Organization","Place","ElectronicsStore"],"@id":"https:\/\/3d-edu.ch\/fr\/#organization","name":"3D-EDU GmbH","url":"https:\/\/3d-edu.ch\/fr\/","logo":{"@id":"https:\/\/3d-edu.ch\/fr\/boutique\/raise3d-pro-3\/#local-main-organization-logo"},"image":{"@id":"https:\/\/3d-edu.ch\/fr\/boutique\/raise3d-pro-3\/#local-main-organization-logo"},"sameAs":["https:\/\/www.facebook.com\/3d-educh-210277586064960\/","https:\/\/x.com\/3d_edu_ch"],"address":{"@id":"https:\/\/3d-edu.ch\/fr\/boutique\/raise3d-pro-3\/#local-main-place-address"},"geo":{"@type":"GeoCoordinates","latitude":"47.38413","longitude":"8.49812"},"telephone":["+41 44 492 11 22"],"openingHoursSpecification":[{"@type":"OpeningHoursSpecification","dayOfWeek":["Monday","Tuesday","Wednesday","Thursday","Friday"],"opens":"08:30","closes":"18:00"},{"@type":"OpeningHoursSpecification","dayOfWeek":["Saturday","Sunday"],"opens":"00:00","closes":"00:00"}],"email":"info@3d-edu.ch","faxNumber":"+41 44 492 11 23","vatID":"CHE-184.499.491 MWST","priceRange":"$$$","currenciesAccepted":"CHF"},{"@type":"PostalAddress","@id":"https:\/\/3d-edu.ch\/fr\/boutique\/raise3d-pro-3\/#local-main-place-address","streetAddress":"3D-EDU GmbH, Badenerstrasse 556","addressLocality":"Z\u00fcrich","postalCode":"8048","addressRegion":"Z\u00fcrich","addressCountry":"CH"},{"@type":"ImageObject","inLanguage":"fr-FR","@id":"https:\/\/3d-edu.ch\/fr\/boutique\/raise3d-pro-3\/#local-main-organization-logo","url":"https:\/\/3d-edu.ch\/wp-content\/uploads\/2018\/10\/3d-drucker-makerbot-formlabs-professionelle-3d-drucker-e1546527990490.png","contentUrl":"https:\/\/3d-edu.ch\/wp-content\/uploads\/2018\/10\/3d-drucker-makerbot-formlabs-professionelle-3d-drucker-e1546527990490.png","width":275,"height":80,"caption":"3D-EDU GmbH"}]},"product_brand":"Raise3D","product_price_amount":"3630.05","product_price_currency":"CHF","og_availability":"instock","product_availability":"instock","product_retailer_item_id":"1.01.024.001A01","product_condition":"new","geo.placename":"Z\u00fcrich","geo.position":{"lat":"47.38413","long":"8.49812"},"geo.region":"Suisse"},"_links":{"self":[{"href":"https:\/\/3d-edu.ch\/fr\/wp-json\/wp\/v2\/product\/76922","targetHints":{"allow":["GET"]}}],"collection":[{"href":"https:\/\/3d-edu.ch\/fr\/wp-json\/wp\/v2\/product"}],"about":[{"href":"https:\/\/3d-edu.ch\/fr\/wp-json\/wp\/v2\/types\/product"}],"replies":[{"embeddable":true,"href":"https:\/\/3d-edu.ch\/fr\/wp-json\/wp\/v2\/comments?post=76922"}],"wp:featuredmedia":[{"embeddable":true,"href":"https:\/\/3d-edu.ch\/fr\/wp-json\/wp\/v2\/media\/45233"}],"wp:attachment":[{"href":"https:\/\/3d-edu.ch\/fr\/wp-json\/wp\/v2\/media?parent=76922"}],"wp:term":[{"taxonomy":"product_brand","embeddable":true,"href":"https:\/\/3d-edu.ch\/fr\/wp-json\/wp\/v2\/product_brand?post=76922"},{"taxonomy":"product_cat","embeddable":true,"href":"https:\/\/3d-edu.ch\/fr\/wp-json\/wp\/v2\/product_cat?post=76922"},{"taxonomy":"product_tag","embeddable":true,"href":"https:\/\/3d-edu.ch\/fr\/wp-json\/wp\/v2\/product_tag?post=76922"}],"curies":[{"name":"wp","href":"https:\/\/api.w.org\/{rel}","templated":true}]}}