{"id":76878,"date":"2023-01-03T12:30:58","date_gmt":"2023-01-03T12:30:58","guid":{"rendered":"https:\/\/3d-edu.ch\/shop\/peel-3-cad\/"},"modified":"2023-01-03T12:30:58","modified_gmt":"2023-01-03T11:30:58","slug":"peel-3-cad","status":"publish","type":"product","link":"https:\/\/3d-edu.ch\/fr\/boutique\/peel-3-cad\/","title":{"rendered":"peel 3 CAD"},"content":{"rendered":"<h2>peel 3 CAD 3D Scanner Package<\/h2>\n<p><strong>Le package de num\u00e9risation 3D peel 3 CAD comprend :<\/strong><\/p>\n<ul>\n<li>peel 3 scanner 3D<\/li>\n<li>Logiciel de retour de surface peel.CAD<\/li>\n<li>Logiciel d&rsquo;acquisition de donn\u00e9es peel.OS<\/li>\n<li>Autocollant de positionnement<\/li>\n<li>Plaque d&rsquo;\u00e9talonnage<\/li>\n<li>Mallette de transport l\u00e9g\u00e8re en mousse<\/li>\n<li>Alimentation 24 V avec adaptateur de prise locale<\/li>\n<li>C\u00e2ble USB 3.0 (4m)<\/li>\n<li>Acc\u00e8s \u00e0 la base de connaissances via l&rsquo;espace client<\/li>\n<li>1 an de garantie pi\u00e8ces et main-d&rsquo;\u0153uvre, mises \u00e0 jour logicielles et support technique<\/li>\n<\/ul>\n","protected":false},"excerpt":{"rendered":"<h2>peel 3 CAD 3D Scanner Package<\/h2>\n<p>Faites-vous beaucoup de r\u00e9tro-conception ? Devez-vous traiter vos num\u00e9risations 3D avant de les envoyer \u00e0 votre logiciel de CAO ? Et avez-vous besoin de fichiers CAO modifiables ? Dans ce cas, vous serez heureux d&rsquo;utiliser peel 3.CAD et son logiciel de num\u00e9risation 3D. Il vous permet de finaliser les scans et de les convertir en fichiers CAO \u00e9ditables. Vous pouvez ensuite les utiliser dans votre CAO. peel3.CAD est une solution compl\u00e8te et cl\u00e9 en main pour toutes les applications de r\u00e9tro-ing\u00e9nierie.      <\/p>\n<p>Ce scanner 3D est un v\u00e9ritable multitalent \u00e0 tous points de vue. Vous serez s\u00e9duit par ses performances pour son prix : design ergonomique repens\u00e9, \u00e9cran tactile multifonctions intuitif, premi\u00e8re communication haptique avec l&rsquo;utilisateur par vibration de l&rsquo;industrie, r\u00e9solution am\u00e9lior\u00e9e, performances accrues pour les objets et les couleurs complexes, et logiciel d&rsquo;acquisition de donn\u00e9es inclus. <\/p>\n","protected":false},"featured_media":46548,"comment_status":"closed","ping_status":"closed","template":"","meta":[],"product_brand":[],"product_cat":[8279,7905],"product_tag":[8284,8282,8285,8286,8287,8283],"class_list":{"0":"post-76878","1":"product","2":"type-product","3":"status-publish","4":"has-post-thumbnail","6":"product_cat-peel-3d","7":"product_cat-scanners-3d-fr-2","8":"product_tag-cad","9":"product_tag-peel-3","10":"product_tag-peel-cad","11":"product_tag-peel-os","12":"product_tag-peel3d","13":"product_tag-scanners-3d","15":"first","16":"instock","17":"taxable","18":"shipping-taxable","19":"purchasable","20":"product-type-simple"},"yoast_head":"<!-- This site is optimized with the Yoast SEO Premium plugin v27.4 (Yoast SEO v27.4) - https:\/\/yoast.com\/product\/yoast-seo-premium-wordpress\/ -->\n<title>peel 3 CAD - 3D-EDU GmbH<\/title>\n<meta name=\"robots\" content=\"index, follow, max-snippet:-1, max-image-preview:large, max-video-preview:-1\" \/>\n<link rel=\"canonical\" href=\"https:\/\/3d-edu.ch\/fr\/boutique\/peel-3-cad\/\" \/>\n<meta property=\"og:locale\" content=\"fr_FR\" \/>\n<meta property=\"og:type\" content=\"article\" \/>\n<meta property=\"og:title\" content=\"peel 3 CAD\" \/>\n<meta property=\"og:description\" content=\"peel 3 CAD 3D Scanner Package Faites-vous beaucoup de r\u00e9tro-conception ? Devez-vous traiter vos num\u00e9risations 3D avant de les envoyer \u00e0 votre logiciel de CAO ? Et avez-vous besoin de fichiers CAO modifiables ? Dans ce cas, vous serez heureux d&#039;utiliser peel 3.CAD et son logiciel de num\u00e9risation 3D. Il vous permet de finaliser les scans et de les convertir en fichiers CAO \u00e9ditables. Vous pouvez ensuite les utiliser dans votre CAO. peel3.CAD est une solution compl\u00e8te et cl\u00e9 en main pour toutes les applications de r\u00e9tro-ing\u00e9nierie.    Ce scanner 3D est un v\u00e9ritable multitalent \u00e0 tous points de vue. Vous serez s\u00e9duit par ses performances pour son prix : design ergonomique repens\u00e9, \u00e9cran tactile multifonctions intuitif, premi\u00e8re communication haptique avec l&#039;utilisateur par vibration de l&#039;industrie, r\u00e9solution am\u00e9lior\u00e9e, performances accrues pour les objets et les couleurs complexes, et logiciel d&#039;acquisition de donn\u00e9es inclus.\" \/>\n<meta property=\"og:url\" content=\"https:\/\/3d-edu.ch\/fr\/boutique\/peel-3-cad\/\" \/>\n<meta property=\"og:site_name\" content=\"3D-EDU GmbH\" \/>\n<meta property=\"article:publisher\" content=\"https:\/\/www.facebook.com\/3d-educh-210277586064960\/\" \/>\n<meta property=\"og:image\" content=\"https:\/\/3d-edu.ch\/wp-content\/uploads\/2023\/01\/peel-3-CAD-3d-scanner-package-basic.webp\" \/>\n\t<meta property=\"og:image:width\" content=\"500\" \/>\n\t<meta property=\"og:image:height\" content=\"500\" \/>\n\t<meta property=\"og:image:type\" content=\"image\/webp\" \/>\n<meta name=\"twitter:card\" content=\"summary_large_image\" \/>\n<meta name=\"twitter:site\" content=\"@3d_edu_ch\" \/>\n<meta name=\"twitter:label1\" content=\"Prix\" \/>\n\t<meta name=\"twitter:data1\" content=\"3&#039;691.85&nbsp;&#067;&#072;&#070; hors TVA\" \/>\n\t<meta name=\"twitter:label2\" content=\"Disponibilit\u00e9\" \/>\n\t<meta name=\"twitter:data2\" content=\"En stock\" \/>\n<script type=\"application\/ld+json\" class=\"yoast-schema-graph\">{\"@context\":\"https:\\\/\\\/schema.org\",\"@graph\":[{\"@type\":\"WebPage\",\"@id\":\"https:\\\/\\\/3d-edu.ch\\\/fr\\\/boutique\\\/peel-3-cad\\\/\",\"url\":\"https:\\\/\\\/3d-edu.ch\\\/fr\\\/boutique\\\/peel-3-cad\\\/\",\"name\":\"peel 3 CAD - 3D-EDU GmbH\",\"isPartOf\":{\"@id\":\"https:\\\/\\\/3d-edu.ch\\\/fr\\\/#website\"},\"primaryImageOfPage\":{\"@id\":\"https:\\\/\\\/3d-edu.ch\\\/fr\\\/boutique\\\/peel-3-cad\\\/#primaryimage\"},\"image\":{\"@id\":\"https:\\\/\\\/3d-edu.ch\\\/fr\\\/boutique\\\/peel-3-cad\\\/#primaryimage\"},\"thumbnailUrl\":\"https:\\\/\\\/3d-edu.ch\\\/wp-content\\\/uploads\\\/2023\\\/01\\\/peel-3-CAD-3d-scanner-package-basic.webp\",\"datePublished\":\"2023-01-03T12:30:58+00:00\",\"breadcrumb\":{\"@id\":\"https:\\\/\\\/3d-edu.ch\\\/fr\\\/boutique\\\/peel-3-cad\\\/#breadcrumb\"},\"inLanguage\":\"fr-FR\",\"potentialAction\":[{\"@type\":\"ReadAction\",\"target\":[\"https:\\\/\\\/3d-edu.ch\\\/fr\\\/boutique\\\/peel-3-cad\\\/\"]}]},{\"@type\":\"ImageObject\",\"inLanguage\":\"fr-FR\",\"@id\":\"https:\\\/\\\/3d-edu.ch\\\/fr\\\/boutique\\\/peel-3-cad\\\/#primaryimage\",\"url\":\"https:\\\/\\\/3d-edu.ch\\\/wp-content\\\/uploads\\\/2023\\\/01\\\/peel-3-CAD-3d-scanner-package-basic.webp\",\"contentUrl\":\"https:\\\/\\\/3d-edu.ch\\\/wp-content\\\/uploads\\\/2023\\\/01\\\/peel-3-CAD-3d-scanner-package-basic.webp\",\"width\":500,\"height\":500,\"caption\":\"Peel 3D CAD 3D-Scanner Package Basic\"},{\"@type\":\"BreadcrumbList\",\"@id\":\"https:\\\/\\\/3d-edu.ch\\\/fr\\\/boutique\\\/peel-3-cad\\\/#breadcrumb\",\"itemListElement\":[{\"@type\":\"ListItem\",\"position\":1,\"name\":\"Accueil\",\"item\":\"https:\\\/\\\/3d-edu.ch\\\/fr\\\/\"},{\"@type\":\"ListItem\",\"position\":2,\"name\":\"Boutique\",\"item\":\"https:\\\/\\\/3d-edu.ch\\\/fr\\\/boutique\\\/\"},{\"@type\":\"ListItem\",\"position\":3,\"name\":\"peel 3 CAD\"}]},{\"@type\":\"WebSite\",\"@id\":\"https:\\\/\\\/3d-edu.ch\\\/fr\\\/#website\",\"url\":\"https:\\\/\\\/3d-edu.ch\\\/fr\\\/\",\"name\":\"3D-EDU GmbH\",\"description\":\"Your Formlabs, UltiMaker and Raise3D Printer Support and Education Site in Switzerland. \\\/\\\/ Ihre Formlabs, UltiMaker and Raise3D Drucker Support und Bildungs Webseite der Schweiz.\",\"publisher\":{\"@id\":\"https:\\\/\\\/3d-edu.ch\\\/fr\\\/#organization\"},\"potentialAction\":[{\"@type\":\"SearchAction\",\"target\":{\"@type\":\"EntryPoint\",\"urlTemplate\":\"https:\\\/\\\/3d-edu.ch\\\/fr\\\/?s={search_term_string}\"},\"query-input\":{\"@type\":\"PropertyValueSpecification\",\"valueRequired\":true,\"valueName\":\"search_term_string\"}}],\"inLanguage\":\"fr-FR\"},{\"@type\":[\"Organization\",\"Place\",\"ElectronicsStore\"],\"@id\":\"https:\\\/\\\/3d-edu.ch\\\/fr\\\/#organization\",\"name\":\"3D-EDU GmbH\",\"url\":\"https:\\\/\\\/3d-edu.ch\\\/fr\\\/\",\"logo\":{\"@id\":\"https:\\\/\\\/3d-edu.ch\\\/fr\\\/boutique\\\/peel-3-cad\\\/#local-main-organization-logo\"},\"image\":{\"@id\":\"https:\\\/\\\/3d-edu.ch\\\/fr\\\/boutique\\\/peel-3-cad\\\/#local-main-organization-logo\"},\"sameAs\":[\"https:\\\/\\\/www.facebook.com\\\/3d-educh-210277586064960\\\/\",\"https:\\\/\\\/x.com\\\/3d_edu_ch\"],\"address\":{\"@id\":\"https:\\\/\\\/3d-edu.ch\\\/fr\\\/boutique\\\/peel-3-cad\\\/#local-main-place-address\"},\"geo\":{\"@type\":\"GeoCoordinates\",\"latitude\":\"47.38413\",\"longitude\":\"8.49812\"},\"telephone\":[\"+41 44 492 11 22\"],\"openingHoursSpecification\":[{\"@type\":\"OpeningHoursSpecification\",\"dayOfWeek\":[\"Monday\",\"Tuesday\",\"Wednesday\",\"Thursday\",\"Friday\"],\"opens\":\"08:30\",\"closes\":\"18:00\"},{\"@type\":\"OpeningHoursSpecification\",\"dayOfWeek\":[\"Saturday\",\"Sunday\"],\"opens\":\"00:00\",\"closes\":\"00:00\"}],\"email\":\"info@3d-edu.ch\",\"faxNumber\":\"+41 44 492 11 23\",\"vatID\":\"CHE-184.499.491 MWST\",\"priceRange\":\"$$$\",\"currenciesAccepted\":\"CHF\"},{\"@type\":\"PostalAddress\",\"@id\":\"https:\\\/\\\/3d-edu.ch\\\/fr\\\/boutique\\\/peel-3-cad\\\/#local-main-place-address\",\"streetAddress\":\"3D-EDU GmbH, Badenerstrasse 556\",\"addressLocality\":\"Z\u00fcrich\",\"postalCode\":\"8048\",\"addressRegion\":\"Z\u00fcrich\",\"addressCountry\":\"CH\"},{\"@type\":\"ImageObject\",\"inLanguage\":\"fr-FR\",\"@id\":\"https:\\\/\\\/3d-edu.ch\\\/fr\\\/boutique\\\/peel-3-cad\\\/#local-main-organization-logo\",\"url\":\"https:\\\/\\\/3d-edu.ch\\\/wp-content\\\/uploads\\\/2018\\\/10\\\/3d-drucker-makerbot-formlabs-professionelle-3d-drucker-e1546527990490.png\",\"contentUrl\":\"https:\\\/\\\/3d-edu.ch\\\/wp-content\\\/uploads\\\/2018\\\/10\\\/3d-drucker-makerbot-formlabs-professionelle-3d-drucker-e1546527990490.png\",\"width\":275,\"height\":80,\"caption\":\"3D-EDU GmbH\"}]}<\/script>\n<meta property=\"product:brand\" content=\"Peel 3D\" \/>\n<meta property=\"product:price:amount\" content=\"3691.85\" \/>\n<meta property=\"product:price:currency\" content=\"CHF\" \/>\n<meta property=\"og:availability\" content=\"instock\" \/>\n<meta property=\"product:availability\" content=\"instock\" \/>\n<meta property=\"product:retailer_item_id\" content=\"SYS-P3D-P3-CAD\" \/>\n<meta property=\"product:condition\" content=\"new\" \/>\n<meta name=\"geo.placename\" content=\"Z\u00fcrich\" \/>\n<meta name=\"geo.position\" content=\"47.38413;8.49812\" \/>\n<meta name=\"geo.region\" content=\"Suisse\" \/>\n<!-- \/ Yoast SEO Premium plugin. -->","yoast_head_json":{"title":"peel 3 CAD - 3D-EDU GmbH","robots":{"index":"index","follow":"follow","max-snippet":"max-snippet:-1","max-image-preview":"max-image-preview:large","max-video-preview":"max-video-preview:-1"},"canonical":"https:\/\/3d-edu.ch\/fr\/boutique\/peel-3-cad\/","og_locale":"fr_FR","og_type":"article","og_title":"peel 3 CAD","og_description":"peel 3 CAD 3D Scanner Package Faites-vous beaucoup de r\u00e9tro-conception ? Devez-vous traiter vos num\u00e9risations 3D avant de les envoyer \u00e0 votre logiciel de CAO ? Et avez-vous besoin de fichiers CAO modifiables ? Dans ce cas, vous serez heureux d'utiliser peel 3.CAD et son logiciel de num\u00e9risation 3D. Il vous permet de finaliser les scans et de les convertir en fichiers CAO \u00e9ditables. Vous pouvez ensuite les utiliser dans votre CAO. peel3.CAD est une solution compl\u00e8te et cl\u00e9 en main pour toutes les applications de r\u00e9tro-ing\u00e9nierie.    Ce scanner 3D est un v\u00e9ritable multitalent \u00e0 tous points de vue. Vous serez s\u00e9duit par ses performances pour son prix : design ergonomique repens\u00e9, \u00e9cran tactile multifonctions intuitif, premi\u00e8re communication haptique avec l'utilisateur par vibration de l'industrie, r\u00e9solution am\u00e9lior\u00e9e, performances accrues pour les objets et les couleurs complexes, et logiciel d'acquisition de donn\u00e9es inclus.","og_url":"https:\/\/3d-edu.ch\/fr\/boutique\/peel-3-cad\/","og_site_name":"3D-EDU GmbH","article_publisher":"https:\/\/www.facebook.com\/3d-educh-210277586064960\/","og_image":[{"width":500,"height":500,"url":"https:\/\/3d-edu.ch\/wp-content\/uploads\/2023\/01\/peel-3-CAD-3d-scanner-package-basic.webp","type":"image\/webp"}],"twitter_card":"summary_large_image","twitter_site":"@3d_edu_ch","twitter_misc":{"Prix":"3'691.85&nbsp;&#67;&#72;&#70; hors TVA","Disponibilit\u00e9":"En stock"},"schema":{"@context":"https:\/\/schema.org","@graph":[{"@type":"WebPage","@id":"https:\/\/3d-edu.ch\/fr\/boutique\/peel-3-cad\/","url":"https:\/\/3d-edu.ch\/fr\/boutique\/peel-3-cad\/","name":"peel 3 CAD - 3D-EDU GmbH","isPartOf":{"@id":"https:\/\/3d-edu.ch\/fr\/#website"},"primaryImageOfPage":{"@id":"https:\/\/3d-edu.ch\/fr\/boutique\/peel-3-cad\/#primaryimage"},"image":{"@id":"https:\/\/3d-edu.ch\/fr\/boutique\/peel-3-cad\/#primaryimage"},"thumbnailUrl":"https:\/\/3d-edu.ch\/wp-content\/uploads\/2023\/01\/peel-3-CAD-3d-scanner-package-basic.webp","datePublished":"2023-01-03T12:30:58+00:00","breadcrumb":{"@id":"https:\/\/3d-edu.ch\/fr\/boutique\/peel-3-cad\/#breadcrumb"},"inLanguage":"fr-FR","potentialAction":[{"@type":"ReadAction","target":["https:\/\/3d-edu.ch\/fr\/boutique\/peel-3-cad\/"]}]},{"@type":"ImageObject","inLanguage":"fr-FR","@id":"https:\/\/3d-edu.ch\/fr\/boutique\/peel-3-cad\/#primaryimage","url":"https:\/\/3d-edu.ch\/wp-content\/uploads\/2023\/01\/peel-3-CAD-3d-scanner-package-basic.webp","contentUrl":"https:\/\/3d-edu.ch\/wp-content\/uploads\/2023\/01\/peel-3-CAD-3d-scanner-package-basic.webp","width":500,"height":500,"caption":"Peel 3D CAD 3D-Scanner Package Basic"},{"@type":"BreadcrumbList","@id":"https:\/\/3d-edu.ch\/fr\/boutique\/peel-3-cad\/#breadcrumb","itemListElement":[{"@type":"ListItem","position":1,"name":"Accueil","item":"https:\/\/3d-edu.ch\/fr\/"},{"@type":"ListItem","position":2,"name":"Boutique","item":"https:\/\/3d-edu.ch\/fr\/boutique\/"},{"@type":"ListItem","position":3,"name":"peel 3 CAD"}]},{"@type":"WebSite","@id":"https:\/\/3d-edu.ch\/fr\/#website","url":"https:\/\/3d-edu.ch\/fr\/","name":"3D-EDU GmbH","description":"Your Formlabs, UltiMaker and Raise3D Printer Support and Education Site in Switzerland. \/\/ Ihre Formlabs, UltiMaker and Raise3D Drucker Support und Bildungs Webseite der Schweiz.","publisher":{"@id":"https:\/\/3d-edu.ch\/fr\/#organization"},"potentialAction":[{"@type":"SearchAction","target":{"@type":"EntryPoint","urlTemplate":"https:\/\/3d-edu.ch\/fr\/?s={search_term_string}"},"query-input":{"@type":"PropertyValueSpecification","valueRequired":true,"valueName":"search_term_string"}}],"inLanguage":"fr-FR"},{"@type":["Organization","Place","ElectronicsStore"],"@id":"https:\/\/3d-edu.ch\/fr\/#organization","name":"3D-EDU GmbH","url":"https:\/\/3d-edu.ch\/fr\/","logo":{"@id":"https:\/\/3d-edu.ch\/fr\/boutique\/peel-3-cad\/#local-main-organization-logo"},"image":{"@id":"https:\/\/3d-edu.ch\/fr\/boutique\/peel-3-cad\/#local-main-organization-logo"},"sameAs":["https:\/\/www.facebook.com\/3d-educh-210277586064960\/","https:\/\/x.com\/3d_edu_ch"],"address":{"@id":"https:\/\/3d-edu.ch\/fr\/boutique\/peel-3-cad\/#local-main-place-address"},"geo":{"@type":"GeoCoordinates","latitude":"47.38413","longitude":"8.49812"},"telephone":["+41 44 492 11 22"],"openingHoursSpecification":[{"@type":"OpeningHoursSpecification","dayOfWeek":["Monday","Tuesday","Wednesday","Thursday","Friday"],"opens":"08:30","closes":"18:00"},{"@type":"OpeningHoursSpecification","dayOfWeek":["Saturday","Sunday"],"opens":"00:00","closes":"00:00"}],"email":"info@3d-edu.ch","faxNumber":"+41 44 492 11 23","vatID":"CHE-184.499.491 MWST","priceRange":"$$$","currenciesAccepted":"CHF"},{"@type":"PostalAddress","@id":"https:\/\/3d-edu.ch\/fr\/boutique\/peel-3-cad\/#local-main-place-address","streetAddress":"3D-EDU GmbH, Badenerstrasse 556","addressLocality":"Z\u00fcrich","postalCode":"8048","addressRegion":"Z\u00fcrich","addressCountry":"CH"},{"@type":"ImageObject","inLanguage":"fr-FR","@id":"https:\/\/3d-edu.ch\/fr\/boutique\/peel-3-cad\/#local-main-organization-logo","url":"https:\/\/3d-edu.ch\/wp-content\/uploads\/2018\/10\/3d-drucker-makerbot-formlabs-professionelle-3d-drucker-e1546527990490.png","contentUrl":"https:\/\/3d-edu.ch\/wp-content\/uploads\/2018\/10\/3d-drucker-makerbot-formlabs-professionelle-3d-drucker-e1546527990490.png","width":275,"height":80,"caption":"3D-EDU GmbH"}]},"product_brand":"Peel 3D","product_price_amount":"3691.85","product_price_currency":"CHF","og_availability":"instock","product_availability":"instock","product_retailer_item_id":"SYS-P3D-P3-CAD","product_condition":"new","geo.placename":"Z\u00fcrich","geo.position":{"lat":"47.38413","long":"8.49812"},"geo.region":"Suisse"},"_links":{"self":[{"href":"https:\/\/3d-edu.ch\/fr\/wp-json\/wp\/v2\/product\/76878","targetHints":{"allow":["GET"]}}],"collection":[{"href":"https:\/\/3d-edu.ch\/fr\/wp-json\/wp\/v2\/product"}],"about":[{"href":"https:\/\/3d-edu.ch\/fr\/wp-json\/wp\/v2\/types\/product"}],"replies":[{"embeddable":true,"href":"https:\/\/3d-edu.ch\/fr\/wp-json\/wp\/v2\/comments?post=76878"}],"wp:featuredmedia":[{"embeddable":true,"href":"https:\/\/3d-edu.ch\/fr\/wp-json\/wp\/v2\/media\/46548"}],"wp:attachment":[{"href":"https:\/\/3d-edu.ch\/fr\/wp-json\/wp\/v2\/media?parent=76878"}],"wp:term":[{"taxonomy":"product_brand","embeddable":true,"href":"https:\/\/3d-edu.ch\/fr\/wp-json\/wp\/v2\/product_brand?post=76878"},{"taxonomy":"product_cat","embeddable":true,"href":"https:\/\/3d-edu.ch\/fr\/wp-json\/wp\/v2\/product_cat?post=76878"},{"taxonomy":"product_tag","embeddable":true,"href":"https:\/\/3d-edu.ch\/fr\/wp-json\/wp\/v2\/product_tag?post=76878"}],"curies":[{"name":"wp","href":"https:\/\/api.w.org\/{rel}","templated":true}]}}