{"id":76875,"date":"2023-01-03T12:53:49","date_gmt":"2023-01-03T12:53:49","guid":{"rendered":"https:\/\/3d-edu.ch\/shop\/etui-rigide-pour-le-scanner-3d-peel-3\/"},"modified":"2023-01-03T12:53:49","modified_gmt":"2023-01-03T11:53:49","slug":"etui-rigide-pour-le-scanner-3d-peel-3","status":"publish","type":"product","link":"https:\/\/3d-edu.ch\/fr\/boutique\/etui-rigide-pour-le-scanner-3d-peel-3\/","title":{"rendered":"\u00c9tui rigide pour le scanner 3D peel 3"},"content":{"rendered":"<h2>\u00c9tui rigide pour le scanner 3D peel 3<\/h2>\n<p><strong>Inclus dans la livraison :<\/strong><\/p>\n<ul>\n<li>1 \u00e9tui rigide pour le scanner 3D peel 3<\/li>\n<\/ul>\n","protected":false},"excerpt":{"rendered":"<h2>\u00c9tui rigide pour le scanner 3D peel 3<\/h2>\n<p>Etui rigide pour le transport et le rangement de votre scanner 3D peel 3. Cette mallette \u00e9tanche, incassable et anti-poussi\u00e8re vous permet de transporter votre scanner 3D en toute s\u00e9curit\u00e9 vers n&rsquo;importe quelle destination. L&rsquo;\u00e9tui rigide est solide, l\u00e9ger et peut m\u00eame \u00eatre plac\u00e9 dans le compartiment \u00e0 bagages d&rsquo;un avion.  <\/p>\n","protected":false},"featured_media":46557,"comment_status":"closed","ping_status":"closed","template":"","meta":[],"product_brand":[],"product_cat":[10506,10378],"product_tag":[9082,8282,8283],"class_list":{"0":"post-76875","1":"product","2":"type-product","3":"status-publish","4":"has-post-thumbnail","6":"product_cat-accessoires-peel-3d","7":"product_cat-peel-3d","8":"product_tag-boitier-rigide","9":"product_tag-peel-3","10":"product_tag-scanners-3d","12":"first","13":"instock","14":"taxable","15":"shipping-taxable","16":"purchasable","17":"product-type-simple"},"yoast_head":"<!-- This site is optimized with the Yoast SEO Premium plugin v27.5 (Yoast SEO v27.5) - https:\/\/yoast.com\/product\/yoast-seo-premium-wordpress\/ -->\n<title>\u00c9tui rigide pour le scanner 3D peel 3 - 3D-EDU GmbH<\/title>\n<meta name=\"description\" content=\"Etui rigide pour le transport et le rangement de votre scanner 3D peel 3. Cette mallette \u00e9tanche, incassable et anti-poussi\u00e8re vous permet de transporter votre scanner 3D en toute s\u00e9curit\u00e9 vers n&#039;importe quelle destination. L&#039;\u00e9tui rigide est solide, l\u00e9ger et peut m\u00eame \u00eatre plac\u00e9 dans le compartiment \u00e0 bagages d&#039;un avion.\" \/>\n<meta name=\"robots\" content=\"index, follow, max-snippet:-1, max-image-preview:large, max-video-preview:-1\" \/>\n<link rel=\"canonical\" href=\"https:\/\/3d-edu.ch\/fr\/boutique\/etui-rigide-pour-le-scanner-3d-peel-3\/\" \/>\n<meta property=\"og:locale\" content=\"fr_FR\" \/>\n<meta property=\"og:type\" content=\"article\" \/>\n<meta property=\"og:title\" content=\"\u00c9tui rigide pour le scanner 3D peel 3\" \/>\n<meta property=\"og:description\" content=\"Etui rigide pour le transport et le rangement de votre scanner 3D peel 3. Cette mallette \u00e9tanche, incassable et anti-poussi\u00e8re vous permet de transporter votre scanner 3D en toute s\u00e9curit\u00e9 vers n&#039;importe quelle destination. L&#039;\u00e9tui rigide est solide, l\u00e9ger et peut m\u00eame \u00eatre plac\u00e9 dans le compartiment \u00e0 bagages d&#039;un avion.\" \/>\n<meta property=\"og:url\" content=\"https:\/\/3d-edu.ch\/fr\/boutique\/etui-rigide-pour-le-scanner-3d-peel-3\/\" \/>\n<meta property=\"og:site_name\" content=\"3D-EDU GmbH\" \/>\n<meta property=\"article:publisher\" content=\"https:\/\/www.facebook.com\/3d-educh-210277586064960\/\" \/>\n<meta property=\"og:image\" content=\"https:\/\/3d-edu.ch\/wp-content\/uploads\/2023\/01\/hardcase-fuer-peel-3-3d-scanner-.webp\" \/>\n\t<meta property=\"og:image:width\" content=\"500\" \/>\n\t<meta property=\"og:image:height\" content=\"500\" \/>\n\t<meta property=\"og:image:type\" content=\"image\/webp\" \/>\n<meta name=\"twitter:card\" content=\"summary_large_image\" \/>\n<meta name=\"twitter:site\" content=\"@3d_edu_ch\" \/>\n<meta name=\"twitter:label1\" content=\"Prix\" \/>\n\t<meta name=\"twitter:data1\" content=\"358.34&nbsp;&#067;&#072;&#070; hors TVA\" \/>\n\t<meta name=\"twitter:label2\" content=\"Disponibilit\u00e9\" \/>\n\t<meta name=\"twitter:data2\" content=\"En stock\" \/>\n<script type=\"application\/ld+json\" class=\"yoast-schema-graph\">{\"@context\":\"https:\\\/\\\/schema.org\",\"@graph\":[{\"@type\":\"WebPage\",\"@id\":\"https:\\\/\\\/3d-edu.ch\\\/fr\\\/boutique\\\/etui-rigide-pour-le-scanner-3d-peel-3\\\/\",\"url\":\"https:\\\/\\\/3d-edu.ch\\\/fr\\\/boutique\\\/etui-rigide-pour-le-scanner-3d-peel-3\\\/\",\"name\":\"\u00c9tui rigide pour le scanner 3D peel 3 - 3D-EDU GmbH\",\"isPartOf\":{\"@id\":\"https:\\\/\\\/3d-edu.ch\\\/fr\\\/#website\"},\"primaryImageOfPage\":{\"@id\":\"https:\\\/\\\/3d-edu.ch\\\/fr\\\/boutique\\\/etui-rigide-pour-le-scanner-3d-peel-3\\\/#primaryimage\"},\"image\":{\"@id\":\"https:\\\/\\\/3d-edu.ch\\\/fr\\\/boutique\\\/etui-rigide-pour-le-scanner-3d-peel-3\\\/#primaryimage\"},\"thumbnailUrl\":\"https:\\\/\\\/3d-edu.ch\\\/wp-content\\\/uploads\\\/2023\\\/01\\\/hardcase-fuer-peel-3-3d-scanner-.webp\",\"datePublished\":\"2023-01-03T12:53:49+00:00\",\"description\":\"Etui rigide pour le transport et le rangement de votre scanner 3D peel 3. Cette mallette \u00e9tanche, incassable et anti-poussi\u00e8re vous permet de transporter votre scanner 3D en toute s\u00e9curit\u00e9 vers n'importe quelle destination. L'\u00e9tui rigide est solide, l\u00e9ger et peut m\u00eame \u00eatre plac\u00e9 dans le compartiment \u00e0 bagages d'un avion.\",\"breadcrumb\":{\"@id\":\"https:\\\/\\\/3d-edu.ch\\\/fr\\\/boutique\\\/etui-rigide-pour-le-scanner-3d-peel-3\\\/#breadcrumb\"},\"inLanguage\":\"fr-FR\",\"potentialAction\":[{\"@type\":\"ReadAction\",\"target\":[\"https:\\\/\\\/3d-edu.ch\\\/fr\\\/boutique\\\/etui-rigide-pour-le-scanner-3d-peel-3\\\/\"]}]},{\"@type\":\"ImageObject\",\"inLanguage\":\"fr-FR\",\"@id\":\"https:\\\/\\\/3d-edu.ch\\\/fr\\\/boutique\\\/etui-rigide-pour-le-scanner-3d-peel-3\\\/#primaryimage\",\"url\":\"https:\\\/\\\/3d-edu.ch\\\/wp-content\\\/uploads\\\/2023\\\/01\\\/hardcase-fuer-peel-3-3d-scanner-.webp\",\"contentUrl\":\"https:\\\/\\\/3d-edu.ch\\\/wp-content\\\/uploads\\\/2023\\\/01\\\/hardcase-fuer-peel-3-3d-scanner-.webp\",\"width\":500,\"height\":500,\"caption\":\"Hardcase f\u00fcr Peel 3 3D Scanner\"},{\"@type\":\"BreadcrumbList\",\"@id\":\"https:\\\/\\\/3d-edu.ch\\\/fr\\\/boutique\\\/etui-rigide-pour-le-scanner-3d-peel-3\\\/#breadcrumb\",\"itemListElement\":[{\"@type\":\"ListItem\",\"position\":1,\"name\":\"Accueil\",\"item\":\"https:\\\/\\\/3d-edu.ch\\\/fr\\\/\"},{\"@type\":\"ListItem\",\"position\":2,\"name\":\"Boutique\",\"item\":\"https:\\\/\\\/3d-edu.ch\\\/fr\\\/boutique\\\/\"},{\"@type\":\"ListItem\",\"position\":3,\"name\":\"\u00c9tui rigide pour le scanner 3D peel 3\"}]},{\"@type\":\"WebSite\",\"@id\":\"https:\\\/\\\/3d-edu.ch\\\/fr\\\/#website\",\"url\":\"https:\\\/\\\/3d-edu.ch\\\/fr\\\/\",\"name\":\"3D-EDU GmbH\",\"description\":\"Your Formlabs, UltiMaker and Raise3D Printer Support and Education Site in Switzerland. \\\/\\\/ Ihre Formlabs, UltiMaker and Raise3D Drucker Support und Bildungs Webseite der Schweiz.\",\"publisher\":{\"@id\":\"https:\\\/\\\/3d-edu.ch\\\/fr\\\/#organization\"},\"potentialAction\":[{\"@type\":\"SearchAction\",\"target\":{\"@type\":\"EntryPoint\",\"urlTemplate\":\"https:\\\/\\\/3d-edu.ch\\\/fr\\\/?s={search_term_string}\"},\"query-input\":{\"@type\":\"PropertyValueSpecification\",\"valueRequired\":true,\"valueName\":\"search_term_string\"}}],\"inLanguage\":\"fr-FR\"},{\"@type\":[\"Organization\",\"Place\",\"ElectronicsStore\"],\"@id\":\"https:\\\/\\\/3d-edu.ch\\\/fr\\\/#organization\",\"name\":\"3D-EDU GmbH\",\"url\":\"https:\\\/\\\/3d-edu.ch\\\/fr\\\/\",\"logo\":{\"@id\":\"https:\\\/\\\/3d-edu.ch\\\/fr\\\/boutique\\\/etui-rigide-pour-le-scanner-3d-peel-3\\\/#local-main-organization-logo\"},\"image\":{\"@id\":\"https:\\\/\\\/3d-edu.ch\\\/fr\\\/boutique\\\/etui-rigide-pour-le-scanner-3d-peel-3\\\/#local-main-organization-logo\"},\"sameAs\":[\"https:\\\/\\\/www.facebook.com\\\/3d-educh-210277586064960\\\/\",\"https:\\\/\\\/x.com\\\/3d_edu_ch\"],\"address\":{\"@id\":\"https:\\\/\\\/3d-edu.ch\\\/fr\\\/boutique\\\/etui-rigide-pour-le-scanner-3d-peel-3\\\/#local-main-place-address\"},\"geo\":{\"@type\":\"GeoCoordinates\",\"latitude\":\"47.38413\",\"longitude\":\"8.49812\"},\"telephone\":[\"+41 44 492 11 22\"],\"openingHoursSpecification\":[{\"@type\":\"OpeningHoursSpecification\",\"dayOfWeek\":[\"Monday\",\"Tuesday\",\"Wednesday\",\"Thursday\",\"Friday\"],\"opens\":\"08:30\",\"closes\":\"18:00\"},{\"@type\":\"OpeningHoursSpecification\",\"dayOfWeek\":[\"Saturday\",\"Sunday\"],\"opens\":\"00:00\",\"closes\":\"00:00\"}],\"email\":\"info@3d-edu.ch\",\"faxNumber\":\"+41 44 492 11 23\",\"vatID\":\"CHE-184.499.491 MWST\",\"priceRange\":\"$$$\",\"currenciesAccepted\":\"CHF\"},{\"@type\":\"PostalAddress\",\"@id\":\"https:\\\/\\\/3d-edu.ch\\\/fr\\\/boutique\\\/etui-rigide-pour-le-scanner-3d-peel-3\\\/#local-main-place-address\",\"streetAddress\":\"3D-EDU GmbH, Badenerstrasse 556\",\"addressLocality\":\"Z\u00fcrich\",\"postalCode\":\"8048\",\"addressRegion\":\"Z\u00fcrich\",\"addressCountry\":\"CH\"},{\"@type\":\"ImageObject\",\"inLanguage\":\"fr-FR\",\"@id\":\"https:\\\/\\\/3d-edu.ch\\\/fr\\\/boutique\\\/etui-rigide-pour-le-scanner-3d-peel-3\\\/#local-main-organization-logo\",\"url\":\"https:\\\/\\\/3d-edu.ch\\\/wp-content\\\/uploads\\\/2018\\\/10\\\/3d-drucker-makerbot-formlabs-professionelle-3d-drucker-e1546527990490.png\",\"contentUrl\":\"https:\\\/\\\/3d-edu.ch\\\/wp-content\\\/uploads\\\/2018\\\/10\\\/3d-drucker-makerbot-formlabs-professionelle-3d-drucker-e1546527990490.png\",\"width\":275,\"height\":80,\"caption\":\"3D-EDU GmbH\"}]}<\/script>\n<meta property=\"product:brand\" content=\"Accessoires\" \/>\n<meta property=\"product:price:amount\" content=\"358.34\" \/>\n<meta property=\"product:price:currency\" content=\"CHF\" \/>\n<meta property=\"og:availability\" content=\"instock\" \/>\n<meta property=\"product:availability\" content=\"instock\" \/>\n<meta property=\"product:retailer_item_id\" content=\"ACC-P3D-RUCA3\" \/>\n<meta property=\"product:condition\" content=\"new\" \/>\n<meta name=\"geo.placename\" content=\"Z\u00fcrich\" \/>\n<meta name=\"geo.position\" content=\"47.38413;8.49812\" \/>\n<meta name=\"geo.region\" content=\"Suisse\" \/>\n<!-- \/ Yoast SEO Premium plugin. -->","yoast_head_json":{"title":"\u00c9tui rigide pour le scanner 3D peel 3 - 3D-EDU GmbH","description":"Etui rigide pour le transport et le rangement de votre scanner 3D peel 3. Cette mallette \u00e9tanche, incassable et anti-poussi\u00e8re vous permet de transporter votre scanner 3D en toute s\u00e9curit\u00e9 vers n'importe quelle destination. L'\u00e9tui rigide est solide, l\u00e9ger et peut m\u00eame \u00eatre plac\u00e9 dans le compartiment \u00e0 bagages d'un avion.","robots":{"index":"index","follow":"follow","max-snippet":"max-snippet:-1","max-image-preview":"max-image-preview:large","max-video-preview":"max-video-preview:-1"},"canonical":"https:\/\/3d-edu.ch\/fr\/boutique\/etui-rigide-pour-le-scanner-3d-peel-3\/","og_locale":"fr_FR","og_type":"article","og_title":"\u00c9tui rigide pour le scanner 3D peel 3","og_description":"Etui rigide pour le transport et le rangement de votre scanner 3D peel 3. Cette mallette \u00e9tanche, incassable et anti-poussi\u00e8re vous permet de transporter votre scanner 3D en toute s\u00e9curit\u00e9 vers n'importe quelle destination. L'\u00e9tui rigide est solide, l\u00e9ger et peut m\u00eame \u00eatre plac\u00e9 dans le compartiment \u00e0 bagages d'un avion.","og_url":"https:\/\/3d-edu.ch\/fr\/boutique\/etui-rigide-pour-le-scanner-3d-peel-3\/","og_site_name":"3D-EDU GmbH","article_publisher":"https:\/\/www.facebook.com\/3d-educh-210277586064960\/","og_image":[{"width":500,"height":500,"url":"https:\/\/3d-edu.ch\/wp-content\/uploads\/2023\/01\/hardcase-fuer-peel-3-3d-scanner-.webp","type":"image\/webp"}],"twitter_card":"summary_large_image","twitter_site":"@3d_edu_ch","twitter_misc":{"Prix":"358.34&nbsp;&#67;&#72;&#70; hors TVA","Disponibilit\u00e9":"En stock"},"schema":{"@context":"https:\/\/schema.org","@graph":[{"@type":"WebPage","@id":"https:\/\/3d-edu.ch\/fr\/boutique\/etui-rigide-pour-le-scanner-3d-peel-3\/","url":"https:\/\/3d-edu.ch\/fr\/boutique\/etui-rigide-pour-le-scanner-3d-peel-3\/","name":"\u00c9tui rigide pour le scanner 3D peel 3 - 3D-EDU GmbH","isPartOf":{"@id":"https:\/\/3d-edu.ch\/fr\/#website"},"primaryImageOfPage":{"@id":"https:\/\/3d-edu.ch\/fr\/boutique\/etui-rigide-pour-le-scanner-3d-peel-3\/#primaryimage"},"image":{"@id":"https:\/\/3d-edu.ch\/fr\/boutique\/etui-rigide-pour-le-scanner-3d-peel-3\/#primaryimage"},"thumbnailUrl":"https:\/\/3d-edu.ch\/wp-content\/uploads\/2023\/01\/hardcase-fuer-peel-3-3d-scanner-.webp","datePublished":"2023-01-03T12:53:49+00:00","description":"Etui rigide pour le transport et le rangement de votre scanner 3D peel 3. Cette mallette \u00e9tanche, incassable et anti-poussi\u00e8re vous permet de transporter votre scanner 3D en toute s\u00e9curit\u00e9 vers n'importe quelle destination. L'\u00e9tui rigide est solide, l\u00e9ger et peut m\u00eame \u00eatre plac\u00e9 dans le compartiment \u00e0 bagages d'un avion.","breadcrumb":{"@id":"https:\/\/3d-edu.ch\/fr\/boutique\/etui-rigide-pour-le-scanner-3d-peel-3\/#breadcrumb"},"inLanguage":"fr-FR","potentialAction":[{"@type":"ReadAction","target":["https:\/\/3d-edu.ch\/fr\/boutique\/etui-rigide-pour-le-scanner-3d-peel-3\/"]}]},{"@type":"ImageObject","inLanguage":"fr-FR","@id":"https:\/\/3d-edu.ch\/fr\/boutique\/etui-rigide-pour-le-scanner-3d-peel-3\/#primaryimage","url":"https:\/\/3d-edu.ch\/wp-content\/uploads\/2023\/01\/hardcase-fuer-peel-3-3d-scanner-.webp","contentUrl":"https:\/\/3d-edu.ch\/wp-content\/uploads\/2023\/01\/hardcase-fuer-peel-3-3d-scanner-.webp","width":500,"height":500,"caption":"Hardcase f\u00fcr Peel 3 3D Scanner"},{"@type":"BreadcrumbList","@id":"https:\/\/3d-edu.ch\/fr\/boutique\/etui-rigide-pour-le-scanner-3d-peel-3\/#breadcrumb","itemListElement":[{"@type":"ListItem","position":1,"name":"Accueil","item":"https:\/\/3d-edu.ch\/fr\/"},{"@type":"ListItem","position":2,"name":"Boutique","item":"https:\/\/3d-edu.ch\/fr\/boutique\/"},{"@type":"ListItem","position":3,"name":"\u00c9tui rigide pour le scanner 3D peel 3"}]},{"@type":"WebSite","@id":"https:\/\/3d-edu.ch\/fr\/#website","url":"https:\/\/3d-edu.ch\/fr\/","name":"3D-EDU GmbH","description":"Your Formlabs, UltiMaker and Raise3D Printer Support and Education Site in Switzerland. \/\/ Ihre Formlabs, UltiMaker and Raise3D Drucker Support und Bildungs Webseite der Schweiz.","publisher":{"@id":"https:\/\/3d-edu.ch\/fr\/#organization"},"potentialAction":[{"@type":"SearchAction","target":{"@type":"EntryPoint","urlTemplate":"https:\/\/3d-edu.ch\/fr\/?s={search_term_string}"},"query-input":{"@type":"PropertyValueSpecification","valueRequired":true,"valueName":"search_term_string"}}],"inLanguage":"fr-FR"},{"@type":["Organization","Place","ElectronicsStore"],"@id":"https:\/\/3d-edu.ch\/fr\/#organization","name":"3D-EDU GmbH","url":"https:\/\/3d-edu.ch\/fr\/","logo":{"@id":"https:\/\/3d-edu.ch\/fr\/boutique\/etui-rigide-pour-le-scanner-3d-peel-3\/#local-main-organization-logo"},"image":{"@id":"https:\/\/3d-edu.ch\/fr\/boutique\/etui-rigide-pour-le-scanner-3d-peel-3\/#local-main-organization-logo"},"sameAs":["https:\/\/www.facebook.com\/3d-educh-210277586064960\/","https:\/\/x.com\/3d_edu_ch"],"address":{"@id":"https:\/\/3d-edu.ch\/fr\/boutique\/etui-rigide-pour-le-scanner-3d-peel-3\/#local-main-place-address"},"geo":{"@type":"GeoCoordinates","latitude":"47.38413","longitude":"8.49812"},"telephone":["+41 44 492 11 22"],"openingHoursSpecification":[{"@type":"OpeningHoursSpecification","dayOfWeek":["Monday","Tuesday","Wednesday","Thursday","Friday"],"opens":"08:30","closes":"18:00"},{"@type":"OpeningHoursSpecification","dayOfWeek":["Saturday","Sunday"],"opens":"00:00","closes":"00:00"}],"email":"info@3d-edu.ch","faxNumber":"+41 44 492 11 23","vatID":"CHE-184.499.491 MWST","priceRange":"$$$","currenciesAccepted":"CHF"},{"@type":"PostalAddress","@id":"https:\/\/3d-edu.ch\/fr\/boutique\/etui-rigide-pour-le-scanner-3d-peel-3\/#local-main-place-address","streetAddress":"3D-EDU GmbH, Badenerstrasse 556","addressLocality":"Z\u00fcrich","postalCode":"8048","addressRegion":"Z\u00fcrich","addressCountry":"CH"},{"@type":"ImageObject","inLanguage":"fr-FR","@id":"https:\/\/3d-edu.ch\/fr\/boutique\/etui-rigide-pour-le-scanner-3d-peel-3\/#local-main-organization-logo","url":"https:\/\/3d-edu.ch\/wp-content\/uploads\/2018\/10\/3d-drucker-makerbot-formlabs-professionelle-3d-drucker-e1546527990490.png","contentUrl":"https:\/\/3d-edu.ch\/wp-content\/uploads\/2018\/10\/3d-drucker-makerbot-formlabs-professionelle-3d-drucker-e1546527990490.png","width":275,"height":80,"caption":"3D-EDU GmbH"}]},"product_brand":"Accessoires","product_price_amount":"358.34","product_price_currency":"CHF","og_availability":"instock","product_availability":"instock","product_retailer_item_id":"ACC-P3D-RUCA3","product_condition":"new","geo.placename":"Z\u00fcrich","geo.position":{"lat":"47.38413","long":"8.49812"},"geo.region":"Suisse"},"_links":{"self":[{"href":"https:\/\/3d-edu.ch\/fr\/wp-json\/wp\/v2\/product\/76875","targetHints":{"allow":["GET"]}}],"collection":[{"href":"https:\/\/3d-edu.ch\/fr\/wp-json\/wp\/v2\/product"}],"about":[{"href":"https:\/\/3d-edu.ch\/fr\/wp-json\/wp\/v2\/types\/product"}],"replies":[{"embeddable":true,"href":"https:\/\/3d-edu.ch\/fr\/wp-json\/wp\/v2\/comments?post=76875"}],"wp:featuredmedia":[{"embeddable":true,"href":"https:\/\/3d-edu.ch\/fr\/wp-json\/wp\/v2\/media\/46557"}],"wp:attachment":[{"href":"https:\/\/3d-edu.ch\/fr\/wp-json\/wp\/v2\/media?parent=76875"}],"wp:term":[{"taxonomy":"product_brand","embeddable":true,"href":"https:\/\/3d-edu.ch\/fr\/wp-json\/wp\/v2\/product_brand?post=76875"},{"taxonomy":"product_cat","embeddable":true,"href":"https:\/\/3d-edu.ch\/fr\/wp-json\/wp\/v2\/product_cat?post=76875"},{"taxonomy":"product_tag","embeddable":true,"href":"https:\/\/3d-edu.ch\/fr\/wp-json\/wp\/v2\/product_tag?post=76875"}],"curies":[{"name":"wp","href":"https:\/\/api.w.org\/{rel}","templated":true}]}}