{"id":76874,"date":"2022-12-13T14:08:11","date_gmt":"2022-12-13T13:08:11","guid":{"rendered":"https:\/\/3d-edu.ch\/shop\/formlabs-form-3-complete-package-occasion\/"},"modified":"2026-04-09T13:36:09","modified_gmt":"2026-04-09T11:36:09","slug":"formlabs-form-3-complete-package-occasion","status":"publish","type":"product","link":"https:\/\/3d-edu.ch\/fr\/boutique\/formlabs-form-3-complete-package-occasion\/","title":{"rendered":"Formlabs Form 3+ Complete Package (Occasion)"},"content":{"rendered":"<h2>La Form 3+ de Formlabs est la derni\u00e8re g\u00e9n\u00e9ration d&rsquo;imprimantes 3D Desktop SLA de Formlabs.<\/h2>\n<p>La Form 3+ de Formlabs utilise la technologie LFS. Nous sommes un <a href=\"https:\/\/formlabs.com\/company\/partners\/\" target=\"_blank\" rel=\"noopener noreferrer\">revendeur certifi\u00e9 Formabs<\/a>, ce qui nous permet de vous offrir un excellent service pour les produits Formlabs. <\/p>\n<p>Le Form 3+ Complete Package de Formlabs comprend :<\/p>\n<ul>\n<li>1x Imprimante 3D Form 3+ de Formlabs (occasion)<\/li>\n<li>1x r\u00e9servoir de r\u00e9sine (nouveau)<\/li>\n<li>1x plate-forme de construction (occasion)<\/li>\n<li>1x plate-forme de construction 2 (occasion)<\/li>\n<li>1x Kit de finition (nouveau)<\/li>\n<li>1x logiciel<\/li>\n<\/ul>\n<p>Plus post-traitement automatique<\/p>\n<ul>\n<li>1x Form Wash (Occasion)<\/li>\n<li>1x Form Cure (Occasion)<\/li>\n<\/ul>\n<div class=\"accordion\">\n\t<div id=\"accordion-3812931476\" class=\"accordion-item\">\n\t\t<a id=\"accordion-3812931476-label\" class=\"accordion-title plain\" href=\"#accordion-item-plus-d&#039;informations\" aria-expanded=\"false\" aria-controls=\"accordion-3812931476-content\">\n\t\t\t<button class=\"toggle\" aria-label=\"Basculer\"><i class=\"icon-angle-down\" aria-hidden=\"true\"><\/i><\/button>\n\t\t\t<span>Plus d&#039;informations<\/span>\n\t\t<\/a>\n\t\t<div id=\"accordion-3812931476-content\" class=\"accordion-inner\" aria-labelledby=\"accordion-3812931476-label\">\n\t\t\t\n<h5><strong>Formlabs Form 3+ - des r\u00e9sultats d&rsquo;impression haute r\u00e9solution - \u00e0 chaque travail<\/strong><\/h5>\n<p>Avec l&rsquo;imprimante 3D Form 3+ LFS de Formlabs, vous pouvez rapidement et facilement mettre en \u0153uvre le prototypage et la production dans votre entreprise. Sa facilit\u00e9 d&rsquo;utilisation et son prix attractif garantissent un acc\u00e8s facile. De plus, le syst\u00e8me peut \u00eatre \u00e9tendu \u00e0 volont\u00e9 ; si votre entreprise grandit, le syst\u00e8me grandit avec vous.  <\/p>\n<h5><strong>Avec la technologie LFS, Formlabs r\u00e9invente la st\u00e9r\u00e9olithographie (SLA)<\/strong><\/h5>\n<p>La Form 3 de Formlabs int\u00e8gre la technologie LFS (Low Force Stereolithography). Celle-ci se caract\u00e9rise par un r\u00e9servoir de r\u00e9sine flexible et une unit\u00e9 d&rsquo;exposition am\u00e9lior\u00e9e (Light Processing Unit). La r\u00e9sine peut ainsi s&rsquo;\u00e9couler plus rapidement pendant le processus d&rsquo;impression. De plus, les forces exerc\u00e9es lors du processus de d\u00e9collement pendant l&rsquo;impression (peeling process) sont r\u00e9duites. L&rsquo;unit\u00e9 de lumi\u00e8re optimis\u00e9e (LPU) se compose d&rsquo;un syst\u00e8me compact d&rsquo;objectifs, de miroirs et de filtres et garantit un faisceau laser d&rsquo;une grande nettet\u00e9 qui frappe perpendiculairement la plate-forme de construction. Enfin, ces d\u00e9veloppements permettent une impression 3D fiable et r\u00e9p\u00e9table. De plus, l&rsquo;impression est plus rapide et les r\u00e9sultats plus pr\u00e9cis.      <\/p>\n<h5><strong>Impression haute r\u00e9solution ininterrompue<\/strong><\/h5>\n<p>La Form 3+ de Formlabs a un volume d&rsquo;impression de 145 x 145 x 185 mm. Sur ce point, elle ne diff\u00e8re gu\u00e8re de son pr\u00e9d\u00e9cesseur. En revanche, la Form 3+ offre une nette am\u00e9lioration en termes de r\u00e9solution XY, de vitesse et de fiabilit\u00e9. La Form 3+ pr\u00e9sente une r\u00e9solution XY allant jusqu&rsquo;\u00e0 25 \u00b5m. Et surtout, un syst\u00e8me complet de capteurs optiques permet de surveiller et de maintenir en permanence des conditions d&rsquo;impression id\u00e9ales. La pr\u00e9cision dimensionnelle est contr\u00f4l\u00e9e et l&rsquo;imprimante semble m\u00eame d\u00e9tecter la poussi\u00e8re.    <\/p>\n<h5><strong>Une facilit\u00e9 d&rsquo;utilisation maximale<\/strong><\/h5>\n<p>La <a href=\"https:\/\/3d-edu.ch\/fr\/?post_type=product&#038;p=78030\">r\u00e9sine de Formlabs (Resin)<\/a> est \u00e9galement compatible avec la Formlabs Form 3. De cette fa\u00e7on, les clients existants peuvent facilement \u00e9tendre leur syst\u00e8me avec la nouvelle technologie. Les nouveaux clients b\u00e9n\u00e9ficient d&rsquo;une gestion des mat\u00e9riaux \u00e9prouv\u00e9e et d&rsquo;une vari\u00e9t\u00e9 impressionnante de mat\u00e9riaux.<br \/>\nDe plus, Formlabs a rendu la Form 3 modulaire, ce qui permet \u00e0 l&rsquo;utilisateur de remplacer des modules individuels. A cet \u00e9gard, Formlabs a \u00e9galement am\u00e9lior\u00e9 de mani\u00e8re significative la facilit\u00e9 d&rsquo;utilisation en ce qui concerne les r\u00e9parations.   <\/p>\n<h5><strong>Post-traitement automatique<\/strong><\/h5>\n<p>Le post-traitement est encore plus facile avec la Form 3+ de Formlabs. Des structures de support plus fines et plus faciles \u00e0 d\u00e9tacher permettent un post-traitement plus court et plus efficace. M\u00eame les syst\u00e8mes de post-traitement <a href=\"https:\/\/3d-edu.ch\/fr\/boutique\/form-wash-v1\/\">Form Wash<\/a> et <a href=\"https:\/\/3d-edu.ch\/fr\/?post_type=product&#038;p=77795\">Form Cure<\/a> sont compatibles avec le Form 3+ de Formlabs et sont inclus dans ce package complet. Le post-traitement peut ainsi \u00eatre automatis\u00e9.<\/p>\n\t\t<\/div>\n\t<\/div>\n\t\n<\/div>\n","protected":false},"excerpt":{"rendered":"<h2><strong>Formlabs Form 3+ - Kit complet - Occasion<br \/>\n<\/strong><\/h2>\n<table>\n<tbody>\n<tr>\n<td width=\"100\">Fabricant<\/td>\n<td>Formlabs<\/td>\n<\/tr>\n<tr>\n<td>Proc\u00e9dure<\/td>\n<td>LFS - St\u00e9r\u00e9olithographie \u00e0 basse force<\/td>\n<\/tr>\n<tr>\n<td>Mat\u00e9riau<\/td>\n<td>R\u00e9sines Formlabs<\/td>\n<\/tr>\n<tr>\n<td>\u00c9paisseur de la couche<\/td>\n<td>25-300 <span class=\"st\">\u00b5m<\/span><\/td>\n<\/tr>\n<tr>\n<td>R\u00e9solution XY<\/td>\n<td>25 \u00b5m<\/td>\n<\/tr>\n<tr>\n<td>Espace de montage<\/td>\n<td>145 x 145 x 185 mm<\/td>\n<\/tr>\n<\/tbody>\n<\/table>\n<p><span style=\"color: #ed1c24;\">Notre appareil de salle d&rsquo;exposition. Tr\u00e8s bon \u00e9tat de fonctionnement. Service effectu\u00e9 sur la machine. Garantie : 3 mois.   <\/span><\/p>\n","protected":false},"featured_media":62584,"comment_status":"closed","ping_status":"closed","template":"","meta":[],"product_brand":[],"product_cat":[10398,10352,10490,10353],"product_tag":[7784,9049,8207,8085],"class_list":{"0":"post-76874","1":"product","2":"type-product","3":"status-publish","4":"has-post-thumbnail","6":"product_cat-bourse","7":"product_cat-formlabs","8":"product_cat-imprimante-3d-formlabs","9":"product_cat-imprimante-3d-sla-lfs","10":"product_tag-formlabs-fr","11":"product_tag-formlabs-form-3","12":"product_tag-imprimante-3d","13":"product_tag-imprimante-3d-sla","15":"first","16":"outofstock","17":"sold-individually","18":"taxable","19":"shipping-taxable","20":"purchasable","21":"product-type-simple"},"yoast_head":"<!-- This site is optimized with the Yoast SEO Premium plugin v27.5 (Yoast SEO v27.5) - https:\/\/yoast.com\/product\/yoast-seo-premium-wordpress\/ -->\n<title>Acheter Formlabs Form 3 Complete Package Occasion - 3D-EDU GmbH<\/title>\n<meta name=\"robots\" content=\"index, follow, max-snippet:-1, max-image-preview:large, max-video-preview:-1\" \/>\n<link rel=\"canonical\" href=\"https:\/\/3d-edu.ch\/fr\/boutique\/formlabs-form-3-complete-package-occasion\/\" \/>\n<meta property=\"og:locale\" content=\"fr_FR\" \/>\n<meta property=\"og:type\" content=\"article\" \/>\n<meta property=\"og:title\" content=\"Acheter une Form 3 de Formlabs - La nouvelle imprimante 3D LFS de Formlabs - 3D-EDU GmbH\" \/>\n<meta property=\"og:description\" content=\"Formlabs Form 3+ - Kit complet - Occasion   Fabricant Formlabs  Proc\u00e9dure LFS - St\u00e9r\u00e9olithographie \u00e0 basse force  Mat\u00e9riau R\u00e9sines Formlabs  \u00c9paisseur de la couche 25-300 \u00b5m  R\u00e9solution XY 25 \u00b5m  Espace de montage 145 x 145 x 185 mm  Notre appareil de salle d&#039;exposition. Tr\u00e8s bon \u00e9tat de fonctionnement. Service effectu\u00e9 sur la machine. Garantie : 3 mois.\" \/>\n<meta property=\"og:url\" content=\"https:\/\/3d-edu.ch\/fr\/boutique\/formlabs-form-3-complete-package-occasion\/\" \/>\n<meta property=\"og:site_name\" content=\"3D-EDU GmbH\" \/>\n<meta property=\"article:publisher\" content=\"https:\/\/www.facebook.com\/3d-educh-210277586064960\/\" \/>\n<meta property=\"article:modified_time\" content=\"2026-04-09T11:36:09+00:00\" \/>\n<meta property=\"og:image\" content=\"https:\/\/dedune53.myhostpoint.ch\/wp-content\/uploads\/2019\/04\/formlabs-form-3-integration-neu.jpg\" \/>\n<meta name=\"twitter:card\" content=\"summary_large_image\" \/>\n<meta name=\"twitter:title\" content=\"Acheter une Form 3 de Formlabs - La nouvelle imprimante 3D LFS de Formlabs\" \/>\n<meta name=\"twitter:site\" content=\"@3d_edu_ch\" \/>\n<meta name=\"twitter:label1\" content=\"Prix\" \/>\n\t<meta name=\"twitter:data1\" content=\"3&#039;275.00&nbsp;&#067;&#072;&#070; hors TVA\" \/>\n\t<meta name=\"twitter:label2\" content=\"Disponibilit\u00e9\" \/>\n\t<meta name=\"twitter:data2\" content=\"Rupture de stock\" \/>\n<script type=\"application\/ld+json\" class=\"yoast-schema-graph\">{\"@context\":\"https:\\\/\\\/schema.org\",\"@graph\":[{\"@type\":\"WebPage\",\"@id\":\"https:\\\/\\\/3d-edu.ch\\\/fr\\\/boutique\\\/formlabs-form-3-complete-package-occasion\\\/\",\"url\":\"https:\\\/\\\/3d-edu.ch\\\/fr\\\/boutique\\\/formlabs-form-3-complete-package-occasion\\\/\",\"name\":\"Acheter Formlabs Form 3 Complete Package Occasion - 3D-EDU GmbH\",\"isPartOf\":{\"@id\":\"https:\\\/\\\/3d-edu.ch\\\/fr\\\/#website\"},\"primaryImageOfPage\":{\"@id\":\"https:\\\/\\\/3d-edu.ch\\\/fr\\\/boutique\\\/formlabs-form-3-complete-package-occasion\\\/#primaryimage\"},\"image\":{\"@id\":\"https:\\\/\\\/3d-edu.ch\\\/fr\\\/boutique\\\/formlabs-form-3-complete-package-occasion\\\/#primaryimage\"},\"thumbnailUrl\":\"https:\\\/\\\/3d-edu.ch\\\/wp-content\\\/uploads\\\/2020\\\/08\\\/form-3-complete-package.jpg\",\"datePublished\":\"2022-12-13T13:08:11+00:00\",\"dateModified\":\"2026-04-09T11:36:09+00:00\",\"breadcrumb\":{\"@id\":\"https:\\\/\\\/3d-edu.ch\\\/fr\\\/boutique\\\/formlabs-form-3-complete-package-occasion\\\/#breadcrumb\"},\"inLanguage\":\"fr-FR\",\"potentialAction\":[{\"@type\":\"ReadAction\",\"target\":[\"https:\\\/\\\/3d-edu.ch\\\/fr\\\/boutique\\\/formlabs-form-3-complete-package-occasion\\\/\"]}]},{\"@type\":\"ImageObject\",\"inLanguage\":\"fr-FR\",\"@id\":\"https:\\\/\\\/3d-edu.ch\\\/fr\\\/boutique\\\/formlabs-form-3-complete-package-occasion\\\/#primaryimage\",\"url\":\"https:\\\/\\\/3d-edu.ch\\\/wp-content\\\/uploads\\\/2020\\\/08\\\/form-3-complete-package.jpg\",\"contentUrl\":\"https:\\\/\\\/3d-edu.ch\\\/wp-content\\\/uploads\\\/2020\\\/08\\\/form-3-complete-package.jpg\",\"width\":380,\"height\":380,\"caption\":\"Form 3 Complete Package Suisse\"},{\"@type\":\"BreadcrumbList\",\"@id\":\"https:\\\/\\\/3d-edu.ch\\\/fr\\\/boutique\\\/formlabs-form-3-complete-package-occasion\\\/#breadcrumb\",\"itemListElement\":[{\"@type\":\"ListItem\",\"position\":1,\"name\":\"Accueil\",\"item\":\"https:\\\/\\\/3d-edu.ch\\\/fr\\\/\"},{\"@type\":\"ListItem\",\"position\":2,\"name\":\"Boutique\",\"item\":\"https:\\\/\\\/3d-edu.ch\\\/fr\\\/boutique\\\/\"},{\"@type\":\"ListItem\",\"position\":3,\"name\":\"Formlabs Form 3+ Complete Package (Occasion)\"}]},{\"@type\":\"WebSite\",\"@id\":\"https:\\\/\\\/3d-edu.ch\\\/fr\\\/#website\",\"url\":\"https:\\\/\\\/3d-edu.ch\\\/fr\\\/\",\"name\":\"3D-EDU GmbH\",\"description\":\"Your Formlabs, UltiMaker and Raise3D Printer Support and Education Site in Switzerland. \\\/\\\/ Ihre Formlabs, UltiMaker and Raise3D Drucker Support und Bildungs Webseite der Schweiz.\",\"publisher\":{\"@id\":\"https:\\\/\\\/3d-edu.ch\\\/fr\\\/#organization\"},\"potentialAction\":[{\"@type\":\"SearchAction\",\"target\":{\"@type\":\"EntryPoint\",\"urlTemplate\":\"https:\\\/\\\/3d-edu.ch\\\/fr\\\/?s={search_term_string}\"},\"query-input\":{\"@type\":\"PropertyValueSpecification\",\"valueRequired\":true,\"valueName\":\"search_term_string\"}}],\"inLanguage\":\"fr-FR\"},{\"@type\":[\"Organization\",\"Place\",\"ElectronicsStore\"],\"@id\":\"https:\\\/\\\/3d-edu.ch\\\/fr\\\/#organization\",\"name\":\"3D-EDU GmbH\",\"url\":\"https:\\\/\\\/3d-edu.ch\\\/fr\\\/\",\"logo\":{\"@id\":\"https:\\\/\\\/3d-edu.ch\\\/fr\\\/boutique\\\/formlabs-form-3-complete-package-occasion\\\/#local-main-organization-logo\"},\"image\":{\"@id\":\"https:\\\/\\\/3d-edu.ch\\\/fr\\\/boutique\\\/formlabs-form-3-complete-package-occasion\\\/#local-main-organization-logo\"},\"sameAs\":[\"https:\\\/\\\/www.facebook.com\\\/3d-educh-210277586064960\\\/\",\"https:\\\/\\\/x.com\\\/3d_edu_ch\"],\"address\":{\"@id\":\"https:\\\/\\\/3d-edu.ch\\\/fr\\\/boutique\\\/formlabs-form-3-complete-package-occasion\\\/#local-main-place-address\"},\"geo\":{\"@type\":\"GeoCoordinates\",\"latitude\":\"47.38413\",\"longitude\":\"8.49812\"},\"telephone\":[\"+41 44 492 11 22\"],\"openingHoursSpecification\":[{\"@type\":\"OpeningHoursSpecification\",\"dayOfWeek\":[\"Monday\",\"Tuesday\",\"Wednesday\",\"Thursday\",\"Friday\"],\"opens\":\"08:30\",\"closes\":\"18:00\"},{\"@type\":\"OpeningHoursSpecification\",\"dayOfWeek\":[\"Saturday\",\"Sunday\"],\"opens\":\"00:00\",\"closes\":\"00:00\"}],\"email\":\"info@3d-edu.ch\",\"faxNumber\":\"+41 44 492 11 23\",\"vatID\":\"CHE-184.499.491 MWST\",\"priceRange\":\"$$$\",\"currenciesAccepted\":\"CHF\"},{\"@type\":\"PostalAddress\",\"@id\":\"https:\\\/\\\/3d-edu.ch\\\/fr\\\/boutique\\\/formlabs-form-3-complete-package-occasion\\\/#local-main-place-address\",\"streetAddress\":\"3D-EDU GmbH, Badenerstrasse 556\",\"addressLocality\":\"Z\u00fcrich\",\"postalCode\":\"8048\",\"addressRegion\":\"Z\u00fcrich\",\"addressCountry\":\"CH\"},{\"@type\":\"ImageObject\",\"inLanguage\":\"fr-FR\",\"@id\":\"https:\\\/\\\/3d-edu.ch\\\/fr\\\/boutique\\\/formlabs-form-3-complete-package-occasion\\\/#local-main-organization-logo\",\"url\":\"https:\\\/\\\/3d-edu.ch\\\/wp-content\\\/uploads\\\/2018\\\/10\\\/3d-drucker-makerbot-formlabs-professionelle-3d-drucker-e1546527990490.png\",\"contentUrl\":\"https:\\\/\\\/3d-edu.ch\\\/wp-content\\\/uploads\\\/2018\\\/10\\\/3d-drucker-makerbot-formlabs-professionelle-3d-drucker-e1546527990490.png\",\"width\":275,\"height\":80,\"caption\":\"3D-EDU GmbH\"}]}<\/script>\n<meta property=\"product:brand\" content=\"Bourse\" \/>\n<meta property=\"product:price:amount\" content=\"3275.00\" \/>\n<meta property=\"product:price:currency\" content=\"CHF\" \/>\n<meta property=\"og:availability\" content=\"out of stock\" \/>\n<meta property=\"product:availability\" content=\"out of stock\" \/>\n<meta property=\"product:retailer_item_id\" content=\"PKG-F3-SVC-COMPLETE-OCC\" \/>\n<meta property=\"product:condition\" content=\"new\" \/>\n<meta name=\"geo.placename\" content=\"Z\u00fcrich\" \/>\n<meta name=\"geo.position\" content=\"47.38413;8.49812\" \/>\n<meta name=\"geo.region\" content=\"Suisse\" \/>\n<!-- \/ Yoast SEO Premium plugin. -->","yoast_head_json":{"title":"Acheter Formlabs Form 3 Complete Package Occasion - 3D-EDU GmbH","robots":{"index":"index","follow":"follow","max-snippet":"max-snippet:-1","max-image-preview":"max-image-preview:large","max-video-preview":"max-video-preview:-1"},"canonical":"https:\/\/3d-edu.ch\/fr\/boutique\/formlabs-form-3-complete-package-occasion\/","og_locale":"fr_FR","og_type":"article","og_title":"Acheter une Form 3 de Formlabs - La nouvelle imprimante 3D LFS de Formlabs - 3D-EDU GmbH","og_description":"Formlabs Form 3+ - Kit complet - Occasion   Fabricant Formlabs  Proc\u00e9dure LFS - St\u00e9r\u00e9olithographie \u00e0 basse force  Mat\u00e9riau R\u00e9sines Formlabs  \u00c9paisseur de la couche 25-300 \u00b5m  R\u00e9solution XY 25 \u00b5m  Espace de montage 145 x 145 x 185 mm  Notre appareil de salle d'exposition. Tr\u00e8s bon \u00e9tat de fonctionnement. Service effectu\u00e9 sur la machine. Garantie : 3 mois.","og_url":"https:\/\/3d-edu.ch\/fr\/boutique\/formlabs-form-3-complete-package-occasion\/","og_site_name":"3D-EDU GmbH","article_publisher":"https:\/\/www.facebook.com\/3d-educh-210277586064960\/","article_modified_time":"2026-04-09T11:36:09+00:00","og_image":[{"url":"https:\/\/dedune53.myhostpoint.ch\/wp-content\/uploads\/2019\/04\/formlabs-form-3-integration-neu.jpg","type":"","width":"","height":""}],"twitter_card":"summary_large_image","twitter_title":"Acheter une Form 3 de Formlabs - La nouvelle imprimante 3D LFS de Formlabs","twitter_site":"@3d_edu_ch","twitter_misc":{"Prix":"3'275.00&nbsp;&#67;&#72;&#70; hors TVA","Disponibilit\u00e9":"Rupture de stock"},"schema":{"@context":"https:\/\/schema.org","@graph":[{"@type":"WebPage","@id":"https:\/\/3d-edu.ch\/fr\/boutique\/formlabs-form-3-complete-package-occasion\/","url":"https:\/\/3d-edu.ch\/fr\/boutique\/formlabs-form-3-complete-package-occasion\/","name":"Acheter Formlabs Form 3 Complete Package Occasion - 3D-EDU GmbH","isPartOf":{"@id":"https:\/\/3d-edu.ch\/fr\/#website"},"primaryImageOfPage":{"@id":"https:\/\/3d-edu.ch\/fr\/boutique\/formlabs-form-3-complete-package-occasion\/#primaryimage"},"image":{"@id":"https:\/\/3d-edu.ch\/fr\/boutique\/formlabs-form-3-complete-package-occasion\/#primaryimage"},"thumbnailUrl":"https:\/\/3d-edu.ch\/wp-content\/uploads\/2020\/08\/form-3-complete-package.jpg","datePublished":"2022-12-13T13:08:11+00:00","dateModified":"2026-04-09T11:36:09+00:00","breadcrumb":{"@id":"https:\/\/3d-edu.ch\/fr\/boutique\/formlabs-form-3-complete-package-occasion\/#breadcrumb"},"inLanguage":"fr-FR","potentialAction":[{"@type":"ReadAction","target":["https:\/\/3d-edu.ch\/fr\/boutique\/formlabs-form-3-complete-package-occasion\/"]}]},{"@type":"ImageObject","inLanguage":"fr-FR","@id":"https:\/\/3d-edu.ch\/fr\/boutique\/formlabs-form-3-complete-package-occasion\/#primaryimage","url":"https:\/\/3d-edu.ch\/wp-content\/uploads\/2020\/08\/form-3-complete-package.jpg","contentUrl":"https:\/\/3d-edu.ch\/wp-content\/uploads\/2020\/08\/form-3-complete-package.jpg","width":380,"height":380,"caption":"Form 3 Complete Package Suisse"},{"@type":"BreadcrumbList","@id":"https:\/\/3d-edu.ch\/fr\/boutique\/formlabs-form-3-complete-package-occasion\/#breadcrumb","itemListElement":[{"@type":"ListItem","position":1,"name":"Accueil","item":"https:\/\/3d-edu.ch\/fr\/"},{"@type":"ListItem","position":2,"name":"Boutique","item":"https:\/\/3d-edu.ch\/fr\/boutique\/"},{"@type":"ListItem","position":3,"name":"Formlabs Form 3+ Complete Package (Occasion)"}]},{"@type":"WebSite","@id":"https:\/\/3d-edu.ch\/fr\/#website","url":"https:\/\/3d-edu.ch\/fr\/","name":"3D-EDU GmbH","description":"Your Formlabs, UltiMaker and Raise3D Printer Support and Education Site in Switzerland. \/\/ Ihre Formlabs, UltiMaker and Raise3D Drucker Support und Bildungs Webseite der Schweiz.","publisher":{"@id":"https:\/\/3d-edu.ch\/fr\/#organization"},"potentialAction":[{"@type":"SearchAction","target":{"@type":"EntryPoint","urlTemplate":"https:\/\/3d-edu.ch\/fr\/?s={search_term_string}"},"query-input":{"@type":"PropertyValueSpecification","valueRequired":true,"valueName":"search_term_string"}}],"inLanguage":"fr-FR"},{"@type":["Organization","Place","ElectronicsStore"],"@id":"https:\/\/3d-edu.ch\/fr\/#organization","name":"3D-EDU GmbH","url":"https:\/\/3d-edu.ch\/fr\/","logo":{"@id":"https:\/\/3d-edu.ch\/fr\/boutique\/formlabs-form-3-complete-package-occasion\/#local-main-organization-logo"},"image":{"@id":"https:\/\/3d-edu.ch\/fr\/boutique\/formlabs-form-3-complete-package-occasion\/#local-main-organization-logo"},"sameAs":["https:\/\/www.facebook.com\/3d-educh-210277586064960\/","https:\/\/x.com\/3d_edu_ch"],"address":{"@id":"https:\/\/3d-edu.ch\/fr\/boutique\/formlabs-form-3-complete-package-occasion\/#local-main-place-address"},"geo":{"@type":"GeoCoordinates","latitude":"47.38413","longitude":"8.49812"},"telephone":["+41 44 492 11 22"],"openingHoursSpecification":[{"@type":"OpeningHoursSpecification","dayOfWeek":["Monday","Tuesday","Wednesday","Thursday","Friday"],"opens":"08:30","closes":"18:00"},{"@type":"OpeningHoursSpecification","dayOfWeek":["Saturday","Sunday"],"opens":"00:00","closes":"00:00"}],"email":"info@3d-edu.ch","faxNumber":"+41 44 492 11 23","vatID":"CHE-184.499.491 MWST","priceRange":"$$$","currenciesAccepted":"CHF"},{"@type":"PostalAddress","@id":"https:\/\/3d-edu.ch\/fr\/boutique\/formlabs-form-3-complete-package-occasion\/#local-main-place-address","streetAddress":"3D-EDU GmbH, Badenerstrasse 556","addressLocality":"Z\u00fcrich","postalCode":"8048","addressRegion":"Z\u00fcrich","addressCountry":"CH"},{"@type":"ImageObject","inLanguage":"fr-FR","@id":"https:\/\/3d-edu.ch\/fr\/boutique\/formlabs-form-3-complete-package-occasion\/#local-main-organization-logo","url":"https:\/\/3d-edu.ch\/wp-content\/uploads\/2018\/10\/3d-drucker-makerbot-formlabs-professionelle-3d-drucker-e1546527990490.png","contentUrl":"https:\/\/3d-edu.ch\/wp-content\/uploads\/2018\/10\/3d-drucker-makerbot-formlabs-professionelle-3d-drucker-e1546527990490.png","width":275,"height":80,"caption":"3D-EDU GmbH"}]},"product_brand":"Bourse","product_price_amount":"3275.00","product_price_currency":"CHF","og_availability":"out of stock","product_availability":"out of stock","product_retailer_item_id":"PKG-F3-SVC-COMPLETE-OCC","product_condition":"new","geo.placename":"Z\u00fcrich","geo.position":{"lat":"47.38413","long":"8.49812"},"geo.region":"Suisse"},"_links":{"self":[{"href":"https:\/\/3d-edu.ch\/fr\/wp-json\/wp\/v2\/product\/76874","targetHints":{"allow":["GET"]}}],"collection":[{"href":"https:\/\/3d-edu.ch\/fr\/wp-json\/wp\/v2\/product"}],"about":[{"href":"https:\/\/3d-edu.ch\/fr\/wp-json\/wp\/v2\/types\/product"}],"replies":[{"embeddable":true,"href":"https:\/\/3d-edu.ch\/fr\/wp-json\/wp\/v2\/comments?post=76874"}],"wp:featuredmedia":[{"embeddable":true,"href":"https:\/\/3d-edu.ch\/fr\/wp-json\/wp\/v2\/media\/62584"}],"wp:attachment":[{"href":"https:\/\/3d-edu.ch\/fr\/wp-json\/wp\/v2\/media?parent=76874"}],"wp:term":[{"taxonomy":"product_brand","embeddable":true,"href":"https:\/\/3d-edu.ch\/fr\/wp-json\/wp\/v2\/product_brand?post=76874"},{"taxonomy":"product_cat","embeddable":true,"href":"https:\/\/3d-edu.ch\/fr\/wp-json\/wp\/v2\/product_cat?post=76874"},{"taxonomy":"product_tag","embeddable":true,"href":"https:\/\/3d-edu.ch\/fr\/wp-json\/wp\/v2\/product_tag?post=76874"}],"curies":[{"name":"wp","href":"https:\/\/api.w.org\/{rel}","templated":true}]}}