{"id":76824,"date":"2022-11-14T15:43:42","date_gmt":"2022-11-14T15:43:42","guid":{"rendered":"https:\/\/3d-edu.ch\/shop\/filament-pla-raise3d-hyper-speed\/"},"modified":"2026-04-20T17:11:02","modified_gmt":"2026-04-20T15:11:02","slug":"filament-pla-raise3d-hyper-speed","status":"publish","type":"product","link":"https:\/\/3d-edu.ch\/fr\/boutique\/filament-pla-raise3d-hyper-speed\/","title":{"rendered":"Filament PLA Raise3D Hyper Speed"},"content":{"rendered":"<h2>Filament PLA Raise3D Hyper Speed 1.0kg 1.75mm<\/h2>\n<p>Avec un poids mol\u00e9culaire optimis\u00e9 et une fluidit\u00e9 ajust\u00e9e, le PLA Hyper Speed de Raise3D est capable d&rsquo;atteindre une fusion plus rapide \u00e0 chaud et un refroidissement beaucoup plus rapide apr\u00e8s l&rsquo;extrusion du mat\u00e9riau. En cons\u00e9quence, la qualit\u00e9 de surface des pi\u00e8ces imprim\u00e9es avec des filaments Hyper Speed est lisse et la plupart des d\u00e9tails nets sont pr\u00e9serv\u00e9s. Gr\u00e2ce \u00e0 son poids mol\u00e9culaire optimis\u00e9, l&rsquo;Hyper Speed PLA pr\u00e9sente une excellente qualit\u00e9 de collage inter-couche et une r\u00e9sistance \u00e9lev\u00e9e dans la direction Z. Par cons\u00e9quent, le PLA Hyper Speed peut \u00eatre utilis\u00e9 pour les mod\u00e8les conceptuels et les figurines, le prototypage, etc.   <\/p>\n<h3>Inclus dans la livraison<\/h3>\n<ul>\n<li>1 bobine de filament PLA Raise3D Hyper Speed 1.0kg 1.75mm<\/li>\n<\/ul>\n<p><strong>Compatibilit\u00e9<\/strong><\/p>\n<p>Le filament PLA Raise3D Hyper Speed 1.0kg 1.75mm est compatible avec la <a href=\"https:\/\/3d-edu.ch\/fr\/boutique\/raise3d-pro-3\/\">Raise3D Pro 3<\/a> et <a href=\"https:\/\/3d-edu.ch\/fr\/boutique\/raise3d-kit-de-mise-a-niveau-hyper-speed-serie-pro3\/\">la Raise3D Pro 3 Plus, <\/a>apr\u00e8s avoir effectu\u00e9 la mise \u00e0 niveau Hyper Speed avec le <a href=\"https:\/\/3d-edu.ch\/fr\/boutique\/raise3d-kit-de-mise-a-niveau-hyper-speed-serie-pro3\/\">kit de mise \u00e0 niveau<\/a>.<\/p>\n","protected":false},"excerpt":{"rendered":"<h2>Filament PLA Raise3D Hyper Speed 1.0kg 1.75mm<\/h2>\n<p>Le filament PLA Hyper Speed est l&rsquo;un des filaments de la gamme de filaments haute vitesse sp\u00e9cialement con\u00e7us pour l&rsquo;impression FFF. Lors de l&rsquo;impression \u00e0 haute vitesse, le filament est introduit rapidement dans le bloc chauffant et le polym\u00e8re n&rsquo;a que tr\u00e8s peu de temps pour passer de l&rsquo;\u00e9tat solide \u00e0 l&rsquo;\u00e9tat fondu, ce qui peut entra\u00eener l&rsquo;obstruction des buses et une mauvaise qualit\u00e9 de liaison entre les couches. <\/p>\n<p><strong>Veuillez noter que le filament PLA Hyper Speed ne fonctionne correctement que <a href=\"https:\/\/3d-edu.ch\/fr\/shop\/raise3d-kit-de-mise-a-niveau-hyper-speed-serie-pro3\/\">si les Hot End Hyper Speed, l&rsquo;auto-calibreur et les filaments Hyper Speed sont install\u00e9s sur une imprimante de la s\u00e9rie Pro3 activ\u00e9e en mode Hyper Speed<\/a>. L&rsquo;absence de l&rsquo;un de ces composants peut entra\u00eener des erreurs d&rsquo;impression. <\/strong><\/p>\n","protected":false},"featured_media":66891,"comment_status":"closed","ping_status":"closed","template":"","meta":[],"product_brand":[],"product_cat":[7869,7911,7871,8079],"product_tag":[8510,8512,8508,8509,8511,8080],"class_list":{"0":"post-76824","1":"product","2":"type-product","3":"status-publish","4":"has-post-thumbnail","6":"product_cat-filament-pla-fr","7":"product_cat-filaments-fr-3","8":"product_cat-filaments-raise3d-fr","9":"product_cat-raise3d","10":"product_tag-kit-de-mise-a-niveau-hyper-speed","11":"product_tag-pla","12":"product_tag-pro-3","13":"product_tag-pro-3-plus","14":"product_tag-pro-3-series","15":"product_tag-raise3d","16":"yith_product_brand-raise3d","18":"first","19":"onbackorder","20":"taxable","21":"shipping-taxable","22":"purchasable","23":"product-type-variable"},"yoast_head":"<!-- This site is optimized with the Yoast SEO Premium plugin v27.4 (Yoast SEO v27.4) - https:\/\/yoast.com\/product\/yoast-seo-premium-wordpress\/ -->\n<title>Filament PLA Raise3D Hyper Speed %%page% commander en ligne - %%nom du site<\/title>\n<meta name=\"description\" content=\"Avec un poids mol\u00e9culaire optimis\u00e9 et une fluidit\u00e9 ajust\u00e9e, le PLA Hyper Speed de Raise3D est capable d&#039;atteindre une fusion plus rapide \u00e0 chaud et un refroidissement beaucoup plus rapide apr\u00e8s l&#039;extrusion du mat\u00e9riau. En cons\u00e9quence, la qualit\u00e9 de surface des pi\u00e8ces imprim\u00e9es avec des filaments Hyper Speed est lisse et la plupart des d\u00e9tails nets sont pr\u00e9serv\u00e9s. Gr\u00e2ce \u00e0 son poids mol\u00e9culaire optimis\u00e9, l&#039;Hyper Speed PLA pr\u00e9sente une excellente qualit\u00e9 de collage inter-couche et une r\u00e9sistance \u00e9lev\u00e9e dans la direction Z. Par cons\u00e9quent, le PLA Hyper Speed peut \u00eatre utilis\u00e9 pour les mod\u00e8les conceptuels et les figurines, le prototypage, etc.\" \/>\n<meta name=\"robots\" content=\"index, follow, max-snippet:-1, max-image-preview:large, max-video-preview:-1\" \/>\n<link rel=\"canonical\" href=\"https:\/\/3d-edu.ch\/fr\/boutique\/filament-pla-raise3d-hyper-speed\/\" \/>\n<meta property=\"og:locale\" content=\"fr_FR\" \/>\n<meta property=\"og:type\" content=\"article\" \/>\n<meta property=\"og:title\" content=\"Filament PLA Raise3D Hyper Speed\" \/>\n<meta property=\"og:description\" content=\"Avec un poids mol\u00e9culaire optimis\u00e9 et une fluidit\u00e9 ajust\u00e9e, le PLA Hyper Speed de Raise3D est capable d&#039;atteindre une fusion plus rapide \u00e0 chaud et un refroidissement beaucoup plus rapide apr\u00e8s l&#039;extrusion du mat\u00e9riau. En cons\u00e9quence, la qualit\u00e9 de surface des pi\u00e8ces imprim\u00e9es avec des filaments Hyper Speed est lisse et la plupart des d\u00e9tails nets sont pr\u00e9serv\u00e9s. Gr\u00e2ce \u00e0 son poids mol\u00e9culaire optimis\u00e9, l&#039;Hyper Speed PLA pr\u00e9sente une excellente qualit\u00e9 de collage inter-couche et une r\u00e9sistance \u00e9lev\u00e9e dans la direction Z. Par cons\u00e9quent, le PLA Hyper Speed peut \u00eatre utilis\u00e9 pour les mod\u00e8les conceptuels et les figurines, le prototypage, etc.\" \/>\n<meta property=\"og:url\" content=\"https:\/\/3d-edu.ch\/fr\/boutique\/filament-pla-raise3d-hyper-speed\/\" \/>\n<meta property=\"og:site_name\" content=\"3D-EDU GmbH\" \/>\n<meta property=\"article:publisher\" content=\"https:\/\/www.facebook.com\/3d-educh-210277586064960\/\" \/>\n<meta property=\"article:modified_time\" content=\"2026-04-20T15:11:02+00:00\" \/>\n<meta property=\"og:image\" content=\"https:\/\/3d-edu.ch\/wp-content\/uploads\/2022\/11\/Raise3D-HyperSpeed-PLA-Filament.webp\" \/>\n\t<meta property=\"og:image:width\" content=\"380\" \/>\n\t<meta property=\"og:image:height\" content=\"380\" \/>\n\t<meta property=\"og:image:type\" content=\"image\/webp\" \/>\n<meta name=\"twitter:card\" content=\"summary_large_image\" \/>\n<meta name=\"twitter:site\" content=\"@3d_edu_ch\" \/>\n<meta name=\"twitter:label1\" content=\"Disponibilit\u00e9\" \/>\n\t<meta name=\"twitter:data1\" content=\"En r\u00e9assort\" \/>\n<script type=\"application\/ld+json\" class=\"yoast-schema-graph\">{\"@context\":\"https:\\\/\\\/schema.org\",\"@graph\":[{\"@type\":\"WebPage\",\"@id\":\"https:\\\/\\\/3d-edu.ch\\\/fr\\\/boutique\\\/filament-pla-raise3d-hyper-speed\\\/\",\"url\":\"https:\\\/\\\/3d-edu.ch\\\/fr\\\/boutique\\\/filament-pla-raise3d-hyper-speed\\\/\",\"name\":\"Filament PLA Raise3D Hyper Speed %%page% commander en ligne - %%nom du site\",\"isPartOf\":{\"@id\":\"https:\\\/\\\/3d-edu.ch\\\/fr\\\/#website\"},\"primaryImageOfPage\":{\"@id\":\"https:\\\/\\\/3d-edu.ch\\\/fr\\\/boutique\\\/filament-pla-raise3d-hyper-speed\\\/#primaryimage\"},\"image\":{\"@id\":\"https:\\\/\\\/3d-edu.ch\\\/fr\\\/boutique\\\/filament-pla-raise3d-hyper-speed\\\/#primaryimage\"},\"thumbnailUrl\":\"https:\\\/\\\/3d-edu.ch\\\/wp-content\\\/uploads\\\/2022\\\/11\\\/Raise3D-HyperSpeed-PLA-Filament.webp\",\"datePublished\":\"2022-11-14T15:43:42+00:00\",\"dateModified\":\"2026-04-20T15:11:02+00:00\",\"description\":\"Avec un poids mol\u00e9culaire optimis\u00e9 et une fluidit\u00e9 ajust\u00e9e, le PLA Hyper Speed de Raise3D est capable d'atteindre une fusion plus rapide \u00e0 chaud et un refroidissement beaucoup plus rapide apr\u00e8s l'extrusion du mat\u00e9riau. En cons\u00e9quence, la qualit\u00e9 de surface des pi\u00e8ces imprim\u00e9es avec des filaments Hyper Speed est lisse et la plupart des d\u00e9tails nets sont pr\u00e9serv\u00e9s. Gr\u00e2ce \u00e0 son poids mol\u00e9culaire optimis\u00e9, l'Hyper Speed PLA pr\u00e9sente une excellente qualit\u00e9 de collage inter-couche et une r\u00e9sistance \u00e9lev\u00e9e dans la direction Z. Par cons\u00e9quent, le PLA Hyper Speed peut \u00eatre utilis\u00e9 pour les mod\u00e8les conceptuels et les figurines, le prototypage, etc.\",\"breadcrumb\":{\"@id\":\"https:\\\/\\\/3d-edu.ch\\\/fr\\\/boutique\\\/filament-pla-raise3d-hyper-speed\\\/#breadcrumb\"},\"inLanguage\":\"fr-FR\",\"potentialAction\":[{\"@type\":\"ReadAction\",\"target\":[\"https:\\\/\\\/3d-edu.ch\\\/fr\\\/boutique\\\/filament-pla-raise3d-hyper-speed\\\/\"]}]},{\"@type\":\"ImageObject\",\"inLanguage\":\"fr-FR\",\"@id\":\"https:\\\/\\\/3d-edu.ch\\\/fr\\\/boutique\\\/filament-pla-raise3d-hyper-speed\\\/#primaryimage\",\"url\":\"https:\\\/\\\/3d-edu.ch\\\/wp-content\\\/uploads\\\/2022\\\/11\\\/Raise3D-HyperSpeed-PLA-Filament.webp\",\"contentUrl\":\"https:\\\/\\\/3d-edu.ch\\\/wp-content\\\/uploads\\\/2022\\\/11\\\/Raise3D-HyperSpeed-PLA-Filament.webp\",\"width\":380,\"height\":380},{\"@type\":\"BreadcrumbList\",\"@id\":\"https:\\\/\\\/3d-edu.ch\\\/fr\\\/boutique\\\/filament-pla-raise3d-hyper-speed\\\/#breadcrumb\",\"itemListElement\":[{\"@type\":\"ListItem\",\"position\":1,\"name\":\"Accueil\",\"item\":\"https:\\\/\\\/3d-edu.ch\\\/fr\\\/\"},{\"@type\":\"ListItem\",\"position\":2,\"name\":\"Boutique\",\"item\":\"https:\\\/\\\/3d-edu.ch\\\/fr\\\/boutique\\\/\"},{\"@type\":\"ListItem\",\"position\":3,\"name\":\"Filament PLA Raise3D Hyper Speed\"}]},{\"@type\":\"WebSite\",\"@id\":\"https:\\\/\\\/3d-edu.ch\\\/fr\\\/#website\",\"url\":\"https:\\\/\\\/3d-edu.ch\\\/fr\\\/\",\"name\":\"3D-EDU GmbH\",\"description\":\"Your Formlabs, UltiMaker and Raise3D Printer Support and Education Site in Switzerland. \\\/\\\/ Ihre Formlabs, UltiMaker and Raise3D Drucker Support und Bildungs Webseite der Schweiz.\",\"publisher\":{\"@id\":\"https:\\\/\\\/3d-edu.ch\\\/fr\\\/#organization\"},\"potentialAction\":[{\"@type\":\"SearchAction\",\"target\":{\"@type\":\"EntryPoint\",\"urlTemplate\":\"https:\\\/\\\/3d-edu.ch\\\/fr\\\/?s={search_term_string}\"},\"query-input\":{\"@type\":\"PropertyValueSpecification\",\"valueRequired\":true,\"valueName\":\"search_term_string\"}}],\"inLanguage\":\"fr-FR\"},{\"@type\":[\"Organization\",\"Place\",\"ElectronicsStore\"],\"@id\":\"https:\\\/\\\/3d-edu.ch\\\/fr\\\/#organization\",\"name\":\"3D-EDU GmbH\",\"url\":\"https:\\\/\\\/3d-edu.ch\\\/fr\\\/\",\"logo\":{\"@id\":\"https:\\\/\\\/3d-edu.ch\\\/fr\\\/boutique\\\/filament-pla-raise3d-hyper-speed\\\/#local-main-organization-logo\"},\"image\":{\"@id\":\"https:\\\/\\\/3d-edu.ch\\\/fr\\\/boutique\\\/filament-pla-raise3d-hyper-speed\\\/#local-main-organization-logo\"},\"sameAs\":[\"https:\\\/\\\/www.facebook.com\\\/3d-educh-210277586064960\\\/\",\"https:\\\/\\\/x.com\\\/3d_edu_ch\"],\"address\":{\"@id\":\"https:\\\/\\\/3d-edu.ch\\\/fr\\\/boutique\\\/filament-pla-raise3d-hyper-speed\\\/#local-main-place-address\"},\"geo\":{\"@type\":\"GeoCoordinates\",\"latitude\":\"47.38413\",\"longitude\":\"8.49812\"},\"telephone\":[\"+41 44 492 11 22\"],\"openingHoursSpecification\":[{\"@type\":\"OpeningHoursSpecification\",\"dayOfWeek\":[\"Monday\",\"Tuesday\",\"Wednesday\",\"Thursday\",\"Friday\"],\"opens\":\"08:30\",\"closes\":\"18:00\"},{\"@type\":\"OpeningHoursSpecification\",\"dayOfWeek\":[\"Saturday\",\"Sunday\"],\"opens\":\"00:00\",\"closes\":\"00:00\"}],\"email\":\"info@3d-edu.ch\",\"faxNumber\":\"+41 44 492 11 23\",\"vatID\":\"CHE-184.499.491 MWST\",\"priceRange\":\"$$$\",\"currenciesAccepted\":\"CHF\"},{\"@type\":\"PostalAddress\",\"@id\":\"https:\\\/\\\/3d-edu.ch\\\/fr\\\/boutique\\\/filament-pla-raise3d-hyper-speed\\\/#local-main-place-address\",\"streetAddress\":\"3D-EDU GmbH, Badenerstrasse 556\",\"addressLocality\":\"Z\u00fcrich\",\"postalCode\":\"8048\",\"addressRegion\":\"Z\u00fcrich\",\"addressCountry\":\"CH\"},{\"@type\":\"ImageObject\",\"inLanguage\":\"fr-FR\",\"@id\":\"https:\\\/\\\/3d-edu.ch\\\/fr\\\/boutique\\\/filament-pla-raise3d-hyper-speed\\\/#local-main-organization-logo\",\"url\":\"https:\\\/\\\/3d-edu.ch\\\/wp-content\\\/uploads\\\/2018\\\/10\\\/3d-drucker-makerbot-formlabs-professionelle-3d-drucker-e1546527990490.png\",\"contentUrl\":\"https:\\\/\\\/3d-edu.ch\\\/wp-content\\\/uploads\\\/2018\\\/10\\\/3d-drucker-makerbot-formlabs-professionelle-3d-drucker-e1546527990490.png\",\"width\":275,\"height\":80,\"caption\":\"3D-EDU GmbH\"}]}<\/script>\n<meta property=\"product:brand\" content=\"Filaments Raise3D\" \/>\n<meta property=\"og:availability\" content=\"backorder\" \/>\n<meta property=\"product:availability\" content=\"available for order\" \/>\n<meta property=\"product:condition\" content=\"new\" \/>\n<meta name=\"geo.placename\" content=\"Z\u00fcrich\" \/>\n<meta name=\"geo.position\" content=\"47.38413;8.49812\" \/>\n<meta name=\"geo.region\" content=\"Suisse\" \/>\n<!-- \/ Yoast SEO Premium plugin. -->","yoast_head_json":{"title":"Filament PLA Raise3D Hyper Speed %%page% commander en ligne - %%nom du site","description":"Avec un poids mol\u00e9culaire optimis\u00e9 et une fluidit\u00e9 ajust\u00e9e, le PLA Hyper Speed de Raise3D est capable d'atteindre une fusion plus rapide \u00e0 chaud et un refroidissement beaucoup plus rapide apr\u00e8s l'extrusion du mat\u00e9riau. En cons\u00e9quence, la qualit\u00e9 de surface des pi\u00e8ces imprim\u00e9es avec des filaments Hyper Speed est lisse et la plupart des d\u00e9tails nets sont pr\u00e9serv\u00e9s. Gr\u00e2ce \u00e0 son poids mol\u00e9culaire optimis\u00e9, l'Hyper Speed PLA pr\u00e9sente une excellente qualit\u00e9 de collage inter-couche et une r\u00e9sistance \u00e9lev\u00e9e dans la direction Z. Par cons\u00e9quent, le PLA Hyper Speed peut \u00eatre utilis\u00e9 pour les mod\u00e8les conceptuels et les figurines, le prototypage, etc.","robots":{"index":"index","follow":"follow","max-snippet":"max-snippet:-1","max-image-preview":"max-image-preview:large","max-video-preview":"max-video-preview:-1"},"canonical":"https:\/\/3d-edu.ch\/fr\/boutique\/filament-pla-raise3d-hyper-speed\/","og_locale":"fr_FR","og_type":"article","og_title":"Filament PLA Raise3D Hyper Speed","og_description":"Avec un poids mol\u00e9culaire optimis\u00e9 et une fluidit\u00e9 ajust\u00e9e, le PLA Hyper Speed de Raise3D est capable d'atteindre une fusion plus rapide \u00e0 chaud et un refroidissement beaucoup plus rapide apr\u00e8s l'extrusion du mat\u00e9riau. En cons\u00e9quence, la qualit\u00e9 de surface des pi\u00e8ces imprim\u00e9es avec des filaments Hyper Speed est lisse et la plupart des d\u00e9tails nets sont pr\u00e9serv\u00e9s. Gr\u00e2ce \u00e0 son poids mol\u00e9culaire optimis\u00e9, l'Hyper Speed PLA pr\u00e9sente une excellente qualit\u00e9 de collage inter-couche et une r\u00e9sistance \u00e9lev\u00e9e dans la direction Z. Par cons\u00e9quent, le PLA Hyper Speed peut \u00eatre utilis\u00e9 pour les mod\u00e8les conceptuels et les figurines, le prototypage, etc.","og_url":"https:\/\/3d-edu.ch\/fr\/boutique\/filament-pla-raise3d-hyper-speed\/","og_site_name":"3D-EDU GmbH","article_publisher":"https:\/\/www.facebook.com\/3d-educh-210277586064960\/","article_modified_time":"2026-04-20T15:11:02+00:00","og_image":[{"width":380,"height":380,"url":"https:\/\/3d-edu.ch\/wp-content\/uploads\/2022\/11\/Raise3D-HyperSpeed-PLA-Filament.webp","type":"image\/webp"}],"twitter_card":"summary_large_image","twitter_site":"@3d_edu_ch","twitter_misc":{"Disponibilit\u00e9":"En r\u00e9assort"},"schema":{"@context":"https:\/\/schema.org","@graph":[{"@type":"WebPage","@id":"https:\/\/3d-edu.ch\/fr\/boutique\/filament-pla-raise3d-hyper-speed\/","url":"https:\/\/3d-edu.ch\/fr\/boutique\/filament-pla-raise3d-hyper-speed\/","name":"Filament PLA Raise3D Hyper Speed %%page% commander en ligne - %%nom du site","isPartOf":{"@id":"https:\/\/3d-edu.ch\/fr\/#website"},"primaryImageOfPage":{"@id":"https:\/\/3d-edu.ch\/fr\/boutique\/filament-pla-raise3d-hyper-speed\/#primaryimage"},"image":{"@id":"https:\/\/3d-edu.ch\/fr\/boutique\/filament-pla-raise3d-hyper-speed\/#primaryimage"},"thumbnailUrl":"https:\/\/3d-edu.ch\/wp-content\/uploads\/2022\/11\/Raise3D-HyperSpeed-PLA-Filament.webp","datePublished":"2022-11-14T15:43:42+00:00","dateModified":"2026-04-20T15:11:02+00:00","description":"Avec un poids mol\u00e9culaire optimis\u00e9 et une fluidit\u00e9 ajust\u00e9e, le PLA Hyper Speed de Raise3D est capable d'atteindre une fusion plus rapide \u00e0 chaud et un refroidissement beaucoup plus rapide apr\u00e8s l'extrusion du mat\u00e9riau. En cons\u00e9quence, la qualit\u00e9 de surface des pi\u00e8ces imprim\u00e9es avec des filaments Hyper Speed est lisse et la plupart des d\u00e9tails nets sont pr\u00e9serv\u00e9s. Gr\u00e2ce \u00e0 son poids mol\u00e9culaire optimis\u00e9, l'Hyper Speed PLA pr\u00e9sente une excellente qualit\u00e9 de collage inter-couche et une r\u00e9sistance \u00e9lev\u00e9e dans la direction Z. Par cons\u00e9quent, le PLA Hyper Speed peut \u00eatre utilis\u00e9 pour les mod\u00e8les conceptuels et les figurines, le prototypage, etc.","breadcrumb":{"@id":"https:\/\/3d-edu.ch\/fr\/boutique\/filament-pla-raise3d-hyper-speed\/#breadcrumb"},"inLanguage":"fr-FR","potentialAction":[{"@type":"ReadAction","target":["https:\/\/3d-edu.ch\/fr\/boutique\/filament-pla-raise3d-hyper-speed\/"]}]},{"@type":"ImageObject","inLanguage":"fr-FR","@id":"https:\/\/3d-edu.ch\/fr\/boutique\/filament-pla-raise3d-hyper-speed\/#primaryimage","url":"https:\/\/3d-edu.ch\/wp-content\/uploads\/2022\/11\/Raise3D-HyperSpeed-PLA-Filament.webp","contentUrl":"https:\/\/3d-edu.ch\/wp-content\/uploads\/2022\/11\/Raise3D-HyperSpeed-PLA-Filament.webp","width":380,"height":380},{"@type":"BreadcrumbList","@id":"https:\/\/3d-edu.ch\/fr\/boutique\/filament-pla-raise3d-hyper-speed\/#breadcrumb","itemListElement":[{"@type":"ListItem","position":1,"name":"Accueil","item":"https:\/\/3d-edu.ch\/fr\/"},{"@type":"ListItem","position":2,"name":"Boutique","item":"https:\/\/3d-edu.ch\/fr\/boutique\/"},{"@type":"ListItem","position":3,"name":"Filament PLA Raise3D Hyper Speed"}]},{"@type":"WebSite","@id":"https:\/\/3d-edu.ch\/fr\/#website","url":"https:\/\/3d-edu.ch\/fr\/","name":"3D-EDU GmbH","description":"Your Formlabs, UltiMaker and Raise3D Printer Support and Education Site in Switzerland. \/\/ Ihre Formlabs, UltiMaker and Raise3D Drucker Support und Bildungs Webseite der Schweiz.","publisher":{"@id":"https:\/\/3d-edu.ch\/fr\/#organization"},"potentialAction":[{"@type":"SearchAction","target":{"@type":"EntryPoint","urlTemplate":"https:\/\/3d-edu.ch\/fr\/?s={search_term_string}"},"query-input":{"@type":"PropertyValueSpecification","valueRequired":true,"valueName":"search_term_string"}}],"inLanguage":"fr-FR"},{"@type":["Organization","Place","ElectronicsStore"],"@id":"https:\/\/3d-edu.ch\/fr\/#organization","name":"3D-EDU GmbH","url":"https:\/\/3d-edu.ch\/fr\/","logo":{"@id":"https:\/\/3d-edu.ch\/fr\/boutique\/filament-pla-raise3d-hyper-speed\/#local-main-organization-logo"},"image":{"@id":"https:\/\/3d-edu.ch\/fr\/boutique\/filament-pla-raise3d-hyper-speed\/#local-main-organization-logo"},"sameAs":["https:\/\/www.facebook.com\/3d-educh-210277586064960\/","https:\/\/x.com\/3d_edu_ch"],"address":{"@id":"https:\/\/3d-edu.ch\/fr\/boutique\/filament-pla-raise3d-hyper-speed\/#local-main-place-address"},"geo":{"@type":"GeoCoordinates","latitude":"47.38413","longitude":"8.49812"},"telephone":["+41 44 492 11 22"],"openingHoursSpecification":[{"@type":"OpeningHoursSpecification","dayOfWeek":["Monday","Tuesday","Wednesday","Thursday","Friday"],"opens":"08:30","closes":"18:00"},{"@type":"OpeningHoursSpecification","dayOfWeek":["Saturday","Sunday"],"opens":"00:00","closes":"00:00"}],"email":"info@3d-edu.ch","faxNumber":"+41 44 492 11 23","vatID":"CHE-184.499.491 MWST","priceRange":"$$$","currenciesAccepted":"CHF"},{"@type":"PostalAddress","@id":"https:\/\/3d-edu.ch\/fr\/boutique\/filament-pla-raise3d-hyper-speed\/#local-main-place-address","streetAddress":"3D-EDU GmbH, Badenerstrasse 556","addressLocality":"Z\u00fcrich","postalCode":"8048","addressRegion":"Z\u00fcrich","addressCountry":"CH"},{"@type":"ImageObject","inLanguage":"fr-FR","@id":"https:\/\/3d-edu.ch\/fr\/boutique\/filament-pla-raise3d-hyper-speed\/#local-main-organization-logo","url":"https:\/\/3d-edu.ch\/wp-content\/uploads\/2018\/10\/3d-drucker-makerbot-formlabs-professionelle-3d-drucker-e1546527990490.png","contentUrl":"https:\/\/3d-edu.ch\/wp-content\/uploads\/2018\/10\/3d-drucker-makerbot-formlabs-professionelle-3d-drucker-e1546527990490.png","width":275,"height":80,"caption":"3D-EDU GmbH"}]},"product_brand":"Filaments Raise3D","og_availability":"backorder","product_availability":"available for order","product_condition":"new","geo.placename":"Z\u00fcrich","geo.position":{"lat":"47.38413","long":"8.49812"},"geo.region":"Suisse"},"_links":{"self":[{"href":"https:\/\/3d-edu.ch\/fr\/wp-json\/wp\/v2\/product\/76824","targetHints":{"allow":["GET"]}}],"collection":[{"href":"https:\/\/3d-edu.ch\/fr\/wp-json\/wp\/v2\/product"}],"about":[{"href":"https:\/\/3d-edu.ch\/fr\/wp-json\/wp\/v2\/types\/product"}],"replies":[{"embeddable":true,"href":"https:\/\/3d-edu.ch\/fr\/wp-json\/wp\/v2\/comments?post=76824"}],"wp:featuredmedia":[{"embeddable":true,"href":"https:\/\/3d-edu.ch\/fr\/wp-json\/wp\/v2\/media\/66891"}],"wp:attachment":[{"href":"https:\/\/3d-edu.ch\/fr\/wp-json\/wp\/v2\/media?parent=76824"}],"wp:term":[{"taxonomy":"product_brand","embeddable":true,"href":"https:\/\/3d-edu.ch\/fr\/wp-json\/wp\/v2\/product_brand?post=76824"},{"taxonomy":"product_cat","embeddable":true,"href":"https:\/\/3d-edu.ch\/fr\/wp-json\/wp\/v2\/product_cat?post=76824"},{"taxonomy":"product_tag","embeddable":true,"href":"https:\/\/3d-edu.ch\/fr\/wp-json\/wp\/v2\/product_tag?post=76824"}],"curies":[{"name":"wp","href":"https:\/\/api.w.org\/{rel}","templated":true}]}}