{"id":76821,"date":"2022-10-25T09:51:48","date_gmt":"2022-10-25T09:51:48","guid":{"rendered":"https:\/\/3d-edu.ch\/shop\/filtre-a-air-raise3d-pour-serie-pro3\/"},"modified":"2026-04-20T13:45:58","modified_gmt":"2026-04-20T11:45:58","slug":"filtre-a-air-raise3d-pour-serie-pro3","status":"publish","type":"product","link":"https:\/\/3d-edu.ch\/fr\/boutique\/filtre-a-air-raise3d-pour-serie-pro3\/","title":{"rendered":"Filtre \u00e0 air Raise3D pour s\u00e9rie Pro3"},"content":{"rendered":"<h2>Filtre \u00e0 air Raise3D pour s\u00e9rie Pro3<\/h2>\n<p>Le filtre \u00e0 air est dot\u00e9 d&rsquo;un syst\u00e8me de filtration \u00e0 trois niveaux capable d&rsquo;absorber une grande partie des particules et des substances volatiles nocives produites pendant le processus d&rsquo;impression. Le pr\u00e9filtre peut capturer les grosses particules produites pendant l&rsquo;impression, comme les r\u00e9sidus de filaments ; le filtre \u00e0 charbon peut capturer de nombreuses odeurs et fum\u00e9es qui peuvent nuire \u00e0 la sant\u00e9 ; le filtre HEPA a \u00e9t\u00e9 con\u00e7u selon des normes sp\u00e9cifiques pour \u00e9liminer les particules ultrafines de l&rsquo;air.<br \/>\nPour remplacer le filtre, l&rsquo;ancien filtre peut \u00eatre retir\u00e9 de l&rsquo;imprimante sans outil et le nouveau peut \u00eatre install\u00e9. La poign\u00e9e vous facilite le retrait du filtre.  <\/p>\n<p>Si le tamis du filtre \u00e0 air Pro3 devient noir, cela indique que l&rsquo;efficacit\u00e9 du filtre diminue et que des polluants restent dans l&rsquo;air. La dur\u00e9e de vie du filtre est de 3 \u00e0 6 mois, en fonction de la dur\u00e9e d&rsquo;impression et des filaments d&rsquo;impression utilis\u00e9s. Il est donc recommand\u00e9 de remplacer le filtre tous les 6 mois.<br \/>\nPour plus d&rsquo;informations sur le remplacement du filtre \u00e0 air Pro3, consultez les instructions de remplacement du filtre \u00e0 air.  <\/p>\n<h3>Inclus dans la livraison<\/h3>\n<ul>\n<li>1 filtre \u00e0 air Raise3D pour la s\u00e9rie Pro3<\/li>\n<\/ul>\n<p><strong>Compatibilit\u00e9<\/strong><\/p>\n<p>Le filtre \u00e0 air Raise3D est compatible avec le <a href=\"https:\/\/3d-edu.ch\/fr\/boutique\/raise3d-pro-3\/\">Raise3D Pro 3<\/a> et <a href=\"https:\/\/3d-edu.ch\/shop\/raise3d-pro-3-plus\/\">le Raise3D Pro 3 Plus<\/a>.<\/p>\n","protected":false},"excerpt":{"rendered":"<h2>Filtre \u00e0 air Raise3D pour s\u00e9rie Pro3<\/h2>\n<p>Le filtre \u00e0 air pour la <a href=\"https:\/\/3d-edu.ch\/fr\/shop\/raise3d-pro-3\/\">Raise3D Pro 3<\/a> et <a href=\"https:\/\/3d-edu.ch\/shop\/raise3d-pro-3-plus\/\">la Raise3D Pro 3 Plus<\/a> peut filtrer efficacement les particules fines et les substances organiques volatiles nocives \u00e0 l&rsquo;odeur piquante qui sont produites pendant le processus de travail de l&rsquo;imprimante 3D.<\/p>\n","protected":false},"featured_media":46073,"comment_status":"closed","ping_status":"closed","template":"","meta":[],"product_brand":[],"product_cat":[7908,8079,7909],"product_tag":[9040,9037,8508,8509,8080],"class_list":{"0":"post-76821","1":"product","2":"type-product","3":"status-publish","4":"has-post-thumbnail","6":"product_cat-pieces-de-rechange-accessoires-fr","7":"product_cat-raise3d","8":"product_cat-serie-pro-3-fr","9":"product_tag-5-11-14003a01","10":"product_tag-filtre-a-air","11":"product_tag-pro-3","12":"product_tag-pro-3-plus","13":"product_tag-raise3d","14":"yith_product_brand-raise3d","16":"first","17":"onbackorder","18":"taxable","19":"shipping-taxable","20":"purchasable","21":"product-type-simple"},"yoast_head":"<!-- This site is optimized with the Yoast SEO Premium plugin v27.4 (Yoast SEO v27.4) - https:\/\/yoast.com\/product\/yoast-seo-premium-wordpress\/ -->\n<title>Filtre \u00e0 air Raise3D pour s\u00e9rie Pro3 %%page% commander en ligne - %%nom du site<\/title>\n<meta name=\"description\" content=\"Le filtre \u00e0 air pour la Pro3 peut filtrer efficacement les particules fines et les substances organiques volatiles nocives \u00e0 l&#039;odeur \u00e2cre produites pendant le processus de travail de l&#039;imprimante 3D.\" \/>\n<meta name=\"robots\" content=\"index, follow, max-snippet:-1, max-image-preview:large, max-video-preview:-1\" \/>\n<link rel=\"canonical\" href=\"https:\/\/3d-edu.ch\/fr\/boutique\/filtre-a-air-raise3d-pour-serie-pro3\/\" \/>\n<meta property=\"og:locale\" content=\"fr_FR\" \/>\n<meta property=\"og:type\" content=\"article\" \/>\n<meta property=\"og:title\" content=\"Filtre \u00e0 air Raise3D pour s\u00e9rie Pro3\" \/>\n<meta property=\"og:description\" content=\"Le filtre \u00e0 air pour la Pro3 peut filtrer efficacement les particules fines et les substances organiques volatiles nocives \u00e0 l&#039;odeur \u00e2cre produites pendant le processus de travail de l&#039;imprimante 3D.\" \/>\n<meta property=\"og:url\" content=\"https:\/\/3d-edu.ch\/fr\/boutique\/filtre-a-air-raise3d-pour-serie-pro3\/\" \/>\n<meta property=\"og:site_name\" content=\"3D-EDU GmbH\" \/>\n<meta property=\"article:publisher\" content=\"https:\/\/www.facebook.com\/3d-educh-210277586064960\/\" \/>\n<meta property=\"article:modified_time\" content=\"2026-04-20T11:45:58+00:00\" \/>\n<meta property=\"og:image\" content=\"https:\/\/3d-edu.ch\/wp-content\/uploads\/2022\/10\/raise3d-air-filter-pro3-1.webp\" \/>\n\t<meta property=\"og:image:width\" content=\"380\" \/>\n\t<meta property=\"og:image:height\" content=\"380\" \/>\n\t<meta property=\"og:image:type\" content=\"image\/webp\" \/>\n<meta name=\"twitter:card\" content=\"summary_large_image\" \/>\n<meta name=\"twitter:site\" content=\"@3d_edu_ch\" \/>\n<meta name=\"twitter:label1\" content=\"Prix\" \/>\n\t<meta name=\"twitter:data1\" content=\"22.20&nbsp;&#067;&#072;&#070; hors TVA\" \/>\n\t<meta name=\"twitter:label2\" content=\"Disponibilit\u00e9\" \/>\n\t<meta name=\"twitter:data2\" content=\"En r\u00e9assort\" \/>\n<script type=\"application\/ld+json\" class=\"yoast-schema-graph\">{\"@context\":\"https:\\\/\\\/schema.org\",\"@graph\":[{\"@type\":\"WebPage\",\"@id\":\"https:\\\/\\\/3d-edu.ch\\\/fr\\\/boutique\\\/filtre-a-air-raise3d-pour-serie-pro3\\\/\",\"url\":\"https:\\\/\\\/3d-edu.ch\\\/fr\\\/boutique\\\/filtre-a-air-raise3d-pour-serie-pro3\\\/\",\"name\":\"Filtre \u00e0 air Raise3D pour s\u00e9rie Pro3 %%page% commander en ligne - %%nom du site\",\"isPartOf\":{\"@id\":\"https:\\\/\\\/3d-edu.ch\\\/fr\\\/#website\"},\"primaryImageOfPage\":{\"@id\":\"https:\\\/\\\/3d-edu.ch\\\/fr\\\/boutique\\\/filtre-a-air-raise3d-pour-serie-pro3\\\/#primaryimage\"},\"image\":{\"@id\":\"https:\\\/\\\/3d-edu.ch\\\/fr\\\/boutique\\\/filtre-a-air-raise3d-pour-serie-pro3\\\/#primaryimage\"},\"thumbnailUrl\":\"https:\\\/\\\/3d-edu.ch\\\/wp-content\\\/uploads\\\/2022\\\/10\\\/raise3d-air-filter-pro3-1.webp\",\"datePublished\":\"2022-10-25T09:51:48+00:00\",\"dateModified\":\"2026-04-20T11:45:58+00:00\",\"description\":\"Le filtre \u00e0 air pour la Pro3 peut filtrer efficacement les particules fines et les substances organiques volatiles nocives \u00e0 l'odeur \u00e2cre produites pendant le processus de travail de l'imprimante 3D.\",\"breadcrumb\":{\"@id\":\"https:\\\/\\\/3d-edu.ch\\\/fr\\\/boutique\\\/filtre-a-air-raise3d-pour-serie-pro3\\\/#breadcrumb\"},\"inLanguage\":\"fr-FR\",\"potentialAction\":[{\"@type\":\"ReadAction\",\"target\":[\"https:\\\/\\\/3d-edu.ch\\\/fr\\\/boutique\\\/filtre-a-air-raise3d-pour-serie-pro3\\\/\"]}]},{\"@type\":\"ImageObject\",\"inLanguage\":\"fr-FR\",\"@id\":\"https:\\\/\\\/3d-edu.ch\\\/fr\\\/boutique\\\/filtre-a-air-raise3d-pour-serie-pro3\\\/#primaryimage\",\"url\":\"https:\\\/\\\/3d-edu.ch\\\/wp-content\\\/uploads\\\/2022\\\/10\\\/raise3d-air-filter-pro3-1.webp\",\"contentUrl\":\"https:\\\/\\\/3d-edu.ch\\\/wp-content\\\/uploads\\\/2022\\\/10\\\/raise3d-air-filter-pro3-1.webp\",\"width\":380,\"height\":380,\"caption\":\"Raise3D Air Filter f\u00fcr Pro3 1\"},{\"@type\":\"BreadcrumbList\",\"@id\":\"https:\\\/\\\/3d-edu.ch\\\/fr\\\/boutique\\\/filtre-a-air-raise3d-pour-serie-pro3\\\/#breadcrumb\",\"itemListElement\":[{\"@type\":\"ListItem\",\"position\":1,\"name\":\"Accueil\",\"item\":\"https:\\\/\\\/3d-edu.ch\\\/fr\\\/\"},{\"@type\":\"ListItem\",\"position\":2,\"name\":\"Boutique\",\"item\":\"https:\\\/\\\/3d-edu.ch\\\/fr\\\/boutique\\\/\"},{\"@type\":\"ListItem\",\"position\":3,\"name\":\"Filtre \u00e0 air Raise3D pour s\u00e9rie Pro3\"}]},{\"@type\":\"WebSite\",\"@id\":\"https:\\\/\\\/3d-edu.ch\\\/fr\\\/#website\",\"url\":\"https:\\\/\\\/3d-edu.ch\\\/fr\\\/\",\"name\":\"3D-EDU GmbH\",\"description\":\"Your Formlabs, UltiMaker and Raise3D Printer Support and Education Site in Switzerland. \\\/\\\/ Ihre Formlabs, UltiMaker and Raise3D Drucker Support und Bildungs Webseite der Schweiz.\",\"publisher\":{\"@id\":\"https:\\\/\\\/3d-edu.ch\\\/fr\\\/#organization\"},\"potentialAction\":[{\"@type\":\"SearchAction\",\"target\":{\"@type\":\"EntryPoint\",\"urlTemplate\":\"https:\\\/\\\/3d-edu.ch\\\/fr\\\/?s={search_term_string}\"},\"query-input\":{\"@type\":\"PropertyValueSpecification\",\"valueRequired\":true,\"valueName\":\"search_term_string\"}}],\"inLanguage\":\"fr-FR\"},{\"@type\":[\"Organization\",\"Place\",\"ElectronicsStore\"],\"@id\":\"https:\\\/\\\/3d-edu.ch\\\/fr\\\/#organization\",\"name\":\"3D-EDU GmbH\",\"url\":\"https:\\\/\\\/3d-edu.ch\\\/fr\\\/\",\"logo\":{\"@id\":\"https:\\\/\\\/3d-edu.ch\\\/fr\\\/boutique\\\/filtre-a-air-raise3d-pour-serie-pro3\\\/#local-main-organization-logo\"},\"image\":{\"@id\":\"https:\\\/\\\/3d-edu.ch\\\/fr\\\/boutique\\\/filtre-a-air-raise3d-pour-serie-pro3\\\/#local-main-organization-logo\"},\"sameAs\":[\"https:\\\/\\\/www.facebook.com\\\/3d-educh-210277586064960\\\/\",\"https:\\\/\\\/x.com\\\/3d_edu_ch\"],\"address\":{\"@id\":\"https:\\\/\\\/3d-edu.ch\\\/fr\\\/boutique\\\/filtre-a-air-raise3d-pour-serie-pro3\\\/#local-main-place-address\"},\"geo\":{\"@type\":\"GeoCoordinates\",\"latitude\":\"47.38413\",\"longitude\":\"8.49812\"},\"telephone\":[\"+41 44 492 11 22\"],\"openingHoursSpecification\":[{\"@type\":\"OpeningHoursSpecification\",\"dayOfWeek\":[\"Monday\",\"Tuesday\",\"Wednesday\",\"Thursday\",\"Friday\"],\"opens\":\"08:30\",\"closes\":\"18:00\"},{\"@type\":\"OpeningHoursSpecification\",\"dayOfWeek\":[\"Saturday\",\"Sunday\"],\"opens\":\"00:00\",\"closes\":\"00:00\"}],\"email\":\"info@3d-edu.ch\",\"faxNumber\":\"+41 44 492 11 23\",\"vatID\":\"CHE-184.499.491 MWST\",\"priceRange\":\"$$$\",\"currenciesAccepted\":\"CHF\"},{\"@type\":\"PostalAddress\",\"@id\":\"https:\\\/\\\/3d-edu.ch\\\/fr\\\/boutique\\\/filtre-a-air-raise3d-pour-serie-pro3\\\/#local-main-place-address\",\"streetAddress\":\"3D-EDU GmbH, Badenerstrasse 556\",\"addressLocality\":\"Z\u00fcrich\",\"postalCode\":\"8048\",\"addressRegion\":\"Z\u00fcrich\",\"addressCountry\":\"CH\"},{\"@type\":\"ImageObject\",\"inLanguage\":\"fr-FR\",\"@id\":\"https:\\\/\\\/3d-edu.ch\\\/fr\\\/boutique\\\/filtre-a-air-raise3d-pour-serie-pro3\\\/#local-main-organization-logo\",\"url\":\"https:\\\/\\\/3d-edu.ch\\\/wp-content\\\/uploads\\\/2018\\\/10\\\/3d-drucker-makerbot-formlabs-professionelle-3d-drucker-e1546527990490.png\",\"contentUrl\":\"https:\\\/\\\/3d-edu.ch\\\/wp-content\\\/uploads\\\/2018\\\/10\\\/3d-drucker-makerbot-formlabs-professionelle-3d-drucker-e1546527990490.png\",\"width\":275,\"height\":80,\"caption\":\"3D-EDU GmbH\"}]}<\/script>\n<meta property=\"product:brand\" content=\"Pi\u00e8ces de rechange &amp; accessoires\" \/>\n<meta property=\"product:price:amount\" content=\"22.20\" \/>\n<meta property=\"product:price:currency\" content=\"CHF\" \/>\n<meta property=\"og:availability\" content=\"backorder\" \/>\n<meta property=\"product:availability\" content=\"available for order\" \/>\n<meta property=\"product:retailer_item_id\" content=\"5.11.14003A01\" \/>\n<meta property=\"product:condition\" content=\"new\" \/>\n<meta name=\"geo.placename\" content=\"Z\u00fcrich\" \/>\n<meta name=\"geo.position\" content=\"47.38413;8.49812\" \/>\n<meta name=\"geo.region\" content=\"Suisse\" \/>\n<!-- \/ Yoast SEO Premium plugin. -->","yoast_head_json":{"title":"Filtre \u00e0 air Raise3D pour s\u00e9rie Pro3 %%page% commander en ligne - %%nom du site","description":"Le filtre \u00e0 air pour la Pro3 peut filtrer efficacement les particules fines et les substances organiques volatiles nocives \u00e0 l'odeur \u00e2cre produites pendant le processus de travail de l'imprimante 3D.","robots":{"index":"index","follow":"follow","max-snippet":"max-snippet:-1","max-image-preview":"max-image-preview:large","max-video-preview":"max-video-preview:-1"},"canonical":"https:\/\/3d-edu.ch\/fr\/boutique\/filtre-a-air-raise3d-pour-serie-pro3\/","og_locale":"fr_FR","og_type":"article","og_title":"Filtre \u00e0 air Raise3D pour s\u00e9rie Pro3","og_description":"Le filtre \u00e0 air pour la Pro3 peut filtrer efficacement les particules fines et les substances organiques volatiles nocives \u00e0 l'odeur \u00e2cre produites pendant le processus de travail de l'imprimante 3D.","og_url":"https:\/\/3d-edu.ch\/fr\/boutique\/filtre-a-air-raise3d-pour-serie-pro3\/","og_site_name":"3D-EDU GmbH","article_publisher":"https:\/\/www.facebook.com\/3d-educh-210277586064960\/","article_modified_time":"2026-04-20T11:45:58+00:00","og_image":[{"width":380,"height":380,"url":"https:\/\/3d-edu.ch\/wp-content\/uploads\/2022\/10\/raise3d-air-filter-pro3-1.webp","type":"image\/webp"}],"twitter_card":"summary_large_image","twitter_site":"@3d_edu_ch","twitter_misc":{"Prix":"22.20&nbsp;&#67;&#72;&#70; hors TVA","Disponibilit\u00e9":"En r\u00e9assort"},"schema":{"@context":"https:\/\/schema.org","@graph":[{"@type":"WebPage","@id":"https:\/\/3d-edu.ch\/fr\/boutique\/filtre-a-air-raise3d-pour-serie-pro3\/","url":"https:\/\/3d-edu.ch\/fr\/boutique\/filtre-a-air-raise3d-pour-serie-pro3\/","name":"Filtre \u00e0 air Raise3D pour s\u00e9rie Pro3 %%page% commander en ligne - %%nom du site","isPartOf":{"@id":"https:\/\/3d-edu.ch\/fr\/#website"},"primaryImageOfPage":{"@id":"https:\/\/3d-edu.ch\/fr\/boutique\/filtre-a-air-raise3d-pour-serie-pro3\/#primaryimage"},"image":{"@id":"https:\/\/3d-edu.ch\/fr\/boutique\/filtre-a-air-raise3d-pour-serie-pro3\/#primaryimage"},"thumbnailUrl":"https:\/\/3d-edu.ch\/wp-content\/uploads\/2022\/10\/raise3d-air-filter-pro3-1.webp","datePublished":"2022-10-25T09:51:48+00:00","dateModified":"2026-04-20T11:45:58+00:00","description":"Le filtre \u00e0 air pour la Pro3 peut filtrer efficacement les particules fines et les substances organiques volatiles nocives \u00e0 l'odeur \u00e2cre produites pendant le processus de travail de l'imprimante 3D.","breadcrumb":{"@id":"https:\/\/3d-edu.ch\/fr\/boutique\/filtre-a-air-raise3d-pour-serie-pro3\/#breadcrumb"},"inLanguage":"fr-FR","potentialAction":[{"@type":"ReadAction","target":["https:\/\/3d-edu.ch\/fr\/boutique\/filtre-a-air-raise3d-pour-serie-pro3\/"]}]},{"@type":"ImageObject","inLanguage":"fr-FR","@id":"https:\/\/3d-edu.ch\/fr\/boutique\/filtre-a-air-raise3d-pour-serie-pro3\/#primaryimage","url":"https:\/\/3d-edu.ch\/wp-content\/uploads\/2022\/10\/raise3d-air-filter-pro3-1.webp","contentUrl":"https:\/\/3d-edu.ch\/wp-content\/uploads\/2022\/10\/raise3d-air-filter-pro3-1.webp","width":380,"height":380,"caption":"Raise3D Air Filter f\u00fcr Pro3 1"},{"@type":"BreadcrumbList","@id":"https:\/\/3d-edu.ch\/fr\/boutique\/filtre-a-air-raise3d-pour-serie-pro3\/#breadcrumb","itemListElement":[{"@type":"ListItem","position":1,"name":"Accueil","item":"https:\/\/3d-edu.ch\/fr\/"},{"@type":"ListItem","position":2,"name":"Boutique","item":"https:\/\/3d-edu.ch\/fr\/boutique\/"},{"@type":"ListItem","position":3,"name":"Filtre \u00e0 air Raise3D pour s\u00e9rie Pro3"}]},{"@type":"WebSite","@id":"https:\/\/3d-edu.ch\/fr\/#website","url":"https:\/\/3d-edu.ch\/fr\/","name":"3D-EDU GmbH","description":"Your Formlabs, UltiMaker and Raise3D Printer Support and Education Site in Switzerland. \/\/ Ihre Formlabs, UltiMaker and Raise3D Drucker Support und Bildungs Webseite der Schweiz.","publisher":{"@id":"https:\/\/3d-edu.ch\/fr\/#organization"},"potentialAction":[{"@type":"SearchAction","target":{"@type":"EntryPoint","urlTemplate":"https:\/\/3d-edu.ch\/fr\/?s={search_term_string}"},"query-input":{"@type":"PropertyValueSpecification","valueRequired":true,"valueName":"search_term_string"}}],"inLanguage":"fr-FR"},{"@type":["Organization","Place","ElectronicsStore"],"@id":"https:\/\/3d-edu.ch\/fr\/#organization","name":"3D-EDU GmbH","url":"https:\/\/3d-edu.ch\/fr\/","logo":{"@id":"https:\/\/3d-edu.ch\/fr\/boutique\/filtre-a-air-raise3d-pour-serie-pro3\/#local-main-organization-logo"},"image":{"@id":"https:\/\/3d-edu.ch\/fr\/boutique\/filtre-a-air-raise3d-pour-serie-pro3\/#local-main-organization-logo"},"sameAs":["https:\/\/www.facebook.com\/3d-educh-210277586064960\/","https:\/\/x.com\/3d_edu_ch"],"address":{"@id":"https:\/\/3d-edu.ch\/fr\/boutique\/filtre-a-air-raise3d-pour-serie-pro3\/#local-main-place-address"},"geo":{"@type":"GeoCoordinates","latitude":"47.38413","longitude":"8.49812"},"telephone":["+41 44 492 11 22"],"openingHoursSpecification":[{"@type":"OpeningHoursSpecification","dayOfWeek":["Monday","Tuesday","Wednesday","Thursday","Friday"],"opens":"08:30","closes":"18:00"},{"@type":"OpeningHoursSpecification","dayOfWeek":["Saturday","Sunday"],"opens":"00:00","closes":"00:00"}],"email":"info@3d-edu.ch","faxNumber":"+41 44 492 11 23","vatID":"CHE-184.499.491 MWST","priceRange":"$$$","currenciesAccepted":"CHF"},{"@type":"PostalAddress","@id":"https:\/\/3d-edu.ch\/fr\/boutique\/filtre-a-air-raise3d-pour-serie-pro3\/#local-main-place-address","streetAddress":"3D-EDU GmbH, Badenerstrasse 556","addressLocality":"Z\u00fcrich","postalCode":"8048","addressRegion":"Z\u00fcrich","addressCountry":"CH"},{"@type":"ImageObject","inLanguage":"fr-FR","@id":"https:\/\/3d-edu.ch\/fr\/boutique\/filtre-a-air-raise3d-pour-serie-pro3\/#local-main-organization-logo","url":"https:\/\/3d-edu.ch\/wp-content\/uploads\/2018\/10\/3d-drucker-makerbot-formlabs-professionelle-3d-drucker-e1546527990490.png","contentUrl":"https:\/\/3d-edu.ch\/wp-content\/uploads\/2018\/10\/3d-drucker-makerbot-formlabs-professionelle-3d-drucker-e1546527990490.png","width":275,"height":80,"caption":"3D-EDU GmbH"}]},"product_brand":"Pi\u00e8ces de rechange &amp; accessoires","product_price_amount":"22.20","product_price_currency":"CHF","og_availability":"backorder","product_availability":"available for order","product_retailer_item_id":"5.11.14003A01","product_condition":"new","geo.placename":"Z\u00fcrich","geo.position":{"lat":"47.38413","long":"8.49812"},"geo.region":"Suisse"},"_links":{"self":[{"href":"https:\/\/3d-edu.ch\/fr\/wp-json\/wp\/v2\/product\/76821","targetHints":{"allow":["GET"]}}],"collection":[{"href":"https:\/\/3d-edu.ch\/fr\/wp-json\/wp\/v2\/product"}],"about":[{"href":"https:\/\/3d-edu.ch\/fr\/wp-json\/wp\/v2\/types\/product"}],"replies":[{"embeddable":true,"href":"https:\/\/3d-edu.ch\/fr\/wp-json\/wp\/v2\/comments?post=76821"}],"wp:featuredmedia":[{"embeddable":true,"href":"https:\/\/3d-edu.ch\/fr\/wp-json\/wp\/v2\/media\/46073"}],"wp:attachment":[{"href":"https:\/\/3d-edu.ch\/fr\/wp-json\/wp\/v2\/media?parent=76821"}],"wp:term":[{"taxonomy":"product_brand","embeddable":true,"href":"https:\/\/3d-edu.ch\/fr\/wp-json\/wp\/v2\/product_brand?post=76821"},{"taxonomy":"product_cat","embeddable":true,"href":"https:\/\/3d-edu.ch\/fr\/wp-json\/wp\/v2\/product_cat?post=76821"},{"taxonomy":"product_tag","embeddable":true,"href":"https:\/\/3d-edu.ch\/fr\/wp-json\/wp\/v2\/product_tag?post=76821"}],"curies":[{"name":"wp","href":"https:\/\/api.w.org\/{rel}","templated":true}]}}