{"id":76820,"date":"2022-11-14T12:19:02","date_gmt":"2022-11-14T12:19:02","guid":{"rendered":"https:\/\/3d-edu.ch\/shop\/raise3d-kit-de-mise-a-niveau-hyper-speed-serie-pro3\/"},"modified":"2022-11-14T12:19:02","modified_gmt":"2022-11-14T11:19:02","slug":"raise3d-kit-de-mise-a-niveau-hyper-speed-serie-pro3","status":"publish","type":"product","link":"https:\/\/3d-edu.ch\/fr\/boutique\/raise3d-kit-de-mise-a-niveau-hyper-speed-serie-pro3\/","title":{"rendered":"Raise3D Kit de mise \u00e0 niveau Hyper Speed s\u00e9rie Pro3"},"content":{"rendered":"<h2>RAISE3D Kit de mise \u00e0 niveau Hyper Speed s\u00e9rie Pro3<\/h2>\n<p>Veuillez noter que pour fonctionner correctement, les Hot Ends Hyper Speed 0.4mm (s\u00e9rie Pro3 uniquement), l&rsquo;auto-calibrateur Hyper Speed (s\u00e9rie Pro3 uniquement) et les filaments Hyper Speed doivent \u00eatre install\u00e9s sur une imprimante de la s\u00e9rie Pro3 activ\u00e9e en mode Hyper Speed. L&rsquo;absence de l&rsquo;un de ces composants peut entra\u00eener des erreurs d&rsquo;impression. <\/p>\n<p><strong>Le kit de mise \u00e0 niveau Hyper Speed ne peut \u00eatre utilis\u00e9 qu&rsquo;une seule fois pour une seule imprimante Pro3 Series. Si vous souhaitez utiliser la mise \u00e0 niveau Hyper Speed pour plusieurs imprimantes 3D Pro3 Series, veuillez acheter le nombre correspondant de kits de mise \u00e0 niveau Hyper Speed. <\/strong><\/p>\n<h3>Inclus dans la livraison<\/h3>\n<ul>\n<li>1x lettre de mise \u00e0 niveau avec code<\/li>\n<li>1x mises \u00e0 jour logicielles<\/li>\n<li>2x Hyper Speed Hot End 0,4 mm<\/li>\n<li>1x calibrateur automatique Hyper Speed<\/li>\n<li>1x bobine de <a href=\"https:\/\/3d-edu.ch\/shop\/raise3d-hyper-speed-pla-filament-white\/\">filament PLA Hyper Speed<\/a> (couleur : blanc. sp\u00e9cifications : 1 kg\/ 1,75 mm)<\/li>\n<li>1x bobine de <a href=\"https:\/\/3d-edu.ch\/shop\/raise3d-hyper-speed-abs-filament-nature\/\">filament ABS Hyper Speed<\/a> (couleur : naturel. Sp\u00e9cifications : 1 kg\/ 1,75 mm)<\/li>\n<\/ul>\n<p><strong>Compatibilit\u00e9<\/strong><\/p>\n<p>Le kit de mise \u00e0 niveau Raise3D Hyper Speed s\u00e9rie Pro3 est compatible avec le <a href=\"https:\/\/3d-edu.ch\/fr\/boutique\/raise3d-pro-3\/\">Raise3D Pro 3<\/a> et <a href=\"https:\/\/3d-edu.ch\/shop\/raise3d-pro-3-plus\/\">le Raise3D Pro 3 Plus<\/a>.<\/p>\n","protected":false},"excerpt":{"rendered":"<h2>Raise3D Kit de mise \u00e0 niveau Hyper Speed s\u00e9rie Pro3<\/h2>\n<p>Le kit de mise \u00e0 niveau Hyper Speed pour la <a href=\"https:\/\/3d-edu.ch\/fr\/shop\/raise3d-pro-3\/\">Raise3D Pro 3<\/a> et <a href=\"https:\/\/3d-edu.ch\/shop\/raise3d-pro-3-plus\/\">la Raise3D Pro 3 Plus<\/a> est le premier produit de la technologie Hyper FFF de Raise3D. Avec cette mise \u00e0 niveau, la vitesse d&rsquo;impression de la s\u00e9rie Pro3 passe de 50-80 mm\/s en moyenne \u00e0 200-350 mm\/s et l&rsquo;acc\u00e9l\u00e9ration de 1.000 mm\/s2 \u00e0 10.000 mm\/s2. La pr\u00e9cision et la qualit\u00e9 des pi\u00e8ces imprim\u00e9es n&rsquo;en sont pas affect\u00e9es.  <\/p>\n<p>Une imprimante \u00e9quip\u00e9e d&rsquo;une mise \u00e0 niveau Hyper Speed peut fournir 600 \u00e0 1 000 grammes de filament en 24 heures, ce qui signifie que toutes les pi\u00e8ces de moins de 400 grammes seront pr\u00eates en 12 heures.<\/p>\n<p><strong>Apr\u00e8s avoir achet\u00e9 un kit de mise \u00e0 niveau Raise3D Hyper Speed, vous pouvez mettre \u00e0 niveau votre imprimante Pro 3 Series en utilisant le code de mise \u00e0 niveau fourni <a href=\"https:\/\/support.raise3d.com\/hs-upgrade\">ici<\/a>.<\/strong><\/p>\n","protected":false},"featured_media":66849,"comment_status":"closed","ping_status":"closed","template":"","meta":[],"product_brand":[],"product_cat":[7908,8079,7909],"product_tag":[8510,8508,8509,8511,8080],"class_list":{"0":"post-76820","1":"product","2":"type-product","3":"status-publish","4":"has-post-thumbnail","6":"product_cat-pieces-de-rechange-accessoires-fr","7":"product_cat-raise3d","8":"product_cat-serie-pro-3-fr","9":"product_tag-kit-de-mise-a-niveau-hyper-speed","10":"product_tag-pro-3","11":"product_tag-pro-3-plus","12":"product_tag-pro-3-series","13":"product_tag-raise3d","14":"yith_product_brand-raise3d","16":"first","17":"instock","18":"taxable","19":"shipping-taxable","20":"purchasable","21":"product-type-simple"},"yoast_head":"<!-- This site is optimized with the Yoast SEO Premium plugin v27.4 (Yoast SEO v27.4) - https:\/\/yoast.com\/product\/yoast-seo-premium-wordpress\/ -->\n<title>Raise3D Kit de mise \u00e0 niveau Hyper Speed s\u00e9rie Pro3 %%page% commander en ligne - %%nom du site<\/title>\n<meta name=\"description\" content=\"Une imprimante \u00e9quip\u00e9e d&#039;une mise \u00e0 niveau Hyper Speed peut fournir 600 \u00e0 1 000 grammes de filament en 24 heures, ce qui signifie que toutes les pi\u00e8ces de moins de 400 grammes seront pr\u00eates en 12 heures.\" \/>\n<meta name=\"robots\" content=\"index, follow, max-snippet:-1, max-image-preview:large, max-video-preview:-1\" \/>\n<link rel=\"canonical\" href=\"https:\/\/3d-edu.ch\/fr\/boutique\/raise3d-kit-de-mise-a-niveau-hyper-speed-serie-pro3\/\" \/>\n<meta property=\"og:locale\" content=\"fr_FR\" \/>\n<meta property=\"og:type\" content=\"article\" \/>\n<meta property=\"og:title\" content=\"Raise3D Kit de mise \u00e0 niveau Hyper Speed s\u00e9rie Pro3\" \/>\n<meta property=\"og:description\" content=\"Une imprimante \u00e9quip\u00e9e d&#039;une mise \u00e0 niveau Hyper Speed peut fournir 600 \u00e0 1 000 grammes de filament en 24 heures, ce qui signifie que toutes les pi\u00e8ces de moins de 400 grammes seront pr\u00eates en 12 heures.\" \/>\n<meta property=\"og:url\" content=\"https:\/\/3d-edu.ch\/fr\/boutique\/raise3d-kit-de-mise-a-niveau-hyper-speed-serie-pro3\/\" \/>\n<meta property=\"og:site_name\" content=\"3D-EDU GmbH\" \/>\n<meta property=\"article:publisher\" content=\"https:\/\/www.facebook.com\/3d-educh-210277586064960\/\" \/>\n<meta property=\"og:image\" content=\"https:\/\/3d-edu.ch\/wp-content\/uploads\/2022\/11\/raise3D-hyper-speed-upgrade-kit-pro3-und-pro3-plus-1.webp\" \/>\n\t<meta property=\"og:image:width\" content=\"380\" \/>\n\t<meta property=\"og:image:height\" content=\"380\" \/>\n\t<meta property=\"og:image:type\" content=\"image\/webp\" \/>\n<meta name=\"twitter:card\" content=\"summary_large_image\" \/>\n<meta name=\"twitter:site\" content=\"@3d_edu_ch\" \/>\n<meta name=\"twitter:label1\" content=\"Prix\" \/>\n\t<meta name=\"twitter:data1\" content=\"408.96&nbsp;&#067;&#072;&#070; hors TVA\" \/>\n\t<meta name=\"twitter:label2\" content=\"Disponibilit\u00e9\" \/>\n\t<meta name=\"twitter:data2\" content=\"En stock\" \/>\n<script type=\"application\/ld+json\" class=\"yoast-schema-graph\">{\"@context\":\"https:\\\/\\\/schema.org\",\"@graph\":[{\"@type\":\"WebPage\",\"@id\":\"https:\\\/\\\/3d-edu.ch\\\/fr\\\/boutique\\\/raise3d-kit-de-mise-a-niveau-hyper-speed-serie-pro3\\\/\",\"url\":\"https:\\\/\\\/3d-edu.ch\\\/fr\\\/boutique\\\/raise3d-kit-de-mise-a-niveau-hyper-speed-serie-pro3\\\/\",\"name\":\"Raise3D Kit de mise \u00e0 niveau Hyper Speed s\u00e9rie Pro3 %%page% commander en ligne - %%nom du site\",\"isPartOf\":{\"@id\":\"https:\\\/\\\/3d-edu.ch\\\/fr\\\/#website\"},\"primaryImageOfPage\":{\"@id\":\"https:\\\/\\\/3d-edu.ch\\\/fr\\\/boutique\\\/raise3d-kit-de-mise-a-niveau-hyper-speed-serie-pro3\\\/#primaryimage\"},\"image\":{\"@id\":\"https:\\\/\\\/3d-edu.ch\\\/fr\\\/boutique\\\/raise3d-kit-de-mise-a-niveau-hyper-speed-serie-pro3\\\/#primaryimage\"},\"thumbnailUrl\":\"https:\\\/\\\/3d-edu.ch\\\/wp-content\\\/uploads\\\/2022\\\/11\\\/raise3D-hyper-speed-upgrade-kit-pro3-und-pro3-plus-1.webp\",\"datePublished\":\"2022-11-14T12:19:02+00:00\",\"description\":\"Une imprimante \u00e9quip\u00e9e d'une mise \u00e0 niveau Hyper Speed peut fournir 600 \u00e0 1 000 grammes de filament en 24 heures, ce qui signifie que toutes les pi\u00e8ces de moins de 400 grammes seront pr\u00eates en 12 heures.\",\"breadcrumb\":{\"@id\":\"https:\\\/\\\/3d-edu.ch\\\/fr\\\/boutique\\\/raise3d-kit-de-mise-a-niveau-hyper-speed-serie-pro3\\\/#breadcrumb\"},\"inLanguage\":\"fr-FR\",\"potentialAction\":[{\"@type\":\"ReadAction\",\"target\":[\"https:\\\/\\\/3d-edu.ch\\\/fr\\\/boutique\\\/raise3d-kit-de-mise-a-niveau-hyper-speed-serie-pro3\\\/\"]}]},{\"@type\":\"ImageObject\",\"inLanguage\":\"fr-FR\",\"@id\":\"https:\\\/\\\/3d-edu.ch\\\/fr\\\/boutique\\\/raise3d-kit-de-mise-a-niveau-hyper-speed-serie-pro3\\\/#primaryimage\",\"url\":\"https:\\\/\\\/3d-edu.ch\\\/wp-content\\\/uploads\\\/2022\\\/11\\\/raise3D-hyper-speed-upgrade-kit-pro3-und-pro3-plus-1.webp\",\"contentUrl\":\"https:\\\/\\\/3d-edu.ch\\\/wp-content\\\/uploads\\\/2022\\\/11\\\/raise3D-hyper-speed-upgrade-kit-pro3-und-pro3-plus-1.webp\",\"width\":380,\"height\":380,\"caption\":\"Raise3D Hyper Speed Upgrade Kit Pro3 et Pro3 Plus 1\"},{\"@type\":\"BreadcrumbList\",\"@id\":\"https:\\\/\\\/3d-edu.ch\\\/fr\\\/boutique\\\/raise3d-kit-de-mise-a-niveau-hyper-speed-serie-pro3\\\/#breadcrumb\",\"itemListElement\":[{\"@type\":\"ListItem\",\"position\":1,\"name\":\"Accueil\",\"item\":\"https:\\\/\\\/3d-edu.ch\\\/fr\\\/\"},{\"@type\":\"ListItem\",\"position\":2,\"name\":\"Boutique\",\"item\":\"https:\\\/\\\/3d-edu.ch\\\/fr\\\/boutique\\\/\"},{\"@type\":\"ListItem\",\"position\":3,\"name\":\"Raise3D Kit de mise \u00e0 niveau Hyper Speed s\u00e9rie Pro3\"}]},{\"@type\":\"WebSite\",\"@id\":\"https:\\\/\\\/3d-edu.ch\\\/fr\\\/#website\",\"url\":\"https:\\\/\\\/3d-edu.ch\\\/fr\\\/\",\"name\":\"3D-EDU GmbH\",\"description\":\"Your Formlabs, UltiMaker and Raise3D Printer Support and Education Site in Switzerland. \\\/\\\/ Ihre Formlabs, UltiMaker and Raise3D Drucker Support und Bildungs Webseite der Schweiz.\",\"publisher\":{\"@id\":\"https:\\\/\\\/3d-edu.ch\\\/fr\\\/#organization\"},\"potentialAction\":[{\"@type\":\"SearchAction\",\"target\":{\"@type\":\"EntryPoint\",\"urlTemplate\":\"https:\\\/\\\/3d-edu.ch\\\/fr\\\/?s={search_term_string}\"},\"query-input\":{\"@type\":\"PropertyValueSpecification\",\"valueRequired\":true,\"valueName\":\"search_term_string\"}}],\"inLanguage\":\"fr-FR\"},{\"@type\":[\"Organization\",\"Place\",\"ElectronicsStore\"],\"@id\":\"https:\\\/\\\/3d-edu.ch\\\/fr\\\/#organization\",\"name\":\"3D-EDU GmbH\",\"url\":\"https:\\\/\\\/3d-edu.ch\\\/fr\\\/\",\"logo\":{\"@id\":\"https:\\\/\\\/3d-edu.ch\\\/fr\\\/boutique\\\/raise3d-kit-de-mise-a-niveau-hyper-speed-serie-pro3\\\/#local-main-organization-logo\"},\"image\":{\"@id\":\"https:\\\/\\\/3d-edu.ch\\\/fr\\\/boutique\\\/raise3d-kit-de-mise-a-niveau-hyper-speed-serie-pro3\\\/#local-main-organization-logo\"},\"sameAs\":[\"https:\\\/\\\/www.facebook.com\\\/3d-educh-210277586064960\\\/\",\"https:\\\/\\\/x.com\\\/3d_edu_ch\"],\"address\":{\"@id\":\"https:\\\/\\\/3d-edu.ch\\\/fr\\\/boutique\\\/raise3d-kit-de-mise-a-niveau-hyper-speed-serie-pro3\\\/#local-main-place-address\"},\"geo\":{\"@type\":\"GeoCoordinates\",\"latitude\":\"47.38413\",\"longitude\":\"8.49812\"},\"telephone\":[\"+41 44 492 11 22\"],\"openingHoursSpecification\":[{\"@type\":\"OpeningHoursSpecification\",\"dayOfWeek\":[\"Monday\",\"Tuesday\",\"Wednesday\",\"Thursday\",\"Friday\"],\"opens\":\"08:30\",\"closes\":\"18:00\"},{\"@type\":\"OpeningHoursSpecification\",\"dayOfWeek\":[\"Saturday\",\"Sunday\"],\"opens\":\"00:00\",\"closes\":\"00:00\"}],\"email\":\"info@3d-edu.ch\",\"faxNumber\":\"+41 44 492 11 23\",\"vatID\":\"CHE-184.499.491 MWST\",\"priceRange\":\"$$$\",\"currenciesAccepted\":\"CHF\"},{\"@type\":\"PostalAddress\",\"@id\":\"https:\\\/\\\/3d-edu.ch\\\/fr\\\/boutique\\\/raise3d-kit-de-mise-a-niveau-hyper-speed-serie-pro3\\\/#local-main-place-address\",\"streetAddress\":\"3D-EDU GmbH, Badenerstrasse 556\",\"addressLocality\":\"Z\u00fcrich\",\"postalCode\":\"8048\",\"addressRegion\":\"Z\u00fcrich\",\"addressCountry\":\"CH\"},{\"@type\":\"ImageObject\",\"inLanguage\":\"fr-FR\",\"@id\":\"https:\\\/\\\/3d-edu.ch\\\/fr\\\/boutique\\\/raise3d-kit-de-mise-a-niveau-hyper-speed-serie-pro3\\\/#local-main-organization-logo\",\"url\":\"https:\\\/\\\/3d-edu.ch\\\/wp-content\\\/uploads\\\/2018\\\/10\\\/3d-drucker-makerbot-formlabs-professionelle-3d-drucker-e1546527990490.png\",\"contentUrl\":\"https:\\\/\\\/3d-edu.ch\\\/wp-content\\\/uploads\\\/2018\\\/10\\\/3d-drucker-makerbot-formlabs-professionelle-3d-drucker-e1546527990490.png\",\"width\":275,\"height\":80,\"caption\":\"3D-EDU GmbH\"}]}<\/script>\n<meta property=\"product:brand\" content=\"Pi\u00e8ces de rechange &amp; accessoires\" \/>\n<meta property=\"product:price:amount\" content=\"408.96\" \/>\n<meta property=\"product:price:currency\" content=\"CHF\" \/>\n<meta property=\"og:availability\" content=\"instock\" \/>\n<meta property=\"product:availability\" content=\"instock\" \/>\n<meta property=\"product:retailer_item_id\" content=\"3D-EDU-4050\" \/>\n<meta property=\"product:condition\" content=\"new\" \/>\n<meta name=\"geo.placename\" content=\"Z\u00fcrich\" \/>\n<meta name=\"geo.position\" content=\"47.38413;8.49812\" \/>\n<meta name=\"geo.region\" content=\"Suisse\" \/>\n<!-- \/ Yoast SEO Premium plugin. -->","yoast_head_json":{"title":"Raise3D Kit de mise \u00e0 niveau Hyper Speed s\u00e9rie Pro3 %%page% commander en ligne - %%nom du site","description":"Une imprimante \u00e9quip\u00e9e d'une mise \u00e0 niveau Hyper Speed peut fournir 600 \u00e0 1 000 grammes de filament en 24 heures, ce qui signifie que toutes les pi\u00e8ces de moins de 400 grammes seront pr\u00eates en 12 heures.","robots":{"index":"index","follow":"follow","max-snippet":"max-snippet:-1","max-image-preview":"max-image-preview:large","max-video-preview":"max-video-preview:-1"},"canonical":"https:\/\/3d-edu.ch\/fr\/boutique\/raise3d-kit-de-mise-a-niveau-hyper-speed-serie-pro3\/","og_locale":"fr_FR","og_type":"article","og_title":"Raise3D Kit de mise \u00e0 niveau Hyper Speed s\u00e9rie Pro3","og_description":"Une imprimante \u00e9quip\u00e9e d'une mise \u00e0 niveau Hyper Speed peut fournir 600 \u00e0 1 000 grammes de filament en 24 heures, ce qui signifie que toutes les pi\u00e8ces de moins de 400 grammes seront pr\u00eates en 12 heures.","og_url":"https:\/\/3d-edu.ch\/fr\/boutique\/raise3d-kit-de-mise-a-niveau-hyper-speed-serie-pro3\/","og_site_name":"3D-EDU GmbH","article_publisher":"https:\/\/www.facebook.com\/3d-educh-210277586064960\/","og_image":[{"width":380,"height":380,"url":"https:\/\/3d-edu.ch\/wp-content\/uploads\/2022\/11\/raise3D-hyper-speed-upgrade-kit-pro3-und-pro3-plus-1.webp","type":"image\/webp"}],"twitter_card":"summary_large_image","twitter_site":"@3d_edu_ch","twitter_misc":{"Prix":"408.96&nbsp;&#67;&#72;&#70; hors TVA","Disponibilit\u00e9":"En stock"},"schema":{"@context":"https:\/\/schema.org","@graph":[{"@type":"WebPage","@id":"https:\/\/3d-edu.ch\/fr\/boutique\/raise3d-kit-de-mise-a-niveau-hyper-speed-serie-pro3\/","url":"https:\/\/3d-edu.ch\/fr\/boutique\/raise3d-kit-de-mise-a-niveau-hyper-speed-serie-pro3\/","name":"Raise3D Kit de mise \u00e0 niveau Hyper Speed s\u00e9rie Pro3 %%page% commander en ligne - %%nom du site","isPartOf":{"@id":"https:\/\/3d-edu.ch\/fr\/#website"},"primaryImageOfPage":{"@id":"https:\/\/3d-edu.ch\/fr\/boutique\/raise3d-kit-de-mise-a-niveau-hyper-speed-serie-pro3\/#primaryimage"},"image":{"@id":"https:\/\/3d-edu.ch\/fr\/boutique\/raise3d-kit-de-mise-a-niveau-hyper-speed-serie-pro3\/#primaryimage"},"thumbnailUrl":"https:\/\/3d-edu.ch\/wp-content\/uploads\/2022\/11\/raise3D-hyper-speed-upgrade-kit-pro3-und-pro3-plus-1.webp","datePublished":"2022-11-14T12:19:02+00:00","description":"Une imprimante \u00e9quip\u00e9e d'une mise \u00e0 niveau Hyper Speed peut fournir 600 \u00e0 1 000 grammes de filament en 24 heures, ce qui signifie que toutes les pi\u00e8ces de moins de 400 grammes seront pr\u00eates en 12 heures.","breadcrumb":{"@id":"https:\/\/3d-edu.ch\/fr\/boutique\/raise3d-kit-de-mise-a-niveau-hyper-speed-serie-pro3\/#breadcrumb"},"inLanguage":"fr-FR","potentialAction":[{"@type":"ReadAction","target":["https:\/\/3d-edu.ch\/fr\/boutique\/raise3d-kit-de-mise-a-niveau-hyper-speed-serie-pro3\/"]}]},{"@type":"ImageObject","inLanguage":"fr-FR","@id":"https:\/\/3d-edu.ch\/fr\/boutique\/raise3d-kit-de-mise-a-niveau-hyper-speed-serie-pro3\/#primaryimage","url":"https:\/\/3d-edu.ch\/wp-content\/uploads\/2022\/11\/raise3D-hyper-speed-upgrade-kit-pro3-und-pro3-plus-1.webp","contentUrl":"https:\/\/3d-edu.ch\/wp-content\/uploads\/2022\/11\/raise3D-hyper-speed-upgrade-kit-pro3-und-pro3-plus-1.webp","width":380,"height":380,"caption":"Raise3D Hyper Speed Upgrade Kit Pro3 et Pro3 Plus 1"},{"@type":"BreadcrumbList","@id":"https:\/\/3d-edu.ch\/fr\/boutique\/raise3d-kit-de-mise-a-niveau-hyper-speed-serie-pro3\/#breadcrumb","itemListElement":[{"@type":"ListItem","position":1,"name":"Accueil","item":"https:\/\/3d-edu.ch\/fr\/"},{"@type":"ListItem","position":2,"name":"Boutique","item":"https:\/\/3d-edu.ch\/fr\/boutique\/"},{"@type":"ListItem","position":3,"name":"Raise3D Kit de mise \u00e0 niveau Hyper Speed s\u00e9rie Pro3"}]},{"@type":"WebSite","@id":"https:\/\/3d-edu.ch\/fr\/#website","url":"https:\/\/3d-edu.ch\/fr\/","name":"3D-EDU GmbH","description":"Your Formlabs, UltiMaker and Raise3D Printer Support and Education Site in Switzerland. \/\/ Ihre Formlabs, UltiMaker and Raise3D Drucker Support und Bildungs Webseite der Schweiz.","publisher":{"@id":"https:\/\/3d-edu.ch\/fr\/#organization"},"potentialAction":[{"@type":"SearchAction","target":{"@type":"EntryPoint","urlTemplate":"https:\/\/3d-edu.ch\/fr\/?s={search_term_string}"},"query-input":{"@type":"PropertyValueSpecification","valueRequired":true,"valueName":"search_term_string"}}],"inLanguage":"fr-FR"},{"@type":["Organization","Place","ElectronicsStore"],"@id":"https:\/\/3d-edu.ch\/fr\/#organization","name":"3D-EDU GmbH","url":"https:\/\/3d-edu.ch\/fr\/","logo":{"@id":"https:\/\/3d-edu.ch\/fr\/boutique\/raise3d-kit-de-mise-a-niveau-hyper-speed-serie-pro3\/#local-main-organization-logo"},"image":{"@id":"https:\/\/3d-edu.ch\/fr\/boutique\/raise3d-kit-de-mise-a-niveau-hyper-speed-serie-pro3\/#local-main-organization-logo"},"sameAs":["https:\/\/www.facebook.com\/3d-educh-210277586064960\/","https:\/\/x.com\/3d_edu_ch"],"address":{"@id":"https:\/\/3d-edu.ch\/fr\/boutique\/raise3d-kit-de-mise-a-niveau-hyper-speed-serie-pro3\/#local-main-place-address"},"geo":{"@type":"GeoCoordinates","latitude":"47.38413","longitude":"8.49812"},"telephone":["+41 44 492 11 22"],"openingHoursSpecification":[{"@type":"OpeningHoursSpecification","dayOfWeek":["Monday","Tuesday","Wednesday","Thursday","Friday"],"opens":"08:30","closes":"18:00"},{"@type":"OpeningHoursSpecification","dayOfWeek":["Saturday","Sunday"],"opens":"00:00","closes":"00:00"}],"email":"info@3d-edu.ch","faxNumber":"+41 44 492 11 23","vatID":"CHE-184.499.491 MWST","priceRange":"$$$","currenciesAccepted":"CHF"},{"@type":"PostalAddress","@id":"https:\/\/3d-edu.ch\/fr\/boutique\/raise3d-kit-de-mise-a-niveau-hyper-speed-serie-pro3\/#local-main-place-address","streetAddress":"3D-EDU GmbH, Badenerstrasse 556","addressLocality":"Z\u00fcrich","postalCode":"8048","addressRegion":"Z\u00fcrich","addressCountry":"CH"},{"@type":"ImageObject","inLanguage":"fr-FR","@id":"https:\/\/3d-edu.ch\/fr\/boutique\/raise3d-kit-de-mise-a-niveau-hyper-speed-serie-pro3\/#local-main-organization-logo","url":"https:\/\/3d-edu.ch\/wp-content\/uploads\/2018\/10\/3d-drucker-makerbot-formlabs-professionelle-3d-drucker-e1546527990490.png","contentUrl":"https:\/\/3d-edu.ch\/wp-content\/uploads\/2018\/10\/3d-drucker-makerbot-formlabs-professionelle-3d-drucker-e1546527990490.png","width":275,"height":80,"caption":"3D-EDU GmbH"}]},"product_brand":"Pi\u00e8ces de rechange &amp; accessoires","product_price_amount":"408.96","product_price_currency":"CHF","og_availability":"instock","product_availability":"instock","product_retailer_item_id":"3D-EDU-4050","product_condition":"new","geo.placename":"Z\u00fcrich","geo.position":{"lat":"47.38413","long":"8.49812"},"geo.region":"Suisse"},"_links":{"self":[{"href":"https:\/\/3d-edu.ch\/fr\/wp-json\/wp\/v2\/product\/76820","targetHints":{"allow":["GET"]}}],"collection":[{"href":"https:\/\/3d-edu.ch\/fr\/wp-json\/wp\/v2\/product"}],"about":[{"href":"https:\/\/3d-edu.ch\/fr\/wp-json\/wp\/v2\/types\/product"}],"replies":[{"embeddable":true,"href":"https:\/\/3d-edu.ch\/fr\/wp-json\/wp\/v2\/comments?post=76820"}],"wp:featuredmedia":[{"embeddable":true,"href":"https:\/\/3d-edu.ch\/fr\/wp-json\/wp\/v2\/media\/66849"}],"wp:attachment":[{"href":"https:\/\/3d-edu.ch\/fr\/wp-json\/wp\/v2\/media?parent=76820"}],"wp:term":[{"taxonomy":"product_brand","embeddable":true,"href":"https:\/\/3d-edu.ch\/fr\/wp-json\/wp\/v2\/product_brand?post=76820"},{"taxonomy":"product_cat","embeddable":true,"href":"https:\/\/3d-edu.ch\/fr\/wp-json\/wp\/v2\/product_cat?post=76820"},{"taxonomy":"product_tag","embeddable":true,"href":"https:\/\/3d-edu.ch\/fr\/wp-json\/wp\/v2\/product_tag?post=76820"}],"curies":[{"name":"wp","href":"https:\/\/api.w.org\/{rel}","templated":true}]}}