{"id":76816,"date":"2022-10-27T07:58:26","date_gmt":"2022-10-27T07:58:26","guid":{"rendered":"https:\/\/3d-edu.ch\/shop\/outils-de-finition-formlabs\/"},"modified":"2026-05-14T09:37:55","modified_gmt":"2026-05-14T07:37:55","slug":"outils-de-finition-formlabs","status":"publish","type":"product","link":"https:\/\/3d-edu.ch\/fr\/boutique\/outils-de-finition-formlabs\/","title":{"rendered":"Outils de finition Formlabs"},"content":{"rendered":"<div class=\"Accordion_body__Bbs1D\">\n<div class=\"ProductDetailPlugin_long-desc__5cqfb\">\n<h2>Outils de finition Formlabs<\/h2>\n<\/div>\n<\/div>\n<p><strong>Inclus dans l&rsquo;ensemble :<\/strong><\/p>\n<ul>\n<li>Ponceuse stylo ergonomique : pour cr\u00e9er une finition uniforme sur les pi\u00e8ces planes et l\u00e9g\u00e8rement incurv\u00e9es<\/li>\n<li>Outil rotatif : pour \u00e9liminer les traces de support et agrandir les trous<\/li>\n<li>Accessoires pour l&rsquo;outil rotatif :\n<ul>\n<li>Disques abrasifs (16 pi\u00e8ces) : Pour le pon\u00e7age et le meulage fin de pi\u00e8ces<\/li>\n<li>Disques de polissage (12 pi\u00e8ces) : Pour une finition uniforme apr\u00e8s le pon\u00e7age<\/li>\n<\/ul>\n<\/li>\n<li>Pince coupante : pour enlever les pointes de la structure de soutien<\/li>\n<li>Couteaux et lames de bricolage : Pour enlever avec pr\u00e9cision les pointes individuelles des structures de soutien<\/li>\n<li>Vaporisateur : pour vaporiser de l&rsquo;IPA ou de l&rsquo;eau pour enlever la poussi\u00e8re ou de l&rsquo;huile min\u00e9rale pour polir les surfaces<\/li>\n<li>Chiffon en microfibres : pour enlever la poussi\u00e8re des pi\u00e8ces ponc\u00e9es ou polies<\/li>\n<li>Grand support en silicone (40 x 60 cm) : Pour prot\u00e9ger la zone de travail pendant le processus de finition<\/li>\n<\/ul>\n<div class=\"Accordion_body__Bbs1D\">\n<div class=\"ProductDetailPlugin_long-desc__5cqfb\">\n<p><strong>Contenu de la livraison<\/strong><\/p>\n<ul>\n<li>1 kit d&rsquo;outils de finition Formlabs<\/li>\n<\/ul>\n<p>&nbsp;<\/p>\n<\/div>\n<\/div>\n","protected":false},"excerpt":{"rendered":"<h2><strong>Outils de finition Formlabs<br \/>\n<\/strong><\/h2>\n<p>Portez vos pi\u00e8ces SLA \u00e0 un tout autre niveau gr\u00e2ce aux outils de finition de Formlabs, un ensemble de solutions de finition s\u00e9lectionn\u00e9es pour l&rsquo;impression 3D SLA, qui rendent chaque \u00e9tape du processus plus efficace, du retrait des pi\u00e8ces et des structures de support au pon\u00e7age et au polissage.<\/p>\n<p>Ils augmentent la qualit\u00e9 de surface, cr\u00e9ent des plans et des bords lisses et am\u00e9liorent l&rsquo;aspect g\u00e9n\u00e9ral des pi\u00e8ces imprim\u00e9es, tout en r\u00e9duisant la main-d&rsquo;\u0153uvre et les co\u00fbts unitaires.<\/p>\n","protected":false},"featured_media":66761,"comment_status":"closed","ping_status":"closed","template":"","meta":[],"product_brand":[],"product_cat":[10352,10368,10369],"product_tag":[7784,9036],"class_list":{"0":"post-76816","1":"product","2":"type-product","3":"status-publish","4":"has-post-thumbnail","6":"product_cat-formlabs","7":"product_cat-post-traitement","8":"product_cat-sla-lfs-post-traitement","9":"product_tag-formlabs-fr","10":"product_tag-outils-de-finition","11":"yith_product_brand-formlabs-fr","13":"first","14":"onbackorder","15":"taxable","16":"shipping-taxable","17":"purchasable","18":"product-type-simple"},"yoast_head":"<!-- This site is optimized with the Yoast SEO Premium plugin v27.5 (Yoast SEO v27.5) - https:\/\/yoast.com\/product\/yoast-seo-premium-wordpress\/ -->\n<title>Outils de finition Formlabs - 3D-EDU GmbH<\/title>\n<meta name=\"description\" content=\"Portez vos pi\u00e8ces SLA \u00e0 un tout autre niveau gr\u00e2ce aux outils de finition de Formlabs, un ensemble de solutions de finition s\u00e9lectionn\u00e9es pour l&#039;impression 3D SLA, qui rendent chaque \u00e9tape du processus plus efficace, du retrait des pi\u00e8ces et des structures de support au pon\u00e7age et au polissage.\" \/>\n<meta name=\"robots\" content=\"index, follow, max-snippet:-1, max-image-preview:large, max-video-preview:-1\" \/>\n<link rel=\"canonical\" href=\"https:\/\/3d-edu.ch\/fr\/boutique\/outils-de-finition-formlabs\/\" \/>\n<meta property=\"og:locale\" content=\"fr_FR\" \/>\n<meta property=\"og:type\" content=\"article\" \/>\n<meta property=\"og:title\" content=\"Outils de finition Formlabs\" \/>\n<meta property=\"og:description\" content=\"Portez vos pi\u00e8ces SLA \u00e0 un tout autre niveau gr\u00e2ce aux outils de finition de Formlabs, un ensemble de solutions de finition s\u00e9lectionn\u00e9es pour l&#039;impression 3D SLA, qui rendent chaque \u00e9tape du processus plus efficace, du retrait des pi\u00e8ces et des structures de support au pon\u00e7age et au polissage.\" \/>\n<meta property=\"og:url\" content=\"https:\/\/3d-edu.ch\/fr\/boutique\/outils-de-finition-formlabs\/\" \/>\n<meta property=\"og:site_name\" content=\"3D-EDU GmbH\" \/>\n<meta property=\"article:publisher\" content=\"https:\/\/www.facebook.com\/3d-educh-210277586064960\/\" \/>\n<meta property=\"article:modified_time\" content=\"2026-05-14T07:37:55+00:00\" \/>\n<meta property=\"og:image\" content=\"https:\/\/3d-edu.ch\/wp-content\/uploads\/2022\/10\/formlabs-finishing-tools-1.webp\" \/>\n\t<meta property=\"og:image:width\" content=\"380\" \/>\n\t<meta property=\"og:image:height\" content=\"380\" \/>\n\t<meta property=\"og:image:type\" content=\"image\/webp\" \/>\n<meta name=\"twitter:card\" content=\"summary_large_image\" \/>\n<meta name=\"twitter:site\" content=\"@3d_edu_ch\" \/>\n<meta name=\"twitter:label1\" content=\"Prix\" \/>\n\t<meta name=\"twitter:data1\" content=\"305.12&nbsp;&#067;&#072;&#070; hors TVA\" \/>\n\t<meta name=\"twitter:label2\" content=\"Disponibilit\u00e9\" \/>\n\t<meta name=\"twitter:data2\" content=\"En r\u00e9assort\" \/>\n<script type=\"application\/ld+json\" class=\"yoast-schema-graph\">{\"@context\":\"https:\\\/\\\/schema.org\",\"@graph\":[{\"@type\":\"WebPage\",\"@id\":\"https:\\\/\\\/3d-edu.ch\\\/fr\\\/boutique\\\/outils-de-finition-formlabs\\\/\",\"url\":\"https:\\\/\\\/3d-edu.ch\\\/fr\\\/boutique\\\/outils-de-finition-formlabs\\\/\",\"name\":\"Outils de finition Formlabs - 3D-EDU GmbH\",\"isPartOf\":{\"@id\":\"https:\\\/\\\/3d-edu.ch\\\/fr\\\/#website\"},\"primaryImageOfPage\":{\"@id\":\"https:\\\/\\\/3d-edu.ch\\\/fr\\\/boutique\\\/outils-de-finition-formlabs\\\/#primaryimage\"},\"image\":{\"@id\":\"https:\\\/\\\/3d-edu.ch\\\/fr\\\/boutique\\\/outils-de-finition-formlabs\\\/#primaryimage\"},\"thumbnailUrl\":\"https:\\\/\\\/3d-edu.ch\\\/wp-content\\\/uploads\\\/2022\\\/10\\\/formlabs-finishing-tools-1.webp\",\"datePublished\":\"2022-10-27T07:58:26+00:00\",\"dateModified\":\"2026-05-14T07:37:55+00:00\",\"description\":\"Portez vos pi\u00e8ces SLA \u00e0 un tout autre niveau gr\u00e2ce aux outils de finition de Formlabs, un ensemble de solutions de finition s\u00e9lectionn\u00e9es pour l'impression 3D SLA, qui rendent chaque \u00e9tape du processus plus efficace, du retrait des pi\u00e8ces et des structures de support au pon\u00e7age et au polissage.\",\"breadcrumb\":{\"@id\":\"https:\\\/\\\/3d-edu.ch\\\/fr\\\/boutique\\\/outils-de-finition-formlabs\\\/#breadcrumb\"},\"inLanguage\":\"fr-FR\",\"potentialAction\":[{\"@type\":\"ReadAction\",\"target\":[\"https:\\\/\\\/3d-edu.ch\\\/fr\\\/boutique\\\/outils-de-finition-formlabs\\\/\"]}]},{\"@type\":\"ImageObject\",\"inLanguage\":\"fr-FR\",\"@id\":\"https:\\\/\\\/3d-edu.ch\\\/fr\\\/boutique\\\/outils-de-finition-formlabs\\\/#primaryimage\",\"url\":\"https:\\\/\\\/3d-edu.ch\\\/wp-content\\\/uploads\\\/2022\\\/10\\\/formlabs-finishing-tools-1.webp\",\"contentUrl\":\"https:\\\/\\\/3d-edu.ch\\\/wp-content\\\/uploads\\\/2022\\\/10\\\/formlabs-finishing-tools-1.webp\",\"width\":380,\"height\":380,\"caption\":\"Formlabs Finishing Tools 1\"},{\"@type\":\"BreadcrumbList\",\"@id\":\"https:\\\/\\\/3d-edu.ch\\\/fr\\\/boutique\\\/outils-de-finition-formlabs\\\/#breadcrumb\",\"itemListElement\":[{\"@type\":\"ListItem\",\"position\":1,\"name\":\"Accueil\",\"item\":\"https:\\\/\\\/3d-edu.ch\\\/fr\\\/\"},{\"@type\":\"ListItem\",\"position\":2,\"name\":\"Boutique\",\"item\":\"https:\\\/\\\/3d-edu.ch\\\/fr\\\/boutique\\\/\"},{\"@type\":\"ListItem\",\"position\":3,\"name\":\"Outils de finition Formlabs\"}]},{\"@type\":\"WebSite\",\"@id\":\"https:\\\/\\\/3d-edu.ch\\\/fr\\\/#website\",\"url\":\"https:\\\/\\\/3d-edu.ch\\\/fr\\\/\",\"name\":\"3D-EDU GmbH\",\"description\":\"Your Formlabs, UltiMaker and Raise3D Printer Support and Education Site in Switzerland. \\\/\\\/ Ihre Formlabs, UltiMaker and Raise3D Drucker Support und Bildungs Webseite der Schweiz.\",\"publisher\":{\"@id\":\"https:\\\/\\\/3d-edu.ch\\\/fr\\\/#organization\"},\"potentialAction\":[{\"@type\":\"SearchAction\",\"target\":{\"@type\":\"EntryPoint\",\"urlTemplate\":\"https:\\\/\\\/3d-edu.ch\\\/fr\\\/?s={search_term_string}\"},\"query-input\":{\"@type\":\"PropertyValueSpecification\",\"valueRequired\":true,\"valueName\":\"search_term_string\"}}],\"inLanguage\":\"fr-FR\"},{\"@type\":[\"Organization\",\"Place\",\"ElectronicsStore\"],\"@id\":\"https:\\\/\\\/3d-edu.ch\\\/fr\\\/#organization\",\"name\":\"3D-EDU GmbH\",\"url\":\"https:\\\/\\\/3d-edu.ch\\\/fr\\\/\",\"logo\":{\"@id\":\"https:\\\/\\\/3d-edu.ch\\\/fr\\\/boutique\\\/outils-de-finition-formlabs\\\/#local-main-organization-logo\"},\"image\":{\"@id\":\"https:\\\/\\\/3d-edu.ch\\\/fr\\\/boutique\\\/outils-de-finition-formlabs\\\/#local-main-organization-logo\"},\"sameAs\":[\"https:\\\/\\\/www.facebook.com\\\/3d-educh-210277586064960\\\/\",\"https:\\\/\\\/x.com\\\/3d_edu_ch\"],\"address\":{\"@id\":\"https:\\\/\\\/3d-edu.ch\\\/fr\\\/boutique\\\/outils-de-finition-formlabs\\\/#local-main-place-address\"},\"geo\":{\"@type\":\"GeoCoordinates\",\"latitude\":\"47.38413\",\"longitude\":\"8.49812\"},\"telephone\":[\"+41 44 492 11 22\"],\"openingHoursSpecification\":[{\"@type\":\"OpeningHoursSpecification\",\"dayOfWeek\":[\"Monday\",\"Tuesday\",\"Wednesday\",\"Thursday\",\"Friday\"],\"opens\":\"08:30\",\"closes\":\"18:00\"},{\"@type\":\"OpeningHoursSpecification\",\"dayOfWeek\":[\"Saturday\",\"Sunday\"],\"opens\":\"00:00\",\"closes\":\"00:00\"}],\"email\":\"info@3d-edu.ch\",\"faxNumber\":\"+41 44 492 11 23\",\"vatID\":\"CHE-184.499.491 MWST\",\"priceRange\":\"$$$\",\"currenciesAccepted\":\"CHF\"},{\"@type\":\"PostalAddress\",\"@id\":\"https:\\\/\\\/3d-edu.ch\\\/fr\\\/boutique\\\/outils-de-finition-formlabs\\\/#local-main-place-address\",\"streetAddress\":\"3D-EDU GmbH, Badenerstrasse 556\",\"addressLocality\":\"Z\u00fcrich\",\"postalCode\":\"8048\",\"addressRegion\":\"Z\u00fcrich\",\"addressCountry\":\"CH\"},{\"@type\":\"ImageObject\",\"inLanguage\":\"fr-FR\",\"@id\":\"https:\\\/\\\/3d-edu.ch\\\/fr\\\/boutique\\\/outils-de-finition-formlabs\\\/#local-main-organization-logo\",\"url\":\"https:\\\/\\\/3d-edu.ch\\\/wp-content\\\/uploads\\\/2018\\\/10\\\/3d-drucker-makerbot-formlabs-professionelle-3d-drucker-e1546527990490.png\",\"contentUrl\":\"https:\\\/\\\/3d-edu.ch\\\/wp-content\\\/uploads\\\/2018\\\/10\\\/3d-drucker-makerbot-formlabs-professionelle-3d-drucker-e1546527990490.png\",\"width\":275,\"height\":80,\"caption\":\"3D-EDU GmbH\"}]}<\/script>\n<meta property=\"product:brand\" content=\"Formlabs\" \/>\n<meta property=\"product:price:amount\" content=\"305.12\" \/>\n<meta property=\"product:price:currency\" content=\"CHF\" \/>\n<meta property=\"og:availability\" content=\"backorder\" \/>\n<meta property=\"product:availability\" content=\"available for order\" \/>\n<meta property=\"product:retailer_item_id\" content=\"FT-F3-01\" \/>\n<meta property=\"product:condition\" content=\"new\" \/>\n<meta name=\"geo.placename\" content=\"Z\u00fcrich\" \/>\n<meta name=\"geo.position\" content=\"47.38413;8.49812\" \/>\n<meta name=\"geo.region\" content=\"Suisse\" \/>\n<!-- \/ Yoast SEO Premium plugin. -->","yoast_head_json":{"title":"Outils de finition Formlabs - 3D-EDU GmbH","description":"Portez vos pi\u00e8ces SLA \u00e0 un tout autre niveau gr\u00e2ce aux outils de finition de Formlabs, un ensemble de solutions de finition s\u00e9lectionn\u00e9es pour l'impression 3D SLA, qui rendent chaque \u00e9tape du processus plus efficace, du retrait des pi\u00e8ces et des structures de support au pon\u00e7age et au polissage.","robots":{"index":"index","follow":"follow","max-snippet":"max-snippet:-1","max-image-preview":"max-image-preview:large","max-video-preview":"max-video-preview:-1"},"canonical":"https:\/\/3d-edu.ch\/fr\/boutique\/outils-de-finition-formlabs\/","og_locale":"fr_FR","og_type":"article","og_title":"Outils de finition Formlabs","og_description":"Portez vos pi\u00e8ces SLA \u00e0 un tout autre niveau gr\u00e2ce aux outils de finition de Formlabs, un ensemble de solutions de finition s\u00e9lectionn\u00e9es pour l'impression 3D SLA, qui rendent chaque \u00e9tape du processus plus efficace, du retrait des pi\u00e8ces et des structures de support au pon\u00e7age et au polissage.","og_url":"https:\/\/3d-edu.ch\/fr\/boutique\/outils-de-finition-formlabs\/","og_site_name":"3D-EDU GmbH","article_publisher":"https:\/\/www.facebook.com\/3d-educh-210277586064960\/","article_modified_time":"2026-05-14T07:37:55+00:00","og_image":[{"width":380,"height":380,"url":"https:\/\/3d-edu.ch\/wp-content\/uploads\/2022\/10\/formlabs-finishing-tools-1.webp","type":"image\/webp"}],"twitter_card":"summary_large_image","twitter_site":"@3d_edu_ch","twitter_misc":{"Prix":"305.12&nbsp;&#67;&#72;&#70; hors TVA","Disponibilit\u00e9":"En r\u00e9assort"},"schema":{"@context":"https:\/\/schema.org","@graph":[{"@type":"WebPage","@id":"https:\/\/3d-edu.ch\/fr\/boutique\/outils-de-finition-formlabs\/","url":"https:\/\/3d-edu.ch\/fr\/boutique\/outils-de-finition-formlabs\/","name":"Outils de finition Formlabs - 3D-EDU GmbH","isPartOf":{"@id":"https:\/\/3d-edu.ch\/fr\/#website"},"primaryImageOfPage":{"@id":"https:\/\/3d-edu.ch\/fr\/boutique\/outils-de-finition-formlabs\/#primaryimage"},"image":{"@id":"https:\/\/3d-edu.ch\/fr\/boutique\/outils-de-finition-formlabs\/#primaryimage"},"thumbnailUrl":"https:\/\/3d-edu.ch\/wp-content\/uploads\/2022\/10\/formlabs-finishing-tools-1.webp","datePublished":"2022-10-27T07:58:26+00:00","dateModified":"2026-05-14T07:37:55+00:00","description":"Portez vos pi\u00e8ces SLA \u00e0 un tout autre niveau gr\u00e2ce aux outils de finition de Formlabs, un ensemble de solutions de finition s\u00e9lectionn\u00e9es pour l'impression 3D SLA, qui rendent chaque \u00e9tape du processus plus efficace, du retrait des pi\u00e8ces et des structures de support au pon\u00e7age et au polissage.","breadcrumb":{"@id":"https:\/\/3d-edu.ch\/fr\/boutique\/outils-de-finition-formlabs\/#breadcrumb"},"inLanguage":"fr-FR","potentialAction":[{"@type":"ReadAction","target":["https:\/\/3d-edu.ch\/fr\/boutique\/outils-de-finition-formlabs\/"]}]},{"@type":"ImageObject","inLanguage":"fr-FR","@id":"https:\/\/3d-edu.ch\/fr\/boutique\/outils-de-finition-formlabs\/#primaryimage","url":"https:\/\/3d-edu.ch\/wp-content\/uploads\/2022\/10\/formlabs-finishing-tools-1.webp","contentUrl":"https:\/\/3d-edu.ch\/wp-content\/uploads\/2022\/10\/formlabs-finishing-tools-1.webp","width":380,"height":380,"caption":"Formlabs Finishing Tools 1"},{"@type":"BreadcrumbList","@id":"https:\/\/3d-edu.ch\/fr\/boutique\/outils-de-finition-formlabs\/#breadcrumb","itemListElement":[{"@type":"ListItem","position":1,"name":"Accueil","item":"https:\/\/3d-edu.ch\/fr\/"},{"@type":"ListItem","position":2,"name":"Boutique","item":"https:\/\/3d-edu.ch\/fr\/boutique\/"},{"@type":"ListItem","position":3,"name":"Outils de finition Formlabs"}]},{"@type":"WebSite","@id":"https:\/\/3d-edu.ch\/fr\/#website","url":"https:\/\/3d-edu.ch\/fr\/","name":"3D-EDU GmbH","description":"Your Formlabs, UltiMaker and Raise3D Printer Support and Education Site in Switzerland. \/\/ Ihre Formlabs, UltiMaker and Raise3D Drucker Support und Bildungs Webseite der Schweiz.","publisher":{"@id":"https:\/\/3d-edu.ch\/fr\/#organization"},"potentialAction":[{"@type":"SearchAction","target":{"@type":"EntryPoint","urlTemplate":"https:\/\/3d-edu.ch\/fr\/?s={search_term_string}"},"query-input":{"@type":"PropertyValueSpecification","valueRequired":true,"valueName":"search_term_string"}}],"inLanguage":"fr-FR"},{"@type":["Organization","Place","ElectronicsStore"],"@id":"https:\/\/3d-edu.ch\/fr\/#organization","name":"3D-EDU GmbH","url":"https:\/\/3d-edu.ch\/fr\/","logo":{"@id":"https:\/\/3d-edu.ch\/fr\/boutique\/outils-de-finition-formlabs\/#local-main-organization-logo"},"image":{"@id":"https:\/\/3d-edu.ch\/fr\/boutique\/outils-de-finition-formlabs\/#local-main-organization-logo"},"sameAs":["https:\/\/www.facebook.com\/3d-educh-210277586064960\/","https:\/\/x.com\/3d_edu_ch"],"address":{"@id":"https:\/\/3d-edu.ch\/fr\/boutique\/outils-de-finition-formlabs\/#local-main-place-address"},"geo":{"@type":"GeoCoordinates","latitude":"47.38413","longitude":"8.49812"},"telephone":["+41 44 492 11 22"],"openingHoursSpecification":[{"@type":"OpeningHoursSpecification","dayOfWeek":["Monday","Tuesday","Wednesday","Thursday","Friday"],"opens":"08:30","closes":"18:00"},{"@type":"OpeningHoursSpecification","dayOfWeek":["Saturday","Sunday"],"opens":"00:00","closes":"00:00"}],"email":"info@3d-edu.ch","faxNumber":"+41 44 492 11 23","vatID":"CHE-184.499.491 MWST","priceRange":"$$$","currenciesAccepted":"CHF"},{"@type":"PostalAddress","@id":"https:\/\/3d-edu.ch\/fr\/boutique\/outils-de-finition-formlabs\/#local-main-place-address","streetAddress":"3D-EDU GmbH, Badenerstrasse 556","addressLocality":"Z\u00fcrich","postalCode":"8048","addressRegion":"Z\u00fcrich","addressCountry":"CH"},{"@type":"ImageObject","inLanguage":"fr-FR","@id":"https:\/\/3d-edu.ch\/fr\/boutique\/outils-de-finition-formlabs\/#local-main-organization-logo","url":"https:\/\/3d-edu.ch\/wp-content\/uploads\/2018\/10\/3d-drucker-makerbot-formlabs-professionelle-3d-drucker-e1546527990490.png","contentUrl":"https:\/\/3d-edu.ch\/wp-content\/uploads\/2018\/10\/3d-drucker-makerbot-formlabs-professionelle-3d-drucker-e1546527990490.png","width":275,"height":80,"caption":"3D-EDU GmbH"}]},"product_brand":"Formlabs","product_price_amount":"305.12","product_price_currency":"CHF","og_availability":"backorder","product_availability":"available for order","product_retailer_item_id":"FT-F3-01","product_condition":"new","geo.placename":"Z\u00fcrich","geo.position":{"lat":"47.38413","long":"8.49812"},"geo.region":"Suisse"},"_links":{"self":[{"href":"https:\/\/3d-edu.ch\/fr\/wp-json\/wp\/v2\/product\/76816","targetHints":{"allow":["GET"]}}],"collection":[{"href":"https:\/\/3d-edu.ch\/fr\/wp-json\/wp\/v2\/product"}],"about":[{"href":"https:\/\/3d-edu.ch\/fr\/wp-json\/wp\/v2\/types\/product"}],"replies":[{"embeddable":true,"href":"https:\/\/3d-edu.ch\/fr\/wp-json\/wp\/v2\/comments?post=76816"}],"wp:featuredmedia":[{"embeddable":true,"href":"https:\/\/3d-edu.ch\/fr\/wp-json\/wp\/v2\/media\/66761"}],"wp:attachment":[{"href":"https:\/\/3d-edu.ch\/fr\/wp-json\/wp\/v2\/media?parent=76816"}],"wp:term":[{"taxonomy":"product_brand","embeddable":true,"href":"https:\/\/3d-edu.ch\/fr\/wp-json\/wp\/v2\/product_brand?post=76816"},{"taxonomy":"product_cat","embeddable":true,"href":"https:\/\/3d-edu.ch\/fr\/wp-json\/wp\/v2\/product_cat?post=76816"},{"taxonomy":"product_tag","embeddable":true,"href":"https:\/\/3d-edu.ch\/fr\/wp-json\/wp\/v2\/product_tag?post=76816"}],"curies":[{"name":"wp","href":"https:\/\/api.w.org\/{rel}","templated":true}]}}