{"id":76814,"date":"2022-10-24T15:25:57","date_gmt":"2022-10-24T15:25:57","guid":{"rendered":"https:\/\/3d-edu.ch\/shop\/raise3d-e2-e2cf-surface-dimpression-de-plaque-flexible-de-buildtak\/"},"modified":"2022-10-24T15:25:57","modified_gmt":"2022-10-24T13:25:57","slug":"raise3d-e2-e2cf-surface-dimpression-de-plaque-flexible-de-buildtak","status":"publish","type":"product","link":"https:\/\/3d-edu.ch\/fr\/boutique\/raise3d-e2-e2cf-surface-dimpression-de-plaque-flexible-de-buildtak\/","title":{"rendered":"Raise3D E2 &amp; E2CF Surface d&rsquo;impression de plaque flexible &amp; de buildtak"},"content":{"rendered":"<h2>Raise3D E2 &amp; E2CF Surface d&rsquo;impression de plaque flexible &amp; de buildtak<\/h2>\n<h3><\/h3>\n<h3>Inclus dans la livraison<\/h3>\n<ul>\n<li>1 Raise3D E2 &amp; E2CF Plaque flexible &amp; surface d&rsquo;impression Buildtak<\/li>\n<\/ul>\n<p><strong>Compatibilit\u00e9<\/strong><\/p>\n<p>La surface d&rsquo;impression Raise3D Flexible Plate &amp; Builtak est compatible avec l&rsquo;<a href=\"https:\/\/3d-edu.ch\/raise3d\/raise3d-3d-drucker\/e2\/\">E2<\/a> et <a href=\"https:\/\/3d-edu.ch\/fr\/raise3d\/imprimante-3d-raise3d\/e2cf\/\">l&rsquo;E2CF.<\/a><\/p>\n","protected":false},"excerpt":{"rendered":"<h2>Raise3D Buildtak Surface d&rsquo;impression pour E2 &amp; E2CF<\/h2>\n<p>La plaque flexible E2 et E2CF est fabriqu\u00e9e en acier inoxydable \u00e0 haute \u00e9lasticit\u00e9, avec une conduction thermique rapide, une flexion facile et une fixation magn\u00e9tique. Une fois l&rsquo;impression termin\u00e9e, vous pouvez facilement plier la plaque d&rsquo;impression pour retirer le mod\u00e8le. BuildTak est largement reconnu dans l&rsquo;industrie de l&rsquo;impression 3D comme une surface de construction adh\u00e9sive qui offre la texture parfaite pour saisir la premi\u00e8re couche de la plupart des filaments. En m\u00eame temps, les filaments peuvent \u00eatre facilement retir\u00e9s de la plaque de construction apr\u00e8s l&rsquo;impression. Derri\u00e8re la surface d&rsquo;impression BuildTak se trouve un adh\u00e9sif sp\u00e9cial qui peut adh\u00e9rer fermement \u00e0 la plaque de construction et ne se d\u00e9tache pas pendant l&rsquo;impression.    <\/p>\n","protected":false},"featured_media":46048,"comment_status":"closed","ping_status":"closed","template":"","meta":[],"product_brand":[],"product_cat":[8142,8143,7908,8079],"product_tag":[9018,9029,8081,8080,8082],"class_list":{"0":"post-76814","1":"product","2":"type-product","3":"status-publish","4":"has-post-thumbnail","6":"product_cat-e2","7":"product_cat-e2cf","8":"product_cat-pieces-de-rechange-accessoires-fr","9":"product_cat-raise3d","10":"product_tag-e2","11":"product_tag-e2cf","12":"product_tag-plaque-flexible","13":"product_tag-raise3d","14":"product_tag-surface-dimpression-buildtak","15":"yith_product_brand-raise3d","17":"first","18":"instock","19":"taxable","20":"shipping-taxable","21":"purchasable","22":"product-type-simple"},"yoast_head":"<!-- This site is optimized with the Yoast SEO Premium plugin v27.4 (Yoast SEO v27.4) - https:\/\/yoast.com\/product\/yoast-seo-premium-wordpress\/ -->\n<title>Raise3D E2 &amp; E2CF Surface d&#039;impression de plaque flexible &amp; de buildtak %%page% commander en ligne - %%nom du site<\/title>\n<meta name=\"robots\" content=\"index, follow, max-snippet:-1, max-image-preview:large, max-video-preview:-1\" \/>\n<link rel=\"canonical\" href=\"https:\/\/3d-edu.ch\/fr\/boutique\/raise3d-e2-e2cf-surface-dimpression-de-plaque-flexible-de-buildtak\/\" \/>\n<meta property=\"og:locale\" content=\"fr_FR\" \/>\n<meta property=\"og:type\" content=\"article\" \/>\n<meta property=\"og:title\" content=\"Raise3D E2 &amp; E2CF Surface d&#039;impression de plaque flexible &amp; de buildtak\" \/>\n<meta property=\"og:description\" content=\"Raise3D Buildtak Surface d&#039;impression pour E2 &amp; E2CF La plaque flexible E2 et E2CF est fabriqu\u00e9e en acier inoxydable \u00e0 haute \u00e9lasticit\u00e9, avec une conduction thermique rapide, une flexion facile et une fixation magn\u00e9tique. Une fois l&#039;impression termin\u00e9e, vous pouvez facilement plier la plaque d&#039;impression pour retirer le mod\u00e8le. BuildTak est largement reconnu dans l&#039;industrie de l&#039;impression 3D comme une surface de construction adh\u00e9sive qui offre la texture parfaite pour saisir la premi\u00e8re couche de la plupart des filaments. En m\u00eame temps, les filaments peuvent \u00eatre facilement retir\u00e9s de la plaque de construction apr\u00e8s l&#039;impression. Derri\u00e8re la surface d&#039;impression BuildTak se trouve un adh\u00e9sif sp\u00e9cial qui peut adh\u00e9rer fermement \u00e0 la plaque de construction et ne se d\u00e9tache pas pendant l&#039;impression.\" \/>\n<meta property=\"og:url\" content=\"https:\/\/3d-edu.ch\/fr\/boutique\/raise3d-e2-e2cf-surface-dimpression-de-plaque-flexible-de-buildtak\/\" \/>\n<meta property=\"og:site_name\" content=\"3D-EDU GmbH\" \/>\n<meta property=\"article:publisher\" content=\"https:\/\/www.facebook.com\/3d-educh-210277586064960\/\" \/>\n<meta property=\"og:image\" content=\"https:\/\/3d-edu.ch\/wp-content\/uploads\/2022\/10\/raise3d-e2-e2cf-flexible-plate-buildtak-printing-surface.webp\" \/>\n\t<meta property=\"og:image:width\" content=\"380\" \/>\n\t<meta property=\"og:image:height\" content=\"380\" \/>\n\t<meta property=\"og:image:type\" content=\"image\/webp\" \/>\n<meta name=\"twitter:card\" content=\"summary_large_image\" \/>\n<meta name=\"twitter:site\" content=\"@3d_edu_ch\" \/>\n<meta name=\"twitter:label1\" content=\"Prix\" \/>\n\t<meta name=\"twitter:data1\" content=\"86.95&nbsp;&#067;&#072;&#070; hors TVA\" \/>\n\t<meta name=\"twitter:label2\" content=\"Disponibilit\u00e9\" \/>\n\t<meta name=\"twitter:data2\" content=\"En stock\" \/>\n<script type=\"application\/ld+json\" class=\"yoast-schema-graph\">{\"@context\":\"https:\\\/\\\/schema.org\",\"@graph\":[{\"@type\":\"WebPage\",\"@id\":\"https:\\\/\\\/3d-edu.ch\\\/fr\\\/boutique\\\/raise3d-e2-e2cf-surface-dimpression-de-plaque-flexible-de-buildtak\\\/\",\"url\":\"https:\\\/\\\/3d-edu.ch\\\/fr\\\/boutique\\\/raise3d-e2-e2cf-surface-dimpression-de-plaque-flexible-de-buildtak\\\/\",\"name\":\"Raise3D E2 &amp; E2CF Surface d'impression de plaque flexible &amp; de buildtak %%page% commander en ligne - %%nom du site\",\"isPartOf\":{\"@id\":\"https:\\\/\\\/3d-edu.ch\\\/fr\\\/#website\"},\"primaryImageOfPage\":{\"@id\":\"https:\\\/\\\/3d-edu.ch\\\/fr\\\/boutique\\\/raise3d-e2-e2cf-surface-dimpression-de-plaque-flexible-de-buildtak\\\/#primaryimage\"},\"image\":{\"@id\":\"https:\\\/\\\/3d-edu.ch\\\/fr\\\/boutique\\\/raise3d-e2-e2cf-surface-dimpression-de-plaque-flexible-de-buildtak\\\/#primaryimage\"},\"thumbnailUrl\":\"https:\\\/\\\/3d-edu.ch\\\/wp-content\\\/uploads\\\/2022\\\/10\\\/raise3d-e2-e2cf-flexible-plate-buildtak-printing-surface.webp\",\"datePublished\":\"2022-10-24T15:25:57+00:00\",\"breadcrumb\":{\"@id\":\"https:\\\/\\\/3d-edu.ch\\\/fr\\\/boutique\\\/raise3d-e2-e2cf-surface-dimpression-de-plaque-flexible-de-buildtak\\\/#breadcrumb\"},\"inLanguage\":\"fr-FR\",\"potentialAction\":[{\"@type\":\"ReadAction\",\"target\":[\"https:\\\/\\\/3d-edu.ch\\\/fr\\\/boutique\\\/raise3d-e2-e2cf-surface-dimpression-de-plaque-flexible-de-buildtak\\\/\"]}]},{\"@type\":\"ImageObject\",\"inLanguage\":\"fr-FR\",\"@id\":\"https:\\\/\\\/3d-edu.ch\\\/fr\\\/boutique\\\/raise3d-e2-e2cf-surface-dimpression-de-plaque-flexible-de-buildtak\\\/#primaryimage\",\"url\":\"https:\\\/\\\/3d-edu.ch\\\/wp-content\\\/uploads\\\/2022\\\/10\\\/raise3d-e2-e2cf-flexible-plate-buildtak-printing-surface.webp\",\"contentUrl\":\"https:\\\/\\\/3d-edu.ch\\\/wp-content\\\/uploads\\\/2022\\\/10\\\/raise3d-e2-e2cf-flexible-plate-buildtak-printing-surface.webp\",\"width\":380,\"height\":380,\"caption\":\"Raise3D E2 & E2CF Flexible Plate & Buildtak Printing Surface\"},{\"@type\":\"BreadcrumbList\",\"@id\":\"https:\\\/\\\/3d-edu.ch\\\/fr\\\/boutique\\\/raise3d-e2-e2cf-surface-dimpression-de-plaque-flexible-de-buildtak\\\/#breadcrumb\",\"itemListElement\":[{\"@type\":\"ListItem\",\"position\":1,\"name\":\"Accueil\",\"item\":\"https:\\\/\\\/3d-edu.ch\\\/fr\\\/\"},{\"@type\":\"ListItem\",\"position\":2,\"name\":\"Boutique\",\"item\":\"https:\\\/\\\/3d-edu.ch\\\/fr\\\/boutique\\\/\"},{\"@type\":\"ListItem\",\"position\":3,\"name\":\"Raise3D E2 &amp; E2CF Surface d&rsquo;impression de plaque flexible &amp; de buildtak\"}]},{\"@type\":\"WebSite\",\"@id\":\"https:\\\/\\\/3d-edu.ch\\\/fr\\\/#website\",\"url\":\"https:\\\/\\\/3d-edu.ch\\\/fr\\\/\",\"name\":\"3D-EDU GmbH\",\"description\":\"Your Formlabs, UltiMaker and Raise3D Printer Support and Education Site in Switzerland. \\\/\\\/ Ihre Formlabs, UltiMaker and Raise3D Drucker Support und Bildungs Webseite der Schweiz.\",\"publisher\":{\"@id\":\"https:\\\/\\\/3d-edu.ch\\\/fr\\\/#organization\"},\"potentialAction\":[{\"@type\":\"SearchAction\",\"target\":{\"@type\":\"EntryPoint\",\"urlTemplate\":\"https:\\\/\\\/3d-edu.ch\\\/fr\\\/?s={search_term_string}\"},\"query-input\":{\"@type\":\"PropertyValueSpecification\",\"valueRequired\":true,\"valueName\":\"search_term_string\"}}],\"inLanguage\":\"fr-FR\"},{\"@type\":[\"Organization\",\"Place\",\"ElectronicsStore\"],\"@id\":\"https:\\\/\\\/3d-edu.ch\\\/fr\\\/#organization\",\"name\":\"3D-EDU GmbH\",\"url\":\"https:\\\/\\\/3d-edu.ch\\\/fr\\\/\",\"logo\":{\"@id\":\"https:\\\/\\\/3d-edu.ch\\\/fr\\\/boutique\\\/raise3d-e2-e2cf-surface-dimpression-de-plaque-flexible-de-buildtak\\\/#local-main-organization-logo\"},\"image\":{\"@id\":\"https:\\\/\\\/3d-edu.ch\\\/fr\\\/boutique\\\/raise3d-e2-e2cf-surface-dimpression-de-plaque-flexible-de-buildtak\\\/#local-main-organization-logo\"},\"sameAs\":[\"https:\\\/\\\/www.facebook.com\\\/3d-educh-210277586064960\\\/\",\"https:\\\/\\\/x.com\\\/3d_edu_ch\"],\"address\":{\"@id\":\"https:\\\/\\\/3d-edu.ch\\\/fr\\\/boutique\\\/raise3d-e2-e2cf-surface-dimpression-de-plaque-flexible-de-buildtak\\\/#local-main-place-address\"},\"geo\":{\"@type\":\"GeoCoordinates\",\"latitude\":\"47.38413\",\"longitude\":\"8.49812\"},\"telephone\":[\"+41 44 492 11 22\"],\"openingHoursSpecification\":[{\"@type\":\"OpeningHoursSpecification\",\"dayOfWeek\":[\"Monday\",\"Tuesday\",\"Wednesday\",\"Thursday\",\"Friday\"],\"opens\":\"08:30\",\"closes\":\"18:00\"},{\"@type\":\"OpeningHoursSpecification\",\"dayOfWeek\":[\"Saturday\",\"Sunday\"],\"opens\":\"00:00\",\"closes\":\"00:00\"}],\"email\":\"info@3d-edu.ch\",\"faxNumber\":\"+41 44 492 11 23\",\"vatID\":\"CHE-184.499.491 MWST\",\"priceRange\":\"$$$\",\"currenciesAccepted\":\"CHF\"},{\"@type\":\"PostalAddress\",\"@id\":\"https:\\\/\\\/3d-edu.ch\\\/fr\\\/boutique\\\/raise3d-e2-e2cf-surface-dimpression-de-plaque-flexible-de-buildtak\\\/#local-main-place-address\",\"streetAddress\":\"3D-EDU GmbH, Badenerstrasse 556\",\"addressLocality\":\"Z\u00fcrich\",\"postalCode\":\"8048\",\"addressRegion\":\"Z\u00fcrich\",\"addressCountry\":\"CH\"},{\"@type\":\"ImageObject\",\"inLanguage\":\"fr-FR\",\"@id\":\"https:\\\/\\\/3d-edu.ch\\\/fr\\\/boutique\\\/raise3d-e2-e2cf-surface-dimpression-de-plaque-flexible-de-buildtak\\\/#local-main-organization-logo\",\"url\":\"https:\\\/\\\/3d-edu.ch\\\/wp-content\\\/uploads\\\/2018\\\/10\\\/3d-drucker-makerbot-formlabs-professionelle-3d-drucker-e1546527990490.png\",\"contentUrl\":\"https:\\\/\\\/3d-edu.ch\\\/wp-content\\\/uploads\\\/2018\\\/10\\\/3d-drucker-makerbot-formlabs-professionelle-3d-drucker-e1546527990490.png\",\"width\":275,\"height\":80,\"caption\":\"3D-EDU GmbH\"}]}<\/script>\n<meta property=\"product:brand\" content=\"Pi\u00e8ces de rechange &amp; accessoires\" \/>\n<meta property=\"product:price:amount\" content=\"86.95\" \/>\n<meta property=\"product:price:currency\" content=\"CHF\" \/>\n<meta property=\"og:availability\" content=\"instock\" \/>\n<meta property=\"product:availability\" content=\"instock\" \/>\n<meta property=\"product:retailer_item_id\" content=\"3.01.1.999.045A01\" \/>\n<meta property=\"product:condition\" content=\"new\" \/>\n<meta name=\"geo.placename\" content=\"Z\u00fcrich\" \/>\n<meta name=\"geo.position\" content=\"47.38413;8.49812\" \/>\n<meta name=\"geo.region\" content=\"Suisse\" \/>\n<!-- \/ Yoast SEO Premium plugin. -->","yoast_head_json":{"title":"Raise3D E2 &amp; E2CF Surface d'impression de plaque flexible &amp; de buildtak %%page% commander en ligne - %%nom du site","robots":{"index":"index","follow":"follow","max-snippet":"max-snippet:-1","max-image-preview":"max-image-preview:large","max-video-preview":"max-video-preview:-1"},"canonical":"https:\/\/3d-edu.ch\/fr\/boutique\/raise3d-e2-e2cf-surface-dimpression-de-plaque-flexible-de-buildtak\/","og_locale":"fr_FR","og_type":"article","og_title":"Raise3D E2 &amp; E2CF Surface d'impression de plaque flexible &amp; de buildtak","og_description":"Raise3D Buildtak Surface d'impression pour E2 &amp; E2CF La plaque flexible E2 et E2CF est fabriqu\u00e9e en acier inoxydable \u00e0 haute \u00e9lasticit\u00e9, avec une conduction thermique rapide, une flexion facile et une fixation magn\u00e9tique. Une fois l'impression termin\u00e9e, vous pouvez facilement plier la plaque d'impression pour retirer le mod\u00e8le. BuildTak est largement reconnu dans l'industrie de l'impression 3D comme une surface de construction adh\u00e9sive qui offre la texture parfaite pour saisir la premi\u00e8re couche de la plupart des filaments. En m\u00eame temps, les filaments peuvent \u00eatre facilement retir\u00e9s de la plaque de construction apr\u00e8s l'impression. Derri\u00e8re la surface d'impression BuildTak se trouve un adh\u00e9sif sp\u00e9cial qui peut adh\u00e9rer fermement \u00e0 la plaque de construction et ne se d\u00e9tache pas pendant l'impression.","og_url":"https:\/\/3d-edu.ch\/fr\/boutique\/raise3d-e2-e2cf-surface-dimpression-de-plaque-flexible-de-buildtak\/","og_site_name":"3D-EDU GmbH","article_publisher":"https:\/\/www.facebook.com\/3d-educh-210277586064960\/","og_image":[{"width":380,"height":380,"url":"https:\/\/3d-edu.ch\/wp-content\/uploads\/2022\/10\/raise3d-e2-e2cf-flexible-plate-buildtak-printing-surface.webp","type":"image\/webp"}],"twitter_card":"summary_large_image","twitter_site":"@3d_edu_ch","twitter_misc":{"Prix":"86.95&nbsp;&#67;&#72;&#70; hors TVA","Disponibilit\u00e9":"En stock"},"schema":{"@context":"https:\/\/schema.org","@graph":[{"@type":"WebPage","@id":"https:\/\/3d-edu.ch\/fr\/boutique\/raise3d-e2-e2cf-surface-dimpression-de-plaque-flexible-de-buildtak\/","url":"https:\/\/3d-edu.ch\/fr\/boutique\/raise3d-e2-e2cf-surface-dimpression-de-plaque-flexible-de-buildtak\/","name":"Raise3D E2 &amp; E2CF Surface d'impression de plaque flexible &amp; de buildtak %%page% commander en ligne - %%nom du site","isPartOf":{"@id":"https:\/\/3d-edu.ch\/fr\/#website"},"primaryImageOfPage":{"@id":"https:\/\/3d-edu.ch\/fr\/boutique\/raise3d-e2-e2cf-surface-dimpression-de-plaque-flexible-de-buildtak\/#primaryimage"},"image":{"@id":"https:\/\/3d-edu.ch\/fr\/boutique\/raise3d-e2-e2cf-surface-dimpression-de-plaque-flexible-de-buildtak\/#primaryimage"},"thumbnailUrl":"https:\/\/3d-edu.ch\/wp-content\/uploads\/2022\/10\/raise3d-e2-e2cf-flexible-plate-buildtak-printing-surface.webp","datePublished":"2022-10-24T15:25:57+00:00","breadcrumb":{"@id":"https:\/\/3d-edu.ch\/fr\/boutique\/raise3d-e2-e2cf-surface-dimpression-de-plaque-flexible-de-buildtak\/#breadcrumb"},"inLanguage":"fr-FR","potentialAction":[{"@type":"ReadAction","target":["https:\/\/3d-edu.ch\/fr\/boutique\/raise3d-e2-e2cf-surface-dimpression-de-plaque-flexible-de-buildtak\/"]}]},{"@type":"ImageObject","inLanguage":"fr-FR","@id":"https:\/\/3d-edu.ch\/fr\/boutique\/raise3d-e2-e2cf-surface-dimpression-de-plaque-flexible-de-buildtak\/#primaryimage","url":"https:\/\/3d-edu.ch\/wp-content\/uploads\/2022\/10\/raise3d-e2-e2cf-flexible-plate-buildtak-printing-surface.webp","contentUrl":"https:\/\/3d-edu.ch\/wp-content\/uploads\/2022\/10\/raise3d-e2-e2cf-flexible-plate-buildtak-printing-surface.webp","width":380,"height":380,"caption":"Raise3D E2 & E2CF Flexible Plate & Buildtak Printing Surface"},{"@type":"BreadcrumbList","@id":"https:\/\/3d-edu.ch\/fr\/boutique\/raise3d-e2-e2cf-surface-dimpression-de-plaque-flexible-de-buildtak\/#breadcrumb","itemListElement":[{"@type":"ListItem","position":1,"name":"Accueil","item":"https:\/\/3d-edu.ch\/fr\/"},{"@type":"ListItem","position":2,"name":"Boutique","item":"https:\/\/3d-edu.ch\/fr\/boutique\/"},{"@type":"ListItem","position":3,"name":"Raise3D E2 &amp; E2CF Surface d&rsquo;impression de plaque flexible &amp; de buildtak"}]},{"@type":"WebSite","@id":"https:\/\/3d-edu.ch\/fr\/#website","url":"https:\/\/3d-edu.ch\/fr\/","name":"3D-EDU GmbH","description":"Your Formlabs, UltiMaker and Raise3D Printer Support and Education Site in Switzerland. \/\/ Ihre Formlabs, UltiMaker and Raise3D Drucker Support und Bildungs Webseite der Schweiz.","publisher":{"@id":"https:\/\/3d-edu.ch\/fr\/#organization"},"potentialAction":[{"@type":"SearchAction","target":{"@type":"EntryPoint","urlTemplate":"https:\/\/3d-edu.ch\/fr\/?s={search_term_string}"},"query-input":{"@type":"PropertyValueSpecification","valueRequired":true,"valueName":"search_term_string"}}],"inLanguage":"fr-FR"},{"@type":["Organization","Place","ElectronicsStore"],"@id":"https:\/\/3d-edu.ch\/fr\/#organization","name":"3D-EDU GmbH","url":"https:\/\/3d-edu.ch\/fr\/","logo":{"@id":"https:\/\/3d-edu.ch\/fr\/boutique\/raise3d-e2-e2cf-surface-dimpression-de-plaque-flexible-de-buildtak\/#local-main-organization-logo"},"image":{"@id":"https:\/\/3d-edu.ch\/fr\/boutique\/raise3d-e2-e2cf-surface-dimpression-de-plaque-flexible-de-buildtak\/#local-main-organization-logo"},"sameAs":["https:\/\/www.facebook.com\/3d-educh-210277586064960\/","https:\/\/x.com\/3d_edu_ch"],"address":{"@id":"https:\/\/3d-edu.ch\/fr\/boutique\/raise3d-e2-e2cf-surface-dimpression-de-plaque-flexible-de-buildtak\/#local-main-place-address"},"geo":{"@type":"GeoCoordinates","latitude":"47.38413","longitude":"8.49812"},"telephone":["+41 44 492 11 22"],"openingHoursSpecification":[{"@type":"OpeningHoursSpecification","dayOfWeek":["Monday","Tuesday","Wednesday","Thursday","Friday"],"opens":"08:30","closes":"18:00"},{"@type":"OpeningHoursSpecification","dayOfWeek":["Saturday","Sunday"],"opens":"00:00","closes":"00:00"}],"email":"info@3d-edu.ch","faxNumber":"+41 44 492 11 23","vatID":"CHE-184.499.491 MWST","priceRange":"$$$","currenciesAccepted":"CHF"},{"@type":"PostalAddress","@id":"https:\/\/3d-edu.ch\/fr\/boutique\/raise3d-e2-e2cf-surface-dimpression-de-plaque-flexible-de-buildtak\/#local-main-place-address","streetAddress":"3D-EDU GmbH, Badenerstrasse 556","addressLocality":"Z\u00fcrich","postalCode":"8048","addressRegion":"Z\u00fcrich","addressCountry":"CH"},{"@type":"ImageObject","inLanguage":"fr-FR","@id":"https:\/\/3d-edu.ch\/fr\/boutique\/raise3d-e2-e2cf-surface-dimpression-de-plaque-flexible-de-buildtak\/#local-main-organization-logo","url":"https:\/\/3d-edu.ch\/wp-content\/uploads\/2018\/10\/3d-drucker-makerbot-formlabs-professionelle-3d-drucker-e1546527990490.png","contentUrl":"https:\/\/3d-edu.ch\/wp-content\/uploads\/2018\/10\/3d-drucker-makerbot-formlabs-professionelle-3d-drucker-e1546527990490.png","width":275,"height":80,"caption":"3D-EDU GmbH"}]},"product_brand":"Pi\u00e8ces de rechange &amp; accessoires","product_price_amount":"86.95","product_price_currency":"CHF","og_availability":"instock","product_availability":"instock","product_retailer_item_id":"3.01.1.999.045A01","product_condition":"new","geo.placename":"Z\u00fcrich","geo.position":{"lat":"47.38413","long":"8.49812"},"geo.region":"Suisse"},"_links":{"self":[{"href":"https:\/\/3d-edu.ch\/fr\/wp-json\/wp\/v2\/product\/76814","targetHints":{"allow":["GET"]}}],"collection":[{"href":"https:\/\/3d-edu.ch\/fr\/wp-json\/wp\/v2\/product"}],"about":[{"href":"https:\/\/3d-edu.ch\/fr\/wp-json\/wp\/v2\/types\/product"}],"replies":[{"embeddable":true,"href":"https:\/\/3d-edu.ch\/fr\/wp-json\/wp\/v2\/comments?post=76814"}],"wp:featuredmedia":[{"embeddable":true,"href":"https:\/\/3d-edu.ch\/fr\/wp-json\/wp\/v2\/media\/46048"}],"wp:attachment":[{"href":"https:\/\/3d-edu.ch\/fr\/wp-json\/wp\/v2\/media?parent=76814"}],"wp:term":[{"taxonomy":"product_brand","embeddable":true,"href":"https:\/\/3d-edu.ch\/fr\/wp-json\/wp\/v2\/product_brand?post=76814"},{"taxonomy":"product_cat","embeddable":true,"href":"https:\/\/3d-edu.ch\/fr\/wp-json\/wp\/v2\/product_cat?post=76814"},{"taxonomy":"product_tag","embeddable":true,"href":"https:\/\/3d-edu.ch\/fr\/wp-json\/wp\/v2\/product_tag?post=76814"}],"curies":[{"name":"wp","href":"https:\/\/api.w.org\/{rel}","templated":true}]}}