{"id":76811,"date":"2022-10-20T14:26:28","date_gmt":"2022-10-20T14:26:28","guid":{"rendered":"https:\/\/3d-edu.ch\/shop\/raise3d-plaque-flexible-e2-e2cf\/"},"modified":"2022-10-20T14:26:28","modified_gmt":"2022-10-20T12:26:28","slug":"raise3d-plaque-flexible-e2-e2cf","status":"publish","type":"product","link":"https:\/\/3d-edu.ch\/fr\/boutique\/raise3d-plaque-flexible-e2-e2cf\/","title":{"rendered":"Raise3D Plaque flexible E2 &amp; E2CF"},"content":{"rendered":"<h2>Raise3D Plaque flexible E2 &amp; E2CF<\/h2>\n<p>Le Raise3D Flexible Plate est flexible et facile \u00e0 plier. Vous pouvez retirer le mod\u00e8le directement en le pliant. La plaque peut \u00eatre pli\u00e9e jusqu&rsquo;\u00e0 5000 fois et r\u00e9siste aux temp\u00e9ratures \u00e9lev\u00e9es de la buse et du plateau de l&rsquo;imprimante (temp\u00e9rature maximale de 110\u00b0C). Elle est compatible avec diff\u00e9rents filaments jusqu&rsquo;\u00e0 300\u2103 : PLA \/ ABS \/ HIPS \/ PC \/ TPU \/ TPE \/ NYLON \/ PETG \/ ASA \/ PP \/ PVA \/ Glass Fiber Infused \/ Carbon Fiber Infused \/ Metal Fill \/ Wood Fill. Pour le r\u00e9glage de la temp\u00e9rature du plateau d&rsquo;impression en fonction des filaments, veuillez consulter le <a href=\"https:\/\/www.ideamaker.io\/materials-guide.html\">Guide des mat\u00e9riaux pour l&rsquo;impression 3D.<\/a>    <\/p>\n<p>Aucune vis n&rsquo;est n\u00e9cessaire pour l&rsquo;installation. Apr\u00e8s avoir coll\u00e9 la surface d&rsquo;impression BuildTak directement sur la plaque flexible E2 et E2CF, vous pouvez la placer directement sur le lit chauffant. Pour retirer le mod\u00e8le, la Plaque Flexible peut \u00eatre d\u00e9licatement pli\u00e9e avec les deux mains afin de retirer facilement le mod\u00e8le.  <\/p>\n<p>La plaque est fabriqu\u00e9e en acier inoxydable de haute qualit\u00e9, qui ne rouille pas et r\u00e9siste aux dommages. Elle reste stable sur le lit chauffant pendant l&rsquo;impression. <\/p>\n<h3>Inclus dans la livraison<\/h3>\n<ul>\n<li>1 Raise3D Plaque flexible E2 &amp; E2CF<\/li>\n<\/ul>\n<p><strong>Compatibilit\u00e9<\/strong><\/p>\n<p>Le Raise3D Flexible Plate est compatible avec l&rsquo;<a href=\"https:\/\/3d-edu.ch\/raise3d\/raise3d-3d-drucker\/e2\/\">E2<\/a> et <a href=\"https:\/\/3d-edu.ch\/fr\/raise3d\/imprimante-3d-raise3d\/e2cf\/\">l&rsquo;E2CF.<\/a><\/p>\n","protected":false},"excerpt":{"rendered":"<h2>Raise3D Plaque flexible E2 &amp; E2CF<\/h2>\n<p>Fabriqu\u00e9e en acier inoxydable de haute qualit\u00e9, la plaque flexible E2 et E2CF se caract\u00e9rise par une bonne plan\u00e9it\u00e9 et une bonne durabilit\u00e9. Elle poss\u00e8de une forte force magn\u00e9tique qui peut \u00eatre bien absorb\u00e9e sur le lit chauffant.<\/p>\n","protected":false},"featured_media":46020,"comment_status":"closed","ping_status":"closed","template":"","meta":[],"product_brand":[],"product_cat":[10375,10376,10374,10372],"product_tag":[9018,9029,8081,8080],"class_list":{"0":"post-76811","1":"product","2":"type-product","3":"status-publish","4":"has-post-thumbnail","6":"product_cat-e2","7":"product_cat-e2cf","8":"product_cat-pieces-de-rechange-et-accessoires","9":"product_cat-raise3d","10":"product_tag-e2","11":"product_tag-e2cf","12":"product_tag-plaque-flexible","13":"product_tag-raise3d","14":"yith_product_brand-raise3d","16":"first","17":"instock","18":"taxable","19":"shipping-taxable","20":"purchasable","21":"product-type-simple"},"yoast_head":"<!-- This site is optimized with the Yoast SEO Premium plugin v27.5 (Yoast SEO v27.5) - https:\/\/yoast.com\/product\/yoast-seo-premium-wordpress\/ -->\n<title>Raise3D Plaque flexible E2 &amp; E2CF %%page% commander en ligne - %%nom du site<\/title>\n<meta name=\"description\" content=\"Fabriqu\u00e9e en acier inoxydable de haute qualit\u00e9, la plaque flexible E2 et E2CF se caract\u00e9rise par une bonne plan\u00e9it\u00e9 et une bonne durabilit\u00e9. Elle poss\u00e8de une forte force magn\u00e9tique qui peut \u00eatre bien absorb\u00e9e sur le lit chauffant.\" \/>\n<meta name=\"robots\" content=\"index, follow, max-snippet:-1, max-image-preview:large, max-video-preview:-1\" \/>\n<link rel=\"canonical\" href=\"https:\/\/3d-edu.ch\/fr\/boutique\/raise3d-plaque-flexible-e2-e2cf\/\" \/>\n<meta property=\"og:locale\" content=\"fr_FR\" \/>\n<meta property=\"og:type\" content=\"article\" \/>\n<meta property=\"og:title\" content=\"Raise3D Plaque flexible E2 &amp; E2CF\" \/>\n<meta property=\"og:description\" content=\"Fabriqu\u00e9e en acier inoxydable de haute qualit\u00e9, la plaque flexible E2 et E2CF se caract\u00e9rise par une bonne plan\u00e9it\u00e9 et une bonne durabilit\u00e9. Elle poss\u00e8de une forte force magn\u00e9tique qui peut \u00eatre bien absorb\u00e9e sur le lit chauffant.\" \/>\n<meta property=\"og:url\" content=\"https:\/\/3d-edu.ch\/fr\/boutique\/raise3d-plaque-flexible-e2-e2cf\/\" \/>\n<meta property=\"og:site_name\" content=\"3D-EDU GmbH\" \/>\n<meta property=\"article:publisher\" content=\"https:\/\/www.facebook.com\/3d-educh-210277586064960\/\" \/>\n<meta property=\"og:image\" content=\"https:\/\/3d-edu.ch\/wp-content\/uploads\/2022\/10\/raise3d-flexible-plate-e2-e2cf-1.webp\" \/>\n\t<meta property=\"og:image:width\" content=\"380\" \/>\n\t<meta property=\"og:image:height\" content=\"380\" \/>\n\t<meta property=\"og:image:type\" content=\"image\/webp\" \/>\n<meta name=\"twitter:card\" content=\"summary_large_image\" \/>\n<meta name=\"twitter:site\" content=\"@3d_edu_ch\" \/>\n<meta name=\"twitter:label1\" content=\"Prix\" \/>\n\t<meta name=\"twitter:data1\" content=\"39.31&nbsp;&#067;&#072;&#070; hors TVA\" \/>\n\t<meta name=\"twitter:label2\" content=\"Disponibilit\u00e9\" \/>\n\t<meta name=\"twitter:data2\" content=\"En stock\" \/>\n<script type=\"application\/ld+json\" class=\"yoast-schema-graph\">{\"@context\":\"https:\\\/\\\/schema.org\",\"@graph\":[{\"@type\":\"WebPage\",\"@id\":\"https:\\\/\\\/3d-edu.ch\\\/fr\\\/boutique\\\/raise3d-plaque-flexible-e2-e2cf\\\/\",\"url\":\"https:\\\/\\\/3d-edu.ch\\\/fr\\\/boutique\\\/raise3d-plaque-flexible-e2-e2cf\\\/\",\"name\":\"Raise3D Plaque flexible E2 &amp; E2CF %%page% commander en ligne - %%nom du site\",\"isPartOf\":{\"@id\":\"https:\\\/\\\/3d-edu.ch\\\/fr\\\/#website\"},\"primaryImageOfPage\":{\"@id\":\"https:\\\/\\\/3d-edu.ch\\\/fr\\\/boutique\\\/raise3d-plaque-flexible-e2-e2cf\\\/#primaryimage\"},\"image\":{\"@id\":\"https:\\\/\\\/3d-edu.ch\\\/fr\\\/boutique\\\/raise3d-plaque-flexible-e2-e2cf\\\/#primaryimage\"},\"thumbnailUrl\":\"https:\\\/\\\/3d-edu.ch\\\/wp-content\\\/uploads\\\/2022\\\/10\\\/raise3d-flexible-plate-e2-e2cf-1.webp\",\"datePublished\":\"2022-10-20T14:26:28+00:00\",\"description\":\"Fabriqu\u00e9e en acier inoxydable de haute qualit\u00e9, la plaque flexible E2 et E2CF se caract\u00e9rise par une bonne plan\u00e9it\u00e9 et une bonne durabilit\u00e9. Elle poss\u00e8de une forte force magn\u00e9tique qui peut \u00eatre bien absorb\u00e9e sur le lit chauffant.\",\"breadcrumb\":{\"@id\":\"https:\\\/\\\/3d-edu.ch\\\/fr\\\/boutique\\\/raise3d-plaque-flexible-e2-e2cf\\\/#breadcrumb\"},\"inLanguage\":\"fr-FR\",\"potentialAction\":[{\"@type\":\"ReadAction\",\"target\":[\"https:\\\/\\\/3d-edu.ch\\\/fr\\\/boutique\\\/raise3d-plaque-flexible-e2-e2cf\\\/\"]}]},{\"@type\":\"ImageObject\",\"inLanguage\":\"fr-FR\",\"@id\":\"https:\\\/\\\/3d-edu.ch\\\/fr\\\/boutique\\\/raise3d-plaque-flexible-e2-e2cf\\\/#primaryimage\",\"url\":\"https:\\\/\\\/3d-edu.ch\\\/wp-content\\\/uploads\\\/2022\\\/10\\\/raise3d-flexible-plate-e2-e2cf-1.webp\",\"contentUrl\":\"https:\\\/\\\/3d-edu.ch\\\/wp-content\\\/uploads\\\/2022\\\/10\\\/raise3d-flexible-plate-e2-e2cf-1.webp\",\"width\":380,\"height\":380,\"caption\":\"Raise3D Flexible Plate E2 & E2CF 1\"},{\"@type\":\"BreadcrumbList\",\"@id\":\"https:\\\/\\\/3d-edu.ch\\\/fr\\\/boutique\\\/raise3d-plaque-flexible-e2-e2cf\\\/#breadcrumb\",\"itemListElement\":[{\"@type\":\"ListItem\",\"position\":1,\"name\":\"Accueil\",\"item\":\"https:\\\/\\\/3d-edu.ch\\\/fr\\\/\"},{\"@type\":\"ListItem\",\"position\":2,\"name\":\"Boutique\",\"item\":\"https:\\\/\\\/3d-edu.ch\\\/fr\\\/boutique\\\/\"},{\"@type\":\"ListItem\",\"position\":3,\"name\":\"Raise3D Plaque flexible E2 &amp; E2CF\"}]},{\"@type\":\"WebSite\",\"@id\":\"https:\\\/\\\/3d-edu.ch\\\/fr\\\/#website\",\"url\":\"https:\\\/\\\/3d-edu.ch\\\/fr\\\/\",\"name\":\"3D-EDU GmbH\",\"description\":\"Your Formlabs, UltiMaker and Raise3D Printer Support and Education Site in Switzerland. \\\/\\\/ Ihre Formlabs, UltiMaker and Raise3D Drucker Support und Bildungs Webseite der Schweiz.\",\"publisher\":{\"@id\":\"https:\\\/\\\/3d-edu.ch\\\/fr\\\/#organization\"},\"potentialAction\":[{\"@type\":\"SearchAction\",\"target\":{\"@type\":\"EntryPoint\",\"urlTemplate\":\"https:\\\/\\\/3d-edu.ch\\\/fr\\\/?s={search_term_string}\"},\"query-input\":{\"@type\":\"PropertyValueSpecification\",\"valueRequired\":true,\"valueName\":\"search_term_string\"}}],\"inLanguage\":\"fr-FR\"},{\"@type\":[\"Organization\",\"Place\",\"ElectronicsStore\"],\"@id\":\"https:\\\/\\\/3d-edu.ch\\\/fr\\\/#organization\",\"name\":\"3D-EDU GmbH\",\"url\":\"https:\\\/\\\/3d-edu.ch\\\/fr\\\/\",\"logo\":{\"@id\":\"https:\\\/\\\/3d-edu.ch\\\/fr\\\/boutique\\\/raise3d-plaque-flexible-e2-e2cf\\\/#local-main-organization-logo\"},\"image\":{\"@id\":\"https:\\\/\\\/3d-edu.ch\\\/fr\\\/boutique\\\/raise3d-plaque-flexible-e2-e2cf\\\/#local-main-organization-logo\"},\"sameAs\":[\"https:\\\/\\\/www.facebook.com\\\/3d-educh-210277586064960\\\/\",\"https:\\\/\\\/x.com\\\/3d_edu_ch\"],\"address\":{\"@id\":\"https:\\\/\\\/3d-edu.ch\\\/fr\\\/boutique\\\/raise3d-plaque-flexible-e2-e2cf\\\/#local-main-place-address\"},\"geo\":{\"@type\":\"GeoCoordinates\",\"latitude\":\"47.38413\",\"longitude\":\"8.49812\"},\"telephone\":[\"+41 44 492 11 22\"],\"openingHoursSpecification\":[{\"@type\":\"OpeningHoursSpecification\",\"dayOfWeek\":[\"Monday\",\"Tuesday\",\"Wednesday\",\"Thursday\",\"Friday\"],\"opens\":\"08:30\",\"closes\":\"18:00\"},{\"@type\":\"OpeningHoursSpecification\",\"dayOfWeek\":[\"Saturday\",\"Sunday\"],\"opens\":\"00:00\",\"closes\":\"00:00\"}],\"email\":\"info@3d-edu.ch\",\"faxNumber\":\"+41 44 492 11 23\",\"vatID\":\"CHE-184.499.491 MWST\",\"priceRange\":\"$$$\",\"currenciesAccepted\":\"CHF\"},{\"@type\":\"PostalAddress\",\"@id\":\"https:\\\/\\\/3d-edu.ch\\\/fr\\\/boutique\\\/raise3d-plaque-flexible-e2-e2cf\\\/#local-main-place-address\",\"streetAddress\":\"3D-EDU GmbH, Badenerstrasse 556\",\"addressLocality\":\"Z\u00fcrich\",\"postalCode\":\"8048\",\"addressRegion\":\"Z\u00fcrich\",\"addressCountry\":\"CH\"},{\"@type\":\"ImageObject\",\"inLanguage\":\"fr-FR\",\"@id\":\"https:\\\/\\\/3d-edu.ch\\\/fr\\\/boutique\\\/raise3d-plaque-flexible-e2-e2cf\\\/#local-main-organization-logo\",\"url\":\"https:\\\/\\\/3d-edu.ch\\\/wp-content\\\/uploads\\\/2018\\\/10\\\/3d-drucker-makerbot-formlabs-professionelle-3d-drucker-e1546527990490.png\",\"contentUrl\":\"https:\\\/\\\/3d-edu.ch\\\/wp-content\\\/uploads\\\/2018\\\/10\\\/3d-drucker-makerbot-formlabs-professionelle-3d-drucker-e1546527990490.png\",\"width\":275,\"height\":80,\"caption\":\"3D-EDU GmbH\"}]}<\/script>\n<meta property=\"product:brand\" content=\"E2\" \/>\n<meta property=\"product:price:amount\" content=\"39.31\" \/>\n<meta property=\"product:price:currency\" content=\"CHF\" \/>\n<meta property=\"og:availability\" content=\"instock\" \/>\n<meta property=\"product:availability\" content=\"instock\" \/>\n<meta property=\"product:retailer_item_id\" content=\"5.02.07064A01\" \/>\n<meta property=\"product:condition\" content=\"new\" \/>\n<meta name=\"geo.placename\" content=\"Z\u00fcrich\" \/>\n<meta name=\"geo.position\" content=\"47.38413;8.49812\" \/>\n<meta name=\"geo.region\" content=\"Suisse\" \/>\n<!-- \/ Yoast SEO Premium plugin. -->","yoast_head_json":{"title":"Raise3D Plaque flexible E2 &amp; E2CF %%page% commander en ligne - %%nom du site","description":"Fabriqu\u00e9e en acier inoxydable de haute qualit\u00e9, la plaque flexible E2 et E2CF se caract\u00e9rise par une bonne plan\u00e9it\u00e9 et une bonne durabilit\u00e9. Elle poss\u00e8de une forte force magn\u00e9tique qui peut \u00eatre bien absorb\u00e9e sur le lit chauffant.","robots":{"index":"index","follow":"follow","max-snippet":"max-snippet:-1","max-image-preview":"max-image-preview:large","max-video-preview":"max-video-preview:-1"},"canonical":"https:\/\/3d-edu.ch\/fr\/boutique\/raise3d-plaque-flexible-e2-e2cf\/","og_locale":"fr_FR","og_type":"article","og_title":"Raise3D Plaque flexible E2 &amp; E2CF","og_description":"Fabriqu\u00e9e en acier inoxydable de haute qualit\u00e9, la plaque flexible E2 et E2CF se caract\u00e9rise par une bonne plan\u00e9it\u00e9 et une bonne durabilit\u00e9. Elle poss\u00e8de une forte force magn\u00e9tique qui peut \u00eatre bien absorb\u00e9e sur le lit chauffant.","og_url":"https:\/\/3d-edu.ch\/fr\/boutique\/raise3d-plaque-flexible-e2-e2cf\/","og_site_name":"3D-EDU GmbH","article_publisher":"https:\/\/www.facebook.com\/3d-educh-210277586064960\/","og_image":[{"width":380,"height":380,"url":"https:\/\/3d-edu.ch\/wp-content\/uploads\/2022\/10\/raise3d-flexible-plate-e2-e2cf-1.webp","type":"image\/webp"}],"twitter_card":"summary_large_image","twitter_site":"@3d_edu_ch","twitter_misc":{"Prix":"39.31&nbsp;&#67;&#72;&#70; hors TVA","Disponibilit\u00e9":"En stock"},"schema":{"@context":"https:\/\/schema.org","@graph":[{"@type":"WebPage","@id":"https:\/\/3d-edu.ch\/fr\/boutique\/raise3d-plaque-flexible-e2-e2cf\/","url":"https:\/\/3d-edu.ch\/fr\/boutique\/raise3d-plaque-flexible-e2-e2cf\/","name":"Raise3D Plaque flexible E2 &amp; E2CF %%page% commander en ligne - %%nom du site","isPartOf":{"@id":"https:\/\/3d-edu.ch\/fr\/#website"},"primaryImageOfPage":{"@id":"https:\/\/3d-edu.ch\/fr\/boutique\/raise3d-plaque-flexible-e2-e2cf\/#primaryimage"},"image":{"@id":"https:\/\/3d-edu.ch\/fr\/boutique\/raise3d-plaque-flexible-e2-e2cf\/#primaryimage"},"thumbnailUrl":"https:\/\/3d-edu.ch\/wp-content\/uploads\/2022\/10\/raise3d-flexible-plate-e2-e2cf-1.webp","datePublished":"2022-10-20T14:26:28+00:00","description":"Fabriqu\u00e9e en acier inoxydable de haute qualit\u00e9, la plaque flexible E2 et E2CF se caract\u00e9rise par une bonne plan\u00e9it\u00e9 et une bonne durabilit\u00e9. Elle poss\u00e8de une forte force magn\u00e9tique qui peut \u00eatre bien absorb\u00e9e sur le lit chauffant.","breadcrumb":{"@id":"https:\/\/3d-edu.ch\/fr\/boutique\/raise3d-plaque-flexible-e2-e2cf\/#breadcrumb"},"inLanguage":"fr-FR","potentialAction":[{"@type":"ReadAction","target":["https:\/\/3d-edu.ch\/fr\/boutique\/raise3d-plaque-flexible-e2-e2cf\/"]}]},{"@type":"ImageObject","inLanguage":"fr-FR","@id":"https:\/\/3d-edu.ch\/fr\/boutique\/raise3d-plaque-flexible-e2-e2cf\/#primaryimage","url":"https:\/\/3d-edu.ch\/wp-content\/uploads\/2022\/10\/raise3d-flexible-plate-e2-e2cf-1.webp","contentUrl":"https:\/\/3d-edu.ch\/wp-content\/uploads\/2022\/10\/raise3d-flexible-plate-e2-e2cf-1.webp","width":380,"height":380,"caption":"Raise3D Flexible Plate E2 & E2CF 1"},{"@type":"BreadcrumbList","@id":"https:\/\/3d-edu.ch\/fr\/boutique\/raise3d-plaque-flexible-e2-e2cf\/#breadcrumb","itemListElement":[{"@type":"ListItem","position":1,"name":"Accueil","item":"https:\/\/3d-edu.ch\/fr\/"},{"@type":"ListItem","position":2,"name":"Boutique","item":"https:\/\/3d-edu.ch\/fr\/boutique\/"},{"@type":"ListItem","position":3,"name":"Raise3D Plaque flexible E2 &amp; E2CF"}]},{"@type":"WebSite","@id":"https:\/\/3d-edu.ch\/fr\/#website","url":"https:\/\/3d-edu.ch\/fr\/","name":"3D-EDU GmbH","description":"Your Formlabs, UltiMaker and Raise3D Printer Support and Education Site in Switzerland. \/\/ Ihre Formlabs, UltiMaker and Raise3D Drucker Support und Bildungs Webseite der Schweiz.","publisher":{"@id":"https:\/\/3d-edu.ch\/fr\/#organization"},"potentialAction":[{"@type":"SearchAction","target":{"@type":"EntryPoint","urlTemplate":"https:\/\/3d-edu.ch\/fr\/?s={search_term_string}"},"query-input":{"@type":"PropertyValueSpecification","valueRequired":true,"valueName":"search_term_string"}}],"inLanguage":"fr-FR"},{"@type":["Organization","Place","ElectronicsStore"],"@id":"https:\/\/3d-edu.ch\/fr\/#organization","name":"3D-EDU GmbH","url":"https:\/\/3d-edu.ch\/fr\/","logo":{"@id":"https:\/\/3d-edu.ch\/fr\/boutique\/raise3d-plaque-flexible-e2-e2cf\/#local-main-organization-logo"},"image":{"@id":"https:\/\/3d-edu.ch\/fr\/boutique\/raise3d-plaque-flexible-e2-e2cf\/#local-main-organization-logo"},"sameAs":["https:\/\/www.facebook.com\/3d-educh-210277586064960\/","https:\/\/x.com\/3d_edu_ch"],"address":{"@id":"https:\/\/3d-edu.ch\/fr\/boutique\/raise3d-plaque-flexible-e2-e2cf\/#local-main-place-address"},"geo":{"@type":"GeoCoordinates","latitude":"47.38413","longitude":"8.49812"},"telephone":["+41 44 492 11 22"],"openingHoursSpecification":[{"@type":"OpeningHoursSpecification","dayOfWeek":["Monday","Tuesday","Wednesday","Thursday","Friday"],"opens":"08:30","closes":"18:00"},{"@type":"OpeningHoursSpecification","dayOfWeek":["Saturday","Sunday"],"opens":"00:00","closes":"00:00"}],"email":"info@3d-edu.ch","faxNumber":"+41 44 492 11 23","vatID":"CHE-184.499.491 MWST","priceRange":"$$$","currenciesAccepted":"CHF"},{"@type":"PostalAddress","@id":"https:\/\/3d-edu.ch\/fr\/boutique\/raise3d-plaque-flexible-e2-e2cf\/#local-main-place-address","streetAddress":"3D-EDU GmbH, Badenerstrasse 556","addressLocality":"Z\u00fcrich","postalCode":"8048","addressRegion":"Z\u00fcrich","addressCountry":"CH"},{"@type":"ImageObject","inLanguage":"fr-FR","@id":"https:\/\/3d-edu.ch\/fr\/boutique\/raise3d-plaque-flexible-e2-e2cf\/#local-main-organization-logo","url":"https:\/\/3d-edu.ch\/wp-content\/uploads\/2018\/10\/3d-drucker-makerbot-formlabs-professionelle-3d-drucker-e1546527990490.png","contentUrl":"https:\/\/3d-edu.ch\/wp-content\/uploads\/2018\/10\/3d-drucker-makerbot-formlabs-professionelle-3d-drucker-e1546527990490.png","width":275,"height":80,"caption":"3D-EDU GmbH"}]},"product_brand":"E2","product_price_amount":"39.31","product_price_currency":"CHF","og_availability":"instock","product_availability":"instock","product_retailer_item_id":"5.02.07064A01","product_condition":"new","geo.placename":"Z\u00fcrich","geo.position":{"lat":"47.38413","long":"8.49812"},"geo.region":"Suisse"},"_links":{"self":[{"href":"https:\/\/3d-edu.ch\/fr\/wp-json\/wp\/v2\/product\/76811","targetHints":{"allow":["GET"]}}],"collection":[{"href":"https:\/\/3d-edu.ch\/fr\/wp-json\/wp\/v2\/product"}],"about":[{"href":"https:\/\/3d-edu.ch\/fr\/wp-json\/wp\/v2\/types\/product"}],"replies":[{"embeddable":true,"href":"https:\/\/3d-edu.ch\/fr\/wp-json\/wp\/v2\/comments?post=76811"}],"wp:featuredmedia":[{"embeddable":true,"href":"https:\/\/3d-edu.ch\/fr\/wp-json\/wp\/v2\/media\/46020"}],"wp:attachment":[{"href":"https:\/\/3d-edu.ch\/fr\/wp-json\/wp\/v2\/media?parent=76811"}],"wp:term":[{"taxonomy":"product_brand","embeddable":true,"href":"https:\/\/3d-edu.ch\/fr\/wp-json\/wp\/v2\/product_brand?post=76811"},{"taxonomy":"product_cat","embeddable":true,"href":"https:\/\/3d-edu.ch\/fr\/wp-json\/wp\/v2\/product_cat?post=76811"},{"taxonomy":"product_tag","embeddable":true,"href":"https:\/\/3d-edu.ch\/fr\/wp-json\/wp\/v2\/product_tag?post=76811"}],"curies":[{"name":"wp","href":"https:\/\/api.w.org\/{rel}","templated":true}]}}