{"id":76805,"date":"2022-10-20T15:02:42","date_gmt":"2022-10-20T15:02:42","guid":{"rendered":"https:\/\/3d-edu.ch\/shop\/raise3d-buildtak-surface-dimpression-pour-e2-e2cf\/"},"modified":"2026-05-14T11:11:49","modified_gmt":"2026-05-14T09:11:49","slug":"raise3d-buildtak-surface-dimpression-pour-e2-e2cf","status":"publish","type":"product","link":"https:\/\/3d-edu.ch\/fr\/boutique\/raise3d-buildtak-surface-dimpression-pour-e2-e2cf\/","title":{"rendered":"Raise3D Buildtak Surface d&rsquo;impression pour E2 &amp; E2CF"},"content":{"rendered":"<h2>Raise3D Buildtak Surface d&rsquo;impression pour E2 &amp; E2CF<\/h2>\n<p>La surface d&rsquo;impression E2 et E2CF adh\u00e8re fermement \u00e0 la plaque de construction, de sorte qu&rsquo;elle ne glisse pas pendant l&rsquo;impression. De plus, le mod\u00e8le est tr\u00e8s facile \u00e0 retirer de la plaque d&rsquo;impression. La surface d&rsquo;impression E2 et E2CF est facile \u00e0 nettoyer, vous pouvez simplement l&rsquo;essuyer avec de l&rsquo;eau chaude ou de l&rsquo;alcool. Veuillez \u00e9viter d&rsquo;utiliser des solvants tels que l&rsquo;ac\u00e9tone pour le nettoyage. Une fois l&rsquo;impression termin\u00e9e et la temp\u00e9rature du clich\u00e9 redescendue \u00e0 la temp\u00e9rature ambiante, vous pouvez saisir directement le clich\u00e9 par la poign\u00e9e pour le retirer. Vous pouvez tourner l\u00e9g\u00e8rement la plaque d&rsquo;impression pour retirer le mod\u00e8le de la plaque. Les grands mod\u00e8les peuvent \u00eatre retir\u00e9s \u00e0 l&rsquo;aide d&rsquo;un grattoir.      <\/p>\n<h3>Inclus dans la livraison<\/h3>\n<ul>\n<li>1 surface d&rsquo;impression Raise3D Buildtak pour E2 &amp; E2CF<\/li>\n<\/ul>\n<p><strong>Compatibilit\u00e9<\/strong><\/p>\n<p>Le Raise3D Flexible Plate est compatible avec l&rsquo;<a href=\"https:\/\/3d-edu.ch\/raise3d\/raise3d-3d-drucker\/e2\/\">E2<\/a> et <a href=\"https:\/\/3d-edu.ch\/fr\/raise3d\/imprimante-3d-raise3d\/e2cf\/\">l&rsquo;E2CF.<\/a><\/p>\n","protected":false},"excerpt":{"rendered":"<h2>Raise3D Buildtak Surface d&rsquo;impression pour E2 &amp; E2CF<\/h2>\n<p>La surface d&rsquo;impression est directement coll\u00e9e sur le Flexible Plate.<\/p>\n","protected":false},"featured_media":46022,"comment_status":"closed","ping_status":"closed","template":"","meta":[],"product_brand":[],"product_cat":[10375,10376,10374,10372],"product_tag":[9018,9029,8080,8082],"class_list":{"0":"post-76805","1":"product","2":"type-product","3":"status-publish","4":"has-post-thumbnail","6":"product_cat-e2","7":"product_cat-e2cf","8":"product_cat-pieces-de-rechange-et-accessoires","9":"product_cat-raise3d","10":"product_tag-e2","11":"product_tag-e2cf","12":"product_tag-raise3d","13":"product_tag-surface-dimpression-buildtak","14":"yith_product_brand-raise3d","16":"first","17":"onbackorder","18":"taxable","19":"shipping-taxable","20":"purchasable","21":"product-type-simple"},"yoast_head":"<!-- This site is optimized with the Yoast SEO Premium plugin v27.5 (Yoast SEO v27.5) - https:\/\/yoast.com\/product\/yoast-seo-premium-wordpress\/ -->\n<title>Raise3D Buildtak Surface d&#039;impression pour E2 &amp; E2CF %%page% commander en ligne - %%nom du site<\/title>\n<meta name=\"description\" content=\"La surface d&#039;impression est directement coll\u00e9e sur le Flexible Plate. La surface d&#039;impression E2 et E2CF est facile \u00e0 nettoyer, vous pouvez simplement l&#039;essuyer avec de l&#039;eau chaude ou de l&#039;alcool.\" \/>\n<meta name=\"robots\" content=\"index, follow, max-snippet:-1, max-image-preview:large, max-video-preview:-1\" \/>\n<link rel=\"canonical\" href=\"https:\/\/3d-edu.ch\/fr\/boutique\/raise3d-buildtak-surface-dimpression-pour-e2-e2cf\/\" \/>\n<meta property=\"og:locale\" content=\"fr_FR\" \/>\n<meta property=\"og:type\" content=\"article\" \/>\n<meta property=\"og:title\" content=\"Raise3D Buildtak Surface d&#039;impression pour E2 &amp; E2CF\" \/>\n<meta property=\"og:description\" content=\"La surface d&#039;impression est directement coll\u00e9e sur le Flexible Plate. La surface d&#039;impression E2 et E2CF est facile \u00e0 nettoyer, vous pouvez simplement l&#039;essuyer avec de l&#039;eau chaude ou de l&#039;alcool.\" \/>\n<meta property=\"og:url\" content=\"https:\/\/3d-edu.ch\/fr\/boutique\/raise3d-buildtak-surface-dimpression-pour-e2-e2cf\/\" \/>\n<meta property=\"og:site_name\" content=\"3D-EDU GmbH\" \/>\n<meta property=\"article:publisher\" content=\"https:\/\/www.facebook.com\/3d-educh-210277586064960\/\" \/>\n<meta property=\"article:modified_time\" content=\"2026-05-14T09:11:49+00:00\" \/>\n<meta property=\"og:image\" content=\"https:\/\/3d-edu.ch\/wp-content\/uploads\/2022\/10\/raise3d-buildtak-printing-surface-fuer-e2-e2cf-1.webp\" \/>\n\t<meta property=\"og:image:width\" content=\"380\" \/>\n\t<meta property=\"og:image:height\" content=\"380\" \/>\n\t<meta property=\"og:image:type\" content=\"image\/webp\" \/>\n<meta name=\"twitter:card\" content=\"summary_large_image\" \/>\n<meta name=\"twitter:site\" content=\"@3d_edu_ch\" \/>\n<meta name=\"twitter:label1\" content=\"Prix\" \/>\n\t<meta name=\"twitter:data1\" content=\"42.80&nbsp;&#067;&#072;&#070; hors TVA\" \/>\n\t<meta name=\"twitter:label2\" content=\"Disponibilit\u00e9\" \/>\n\t<meta name=\"twitter:data2\" content=\"En r\u00e9assort\" \/>\n<script type=\"application\/ld+json\" class=\"yoast-schema-graph\">{\"@context\":\"https:\\\/\\\/schema.org\",\"@graph\":[{\"@type\":\"WebPage\",\"@id\":\"https:\\\/\\\/3d-edu.ch\\\/fr\\\/boutique\\\/raise3d-buildtak-surface-dimpression-pour-e2-e2cf\\\/\",\"url\":\"https:\\\/\\\/3d-edu.ch\\\/fr\\\/boutique\\\/raise3d-buildtak-surface-dimpression-pour-e2-e2cf\\\/\",\"name\":\"Raise3D Buildtak Surface d'impression pour E2 &amp; E2CF %%page% commander en ligne - %%nom du site\",\"isPartOf\":{\"@id\":\"https:\\\/\\\/3d-edu.ch\\\/fr\\\/#website\"},\"primaryImageOfPage\":{\"@id\":\"https:\\\/\\\/3d-edu.ch\\\/fr\\\/boutique\\\/raise3d-buildtak-surface-dimpression-pour-e2-e2cf\\\/#primaryimage\"},\"image\":{\"@id\":\"https:\\\/\\\/3d-edu.ch\\\/fr\\\/boutique\\\/raise3d-buildtak-surface-dimpression-pour-e2-e2cf\\\/#primaryimage\"},\"thumbnailUrl\":\"https:\\\/\\\/3d-edu.ch\\\/wp-content\\\/uploads\\\/2022\\\/10\\\/raise3d-buildtak-printing-surface-fuer-e2-e2cf-1.webp\",\"datePublished\":\"2022-10-20T15:02:42+00:00\",\"dateModified\":\"2026-05-14T09:11:49+00:00\",\"description\":\"La surface d'impression est directement coll\u00e9e sur le Flexible Plate. La surface d'impression E2 et E2CF est facile \u00e0 nettoyer, vous pouvez simplement l'essuyer avec de l'eau chaude ou de l'alcool.\",\"breadcrumb\":{\"@id\":\"https:\\\/\\\/3d-edu.ch\\\/fr\\\/boutique\\\/raise3d-buildtak-surface-dimpression-pour-e2-e2cf\\\/#breadcrumb\"},\"inLanguage\":\"fr-FR\",\"potentialAction\":[{\"@type\":\"ReadAction\",\"target\":[\"https:\\\/\\\/3d-edu.ch\\\/fr\\\/boutique\\\/raise3d-buildtak-surface-dimpression-pour-e2-e2cf\\\/\"]}]},{\"@type\":\"ImageObject\",\"inLanguage\":\"fr-FR\",\"@id\":\"https:\\\/\\\/3d-edu.ch\\\/fr\\\/boutique\\\/raise3d-buildtak-surface-dimpression-pour-e2-e2cf\\\/#primaryimage\",\"url\":\"https:\\\/\\\/3d-edu.ch\\\/wp-content\\\/uploads\\\/2022\\\/10\\\/raise3d-buildtak-printing-surface-fuer-e2-e2cf-1.webp\",\"contentUrl\":\"https:\\\/\\\/3d-edu.ch\\\/wp-content\\\/uploads\\\/2022\\\/10\\\/raise3d-buildtak-printing-surface-fuer-e2-e2cf-1.webp\",\"width\":380,\"height\":380,\"caption\":\"Raise3D Buildtak Printing Surface f\u00fcr E2 & E2CF 1\"},{\"@type\":\"BreadcrumbList\",\"@id\":\"https:\\\/\\\/3d-edu.ch\\\/fr\\\/boutique\\\/raise3d-buildtak-surface-dimpression-pour-e2-e2cf\\\/#breadcrumb\",\"itemListElement\":[{\"@type\":\"ListItem\",\"position\":1,\"name\":\"Accueil\",\"item\":\"https:\\\/\\\/3d-edu.ch\\\/fr\\\/\"},{\"@type\":\"ListItem\",\"position\":2,\"name\":\"Boutique\",\"item\":\"https:\\\/\\\/3d-edu.ch\\\/fr\\\/boutique\\\/\"},{\"@type\":\"ListItem\",\"position\":3,\"name\":\"Raise3D Buildtak Surface d&rsquo;impression pour E2 &amp; E2CF\"}]},{\"@type\":\"WebSite\",\"@id\":\"https:\\\/\\\/3d-edu.ch\\\/fr\\\/#website\",\"url\":\"https:\\\/\\\/3d-edu.ch\\\/fr\\\/\",\"name\":\"3D-EDU GmbH\",\"description\":\"Your Formlabs, UltiMaker and Raise3D Printer Support and Education Site in Switzerland. \\\/\\\/ Ihre Formlabs, UltiMaker and Raise3D Drucker Support und Bildungs Webseite der Schweiz.\",\"publisher\":{\"@id\":\"https:\\\/\\\/3d-edu.ch\\\/fr\\\/#organization\"},\"potentialAction\":[{\"@type\":\"SearchAction\",\"target\":{\"@type\":\"EntryPoint\",\"urlTemplate\":\"https:\\\/\\\/3d-edu.ch\\\/fr\\\/?s={search_term_string}\"},\"query-input\":{\"@type\":\"PropertyValueSpecification\",\"valueRequired\":true,\"valueName\":\"search_term_string\"}}],\"inLanguage\":\"fr-FR\"},{\"@type\":[\"Organization\",\"Place\",\"ElectronicsStore\"],\"@id\":\"https:\\\/\\\/3d-edu.ch\\\/fr\\\/#organization\",\"name\":\"3D-EDU GmbH\",\"url\":\"https:\\\/\\\/3d-edu.ch\\\/fr\\\/\",\"logo\":{\"@id\":\"https:\\\/\\\/3d-edu.ch\\\/fr\\\/boutique\\\/raise3d-buildtak-surface-dimpression-pour-e2-e2cf\\\/#local-main-organization-logo\"},\"image\":{\"@id\":\"https:\\\/\\\/3d-edu.ch\\\/fr\\\/boutique\\\/raise3d-buildtak-surface-dimpression-pour-e2-e2cf\\\/#local-main-organization-logo\"},\"sameAs\":[\"https:\\\/\\\/www.facebook.com\\\/3d-educh-210277586064960\\\/\",\"https:\\\/\\\/x.com\\\/3d_edu_ch\"],\"address\":{\"@id\":\"https:\\\/\\\/3d-edu.ch\\\/fr\\\/boutique\\\/raise3d-buildtak-surface-dimpression-pour-e2-e2cf\\\/#local-main-place-address\"},\"geo\":{\"@type\":\"GeoCoordinates\",\"latitude\":\"47.38413\",\"longitude\":\"8.49812\"},\"telephone\":[\"+41 44 492 11 22\"],\"openingHoursSpecification\":[{\"@type\":\"OpeningHoursSpecification\",\"dayOfWeek\":[\"Monday\",\"Tuesday\",\"Wednesday\",\"Thursday\",\"Friday\"],\"opens\":\"08:30\",\"closes\":\"18:00\"},{\"@type\":\"OpeningHoursSpecification\",\"dayOfWeek\":[\"Saturday\",\"Sunday\"],\"opens\":\"00:00\",\"closes\":\"00:00\"}],\"email\":\"info@3d-edu.ch\",\"faxNumber\":\"+41 44 492 11 23\",\"vatID\":\"CHE-184.499.491 MWST\",\"priceRange\":\"$$$\",\"currenciesAccepted\":\"CHF\"},{\"@type\":\"PostalAddress\",\"@id\":\"https:\\\/\\\/3d-edu.ch\\\/fr\\\/boutique\\\/raise3d-buildtak-surface-dimpression-pour-e2-e2cf\\\/#local-main-place-address\",\"streetAddress\":\"3D-EDU GmbH, Badenerstrasse 556\",\"addressLocality\":\"Z\u00fcrich\",\"postalCode\":\"8048\",\"addressRegion\":\"Z\u00fcrich\",\"addressCountry\":\"CH\"},{\"@type\":\"ImageObject\",\"inLanguage\":\"fr-FR\",\"@id\":\"https:\\\/\\\/3d-edu.ch\\\/fr\\\/boutique\\\/raise3d-buildtak-surface-dimpression-pour-e2-e2cf\\\/#local-main-organization-logo\",\"url\":\"https:\\\/\\\/3d-edu.ch\\\/wp-content\\\/uploads\\\/2018\\\/10\\\/3d-drucker-makerbot-formlabs-professionelle-3d-drucker-e1546527990490.png\",\"contentUrl\":\"https:\\\/\\\/3d-edu.ch\\\/wp-content\\\/uploads\\\/2018\\\/10\\\/3d-drucker-makerbot-formlabs-professionelle-3d-drucker-e1546527990490.png\",\"width\":275,\"height\":80,\"caption\":\"3D-EDU GmbH\"}]}<\/script>\n<meta property=\"product:brand\" content=\"E2\" \/>\n<meta property=\"product:price:amount\" content=\"42.80\" \/>\n<meta property=\"product:price:currency\" content=\"CHF\" \/>\n<meta property=\"og:availability\" content=\"backorder\" \/>\n<meta property=\"product:availability\" content=\"available for order\" \/>\n<meta property=\"product:retailer_item_id\" content=\"5.11.07001A01\" \/>\n<meta property=\"product:condition\" content=\"new\" \/>\n<meta name=\"geo.placename\" content=\"Z\u00fcrich\" \/>\n<meta name=\"geo.position\" content=\"47.38413;8.49812\" \/>\n<meta name=\"geo.region\" content=\"Suisse\" \/>\n<!-- \/ Yoast SEO Premium plugin. -->","yoast_head_json":{"title":"Raise3D Buildtak Surface d'impression pour E2 &amp; E2CF %%page% commander en ligne - %%nom du site","description":"La surface d'impression est directement coll\u00e9e sur le Flexible Plate. La surface d'impression E2 et E2CF est facile \u00e0 nettoyer, vous pouvez simplement l'essuyer avec de l'eau chaude ou de l'alcool.","robots":{"index":"index","follow":"follow","max-snippet":"max-snippet:-1","max-image-preview":"max-image-preview:large","max-video-preview":"max-video-preview:-1"},"canonical":"https:\/\/3d-edu.ch\/fr\/boutique\/raise3d-buildtak-surface-dimpression-pour-e2-e2cf\/","og_locale":"fr_FR","og_type":"article","og_title":"Raise3D Buildtak Surface d'impression pour E2 &amp; E2CF","og_description":"La surface d'impression est directement coll\u00e9e sur le Flexible Plate. La surface d'impression E2 et E2CF est facile \u00e0 nettoyer, vous pouvez simplement l'essuyer avec de l'eau chaude ou de l'alcool.","og_url":"https:\/\/3d-edu.ch\/fr\/boutique\/raise3d-buildtak-surface-dimpression-pour-e2-e2cf\/","og_site_name":"3D-EDU GmbH","article_publisher":"https:\/\/www.facebook.com\/3d-educh-210277586064960\/","article_modified_time":"2026-05-14T09:11:49+00:00","og_image":[{"width":380,"height":380,"url":"https:\/\/3d-edu.ch\/wp-content\/uploads\/2022\/10\/raise3d-buildtak-printing-surface-fuer-e2-e2cf-1.webp","type":"image\/webp"}],"twitter_card":"summary_large_image","twitter_site":"@3d_edu_ch","twitter_misc":{"Prix":"42.80&nbsp;&#67;&#72;&#70; hors TVA","Disponibilit\u00e9":"En r\u00e9assort"},"schema":{"@context":"https:\/\/schema.org","@graph":[{"@type":"WebPage","@id":"https:\/\/3d-edu.ch\/fr\/boutique\/raise3d-buildtak-surface-dimpression-pour-e2-e2cf\/","url":"https:\/\/3d-edu.ch\/fr\/boutique\/raise3d-buildtak-surface-dimpression-pour-e2-e2cf\/","name":"Raise3D Buildtak Surface d'impression pour E2 &amp; E2CF %%page% commander en ligne - %%nom du site","isPartOf":{"@id":"https:\/\/3d-edu.ch\/fr\/#website"},"primaryImageOfPage":{"@id":"https:\/\/3d-edu.ch\/fr\/boutique\/raise3d-buildtak-surface-dimpression-pour-e2-e2cf\/#primaryimage"},"image":{"@id":"https:\/\/3d-edu.ch\/fr\/boutique\/raise3d-buildtak-surface-dimpression-pour-e2-e2cf\/#primaryimage"},"thumbnailUrl":"https:\/\/3d-edu.ch\/wp-content\/uploads\/2022\/10\/raise3d-buildtak-printing-surface-fuer-e2-e2cf-1.webp","datePublished":"2022-10-20T15:02:42+00:00","dateModified":"2026-05-14T09:11:49+00:00","description":"La surface d'impression est directement coll\u00e9e sur le Flexible Plate. La surface d'impression E2 et E2CF est facile \u00e0 nettoyer, vous pouvez simplement l'essuyer avec de l'eau chaude ou de l'alcool.","breadcrumb":{"@id":"https:\/\/3d-edu.ch\/fr\/boutique\/raise3d-buildtak-surface-dimpression-pour-e2-e2cf\/#breadcrumb"},"inLanguage":"fr-FR","potentialAction":[{"@type":"ReadAction","target":["https:\/\/3d-edu.ch\/fr\/boutique\/raise3d-buildtak-surface-dimpression-pour-e2-e2cf\/"]}]},{"@type":"ImageObject","inLanguage":"fr-FR","@id":"https:\/\/3d-edu.ch\/fr\/boutique\/raise3d-buildtak-surface-dimpression-pour-e2-e2cf\/#primaryimage","url":"https:\/\/3d-edu.ch\/wp-content\/uploads\/2022\/10\/raise3d-buildtak-printing-surface-fuer-e2-e2cf-1.webp","contentUrl":"https:\/\/3d-edu.ch\/wp-content\/uploads\/2022\/10\/raise3d-buildtak-printing-surface-fuer-e2-e2cf-1.webp","width":380,"height":380,"caption":"Raise3D Buildtak Printing Surface f\u00fcr E2 & E2CF 1"},{"@type":"BreadcrumbList","@id":"https:\/\/3d-edu.ch\/fr\/boutique\/raise3d-buildtak-surface-dimpression-pour-e2-e2cf\/#breadcrumb","itemListElement":[{"@type":"ListItem","position":1,"name":"Accueil","item":"https:\/\/3d-edu.ch\/fr\/"},{"@type":"ListItem","position":2,"name":"Boutique","item":"https:\/\/3d-edu.ch\/fr\/boutique\/"},{"@type":"ListItem","position":3,"name":"Raise3D Buildtak Surface d&rsquo;impression pour E2 &amp; E2CF"}]},{"@type":"WebSite","@id":"https:\/\/3d-edu.ch\/fr\/#website","url":"https:\/\/3d-edu.ch\/fr\/","name":"3D-EDU GmbH","description":"Your Formlabs, UltiMaker and Raise3D Printer Support and Education Site in Switzerland. \/\/ Ihre Formlabs, UltiMaker and Raise3D Drucker Support und Bildungs Webseite der Schweiz.","publisher":{"@id":"https:\/\/3d-edu.ch\/fr\/#organization"},"potentialAction":[{"@type":"SearchAction","target":{"@type":"EntryPoint","urlTemplate":"https:\/\/3d-edu.ch\/fr\/?s={search_term_string}"},"query-input":{"@type":"PropertyValueSpecification","valueRequired":true,"valueName":"search_term_string"}}],"inLanguage":"fr-FR"},{"@type":["Organization","Place","ElectronicsStore"],"@id":"https:\/\/3d-edu.ch\/fr\/#organization","name":"3D-EDU GmbH","url":"https:\/\/3d-edu.ch\/fr\/","logo":{"@id":"https:\/\/3d-edu.ch\/fr\/boutique\/raise3d-buildtak-surface-dimpression-pour-e2-e2cf\/#local-main-organization-logo"},"image":{"@id":"https:\/\/3d-edu.ch\/fr\/boutique\/raise3d-buildtak-surface-dimpression-pour-e2-e2cf\/#local-main-organization-logo"},"sameAs":["https:\/\/www.facebook.com\/3d-educh-210277586064960\/","https:\/\/x.com\/3d_edu_ch"],"address":{"@id":"https:\/\/3d-edu.ch\/fr\/boutique\/raise3d-buildtak-surface-dimpression-pour-e2-e2cf\/#local-main-place-address"},"geo":{"@type":"GeoCoordinates","latitude":"47.38413","longitude":"8.49812"},"telephone":["+41 44 492 11 22"],"openingHoursSpecification":[{"@type":"OpeningHoursSpecification","dayOfWeek":["Monday","Tuesday","Wednesday","Thursday","Friday"],"opens":"08:30","closes":"18:00"},{"@type":"OpeningHoursSpecification","dayOfWeek":["Saturday","Sunday"],"opens":"00:00","closes":"00:00"}],"email":"info@3d-edu.ch","faxNumber":"+41 44 492 11 23","vatID":"CHE-184.499.491 MWST","priceRange":"$$$","currenciesAccepted":"CHF"},{"@type":"PostalAddress","@id":"https:\/\/3d-edu.ch\/fr\/boutique\/raise3d-buildtak-surface-dimpression-pour-e2-e2cf\/#local-main-place-address","streetAddress":"3D-EDU GmbH, Badenerstrasse 556","addressLocality":"Z\u00fcrich","postalCode":"8048","addressRegion":"Z\u00fcrich","addressCountry":"CH"},{"@type":"ImageObject","inLanguage":"fr-FR","@id":"https:\/\/3d-edu.ch\/fr\/boutique\/raise3d-buildtak-surface-dimpression-pour-e2-e2cf\/#local-main-organization-logo","url":"https:\/\/3d-edu.ch\/wp-content\/uploads\/2018\/10\/3d-drucker-makerbot-formlabs-professionelle-3d-drucker-e1546527990490.png","contentUrl":"https:\/\/3d-edu.ch\/wp-content\/uploads\/2018\/10\/3d-drucker-makerbot-formlabs-professionelle-3d-drucker-e1546527990490.png","width":275,"height":80,"caption":"3D-EDU GmbH"}]},"product_brand":"E2","product_price_amount":"42.80","product_price_currency":"CHF","og_availability":"backorder","product_availability":"available for order","product_retailer_item_id":"5.11.07001A01","product_condition":"new","geo.placename":"Z\u00fcrich","geo.position":{"lat":"47.38413","long":"8.49812"},"geo.region":"Suisse"},"_links":{"self":[{"href":"https:\/\/3d-edu.ch\/fr\/wp-json\/wp\/v2\/product\/76805","targetHints":{"allow":["GET"]}}],"collection":[{"href":"https:\/\/3d-edu.ch\/fr\/wp-json\/wp\/v2\/product"}],"about":[{"href":"https:\/\/3d-edu.ch\/fr\/wp-json\/wp\/v2\/types\/product"}],"replies":[{"embeddable":true,"href":"https:\/\/3d-edu.ch\/fr\/wp-json\/wp\/v2\/comments?post=76805"}],"wp:featuredmedia":[{"embeddable":true,"href":"https:\/\/3d-edu.ch\/fr\/wp-json\/wp\/v2\/media\/46022"}],"wp:attachment":[{"href":"https:\/\/3d-edu.ch\/fr\/wp-json\/wp\/v2\/media?parent=76805"}],"wp:term":[{"taxonomy":"product_brand","embeddable":true,"href":"https:\/\/3d-edu.ch\/fr\/wp-json\/wp\/v2\/product_brand?post=76805"},{"taxonomy":"product_cat","embeddable":true,"href":"https:\/\/3d-edu.ch\/fr\/wp-json\/wp\/v2\/product_cat?post=76805"},{"taxonomy":"product_tag","embeddable":true,"href":"https:\/\/3d-edu.ch\/fr\/wp-json\/wp\/v2\/product_tag?post=76805"}],"curies":[{"name":"wp","href":"https:\/\/api.w.org\/{rel}","templated":true}]}}