{"id":76790,"date":"2022-10-12T09:32:39","date_gmt":"2022-10-12T09:32:39","guid":{"rendered":"https:\/\/3d-edu.ch\/shop\/raise-3d-steel-nozzle-ws2-coating-pour-pro3-pro2-et-e2\/"},"modified":"2022-10-12T09:32:39","modified_gmt":"2022-10-12T07:32:39","slug":"raise-3d-steel-nozzle-ws2-coating-pour-pro3-pro2-et-e2","status":"publish","type":"product","link":"https:\/\/3d-edu.ch\/fr\/boutique\/raise-3d-steel-nozzle-ws2-coating-pour-pro3-pro2-et-e2\/","title":{"rendered":"Raise 3D Steel Nozzle WS2 Coating pour Pro3, Pro2 et E2"},"content":{"rendered":"<h2>Raise 3D Steel Nozzle WS2 Coating pour Pro3, Pro2 et E2 0.4\/0.6\/0.8mm<\/h2>\n<h3>Inclus dans la livraison<\/h3>\n<ul>\n<li>1 Raise3D Steel Nozzle WS2 Coating pour Pro3, Pro2 et E2<\/li>\n<\/ul>\n<p>La buse rev\u00eatue de WS2 est con\u00e7ue pour les filaments composites avec des additifs abrasifs et des charges comme la fibre de carbone, la c\u00e9ramique, le m\u00e9tal, etc. Elle convient tr\u00e8s bien aux filaments renforc\u00e9s de fibres avec un flux de fusion et une durabilit\u00e9 optimis\u00e9s. Pour l&rsquo;impression avec du filament non charg\u00e9, nous recommandons une buse en laiton normale.  <\/p>\n","protected":false},"excerpt":{"rendered":"<h2>Raise 3D Steel Nozzle WS2 Coating pour Pro3, Pro2 et E2 0.4\/0.6\/0.8mm<\/h2>\n<p>Disponible dans les tailles 0.4 \/ 0.6 \/ 0.8mm, convient aux filaments de 1.75mm.<\/p>\n","protected":false},"featured_media":45820,"comment_status":"closed","ping_status":"closed","template":"","meta":[],"product_brand":[],"product_cat":[8142,7908,8079,7909],"product_tag":[9014,9015,9017,8080],"class_list":{"0":"post-76790","1":"product","2":"type-product","3":"status-publish","4":"has-post-thumbnail","6":"product_cat-e2","7":"product_cat-pieces-de-rechange-accessoires-fr","8":"product_cat-raise3d","9":"product_cat-serie-pro-3-fr","10":"product_tag-buse-0-4mm","11":"product_tag-buse-0-6mm","12":"product_tag-buse-0-8mm","13":"product_tag-raise3d","15":"first","16":"instock","17":"taxable","18":"shipping-taxable","19":"purchasable","20":"product-type-variable"},"yoast_head":"<!-- This site is optimized with the Yoast SEO Premium plugin v27.4 (Yoast SEO v27.4) - https:\/\/yoast.com\/product\/yoast-seo-premium-wordpress\/ -->\n<title>Raise 3D Steel Nozzle WS2 Coating pour Pro3, Pro2 et E2 %%page% commander en ligne - %%nom du site<\/title>\n<meta name=\"robots\" content=\"index, follow, max-snippet:-1, max-image-preview:large, max-video-preview:-1\" \/>\n<link rel=\"canonical\" href=\"https:\/\/3d-edu.ch\/fr\/boutique\/raise-3d-steel-nozzle-ws2-coating-pour-pro3-pro2-et-e2\/\" \/>\n<meta property=\"og:locale\" content=\"fr_FR\" \/>\n<meta property=\"og:type\" content=\"article\" \/>\n<meta property=\"og:title\" content=\"Raise 3D Steel Nozzle WS2 Coating pour Pro3, Pro2 et E2\" \/>\n<meta property=\"og:description\" content=\"Raise 3D Steel Nozzle WS2 Coating pour Pro3, Pro2 et E2 0.4\/0.6\/0.8mm Disponible dans les tailles 0.4 \/ 0.6 \/ 0.8mm, convient aux filaments de 1.75mm.\" \/>\n<meta property=\"og:url\" content=\"https:\/\/3d-edu.ch\/fr\/boutique\/raise-3d-steel-nozzle-ws2-coating-pour-pro3-pro2-et-e2\/\" \/>\n<meta property=\"og:site_name\" content=\"3D-EDU GmbH\" \/>\n<meta property=\"article:publisher\" content=\"https:\/\/www.facebook.com\/3d-educh-210277586064960\/\" \/>\n<meta property=\"og:image\" content=\"https:\/\/3d-edu.ch\/wp-content\/uploads\/2022\/10\/raise3d-steel-nozzle-with-ws2-coating-08-mm-pro2-pro3-e2-3.webp\" \/>\n\t<meta property=\"og:image:width\" content=\"380\" \/>\n\t<meta property=\"og:image:height\" content=\"380\" \/>\n\t<meta property=\"og:image:type\" content=\"image\/webp\" \/>\n<meta name=\"twitter:card\" content=\"summary_large_image\" \/>\n<meta name=\"twitter:site\" content=\"@3d_edu_ch\" \/>\n<meta name=\"twitter:label1\" content=\"Disponibilit\u00e9\" \/>\n\t<meta name=\"twitter:data1\" content=\"En stock\" \/>\n<script type=\"application\/ld+json\" class=\"yoast-schema-graph\">{\"@context\":\"https:\\\/\\\/schema.org\",\"@graph\":[{\"@type\":\"WebPage\",\"@id\":\"https:\\\/\\\/3d-edu.ch\\\/fr\\\/boutique\\\/raise-3d-steel-nozzle-ws2-coating-pour-pro3-pro2-et-e2\\\/\",\"url\":\"https:\\\/\\\/3d-edu.ch\\\/fr\\\/boutique\\\/raise-3d-steel-nozzle-ws2-coating-pour-pro3-pro2-et-e2\\\/\",\"name\":\"Raise 3D Steel Nozzle WS2 Coating pour Pro3, Pro2 et E2 %%page% commander en ligne - %%nom du site\",\"isPartOf\":{\"@id\":\"https:\\\/\\\/3d-edu.ch\\\/fr\\\/#website\"},\"primaryImageOfPage\":{\"@id\":\"https:\\\/\\\/3d-edu.ch\\\/fr\\\/boutique\\\/raise-3d-steel-nozzle-ws2-coating-pour-pro3-pro2-et-e2\\\/#primaryimage\"},\"image\":{\"@id\":\"https:\\\/\\\/3d-edu.ch\\\/fr\\\/boutique\\\/raise-3d-steel-nozzle-ws2-coating-pour-pro3-pro2-et-e2\\\/#primaryimage\"},\"thumbnailUrl\":\"https:\\\/\\\/3d-edu.ch\\\/wp-content\\\/uploads\\\/2022\\\/10\\\/raise3d-steel-nozzle-with-ws2-coating-08-mm-pro2-pro3-e2-3.webp\",\"datePublished\":\"2022-10-12T09:32:39+00:00\",\"breadcrumb\":{\"@id\":\"https:\\\/\\\/3d-edu.ch\\\/fr\\\/boutique\\\/raise-3d-steel-nozzle-ws2-coating-pour-pro3-pro2-et-e2\\\/#breadcrumb\"},\"inLanguage\":\"fr-FR\",\"potentialAction\":[{\"@type\":\"ReadAction\",\"target\":[\"https:\\\/\\\/3d-edu.ch\\\/fr\\\/boutique\\\/raise-3d-steel-nozzle-ws2-coating-pour-pro3-pro2-et-e2\\\/\"]}]},{\"@type\":\"ImageObject\",\"inLanguage\":\"fr-FR\",\"@id\":\"https:\\\/\\\/3d-edu.ch\\\/fr\\\/boutique\\\/raise-3d-steel-nozzle-ws2-coating-pour-pro3-pro2-et-e2\\\/#primaryimage\",\"url\":\"https:\\\/\\\/3d-edu.ch\\\/wp-content\\\/uploads\\\/2022\\\/10\\\/raise3d-steel-nozzle-with-ws2-coating-08-mm-pro2-pro3-e2-3.webp\",\"contentUrl\":\"https:\\\/\\\/3d-edu.ch\\\/wp-content\\\/uploads\\\/2022\\\/10\\\/raise3d-steel-nozzle-with-ws2-coating-08-mm-pro2-pro3-e2-3.webp\",\"width\":380,\"height\":380,\"caption\":\"Raise3D Steel Nozzle With WS2 Coating 0.4mm Pro2 Pro3 E2 3\"},{\"@type\":\"BreadcrumbList\",\"@id\":\"https:\\\/\\\/3d-edu.ch\\\/fr\\\/boutique\\\/raise-3d-steel-nozzle-ws2-coating-pour-pro3-pro2-et-e2\\\/#breadcrumb\",\"itemListElement\":[{\"@type\":\"ListItem\",\"position\":1,\"name\":\"Accueil\",\"item\":\"https:\\\/\\\/3d-edu.ch\\\/fr\\\/\"},{\"@type\":\"ListItem\",\"position\":2,\"name\":\"Boutique\",\"item\":\"https:\\\/\\\/3d-edu.ch\\\/fr\\\/boutique\\\/\"},{\"@type\":\"ListItem\",\"position\":3,\"name\":\"Raise 3D Steel Nozzle WS2 Coating pour Pro3, Pro2 et E2\"}]},{\"@type\":\"WebSite\",\"@id\":\"https:\\\/\\\/3d-edu.ch\\\/fr\\\/#website\",\"url\":\"https:\\\/\\\/3d-edu.ch\\\/fr\\\/\",\"name\":\"3D-EDU GmbH\",\"description\":\"Your Formlabs, UltiMaker and Raise3D Printer Support and Education Site in Switzerland. \\\/\\\/ Ihre Formlabs, UltiMaker and Raise3D Drucker Support und Bildungs Webseite der Schweiz.\",\"publisher\":{\"@id\":\"https:\\\/\\\/3d-edu.ch\\\/fr\\\/#organization\"},\"potentialAction\":[{\"@type\":\"SearchAction\",\"target\":{\"@type\":\"EntryPoint\",\"urlTemplate\":\"https:\\\/\\\/3d-edu.ch\\\/fr\\\/?s={search_term_string}\"},\"query-input\":{\"@type\":\"PropertyValueSpecification\",\"valueRequired\":true,\"valueName\":\"search_term_string\"}}],\"inLanguage\":\"fr-FR\"},{\"@type\":[\"Organization\",\"Place\",\"ElectronicsStore\"],\"@id\":\"https:\\\/\\\/3d-edu.ch\\\/fr\\\/#organization\",\"name\":\"3D-EDU GmbH\",\"url\":\"https:\\\/\\\/3d-edu.ch\\\/fr\\\/\",\"logo\":{\"@id\":\"https:\\\/\\\/3d-edu.ch\\\/fr\\\/boutique\\\/raise-3d-steel-nozzle-ws2-coating-pour-pro3-pro2-et-e2\\\/#local-main-organization-logo\"},\"image\":{\"@id\":\"https:\\\/\\\/3d-edu.ch\\\/fr\\\/boutique\\\/raise-3d-steel-nozzle-ws2-coating-pour-pro3-pro2-et-e2\\\/#local-main-organization-logo\"},\"sameAs\":[\"https:\\\/\\\/www.facebook.com\\\/3d-educh-210277586064960\\\/\",\"https:\\\/\\\/x.com\\\/3d_edu_ch\"],\"address\":{\"@id\":\"https:\\\/\\\/3d-edu.ch\\\/fr\\\/boutique\\\/raise-3d-steel-nozzle-ws2-coating-pour-pro3-pro2-et-e2\\\/#local-main-place-address\"},\"geo\":{\"@type\":\"GeoCoordinates\",\"latitude\":\"47.38413\",\"longitude\":\"8.49812\"},\"telephone\":[\"+41 44 492 11 22\"],\"openingHoursSpecification\":[{\"@type\":\"OpeningHoursSpecification\",\"dayOfWeek\":[\"Monday\",\"Tuesday\",\"Wednesday\",\"Thursday\",\"Friday\"],\"opens\":\"08:30\",\"closes\":\"18:00\"},{\"@type\":\"OpeningHoursSpecification\",\"dayOfWeek\":[\"Saturday\",\"Sunday\"],\"opens\":\"00:00\",\"closes\":\"00:00\"}],\"email\":\"info@3d-edu.ch\",\"faxNumber\":\"+41 44 492 11 23\",\"vatID\":\"CHE-184.499.491 MWST\",\"priceRange\":\"$$$\",\"currenciesAccepted\":\"CHF\"},{\"@type\":\"PostalAddress\",\"@id\":\"https:\\\/\\\/3d-edu.ch\\\/fr\\\/boutique\\\/raise-3d-steel-nozzle-ws2-coating-pour-pro3-pro2-et-e2\\\/#local-main-place-address\",\"streetAddress\":\"3D-EDU GmbH, Badenerstrasse 556\",\"addressLocality\":\"Z\u00fcrich\",\"postalCode\":\"8048\",\"addressRegion\":\"Z\u00fcrich\",\"addressCountry\":\"CH\"},{\"@type\":\"ImageObject\",\"inLanguage\":\"fr-FR\",\"@id\":\"https:\\\/\\\/3d-edu.ch\\\/fr\\\/boutique\\\/raise-3d-steel-nozzle-ws2-coating-pour-pro3-pro2-et-e2\\\/#local-main-organization-logo\",\"url\":\"https:\\\/\\\/3d-edu.ch\\\/wp-content\\\/uploads\\\/2018\\\/10\\\/3d-drucker-makerbot-formlabs-professionelle-3d-drucker-e1546527990490.png\",\"contentUrl\":\"https:\\\/\\\/3d-edu.ch\\\/wp-content\\\/uploads\\\/2018\\\/10\\\/3d-drucker-makerbot-formlabs-professionelle-3d-drucker-e1546527990490.png\",\"width\":275,\"height\":80,\"caption\":\"3D-EDU GmbH\"}]}<\/script>\n<meta property=\"product:brand\" content=\"Pi\u00e8ces de rechange &amp; accessoires\" \/>\n<meta property=\"og:availability\" content=\"instock\" \/>\n<meta property=\"product:availability\" content=\"instock\" \/>\n<meta property=\"product:condition\" content=\"new\" \/>\n<meta name=\"geo.placename\" content=\"Z\u00fcrich\" \/>\n<meta name=\"geo.position\" content=\"47.38413;8.49812\" \/>\n<meta name=\"geo.region\" content=\"Suisse\" \/>\n<!-- \/ Yoast SEO Premium plugin. -->","yoast_head_json":{"title":"Raise 3D Steel Nozzle WS2 Coating pour Pro3, Pro2 et E2 %%page% commander en ligne - %%nom du site","robots":{"index":"index","follow":"follow","max-snippet":"max-snippet:-1","max-image-preview":"max-image-preview:large","max-video-preview":"max-video-preview:-1"},"canonical":"https:\/\/3d-edu.ch\/fr\/boutique\/raise-3d-steel-nozzle-ws2-coating-pour-pro3-pro2-et-e2\/","og_locale":"fr_FR","og_type":"article","og_title":"Raise 3D Steel Nozzle WS2 Coating pour Pro3, Pro2 et E2","og_description":"Raise 3D Steel Nozzle WS2 Coating pour Pro3, Pro2 et E2 0.4\/0.6\/0.8mm Disponible dans les tailles 0.4 \/ 0.6 \/ 0.8mm, convient aux filaments de 1.75mm.","og_url":"https:\/\/3d-edu.ch\/fr\/boutique\/raise-3d-steel-nozzle-ws2-coating-pour-pro3-pro2-et-e2\/","og_site_name":"3D-EDU GmbH","article_publisher":"https:\/\/www.facebook.com\/3d-educh-210277586064960\/","og_image":[{"width":380,"height":380,"url":"https:\/\/3d-edu.ch\/wp-content\/uploads\/2022\/10\/raise3d-steel-nozzle-with-ws2-coating-08-mm-pro2-pro3-e2-3.webp","type":"image\/webp"}],"twitter_card":"summary_large_image","twitter_site":"@3d_edu_ch","twitter_misc":{"Disponibilit\u00e9":"En stock"},"schema":{"@context":"https:\/\/schema.org","@graph":[{"@type":"WebPage","@id":"https:\/\/3d-edu.ch\/fr\/boutique\/raise-3d-steel-nozzle-ws2-coating-pour-pro3-pro2-et-e2\/","url":"https:\/\/3d-edu.ch\/fr\/boutique\/raise-3d-steel-nozzle-ws2-coating-pour-pro3-pro2-et-e2\/","name":"Raise 3D Steel Nozzle WS2 Coating pour Pro3, Pro2 et E2 %%page% commander en ligne - %%nom du site","isPartOf":{"@id":"https:\/\/3d-edu.ch\/fr\/#website"},"primaryImageOfPage":{"@id":"https:\/\/3d-edu.ch\/fr\/boutique\/raise-3d-steel-nozzle-ws2-coating-pour-pro3-pro2-et-e2\/#primaryimage"},"image":{"@id":"https:\/\/3d-edu.ch\/fr\/boutique\/raise-3d-steel-nozzle-ws2-coating-pour-pro3-pro2-et-e2\/#primaryimage"},"thumbnailUrl":"https:\/\/3d-edu.ch\/wp-content\/uploads\/2022\/10\/raise3d-steel-nozzle-with-ws2-coating-08-mm-pro2-pro3-e2-3.webp","datePublished":"2022-10-12T09:32:39+00:00","breadcrumb":{"@id":"https:\/\/3d-edu.ch\/fr\/boutique\/raise-3d-steel-nozzle-ws2-coating-pour-pro3-pro2-et-e2\/#breadcrumb"},"inLanguage":"fr-FR","potentialAction":[{"@type":"ReadAction","target":["https:\/\/3d-edu.ch\/fr\/boutique\/raise-3d-steel-nozzle-ws2-coating-pour-pro3-pro2-et-e2\/"]}]},{"@type":"ImageObject","inLanguage":"fr-FR","@id":"https:\/\/3d-edu.ch\/fr\/boutique\/raise-3d-steel-nozzle-ws2-coating-pour-pro3-pro2-et-e2\/#primaryimage","url":"https:\/\/3d-edu.ch\/wp-content\/uploads\/2022\/10\/raise3d-steel-nozzle-with-ws2-coating-08-mm-pro2-pro3-e2-3.webp","contentUrl":"https:\/\/3d-edu.ch\/wp-content\/uploads\/2022\/10\/raise3d-steel-nozzle-with-ws2-coating-08-mm-pro2-pro3-e2-3.webp","width":380,"height":380,"caption":"Raise3D Steel Nozzle With WS2 Coating 0.4mm Pro2 Pro3 E2 3"},{"@type":"BreadcrumbList","@id":"https:\/\/3d-edu.ch\/fr\/boutique\/raise-3d-steel-nozzle-ws2-coating-pour-pro3-pro2-et-e2\/#breadcrumb","itemListElement":[{"@type":"ListItem","position":1,"name":"Accueil","item":"https:\/\/3d-edu.ch\/fr\/"},{"@type":"ListItem","position":2,"name":"Boutique","item":"https:\/\/3d-edu.ch\/fr\/boutique\/"},{"@type":"ListItem","position":3,"name":"Raise 3D Steel Nozzle WS2 Coating pour Pro3, Pro2 et E2"}]},{"@type":"WebSite","@id":"https:\/\/3d-edu.ch\/fr\/#website","url":"https:\/\/3d-edu.ch\/fr\/","name":"3D-EDU GmbH","description":"Your Formlabs, UltiMaker and Raise3D Printer Support and Education Site in Switzerland. \/\/ Ihre Formlabs, UltiMaker and Raise3D Drucker Support und Bildungs Webseite der Schweiz.","publisher":{"@id":"https:\/\/3d-edu.ch\/fr\/#organization"},"potentialAction":[{"@type":"SearchAction","target":{"@type":"EntryPoint","urlTemplate":"https:\/\/3d-edu.ch\/fr\/?s={search_term_string}"},"query-input":{"@type":"PropertyValueSpecification","valueRequired":true,"valueName":"search_term_string"}}],"inLanguage":"fr-FR"},{"@type":["Organization","Place","ElectronicsStore"],"@id":"https:\/\/3d-edu.ch\/fr\/#organization","name":"3D-EDU GmbH","url":"https:\/\/3d-edu.ch\/fr\/","logo":{"@id":"https:\/\/3d-edu.ch\/fr\/boutique\/raise-3d-steel-nozzle-ws2-coating-pour-pro3-pro2-et-e2\/#local-main-organization-logo"},"image":{"@id":"https:\/\/3d-edu.ch\/fr\/boutique\/raise-3d-steel-nozzle-ws2-coating-pour-pro3-pro2-et-e2\/#local-main-organization-logo"},"sameAs":["https:\/\/www.facebook.com\/3d-educh-210277586064960\/","https:\/\/x.com\/3d_edu_ch"],"address":{"@id":"https:\/\/3d-edu.ch\/fr\/boutique\/raise-3d-steel-nozzle-ws2-coating-pour-pro3-pro2-et-e2\/#local-main-place-address"},"geo":{"@type":"GeoCoordinates","latitude":"47.38413","longitude":"8.49812"},"telephone":["+41 44 492 11 22"],"openingHoursSpecification":[{"@type":"OpeningHoursSpecification","dayOfWeek":["Monday","Tuesday","Wednesday","Thursday","Friday"],"opens":"08:30","closes":"18:00"},{"@type":"OpeningHoursSpecification","dayOfWeek":["Saturday","Sunday"],"opens":"00:00","closes":"00:00"}],"email":"info@3d-edu.ch","faxNumber":"+41 44 492 11 23","vatID":"CHE-184.499.491 MWST","priceRange":"$$$","currenciesAccepted":"CHF"},{"@type":"PostalAddress","@id":"https:\/\/3d-edu.ch\/fr\/boutique\/raise-3d-steel-nozzle-ws2-coating-pour-pro3-pro2-et-e2\/#local-main-place-address","streetAddress":"3D-EDU GmbH, Badenerstrasse 556","addressLocality":"Z\u00fcrich","postalCode":"8048","addressRegion":"Z\u00fcrich","addressCountry":"CH"},{"@type":"ImageObject","inLanguage":"fr-FR","@id":"https:\/\/3d-edu.ch\/fr\/boutique\/raise-3d-steel-nozzle-ws2-coating-pour-pro3-pro2-et-e2\/#local-main-organization-logo","url":"https:\/\/3d-edu.ch\/wp-content\/uploads\/2018\/10\/3d-drucker-makerbot-formlabs-professionelle-3d-drucker-e1546527990490.png","contentUrl":"https:\/\/3d-edu.ch\/wp-content\/uploads\/2018\/10\/3d-drucker-makerbot-formlabs-professionelle-3d-drucker-e1546527990490.png","width":275,"height":80,"caption":"3D-EDU GmbH"}]},"product_brand":"Pi\u00e8ces de rechange &amp; accessoires","og_availability":"instock","product_availability":"instock","product_condition":"new","geo.placename":"Z\u00fcrich","geo.position":{"lat":"47.38413","long":"8.49812"},"geo.region":"Suisse"},"_links":{"self":[{"href":"https:\/\/3d-edu.ch\/fr\/wp-json\/wp\/v2\/product\/76790","targetHints":{"allow":["GET"]}}],"collection":[{"href":"https:\/\/3d-edu.ch\/fr\/wp-json\/wp\/v2\/product"}],"about":[{"href":"https:\/\/3d-edu.ch\/fr\/wp-json\/wp\/v2\/types\/product"}],"replies":[{"embeddable":true,"href":"https:\/\/3d-edu.ch\/fr\/wp-json\/wp\/v2\/comments?post=76790"}],"wp:featuredmedia":[{"embeddable":true,"href":"https:\/\/3d-edu.ch\/fr\/wp-json\/wp\/v2\/media\/45820"}],"wp:attachment":[{"href":"https:\/\/3d-edu.ch\/fr\/wp-json\/wp\/v2\/media?parent=76790"}],"wp:term":[{"taxonomy":"product_brand","embeddable":true,"href":"https:\/\/3d-edu.ch\/fr\/wp-json\/wp\/v2\/product_brand?post=76790"},{"taxonomy":"product_cat","embeddable":true,"href":"https:\/\/3d-edu.ch\/fr\/wp-json\/wp\/v2\/product_cat?post=76790"},{"taxonomy":"product_tag","embeddable":true,"href":"https:\/\/3d-edu.ch\/fr\/wp-json\/wp\/v2\/product_tag?post=76790"}],"curies":[{"name":"wp","href":"https:\/\/api.w.org\/{rel}","templated":true}]}}